{"id":83213,"date":"2019-10-02T06:48:31","date_gmt":"2019-10-02T10:48:31","guid":{"rendered":"https:\/\/unstamps.org\/?post_type=product&#038;p=83213"},"modified":"2026-01-09T10:54:18","modified_gmt":"2026-01-09T15:54:18","slug":"mahatma-gandhi-ny-francobollo-ordinario-us-275","status":"publish","type":"product","link":"https:\/\/unstamps.org\/it\/prodotto\/mahatma-gandhi-ny-francobollo-ordinario-us-275\/","title":{"rendered":"Mahatma Gandhi NY Francobollo Ordinario US$ 2,75"},"content":{"rendered":"<p>Nel 2019 ricorre il 150\u00b0 anniversario della nascita del Mahatma Gandhi (1869 &#8211; 1948).<\/p>\n<p>Il nome del Mahatma Gandhi trascende i confini tra razze, religioni e stati nazionali, e la sua voce risuona profetica del ventunesimo secolo. Quella di Gandhi era una<br \/>\npersonalit\u00e0 molto sfaccettata. \u00c8 stato infatti un nazionalista e un internazionalista, un<br \/>\ntradizionalista e un riformista, un leader politico e una guida spirituale, uno scrittore e<br \/>\nun pensatore, e infine un pacifista e un attivista per le riforme e il cambiamento<br \/>\nsociale. Il mondo ricorda il Mahatma non solo per la sua appassionata adesione alla<br \/>\npratica della non violenza e per il suo umanesimo spinto all&#8217;estremo, ma anche come<br \/>\nil termine di paragone rispetto al quale valutiamo uomini e donne nella vita pubblica,<br \/>\nidee politiche e azioni di governo, e infine le speranze e i desideri per il nostro pianeta comune.<\/p>\n<p>Il pensiero di Gandhi, i suoi metodi di lotta e il suo ideale &#8211; che consisteva nel<br \/>\nraggiungere la libert\u00e0 umana attraverso la conciliazione, facendo appello alla<br \/>\ncoscienza degli oppositori &#8211; hanno avuto un influsso su alcuni dei maggiori leader<br \/>\ndella nostra epoca. Gandhi una volta disse che &#8220;il giorno in cui il potere dell&#8217;amore<br \/>\nsuperer\u00e0 l&#8217;amore per il potere, il mondo potr\u00e0 scoprire la pace&#8221;. Mentre la generazione di oggi \u00e8 alla ricerca del senso della vita in mezzo a una miriade di problema complessi, la vita e la filosofia del Mahatma Gandhi offrono un&#8217;indicazione forte su quale sia la via da seguire.<\/p>\n<p><strong>Data di emissione:<\/strong> 2 ottobre 2019<br \/>\n<strong>Artista:<\/strong> Martin M\u00f6rck (Norvegia)<br \/>\n<strong>Dissenatore:<\/strong>Rorie Katz (Nazioni Unite)<br \/>\n<strong>Valori:<\/strong> US$ 2,75<br \/>\n<strong>Formato dei Francobolli:<\/strong> 50mm x 35mm<br \/>\n<strong>Francobolli per fogli:<\/strong> 20<br \/>\n<strong>Stampa:<\/strong> Joh Ensched\u00e9 Stamps BV (Paesi-Bassi)<br \/>\n<strong>Riproduzione:<\/strong> Litografia offset pi\u00f9 Duotone<br \/>\n<strong>Dentellatura:<\/strong> 14 x 14 \u00bc<br \/>\n<strong>Quantit\u00e0 dei francobolli:<\/strong> 10.500 fogli (210.000 francobolli)<\/p>\n","protected":false},"excerpt":{"rendered":"<p>Nel 2019 ricorre il 150\u00b0 anniversario della nascita del Mahatma Gandhi (1869 &#8211; 1948). Il nome del Mahatma Gandhi trascende i confini tra razze, religioni e stati nazionali, e la sua voce risuona profetica del ventunesimo secolo. Quella di Gandhi era una personalit\u00e0 molto sfaccettata. \u00c8 stato infatti un nazionalista e un internazionalista, un tradizionalista [&hellip;]<\/p>\n","protected":false},"featured_media":83672,"comment_status":"closed","ping_status":"closed","template":"","meta":{"ngg_post_thumbnail":0},"product_brand":[],"product_cat":[1121,155,324],"product_tag":[],"class_list":{"0":"post-83213","1":"product","2":"type-product","3":"status-publish","4":"has-post-thumbnail","6":"product_cat-2019-year-it","7":"product_cat-francobolli-ordinari","8":"product_cat-new-york-issuing-office-it","9":"pa_condition-cancelled-it","10":"pa_condition-mint-it","12":"first","13":"instock","14":"shipping-taxable","15":"purchasable","16":"product-type-variable"},"yoast_head":"<!-- This site is optimized with the Yoast SEO plugin v27.5 - https:\/\/yoast.com\/product\/yoast-seo-wordpress\/ -->\n<title>Mahatma Gandhi NY Francobollo Ordinario US$ 2,75 - UN Francobolli<\/title>\n<meta name=\"robots\" content=\"index, follow, max-snippet:-1, max-image-preview:large, max-video-preview:-1\" \/>\n<link rel=\"canonical\" href=\"https:\/\/unstamps.org\/it\/prodotto\/mahatma-gandhi-ny-francobollo-ordinario-us-275\/\" \/>\n<meta property=\"og:locale\" content=\"it_IT\" \/>\n<meta property=\"og:type\" content=\"article\" \/>\n<meta property=\"og:title\" content=\"Mahatma Gandhi NY Francobollo Ordinario US$ 2,75 - UN Francobolli\" \/>\n<meta property=\"og:description\" content=\"Nel 2019 ricorre il 150\u00b0 anniversario della nascita del Mahatma Gandhi (1869 &#8211; 1948). Il nome del Mahatma Gandhi trascende i confini tra razze, religioni e stati nazionali, e la sua voce risuona profetica del ventunesimo secolo. Quella di Gandhi era una personalit\u00e0 molto sfaccettata. \u00c8 stato infatti un nazionalista e un internazionalista, un tradizionalista [&hellip;]\" \/>\n<meta property=\"og:url\" content=\"https:\/\/unstamps.org\/it\/prodotto\/mahatma-gandhi-ny-francobollo-ordinario-us-275\/\" \/>\n<meta property=\"og:site_name\" content=\"UN Francobolli\" \/>\n<meta property=\"article:modified_time\" content=\"2026-01-09T15:54:18+00:00\" \/>\n<meta property=\"og:image\" content=\"https:\/\/unstamps.org\/wp-content\/uploads\/2019\/10\/M.Gandhi19_NY-2.75-stamp.jpg\" \/>\n\t<meta property=\"og:image:width\" content=\"1024\" \/>\n\t<meta property=\"og:image:height\" content=\"1024\" \/>\n\t<meta property=\"og:image:type\" content=\"image\/jpeg\" \/>\n<meta name=\"twitter:card\" content=\"summary_large_image\" \/>\n<meta name=\"twitter:label1\" content=\"Tempo di lettura stimato\" \/>\n\t<meta name=\"twitter:data1\" content=\"1 minute\" \/>\n<script type=\"application\/ld+json\" class=\"yoast-schema-graph\">{\"@context\":\"https:\\\/\\\/schema.org\",\"@graph\":[{\"@type\":\"WebPage\",\"@id\":\"https:\\\/\\\/unstamps.org\\\/it\\\/prodotto\\\/mahatma-gandhi-ny-francobollo-ordinario-us-275\\\/\",\"url\":\"https:\\\/\\\/unstamps.org\\\/it\\\/prodotto\\\/mahatma-gandhi-ny-francobollo-ordinario-us-275\\\/\",\"name\":\"Mahatma Gandhi NY Francobollo Ordinario US$ 2,75 - UN Francobolli\",\"isPartOf\":{\"@id\":\"https:\\\/\\\/unstamps.org\\\/it\\\/#website\"},\"primaryImageOfPage\":{\"@id\":\"https:\\\/\\\/unstamps.org\\\/it\\\/prodotto\\\/mahatma-gandhi-ny-francobollo-ordinario-us-275\\\/#primaryimage\"},\"image\":{\"@id\":\"https:\\\/\\\/unstamps.org\\\/it\\\/prodotto\\\/mahatma-gandhi-ny-francobollo-ordinario-us-275\\\/#primaryimage\"},\"thumbnailUrl\":\"https:\\\/\\\/unstamps.org\\\/wp-content\\\/uploads\\\/2019\\\/10\\\/M.Gandhi19_NY-2.75-stamp.jpg\",\"datePublished\":\"2019-10-02T10:48:31+00:00\",\"dateModified\":\"2026-01-09T15:54:18+00:00\",\"breadcrumb\":{\"@id\":\"https:\\\/\\\/unstamps.org\\\/it\\\/prodotto\\\/mahatma-gandhi-ny-francobollo-ordinario-us-275\\\/#breadcrumb\"},\"inLanguage\":\"it-IT\",\"potentialAction\":[{\"@type\":\"ReadAction\",\"target\":[\"https:\\\/\\\/unstamps.org\\\/it\\\/prodotto\\\/mahatma-gandhi-ny-francobollo-ordinario-us-275\\\/\"]}]},{\"@type\":\"ImageObject\",\"inLanguage\":\"it-IT\",\"@id\":\"https:\\\/\\\/unstamps.org\\\/it\\\/prodotto\\\/mahatma-gandhi-ny-francobollo-ordinario-us-275\\\/#primaryimage\",\"url\":\"https:\\\/\\\/unstamps.org\\\/wp-content\\\/uploads\\\/2019\\\/10\\\/M.Gandhi19_NY-2.75-stamp.jpg\",\"contentUrl\":\"https:\\\/\\\/unstamps.org\\\/wp-content\\\/uploads\\\/2019\\\/10\\\/M.Gandhi19_NY-2.75-stamp.jpg\",\"width\":1024,\"height\":1024},{\"@type\":\"BreadcrumbList\",\"@id\":\"https:\\\/\\\/unstamps.org\\\/it\\\/prodotto\\\/mahatma-gandhi-ny-francobollo-ordinario-us-275\\\/#breadcrumb\",\"itemListElement\":[{\"@type\":\"ListItem\",\"position\":1,\"name\":\"Home\",\"item\":\"https:\\\/\\\/unstamps.org\\\/it\\\/\"},{\"@type\":\"ListItem\",\"position\":2,\"name\":\"Prodotti\",\"item\":\"https:\\\/\\\/unstamps.org\\\/it\\\/prodotti\\\/\"},{\"@type\":\"ListItem\",\"position\":3,\"name\":\"Mahatma Gandhi NY Francobollo Ordinario US$ 2,75\"}]},{\"@type\":\"WebSite\",\"@id\":\"https:\\\/\\\/unstamps.org\\\/it\\\/#website\",\"url\":\"https:\\\/\\\/unstamps.org\\\/it\\\/\",\"name\":\"UN Stamps\",\"description\":\"United Nations Stamps\",\"publisher\":{\"@id\":\"https:\\\/\\\/unstamps.org\\\/it\\\/#organization\"},\"potentialAction\":[{\"@type\":\"SearchAction\",\"target\":{\"@type\":\"EntryPoint\",\"urlTemplate\":\"https:\\\/\\\/unstamps.org\\\/it\\\/?s={search_term_string}\"},\"query-input\":{\"@type\":\"PropertyValueSpecification\",\"valueRequired\":true,\"valueName\":\"search_term_string\"}}],\"inLanguage\":\"it-IT\"},{\"@type\":\"Organization\",\"@id\":\"https:\\\/\\\/unstamps.org\\\/it\\\/#organization\",\"name\":\"UN Stamps\",\"url\":\"https:\\\/\\\/unstamps.org\\\/it\\\/\",\"logo\":{\"@type\":\"ImageObject\",\"inLanguage\":\"it-IT\",\"@id\":\"https:\\\/\\\/unstamps.org\\\/it\\\/#\\\/schema\\\/logo\\\/image\\\/\",\"url\":\"https:\\\/\\\/unstamps.org\\\/wp-content\\\/uploads\\\/2014\\\/01\\\/logo4web.jpg\",\"contentUrl\":\"https:\\\/\\\/unstamps.org\\\/wp-content\\\/uploads\\\/2014\\\/01\\\/logo4web.jpg\",\"width\":2500,\"height\":250,\"caption\":\"UN Stamps\"},\"image\":{\"@id\":\"https:\\\/\\\/unstamps.org\\\/it\\\/#\\\/schema\\\/logo\\\/image\\\/\"}}]}<\/script>\n<!-- \/ Yoast SEO plugin. -->","yoast_head_json":{"title":"Mahatma Gandhi NY Francobollo Ordinario US$ 2,75 - UN Francobolli","robots":{"index":"index","follow":"follow","max-snippet":"max-snippet:-1","max-image-preview":"max-image-preview:large","max-video-preview":"max-video-preview:-1"},"canonical":"https:\/\/unstamps.org\/it\/prodotto\/mahatma-gandhi-ny-francobollo-ordinario-us-275\/","og_locale":"it_IT","og_type":"article","og_title":"Mahatma Gandhi NY Francobollo Ordinario US$ 2,75 - UN Francobolli","og_description":"Nel 2019 ricorre il 150\u00b0 anniversario della nascita del Mahatma Gandhi (1869 &#8211; 1948). Il nome del Mahatma Gandhi trascende i confini tra razze, religioni e stati nazionali, e la sua voce risuona profetica del ventunesimo secolo. Quella di Gandhi era una personalit\u00e0 molto sfaccettata. \u00c8 stato infatti un nazionalista e un internazionalista, un tradizionalista [&hellip;]","og_url":"https:\/\/unstamps.org\/it\/prodotto\/mahatma-gandhi-ny-francobollo-ordinario-us-275\/","og_site_name":"UN Francobolli","article_modified_time":"2026-01-09T15:54:18+00:00","og_image":[{"width":1024,"height":1024,"url":"https:\/\/unstamps.org\/wp-content\/uploads\/2019\/10\/M.Gandhi19_NY-2.75-stamp.jpg","type":"image\/jpeg"}],"twitter_card":"summary_large_image","twitter_misc":{"Tempo di lettura stimato":"1 minute"},"schema":{"@context":"https:\/\/schema.org","@graph":[{"@type":"WebPage","@id":"https:\/\/unstamps.org\/it\/prodotto\/mahatma-gandhi-ny-francobollo-ordinario-us-275\/","url":"https:\/\/unstamps.org\/it\/prodotto\/mahatma-gandhi-ny-francobollo-ordinario-us-275\/","name":"Mahatma Gandhi NY Francobollo Ordinario US$ 2,75 - UN Francobolli","isPartOf":{"@id":"https:\/\/unstamps.org\/it\/#website"},"primaryImageOfPage":{"@id":"https:\/\/unstamps.org\/it\/prodotto\/mahatma-gandhi-ny-francobollo-ordinario-us-275\/#primaryimage"},"image":{"@id":"https:\/\/unstamps.org\/it\/prodotto\/mahatma-gandhi-ny-francobollo-ordinario-us-275\/#primaryimage"},"thumbnailUrl":"https:\/\/unstamps.org\/wp-content\/uploads\/2019\/10\/M.Gandhi19_NY-2.75-stamp.jpg","datePublished":"2019-10-02T10:48:31+00:00","dateModified":"2026-01-09T15:54:18+00:00","breadcrumb":{"@id":"https:\/\/unstamps.org\/it\/prodotto\/mahatma-gandhi-ny-francobollo-ordinario-us-275\/#breadcrumb"},"inLanguage":"it-IT","potentialAction":[{"@type":"ReadAction","target":["https:\/\/unstamps.org\/it\/prodotto\/mahatma-gandhi-ny-francobollo-ordinario-us-275\/"]}]},{"@type":"ImageObject","inLanguage":"it-IT","@id":"https:\/\/unstamps.org\/it\/prodotto\/mahatma-gandhi-ny-francobollo-ordinario-us-275\/#primaryimage","url":"https:\/\/unstamps.org\/wp-content\/uploads\/2019\/10\/M.Gandhi19_NY-2.75-stamp.jpg","contentUrl":"https:\/\/unstamps.org\/wp-content\/uploads\/2019\/10\/M.Gandhi19_NY-2.75-stamp.jpg","width":1024,"height":1024},{"@type":"BreadcrumbList","@id":"https:\/\/unstamps.org\/it\/prodotto\/mahatma-gandhi-ny-francobollo-ordinario-us-275\/#breadcrumb","itemListElement":[{"@type":"ListItem","position":1,"name":"Home","item":"https:\/\/unstamps.org\/it\/"},{"@type":"ListItem","position":2,"name":"Prodotti","item":"https:\/\/unstamps.org\/it\/prodotti\/"},{"@type":"ListItem","position":3,"name":"Mahatma Gandhi NY Francobollo Ordinario US$ 2,75"}]},{"@type":"WebSite","@id":"https:\/\/unstamps.org\/it\/#website","url":"https:\/\/unstamps.org\/it\/","name":"UN Stamps","description":"United Nations Stamps","publisher":{"@id":"https:\/\/unstamps.org\/it\/#organization"},"potentialAction":[{"@type":"SearchAction","target":{"@type":"EntryPoint","urlTemplate":"https:\/\/unstamps.org\/it\/?s={search_term_string}"},"query-input":{"@type":"PropertyValueSpecification","valueRequired":true,"valueName":"search_term_string"}}],"inLanguage":"it-IT"},{"@type":"Organization","@id":"https:\/\/unstamps.org\/it\/#organization","name":"UN Stamps","url":"https:\/\/unstamps.org\/it\/","logo":{"@type":"ImageObject","inLanguage":"it-IT","@id":"https:\/\/unstamps.org\/it\/#\/schema\/logo\/image\/","url":"https:\/\/unstamps.org\/wp-content\/uploads\/2014\/01\/logo4web.jpg","contentUrl":"https:\/\/unstamps.org\/wp-content\/uploads\/2014\/01\/logo4web.jpg","width":2500,"height":250,"caption":"UN Stamps"},"image":{"@id":"https:\/\/unstamps.org\/it\/#\/schema\/logo\/image\/"}}]}},"jetpack_sharing_enabled":true,"publishpress_future_action":{"enabled":false,"date":"2026-05-10 11:17:14","action":"change-status","newStatus":"private","terms":[],"taxonomy":"product_cat","extraData":[]},"publishpress_future_workflow_manual_trigger":{"enabledWorkflows":[]},"_links":{"self":[{"href":"https:\/\/unstamps.org\/it\/wp-json\/wp\/v2\/product\/83213","targetHints":{"allow":["GET"]}}],"collection":[{"href":"https:\/\/unstamps.org\/it\/wp-json\/wp\/v2\/product"}],"about":[{"href":"https:\/\/unstamps.org\/it\/wp-json\/wp\/v2\/types\/product"}],"replies":[{"embeddable":true,"href":"https:\/\/unstamps.org\/it\/wp-json\/wp\/v2\/comments?post=83213"}],"wp:featuredmedia":[{"embeddable":true,"href":"https:\/\/unstamps.org\/it\/wp-json\/wp\/v2\/media\/83672"}],"wp:attachment":[{"href":"https:\/\/unstamps.org\/it\/wp-json\/wp\/v2\/media?parent=83213"}],"wp:term":[{"taxonomy":"product_brand","embeddable":true,"href":"https:\/\/unstamps.org\/it\/wp-json\/wp\/v2\/product_brand?post=83213"},{"taxonomy":"product_cat","embeddable":true,"href":"https:\/\/unstamps.org\/it\/wp-json\/wp\/v2\/product_cat?post=83213"},{"taxonomy":"product_tag","embeddable":true,"href":"https:\/\/unstamps.org\/it\/wp-json\/wp\/v2\/product_tag?post=83213"}],"curies":[{"name":"wp","href":"https:\/\/api.w.org\/{rel}","templated":true}]}}