{"id":65486,"date":"2019-03-11T11:33:28","date_gmt":"2019-03-11T15:33:28","guid":{"rendered":"https:\/\/unstamps.org\/?post_type=product&#038;p=65486"},"modified":"2026-01-09T10:26:22","modified_gmt":"2026-01-09T15:26:22","slug":"ny-francobollo-ordinario-2019-us-085-foglio-intero","status":"publish","type":"product","link":"https:\/\/unstamps.org\/it\/prodotto\/ny-francobollo-ordinario-2019-us-085-foglio-intero\/","title":{"rendered":"NY Francobollo ordinario 2019 \u2013 US$ 0,85 Foglio intero"},"content":{"rendered":"<p><strong>Stop allo sfruttamento e agli abusi sessuali<\/strong><\/p>\n<p>L&#8217;obiettivo di questo francobollo \u00e8 sia quello di accrescere a livello globale la consapevolezza riguardo al problema dello sfruttamento e degli abusi sessuali, dai quali nessuna istituzione \u00e8 immune, sia quello di combattere lo stigma e la discriminazione che le vittime si trovano ad affrontare. Le Nazioni Unite riconoscono di avere una responsabilit\u00e0 unica nell&#8217;introduzione di regole globali, dalla prevenzione alla risposta, in materia di contrasto allo sfruttamento e agli abusi sessuali.<\/p>\n<p>Il Segretario Generale dell&#8217;ONU Ant\u00f3nio Guterres si \u00e8 assunto l&#8217;impegno di fare tutto ci\u00f2 che \u00e8 in suo potere, in collaborazione con gli Stati membri e la societ\u00e0 civile, per debellare questi crimini. Partendo dalla politica di tolleranza zero gi\u00e0 esistente, le Nazioni Unite hanno elaborato una strategia mirata a suscitare un cambiamento culturale e operativo, per migliorare drasticamente il modo in cui le Nazioni Unite prevengono e affrontano lo sfruttamento e gli abusi sessuali. Come elemento principale di questa strategia, il Segretario Generale ha assegnato la massima priorit\u00e0 ai diritti e alla dignit\u00e0 delle vittime. La prevenzione e l&#8217;obbligo di responsabilit\u00e0 incondizionata sono al cuore dell&#8217;attuazione della politica di tolleranza zero, cos\u00ec come altre misure volte ad accrescere la consapevolezza pubblica, all&#8217;addestramento e all&#8217;esecuzione di valutazioni dei rischi.<\/p>\n<p>Per maggiori informazioni su questo argomento, consultate il sito <a href=\"http:\/\/www.un.org\/preventing-sexual-exploitation-and-abuse\" target=\"_blank\" rel=\"noopener noreferrer\">www.un.org\/preventing-sexual-exploitation-and-abuse<\/a>.<\/p>\n<p><strong>Data di emissione:<\/strong> 15 marzo 2019<br \/>\n<strong>Disegno:<\/strong> Chris Gash (Stati Uniti)<br \/>\n<strong>Valori:<\/strong> US$ 0,85<br \/>\n<strong>Formato dei Francobolli:<\/strong> 40mm x 30mm<br \/>\n<strong>Francobolli per fogli:<\/strong> 20<br \/>\n<strong>Stampa:<\/strong> Lowe-Martin Group (Canada)<br \/>\n<strong>Riproduzione:<\/strong> Litografia offset pi\u00f9 hexachromia<br \/>\n<strong>Dentellatura:<\/strong> 13.3<br \/>\n<strong>Quantit\u00e0 dei francobolli:<\/strong> 7.000 fogli (140.000 francobolli)<\/p>\n","protected":false},"excerpt":{"rendered":"<p>Stop allo sfruttamento e agli abusi sessuali L&#8217;obiettivo di questo francobollo \u00e8 sia quello di accrescere a livello globale la consapevolezza riguardo al problema dello sfruttamento e degli abusi sessuali, dai quali nessuna istituzione \u00e8 immune, sia quello di combattere lo stigma e la discriminazione che le vittime si trovano ad affrontare. Le Nazioni Unite [&hellip;]<\/p>\n","protected":false},"featured_media":65595,"comment_status":"closed","ping_status":"closed","template":"","meta":{"ngg_post_thumbnail":0},"product_brand":[],"product_cat":[1121,224,324],"product_tag":[],"class_list":{"0":"post-65486","1":"product","2":"type-product","3":"status-publish","4":"has-post-thumbnail","6":"product_cat-2019-year-it","7":"product_cat-foglio-intero","8":"product_cat-new-york-issuing-office-it","9":"pa_condition-cancelled-it","10":"pa_condition-mint-it","12":"first","13":"instock","14":"shipping-taxable","15":"purchasable","16":"product-type-variable"},"yoast_head":"<!-- This site is optimized with the Yoast SEO plugin v27.5 - https:\/\/yoast.com\/product\/yoast-seo-wordpress\/ -->\n<title>NY Francobollo ordinario 2019 \u2013 US$ 0,85 Foglio intero - UN Francobolli<\/title>\n<meta name=\"robots\" content=\"index, follow, max-snippet:-1, max-image-preview:large, max-video-preview:-1\" \/>\n<link rel=\"canonical\" href=\"https:\/\/unstamps.org\/it\/prodotto\/ny-francobollo-ordinario-2019-us-085-foglio-intero\/\" \/>\n<meta property=\"og:locale\" content=\"it_IT\" \/>\n<meta property=\"og:type\" content=\"article\" \/>\n<meta property=\"og:title\" content=\"NY Francobollo ordinario 2019 \u2013 US$ 0,85 Foglio intero - UN Francobolli\" \/>\n<meta property=\"og:description\" content=\"Stop allo sfruttamento e agli abusi sessuali L&#8217;obiettivo di questo francobollo \u00e8 sia quello di accrescere a livello globale la consapevolezza riguardo al problema dello sfruttamento e degli abusi sessuali, dai quali nessuna istituzione \u00e8 immune, sia quello di combattere lo stigma e la discriminazione che le vittime si trovano ad affrontare. Le Nazioni Unite [&hellip;]\" \/>\n<meta property=\"og:url\" content=\"https:\/\/unstamps.org\/it\/prodotto\/ny-francobollo-ordinario-2019-us-085-foglio-intero\/\" \/>\n<meta property=\"og:site_name\" content=\"UN Francobolli\" \/>\n<meta property=\"article:modified_time\" content=\"2026-01-09T15:26:22+00:00\" \/>\n<meta property=\"og:image\" content=\"https:\/\/unstamps.org\/wp-content\/uploads\/2019\/03\/DEF19_SSEAGEM_NY-sheet.jpg\" \/>\n\t<meta property=\"og:image:width\" content=\"1024\" \/>\n\t<meta property=\"og:image:height\" content=\"1024\" \/>\n\t<meta property=\"og:image:type\" content=\"image\/jpeg\" \/>\n<meta name=\"twitter:card\" content=\"summary_large_image\" \/>\n<meta name=\"twitter:label1\" content=\"Tempo di lettura stimato\" \/>\n\t<meta name=\"twitter:data1\" content=\"1 minute\" \/>\n<script type=\"application\/ld+json\" class=\"yoast-schema-graph\">{\"@context\":\"https:\\\/\\\/schema.org\",\"@graph\":[{\"@type\":\"WebPage\",\"@id\":\"https:\\\/\\\/unstamps.org\\\/it\\\/prodotto\\\/ny-francobollo-ordinario-2019-us-085-foglio-intero\\\/\",\"url\":\"https:\\\/\\\/unstamps.org\\\/it\\\/prodotto\\\/ny-francobollo-ordinario-2019-us-085-foglio-intero\\\/\",\"name\":\"NY Francobollo ordinario 2019 \u2013 US$ 0,85 Foglio intero - UN Francobolli\",\"isPartOf\":{\"@id\":\"https:\\\/\\\/unstamps.org\\\/it\\\/#website\"},\"primaryImageOfPage\":{\"@id\":\"https:\\\/\\\/unstamps.org\\\/it\\\/prodotto\\\/ny-francobollo-ordinario-2019-us-085-foglio-intero\\\/#primaryimage\"},\"image\":{\"@id\":\"https:\\\/\\\/unstamps.org\\\/it\\\/prodotto\\\/ny-francobollo-ordinario-2019-us-085-foglio-intero\\\/#primaryimage\"},\"thumbnailUrl\":\"https:\\\/\\\/unstamps.org\\\/wp-content\\\/uploads\\\/2019\\\/03\\\/DEF19_SSEAGEM_NY-sheet.jpg\",\"datePublished\":\"2019-03-11T15:33:28+00:00\",\"dateModified\":\"2026-01-09T15:26:22+00:00\",\"breadcrumb\":{\"@id\":\"https:\\\/\\\/unstamps.org\\\/it\\\/prodotto\\\/ny-francobollo-ordinario-2019-us-085-foglio-intero\\\/#breadcrumb\"},\"inLanguage\":\"it-IT\",\"potentialAction\":[{\"@type\":\"ReadAction\",\"target\":[\"https:\\\/\\\/unstamps.org\\\/it\\\/prodotto\\\/ny-francobollo-ordinario-2019-us-085-foglio-intero\\\/\"]}]},{\"@type\":\"ImageObject\",\"inLanguage\":\"it-IT\",\"@id\":\"https:\\\/\\\/unstamps.org\\\/it\\\/prodotto\\\/ny-francobollo-ordinario-2019-us-085-foglio-intero\\\/#primaryimage\",\"url\":\"https:\\\/\\\/unstamps.org\\\/wp-content\\\/uploads\\\/2019\\\/03\\\/DEF19_SSEAGEM_NY-sheet.jpg\",\"contentUrl\":\"https:\\\/\\\/unstamps.org\\\/wp-content\\\/uploads\\\/2019\\\/03\\\/DEF19_SSEAGEM_NY-sheet.jpg\",\"width\":1024,\"height\":1024},{\"@type\":\"BreadcrumbList\",\"@id\":\"https:\\\/\\\/unstamps.org\\\/it\\\/prodotto\\\/ny-francobollo-ordinario-2019-us-085-foglio-intero\\\/#breadcrumb\",\"itemListElement\":[{\"@type\":\"ListItem\",\"position\":1,\"name\":\"Home\",\"item\":\"https:\\\/\\\/unstamps.org\\\/it\\\/\"},{\"@type\":\"ListItem\",\"position\":2,\"name\":\"Prodotti\",\"item\":\"https:\\\/\\\/unstamps.org\\\/it\\\/prodotti\\\/\"},{\"@type\":\"ListItem\",\"position\":3,\"name\":\"NY Francobollo ordinario 2019 \u2013 US$ 0,85 Foglio intero\"}]},{\"@type\":\"WebSite\",\"@id\":\"https:\\\/\\\/unstamps.org\\\/it\\\/#website\",\"url\":\"https:\\\/\\\/unstamps.org\\\/it\\\/\",\"name\":\"UN Stamps\",\"description\":\"United Nations Stamps\",\"publisher\":{\"@id\":\"https:\\\/\\\/unstamps.org\\\/it\\\/#organization\"},\"potentialAction\":[{\"@type\":\"SearchAction\",\"target\":{\"@type\":\"EntryPoint\",\"urlTemplate\":\"https:\\\/\\\/unstamps.org\\\/it\\\/?s={search_term_string}\"},\"query-input\":{\"@type\":\"PropertyValueSpecification\",\"valueRequired\":true,\"valueName\":\"search_term_string\"}}],\"inLanguage\":\"it-IT\"},{\"@type\":\"Organization\",\"@id\":\"https:\\\/\\\/unstamps.org\\\/it\\\/#organization\",\"name\":\"UN Stamps\",\"url\":\"https:\\\/\\\/unstamps.org\\\/it\\\/\",\"logo\":{\"@type\":\"ImageObject\",\"inLanguage\":\"it-IT\",\"@id\":\"https:\\\/\\\/unstamps.org\\\/it\\\/#\\\/schema\\\/logo\\\/image\\\/\",\"url\":\"https:\\\/\\\/unstamps.org\\\/wp-content\\\/uploads\\\/2014\\\/01\\\/logo4web.jpg\",\"contentUrl\":\"https:\\\/\\\/unstamps.org\\\/wp-content\\\/uploads\\\/2014\\\/01\\\/logo4web.jpg\",\"width\":2500,\"height\":250,\"caption\":\"UN Stamps\"},\"image\":{\"@id\":\"https:\\\/\\\/unstamps.org\\\/it\\\/#\\\/schema\\\/logo\\\/image\\\/\"}}]}<\/script>\n<!-- \/ Yoast SEO plugin. -->","yoast_head_json":{"title":"NY Francobollo ordinario 2019 \u2013 US$ 0,85 Foglio intero - UN Francobolli","robots":{"index":"index","follow":"follow","max-snippet":"max-snippet:-1","max-image-preview":"max-image-preview:large","max-video-preview":"max-video-preview:-1"},"canonical":"https:\/\/unstamps.org\/it\/prodotto\/ny-francobollo-ordinario-2019-us-085-foglio-intero\/","og_locale":"it_IT","og_type":"article","og_title":"NY Francobollo ordinario 2019 \u2013 US$ 0,85 Foglio intero - UN Francobolli","og_description":"Stop allo sfruttamento e agli abusi sessuali L&#8217;obiettivo di questo francobollo \u00e8 sia quello di accrescere a livello globale la consapevolezza riguardo al problema dello sfruttamento e degli abusi sessuali, dai quali nessuna istituzione \u00e8 immune, sia quello di combattere lo stigma e la discriminazione che le vittime si trovano ad affrontare. Le Nazioni Unite [&hellip;]","og_url":"https:\/\/unstamps.org\/it\/prodotto\/ny-francobollo-ordinario-2019-us-085-foglio-intero\/","og_site_name":"UN Francobolli","article_modified_time":"2026-01-09T15:26:22+00:00","og_image":[{"width":1024,"height":1024,"url":"https:\/\/unstamps.org\/wp-content\/uploads\/2019\/03\/DEF19_SSEAGEM_NY-sheet.jpg","type":"image\/jpeg"}],"twitter_card":"summary_large_image","twitter_misc":{"Tempo di lettura stimato":"1 minute"},"schema":{"@context":"https:\/\/schema.org","@graph":[{"@type":"WebPage","@id":"https:\/\/unstamps.org\/it\/prodotto\/ny-francobollo-ordinario-2019-us-085-foglio-intero\/","url":"https:\/\/unstamps.org\/it\/prodotto\/ny-francobollo-ordinario-2019-us-085-foglio-intero\/","name":"NY Francobollo ordinario 2019 \u2013 US$ 0,85 Foglio intero - UN Francobolli","isPartOf":{"@id":"https:\/\/unstamps.org\/it\/#website"},"primaryImageOfPage":{"@id":"https:\/\/unstamps.org\/it\/prodotto\/ny-francobollo-ordinario-2019-us-085-foglio-intero\/#primaryimage"},"image":{"@id":"https:\/\/unstamps.org\/it\/prodotto\/ny-francobollo-ordinario-2019-us-085-foglio-intero\/#primaryimage"},"thumbnailUrl":"https:\/\/unstamps.org\/wp-content\/uploads\/2019\/03\/DEF19_SSEAGEM_NY-sheet.jpg","datePublished":"2019-03-11T15:33:28+00:00","dateModified":"2026-01-09T15:26:22+00:00","breadcrumb":{"@id":"https:\/\/unstamps.org\/it\/prodotto\/ny-francobollo-ordinario-2019-us-085-foglio-intero\/#breadcrumb"},"inLanguage":"it-IT","potentialAction":[{"@type":"ReadAction","target":["https:\/\/unstamps.org\/it\/prodotto\/ny-francobollo-ordinario-2019-us-085-foglio-intero\/"]}]},{"@type":"ImageObject","inLanguage":"it-IT","@id":"https:\/\/unstamps.org\/it\/prodotto\/ny-francobollo-ordinario-2019-us-085-foglio-intero\/#primaryimage","url":"https:\/\/unstamps.org\/wp-content\/uploads\/2019\/03\/DEF19_SSEAGEM_NY-sheet.jpg","contentUrl":"https:\/\/unstamps.org\/wp-content\/uploads\/2019\/03\/DEF19_SSEAGEM_NY-sheet.jpg","width":1024,"height":1024},{"@type":"BreadcrumbList","@id":"https:\/\/unstamps.org\/it\/prodotto\/ny-francobollo-ordinario-2019-us-085-foglio-intero\/#breadcrumb","itemListElement":[{"@type":"ListItem","position":1,"name":"Home","item":"https:\/\/unstamps.org\/it\/"},{"@type":"ListItem","position":2,"name":"Prodotti","item":"https:\/\/unstamps.org\/it\/prodotti\/"},{"@type":"ListItem","position":3,"name":"NY Francobollo ordinario 2019 \u2013 US$ 0,85 Foglio intero"}]},{"@type":"WebSite","@id":"https:\/\/unstamps.org\/it\/#website","url":"https:\/\/unstamps.org\/it\/","name":"UN Stamps","description":"United Nations Stamps","publisher":{"@id":"https:\/\/unstamps.org\/it\/#organization"},"potentialAction":[{"@type":"SearchAction","target":{"@type":"EntryPoint","urlTemplate":"https:\/\/unstamps.org\/it\/?s={search_term_string}"},"query-input":{"@type":"PropertyValueSpecification","valueRequired":true,"valueName":"search_term_string"}}],"inLanguage":"it-IT"},{"@type":"Organization","@id":"https:\/\/unstamps.org\/it\/#organization","name":"UN Stamps","url":"https:\/\/unstamps.org\/it\/","logo":{"@type":"ImageObject","inLanguage":"it-IT","@id":"https:\/\/unstamps.org\/it\/#\/schema\/logo\/image\/","url":"https:\/\/unstamps.org\/wp-content\/uploads\/2014\/01\/logo4web.jpg","contentUrl":"https:\/\/unstamps.org\/wp-content\/uploads\/2014\/01\/logo4web.jpg","width":2500,"height":250,"caption":"UN Stamps"},"image":{"@id":"https:\/\/unstamps.org\/it\/#\/schema\/logo\/image\/"}}]}},"jetpack_sharing_enabled":true,"publishpress_future_action":{"enabled":false,"date":"2026-05-11 10:23:51","action":"change-status","newStatus":"private","terms":[],"taxonomy":"product_cat","extraData":[]},"publishpress_future_workflow_manual_trigger":{"enabledWorkflows":[]},"_links":{"self":[{"href":"https:\/\/unstamps.org\/it\/wp-json\/wp\/v2\/product\/65486","targetHints":{"allow":["GET"]}}],"collection":[{"href":"https:\/\/unstamps.org\/it\/wp-json\/wp\/v2\/product"}],"about":[{"href":"https:\/\/unstamps.org\/it\/wp-json\/wp\/v2\/types\/product"}],"replies":[{"embeddable":true,"href":"https:\/\/unstamps.org\/it\/wp-json\/wp\/v2\/comments?post=65486"}],"wp:featuredmedia":[{"embeddable":true,"href":"https:\/\/unstamps.org\/it\/wp-json\/wp\/v2\/media\/65595"}],"wp:attachment":[{"href":"https:\/\/unstamps.org\/it\/wp-json\/wp\/v2\/media?parent=65486"}],"wp:term":[{"taxonomy":"product_brand","embeddable":true,"href":"https:\/\/unstamps.org\/it\/wp-json\/wp\/v2\/product_brand?post=65486"},{"taxonomy":"product_cat","embeddable":true,"href":"https:\/\/unstamps.org\/it\/wp-json\/wp\/v2\/product_cat?post=65486"},{"taxonomy":"product_tag","embeddable":true,"href":"https:\/\/unstamps.org\/it\/wp-json\/wp\/v2\/product_tag?post=65486"}],"curies":[{"name":"wp","href":"https:\/\/api.w.org\/{rel}","templated":true}]}}