{"id":65431,"date":"2019-03-11T12:21:16","date_gmt":"2019-03-11T16:22:47","guid":{"rendered":"https:\/\/unstamps.org\/?post_type=product&#038;p=65431"},"modified":"2024-01-26T10:43:49","modified_gmt":"2024-01-26T15:43:49","slug":"2019-francobolli-ordinari","status":"publish","type":"product","link":"https:\/\/unstamps.org\/it\/prodotto\/2019-francobolli-ordinari\/","title":{"rendered":"2019 Francobolli ordinari"},"content":{"rendered":"<p>Il 15 marzo 2019 l&#8217;APNU emetter\u00e0 tre francobolli ordinari dedicati alle questioni \u201cStop allo sfruttamento e agli abusi sessuali\u201d, \u201cParit\u00e0 di genere\u201d e \u201cMigrazione\u201d.<\/p>\n<p><strong>Stop allo sfruttamento e agli abusi sessuali<\/strong><\/p>\n<p>L&#8217;obiettivo di questo francobollo \u00e8 sia quello di accrescere a livello globale la consapevolezza riguardo al problema dello sfruttamento e degli abusi sessuali, dai quali nessuna istituzione \u00e8 immune, sia quello di combattere lo stigma e la discriminazione che le vittime si trovano ad affrontare. Le Nazioni Unite riconoscono di avere una responsabilit\u00e0 unica nell&#8217;introduzione di regole globali, dalla prevenzione alla risposta, in materia di contrasto allo sfruttamento e agli abusi sessuali.<\/p>\n<p>Il Segretario Generale dell&#8217;ONU Ant\u00f3nio Guterres si \u00e8 assunto l&#8217;impegno di fare tutto ci\u00f2 che \u00e8 in suo potere, in collaborazione con gli Stati membri e la societ\u00e0 civile, per debellare questi crimini. Partendo dalla politica di tolleranza zero gi\u00e0 esistente, le Nazioni Unite hanno elaborato una strategia mirata a suscitare un cambiamento culturale e operativo, per migliorare drasticamente il modo in cui le Nazioni Unite prevengono e affrontano lo sfruttamento e gli abusi sessuali. Come elemento principale di questa strategia, il Segretario Generale ha assegnato la massima priorit\u00e0 ai diritti e alla dignit\u00e0 delle vittime. La prevenzione e l&#8217;obbligo di responsabilit\u00e0 incondizionata sono al cuore dell&#8217;attuazione della politica di tolleranza zero, cos\u00ec come altre misure volte ad accrescere la consapevolezza pubblica, all&#8217;addestramento e all&#8217;esecuzione di valutazioni dei rischi.<\/p>\n<p>Per maggiori informazioni su questo argomento, consultate il sito <a href=\"http:\/\/www.un.org\/preventing-sexual-exploitation-and-abuse\" target=\"_blank\" rel=\"noopener noreferrer\">www.un.org\/preventing-sexual-exploitation-and-abuse<\/a>.<\/p>\n<p><strong>Parit\u00e0 di genere<\/strong><\/p>\n<p>La parit\u00e0 di genere non \u00e8 solo un diritto umano fondamentale, ma una condizione necessaria per un mondo prospero, sostenibile e in pace. Le donne e le ragazze costituiscono la met\u00e0 della popolazione mondiale e quindi anche la met\u00e0 del suo potenziale. Nonostante siano stati fatti alcuni progressi verso la parit\u00e0 di genere e l&#8217;autoaffermazione femminile, donne e ragazze continuano a subire discriminazioni e violenze in ogni parte del mondo. Fornire alle donne e alle ragazze parit\u00e0 di accesso all\u2019istruzione, alle cure mediche, a un lavoro dignitoso, cos\u00ec come la rappresentanza nei processi decisionali, politici ed economici, promuover\u00e0 economie sostenibili, di cui potranno beneficiare le societ\u00e0 e l\u2019umanit\u00e0 intera.<\/p>\n<p>Per eliminare la discriminazione di genere \u00e8 indispensabile applicare quadri giuridici nuovi in materia di parit\u00e0 femminile sul luogo di lavoro ed eliminare le pratiche dannose nei confronti delle donne. L&#8217;Obiettivo per lo Sviluppo Sostenibile delle Nazioni Unite n. 5, Raggiungere l&#8217;uguaglianza di genere ed emancipare tutte le donne e le ragazze, affronta specificamente questi problemi.<\/p>\n<p>Per maggiori informazioni su questo e sugli altri Obiettivi per lo Sviluppo sostenibile, consultate il sito <a href=\"http:\/\/www.un.org\/sustainabledevelopment\" target=\"_blank\" rel=\"noopener noreferrer\">www.un.org\/sustainabledevelopment<\/a>.<\/p>\n<p><strong>Migrazione<\/strong><\/p>\n<p>Numeri da record di rifugiati e migranti attraversano le frontiere tra gli stati, sia per sfuggire ai conflitti, alle persecuzioni e alla povert\u00e0 e ad altre situazioni di pericolo per la loro sopravvivenza, sia in risposta ai cambiamenti demografici e alla mancanza di manodopera e di competenze, cercando opportunit\u00e0 migliori in un altro paese.<br \/>\nLe migrazioni offrono enormi opportunit\u00e0 e benefici ai migranti, alle comunit\u00e0 ospitanti e a quelle d&#8217;origine. Tuttavia, se non vengono adeguatamente regolate, possono rappresentare sfide imponenti. Le infrastrutture sociali possono essere sopraffatte dall&#8217;arrivo inaspettato di un gran numero di persone, e i migranti che affrontano viaggi pericolosi possono perdere la vita.<br \/>\nPer fronteggiare queste sfide le Nazioni Unite hanno avviato alcune iniziative. Nel 2016, l&#8217;Assemblea Generale dell&#8217;ONU ha deciso di elaborare un accordo globale (Global Compact) per rendere sicure, ordinate e regolari le migrazioni tramite l&#8217;adozione della Dichiarazione di New York su rifugiati e migranti. Nel mese di luglio 2018 gli Stati membri dell&#8217;ONU hanno finalizzato il testo del dell\u2019accordo globale per una migrazione sicura, ordinata e regolare che verr\u00e0 formalmente adottato dagli Stati membri nel corso di una conferenza intergovernativa che si \u00e8 tenuta a Marrakesh, in Marocco, nel mese di dicembre 2018.<br \/>\nPer maggiori informazioni su questa iniziativa, consultate il sito <a href=\"http:\/\/www.refugeesmigrants.un.org\" target=\"_blank\" rel=\"noopener noreferrer\">www.refugeesmigrants.un.org<\/a><\/p>\n<p><strong>L\u2019ARTISTA<\/strong><\/p>\n<p>Chris Gash \u00e8 un illustratore concettuale le cui opere sono apparse su testate come The New Yorker, The New York Times, The Wall Street Journal, Time, The Atlantic, Scientific American, Politico, Fortune, Variety, Golf Digest e molte altre. Ha lavorato per varie grandi e piccole compagnie, universit\u00e0 e studi di design, tra cui Southwest Airlines, Harvard University, Barnes &amp; Noble, Nickelodeon, Delta Airlines, Energizer, Wells Fargo, BBC, New York University, Fred &amp; Friends, EmDash, Taylor Design, 2Communiqu\u00e9, Pentagram e, pi\u00f9 di recente, per le Nazioni Unite.<\/p>\n<p>Le opere di Chris hanno ottenuto riconoscimenti da parte di organizzazioni come Society of Illustrators, Communication Arts, American Illustration, 3&#215;3, Lurzer\u2019s 200 Best Illustrators, Creative Quarterly e SILA, e due delle sue illustrazioni sono state incluse nella mostra The Illustrated Letter presso il New York Times. Inoltre, un grande onore per Chris \u00e8 stato avere una delle sue illustrazioni inclusa nella rassegna intitolata The New York Times Notable Opinion Art, che comprende 20 opere selezionate tra le 1400 commissionate in quell&#8217;anno.<\/p>\n<p>Chris vive a Montclair, nel New Jersey, con l&#8217;amata moglie e quattro figli.<\/p>\n","protected":false},"excerpt":{"rendered":"<p>Il 15 marzo 2019 l&#8217;APNU emetter\u00e0 tre francobolli ordinari dedicati alle questioni \u201cStop allo sfruttamento e agli abusi sessuali\u201d, \u201cParit\u00e0 di genere\u201d e \u201cMigrazione\u201d. Stop allo sfruttamento e agli abusi sessuali L&#8217;obiettivo di questo francobollo \u00e8 sia quello di accrescere a livello globale la consapevolezza riguardo al problema dello sfruttamento e degli abusi sessuali, dai [&hellip;]<\/p>\n","protected":false},"featured_media":65571,"comment_status":"closed","ping_status":"closed","template":"","meta":{"ngg_post_thumbnail":0},"product_brand":[],"product_cat":[155],"product_tag":[],"class_list":{"0":"post-65431","1":"product","2":"type-product","3":"status-publish","4":"has-post-thumbnail","6":"product_cat-francobolli-ordinari","8":"first","9":"instock","10":"shipping-taxable","11":"product-type-grouped"},"yoast_head":"<!-- This site is optimized with the Yoast SEO plugin v27.3 - https:\/\/yoast.com\/product\/yoast-seo-wordpress\/ -->\n<title>2019 Francobolli ordinari - UN Francobolli<\/title>\n<meta name=\"robots\" content=\"index, follow, max-snippet:-1, max-image-preview:large, max-video-preview:-1\" \/>\n<link rel=\"canonical\" href=\"https:\/\/unstamps.org\/it\/prodotto\/2019-francobolli-ordinari\/\" \/>\n<meta property=\"og:locale\" content=\"it_IT\" \/>\n<meta property=\"og:type\" content=\"article\" \/>\n<meta property=\"og:title\" content=\"2019 Francobolli ordinari - UN Francobolli\" \/>\n<meta property=\"og:description\" content=\"Il 15 marzo 2019 l&#8217;APNU emetter\u00e0 tre francobolli ordinari dedicati alle questioni \u201cStop allo sfruttamento e agli abusi sessuali\u201d, \u201cParit\u00e0 di genere\u201d e \u201cMigrazione\u201d. Stop allo sfruttamento e agli abusi sessuali L&#8217;obiettivo di questo francobollo \u00e8 sia quello di accrescere a livello globale la consapevolezza riguardo al problema dello sfruttamento e degli abusi sessuali, dai [&hellip;]\" \/>\n<meta property=\"og:url\" content=\"https:\/\/unstamps.org\/it\/prodotto\/2019-francobolli-ordinari\/\" \/>\n<meta property=\"og:site_name\" content=\"UN Francobolli\" \/>\n<meta property=\"article:modified_time\" content=\"2024-01-26T15:43:49+00:00\" \/>\n<meta property=\"og:image\" content=\"https:\/\/unstamps.org\/wp-content\/uploads\/2019\/03\/DEF19-SSEAGEM_stamp_main-page.jpg\" \/>\n\t<meta property=\"og:image:width\" content=\"1024\" \/>\n\t<meta property=\"og:image:height\" content=\"1024\" \/>\n\t<meta property=\"og:image:type\" content=\"image\/jpeg\" \/>\n<meta name=\"twitter:card\" content=\"summary_large_image\" \/>\n<meta name=\"twitter:label1\" content=\"Tempo di lettura stimato\" \/>\n\t<meta name=\"twitter:data1\" content=\"4 minutes\" \/>\n<script type=\"application\/ld+json\" class=\"yoast-schema-graph\">{\"@context\":\"https:\\\/\\\/schema.org\",\"@graph\":[{\"@type\":\"WebPage\",\"@id\":\"https:\\\/\\\/unstamps.org\\\/it\\\/prodotto\\\/2019-francobolli-ordinari\\\/\",\"url\":\"https:\\\/\\\/unstamps.org\\\/it\\\/prodotto\\\/2019-francobolli-ordinari\\\/\",\"name\":\"2019 Francobolli ordinari - UN Francobolli\",\"isPartOf\":{\"@id\":\"https:\\\/\\\/unstamps.org\\\/it\\\/#website\"},\"primaryImageOfPage\":{\"@id\":\"https:\\\/\\\/unstamps.org\\\/it\\\/prodotto\\\/2019-francobolli-ordinari\\\/#primaryimage\"},\"image\":{\"@id\":\"https:\\\/\\\/unstamps.org\\\/it\\\/prodotto\\\/2019-francobolli-ordinari\\\/#primaryimage\"},\"thumbnailUrl\":\"https:\\\/\\\/unstamps.org\\\/wp-content\\\/uploads\\\/2019\\\/03\\\/DEF19-SSEAGEM_stamp_main-page.jpg\",\"datePublished\":\"2019-03-11T16:22:47+00:00\",\"dateModified\":\"2024-01-26T15:43:49+00:00\",\"breadcrumb\":{\"@id\":\"https:\\\/\\\/unstamps.org\\\/it\\\/prodotto\\\/2019-francobolli-ordinari\\\/#breadcrumb\"},\"inLanguage\":\"it-IT\",\"potentialAction\":[{\"@type\":\"ReadAction\",\"target\":[\"https:\\\/\\\/unstamps.org\\\/it\\\/prodotto\\\/2019-francobolli-ordinari\\\/\"]}]},{\"@type\":\"ImageObject\",\"inLanguage\":\"it-IT\",\"@id\":\"https:\\\/\\\/unstamps.org\\\/it\\\/prodotto\\\/2019-francobolli-ordinari\\\/#primaryimage\",\"url\":\"https:\\\/\\\/unstamps.org\\\/wp-content\\\/uploads\\\/2019\\\/03\\\/DEF19-SSEAGEM_stamp_main-page.jpg\",\"contentUrl\":\"https:\\\/\\\/unstamps.org\\\/wp-content\\\/uploads\\\/2019\\\/03\\\/DEF19-SSEAGEM_stamp_main-page.jpg\",\"width\":1024,\"height\":1024},{\"@type\":\"BreadcrumbList\",\"@id\":\"https:\\\/\\\/unstamps.org\\\/it\\\/prodotto\\\/2019-francobolli-ordinari\\\/#breadcrumb\",\"itemListElement\":[{\"@type\":\"ListItem\",\"position\":1,\"name\":\"Home\",\"item\":\"https:\\\/\\\/unstamps.org\\\/it\\\/\"},{\"@type\":\"ListItem\",\"position\":2,\"name\":\"Prodotti\",\"item\":\"https:\\\/\\\/unstamps.org\\\/it\\\/prodotti\\\/\"},{\"@type\":\"ListItem\",\"position\":3,\"name\":\"2019 Francobolli ordinari\"}]},{\"@type\":\"WebSite\",\"@id\":\"https:\\\/\\\/unstamps.org\\\/it\\\/#website\",\"url\":\"https:\\\/\\\/unstamps.org\\\/it\\\/\",\"name\":\"UN Stamps\",\"description\":\"United Nations Stamps\",\"publisher\":{\"@id\":\"https:\\\/\\\/unstamps.org\\\/it\\\/#organization\"},\"potentialAction\":[{\"@type\":\"SearchAction\",\"target\":{\"@type\":\"EntryPoint\",\"urlTemplate\":\"https:\\\/\\\/unstamps.org\\\/it\\\/?s={search_term_string}\"},\"query-input\":{\"@type\":\"PropertyValueSpecification\",\"valueRequired\":true,\"valueName\":\"search_term_string\"}}],\"inLanguage\":\"it-IT\"},{\"@type\":\"Organization\",\"@id\":\"https:\\\/\\\/unstamps.org\\\/it\\\/#organization\",\"name\":\"UN Stamps\",\"url\":\"https:\\\/\\\/unstamps.org\\\/it\\\/\",\"logo\":{\"@type\":\"ImageObject\",\"inLanguage\":\"it-IT\",\"@id\":\"https:\\\/\\\/unstamps.org\\\/it\\\/#\\\/schema\\\/logo\\\/image\\\/\",\"url\":\"https:\\\/\\\/unstamps.org\\\/wp-content\\\/uploads\\\/2014\\\/01\\\/logo4web.jpg\",\"contentUrl\":\"https:\\\/\\\/unstamps.org\\\/wp-content\\\/uploads\\\/2014\\\/01\\\/logo4web.jpg\",\"width\":2500,\"height\":250,\"caption\":\"UN Stamps\"},\"image\":{\"@id\":\"https:\\\/\\\/unstamps.org\\\/it\\\/#\\\/schema\\\/logo\\\/image\\\/\"}}]}<\/script>\n<!-- \/ Yoast SEO plugin. -->","yoast_head_json":{"title":"2019 Francobolli ordinari - UN Francobolli","robots":{"index":"index","follow":"follow","max-snippet":"max-snippet:-1","max-image-preview":"max-image-preview:large","max-video-preview":"max-video-preview:-1"},"canonical":"https:\/\/unstamps.org\/it\/prodotto\/2019-francobolli-ordinari\/","og_locale":"it_IT","og_type":"article","og_title":"2019 Francobolli ordinari - UN Francobolli","og_description":"Il 15 marzo 2019 l&#8217;APNU emetter\u00e0 tre francobolli ordinari dedicati alle questioni \u201cStop allo sfruttamento e agli abusi sessuali\u201d, \u201cParit\u00e0 di genere\u201d e \u201cMigrazione\u201d. Stop allo sfruttamento e agli abusi sessuali L&#8217;obiettivo di questo francobollo \u00e8 sia quello di accrescere a livello globale la consapevolezza riguardo al problema dello sfruttamento e degli abusi sessuali, dai [&hellip;]","og_url":"https:\/\/unstamps.org\/it\/prodotto\/2019-francobolli-ordinari\/","og_site_name":"UN Francobolli","article_modified_time":"2024-01-26T15:43:49+00:00","og_image":[{"width":1024,"height":1024,"url":"https:\/\/unstamps.org\/wp-content\/uploads\/2019\/03\/DEF19-SSEAGEM_stamp_main-page.jpg","type":"image\/jpeg"}],"twitter_card":"summary_large_image","twitter_misc":{"Tempo di lettura stimato":"4 minutes"},"schema":{"@context":"https:\/\/schema.org","@graph":[{"@type":"WebPage","@id":"https:\/\/unstamps.org\/it\/prodotto\/2019-francobolli-ordinari\/","url":"https:\/\/unstamps.org\/it\/prodotto\/2019-francobolli-ordinari\/","name":"2019 Francobolli ordinari - UN Francobolli","isPartOf":{"@id":"https:\/\/unstamps.org\/it\/#website"},"primaryImageOfPage":{"@id":"https:\/\/unstamps.org\/it\/prodotto\/2019-francobolli-ordinari\/#primaryimage"},"image":{"@id":"https:\/\/unstamps.org\/it\/prodotto\/2019-francobolli-ordinari\/#primaryimage"},"thumbnailUrl":"https:\/\/unstamps.org\/wp-content\/uploads\/2019\/03\/DEF19-SSEAGEM_stamp_main-page.jpg","datePublished":"2019-03-11T16:22:47+00:00","dateModified":"2024-01-26T15:43:49+00:00","breadcrumb":{"@id":"https:\/\/unstamps.org\/it\/prodotto\/2019-francobolli-ordinari\/#breadcrumb"},"inLanguage":"it-IT","potentialAction":[{"@type":"ReadAction","target":["https:\/\/unstamps.org\/it\/prodotto\/2019-francobolli-ordinari\/"]}]},{"@type":"ImageObject","inLanguage":"it-IT","@id":"https:\/\/unstamps.org\/it\/prodotto\/2019-francobolli-ordinari\/#primaryimage","url":"https:\/\/unstamps.org\/wp-content\/uploads\/2019\/03\/DEF19-SSEAGEM_stamp_main-page.jpg","contentUrl":"https:\/\/unstamps.org\/wp-content\/uploads\/2019\/03\/DEF19-SSEAGEM_stamp_main-page.jpg","width":1024,"height":1024},{"@type":"BreadcrumbList","@id":"https:\/\/unstamps.org\/it\/prodotto\/2019-francobolli-ordinari\/#breadcrumb","itemListElement":[{"@type":"ListItem","position":1,"name":"Home","item":"https:\/\/unstamps.org\/it\/"},{"@type":"ListItem","position":2,"name":"Prodotti","item":"https:\/\/unstamps.org\/it\/prodotti\/"},{"@type":"ListItem","position":3,"name":"2019 Francobolli ordinari"}]},{"@type":"WebSite","@id":"https:\/\/unstamps.org\/it\/#website","url":"https:\/\/unstamps.org\/it\/","name":"UN Stamps","description":"United Nations Stamps","publisher":{"@id":"https:\/\/unstamps.org\/it\/#organization"},"potentialAction":[{"@type":"SearchAction","target":{"@type":"EntryPoint","urlTemplate":"https:\/\/unstamps.org\/it\/?s={search_term_string}"},"query-input":{"@type":"PropertyValueSpecification","valueRequired":true,"valueName":"search_term_string"}}],"inLanguage":"it-IT"},{"@type":"Organization","@id":"https:\/\/unstamps.org\/it\/#organization","name":"UN Stamps","url":"https:\/\/unstamps.org\/it\/","logo":{"@type":"ImageObject","inLanguage":"it-IT","@id":"https:\/\/unstamps.org\/it\/#\/schema\/logo\/image\/","url":"https:\/\/unstamps.org\/wp-content\/uploads\/2014\/01\/logo4web.jpg","contentUrl":"https:\/\/unstamps.org\/wp-content\/uploads\/2014\/01\/logo4web.jpg","width":2500,"height":250,"caption":"UN Stamps"},"image":{"@id":"https:\/\/unstamps.org\/it\/#\/schema\/logo\/image\/"}}]}},"jetpack_sharing_enabled":true,"publishpress_future_action":{"enabled":false,"date":"2026-04-19 07:32:46","action":"change-status","newStatus":"private","terms":[],"taxonomy":"product_cat","extraData":[]},"publishpress_future_workflow_manual_trigger":{"enabledWorkflows":[]},"_links":{"self":[{"href":"https:\/\/unstamps.org\/it\/wp-json\/wp\/v2\/product\/65431","targetHints":{"allow":["GET"]}}],"collection":[{"href":"https:\/\/unstamps.org\/it\/wp-json\/wp\/v2\/product"}],"about":[{"href":"https:\/\/unstamps.org\/it\/wp-json\/wp\/v2\/types\/product"}],"replies":[{"embeddable":true,"href":"https:\/\/unstamps.org\/it\/wp-json\/wp\/v2\/comments?post=65431"}],"wp:featuredmedia":[{"embeddable":true,"href":"https:\/\/unstamps.org\/it\/wp-json\/wp\/v2\/media\/65571"}],"wp:attachment":[{"href":"https:\/\/unstamps.org\/it\/wp-json\/wp\/v2\/media?parent=65431"}],"wp:term":[{"taxonomy":"product_brand","embeddable":true,"href":"https:\/\/unstamps.org\/it\/wp-json\/wp\/v2\/product_brand?post=65431"},{"taxonomy":"product_cat","embeddable":true,"href":"https:\/\/unstamps.org\/it\/wp-json\/wp\/v2\/product_cat?post=65431"},{"taxonomy":"product_tag","embeddable":true,"href":"https:\/\/unstamps.org\/it\/wp-json\/wp\/v2\/product_tag?post=65431"}],"curies":[{"name":"wp","href":"https:\/\/api.w.org\/{rel}","templated":true}]}}