{"id":60695,"date":"2018-07-17T09:34:52","date_gmt":"2018-07-17T13:40:21","guid":{"rendered":"https:\/\/unstamps.org\/?post_type=product&#038;p=60695"},"modified":"2026-01-09T10:09:00","modified_gmt":"2026-01-09T15:09:00","slug":"ge-francobollo-ordinario-2018-chf-200-foglio-intero","status":"publish","type":"product","link":"https:\/\/unstamps.org\/it\/prodotto\/ge-francobollo-ordinario-2018-chf-200-foglio-intero\/","title":{"rendered":"GE Francobollo ordinario 2018 \u2013 CHF 2,00 Foglio intero"},"content":{"rendered":"<p>Nel novembre del 2009 l&#8217;Assemblea Generale dell&#8217;ONU ha dichiarato il 18 luglio &#8220;Giornata Internazionale di Nelson Mandela&#8221; in riconoscimento del contributo dell&#8217;ex presidente del Sudafrica alla cultura della pace e della libert\u00e0. L&#8217;ONU riconosce i valori propugnati da Mandela e la sua dedizione al servizio dell&#8217;umanit\u00e0 nei campi della risoluzione dei conflitti, delle relazioni razziali, della promozione e protezione dei diritti umani, della riconciliazione, della parit\u00e0 di genere, dei diritti dei bambini e di altri gruppi vulnerabili, come anche nel miglioramento delle condizioni delle comunit\u00e0 pi\u00f9 povere e svantaggiate. \u00c8 un riconoscimento al suo contributo alla lotta per la democrazia in tutto il mondo e alla promozione di una cultura di pace a livello globale.<\/p>\n<p>L&#8217;APNU offre il suo tributo a Nelson Mandela nel centenario della sua nascita con questo francobollo da CHF 2,00, illustrato dal famoso artista Martin M\u00f6rck. Il motto sul francobollo recita in francese: &#8220;\u00c8 facile rompere e distruggere. Gli eroi sono quelli che fanno la pace e che costruiscono.&#8221;<\/p>\n<p><strong>Data di emissione: <\/strong>18 luglio 2018<br \/>\n<strong>Descrizione: <\/strong>Giornata internazionale dedicata a Nelson Mandela<br \/>\n<strong>Disegno: <\/strong>Martin M\u00f6rck (Norvegia)<br \/>\n<strong>Valore: <\/strong>CHF 2,00<br \/>\n<strong>Formato dei francobolli: <\/strong>50mm x 35mm<br \/>\n<strong>Francobolli per foglio: <\/strong>20<br \/>\n<strong>Stampa: <\/strong>Lowe-Martin Group (Canada)<br \/>\n<strong>Riproduzione: <\/strong>Litografia offset (Duotone)<br \/>\n<strong>Dentellatura: <\/strong>13.1<br \/>\n<strong>Quantit\u00e0: <\/strong>13.000 fogli (260.000 francobolli)<\/p>\n","protected":false},"excerpt":{"rendered":"<p>Nel novembre del 2009 l&#8217;Assemblea Generale dell&#8217;ONU ha dichiarato il 18 luglio &#8220;Giornata Internazionale di Nelson Mandela&#8221; in riconoscimento del contributo dell&#8217;ex presidente del Sudafrica alla cultura della pace e della libert\u00e0. L&#8217;ONU riconosce i valori propugnati da Mandela e la sua dedizione al servizio dell&#8217;umanit\u00e0 nei campi della risoluzione dei conflitti, delle relazioni razziali, [&hellip;]<\/p>\n","protected":false},"featured_media":58417,"comment_status":"closed","ping_status":"closed","template":"","meta":{"ngg_post_thumbnail":0},"product_brand":[],"product_cat":[962,152],"product_tag":[],"class_list":{"0":"post-60695","1":"product","2":"type-product","3":"status-publish","4":"has-post-thumbnail","6":"product_cat-2018-it","7":"product_cat-ginevra","8":"pa_condition-cancelled-it","9":"pa_condition-mint-it","11":"first","12":"instock","13":"shipping-taxable","14":"purchasable","15":"product-type-variable"},"yoast_head":"<!-- This site is optimized with the Yoast SEO plugin v27.4 - https:\/\/yoast.com\/product\/yoast-seo-wordpress\/ -->\n<title>GE Francobollo ordinario 2018 \u2013 CHF 2,00 Foglio intero - UN Francobolli<\/title>\n<meta name=\"robots\" content=\"index, follow, max-snippet:-1, max-image-preview:large, max-video-preview:-1\" \/>\n<link rel=\"canonical\" href=\"https:\/\/unstamps.org\/it\/prodotto\/ge-francobollo-ordinario-2018-chf-200-foglio-intero\/\" \/>\n<meta property=\"og:locale\" content=\"it_IT\" \/>\n<meta property=\"og:type\" content=\"article\" \/>\n<meta property=\"og:title\" content=\"GE Francobollo ordinario 2018 \u2013 CHF 2,00 Foglio intero - UN Francobolli\" \/>\n<meta property=\"og:description\" content=\"Nel novembre del 2009 l&#8217;Assemblea Generale dell&#8217;ONU ha dichiarato il 18 luglio &#8220;Giornata Internazionale di Nelson Mandela&#8221; in riconoscimento del contributo dell&#8217;ex presidente del Sudafrica alla cultura della pace e della libert\u00e0. L&#8217;ONU riconosce i valori propugnati da Mandela e la sua dedizione al servizio dell&#8217;umanit\u00e0 nei campi della risoluzione dei conflitti, delle relazioni razziali, [&hellip;]\" \/>\n<meta property=\"og:url\" content=\"https:\/\/unstamps.org\/it\/prodotto\/ge-francobollo-ordinario-2018-chf-200-foglio-intero\/\" \/>\n<meta property=\"og:site_name\" content=\"UN Francobolli\" \/>\n<meta property=\"article:modified_time\" content=\"2026-01-09T15:09:00+00:00\" \/>\n<meta property=\"og:image\" content=\"https:\/\/unstamps.org\/wp-content\/uploads\/2018\/06\/N.Mandela_GE-2.00-full-sheet.jpg\" \/>\n\t<meta property=\"og:image:width\" content=\"1024\" \/>\n\t<meta property=\"og:image:height\" content=\"1024\" \/>\n\t<meta property=\"og:image:type\" content=\"image\/jpeg\" \/>\n<meta name=\"twitter:card\" content=\"summary_large_image\" \/>\n<meta name=\"twitter:label1\" content=\"Tempo di lettura stimato\" \/>\n\t<meta name=\"twitter:data1\" content=\"1 minute\" \/>\n<script type=\"application\/ld+json\" class=\"yoast-schema-graph\">{\"@context\":\"https:\\\/\\\/schema.org\",\"@graph\":[{\"@type\":\"WebPage\",\"@id\":\"https:\\\/\\\/unstamps.org\\\/it\\\/prodotto\\\/ge-francobollo-ordinario-2018-chf-200-foglio-intero\\\/\",\"url\":\"https:\\\/\\\/unstamps.org\\\/it\\\/prodotto\\\/ge-francobollo-ordinario-2018-chf-200-foglio-intero\\\/\",\"name\":\"GE Francobollo ordinario 2018 \u2013 CHF 2,00 Foglio intero - UN Francobolli\",\"isPartOf\":{\"@id\":\"https:\\\/\\\/unstamps.org\\\/it\\\/#website\"},\"primaryImageOfPage\":{\"@id\":\"https:\\\/\\\/unstamps.org\\\/it\\\/prodotto\\\/ge-francobollo-ordinario-2018-chf-200-foglio-intero\\\/#primaryimage\"},\"image\":{\"@id\":\"https:\\\/\\\/unstamps.org\\\/it\\\/prodotto\\\/ge-francobollo-ordinario-2018-chf-200-foglio-intero\\\/#primaryimage\"},\"thumbnailUrl\":\"https:\\\/\\\/unstamps.org\\\/wp-content\\\/uploads\\\/2018\\\/06\\\/N.Mandela_GE-2.00-full-sheet.jpg\",\"datePublished\":\"2018-07-17T13:40:21+00:00\",\"dateModified\":\"2026-01-09T15:09:00+00:00\",\"breadcrumb\":{\"@id\":\"https:\\\/\\\/unstamps.org\\\/it\\\/prodotto\\\/ge-francobollo-ordinario-2018-chf-200-foglio-intero\\\/#breadcrumb\"},\"inLanguage\":\"it-IT\",\"potentialAction\":[{\"@type\":\"ReadAction\",\"target\":[\"https:\\\/\\\/unstamps.org\\\/it\\\/prodotto\\\/ge-francobollo-ordinario-2018-chf-200-foglio-intero\\\/\"]}]},{\"@type\":\"ImageObject\",\"inLanguage\":\"it-IT\",\"@id\":\"https:\\\/\\\/unstamps.org\\\/it\\\/prodotto\\\/ge-francobollo-ordinario-2018-chf-200-foglio-intero\\\/#primaryimage\",\"url\":\"https:\\\/\\\/unstamps.org\\\/wp-content\\\/uploads\\\/2018\\\/06\\\/N.Mandela_GE-2.00-full-sheet.jpg\",\"contentUrl\":\"https:\\\/\\\/unstamps.org\\\/wp-content\\\/uploads\\\/2018\\\/06\\\/N.Mandela_GE-2.00-full-sheet.jpg\",\"width\":1024,\"height\":1024},{\"@type\":\"BreadcrumbList\",\"@id\":\"https:\\\/\\\/unstamps.org\\\/it\\\/prodotto\\\/ge-francobollo-ordinario-2018-chf-200-foglio-intero\\\/#breadcrumb\",\"itemListElement\":[{\"@type\":\"ListItem\",\"position\":1,\"name\":\"Home\",\"item\":\"https:\\\/\\\/unstamps.org\\\/it\\\/\"},{\"@type\":\"ListItem\",\"position\":2,\"name\":\"Prodotti\",\"item\":\"https:\\\/\\\/unstamps.org\\\/it\\\/prodotti\\\/\"},{\"@type\":\"ListItem\",\"position\":3,\"name\":\"GE Francobollo ordinario 2018 \u2013 CHF 2,00 Foglio intero\"}]},{\"@type\":\"WebSite\",\"@id\":\"https:\\\/\\\/unstamps.org\\\/it\\\/#website\",\"url\":\"https:\\\/\\\/unstamps.org\\\/it\\\/\",\"name\":\"UN Stamps\",\"description\":\"United Nations Stamps\",\"publisher\":{\"@id\":\"https:\\\/\\\/unstamps.org\\\/it\\\/#organization\"},\"potentialAction\":[{\"@type\":\"SearchAction\",\"target\":{\"@type\":\"EntryPoint\",\"urlTemplate\":\"https:\\\/\\\/unstamps.org\\\/it\\\/?s={search_term_string}\"},\"query-input\":{\"@type\":\"PropertyValueSpecification\",\"valueRequired\":true,\"valueName\":\"search_term_string\"}}],\"inLanguage\":\"it-IT\"},{\"@type\":\"Organization\",\"@id\":\"https:\\\/\\\/unstamps.org\\\/it\\\/#organization\",\"name\":\"UN Stamps\",\"url\":\"https:\\\/\\\/unstamps.org\\\/it\\\/\",\"logo\":{\"@type\":\"ImageObject\",\"inLanguage\":\"it-IT\",\"@id\":\"https:\\\/\\\/unstamps.org\\\/it\\\/#\\\/schema\\\/logo\\\/image\\\/\",\"url\":\"https:\\\/\\\/unstamps.org\\\/wp-content\\\/uploads\\\/2014\\\/01\\\/logo4web.jpg\",\"contentUrl\":\"https:\\\/\\\/unstamps.org\\\/wp-content\\\/uploads\\\/2014\\\/01\\\/logo4web.jpg\",\"width\":2500,\"height\":250,\"caption\":\"UN Stamps\"},\"image\":{\"@id\":\"https:\\\/\\\/unstamps.org\\\/it\\\/#\\\/schema\\\/logo\\\/image\\\/\"}}]}<\/script>\n<!-- \/ Yoast SEO plugin. -->","yoast_head_json":{"title":"GE Francobollo ordinario 2018 \u2013 CHF 2,00 Foglio intero - UN Francobolli","robots":{"index":"index","follow":"follow","max-snippet":"max-snippet:-1","max-image-preview":"max-image-preview:large","max-video-preview":"max-video-preview:-1"},"canonical":"https:\/\/unstamps.org\/it\/prodotto\/ge-francobollo-ordinario-2018-chf-200-foglio-intero\/","og_locale":"it_IT","og_type":"article","og_title":"GE Francobollo ordinario 2018 \u2013 CHF 2,00 Foglio intero - UN Francobolli","og_description":"Nel novembre del 2009 l&#8217;Assemblea Generale dell&#8217;ONU ha dichiarato il 18 luglio &#8220;Giornata Internazionale di Nelson Mandela&#8221; in riconoscimento del contributo dell&#8217;ex presidente del Sudafrica alla cultura della pace e della libert\u00e0. L&#8217;ONU riconosce i valori propugnati da Mandela e la sua dedizione al servizio dell&#8217;umanit\u00e0 nei campi della risoluzione dei conflitti, delle relazioni razziali, [&hellip;]","og_url":"https:\/\/unstamps.org\/it\/prodotto\/ge-francobollo-ordinario-2018-chf-200-foglio-intero\/","og_site_name":"UN Francobolli","article_modified_time":"2026-01-09T15:09:00+00:00","og_image":[{"width":1024,"height":1024,"url":"https:\/\/unstamps.org\/wp-content\/uploads\/2018\/06\/N.Mandela_GE-2.00-full-sheet.jpg","type":"image\/jpeg"}],"twitter_card":"summary_large_image","twitter_misc":{"Tempo di lettura stimato":"1 minute"},"schema":{"@context":"https:\/\/schema.org","@graph":[{"@type":"WebPage","@id":"https:\/\/unstamps.org\/it\/prodotto\/ge-francobollo-ordinario-2018-chf-200-foglio-intero\/","url":"https:\/\/unstamps.org\/it\/prodotto\/ge-francobollo-ordinario-2018-chf-200-foglio-intero\/","name":"GE Francobollo ordinario 2018 \u2013 CHF 2,00 Foglio intero - UN Francobolli","isPartOf":{"@id":"https:\/\/unstamps.org\/it\/#website"},"primaryImageOfPage":{"@id":"https:\/\/unstamps.org\/it\/prodotto\/ge-francobollo-ordinario-2018-chf-200-foglio-intero\/#primaryimage"},"image":{"@id":"https:\/\/unstamps.org\/it\/prodotto\/ge-francobollo-ordinario-2018-chf-200-foglio-intero\/#primaryimage"},"thumbnailUrl":"https:\/\/unstamps.org\/wp-content\/uploads\/2018\/06\/N.Mandela_GE-2.00-full-sheet.jpg","datePublished":"2018-07-17T13:40:21+00:00","dateModified":"2026-01-09T15:09:00+00:00","breadcrumb":{"@id":"https:\/\/unstamps.org\/it\/prodotto\/ge-francobollo-ordinario-2018-chf-200-foglio-intero\/#breadcrumb"},"inLanguage":"it-IT","potentialAction":[{"@type":"ReadAction","target":["https:\/\/unstamps.org\/it\/prodotto\/ge-francobollo-ordinario-2018-chf-200-foglio-intero\/"]}]},{"@type":"ImageObject","inLanguage":"it-IT","@id":"https:\/\/unstamps.org\/it\/prodotto\/ge-francobollo-ordinario-2018-chf-200-foglio-intero\/#primaryimage","url":"https:\/\/unstamps.org\/wp-content\/uploads\/2018\/06\/N.Mandela_GE-2.00-full-sheet.jpg","contentUrl":"https:\/\/unstamps.org\/wp-content\/uploads\/2018\/06\/N.Mandela_GE-2.00-full-sheet.jpg","width":1024,"height":1024},{"@type":"BreadcrumbList","@id":"https:\/\/unstamps.org\/it\/prodotto\/ge-francobollo-ordinario-2018-chf-200-foglio-intero\/#breadcrumb","itemListElement":[{"@type":"ListItem","position":1,"name":"Home","item":"https:\/\/unstamps.org\/it\/"},{"@type":"ListItem","position":2,"name":"Prodotti","item":"https:\/\/unstamps.org\/it\/prodotti\/"},{"@type":"ListItem","position":3,"name":"GE Francobollo ordinario 2018 \u2013 CHF 2,00 Foglio intero"}]},{"@type":"WebSite","@id":"https:\/\/unstamps.org\/it\/#website","url":"https:\/\/unstamps.org\/it\/","name":"UN Stamps","description":"United Nations Stamps","publisher":{"@id":"https:\/\/unstamps.org\/it\/#organization"},"potentialAction":[{"@type":"SearchAction","target":{"@type":"EntryPoint","urlTemplate":"https:\/\/unstamps.org\/it\/?s={search_term_string}"},"query-input":{"@type":"PropertyValueSpecification","valueRequired":true,"valueName":"search_term_string"}}],"inLanguage":"it-IT"},{"@type":"Organization","@id":"https:\/\/unstamps.org\/it\/#organization","name":"UN Stamps","url":"https:\/\/unstamps.org\/it\/","logo":{"@type":"ImageObject","inLanguage":"it-IT","@id":"https:\/\/unstamps.org\/it\/#\/schema\/logo\/image\/","url":"https:\/\/unstamps.org\/wp-content\/uploads\/2014\/01\/logo4web.jpg","contentUrl":"https:\/\/unstamps.org\/wp-content\/uploads\/2014\/01\/logo4web.jpg","width":2500,"height":250,"caption":"UN Stamps"},"image":{"@id":"https:\/\/unstamps.org\/it\/#\/schema\/logo\/image\/"}}]}},"jetpack_sharing_enabled":true,"publishpress_future_action":{"enabled":false,"date":"2026-04-23 18:52:01","action":"change-status","newStatus":"private","terms":[],"taxonomy":"product_cat","extraData":[]},"publishpress_future_workflow_manual_trigger":{"enabledWorkflows":[]},"_links":{"self":[{"href":"https:\/\/unstamps.org\/it\/wp-json\/wp\/v2\/product\/60695","targetHints":{"allow":["GET"]}}],"collection":[{"href":"https:\/\/unstamps.org\/it\/wp-json\/wp\/v2\/product"}],"about":[{"href":"https:\/\/unstamps.org\/it\/wp-json\/wp\/v2\/types\/product"}],"replies":[{"embeddable":true,"href":"https:\/\/unstamps.org\/it\/wp-json\/wp\/v2\/comments?post=60695"}],"wp:featuredmedia":[{"embeddable":true,"href":"https:\/\/unstamps.org\/it\/wp-json\/wp\/v2\/media\/58417"}],"wp:attachment":[{"href":"https:\/\/unstamps.org\/it\/wp-json\/wp\/v2\/media?parent=60695"}],"wp:term":[{"taxonomy":"product_brand","embeddable":true,"href":"https:\/\/unstamps.org\/it\/wp-json\/wp\/v2\/product_brand?post=60695"},{"taxonomy":"product_cat","embeddable":true,"href":"https:\/\/unstamps.org\/it\/wp-json\/wp\/v2\/product_cat?post=60695"},{"taxonomy":"product_tag","embeddable":true,"href":"https:\/\/unstamps.org\/it\/wp-json\/wp\/v2\/product_tag?post=60695"}],"curies":[{"name":"wp","href":"https:\/\/api.w.org\/{rel}","templated":true}]}}