{"id":57747,"date":"2018-05-29T13:18:15","date_gmt":"2018-05-29T17:18:15","guid":{"rendered":"https:\/\/unstamps.org\/?post_type=product&#038;p=57747"},"modified":"2026-01-09T10:09:00","modified_gmt":"2026-01-09T15:09:00","slug":"ny-francobollo-ordinario-2018-us-065-foglio-intero","status":"publish","type":"product","link":"https:\/\/unstamps.org\/it\/prodotto\/ny-francobollo-ordinario-2018-us-065-foglio-intero\/","title":{"rendered":"NY Francobollo ordinario 2018 \u2013 US$ 0,65 Foglio intero"},"content":{"rendered":"<h2><strong>CHE COSA FAI TU PER LA PACE?<\/strong><\/h2>\n<p>Il 17 settembre 2015 \u00e8 stata lanciata una campagna di portata mondiale per presentare le possibilit\u00e0 di carriera nelle sedi locali dell&#8217;ONU e per sottolineare il concetto che il personale dell&#8217;ONU \u00e8 la risorsa principale dell&#8217;Organizzazione. L&#8217;evento, fotografato mediante una ripresa eseguita da un aereo, si \u00e8 svolto in una meravigliosa giornata di sole e ha visto la partecipazione di oltre 1000 dipendenti di numerosi uffici e dipartimenti del quartier generale dell&#8217;ONU, che, vestiti di bianco, si sono riuniti formando un cerchio, davanti all&#8217;edificio del Segretariato a New York, componendo le lettere dello slogan &#8220;What R U doing 4 peace? \/ Que faites-vous pour la paix?&#8221; in inglese e francese.<\/p>\n<p>I partecipanti stavano in piedi uno accanto all`altro, vestendo il colore simbolo della pace, e hanno consentito di creare due immagini pensate per evocare la &#8220;raison d\u2019\u00eatre&#8221; delle Nazioni Unite, dato che l&#8217;impegno per la causa della pace \u00e8 al cuore di tutto ci\u00f2 che l&#8217;ONU fa ogni giorno. Questo evento ha anche contrassegnato il 70\u00b0 anniversario dell&#8217;ONU ed \u00e8 stato il risultato di un grande sforzo di coordinamento che ha permesso di ottenere due immagini iconiche nelle lingue di lavoro dell&#8217;ONU.<\/p>\n<p>L&#8217;organizzazione della ripresa aerea \u00e8 stata affidata alla Divisione Personale delle sedi locali del Dipartimento di supporto alle sedi locali (Department of Field Support). L&#8217;idea per le immagini \u00e8 stata concepita basandosi su un approccio &#8220;tutto \u00e8 possibile (il cielo \u00e8 il limite)&#8221;, e approvata dall&#8217;allora Capo di Gabinetto, Susana Malcorra. L&#8217;evento \u00e8 stato sfruttato per richiamare l&#8217;interesse sulla molteplicit\u00e0 di carriere possibili nell&#8217;ONU, in svariati settori e in molte sedi sparse in tutto il mondo.<\/p>\n<p>Il 29 maggio 2018, l&#8217;APNU emetter\u00e0 un francobollo ordinario da 65 \u00a2, in coincidenza con la Giornata Internazionale delle Forze di pace dell&#8217;ONU, per celebrare tutti coloro che operano senza risparmiarsi per la causa della pace.<\/p>\n<p><strong>Data di emissione: <\/strong>29 maggio 2018<br \/>\n<strong>Descrizione: <\/strong>Che cosa fai tu per la pace?<br \/>\n<strong>Disegno: <\/strong>Rorie Katz (Nazione Unite)<br \/>\n<strong>Photo: <\/strong>UN Photo\/Rick Bajornas<br \/>\n<strong>Valore: <\/strong>US$ 0,65<br \/>\n<strong>Formato dei francobolli: <\/strong>35mm x 50mm<br \/>\n<strong>Francobolli per foglio: <\/strong>20<br \/>\n<strong>Stampa: <\/strong>Lowe-Martin Group (Canada)<br \/>\n<strong>Riproduzione: <\/strong>Litografia offset (esacromia)<br \/>\n<strong>Dentellatura: <\/strong>13.1<br \/>\n<strong>Quantit\u00e0: <\/strong>13.500 fogli (270.000 francobolli)<\/p>\n","protected":false},"excerpt":{"rendered":"<p>CHE COSA FAI TU PER LA PACE? Il 17 settembre 2015 \u00e8 stata lanciata una campagna di portata mondiale per presentare le possibilit\u00e0 di carriera nelle sedi locali dell&#8217;ONU e per sottolineare il concetto che il personale dell&#8217;ONU \u00e8 la risorsa principale dell&#8217;Organizzazione. L&#8217;evento, fotografato mediante una ripresa eseguita da un aereo, si \u00e8 svolto [&hellip;]<\/p>\n","protected":false},"featured_media":57821,"comment_status":"closed","ping_status":"closed","template":"","meta":{"ngg_post_thumbnail":0},"product_brand":[],"product_cat":[962,324],"product_tag":[],"class_list":{"0":"post-57747","1":"product","2":"type-product","3":"status-publish","4":"has-post-thumbnail","6":"product_cat-2018-it","7":"product_cat-new-york-issuing-office-it","8":"pa_condition-cancelled-it","9":"pa_condition-mint-it","11":"first","12":"instock","13":"shipping-taxable","14":"purchasable","15":"product-type-variable"},"yoast_head":"<!-- This site is optimized with the Yoast SEO plugin v27.4 - https:\/\/yoast.com\/product\/yoast-seo-wordpress\/ -->\n<title>NY Francobollo ordinario 2018 \u2013 US$ 0,65 Foglio intero - UN Francobolli<\/title>\n<meta name=\"robots\" content=\"index, follow, max-snippet:-1, max-image-preview:large, max-video-preview:-1\" \/>\n<link rel=\"canonical\" href=\"https:\/\/unstamps.org\/it\/prodotto\/ny-francobollo-ordinario-2018-us-065-foglio-intero\/\" \/>\n<meta property=\"og:locale\" content=\"it_IT\" \/>\n<meta property=\"og:type\" content=\"article\" \/>\n<meta property=\"og:title\" content=\"NY Francobollo ordinario 2018 \u2013 US$ 0,65 Foglio intero - UN Francobolli\" \/>\n<meta property=\"og:description\" content=\"CHE COSA FAI TU PER LA PACE? Il 17 settembre 2015 \u00e8 stata lanciata una campagna di portata mondiale per presentare le possibilit\u00e0 di carriera nelle sedi locali dell&#8217;ONU e per sottolineare il concetto che il personale dell&#8217;ONU \u00e8 la risorsa principale dell&#8217;Organizzazione. L&#8217;evento, fotografato mediante una ripresa eseguita da un aereo, si \u00e8 svolto [&hellip;]\" \/>\n<meta property=\"og:url\" content=\"https:\/\/unstamps.org\/it\/prodotto\/ny-francobollo-ordinario-2018-us-065-foglio-intero\/\" \/>\n<meta property=\"og:site_name\" content=\"UN Francobolli\" \/>\n<meta property=\"article:modified_time\" content=\"2026-01-09T15:09:00+00:00\" \/>\n<meta property=\"og:image\" content=\"https:\/\/unstamps.org\/wp-content\/uploads\/2018\/05\/WRUDFP18_NY-0.65-sheet.jpg\" \/>\n\t<meta property=\"og:image:width\" content=\"1024\" \/>\n\t<meta property=\"og:image:height\" content=\"1024\" \/>\n\t<meta property=\"og:image:type\" content=\"image\/jpeg\" \/>\n<meta name=\"twitter:card\" content=\"summary_large_image\" \/>\n<meta name=\"twitter:label1\" content=\"Tempo di lettura stimato\" \/>\n\t<meta name=\"twitter:data1\" content=\"2 minutes\" \/>\n<script type=\"application\/ld+json\" class=\"yoast-schema-graph\">{\"@context\":\"https:\\\/\\\/schema.org\",\"@graph\":[{\"@type\":\"WebPage\",\"@id\":\"https:\\\/\\\/unstamps.org\\\/it\\\/prodotto\\\/ny-francobollo-ordinario-2018-us-065-foglio-intero\\\/\",\"url\":\"https:\\\/\\\/unstamps.org\\\/it\\\/prodotto\\\/ny-francobollo-ordinario-2018-us-065-foglio-intero\\\/\",\"name\":\"NY Francobollo ordinario 2018 \u2013 US$ 0,65 Foglio intero - UN Francobolli\",\"isPartOf\":{\"@id\":\"https:\\\/\\\/unstamps.org\\\/it\\\/#website\"},\"primaryImageOfPage\":{\"@id\":\"https:\\\/\\\/unstamps.org\\\/it\\\/prodotto\\\/ny-francobollo-ordinario-2018-us-065-foglio-intero\\\/#primaryimage\"},\"image\":{\"@id\":\"https:\\\/\\\/unstamps.org\\\/it\\\/prodotto\\\/ny-francobollo-ordinario-2018-us-065-foglio-intero\\\/#primaryimage\"},\"thumbnailUrl\":\"https:\\\/\\\/unstamps.org\\\/wp-content\\\/uploads\\\/2018\\\/05\\\/WRUDFP18_NY-0.65-sheet.jpg\",\"datePublished\":\"2018-05-29T17:18:15+00:00\",\"dateModified\":\"2026-01-09T15:09:00+00:00\",\"breadcrumb\":{\"@id\":\"https:\\\/\\\/unstamps.org\\\/it\\\/prodotto\\\/ny-francobollo-ordinario-2018-us-065-foglio-intero\\\/#breadcrumb\"},\"inLanguage\":\"it-IT\",\"potentialAction\":[{\"@type\":\"ReadAction\",\"target\":[\"https:\\\/\\\/unstamps.org\\\/it\\\/prodotto\\\/ny-francobollo-ordinario-2018-us-065-foglio-intero\\\/\"]}]},{\"@type\":\"ImageObject\",\"inLanguage\":\"it-IT\",\"@id\":\"https:\\\/\\\/unstamps.org\\\/it\\\/prodotto\\\/ny-francobollo-ordinario-2018-us-065-foglio-intero\\\/#primaryimage\",\"url\":\"https:\\\/\\\/unstamps.org\\\/wp-content\\\/uploads\\\/2018\\\/05\\\/WRUDFP18_NY-0.65-sheet.jpg\",\"contentUrl\":\"https:\\\/\\\/unstamps.org\\\/wp-content\\\/uploads\\\/2018\\\/05\\\/WRUDFP18_NY-0.65-sheet.jpg\",\"width\":1024,\"height\":1024},{\"@type\":\"BreadcrumbList\",\"@id\":\"https:\\\/\\\/unstamps.org\\\/it\\\/prodotto\\\/ny-francobollo-ordinario-2018-us-065-foglio-intero\\\/#breadcrumb\",\"itemListElement\":[{\"@type\":\"ListItem\",\"position\":1,\"name\":\"Home\",\"item\":\"https:\\\/\\\/unstamps.org\\\/it\\\/\"},{\"@type\":\"ListItem\",\"position\":2,\"name\":\"Prodotti\",\"item\":\"https:\\\/\\\/unstamps.org\\\/it\\\/prodotti\\\/\"},{\"@type\":\"ListItem\",\"position\":3,\"name\":\"NY Francobollo ordinario 2018 \u2013 US$ 0,65 Foglio intero\"}]},{\"@type\":\"WebSite\",\"@id\":\"https:\\\/\\\/unstamps.org\\\/it\\\/#website\",\"url\":\"https:\\\/\\\/unstamps.org\\\/it\\\/\",\"name\":\"UN Stamps\",\"description\":\"United Nations Stamps\",\"publisher\":{\"@id\":\"https:\\\/\\\/unstamps.org\\\/it\\\/#organization\"},\"potentialAction\":[{\"@type\":\"SearchAction\",\"target\":{\"@type\":\"EntryPoint\",\"urlTemplate\":\"https:\\\/\\\/unstamps.org\\\/it\\\/?s={search_term_string}\"},\"query-input\":{\"@type\":\"PropertyValueSpecification\",\"valueRequired\":true,\"valueName\":\"search_term_string\"}}],\"inLanguage\":\"it-IT\"},{\"@type\":\"Organization\",\"@id\":\"https:\\\/\\\/unstamps.org\\\/it\\\/#organization\",\"name\":\"UN Stamps\",\"url\":\"https:\\\/\\\/unstamps.org\\\/it\\\/\",\"logo\":{\"@type\":\"ImageObject\",\"inLanguage\":\"it-IT\",\"@id\":\"https:\\\/\\\/unstamps.org\\\/it\\\/#\\\/schema\\\/logo\\\/image\\\/\",\"url\":\"https:\\\/\\\/unstamps.org\\\/wp-content\\\/uploads\\\/2014\\\/01\\\/logo4web.jpg\",\"contentUrl\":\"https:\\\/\\\/unstamps.org\\\/wp-content\\\/uploads\\\/2014\\\/01\\\/logo4web.jpg\",\"width\":2500,\"height\":250,\"caption\":\"UN Stamps\"},\"image\":{\"@id\":\"https:\\\/\\\/unstamps.org\\\/it\\\/#\\\/schema\\\/logo\\\/image\\\/\"}}]}<\/script>\n<!-- \/ Yoast SEO plugin. -->","yoast_head_json":{"title":"NY Francobollo ordinario 2018 \u2013 US$ 0,65 Foglio intero - UN Francobolli","robots":{"index":"index","follow":"follow","max-snippet":"max-snippet:-1","max-image-preview":"max-image-preview:large","max-video-preview":"max-video-preview:-1"},"canonical":"https:\/\/unstamps.org\/it\/prodotto\/ny-francobollo-ordinario-2018-us-065-foglio-intero\/","og_locale":"it_IT","og_type":"article","og_title":"NY Francobollo ordinario 2018 \u2013 US$ 0,65 Foglio intero - UN Francobolli","og_description":"CHE COSA FAI TU PER LA PACE? Il 17 settembre 2015 \u00e8 stata lanciata una campagna di portata mondiale per presentare le possibilit\u00e0 di carriera nelle sedi locali dell&#8217;ONU e per sottolineare il concetto che il personale dell&#8217;ONU \u00e8 la risorsa principale dell&#8217;Organizzazione. L&#8217;evento, fotografato mediante una ripresa eseguita da un aereo, si \u00e8 svolto [&hellip;]","og_url":"https:\/\/unstamps.org\/it\/prodotto\/ny-francobollo-ordinario-2018-us-065-foglio-intero\/","og_site_name":"UN Francobolli","article_modified_time":"2026-01-09T15:09:00+00:00","og_image":[{"width":1024,"height":1024,"url":"https:\/\/unstamps.org\/wp-content\/uploads\/2018\/05\/WRUDFP18_NY-0.65-sheet.jpg","type":"image\/jpeg"}],"twitter_card":"summary_large_image","twitter_misc":{"Tempo di lettura stimato":"2 minutes"},"schema":{"@context":"https:\/\/schema.org","@graph":[{"@type":"WebPage","@id":"https:\/\/unstamps.org\/it\/prodotto\/ny-francobollo-ordinario-2018-us-065-foglio-intero\/","url":"https:\/\/unstamps.org\/it\/prodotto\/ny-francobollo-ordinario-2018-us-065-foglio-intero\/","name":"NY Francobollo ordinario 2018 \u2013 US$ 0,65 Foglio intero - UN Francobolli","isPartOf":{"@id":"https:\/\/unstamps.org\/it\/#website"},"primaryImageOfPage":{"@id":"https:\/\/unstamps.org\/it\/prodotto\/ny-francobollo-ordinario-2018-us-065-foglio-intero\/#primaryimage"},"image":{"@id":"https:\/\/unstamps.org\/it\/prodotto\/ny-francobollo-ordinario-2018-us-065-foglio-intero\/#primaryimage"},"thumbnailUrl":"https:\/\/unstamps.org\/wp-content\/uploads\/2018\/05\/WRUDFP18_NY-0.65-sheet.jpg","datePublished":"2018-05-29T17:18:15+00:00","dateModified":"2026-01-09T15:09:00+00:00","breadcrumb":{"@id":"https:\/\/unstamps.org\/it\/prodotto\/ny-francobollo-ordinario-2018-us-065-foglio-intero\/#breadcrumb"},"inLanguage":"it-IT","potentialAction":[{"@type":"ReadAction","target":["https:\/\/unstamps.org\/it\/prodotto\/ny-francobollo-ordinario-2018-us-065-foglio-intero\/"]}]},{"@type":"ImageObject","inLanguage":"it-IT","@id":"https:\/\/unstamps.org\/it\/prodotto\/ny-francobollo-ordinario-2018-us-065-foglio-intero\/#primaryimage","url":"https:\/\/unstamps.org\/wp-content\/uploads\/2018\/05\/WRUDFP18_NY-0.65-sheet.jpg","contentUrl":"https:\/\/unstamps.org\/wp-content\/uploads\/2018\/05\/WRUDFP18_NY-0.65-sheet.jpg","width":1024,"height":1024},{"@type":"BreadcrumbList","@id":"https:\/\/unstamps.org\/it\/prodotto\/ny-francobollo-ordinario-2018-us-065-foglio-intero\/#breadcrumb","itemListElement":[{"@type":"ListItem","position":1,"name":"Home","item":"https:\/\/unstamps.org\/it\/"},{"@type":"ListItem","position":2,"name":"Prodotti","item":"https:\/\/unstamps.org\/it\/prodotti\/"},{"@type":"ListItem","position":3,"name":"NY Francobollo ordinario 2018 \u2013 US$ 0,65 Foglio intero"}]},{"@type":"WebSite","@id":"https:\/\/unstamps.org\/it\/#website","url":"https:\/\/unstamps.org\/it\/","name":"UN Stamps","description":"United Nations Stamps","publisher":{"@id":"https:\/\/unstamps.org\/it\/#organization"},"potentialAction":[{"@type":"SearchAction","target":{"@type":"EntryPoint","urlTemplate":"https:\/\/unstamps.org\/it\/?s={search_term_string}"},"query-input":{"@type":"PropertyValueSpecification","valueRequired":true,"valueName":"search_term_string"}}],"inLanguage":"it-IT"},{"@type":"Organization","@id":"https:\/\/unstamps.org\/it\/#organization","name":"UN Stamps","url":"https:\/\/unstamps.org\/it\/","logo":{"@type":"ImageObject","inLanguage":"it-IT","@id":"https:\/\/unstamps.org\/it\/#\/schema\/logo\/image\/","url":"https:\/\/unstamps.org\/wp-content\/uploads\/2014\/01\/logo4web.jpg","contentUrl":"https:\/\/unstamps.org\/wp-content\/uploads\/2014\/01\/logo4web.jpg","width":2500,"height":250,"caption":"UN Stamps"},"image":{"@id":"https:\/\/unstamps.org\/it\/#\/schema\/logo\/image\/"}}]}},"jetpack_sharing_enabled":true,"publishpress_future_action":{"enabled":false,"date":"2026-04-28 08:03:56","action":"change-status","newStatus":"private","terms":[],"taxonomy":"product_cat","extraData":[]},"publishpress_future_workflow_manual_trigger":{"enabledWorkflows":[]},"_links":{"self":[{"href":"https:\/\/unstamps.org\/it\/wp-json\/wp\/v2\/product\/57747","targetHints":{"allow":["GET"]}}],"collection":[{"href":"https:\/\/unstamps.org\/it\/wp-json\/wp\/v2\/product"}],"about":[{"href":"https:\/\/unstamps.org\/it\/wp-json\/wp\/v2\/types\/product"}],"replies":[{"embeddable":true,"href":"https:\/\/unstamps.org\/it\/wp-json\/wp\/v2\/comments?post=57747"}],"wp:featuredmedia":[{"embeddable":true,"href":"https:\/\/unstamps.org\/it\/wp-json\/wp\/v2\/media\/57821"}],"wp:attachment":[{"href":"https:\/\/unstamps.org\/it\/wp-json\/wp\/v2\/media?parent=57747"}],"wp:term":[{"taxonomy":"product_brand","embeddable":true,"href":"https:\/\/unstamps.org\/it\/wp-json\/wp\/v2\/product_brand?post=57747"},{"taxonomy":"product_cat","embeddable":true,"href":"https:\/\/unstamps.org\/it\/wp-json\/wp\/v2\/product_cat?post=57747"},{"taxonomy":"product_tag","embeddable":true,"href":"https:\/\/unstamps.org\/it\/wp-json\/wp\/v2\/product_tag?post=57747"}],"curies":[{"name":"wp","href":"https:\/\/api.w.org\/{rel}","templated":true}]}}