{"id":57189,"date":"2018-05-03T09:02:34","date_gmt":"2018-05-03T13:40:04","guid":{"rendered":"https:\/\/unstamps.org\/?post_type=product&#038;p=57189"},"modified":"2026-01-09T10:09:01","modified_gmt":"2026-01-09T15:09:01","slug":"ny-francobollo-ordinario-2018-us-250-foglio-intero","status":"publish","type":"product","link":"https:\/\/unstamps.org\/it\/prodotto\/ny-francobollo-ordinario-2018-us-250-foglio-intero\/","title":{"rendered":"NY Francobollo ordinario 2018 \u2013 US$ 2,50 Foglio intero"},"content":{"rendered":"<p><strong>\u00a070\u00b0 anniversario della Dichiarazione Universale dei Diritti Umani<\/strong><\/p>\n<p>Per richiamare l&#8217;attenzione sull\u2019importanza della Dichiarazione Universale dei Diritti Umani nella vita quotidiana delle persone, nel 2018 l&#8217;Alto commissariato dell&#8217;ONU per i diritti umani celebrer\u00e0 il 70\u00b0 anniversario della Dichiarazione con una campagna che durer\u00e0 tutto l&#8217;anno.<\/p>\n<p>Proclamata dall&#8217;Assemblea Generale delle Nazioni Unite il 10 dicembre 1948 e stilata da rappresentanti di tutte le regioni del mondo, con background culturali e legali differenti, la Dichiarazione definisce valori universali e uno standard comune di risultati per tutti i popoli e le nazioni. Stabilisce inoltre che tutte le persone hanno pari dignit\u00e0 e pari valore.<\/p>\n<p>Grazie alla Dichiarazione e all&#8217;impegno degli Stati nel rispettarne i principi, milioni di persone hanno visto risollevata la propria dignit\u00e0 e si sono state poste le basi per un mondo pi\u00f9 giusto. Anche se la sua promessa deve ancora essere pienamente realizzata, il semplice fatto che la Dichiarazione abbia superato la prova del tempo testimonia la duratura universalit\u00e0 dei suoi valori perenni.<\/p>\n<p>Il francobollo da $ 2,50 mostrer\u00e0 un&#8217;immagine di Eleanor Roosevelt che tiene in mano un originale della Dichiarazione. Roosevelt fu la prima presidente della Commissione delle Nazioni Unite per i Diritti Umani, e si impegn\u00f2 tutta la vita perch\u00e9 la Dichiarazione ottenesse sempre maggiore riconoscimento e perch\u00e9 fossero applicati i diritti che essa stabilisce.<\/p>\n<p>&nbsp;<\/p>\n<p><strong>Data di emissione:<\/strong> 3 maggio 2018<br \/>\n<strong>Designatore:<\/strong> Rorie Katz (Nazioni Unite)<br \/>\n<strong>Valore:<\/strong> US$ 2,50<br \/>\n<strong>Formato del francobollo:<\/strong> 50mm x 35mm<br \/>\n<strong>Francobolli per foglio:<\/strong> 20<br \/>\n<strong>Stampa:<\/strong> Lowe-Martin Group (Canada)<br \/>\n<strong>Riproduzione:<\/strong> Litografia offset &#8211; Hexachrome<br \/>\n<strong>Dentellatura:<\/strong> 13.1<br \/>\n<strong>Quantit\u00e0:<\/strong> 5.000 fogli (100.000 francobolli)<\/p>\n","protected":false},"excerpt":{"rendered":"<p>\u00a070\u00b0 anniversario della Dichiarazione Universale dei Diritti Umani Per richiamare l&#8217;attenzione sull\u2019importanza della Dichiarazione Universale dei Diritti Umani nella vita quotidiana delle persone, nel 2018 l&#8217;Alto commissariato dell&#8217;ONU per i diritti umani celebrer\u00e0 il 70\u00b0 anniversario della Dichiarazione con una campagna che durer\u00e0 tutto l&#8217;anno. Proclamata dall&#8217;Assemblea Generale delle Nazioni Unite il 10 dicembre 1948 [&hellip;]<\/p>\n","protected":false},"featured_media":57294,"comment_status":"closed","ping_status":"closed","template":"","meta":{"ngg_post_thumbnail":0},"product_brand":[],"product_cat":[962,224,324],"product_tag":[],"class_list":{"0":"post-57189","1":"product","2":"type-product","3":"status-publish","4":"has-post-thumbnail","6":"product_cat-2018-it","7":"product_cat-foglio-intero","8":"product_cat-new-york-issuing-office-it","9":"pa_condition-cancelled-it","10":"pa_condition-mint-it","12":"first","13":"instock","14":"shipping-taxable","15":"purchasable","16":"product-type-variable"},"yoast_head":"<!-- This site is optimized with the Yoast SEO plugin v27.5 - https:\/\/yoast.com\/product\/yoast-seo-wordpress\/ -->\n<title>NY Francobollo ordinario 2018 \u2013 US$ 2,50 Foglio intero - UN Francobolli<\/title>\n<meta name=\"robots\" content=\"index, follow, max-snippet:-1, max-image-preview:large, max-video-preview:-1\" \/>\n<link rel=\"canonical\" href=\"https:\/\/unstamps.org\/it\/prodotto\/ny-francobollo-ordinario-2018-us-250-foglio-intero\/\" \/>\n<meta property=\"og:locale\" content=\"it_IT\" \/>\n<meta property=\"og:type\" content=\"article\" \/>\n<meta property=\"og:title\" content=\"NY Francobollo ordinario 2018 \u2013 US$ 2,50 Foglio intero - UN Francobolli\" \/>\n<meta property=\"og:description\" content=\"\u00a070\u00b0 anniversario della Dichiarazione Universale dei Diritti Umani Per richiamare l&#8217;attenzione sull\u2019importanza della Dichiarazione Universale dei Diritti Umani nella vita quotidiana delle persone, nel 2018 l&#8217;Alto commissariato dell&#8217;ONU per i diritti umani celebrer\u00e0 il 70\u00b0 anniversario della Dichiarazione con una campagna che durer\u00e0 tutto l&#8217;anno. Proclamata dall&#8217;Assemblea Generale delle Nazioni Unite il 10 dicembre 1948 [&hellip;]\" \/>\n<meta property=\"og:url\" content=\"https:\/\/unstamps.org\/it\/prodotto\/ny-francobollo-ordinario-2018-us-250-foglio-intero\/\" \/>\n<meta property=\"og:site_name\" content=\"UN Francobolli\" \/>\n<meta property=\"article:modified_time\" content=\"2026-01-09T15:09:01+00:00\" \/>\n<meta property=\"og:image\" content=\"https:\/\/unstamps.org\/wp-content\/uploads\/2018\/04\/UDOHR18_NY-2.50-sheet.jpg\" \/>\n\t<meta property=\"og:image:width\" content=\"1024\" \/>\n\t<meta property=\"og:image:height\" content=\"1024\" \/>\n\t<meta property=\"og:image:type\" content=\"image\/jpeg\" \/>\n<meta name=\"twitter:card\" content=\"summary_large_image\" \/>\n<meta name=\"twitter:label1\" content=\"Tempo di lettura stimato\" \/>\n\t<meta name=\"twitter:data1\" content=\"1 minute\" \/>\n<script type=\"application\/ld+json\" class=\"yoast-schema-graph\">{\"@context\":\"https:\\\/\\\/schema.org\",\"@graph\":[{\"@type\":\"WebPage\",\"@id\":\"https:\\\/\\\/unstamps.org\\\/it\\\/prodotto\\\/ny-francobollo-ordinario-2018-us-250-foglio-intero\\\/\",\"url\":\"https:\\\/\\\/unstamps.org\\\/it\\\/prodotto\\\/ny-francobollo-ordinario-2018-us-250-foglio-intero\\\/\",\"name\":\"NY Francobollo ordinario 2018 \u2013 US$ 2,50 Foglio intero - UN Francobolli\",\"isPartOf\":{\"@id\":\"https:\\\/\\\/unstamps.org\\\/it\\\/#website\"},\"primaryImageOfPage\":{\"@id\":\"https:\\\/\\\/unstamps.org\\\/it\\\/prodotto\\\/ny-francobollo-ordinario-2018-us-250-foglio-intero\\\/#primaryimage\"},\"image\":{\"@id\":\"https:\\\/\\\/unstamps.org\\\/it\\\/prodotto\\\/ny-francobollo-ordinario-2018-us-250-foglio-intero\\\/#primaryimage\"},\"thumbnailUrl\":\"https:\\\/\\\/unstamps.org\\\/wp-content\\\/uploads\\\/2018\\\/04\\\/UDOHR18_NY-2.50-sheet.jpg\",\"datePublished\":\"2018-05-03T13:40:04+00:00\",\"dateModified\":\"2026-01-09T15:09:01+00:00\",\"breadcrumb\":{\"@id\":\"https:\\\/\\\/unstamps.org\\\/it\\\/prodotto\\\/ny-francobollo-ordinario-2018-us-250-foglio-intero\\\/#breadcrumb\"},\"inLanguage\":\"it-IT\",\"potentialAction\":[{\"@type\":\"ReadAction\",\"target\":[\"https:\\\/\\\/unstamps.org\\\/it\\\/prodotto\\\/ny-francobollo-ordinario-2018-us-250-foglio-intero\\\/\"]}]},{\"@type\":\"ImageObject\",\"inLanguage\":\"it-IT\",\"@id\":\"https:\\\/\\\/unstamps.org\\\/it\\\/prodotto\\\/ny-francobollo-ordinario-2018-us-250-foglio-intero\\\/#primaryimage\",\"url\":\"https:\\\/\\\/unstamps.org\\\/wp-content\\\/uploads\\\/2018\\\/04\\\/UDOHR18_NY-2.50-sheet.jpg\",\"contentUrl\":\"https:\\\/\\\/unstamps.org\\\/wp-content\\\/uploads\\\/2018\\\/04\\\/UDOHR18_NY-2.50-sheet.jpg\",\"width\":1024,\"height\":1024},{\"@type\":\"BreadcrumbList\",\"@id\":\"https:\\\/\\\/unstamps.org\\\/it\\\/prodotto\\\/ny-francobollo-ordinario-2018-us-250-foglio-intero\\\/#breadcrumb\",\"itemListElement\":[{\"@type\":\"ListItem\",\"position\":1,\"name\":\"Home\",\"item\":\"https:\\\/\\\/unstamps.org\\\/it\\\/\"},{\"@type\":\"ListItem\",\"position\":2,\"name\":\"Prodotti\",\"item\":\"https:\\\/\\\/unstamps.org\\\/it\\\/prodotti\\\/\"},{\"@type\":\"ListItem\",\"position\":3,\"name\":\"NY Francobollo ordinario 2018 \u2013 US$ 2,50 Foglio intero\"}]},{\"@type\":\"WebSite\",\"@id\":\"https:\\\/\\\/unstamps.org\\\/it\\\/#website\",\"url\":\"https:\\\/\\\/unstamps.org\\\/it\\\/\",\"name\":\"UN Stamps\",\"description\":\"United Nations Stamps\",\"publisher\":{\"@id\":\"https:\\\/\\\/unstamps.org\\\/it\\\/#organization\"},\"potentialAction\":[{\"@type\":\"SearchAction\",\"target\":{\"@type\":\"EntryPoint\",\"urlTemplate\":\"https:\\\/\\\/unstamps.org\\\/it\\\/?s={search_term_string}\"},\"query-input\":{\"@type\":\"PropertyValueSpecification\",\"valueRequired\":true,\"valueName\":\"search_term_string\"}}],\"inLanguage\":\"it-IT\"},{\"@type\":\"Organization\",\"@id\":\"https:\\\/\\\/unstamps.org\\\/it\\\/#organization\",\"name\":\"UN Stamps\",\"url\":\"https:\\\/\\\/unstamps.org\\\/it\\\/\",\"logo\":{\"@type\":\"ImageObject\",\"inLanguage\":\"it-IT\",\"@id\":\"https:\\\/\\\/unstamps.org\\\/it\\\/#\\\/schema\\\/logo\\\/image\\\/\",\"url\":\"https:\\\/\\\/unstamps.org\\\/wp-content\\\/uploads\\\/2014\\\/01\\\/logo4web.jpg\",\"contentUrl\":\"https:\\\/\\\/unstamps.org\\\/wp-content\\\/uploads\\\/2014\\\/01\\\/logo4web.jpg\",\"width\":2500,\"height\":250,\"caption\":\"UN Stamps\"},\"image\":{\"@id\":\"https:\\\/\\\/unstamps.org\\\/it\\\/#\\\/schema\\\/logo\\\/image\\\/\"}}]}<\/script>\n<!-- \/ Yoast SEO plugin. -->","yoast_head_json":{"title":"NY Francobollo ordinario 2018 \u2013 US$ 2,50 Foglio intero - UN Francobolli","robots":{"index":"index","follow":"follow","max-snippet":"max-snippet:-1","max-image-preview":"max-image-preview:large","max-video-preview":"max-video-preview:-1"},"canonical":"https:\/\/unstamps.org\/it\/prodotto\/ny-francobollo-ordinario-2018-us-250-foglio-intero\/","og_locale":"it_IT","og_type":"article","og_title":"NY Francobollo ordinario 2018 \u2013 US$ 2,50 Foglio intero - UN Francobolli","og_description":"\u00a070\u00b0 anniversario della Dichiarazione Universale dei Diritti Umani Per richiamare l&#8217;attenzione sull\u2019importanza della Dichiarazione Universale dei Diritti Umani nella vita quotidiana delle persone, nel 2018 l&#8217;Alto commissariato dell&#8217;ONU per i diritti umani celebrer\u00e0 il 70\u00b0 anniversario della Dichiarazione con una campagna che durer\u00e0 tutto l&#8217;anno. Proclamata dall&#8217;Assemblea Generale delle Nazioni Unite il 10 dicembre 1948 [&hellip;]","og_url":"https:\/\/unstamps.org\/it\/prodotto\/ny-francobollo-ordinario-2018-us-250-foglio-intero\/","og_site_name":"UN Francobolli","article_modified_time":"2026-01-09T15:09:01+00:00","og_image":[{"width":1024,"height":1024,"url":"https:\/\/unstamps.org\/wp-content\/uploads\/2018\/04\/UDOHR18_NY-2.50-sheet.jpg","type":"image\/jpeg"}],"twitter_card":"summary_large_image","twitter_misc":{"Tempo di lettura stimato":"1 minute"},"schema":{"@context":"https:\/\/schema.org","@graph":[{"@type":"WebPage","@id":"https:\/\/unstamps.org\/it\/prodotto\/ny-francobollo-ordinario-2018-us-250-foglio-intero\/","url":"https:\/\/unstamps.org\/it\/prodotto\/ny-francobollo-ordinario-2018-us-250-foglio-intero\/","name":"NY Francobollo ordinario 2018 \u2013 US$ 2,50 Foglio intero - UN Francobolli","isPartOf":{"@id":"https:\/\/unstamps.org\/it\/#website"},"primaryImageOfPage":{"@id":"https:\/\/unstamps.org\/it\/prodotto\/ny-francobollo-ordinario-2018-us-250-foglio-intero\/#primaryimage"},"image":{"@id":"https:\/\/unstamps.org\/it\/prodotto\/ny-francobollo-ordinario-2018-us-250-foglio-intero\/#primaryimage"},"thumbnailUrl":"https:\/\/unstamps.org\/wp-content\/uploads\/2018\/04\/UDOHR18_NY-2.50-sheet.jpg","datePublished":"2018-05-03T13:40:04+00:00","dateModified":"2026-01-09T15:09:01+00:00","breadcrumb":{"@id":"https:\/\/unstamps.org\/it\/prodotto\/ny-francobollo-ordinario-2018-us-250-foglio-intero\/#breadcrumb"},"inLanguage":"it-IT","potentialAction":[{"@type":"ReadAction","target":["https:\/\/unstamps.org\/it\/prodotto\/ny-francobollo-ordinario-2018-us-250-foglio-intero\/"]}]},{"@type":"ImageObject","inLanguage":"it-IT","@id":"https:\/\/unstamps.org\/it\/prodotto\/ny-francobollo-ordinario-2018-us-250-foglio-intero\/#primaryimage","url":"https:\/\/unstamps.org\/wp-content\/uploads\/2018\/04\/UDOHR18_NY-2.50-sheet.jpg","contentUrl":"https:\/\/unstamps.org\/wp-content\/uploads\/2018\/04\/UDOHR18_NY-2.50-sheet.jpg","width":1024,"height":1024},{"@type":"BreadcrumbList","@id":"https:\/\/unstamps.org\/it\/prodotto\/ny-francobollo-ordinario-2018-us-250-foglio-intero\/#breadcrumb","itemListElement":[{"@type":"ListItem","position":1,"name":"Home","item":"https:\/\/unstamps.org\/it\/"},{"@type":"ListItem","position":2,"name":"Prodotti","item":"https:\/\/unstamps.org\/it\/prodotti\/"},{"@type":"ListItem","position":3,"name":"NY Francobollo ordinario 2018 \u2013 US$ 2,50 Foglio intero"}]},{"@type":"WebSite","@id":"https:\/\/unstamps.org\/it\/#website","url":"https:\/\/unstamps.org\/it\/","name":"UN Stamps","description":"United Nations Stamps","publisher":{"@id":"https:\/\/unstamps.org\/it\/#organization"},"potentialAction":[{"@type":"SearchAction","target":{"@type":"EntryPoint","urlTemplate":"https:\/\/unstamps.org\/it\/?s={search_term_string}"},"query-input":{"@type":"PropertyValueSpecification","valueRequired":true,"valueName":"search_term_string"}}],"inLanguage":"it-IT"},{"@type":"Organization","@id":"https:\/\/unstamps.org\/it\/#organization","name":"UN Stamps","url":"https:\/\/unstamps.org\/it\/","logo":{"@type":"ImageObject","inLanguage":"it-IT","@id":"https:\/\/unstamps.org\/it\/#\/schema\/logo\/image\/","url":"https:\/\/unstamps.org\/wp-content\/uploads\/2014\/01\/logo4web.jpg","contentUrl":"https:\/\/unstamps.org\/wp-content\/uploads\/2014\/01\/logo4web.jpg","width":2500,"height":250,"caption":"UN Stamps"},"image":{"@id":"https:\/\/unstamps.org\/it\/#\/schema\/logo\/image\/"}}]}},"jetpack_sharing_enabled":true,"publishpress_future_action":{"enabled":false,"date":"2026-05-16 03:56:06","action":"change-status","newStatus":"private","terms":[],"taxonomy":"product_cat","extraData":[]},"publishpress_future_workflow_manual_trigger":{"enabledWorkflows":[]},"_links":{"self":[{"href":"https:\/\/unstamps.org\/it\/wp-json\/wp\/v2\/product\/57189","targetHints":{"allow":["GET"]}}],"collection":[{"href":"https:\/\/unstamps.org\/it\/wp-json\/wp\/v2\/product"}],"about":[{"href":"https:\/\/unstamps.org\/it\/wp-json\/wp\/v2\/types\/product"}],"replies":[{"embeddable":true,"href":"https:\/\/unstamps.org\/it\/wp-json\/wp\/v2\/comments?post=57189"}],"wp:featuredmedia":[{"embeddable":true,"href":"https:\/\/unstamps.org\/it\/wp-json\/wp\/v2\/media\/57294"}],"wp:attachment":[{"href":"https:\/\/unstamps.org\/it\/wp-json\/wp\/v2\/media?parent=57189"}],"wp:term":[{"taxonomy":"product_brand","embeddable":true,"href":"https:\/\/unstamps.org\/it\/wp-json\/wp\/v2\/product_brand?post=57189"},{"taxonomy":"product_cat","embeddable":true,"href":"https:\/\/unstamps.org\/it\/wp-json\/wp\/v2\/product_cat?post=57189"},{"taxonomy":"product_tag","embeddable":true,"href":"https:\/\/unstamps.org\/it\/wp-json\/wp\/v2\/product_tag?post=57189"}],"curies":[{"name":"wp","href":"https:\/\/api.w.org\/{rel}","templated":true}]}}