{"id":200159,"date":"2026-03-30T14:03:39","date_gmt":"2026-03-30T18:03:39","guid":{"rendered":"https:\/\/unstamps.org\/?post_type=product&#038;p=200159"},"modified":"2026-03-30T14:04:11","modified_gmt":"2026-03-30T18:04:11","slug":"giornata-internazionale-delle-foreste-serie-di-francobolli-singoli","status":"publish","type":"product","link":"https:\/\/unstamps.org\/it\/prodotto\/giornata-internazionale-delle-foreste-serie-di-francobolli-singoli\/","title":{"rendered":"Giornata Internazionale delle Foreste &#8211; Serie di francobolli singoli"},"content":{"rendered":"<p><strong>Data di emissione<\/strong>: 21 marzo 2026<br \/>\n<strong>Artista<\/strong>: Sergio Baradat (USA)<br \/>\n<strong>Valori<\/strong>:US$ 1,70, CHF 1,90, \u20ac 1,45<br \/>\n<strong>Dimensioni del francobollo<\/strong>: 37,7 mm x 49,5 mm<br \/>\n<strong>Dimensioni del foglio<\/strong>: 208,5 mm x 119 mm<br \/>\n<strong>Francobolli per foglio<\/strong>: 10<br \/>\n<strong>Stampa<\/strong>: Royal Joh Ensched\u00e9 (Paesi Bassi)<br \/>\n<strong>Riproduzione<\/strong>: Offset litografia<\/p>\n<p><strong>I Progetti<\/strong><\/p>\n<p><strong>$1,70<\/strong> Le foreste promuovono lo sviluppo sostenibile garantendo mezzi di sussistenza e opportunit\u00e0 di reddito alle comunit\u00e0, contribuendo al contempo alla tutela della biodiversit\u00e0. Forniscono beni essenziali come cibo, aria pulita e acqua dolce e svolgono un ruolo cruciale nella regolazione del clima attraverso l\u2019assorbimento e lo stoccaggio del carbonio. Foreste sane e gestite in modo sostenibile rafforzano la resilienza dei territori, contrastano la povert\u00e0 e assicurano stabilit\u00e0 ambientale ed economica nel lungo periodo.<\/p>\n<p><strong>CHF 1,90<\/strong> \u2013 Le foreste generano occupazione e rappresentano un importante motore di crescita economica, sostenendo settori strategici quali la silvicoltura, l\u2019agricoltura, l\u2019ecoturismo e la valorizzazione dei prodotti forestali non legnari. Costituiscono inoltre una fonte fondamentale di medicinali, sicurezza alimentare e nutrizione, in particolare per le comunit\u00e0 rurali e indigene. Garantendo milioni di mezzi di sussistenza a livello globale, le foreste rafforzano le economie locali e contribuiscono a costruire resilienza e prosperit\u00e0 nel lungo periodo.<\/p>\n<p><strong>\u20ac1,45<\/strong> \u2013 Le foreste contribuiscono in modo determinante allo sviluppo sostenibile, offrendo mezzi di sussistenza a milioni di persone attraverso la silvicoltura, l\u2019agricoltura e le filiere forestali. Sostengono le economie locali preservando al contempo gli ecosistemi da cui le comunit\u00e0 dipendono per la propria vita quotidiana. Se gestite in maniera sostenibile, le foreste rappresentano uno strumento fondamentale per contrastare la povert\u00e0 e garantire resilienza ambientale ed economica nel lungo periodo.<\/p>\n","protected":false},"excerpt":{"rendered":"<p>Data di emissione: 21 marzo 2026 Artista: Sergio Baradat (USA) Valori:US$ 1,70, CHF 1,90, \u20ac 1,45 Dimensioni del francobollo: 37,7 mm x 49,5 mm Dimensioni del foglio: 208,5 mm x 119 mm Francobolli per foglio: 10 Stampa: Royal Joh Ensched\u00e9 (Paesi Bassi) Riproduzione: Offset litografia I Progetti $1,70 Le foreste promuovono lo sviluppo sostenibile garantendo [&hellip;]<\/p>\n","protected":false},"featured_media":200212,"comment_status":"closed","ping_status":"closed","template":"","meta":{"ngg_post_thumbnail":0},"product_brand":[],"product_cat":[2963,152,324,490,157],"product_tag":[],"class_list":{"0":"post-200159","1":"product","2":"type-product","3":"status-publish","4":"has-post-thumbnail","6":"product_cat-2026-it","7":"product_cat-ginevra","8":"product_cat-new-york-issuing-office-it","9":"product_cat-single-set-it","10":"product_cat-vienna-it","11":"pa_condition-cancelled-it","12":"pa_condition-mint-it","14":"first","15":"instock","16":"shipping-taxable","17":"purchasable","18":"product-type-variable","19":"has-default-attributes"},"yoast_head":"<!-- This site is optimized with the Yoast SEO plugin v27.4 - https:\/\/yoast.com\/product\/yoast-seo-wordpress\/ -->\n<title>Giornata Internazionale delle Foreste - Serie di francobolli singoli - UN Francobolli<\/title>\n<meta name=\"robots\" content=\"index, follow, max-snippet:-1, max-image-preview:large, max-video-preview:-1\" \/>\n<link rel=\"canonical\" href=\"https:\/\/unstamps.org\/it\/prodotto\/giornata-internazionale-delle-foreste-serie-di-francobolli-singoli\/\" \/>\n<meta property=\"og:locale\" content=\"it_IT\" \/>\n<meta property=\"og:type\" content=\"article\" \/>\n<meta property=\"og:title\" content=\"Giornata Internazionale delle Foreste - Serie di francobolli singoli - UN Francobolli\" \/>\n<meta property=\"og:description\" content=\"Data di emissione: 21 marzo 2026 Artista: Sergio Baradat (USA) Valori:US$ 1,70, CHF 1,90, \u20ac 1,45 Dimensioni del francobollo: 37,7 mm x 49,5 mm Dimensioni del foglio: 208,5 mm x 119 mm Francobolli per foglio: 10 Stampa: Royal Joh Ensched\u00e9 (Paesi Bassi) Riproduzione: Offset litografia I Progetti $1,70 Le foreste promuovono lo sviluppo sostenibile garantendo [&hellip;]\" \/>\n<meta property=\"og:url\" content=\"https:\/\/unstamps.org\/it\/prodotto\/giornata-internazionale-delle-foreste-serie-di-francobolli-singoli\/\" \/>\n<meta property=\"og:site_name\" content=\"UN Francobolli\" \/>\n<meta property=\"article:modified_time\" content=\"2026-03-30T18:04:11+00:00\" \/>\n<meta property=\"og:image\" content=\"https:\/\/unstamps.org\/wp-content\/uploads\/2026\/03\/2026-Forests-Singles-Group.jpg\" \/>\n\t<meta property=\"og:image:width\" content=\"1024\" \/>\n\t<meta property=\"og:image:height\" content=\"1024\" \/>\n\t<meta property=\"og:image:type\" content=\"image\/jpeg\" \/>\n<meta name=\"twitter:card\" content=\"summary_large_image\" \/>\n<meta name=\"twitter:label1\" content=\"Tempo di lettura stimato\" \/>\n\t<meta name=\"twitter:data1\" content=\"1 minute\" \/>\n<script type=\"application\/ld+json\" class=\"yoast-schema-graph\">{\"@context\":\"https:\\\/\\\/schema.org\",\"@graph\":[{\"@type\":\"WebPage\",\"@id\":\"https:\\\/\\\/unstamps.org\\\/it\\\/prodotto\\\/giornata-internazionale-delle-foreste-serie-di-francobolli-singoli\\\/\",\"url\":\"https:\\\/\\\/unstamps.org\\\/it\\\/prodotto\\\/giornata-internazionale-delle-foreste-serie-di-francobolli-singoli\\\/\",\"name\":\"Giornata Internazionale delle Foreste - Serie di francobolli singoli - UN Francobolli\",\"isPartOf\":{\"@id\":\"https:\\\/\\\/unstamps.org\\\/it\\\/#website\"},\"primaryImageOfPage\":{\"@id\":\"https:\\\/\\\/unstamps.org\\\/it\\\/prodotto\\\/giornata-internazionale-delle-foreste-serie-di-francobolli-singoli\\\/#primaryimage\"},\"image\":{\"@id\":\"https:\\\/\\\/unstamps.org\\\/it\\\/prodotto\\\/giornata-internazionale-delle-foreste-serie-di-francobolli-singoli\\\/#primaryimage\"},\"thumbnailUrl\":\"https:\\\/\\\/unstamps.org\\\/wp-content\\\/uploads\\\/2026\\\/03\\\/2026-Forests-Singles-Group.jpg\",\"datePublished\":\"2026-03-30T18:03:39+00:00\",\"dateModified\":\"2026-03-30T18:04:11+00:00\",\"breadcrumb\":{\"@id\":\"https:\\\/\\\/unstamps.org\\\/it\\\/prodotto\\\/giornata-internazionale-delle-foreste-serie-di-francobolli-singoli\\\/#breadcrumb\"},\"inLanguage\":\"it-IT\",\"potentialAction\":[{\"@type\":\"ReadAction\",\"target\":[\"https:\\\/\\\/unstamps.org\\\/it\\\/prodotto\\\/giornata-internazionale-delle-foreste-serie-di-francobolli-singoli\\\/\"]}]},{\"@type\":\"ImageObject\",\"inLanguage\":\"it-IT\",\"@id\":\"https:\\\/\\\/unstamps.org\\\/it\\\/prodotto\\\/giornata-internazionale-delle-foreste-serie-di-francobolli-singoli\\\/#primaryimage\",\"url\":\"https:\\\/\\\/unstamps.org\\\/wp-content\\\/uploads\\\/2026\\\/03\\\/2026-Forests-Singles-Group.jpg\",\"contentUrl\":\"https:\\\/\\\/unstamps.org\\\/wp-content\\\/uploads\\\/2026\\\/03\\\/2026-Forests-Singles-Group.jpg\",\"width\":1024,\"height\":1024},{\"@type\":\"BreadcrumbList\",\"@id\":\"https:\\\/\\\/unstamps.org\\\/it\\\/prodotto\\\/giornata-internazionale-delle-foreste-serie-di-francobolli-singoli\\\/#breadcrumb\",\"itemListElement\":[{\"@type\":\"ListItem\",\"position\":1,\"name\":\"Home\",\"item\":\"https:\\\/\\\/unstamps.org\\\/it\\\/\"},{\"@type\":\"ListItem\",\"position\":2,\"name\":\"Prodotti\",\"item\":\"https:\\\/\\\/unstamps.org\\\/it\\\/prodotti\\\/\"},{\"@type\":\"ListItem\",\"position\":3,\"name\":\"Giornata Internazionale delle Foreste &#8211; Serie di francobolli singoli\"}]},{\"@type\":\"WebSite\",\"@id\":\"https:\\\/\\\/unstamps.org\\\/it\\\/#website\",\"url\":\"https:\\\/\\\/unstamps.org\\\/it\\\/\",\"name\":\"UN Stamps\",\"description\":\"United Nations Stamps\",\"publisher\":{\"@id\":\"https:\\\/\\\/unstamps.org\\\/it\\\/#organization\"},\"potentialAction\":[{\"@type\":\"SearchAction\",\"target\":{\"@type\":\"EntryPoint\",\"urlTemplate\":\"https:\\\/\\\/unstamps.org\\\/it\\\/?s={search_term_string}\"},\"query-input\":{\"@type\":\"PropertyValueSpecification\",\"valueRequired\":true,\"valueName\":\"search_term_string\"}}],\"inLanguage\":\"it-IT\"},{\"@type\":\"Organization\",\"@id\":\"https:\\\/\\\/unstamps.org\\\/it\\\/#organization\",\"name\":\"UN Stamps\",\"url\":\"https:\\\/\\\/unstamps.org\\\/it\\\/\",\"logo\":{\"@type\":\"ImageObject\",\"inLanguage\":\"it-IT\",\"@id\":\"https:\\\/\\\/unstamps.org\\\/it\\\/#\\\/schema\\\/logo\\\/image\\\/\",\"url\":\"https:\\\/\\\/unstamps.org\\\/wp-content\\\/uploads\\\/2014\\\/01\\\/logo4web.jpg\",\"contentUrl\":\"https:\\\/\\\/unstamps.org\\\/wp-content\\\/uploads\\\/2014\\\/01\\\/logo4web.jpg\",\"width\":2500,\"height\":250,\"caption\":\"UN Stamps\"},\"image\":{\"@id\":\"https:\\\/\\\/unstamps.org\\\/it\\\/#\\\/schema\\\/logo\\\/image\\\/\"}}]}<\/script>\n<!-- \/ Yoast SEO plugin. -->","yoast_head_json":{"title":"Giornata Internazionale delle Foreste - Serie di francobolli singoli - UN Francobolli","robots":{"index":"index","follow":"follow","max-snippet":"max-snippet:-1","max-image-preview":"max-image-preview:large","max-video-preview":"max-video-preview:-1"},"canonical":"https:\/\/unstamps.org\/it\/prodotto\/giornata-internazionale-delle-foreste-serie-di-francobolli-singoli\/","og_locale":"it_IT","og_type":"article","og_title":"Giornata Internazionale delle Foreste - Serie di francobolli singoli - UN Francobolli","og_description":"Data di emissione: 21 marzo 2026 Artista: Sergio Baradat (USA) Valori:US$ 1,70, CHF 1,90, \u20ac 1,45 Dimensioni del francobollo: 37,7 mm x 49,5 mm Dimensioni del foglio: 208,5 mm x 119 mm Francobolli per foglio: 10 Stampa: Royal Joh Ensched\u00e9 (Paesi Bassi) Riproduzione: Offset litografia I Progetti $1,70 Le foreste promuovono lo sviluppo sostenibile garantendo [&hellip;]","og_url":"https:\/\/unstamps.org\/it\/prodotto\/giornata-internazionale-delle-foreste-serie-di-francobolli-singoli\/","og_site_name":"UN Francobolli","article_modified_time":"2026-03-30T18:04:11+00:00","og_image":[{"width":1024,"height":1024,"url":"https:\/\/unstamps.org\/wp-content\/uploads\/2026\/03\/2026-Forests-Singles-Group.jpg","type":"image\/jpeg"}],"twitter_card":"summary_large_image","twitter_misc":{"Tempo di lettura stimato":"1 minute"},"schema":{"@context":"https:\/\/schema.org","@graph":[{"@type":"WebPage","@id":"https:\/\/unstamps.org\/it\/prodotto\/giornata-internazionale-delle-foreste-serie-di-francobolli-singoli\/","url":"https:\/\/unstamps.org\/it\/prodotto\/giornata-internazionale-delle-foreste-serie-di-francobolli-singoli\/","name":"Giornata Internazionale delle Foreste - Serie di francobolli singoli - UN Francobolli","isPartOf":{"@id":"https:\/\/unstamps.org\/it\/#website"},"primaryImageOfPage":{"@id":"https:\/\/unstamps.org\/it\/prodotto\/giornata-internazionale-delle-foreste-serie-di-francobolli-singoli\/#primaryimage"},"image":{"@id":"https:\/\/unstamps.org\/it\/prodotto\/giornata-internazionale-delle-foreste-serie-di-francobolli-singoli\/#primaryimage"},"thumbnailUrl":"https:\/\/unstamps.org\/wp-content\/uploads\/2026\/03\/2026-Forests-Singles-Group.jpg","datePublished":"2026-03-30T18:03:39+00:00","dateModified":"2026-03-30T18:04:11+00:00","breadcrumb":{"@id":"https:\/\/unstamps.org\/it\/prodotto\/giornata-internazionale-delle-foreste-serie-di-francobolli-singoli\/#breadcrumb"},"inLanguage":"it-IT","potentialAction":[{"@type":"ReadAction","target":["https:\/\/unstamps.org\/it\/prodotto\/giornata-internazionale-delle-foreste-serie-di-francobolli-singoli\/"]}]},{"@type":"ImageObject","inLanguage":"it-IT","@id":"https:\/\/unstamps.org\/it\/prodotto\/giornata-internazionale-delle-foreste-serie-di-francobolli-singoli\/#primaryimage","url":"https:\/\/unstamps.org\/wp-content\/uploads\/2026\/03\/2026-Forests-Singles-Group.jpg","contentUrl":"https:\/\/unstamps.org\/wp-content\/uploads\/2026\/03\/2026-Forests-Singles-Group.jpg","width":1024,"height":1024},{"@type":"BreadcrumbList","@id":"https:\/\/unstamps.org\/it\/prodotto\/giornata-internazionale-delle-foreste-serie-di-francobolli-singoli\/#breadcrumb","itemListElement":[{"@type":"ListItem","position":1,"name":"Home","item":"https:\/\/unstamps.org\/it\/"},{"@type":"ListItem","position":2,"name":"Prodotti","item":"https:\/\/unstamps.org\/it\/prodotti\/"},{"@type":"ListItem","position":3,"name":"Giornata Internazionale delle Foreste &#8211; Serie di francobolli singoli"}]},{"@type":"WebSite","@id":"https:\/\/unstamps.org\/it\/#website","url":"https:\/\/unstamps.org\/it\/","name":"UN Stamps","description":"United Nations Stamps","publisher":{"@id":"https:\/\/unstamps.org\/it\/#organization"},"potentialAction":[{"@type":"SearchAction","target":{"@type":"EntryPoint","urlTemplate":"https:\/\/unstamps.org\/it\/?s={search_term_string}"},"query-input":{"@type":"PropertyValueSpecification","valueRequired":true,"valueName":"search_term_string"}}],"inLanguage":"it-IT"},{"@type":"Organization","@id":"https:\/\/unstamps.org\/it\/#organization","name":"UN Stamps","url":"https:\/\/unstamps.org\/it\/","logo":{"@type":"ImageObject","inLanguage":"it-IT","@id":"https:\/\/unstamps.org\/it\/#\/schema\/logo\/image\/","url":"https:\/\/unstamps.org\/wp-content\/uploads\/2014\/01\/logo4web.jpg","contentUrl":"https:\/\/unstamps.org\/wp-content\/uploads\/2014\/01\/logo4web.jpg","width":2500,"height":250,"caption":"UN Stamps"},"image":{"@id":"https:\/\/unstamps.org\/it\/#\/schema\/logo\/image\/"}}]}},"jetpack_sharing_enabled":true,"publishpress_future_action":{"enabled":false,"date":"2026-04-26 23:46:45","action":"change-status","newStatus":"private","terms":[],"taxonomy":"product_cat","extraData":[]},"publishpress_future_workflow_manual_trigger":{"enabledWorkflows":[]},"_links":{"self":[{"href":"https:\/\/unstamps.org\/it\/wp-json\/wp\/v2\/product\/200159","targetHints":{"allow":["GET"]}}],"collection":[{"href":"https:\/\/unstamps.org\/it\/wp-json\/wp\/v2\/product"}],"about":[{"href":"https:\/\/unstamps.org\/it\/wp-json\/wp\/v2\/types\/product"}],"replies":[{"embeddable":true,"href":"https:\/\/unstamps.org\/it\/wp-json\/wp\/v2\/comments?post=200159"}],"wp:featuredmedia":[{"embeddable":true,"href":"https:\/\/unstamps.org\/it\/wp-json\/wp\/v2\/media\/200212"}],"wp:attachment":[{"href":"https:\/\/unstamps.org\/it\/wp-json\/wp\/v2\/media?parent=200159"}],"wp:term":[{"taxonomy":"product_brand","embeddable":true,"href":"https:\/\/unstamps.org\/it\/wp-json\/wp\/v2\/product_brand?post=200159"},{"taxonomy":"product_cat","embeddable":true,"href":"https:\/\/unstamps.org\/it\/wp-json\/wp\/v2\/product_cat?post=200159"},{"taxonomy":"product_tag","embeddable":true,"href":"https:\/\/unstamps.org\/it\/wp-json\/wp\/v2\/product_tag?post=200159"}],"curies":[{"name":"wp","href":"https:\/\/api.w.org\/{rel}","templated":true}]}}