{"id":196776,"date":"2025-10-20T10:14:29","date_gmt":"2025-10-20T14:14:29","guid":{"rendered":"https:\/\/unstamps.org\/?post_type=product&#038;p=196776"},"modified":"2026-01-09T11:53:18","modified_gmt":"2026-01-09T16:53:18","slug":"un80-serie-di-fogli-interi","status":"publish","type":"product","link":"https:\/\/unstamps.org\/it\/prodotto\/un80-serie-di-fogli-interi\/","title":{"rendered":"UN80 &#8211; Serie di fogli interi"},"content":{"rendered":"<p><strong>Data di emissione:<\/strong> 24 ottobre 2025<br \/>\n<strong>Designer:<\/strong>Nora Rosansky (Nazioni Unite)<br \/>\n<strong>Dimensione francobollo:<\/strong> 40 mm x 30 mm<br \/>\n<strong>Dimensione foglio:<\/strong> 120 mm x 165 mm<br \/>\n<strong>Francobolli per foglio:<\/strong> 4<br \/>\n<strong>Stamperia:<\/strong> Joh. Ensched\u00e9 Stamps Security Printers B.V.<br \/>\n(Regno dei Paesi Bassi)<br \/>\n<strong>Tecnica di stampa:<\/strong> Litograf\u00eda offset<br \/>\n<strong>Quantit\u00e0:<\/strong><br \/>\n$1,70 10.000 fogli<br \/>\nCHF 1,70 10.000 fogli<br \/>\n\u20ac2,10 10.000 fogli<\/p>\n","protected":false},"excerpt":{"rendered":"<p>Data di emissione: 24 ottobre 2025 Designer:Nora Rosansky (Nazioni Unite) Dimensione francobollo: 40 mm x 30 mm Dimensione foglio: 120 mm x 165 mm Francobolli per foglio: 4 Stamperia: Joh. Ensched\u00e9 Stamps Security Printers B.V. (Regno dei Paesi Bassi) Tecnica di stampa: Litograf\u00eda offset Quantit\u00e0: $1,70 10.000 fogli CHF 1,70 10.000 fogli \u20ac2,10 10.000 fogli<\/p>\n","protected":false},"featured_media":196790,"comment_status":"closed","ping_status":"closed","template":"","meta":{"ngg_post_thumbnail":0},"product_brand":[],"product_cat":[2955,152,324,820,157],"product_tag":[],"class_list":{"0":"post-196776","1":"product","2":"type-product","3":"status-publish","4":"has-post-thumbnail","6":"product_cat-2025-it","7":"product_cat-ginevra","8":"product_cat-new-york-issuing-office-it","9":"product_cat-sheet-set-it","10":"product_cat-vienna-it","11":"pa_condition-cancelled-it","12":"pa_condition-mint-it","14":"first","15":"instock","16":"shipping-taxable","17":"purchasable","18":"product-type-variable"},"yoast_head":"<!-- This site is optimized with the Yoast SEO plugin v27.3 - https:\/\/yoast.com\/product\/yoast-seo-wordpress\/ -->\n<title>UN80 - Serie di fogli interi - UN Francobolli<\/title>\n<meta name=\"robots\" content=\"index, follow, max-snippet:-1, max-image-preview:large, max-video-preview:-1\" \/>\n<link rel=\"canonical\" href=\"https:\/\/unstamps.org\/it\/prodotto\/un80-serie-di-fogli-interi\/\" \/>\n<meta property=\"og:locale\" content=\"it_IT\" \/>\n<meta property=\"og:type\" content=\"article\" \/>\n<meta property=\"og:title\" content=\"UN80 - Serie di fogli interi - UN Francobolli\" \/>\n<meta property=\"og:description\" content=\"Data di emissione: 24 ottobre 2025 Designer:Nora Rosansky (Nazioni Unite) Dimensione francobollo: 40 mm x 30 mm Dimensione foglio: 120 mm x 165 mm Francobolli per foglio: 4 Stamperia: Joh. Ensched\u00e9 Stamps Security Printers B.V. (Regno dei Paesi Bassi) Tecnica di stampa: Litograf\u00eda offset Quantit\u00e0: $1,70 10.000 fogli CHF 1,70 10.000 fogli \u20ac2,10 10.000 fogli\" \/>\n<meta property=\"og:url\" content=\"https:\/\/unstamps.org\/it\/prodotto\/un80-serie-di-fogli-interi\/\" \/>\n<meta property=\"og:site_name\" content=\"UN Francobolli\" \/>\n<meta property=\"article:modified_time\" content=\"2026-01-09T16:53:18+00:00\" \/>\n<meta property=\"og:image\" content=\"https:\/\/unstamps.org\/wp-content\/uploads\/2025\/10\/2025-UN80-FS-Group.jpg\" \/>\n\t<meta property=\"og:image:width\" content=\"1024\" \/>\n\t<meta property=\"og:image:height\" content=\"1024\" \/>\n\t<meta property=\"og:image:type\" content=\"image\/jpeg\" \/>\n<meta name=\"twitter:card\" content=\"summary_large_image\" \/>\n<script type=\"application\/ld+json\" class=\"yoast-schema-graph\">{\"@context\":\"https:\\\/\\\/schema.org\",\"@graph\":[{\"@type\":\"WebPage\",\"@id\":\"https:\\\/\\\/unstamps.org\\\/it\\\/prodotto\\\/un80-serie-di-fogli-interi\\\/\",\"url\":\"https:\\\/\\\/unstamps.org\\\/it\\\/prodotto\\\/un80-serie-di-fogli-interi\\\/\",\"name\":\"UN80 - Serie di fogli interi - UN Francobolli\",\"isPartOf\":{\"@id\":\"https:\\\/\\\/unstamps.org\\\/it\\\/#website\"},\"primaryImageOfPage\":{\"@id\":\"https:\\\/\\\/unstamps.org\\\/it\\\/prodotto\\\/un80-serie-di-fogli-interi\\\/#primaryimage\"},\"image\":{\"@id\":\"https:\\\/\\\/unstamps.org\\\/it\\\/prodotto\\\/un80-serie-di-fogli-interi\\\/#primaryimage\"},\"thumbnailUrl\":\"https:\\\/\\\/unstamps.org\\\/wp-content\\\/uploads\\\/2025\\\/10\\\/2025-UN80-FS-Group.jpg\",\"datePublished\":\"2025-10-20T14:14:29+00:00\",\"dateModified\":\"2026-01-09T16:53:18+00:00\",\"breadcrumb\":{\"@id\":\"https:\\\/\\\/unstamps.org\\\/it\\\/prodotto\\\/un80-serie-di-fogli-interi\\\/#breadcrumb\"},\"inLanguage\":\"it-IT\",\"potentialAction\":[{\"@type\":\"ReadAction\",\"target\":[\"https:\\\/\\\/unstamps.org\\\/it\\\/prodotto\\\/un80-serie-di-fogli-interi\\\/\"]}]},{\"@type\":\"ImageObject\",\"inLanguage\":\"it-IT\",\"@id\":\"https:\\\/\\\/unstamps.org\\\/it\\\/prodotto\\\/un80-serie-di-fogli-interi\\\/#primaryimage\",\"url\":\"https:\\\/\\\/unstamps.org\\\/wp-content\\\/uploads\\\/2025\\\/10\\\/2025-UN80-FS-Group.jpg\",\"contentUrl\":\"https:\\\/\\\/unstamps.org\\\/wp-content\\\/uploads\\\/2025\\\/10\\\/2025-UN80-FS-Group.jpg\",\"width\":1024,\"height\":1024},{\"@type\":\"BreadcrumbList\",\"@id\":\"https:\\\/\\\/unstamps.org\\\/it\\\/prodotto\\\/un80-serie-di-fogli-interi\\\/#breadcrumb\",\"itemListElement\":[{\"@type\":\"ListItem\",\"position\":1,\"name\":\"Home\",\"item\":\"https:\\\/\\\/unstamps.org\\\/it\\\/\"},{\"@type\":\"ListItem\",\"position\":2,\"name\":\"Prodotti\",\"item\":\"https:\\\/\\\/unstamps.org\\\/it\\\/prodotti\\\/\"},{\"@type\":\"ListItem\",\"position\":3,\"name\":\"UN80 &#8211; Serie di fogli interi\"}]},{\"@type\":\"WebSite\",\"@id\":\"https:\\\/\\\/unstamps.org\\\/it\\\/#website\",\"url\":\"https:\\\/\\\/unstamps.org\\\/it\\\/\",\"name\":\"UN Stamps\",\"description\":\"United Nations Stamps\",\"publisher\":{\"@id\":\"https:\\\/\\\/unstamps.org\\\/it\\\/#organization\"},\"potentialAction\":[{\"@type\":\"SearchAction\",\"target\":{\"@type\":\"EntryPoint\",\"urlTemplate\":\"https:\\\/\\\/unstamps.org\\\/it\\\/?s={search_term_string}\"},\"query-input\":{\"@type\":\"PropertyValueSpecification\",\"valueRequired\":true,\"valueName\":\"search_term_string\"}}],\"inLanguage\":\"it-IT\"},{\"@type\":\"Organization\",\"@id\":\"https:\\\/\\\/unstamps.org\\\/it\\\/#organization\",\"name\":\"UN Stamps\",\"url\":\"https:\\\/\\\/unstamps.org\\\/it\\\/\",\"logo\":{\"@type\":\"ImageObject\",\"inLanguage\":\"it-IT\",\"@id\":\"https:\\\/\\\/unstamps.org\\\/it\\\/#\\\/schema\\\/logo\\\/image\\\/\",\"url\":\"https:\\\/\\\/unstamps.org\\\/wp-content\\\/uploads\\\/2014\\\/01\\\/logo4web.jpg\",\"contentUrl\":\"https:\\\/\\\/unstamps.org\\\/wp-content\\\/uploads\\\/2014\\\/01\\\/logo4web.jpg\",\"width\":2500,\"height\":250,\"caption\":\"UN Stamps\"},\"image\":{\"@id\":\"https:\\\/\\\/unstamps.org\\\/it\\\/#\\\/schema\\\/logo\\\/image\\\/\"}}]}<\/script>\n<!-- \/ Yoast SEO plugin. -->","yoast_head_json":{"title":"UN80 - Serie di fogli interi - UN Francobolli","robots":{"index":"index","follow":"follow","max-snippet":"max-snippet:-1","max-image-preview":"max-image-preview:large","max-video-preview":"max-video-preview:-1"},"canonical":"https:\/\/unstamps.org\/it\/prodotto\/un80-serie-di-fogli-interi\/","og_locale":"it_IT","og_type":"article","og_title":"UN80 - Serie di fogli interi - UN Francobolli","og_description":"Data di emissione: 24 ottobre 2025 Designer:Nora Rosansky (Nazioni Unite) Dimensione francobollo: 40 mm x 30 mm Dimensione foglio: 120 mm x 165 mm Francobolli per foglio: 4 Stamperia: Joh. Ensched\u00e9 Stamps Security Printers B.V. (Regno dei Paesi Bassi) Tecnica di stampa: Litograf\u00eda offset Quantit\u00e0: $1,70 10.000 fogli CHF 1,70 10.000 fogli \u20ac2,10 10.000 fogli","og_url":"https:\/\/unstamps.org\/it\/prodotto\/un80-serie-di-fogli-interi\/","og_site_name":"UN Francobolli","article_modified_time":"2026-01-09T16:53:18+00:00","og_image":[{"width":1024,"height":1024,"url":"https:\/\/unstamps.org\/wp-content\/uploads\/2025\/10\/2025-UN80-FS-Group.jpg","type":"image\/jpeg"}],"twitter_card":"summary_large_image","schema":{"@context":"https:\/\/schema.org","@graph":[{"@type":"WebPage","@id":"https:\/\/unstamps.org\/it\/prodotto\/un80-serie-di-fogli-interi\/","url":"https:\/\/unstamps.org\/it\/prodotto\/un80-serie-di-fogli-interi\/","name":"UN80 - Serie di fogli interi - UN Francobolli","isPartOf":{"@id":"https:\/\/unstamps.org\/it\/#website"},"primaryImageOfPage":{"@id":"https:\/\/unstamps.org\/it\/prodotto\/un80-serie-di-fogli-interi\/#primaryimage"},"image":{"@id":"https:\/\/unstamps.org\/it\/prodotto\/un80-serie-di-fogli-interi\/#primaryimage"},"thumbnailUrl":"https:\/\/unstamps.org\/wp-content\/uploads\/2025\/10\/2025-UN80-FS-Group.jpg","datePublished":"2025-10-20T14:14:29+00:00","dateModified":"2026-01-09T16:53:18+00:00","breadcrumb":{"@id":"https:\/\/unstamps.org\/it\/prodotto\/un80-serie-di-fogli-interi\/#breadcrumb"},"inLanguage":"it-IT","potentialAction":[{"@type":"ReadAction","target":["https:\/\/unstamps.org\/it\/prodotto\/un80-serie-di-fogli-interi\/"]}]},{"@type":"ImageObject","inLanguage":"it-IT","@id":"https:\/\/unstamps.org\/it\/prodotto\/un80-serie-di-fogli-interi\/#primaryimage","url":"https:\/\/unstamps.org\/wp-content\/uploads\/2025\/10\/2025-UN80-FS-Group.jpg","contentUrl":"https:\/\/unstamps.org\/wp-content\/uploads\/2025\/10\/2025-UN80-FS-Group.jpg","width":1024,"height":1024},{"@type":"BreadcrumbList","@id":"https:\/\/unstamps.org\/it\/prodotto\/un80-serie-di-fogli-interi\/#breadcrumb","itemListElement":[{"@type":"ListItem","position":1,"name":"Home","item":"https:\/\/unstamps.org\/it\/"},{"@type":"ListItem","position":2,"name":"Prodotti","item":"https:\/\/unstamps.org\/it\/prodotti\/"},{"@type":"ListItem","position":3,"name":"UN80 &#8211; Serie di fogli interi"}]},{"@type":"WebSite","@id":"https:\/\/unstamps.org\/it\/#website","url":"https:\/\/unstamps.org\/it\/","name":"UN Stamps","description":"United Nations Stamps","publisher":{"@id":"https:\/\/unstamps.org\/it\/#organization"},"potentialAction":[{"@type":"SearchAction","target":{"@type":"EntryPoint","urlTemplate":"https:\/\/unstamps.org\/it\/?s={search_term_string}"},"query-input":{"@type":"PropertyValueSpecification","valueRequired":true,"valueName":"search_term_string"}}],"inLanguage":"it-IT"},{"@type":"Organization","@id":"https:\/\/unstamps.org\/it\/#organization","name":"UN Stamps","url":"https:\/\/unstamps.org\/it\/","logo":{"@type":"ImageObject","inLanguage":"it-IT","@id":"https:\/\/unstamps.org\/it\/#\/schema\/logo\/image\/","url":"https:\/\/unstamps.org\/wp-content\/uploads\/2014\/01\/logo4web.jpg","contentUrl":"https:\/\/unstamps.org\/wp-content\/uploads\/2014\/01\/logo4web.jpg","width":2500,"height":250,"caption":"UN Stamps"},"image":{"@id":"https:\/\/unstamps.org\/it\/#\/schema\/logo\/image\/"}}]}},"jetpack_sharing_enabled":true,"publishpress_future_action":{"enabled":false,"date":"2026-04-14 16:50:06","action":"change-status","newStatus":"private","terms":[],"taxonomy":"product_cat","extraData":[]},"publishpress_future_workflow_manual_trigger":{"enabledWorkflows":[]},"_links":{"self":[{"href":"https:\/\/unstamps.org\/it\/wp-json\/wp\/v2\/product\/196776","targetHints":{"allow":["GET"]}}],"collection":[{"href":"https:\/\/unstamps.org\/it\/wp-json\/wp\/v2\/product"}],"about":[{"href":"https:\/\/unstamps.org\/it\/wp-json\/wp\/v2\/types\/product"}],"replies":[{"embeddable":true,"href":"https:\/\/unstamps.org\/it\/wp-json\/wp\/v2\/comments?post=196776"}],"wp:featuredmedia":[{"embeddable":true,"href":"https:\/\/unstamps.org\/it\/wp-json\/wp\/v2\/media\/196790"}],"wp:attachment":[{"href":"https:\/\/unstamps.org\/it\/wp-json\/wp\/v2\/media?parent=196776"}],"wp:term":[{"taxonomy":"product_brand","embeddable":true,"href":"https:\/\/unstamps.org\/it\/wp-json\/wp\/v2\/product_brand?post=196776"},{"taxonomy":"product_cat","embeddable":true,"href":"https:\/\/unstamps.org\/it\/wp-json\/wp\/v2\/product_cat?post=196776"},{"taxonomy":"product_tag","embeddable":true,"href":"https:\/\/unstamps.org\/it\/wp-json\/wp\/v2\/product_tag?post=196776"}],"curies":[{"name":"wp","href":"https:\/\/api.w.org\/{rel}","templated":true}]}}