{"id":194679,"date":"2025-05-30T12:03:12","date_gmt":"2025-05-30T16:08:12","guid":{"rendered":"https:\/\/unstamps.org\/?post_type=product&#038;p=194679"},"modified":"2026-01-09T11:53:13","modified_gmt":"2026-01-09T16:53:13","slug":"anno-internazionale-della-conservazione-dei-ghiacciai","status":"publish","type":"product","link":"https:\/\/unstamps.org\/it\/prodotto\/anno-internazionale-della-conservazione-dei-ghiacciai\/","title":{"rendered":"Anno Internazionale Della Conservazione Dei Ghiacciai"},"content":{"rendered":"<p>Per sottolineare l&#8217;importanza della conservazione dei ghiacciai, il 6 giugno 2025 l&#8217;APNU emetter\u00e0 un foglio per eventi speciali da 10 francobolli nel taglio da 1,20 \u20ac ciascuno. <\/p>\n<p>L&#8217;Assemblea Generale ha proclamato il 2025 come Anno Internazionale della Conservazione dei Ghiacciai per sensibilizzare l&#8217;opinione pubblica sul ruolo vitale che ghiacciai, neve e ghiaccio svolgono nel sistema climatico e nel ciclo dell&#8217;acqua, nonch\u00e9 sugli impatti di vasta portata del rapido scioglimento dei ghiacciai.<br \/>\nI ghiacciai sono fondamentali per regolare il clima globale e fornire acqua dolce a miliardi di persone. Tuttavia, a causa dei cambiamenti climatici, determinati principalmente dalle attivit\u00e0 umane, queste risorse vitali si stanno rapidamente sciogliendo. <\/p>\n<p>La conservazione dei ghiacciai \u00e8 una delle sfide pi\u00f9 urgenti per l&#8217;umanit\u00e0. Queste antiche formazioni di ghiaccio non sono solo acqua ghiacciata: sono i custodi della storia climatica del nostro pianeta, fonte di vita per miliardi di persone e luoghi sacri per molte culture. La loro rapida scomparsa ci ricorda che dobbiamo agire tempestivamente.<\/p>\n<p>I disegni sul foglio raffigurano quanto segue: <\/p>\n<p><strong>Colonna di sinistra dall&#8217;alto verso il basso:<\/strong><br \/>\n1. Il ghiacciaio Perito Moreno, Argentina<br \/>\n2. Il monte Gongga e il ghiacciaio nel parco forestale del ghiacciaio di Hailuogou, in Cina.<br \/>\n3. Vista panoramica dei ghiacciai dell&#8217;Alaska dalla baia di Prince William Sound, Stati Uniti<br \/>\n4. Ghiacciaio Pasterze, Austria<br \/>\n5. Ghiacciaio Franz Josef, Nuova Zelanda<\/p>\n<p><strong>Colonna di destra dall&#8217;alto in basso: <\/strong><br \/>\n6. Laguna J\u00f6kuls\u00e1rl\u00f3n Galcier con i ghiacciai e le montagne del Vatnaj\u00f6kull, Islanda<br \/>\n7. Acque gelide e ghiacciaio Lambert, Antartide<br \/>\n8. Ghiacciaio dell&#8217;Aletsch, Svizzera<br \/>\n9. Parco nazionale di Jostedalsbreen, Norvegia<br \/>\n10. Grandi iceberg torreggianti nell&#8217;Icefjord di Ilulissat, Groenlandia<br \/>\nLo sfondo del foglio presenta i ghiacciai di Ilulissat nella baia di Disko, in Groenlandia.<\/p>\n<p>Il foglio \u00e8 stato disegnato da Rorie Katz (Nazioni Unite). <\/p>\n<p>I fogli di francobolli possono essere personalizzati con una fotografia che sostituisca il logo delle Nazioni Unite. I clienti possono recarsi presso i negozi di francobolli dell&#8217;APNU a New York o a Vienna per farsi fotografare di persona, oppure possono caricare le loro foto direttamente sul sito web dell&#8217;APNU unstamps. org\/personalized-stamps. Le istruzioni per ordinare sono disponibili sul sito. <\/p>\n<p><strong>Dettagli tecnici<\/strong><br \/>\n<strong>Dimensioni del francobollo:<\/strong> 40,6 mm x 29,8 mm<br \/>\n<strong>Dimensioni della bandella:<\/strong> 26,6 mm x 29,8 mm<br \/>\n<strong>Dimensioni del foglio:<\/strong> 279,4 mm x 215,9 mm<br \/>\n<strong>Stampa:<\/strong> Interna<\/p>\n","protected":false},"excerpt":{"rendered":"<p>Per sottolineare l&#8217;importanza della conservazione dei ghiacciai, il 6 giugno 2025 l&#8217;APNU emetter\u00e0 un foglio per eventi speciali da 10 francobolli nel taglio da 1,20 \u20ac ciascuno. L&#8217;Assemblea Generale ha proclamato il 2025 come Anno Internazionale della Conservazione dei Ghiacciai per sensibilizzare l&#8217;opinione pubblica sul ruolo vitale che ghiacciai, neve e ghiaccio svolgono nel sistema [&hellip;]<\/p>\n","protected":false},"featured_media":194706,"comment_status":"closed","ping_status":"closed","template":"","meta":{"ngg_post_thumbnail":0},"product_brand":[],"product_cat":[2955,164],"product_tag":[],"class_list":{"0":"post-194679","1":"product","2":"type-product","3":"status-publish","4":"has-post-thumbnail","6":"product_cat-2025-it","7":"product_cat-fogli-personalizzati","8":"pa_condition-cancelled-it","9":"pa_condition-mint-it","11":"first","12":"instock","13":"shipping-taxable","14":"purchasable","15":"product-type-variable"},"yoast_head":"<!-- This site is optimized with the Yoast SEO plugin v27.3 - https:\/\/yoast.com\/product\/yoast-seo-wordpress\/ -->\n<title>Anno Internazionale Della Conservazione Dei Ghiacciai - UN Francobolli<\/title>\n<meta name=\"robots\" content=\"index, follow, max-snippet:-1, max-image-preview:large, max-video-preview:-1\" \/>\n<link rel=\"canonical\" href=\"https:\/\/unstamps.org\/it\/prodotto\/anno-internazionale-della-conservazione-dei-ghiacciai\/\" \/>\n<meta property=\"og:locale\" content=\"it_IT\" \/>\n<meta property=\"og:type\" content=\"article\" \/>\n<meta property=\"og:title\" content=\"Anno Internazionale Della Conservazione Dei Ghiacciai - UN Francobolli\" \/>\n<meta property=\"og:description\" content=\"Per sottolineare l&#8217;importanza della conservazione dei ghiacciai, il 6 giugno 2025 l&#8217;APNU emetter\u00e0 un foglio per eventi speciali da 10 francobolli nel taglio da 1,20 \u20ac ciascuno. L&#8217;Assemblea Generale ha proclamato il 2025 come Anno Internazionale della Conservazione dei Ghiacciai per sensibilizzare l&#8217;opinione pubblica sul ruolo vitale che ghiacciai, neve e ghiaccio svolgono nel sistema [&hellip;]\" \/>\n<meta property=\"og:url\" content=\"https:\/\/unstamps.org\/it\/prodotto\/anno-internazionale-della-conservazione-dei-ghiacciai\/\" \/>\n<meta property=\"og:site_name\" content=\"UN Francobolli\" \/>\n<meta property=\"article:modified_time\" content=\"2026-01-09T16:53:13+00:00\" \/>\n<meta property=\"og:image\" content=\"https:\/\/unstamps.org\/wp-content\/uploads\/2025\/05\/2025-Glacier-PSS-Mint-Web.jpg\" \/>\n\t<meta property=\"og:image:width\" content=\"1024\" \/>\n\t<meta property=\"og:image:height\" content=\"1024\" \/>\n\t<meta property=\"og:image:type\" content=\"image\/jpeg\" \/>\n<meta name=\"twitter:card\" content=\"summary_large_image\" \/>\n<meta name=\"twitter:label1\" content=\"Tempo di lettura stimato\" \/>\n\t<meta name=\"twitter:data1\" content=\"2 minutes\" \/>\n<script type=\"application\/ld+json\" class=\"yoast-schema-graph\">{\"@context\":\"https:\\\/\\\/schema.org\",\"@graph\":[{\"@type\":\"WebPage\",\"@id\":\"https:\\\/\\\/unstamps.org\\\/it\\\/prodotto\\\/anno-internazionale-della-conservazione-dei-ghiacciai\\\/\",\"url\":\"https:\\\/\\\/unstamps.org\\\/it\\\/prodotto\\\/anno-internazionale-della-conservazione-dei-ghiacciai\\\/\",\"name\":\"Anno Internazionale Della Conservazione Dei Ghiacciai - UN Francobolli\",\"isPartOf\":{\"@id\":\"https:\\\/\\\/unstamps.org\\\/it\\\/#website\"},\"primaryImageOfPage\":{\"@id\":\"https:\\\/\\\/unstamps.org\\\/it\\\/prodotto\\\/anno-internazionale-della-conservazione-dei-ghiacciai\\\/#primaryimage\"},\"image\":{\"@id\":\"https:\\\/\\\/unstamps.org\\\/it\\\/prodotto\\\/anno-internazionale-della-conservazione-dei-ghiacciai\\\/#primaryimage\"},\"thumbnailUrl\":\"https:\\\/\\\/unstamps.org\\\/wp-content\\\/uploads\\\/2025\\\/05\\\/2025-Glacier-PSS-Mint-Web.jpg\",\"datePublished\":\"2025-05-30T16:08:12+00:00\",\"dateModified\":\"2026-01-09T16:53:13+00:00\",\"breadcrumb\":{\"@id\":\"https:\\\/\\\/unstamps.org\\\/it\\\/prodotto\\\/anno-internazionale-della-conservazione-dei-ghiacciai\\\/#breadcrumb\"},\"inLanguage\":\"it-IT\",\"potentialAction\":[{\"@type\":\"ReadAction\",\"target\":[\"https:\\\/\\\/unstamps.org\\\/it\\\/prodotto\\\/anno-internazionale-della-conservazione-dei-ghiacciai\\\/\"]}]},{\"@type\":\"ImageObject\",\"inLanguage\":\"it-IT\",\"@id\":\"https:\\\/\\\/unstamps.org\\\/it\\\/prodotto\\\/anno-internazionale-della-conservazione-dei-ghiacciai\\\/#primaryimage\",\"url\":\"https:\\\/\\\/unstamps.org\\\/wp-content\\\/uploads\\\/2025\\\/05\\\/2025-Glacier-PSS-Mint-Web.jpg\",\"contentUrl\":\"https:\\\/\\\/unstamps.org\\\/wp-content\\\/uploads\\\/2025\\\/05\\\/2025-Glacier-PSS-Mint-Web.jpg\",\"width\":1024,\"height\":1024},{\"@type\":\"BreadcrumbList\",\"@id\":\"https:\\\/\\\/unstamps.org\\\/it\\\/prodotto\\\/anno-internazionale-della-conservazione-dei-ghiacciai\\\/#breadcrumb\",\"itemListElement\":[{\"@type\":\"ListItem\",\"position\":1,\"name\":\"Home\",\"item\":\"https:\\\/\\\/unstamps.org\\\/it\\\/\"},{\"@type\":\"ListItem\",\"position\":2,\"name\":\"Prodotti\",\"item\":\"https:\\\/\\\/unstamps.org\\\/it\\\/prodotti\\\/\"},{\"@type\":\"ListItem\",\"position\":3,\"name\":\"Anno Internazionale Della Conservazione Dei Ghiacciai\"}]},{\"@type\":\"WebSite\",\"@id\":\"https:\\\/\\\/unstamps.org\\\/it\\\/#website\",\"url\":\"https:\\\/\\\/unstamps.org\\\/it\\\/\",\"name\":\"UN Stamps\",\"description\":\"United Nations Stamps\",\"publisher\":{\"@id\":\"https:\\\/\\\/unstamps.org\\\/it\\\/#organization\"},\"potentialAction\":[{\"@type\":\"SearchAction\",\"target\":{\"@type\":\"EntryPoint\",\"urlTemplate\":\"https:\\\/\\\/unstamps.org\\\/it\\\/?s={search_term_string}\"},\"query-input\":{\"@type\":\"PropertyValueSpecification\",\"valueRequired\":true,\"valueName\":\"search_term_string\"}}],\"inLanguage\":\"it-IT\"},{\"@type\":\"Organization\",\"@id\":\"https:\\\/\\\/unstamps.org\\\/it\\\/#organization\",\"name\":\"UN Stamps\",\"url\":\"https:\\\/\\\/unstamps.org\\\/it\\\/\",\"logo\":{\"@type\":\"ImageObject\",\"inLanguage\":\"it-IT\",\"@id\":\"https:\\\/\\\/unstamps.org\\\/it\\\/#\\\/schema\\\/logo\\\/image\\\/\",\"url\":\"https:\\\/\\\/unstamps.org\\\/wp-content\\\/uploads\\\/2014\\\/01\\\/logo4web.jpg\",\"contentUrl\":\"https:\\\/\\\/unstamps.org\\\/wp-content\\\/uploads\\\/2014\\\/01\\\/logo4web.jpg\",\"width\":2500,\"height\":250,\"caption\":\"UN Stamps\"},\"image\":{\"@id\":\"https:\\\/\\\/unstamps.org\\\/it\\\/#\\\/schema\\\/logo\\\/image\\\/\"}}]}<\/script>\n<!-- \/ Yoast SEO plugin. -->","yoast_head_json":{"title":"Anno Internazionale Della Conservazione Dei Ghiacciai - UN Francobolli","robots":{"index":"index","follow":"follow","max-snippet":"max-snippet:-1","max-image-preview":"max-image-preview:large","max-video-preview":"max-video-preview:-1"},"canonical":"https:\/\/unstamps.org\/it\/prodotto\/anno-internazionale-della-conservazione-dei-ghiacciai\/","og_locale":"it_IT","og_type":"article","og_title":"Anno Internazionale Della Conservazione Dei Ghiacciai - UN Francobolli","og_description":"Per sottolineare l&#8217;importanza della conservazione dei ghiacciai, il 6 giugno 2025 l&#8217;APNU emetter\u00e0 un foglio per eventi speciali da 10 francobolli nel taglio da 1,20 \u20ac ciascuno. L&#8217;Assemblea Generale ha proclamato il 2025 come Anno Internazionale della Conservazione dei Ghiacciai per sensibilizzare l&#8217;opinione pubblica sul ruolo vitale che ghiacciai, neve e ghiaccio svolgono nel sistema [&hellip;]","og_url":"https:\/\/unstamps.org\/it\/prodotto\/anno-internazionale-della-conservazione-dei-ghiacciai\/","og_site_name":"UN Francobolli","article_modified_time":"2026-01-09T16:53:13+00:00","og_image":[{"width":1024,"height":1024,"url":"https:\/\/unstamps.org\/wp-content\/uploads\/2025\/05\/2025-Glacier-PSS-Mint-Web.jpg","type":"image\/jpeg"}],"twitter_card":"summary_large_image","twitter_misc":{"Tempo di lettura stimato":"2 minutes"},"schema":{"@context":"https:\/\/schema.org","@graph":[{"@type":"WebPage","@id":"https:\/\/unstamps.org\/it\/prodotto\/anno-internazionale-della-conservazione-dei-ghiacciai\/","url":"https:\/\/unstamps.org\/it\/prodotto\/anno-internazionale-della-conservazione-dei-ghiacciai\/","name":"Anno Internazionale Della Conservazione Dei Ghiacciai - UN Francobolli","isPartOf":{"@id":"https:\/\/unstamps.org\/it\/#website"},"primaryImageOfPage":{"@id":"https:\/\/unstamps.org\/it\/prodotto\/anno-internazionale-della-conservazione-dei-ghiacciai\/#primaryimage"},"image":{"@id":"https:\/\/unstamps.org\/it\/prodotto\/anno-internazionale-della-conservazione-dei-ghiacciai\/#primaryimage"},"thumbnailUrl":"https:\/\/unstamps.org\/wp-content\/uploads\/2025\/05\/2025-Glacier-PSS-Mint-Web.jpg","datePublished":"2025-05-30T16:08:12+00:00","dateModified":"2026-01-09T16:53:13+00:00","breadcrumb":{"@id":"https:\/\/unstamps.org\/it\/prodotto\/anno-internazionale-della-conservazione-dei-ghiacciai\/#breadcrumb"},"inLanguage":"it-IT","potentialAction":[{"@type":"ReadAction","target":["https:\/\/unstamps.org\/it\/prodotto\/anno-internazionale-della-conservazione-dei-ghiacciai\/"]}]},{"@type":"ImageObject","inLanguage":"it-IT","@id":"https:\/\/unstamps.org\/it\/prodotto\/anno-internazionale-della-conservazione-dei-ghiacciai\/#primaryimage","url":"https:\/\/unstamps.org\/wp-content\/uploads\/2025\/05\/2025-Glacier-PSS-Mint-Web.jpg","contentUrl":"https:\/\/unstamps.org\/wp-content\/uploads\/2025\/05\/2025-Glacier-PSS-Mint-Web.jpg","width":1024,"height":1024},{"@type":"BreadcrumbList","@id":"https:\/\/unstamps.org\/it\/prodotto\/anno-internazionale-della-conservazione-dei-ghiacciai\/#breadcrumb","itemListElement":[{"@type":"ListItem","position":1,"name":"Home","item":"https:\/\/unstamps.org\/it\/"},{"@type":"ListItem","position":2,"name":"Prodotti","item":"https:\/\/unstamps.org\/it\/prodotti\/"},{"@type":"ListItem","position":3,"name":"Anno Internazionale Della Conservazione Dei Ghiacciai"}]},{"@type":"WebSite","@id":"https:\/\/unstamps.org\/it\/#website","url":"https:\/\/unstamps.org\/it\/","name":"UN Stamps","description":"United Nations Stamps","publisher":{"@id":"https:\/\/unstamps.org\/it\/#organization"},"potentialAction":[{"@type":"SearchAction","target":{"@type":"EntryPoint","urlTemplate":"https:\/\/unstamps.org\/it\/?s={search_term_string}"},"query-input":{"@type":"PropertyValueSpecification","valueRequired":true,"valueName":"search_term_string"}}],"inLanguage":"it-IT"},{"@type":"Organization","@id":"https:\/\/unstamps.org\/it\/#organization","name":"UN Stamps","url":"https:\/\/unstamps.org\/it\/","logo":{"@type":"ImageObject","inLanguage":"it-IT","@id":"https:\/\/unstamps.org\/it\/#\/schema\/logo\/image\/","url":"https:\/\/unstamps.org\/wp-content\/uploads\/2014\/01\/logo4web.jpg","contentUrl":"https:\/\/unstamps.org\/wp-content\/uploads\/2014\/01\/logo4web.jpg","width":2500,"height":250,"caption":"UN Stamps"},"image":{"@id":"https:\/\/unstamps.org\/it\/#\/schema\/logo\/image\/"}}]}},"jetpack_sharing_enabled":true,"publishpress_future_action":{"enabled":false,"date":"2026-04-16 09:51:24","action":"change-status","newStatus":"private","terms":[],"taxonomy":"product_cat","extraData":[]},"publishpress_future_workflow_manual_trigger":{"enabledWorkflows":[]},"_links":{"self":[{"href":"https:\/\/unstamps.org\/it\/wp-json\/wp\/v2\/product\/194679","targetHints":{"allow":["GET"]}}],"collection":[{"href":"https:\/\/unstamps.org\/it\/wp-json\/wp\/v2\/product"}],"about":[{"href":"https:\/\/unstamps.org\/it\/wp-json\/wp\/v2\/types\/product"}],"replies":[{"embeddable":true,"href":"https:\/\/unstamps.org\/it\/wp-json\/wp\/v2\/comments?post=194679"}],"wp:featuredmedia":[{"embeddable":true,"href":"https:\/\/unstamps.org\/it\/wp-json\/wp\/v2\/media\/194706"}],"wp:attachment":[{"href":"https:\/\/unstamps.org\/it\/wp-json\/wp\/v2\/media?parent=194679"}],"wp:term":[{"taxonomy":"product_brand","embeddable":true,"href":"https:\/\/unstamps.org\/it\/wp-json\/wp\/v2\/product_brand?post=194679"},{"taxonomy":"product_cat","embeddable":true,"href":"https:\/\/unstamps.org\/it\/wp-json\/wp\/v2\/product_cat?post=194679"},{"taxonomy":"product_tag","embeddable":true,"href":"https:\/\/unstamps.org\/it\/wp-json\/wp\/v2\/product_tag?post=194679"}],"curies":[{"name":"wp","href":"https:\/\/api.w.org\/{rel}","templated":true}]}}