{"id":194463,"date":"2025-01-20T10:27:35","date_gmt":"2025-05-22T14:34:33","guid":{"rendered":"https:\/\/unstamps.org\/?post_type=product&#038;p=194463"},"modified":"2026-01-09T11:52:27","modified_gmt":"2026-01-09T16:52:27","slug":"personalized-stamps-2025_it","status":"publish","type":"product","link":"https:\/\/unstamps.org\/it\/prodotto\/personalized-stamps-2025_it\/","title":{"rendered":"Personalized Stamps 2025"},"content":{"rendered":"<p><strong>Amministrazione Postale delle Nazioni Unite<\/strong><\/p>\n<p><strong>Accordo di utilizzo<\/strong><\/p>\n<p>Si riportano di seguito le condizioni che l\u2019Utente accetta di osservare quando trasmette immagini all\u2019Amministrazione Postale delle Nazioni Unite (APNU) per via elettronica allo scopo di ordinare francobolli personalizzati. Si prega di leggerle attentamente prima di inviare l\u2019ordine.<\/p>\n<p>Si prega di notare che il presente Accordo di utilizzo include, come riferimento, le Condizioni di utilizzo standard dei siti web delle Nazioni Unite, disponibili al seguente link [<em>please insert website address or create a link herein<\/em>], e che tutte le disposizioni di tali condizioni standard, salvo quanto modificato dal presente Accordo, sono vincolanti quando si utilizza il sito web della APNU per ordinare francobolli personalizzati dell\u2019APNU.<\/p>\n<ol>\n<li><strong>Permesso di utilizzare l\u2019immagine<\/strong>. Quando trasmette una sua immagine, l\u2019Utente autorizza le Nazioni Unite a riprodurla e, quando trasmette l\u2019immagine di un minore\/una persona a carico, autorizza le Nazioni Unite a riprodurre l\u2019immagine del minore\/della persona a carico.<\/li>\n<\/ol>\n<p>L\u2019Utente accetta che l\u2019APNU conservi le sue indicazioni e l\u2019immagine per un periodo di 90 giorni dalla data di spedizione dei suoi francobolli personalizzati da parte dell\u2019APNU, nell\u2019eventualit\u00e0 che desideri riordinare francobolli personalizzati dell\u2019APNU usando la stessa immagine. Per riordinare il prodotto, inviare una e-mail all\u2019indirizzo <a href=\"mailto:unpanyinquiries@un.org\">unpanyinquiries@un.org<\/a> per New York e all\u2019indirizzo <a href=\"mailto:UNPA-Europe@unvienna.org\">UNPA-Europe@unvienna.org<\/a> per l\u2019Europa.<\/p>\n<p>L\u2019APNU non vende, affitta o fornisce in altro modo a terzi le informazioni personali dell\u2019Utente. L\u2019Utente riceve solo informazioni sui prodotti e sui servizi dell\u2019APNU purch\u00e9 abbia espresso il suo consenso.<\/p>\n<ol start=\"2\">\n<li><strong>Presentazione delle immagini<\/strong>. Le uniche immagini che l\u2019APNU accetta per creare francobolli personalizzati sono foto del viso di persone e immagini fotografiche di animali\/animali domestici. Parole e testi di natura neutra, inoffensivi e non propagandistici possono essere inclusi come parte delle immagini trasmesse. \u00c8 accettabile un\u2019immagine contenente fino a tre foto del viso.<\/li>\n<\/ol>\n<ol start=\"3\">\n<li><strong>Garanzie dell\u2019Utente<\/strong>. L\u2019Utente dichiara e garantisce di avere il diritto legale di utilizzare, riprodurre, copiare, mostrare e distribuire e di consentire all\u2019APNU di utilizzare, riprodurre, copiare, mostrare e stampare ogni immagine che ha caricato sul sito web dell\u2019APNU allo scopo di ordinare francobolli personalizzati (\u201cimmagine inviata\u201d) dell\u2019APNU, sia sotto forma di titolarit\u00e0 dei diritti d\u2019autore sia come permesso del titolare (o titolari) dei diritti d\u2019autore o dell\u2019autorit\u00e0 competente, incluso il tutore\/i legale\/i di minori.<\/li>\n<\/ol>\n<p>L\u2019APNU si riserva il diritto di chiedere all\u2019Utente di fornire una prova scritta che attesti il possesso del diritto legale di cui sopra. Nel caso in cui l\u2019Utente non sia in grado di fornire la prova richiesta, l\u2019APNU pu\u00f2 decidere, a sua esclusiva discrezione, di non evadere l\u2019ordine usando l\u2019immagine inviata. L\u2019APNU si riserva inoltre il diritto di non stampare i francobolli personalizzati dell\u2019Utente qualora ritenga, a sua esclusiva discrezione, che l\u2019immagine inviata sia inaccettabile, indecente, inappropriata o offensiva per un qualsivoglia motivo. Nei casi sopra citati l\u2019APNU restituisce l\u2019immagine inviata e rimborsa qualsiasi pagamento effettuato dall\u2019Utente in conformit\u00e0 alla successiva Sezione 9 (\u201cRestituzioni\u201d). Conformemente alla successiva Sezione 8 (\u201cRisoluzione\u201d), l\u2019APNU pu\u00f2, senza preavviso, sospendere o chiudere il conto di un Utente che sembra violare i diritti di propriet\u00e0 intellettuale di terzi e pu\u00f2 adottare qualsiasi altro provvedimento che ritiene opportuno.<\/p>\n<ol start=\"4\">\n<li><strong>Propriet\u00e0 intellettuale<\/strong>. Tutti i diritti d\u2019autore e altri diritti di propriet\u00e0 intellettuale presenti nei francobolli personalizzati dell\u2019APNU (ad eccezione dell\u2019immagine inviata) appartengono alle Nazioni Unite. L\u2019Utente non deve riprodurre o autorizzare la riproduzione di alcuna propriet\u00e0 intellettuale delle Nazioni Unite senza la previa autorizzazione scritta dell\u2019APNU. Eventuali richieste di autorizzazione a riprodurre o a utilizzare in altro modo il materiale contenuto nei francobolli personalizzati dell\u2019APNU o altrimenti reso disponibile all\u2019Utente sul sito web dell\u2019APNU devono essere inviate all\u2019indirizzo <a href=\"mailto:unpanyinquiries@un.org\">unpanyinquiries@un.org<\/a>.<\/li>\n<\/ol>\n<p>Senza limitare, derogare o pregiudicare in altro modo la validit\u00e0 di quanto sopra, l\u2019Utente non pu\u00f2 modificare o rimuovere alcun avviso o simbolo o altra identificazione riguardante i diritti d\u2019autore, n\u00e9 informazioni relative alla paternit\u00e0 dei materiali contenuti nei francobolli personalizzati dell\u2019APNU o resi disponibili in altro modo all\u2019Utente sul sito web dell\u2019APNU.<\/p>\n<ol start=\"5\">\n<li><strong>Uso dei francobolli personalizzati<\/strong>. I francobolli personalizzati dell\u2019APNU possono essere utilizzati per articoli postali inviati e annullati dagli uffici APNU di New York, Ginevra e Vienna (i francobolli delle Nazioni Unite non possono essere annullati da alcuna amministrazione postale nazionale) o come oggetti da collezione.<\/li>\n<\/ol>\n<ol start=\"6\">\n<li><strong>Esclusione di garanzia; limitazione di responsabilit\u00e0<\/strong>.&nbsp;L\u2019UTENTE RICONOSCE E ACCETTA ESPRESSAMENTE CHE OGNI UTILIZZO DEI FRANCOBOLLI PERSONALIZZATI DELL\u2019APNU \u00c8 A SUO ESCLUSIVO RISCHIO.<\/li>\n<\/ol>\n<p>L\u2019UTENTE INOLTRE RICONOSCE E ACCETTA CHE LA QUALIT\u00c0 DEL PRODOTTO FINITO DIPENDE DALL\u2019IMMAGINE INVIATA E CHE POSSONO VERIFICARSI VARIAZIONI IN TERMINI DI COLORE, QUALIT\u00e0 E POSIZIONE DELL\u2019IMMAGINE. I FRANCOBOLLI PERSONALIZZATI DELL\u2019APNU VENGONO FORNITI \u201cNELLO STATO IN CUI SONO\u201d SENZA ALCUNA GARANZIA ESPLICITA O IMPLICITA, INCLUSE, A TITOLO ESEMPLIFICATIVO MA NON LIMITATIVO, GARANZIE DI TITOLARIT\u00c0 O GARANZIE IMPLICITE DI COMMERCIABILIT\u00c0, IDONEIT\u00c0 PER UN PARTICOLARE SCOPO E NON VIOLAZIONE.<\/p>\n<p>SEBBENE FACCIANO TUTTO QUANTO IN LORO POTERE PER GARANTIRE CHE I FRANCOBOLLI PERSONALIZZATI VENGANO PRODOTTI E SPEDITI ENTRO 10 GIORNI DAL RICEVIMENTO DELL\u2019ORDINE DELL\u2019UTENTE DA PARTE DEL CENTRO DI ELABORAZIONE, LE NAZIONI UNITE, INCLUSA L\u2019apnu, NON GARANTISCONO LA CONSEGNA ENTRO TALE TERMINE; OCCASIONALMENTE POTREBBERO VERIFICARSI RITARDI NELLA CONSEGNA. L\u2019UTENTE CHE DESIDERA UTILIZZARE I FRANCOBOLLI PERSONALIZZATI PER UN EVENTO SPECIALE DEVE INVIARE L\u2019ORDINE CON UN ANTICIPO TALE DA CONSENTIRE DI EVADERLO RISPETTANDO LA DATA PREVISTA PER TALE EVENTO.<\/p>\n<p>I MOTIVI RAPPRESENTATI NEI FRANCOBOLLI SONO SOGGETTI A MODIFICHE SENZA PREAVVISO. I PREZZI POSSONO VARIARE IN QUALSIASI MOMENTO A ESCLUSIVA DISCREZIONE DELL\u2019apnu.<\/p>\n<ol start=\"7\">\n<li><strong>Indennit\u00e0.<\/strong> Come condizione per l\u2019uso del sito web dell\u2019APNU allo scopo di ordinare e utilizzare i francobolli personalizzati dell\u2019APNU, l\u2019Utente accetta di tenere indenni le Nazioni Unite da ogni azione legale, rivendicazione, perdita, danno, responsabilit\u00e0 e spesa (incluse le ragionevoli spese legali) derivanti dall\u2019uso del sito web dell\u2019APNU allo scopo di ordinare e utilizzare i francobolli personalizzati dell\u2019APNU, inclusa, a titolo esemplificativo ma non limitativo, ogni rivendicazione di violazione della propriet\u00e0 intellettuale, uso non autorizzato dell\u2019immagine e della fotografia di una persona o di una propriet\u00e0 e\/o ogni rivendicazione basata su fatti presunti che, se veritieri, costituirebbero una violazione, da parte dell\u2019Utente, del presente Accordo di utilizzo.<\/li>\n<\/ol>\n<ol start=\"8\">\n<li><strong>Risoluzione<\/strong>.&nbsp;L\u2019APNU pu\u00f2 risolvere il presente Accordo di utilizzo in qualsiasi momento previo ragionevole preavviso scritto all\u2019Utente. Fatto salvo e senza limitare quanto sopra esposto, l\u2019APNU ha il diritto di risolvere immediatamente il presente Accordo di utilizzo e\/o di revocare i diritti dell\u2019Utente a utilizzare il sito web dell\u2019APNU e i francobolli personalizzati in caso di violazione, da parte dell\u2019Utente, del presente Accordo di utilizzo.<\/li>\n<\/ol>\n<ol start=\"9\">\n<li><strong>Restituzioni<\/strong>. In caso di risoluzione del presente Accordo di utilizzo da parte delle Nazioni Unite, salvo che per effetto di una violazione dello stesso da parte dell\u2019Utente, l\u2019APNU restituisce all\u2019Utente la sua immagine e rimborsa qualsiasi pagamento effettuato all\u2019APNU entro 90 giorni dalla notifica della sua decisione di non evadere l\u2019ordine.<\/li>\n<\/ol>\n<p>Per eventuali reclami riguardanti i francobolli personalizzati finiti, inviare una e-mail all\u2019indirizzo <a href=\"mailto:unpanyinquiries@un.org\">unpanyinquiries@un.org<\/a> per New York e all\u2019indirizzo <a href=\"mailto:UNPA-Europe@unvienna.org\">UNPA-Europe@unvienna.org<\/a> per l\u2019Europa. I rimborsi saranno accordati solo nel caso in cui (a) i francobolli siano difettosi o danneggiati, (b) si possa dimostrare che il danno \u00e8 precedente alla consegna all\u2019Utente, e (c) la rivendicazione venga avanzata entro 30 giorni dalla data di consegna. L\u2019ordine non verr\u00e0 rimborsato n\u00e9 cambiato se l\u2019immagine stampata sui francobolli personalizzati \u00e8 di scarsa qualit\u00e0.<\/p>\n<ol start=\"10\">\n<li><strong>Risoluzione delle controversie<\/strong><\/li>\n<\/ol>\n<p><u>Composizione amichevole<\/u>: le Parti del presente Accordo di utilizzo si impegnano a risolvere in via amichevole ogni disputa, controversia o rivendicazione derivante dal presente Accordo di utilizzo o dalla violazione, risoluzione o nullit\u00e0 dello stesso. Nel caso in cui le Parti intendano giungere a tale composizione amichevole mediante conciliazione, la conciliazione avr\u00e0 luogo secondo il Regolamento di conciliazione vigente della Commissione delle Nazioni Unite per il diritto commerciale internazionale (\u201cUNCITRAL \u201c) o conformemente a qualsiasi altra procedura concordata per iscritto dalle Parti.<\/p>\n<p><u>Arbitrato<\/u>: Ogni disputa, controversia o rivendicazione tra le Parti derivante dal presente Accordo di utilizzo o la violazione, risoluzione o nullit\u00e0 dello stesso, se non risolta in via amichevole ai sensi del paragrafo precedente, entro sessanta (60) giorni dal ricevimento, da parte di una delle Parti, della richiesta scritta dell\u2019altra Parte di detta composizione amichevole, sar\u00e0 sottoposta ad arbitrato da una delle Parti, conformemente al Regolamento di arbitrato vigente dell\u2019UNCITRAL. Le decisioni del tribunale arbitrale si basano sui principi generali del diritto commerciale internazionale. Il tribunale arbitrale ha la facolt\u00e0 di ordinare la restituzione o la distruzione di beni o altre propriet\u00e0, tangibili o intangibili, o di informazioni riservate fornite ai sensi del presente Accordo di utilizzo, di ordinare la risoluzione dell\u2019Accordo di utilizzo o di ordinare l\u2019adozione di altre misure di protezione relative ai beni, ai servizi o ad altra propriet\u00e0, tangibile o intangibile, o a informazioni riservate fornite ai sensi del presente Accordo di utilizzo, secondo le esigenze, sempre nel rispetto dell\u2019autorit\u00e0 del tribunale arbitrale ai sensi dell\u2019articolo 26 (\u201cMisure provvisorie\u201d) e dell\u2019articolo 34 (\u201cForma ed effetto del lodo\u201d) del Regolamento di arbitrato dell\u2019UNCITRAL. Il tribunale arbitrale non \u00e8 abilitato ad accordare il risarcimento danni punitivo. Inoltre, salvo quanto espressamente disposto nel presente Accordo di utilizzo, il tribunale arbitrale non \u00e8 abilitato ad accordare interessi superiori al tasso interbancario di Londra (\u201cLIBOR\u201d) vigente e tali interessi sono solo interessi semplici. Le Parti sono vincolate a ogni lodo arbitrale pronunciato in seguito a tale arbitrato quale risoluzione definitiva della disputa, controversia o rivendicazione.<\/p>\n<ol start=\"11\">\n<li><strong>Mantenimento delle immunit\u00e0<\/strong>.&nbsp;Nessuna disposizione del presente Accordo di utilizzo o ad esso associata sar\u00e0 considerata una rinuncia, espressa o implicita, ai privilegi e alle immunit\u00e0 delle Nazioni Unite, inclusi i suoi organi sussidiari, che sono specificamente riservati.<\/li>\n<\/ol>\n<ol start=\"12\">\n<li><strong>Intero accordo<\/strong>.&nbsp;Il presente Accordo di utilizzo, le Condizioni standard di utilizzo dei siti web delle Nazioni Unite e altre policy delle Nazioni Unite, incluse quelle dell\u2019APNU, riguardanti l\u2019uso, da parte dell\u2019Utente, del sito web dell\u2019APNU, inclusi i francobolli personalizzati, costituiscono l\u2019accordo integrale tra le Nazioni Unite e l\u2019Utente relativamente all\u2019oggetto di cui sopra, e sostituiscono tutti i precedenti accordi verbali o scritti relativi all\u2019oggetto del presente Accordo.<\/li>\n<\/ol>\n<ol start=\"13\">\n<li><strong>Varie<\/strong>. I titoli delle sezioni qui utilizzati hanno scopo puramente illustrativo e non hanno alcun peso legale.<\/li>\n<\/ol>\n<p>Le disposizioni delle Sezioni 4 (\u201cPropriet\u00e0 intellettuale\u201d), 6 (\u201cEsclusione di garanzia; limitazione di responsabilit\u00e0\u201d), 7 (\u201cIndennit\u00e0\u201d), 10 (\u201cRisoluzione delle controversie\u201d), 11 (\u201cMantenimento delle immunit\u00e0\u201d), 12 (\u201cIntero accordo\u201d) e 13 (\u201cVarie\u201d) restano valide anche dopo la risoluzione del presente Accordo di utilizzo.<\/p>\n","protected":false},"excerpt":{"rendered":"<p>Amministrazione Postale delle Nazioni Unite Accordo di utilizzo Si riportano di seguito le condizioni che l\u2019Utente accetta di osservare quando trasmette immagini all\u2019Amministrazione Postale delle Nazioni Unite (APNU) per via elettronica allo scopo di ordinare francobolli personalizzati. Si prega di leggerle attentamente prima di inviare l\u2019ordine. Si prega di notare che il presente Accordo di [&hellip;]<\/p>\n","protected":false},"featured_media":28328,"comment_status":"closed","ping_status":"closed","template":"","meta":{"ngg_post_thumbnail":0},"product_brand":[],"product_cat":[2955,164],"product_tag":[],"class_list":{"0":"post-194463","1":"product","2":"type-product","3":"status-publish","4":"has-post-thumbnail","6":"product_cat-2025-it","7":"product_cat-fogli-personalizzati","9":"first","10":"instock","11":"shipping-taxable","12":"purchasable","13":"product-type-simple"},"yoast_head":"<!-- This site is optimized with the Yoast SEO plugin v27.3 - https:\/\/yoast.com\/product\/yoast-seo-wordpress\/ -->\n<title>Personalized Stamps 2025 - UN Francobolli<\/title>\n<meta name=\"robots\" content=\"index, follow, max-snippet:-1, max-image-preview:large, max-video-preview:-1\" \/>\n<link rel=\"canonical\" href=\"https:\/\/unstamps.org\/it\/prodotto\/personalized-stamps-2025_it\/\" \/>\n<meta property=\"og:locale\" content=\"it_IT\" \/>\n<meta property=\"og:type\" content=\"article\" \/>\n<meta property=\"og:title\" content=\"Personalized Stamps 2025 - UN Francobolli\" \/>\n<meta property=\"og:description\" content=\"Amministrazione Postale delle Nazioni Unite Accordo di utilizzo Si riportano di seguito le condizioni che l\u2019Utente accetta di osservare quando trasmette immagini all\u2019Amministrazione Postale delle Nazioni Unite (APNU) per via elettronica allo scopo di ordinare francobolli personalizzati. Si prega di leggerle attentamente prima di inviare l\u2019ordine. Si prega di notare che il presente Accordo di [&hellip;]\" \/>\n<meta property=\"og:url\" content=\"https:\/\/unstamps.org\/it\/prodotto\/personalized-stamps-2025_it\/\" \/>\n<meta property=\"og:site_name\" content=\"UN Francobolli\" \/>\n<meta property=\"article:modified_time\" content=\"2026-01-09T16:52:27+00:00\" \/>\n<meta property=\"og:image\" content=\"https:\/\/unstamps.org\/wp-content\/uploads\/2015\/08\/personalized.png\" \/>\n\t<meta property=\"og:image:width\" content=\"566\" \/>\n\t<meta property=\"og:image:height\" content=\"311\" \/>\n\t<meta property=\"og:image:type\" content=\"image\/png\" \/>\n<meta name=\"twitter:card\" content=\"summary_large_image\" \/>\n<meta name=\"twitter:label1\" content=\"Tempo di lettura stimato\" \/>\n\t<meta name=\"twitter:data1\" content=\"8 minutes\" \/>\n<script type=\"application\/ld+json\" class=\"yoast-schema-graph\">{\"@context\":\"https:\\\/\\\/schema.org\",\"@graph\":[{\"@type\":\"WebPage\",\"@id\":\"https:\\\/\\\/unstamps.org\\\/it\\\/prodotto\\\/personalized-stamps-2025_it\\\/\",\"url\":\"https:\\\/\\\/unstamps.org\\\/it\\\/prodotto\\\/personalized-stamps-2025_it\\\/\",\"name\":\"Personalized Stamps 2025 - UN Francobolli\",\"isPartOf\":{\"@id\":\"https:\\\/\\\/unstamps.org\\\/it\\\/#website\"},\"primaryImageOfPage\":{\"@id\":\"https:\\\/\\\/unstamps.org\\\/it\\\/prodotto\\\/personalized-stamps-2025_it\\\/#primaryimage\"},\"image\":{\"@id\":\"https:\\\/\\\/unstamps.org\\\/it\\\/prodotto\\\/personalized-stamps-2025_it\\\/#primaryimage\"},\"thumbnailUrl\":\"https:\\\/\\\/unstamps.org\\\/wp-content\\\/uploads\\\/2015\\\/08\\\/personalized.png\",\"datePublished\":\"2025-05-22T14:34:33+00:00\",\"dateModified\":\"2026-01-09T16:52:27+00:00\",\"breadcrumb\":{\"@id\":\"https:\\\/\\\/unstamps.org\\\/it\\\/prodotto\\\/personalized-stamps-2025_it\\\/#breadcrumb\"},\"inLanguage\":\"it-IT\",\"potentialAction\":[{\"@type\":\"ReadAction\",\"target\":[\"https:\\\/\\\/unstamps.org\\\/it\\\/prodotto\\\/personalized-stamps-2025_it\\\/\"]}]},{\"@type\":\"ImageObject\",\"inLanguage\":\"it-IT\",\"@id\":\"https:\\\/\\\/unstamps.org\\\/it\\\/prodotto\\\/personalized-stamps-2025_it\\\/#primaryimage\",\"url\":\"https:\\\/\\\/unstamps.org\\\/wp-content\\\/uploads\\\/2015\\\/08\\\/personalized.png\",\"contentUrl\":\"https:\\\/\\\/unstamps.org\\\/wp-content\\\/uploads\\\/2015\\\/08\\\/personalized.png\",\"width\":566,\"height\":311},{\"@type\":\"BreadcrumbList\",\"@id\":\"https:\\\/\\\/unstamps.org\\\/it\\\/prodotto\\\/personalized-stamps-2025_it\\\/#breadcrumb\",\"itemListElement\":[{\"@type\":\"ListItem\",\"position\":1,\"name\":\"Home\",\"item\":\"https:\\\/\\\/unstamps.org\\\/it\\\/\"},{\"@type\":\"ListItem\",\"position\":2,\"name\":\"Prodotti\",\"item\":\"https:\\\/\\\/unstamps.org\\\/it\\\/prodotti\\\/\"},{\"@type\":\"ListItem\",\"position\":3,\"name\":\"Personalized Stamps 2025\"}]},{\"@type\":\"WebSite\",\"@id\":\"https:\\\/\\\/unstamps.org\\\/it\\\/#website\",\"url\":\"https:\\\/\\\/unstamps.org\\\/it\\\/\",\"name\":\"UN Stamps\",\"description\":\"United Nations Stamps\",\"publisher\":{\"@id\":\"https:\\\/\\\/unstamps.org\\\/it\\\/#organization\"},\"potentialAction\":[{\"@type\":\"SearchAction\",\"target\":{\"@type\":\"EntryPoint\",\"urlTemplate\":\"https:\\\/\\\/unstamps.org\\\/it\\\/?s={search_term_string}\"},\"query-input\":{\"@type\":\"PropertyValueSpecification\",\"valueRequired\":true,\"valueName\":\"search_term_string\"}}],\"inLanguage\":\"it-IT\"},{\"@type\":\"Organization\",\"@id\":\"https:\\\/\\\/unstamps.org\\\/it\\\/#organization\",\"name\":\"UN Stamps\",\"url\":\"https:\\\/\\\/unstamps.org\\\/it\\\/\",\"logo\":{\"@type\":\"ImageObject\",\"inLanguage\":\"it-IT\",\"@id\":\"https:\\\/\\\/unstamps.org\\\/it\\\/#\\\/schema\\\/logo\\\/image\\\/\",\"url\":\"https:\\\/\\\/unstamps.org\\\/wp-content\\\/uploads\\\/2014\\\/01\\\/logo4web.jpg\",\"contentUrl\":\"https:\\\/\\\/unstamps.org\\\/wp-content\\\/uploads\\\/2014\\\/01\\\/logo4web.jpg\",\"width\":2500,\"height\":250,\"caption\":\"UN Stamps\"},\"image\":{\"@id\":\"https:\\\/\\\/unstamps.org\\\/it\\\/#\\\/schema\\\/logo\\\/image\\\/\"}}]}<\/script>\n<!-- \/ Yoast SEO plugin. -->","yoast_head_json":{"title":"Personalized Stamps 2025 - UN Francobolli","robots":{"index":"index","follow":"follow","max-snippet":"max-snippet:-1","max-image-preview":"max-image-preview:large","max-video-preview":"max-video-preview:-1"},"canonical":"https:\/\/unstamps.org\/it\/prodotto\/personalized-stamps-2025_it\/","og_locale":"it_IT","og_type":"article","og_title":"Personalized Stamps 2025 - UN Francobolli","og_description":"Amministrazione Postale delle Nazioni Unite Accordo di utilizzo Si riportano di seguito le condizioni che l\u2019Utente accetta di osservare quando trasmette immagini all\u2019Amministrazione Postale delle Nazioni Unite (APNU) per via elettronica allo scopo di ordinare francobolli personalizzati. Si prega di leggerle attentamente prima di inviare l\u2019ordine. Si prega di notare che il presente Accordo di [&hellip;]","og_url":"https:\/\/unstamps.org\/it\/prodotto\/personalized-stamps-2025_it\/","og_site_name":"UN Francobolli","article_modified_time":"2026-01-09T16:52:27+00:00","og_image":[{"width":566,"height":311,"url":"https:\/\/unstamps.org\/wp-content\/uploads\/2015\/08\/personalized.png","type":"image\/png"}],"twitter_card":"summary_large_image","twitter_misc":{"Tempo di lettura stimato":"8 minutes"},"schema":{"@context":"https:\/\/schema.org","@graph":[{"@type":"WebPage","@id":"https:\/\/unstamps.org\/it\/prodotto\/personalized-stamps-2025_it\/","url":"https:\/\/unstamps.org\/it\/prodotto\/personalized-stamps-2025_it\/","name":"Personalized Stamps 2025 - UN Francobolli","isPartOf":{"@id":"https:\/\/unstamps.org\/it\/#website"},"primaryImageOfPage":{"@id":"https:\/\/unstamps.org\/it\/prodotto\/personalized-stamps-2025_it\/#primaryimage"},"image":{"@id":"https:\/\/unstamps.org\/it\/prodotto\/personalized-stamps-2025_it\/#primaryimage"},"thumbnailUrl":"https:\/\/unstamps.org\/wp-content\/uploads\/2015\/08\/personalized.png","datePublished":"2025-05-22T14:34:33+00:00","dateModified":"2026-01-09T16:52:27+00:00","breadcrumb":{"@id":"https:\/\/unstamps.org\/it\/prodotto\/personalized-stamps-2025_it\/#breadcrumb"},"inLanguage":"it-IT","potentialAction":[{"@type":"ReadAction","target":["https:\/\/unstamps.org\/it\/prodotto\/personalized-stamps-2025_it\/"]}]},{"@type":"ImageObject","inLanguage":"it-IT","@id":"https:\/\/unstamps.org\/it\/prodotto\/personalized-stamps-2025_it\/#primaryimage","url":"https:\/\/unstamps.org\/wp-content\/uploads\/2015\/08\/personalized.png","contentUrl":"https:\/\/unstamps.org\/wp-content\/uploads\/2015\/08\/personalized.png","width":566,"height":311},{"@type":"BreadcrumbList","@id":"https:\/\/unstamps.org\/it\/prodotto\/personalized-stamps-2025_it\/#breadcrumb","itemListElement":[{"@type":"ListItem","position":1,"name":"Home","item":"https:\/\/unstamps.org\/it\/"},{"@type":"ListItem","position":2,"name":"Prodotti","item":"https:\/\/unstamps.org\/it\/prodotti\/"},{"@type":"ListItem","position":3,"name":"Personalized Stamps 2025"}]},{"@type":"WebSite","@id":"https:\/\/unstamps.org\/it\/#website","url":"https:\/\/unstamps.org\/it\/","name":"UN Stamps","description":"United Nations Stamps","publisher":{"@id":"https:\/\/unstamps.org\/it\/#organization"},"potentialAction":[{"@type":"SearchAction","target":{"@type":"EntryPoint","urlTemplate":"https:\/\/unstamps.org\/it\/?s={search_term_string}"},"query-input":{"@type":"PropertyValueSpecification","valueRequired":true,"valueName":"search_term_string"}}],"inLanguage":"it-IT"},{"@type":"Organization","@id":"https:\/\/unstamps.org\/it\/#organization","name":"UN Stamps","url":"https:\/\/unstamps.org\/it\/","logo":{"@type":"ImageObject","inLanguage":"it-IT","@id":"https:\/\/unstamps.org\/it\/#\/schema\/logo\/image\/","url":"https:\/\/unstamps.org\/wp-content\/uploads\/2014\/01\/logo4web.jpg","contentUrl":"https:\/\/unstamps.org\/wp-content\/uploads\/2014\/01\/logo4web.jpg","width":2500,"height":250,"caption":"UN Stamps"},"image":{"@id":"https:\/\/unstamps.org\/it\/#\/schema\/logo\/image\/"}}]}},"jetpack_sharing_enabled":true,"publishpress_future_action":{"enabled":false,"date":"2026-04-17 05:18:35","action":"change-status","newStatus":"private","terms":[],"taxonomy":"product_cat","extraData":[]},"publishpress_future_workflow_manual_trigger":{"enabledWorkflows":[]},"_links":{"self":[{"href":"https:\/\/unstamps.org\/it\/wp-json\/wp\/v2\/product\/194463","targetHints":{"allow":["GET"]}}],"collection":[{"href":"https:\/\/unstamps.org\/it\/wp-json\/wp\/v2\/product"}],"about":[{"href":"https:\/\/unstamps.org\/it\/wp-json\/wp\/v2\/types\/product"}],"replies":[{"embeddable":true,"href":"https:\/\/unstamps.org\/it\/wp-json\/wp\/v2\/comments?post=194463"}],"wp:featuredmedia":[{"embeddable":true,"href":"https:\/\/unstamps.org\/it\/wp-json\/wp\/v2\/media\/28328"}],"wp:attachment":[{"href":"https:\/\/unstamps.org\/it\/wp-json\/wp\/v2\/media?parent=194463"}],"wp:term":[{"taxonomy":"product_brand","embeddable":true,"href":"https:\/\/unstamps.org\/it\/wp-json\/wp\/v2\/product_brand?post=194463"},{"taxonomy":"product_cat","embeddable":true,"href":"https:\/\/unstamps.org\/it\/wp-json\/wp\/v2\/product_cat?post=194463"},{"taxonomy":"product_tag","embeddable":true,"href":"https:\/\/unstamps.org\/it\/wp-json\/wp\/v2\/product_tag?post=194463"}],"curies":[{"name":"wp","href":"https:\/\/api.w.org\/{rel}","templated":true}]}}