{"id":184433,"date":"2024-04-23T14:45:13","date_gmt":"2024-04-23T18:46:09","guid":{"rendered":"https:\/\/unstamps.org\/?post_type=product&#038;p=184433"},"modified":"2026-01-09T11:56:05","modified_gmt":"2026-01-09T16:56:05","slug":"specie-minacciate-destinzione-2024","status":"publish","type":"product","link":"https:\/\/unstamps.org\/it\/prodotto\/specie-minacciate-destinzione-2024\/","title":{"rendered":"Specie minacciate d\u2019estinzione 2024"},"content":{"rendered":"<p>Il 26 aprile 2024, l&#8217;APNU prosegue con la sua serie di francobolli dedicata alle specie minacciate di estinzione con l&#8217;emissione di 12 francobolli.<\/p>\n<p>La serie di francobolli delle Nazioni Unite del 2024 sulle specie minacciate di estinzione comprende una vasta gamma di fauna e flora, comprese le specie al centro delle decisioni adottate dalle Parti della Convenzione sul commercio internazionale delle specie di flora e fauna selvatiche minacciate di estinzione (CITES) e delle discussioni svoltesi nelll&#8217;ultimo anno relative alla conservazione, alla gestione e al commercio sostenibili della fauna selvatica di queste specie.<\/p>\n<p>Poich\u00e9 l&#8217;obiettivo principale della Convenzione \u00e8 garantire che il commercio internazionale di animali e piante selvatiche sia legale, sostenibile e tracciabile, la CITES lavora per sostenere e mantenere la sopravvivenza in natura delle specie elencate nelle sue appendici.<\/p>\n<p>Per 30 anni, l&#8217;APNU ha emesso francobolli a sostegno della CITES per celebrare le molteplici e splendide forme di fauna e flora selvatiche e per fare opera di sensibilizzazione sulla moltitudine di vantaggi che la conservazione offre alla popolazione.<\/p>\n<p><strong>I disegni<\/strong><br \/>\n<strong>New York &#8211; US$ 1.55<\/strong><br \/>\nRhynchobatus djiddensis (pesce chitarra gigante)<br \/>\nOrchis anatolica (Orchidea dell&#8217;Anatolia)<br \/>\nNeofelis nebulosa (leopardo nebuloso)<br \/>\nPycnonotus zeylanicus (bulbul dalla testa di paglia)<\/p>\n<p><strong>Ginevra \u2013 CHF 1,90<\/strong><br \/>\nPatamtris albimaculata (razza del fiume Ittuba)<br \/>\nAquilaria malaccensis (legno di aloe)<br \/>\nVicugna vicugna (vicu\u00f1a)<br \/>\nIsurus oxyrinchus (squalo mako pinna corta)<\/p>\n<p><strong>Vienna &#8211; \u20ac 1,50<\/strong><br \/>\nSphyrna lewini (squalo martello smerlato)<br \/>\nOphrys cilicica (Orchidea dell&#8217;ape della Cilicia)<br \/>\nLama guanicoe (guanaco)<br \/>\nCopsychus malabaricus (shama groppa bianca)<\/p>\n<p><strong>L&#8217;Artista<\/strong><br \/>\nJulia Izabela \u00e8 un&#8217;artista di San Paolo, Brasile. Dal 2015 vive a Milano, in Italia, lavorando come illustratrice freelance. La sua pi\u00f9 grande fonte di ispirazione \u00e8 la natura e la sua diversit\u00e0 di forme e colori. Il suo obiettivo \u00e8 che la sua arte esprima quanto possa essere affascinante la natura attraverso la sua bellezza, dalle forme microscopiche a quelle macroscopiche.<\/p>\n<p>Julia Izabela ha iniziato il suo percorso accademico studiando biologia, iniziando con un corso di laurea triennale a San Paolo, per poi laurearsi presso la Faculdade de Ci\u00eancias da Universidade de Lisboa in Portogallo, dove ha seguito un corso di illustrazione scientifica presso l&#8217;Instituto de Artes e Of\u00edcios dell&#8217;Universidade Aut\u00f3noma de Lisboa. Nel 2016, il suo dipinto ad acquerello &#8220;Ground Control&#8221; ha vinto il primo premio al Lucca Junior Illustration<\/p>\n<p>Contest al Lucca Comics and Games festival in Italia.<\/p>\n<p>Dal 2017, lavora in campi come il design tessile, la pubblicazione editoriale e diversi progetti artistici. Nel 2019 e nel 2020 Julia ha lavorato per l&#8217;Universit\u00e0 degli Studi di Milano-Bicocca, realizzando illustrazioni, schemi e animazioni per il sito web di didattica della biologia Digital Diorama.<\/p>\n<p>Questa \u00e8 la prima volta che Julia Izabela illustra francobolli per l&#8217;APNU.<\/p>\n","protected":false},"excerpt":{"rendered":"<p>Il 26 aprile 2024, l&#8217;APNU prosegue con la sua serie di francobolli dedicata alle specie minacciate di estinzione con l&#8217;emissione di 12 francobolli. La serie di francobolli delle Nazioni Unite del 2024 sulle specie minacciate di estinzione comprende una vasta gamma di fauna e flora, comprese le specie al centro delle decisioni adottate dalle Parti [&hellip;]<\/p>\n","protected":false},"featured_media":185006,"comment_status":"closed","ping_status":"closed","template":"","meta":{"ngg_post_thumbnail":0},"product_brand":[],"product_cat":[2947,151,204],"product_tag":[],"class_list":{"0":"post-184433","1":"product","2":"type-product","3":"status-publish","4":"has-post-thumbnail","6":"product_cat-2024-it","7":"product_cat-francobolli-commemorativi","8":"product_cat-specie-minacciate-destinzione","10":"first","11":"instock","12":"shipping-taxable","13":"product-type-grouped"},"yoast_head":"<!-- This site is optimized with the Yoast SEO plugin v27.3 - https:\/\/yoast.com\/product\/yoast-seo-wordpress\/ -->\n<title>Specie minacciate d\u2019estinzione 2024 - UN Francobolli<\/title>\n<meta name=\"robots\" content=\"index, follow, max-snippet:-1, max-image-preview:large, max-video-preview:-1\" \/>\n<link rel=\"canonical\" href=\"https:\/\/unstamps.org\/it\/prodotto\/specie-minacciate-destinzione-2024\/\" \/>\n<meta property=\"og:locale\" content=\"it_IT\" \/>\n<meta property=\"og:type\" content=\"article\" \/>\n<meta property=\"og:title\" content=\"Specie minacciate d\u2019estinzione 2024 - UN Francobolli\" \/>\n<meta property=\"og:description\" content=\"Il 26 aprile 2024, l&#8217;APNU prosegue con la sua serie di francobolli dedicata alle specie minacciate di estinzione con l&#8217;emissione di 12 francobolli. La serie di francobolli delle Nazioni Unite del 2024 sulle specie minacciate di estinzione comprende una vasta gamma di fauna e flora, comprese le specie al centro delle decisioni adottate dalle Parti [&hellip;]\" \/>\n<meta property=\"og:url\" content=\"https:\/\/unstamps.org\/it\/prodotto\/specie-minacciate-destinzione-2024\/\" \/>\n<meta property=\"og:site_name\" content=\"UN Francobolli\" \/>\n<meta property=\"article:modified_time\" content=\"2026-01-09T16:56:05+00:00\" \/>\n<meta property=\"og:image\" content=\"https:\/\/unstamps.org\/wp-content\/uploads\/2024\/04\/ES24-MI-GROUP.jpg\" \/>\n\t<meta property=\"og:image:width\" content=\"1024\" \/>\n\t<meta property=\"og:image:height\" content=\"1024\" \/>\n\t<meta property=\"og:image:type\" content=\"image\/jpeg\" \/>\n<meta name=\"twitter:card\" content=\"summary_large_image\" \/>\n<meta name=\"twitter:label1\" content=\"Tempo di lettura stimato\" \/>\n\t<meta name=\"twitter:data1\" content=\"2 minutes\" \/>\n<script type=\"application\/ld+json\" class=\"yoast-schema-graph\">{\"@context\":\"https:\\\/\\\/schema.org\",\"@graph\":[{\"@type\":\"WebPage\",\"@id\":\"https:\\\/\\\/unstamps.org\\\/it\\\/prodotto\\\/specie-minacciate-destinzione-2024\\\/\",\"url\":\"https:\\\/\\\/unstamps.org\\\/it\\\/prodotto\\\/specie-minacciate-destinzione-2024\\\/\",\"name\":\"Specie minacciate d\u2019estinzione 2024 - UN Francobolli\",\"isPartOf\":{\"@id\":\"https:\\\/\\\/unstamps.org\\\/it\\\/#website\"},\"primaryImageOfPage\":{\"@id\":\"https:\\\/\\\/unstamps.org\\\/it\\\/prodotto\\\/specie-minacciate-destinzione-2024\\\/#primaryimage\"},\"image\":{\"@id\":\"https:\\\/\\\/unstamps.org\\\/it\\\/prodotto\\\/specie-minacciate-destinzione-2024\\\/#primaryimage\"},\"thumbnailUrl\":\"https:\\\/\\\/unstamps.org\\\/wp-content\\\/uploads\\\/2024\\\/04\\\/ES24-MI-GROUP.jpg\",\"datePublished\":\"2024-04-23T18:46:09+00:00\",\"dateModified\":\"2026-01-09T16:56:05+00:00\",\"breadcrumb\":{\"@id\":\"https:\\\/\\\/unstamps.org\\\/it\\\/prodotto\\\/specie-minacciate-destinzione-2024\\\/#breadcrumb\"},\"inLanguage\":\"it-IT\",\"potentialAction\":[{\"@type\":\"ReadAction\",\"target\":[\"https:\\\/\\\/unstamps.org\\\/it\\\/prodotto\\\/specie-minacciate-destinzione-2024\\\/\"]}]},{\"@type\":\"ImageObject\",\"inLanguage\":\"it-IT\",\"@id\":\"https:\\\/\\\/unstamps.org\\\/it\\\/prodotto\\\/specie-minacciate-destinzione-2024\\\/#primaryimage\",\"url\":\"https:\\\/\\\/unstamps.org\\\/wp-content\\\/uploads\\\/2024\\\/04\\\/ES24-MI-GROUP.jpg\",\"contentUrl\":\"https:\\\/\\\/unstamps.org\\\/wp-content\\\/uploads\\\/2024\\\/04\\\/ES24-MI-GROUP.jpg\",\"width\":1024,\"height\":1024},{\"@type\":\"BreadcrumbList\",\"@id\":\"https:\\\/\\\/unstamps.org\\\/it\\\/prodotto\\\/specie-minacciate-destinzione-2024\\\/#breadcrumb\",\"itemListElement\":[{\"@type\":\"ListItem\",\"position\":1,\"name\":\"Home\",\"item\":\"https:\\\/\\\/unstamps.org\\\/it\\\/\"},{\"@type\":\"ListItem\",\"position\":2,\"name\":\"Prodotti\",\"item\":\"https:\\\/\\\/unstamps.org\\\/it\\\/prodotti\\\/\"},{\"@type\":\"ListItem\",\"position\":3,\"name\":\"Specie minacciate d\u2019estinzione 2024\"}]},{\"@type\":\"WebSite\",\"@id\":\"https:\\\/\\\/unstamps.org\\\/it\\\/#website\",\"url\":\"https:\\\/\\\/unstamps.org\\\/it\\\/\",\"name\":\"UN Stamps\",\"description\":\"United Nations Stamps\",\"publisher\":{\"@id\":\"https:\\\/\\\/unstamps.org\\\/it\\\/#organization\"},\"potentialAction\":[{\"@type\":\"SearchAction\",\"target\":{\"@type\":\"EntryPoint\",\"urlTemplate\":\"https:\\\/\\\/unstamps.org\\\/it\\\/?s={search_term_string}\"},\"query-input\":{\"@type\":\"PropertyValueSpecification\",\"valueRequired\":true,\"valueName\":\"search_term_string\"}}],\"inLanguage\":\"it-IT\"},{\"@type\":\"Organization\",\"@id\":\"https:\\\/\\\/unstamps.org\\\/it\\\/#organization\",\"name\":\"UN Stamps\",\"url\":\"https:\\\/\\\/unstamps.org\\\/it\\\/\",\"logo\":{\"@type\":\"ImageObject\",\"inLanguage\":\"it-IT\",\"@id\":\"https:\\\/\\\/unstamps.org\\\/it\\\/#\\\/schema\\\/logo\\\/image\\\/\",\"url\":\"https:\\\/\\\/unstamps.org\\\/wp-content\\\/uploads\\\/2014\\\/01\\\/logo4web.jpg\",\"contentUrl\":\"https:\\\/\\\/unstamps.org\\\/wp-content\\\/uploads\\\/2014\\\/01\\\/logo4web.jpg\",\"width\":2500,\"height\":250,\"caption\":\"UN Stamps\"},\"image\":{\"@id\":\"https:\\\/\\\/unstamps.org\\\/it\\\/#\\\/schema\\\/logo\\\/image\\\/\"}}]}<\/script>\n<!-- \/ Yoast SEO plugin. -->","yoast_head_json":{"title":"Specie minacciate d\u2019estinzione 2024 - UN Francobolli","robots":{"index":"index","follow":"follow","max-snippet":"max-snippet:-1","max-image-preview":"max-image-preview:large","max-video-preview":"max-video-preview:-1"},"canonical":"https:\/\/unstamps.org\/it\/prodotto\/specie-minacciate-destinzione-2024\/","og_locale":"it_IT","og_type":"article","og_title":"Specie minacciate d\u2019estinzione 2024 - UN Francobolli","og_description":"Il 26 aprile 2024, l&#8217;APNU prosegue con la sua serie di francobolli dedicata alle specie minacciate di estinzione con l&#8217;emissione di 12 francobolli. La serie di francobolli delle Nazioni Unite del 2024 sulle specie minacciate di estinzione comprende una vasta gamma di fauna e flora, comprese le specie al centro delle decisioni adottate dalle Parti [&hellip;]","og_url":"https:\/\/unstamps.org\/it\/prodotto\/specie-minacciate-destinzione-2024\/","og_site_name":"UN Francobolli","article_modified_time":"2026-01-09T16:56:05+00:00","og_image":[{"width":1024,"height":1024,"url":"https:\/\/unstamps.org\/wp-content\/uploads\/2024\/04\/ES24-MI-GROUP.jpg","type":"image\/jpeg"}],"twitter_card":"summary_large_image","twitter_misc":{"Tempo di lettura stimato":"2 minutes"},"schema":{"@context":"https:\/\/schema.org","@graph":[{"@type":"WebPage","@id":"https:\/\/unstamps.org\/it\/prodotto\/specie-minacciate-destinzione-2024\/","url":"https:\/\/unstamps.org\/it\/prodotto\/specie-minacciate-destinzione-2024\/","name":"Specie minacciate d\u2019estinzione 2024 - UN Francobolli","isPartOf":{"@id":"https:\/\/unstamps.org\/it\/#website"},"primaryImageOfPage":{"@id":"https:\/\/unstamps.org\/it\/prodotto\/specie-minacciate-destinzione-2024\/#primaryimage"},"image":{"@id":"https:\/\/unstamps.org\/it\/prodotto\/specie-minacciate-destinzione-2024\/#primaryimage"},"thumbnailUrl":"https:\/\/unstamps.org\/wp-content\/uploads\/2024\/04\/ES24-MI-GROUP.jpg","datePublished":"2024-04-23T18:46:09+00:00","dateModified":"2026-01-09T16:56:05+00:00","breadcrumb":{"@id":"https:\/\/unstamps.org\/it\/prodotto\/specie-minacciate-destinzione-2024\/#breadcrumb"},"inLanguage":"it-IT","potentialAction":[{"@type":"ReadAction","target":["https:\/\/unstamps.org\/it\/prodotto\/specie-minacciate-destinzione-2024\/"]}]},{"@type":"ImageObject","inLanguage":"it-IT","@id":"https:\/\/unstamps.org\/it\/prodotto\/specie-minacciate-destinzione-2024\/#primaryimage","url":"https:\/\/unstamps.org\/wp-content\/uploads\/2024\/04\/ES24-MI-GROUP.jpg","contentUrl":"https:\/\/unstamps.org\/wp-content\/uploads\/2024\/04\/ES24-MI-GROUP.jpg","width":1024,"height":1024},{"@type":"BreadcrumbList","@id":"https:\/\/unstamps.org\/it\/prodotto\/specie-minacciate-destinzione-2024\/#breadcrumb","itemListElement":[{"@type":"ListItem","position":1,"name":"Home","item":"https:\/\/unstamps.org\/it\/"},{"@type":"ListItem","position":2,"name":"Prodotti","item":"https:\/\/unstamps.org\/it\/prodotti\/"},{"@type":"ListItem","position":3,"name":"Specie minacciate d\u2019estinzione 2024"}]},{"@type":"WebSite","@id":"https:\/\/unstamps.org\/it\/#website","url":"https:\/\/unstamps.org\/it\/","name":"UN Stamps","description":"United Nations Stamps","publisher":{"@id":"https:\/\/unstamps.org\/it\/#organization"},"potentialAction":[{"@type":"SearchAction","target":{"@type":"EntryPoint","urlTemplate":"https:\/\/unstamps.org\/it\/?s={search_term_string}"},"query-input":{"@type":"PropertyValueSpecification","valueRequired":true,"valueName":"search_term_string"}}],"inLanguage":"it-IT"},{"@type":"Organization","@id":"https:\/\/unstamps.org\/it\/#organization","name":"UN Stamps","url":"https:\/\/unstamps.org\/it\/","logo":{"@type":"ImageObject","inLanguage":"it-IT","@id":"https:\/\/unstamps.org\/it\/#\/schema\/logo\/image\/","url":"https:\/\/unstamps.org\/wp-content\/uploads\/2014\/01\/logo4web.jpg","contentUrl":"https:\/\/unstamps.org\/wp-content\/uploads\/2014\/01\/logo4web.jpg","width":2500,"height":250,"caption":"UN Stamps"},"image":{"@id":"https:\/\/unstamps.org\/it\/#\/schema\/logo\/image\/"}}]}},"jetpack_sharing_enabled":true,"publishpress_future_action":{"enabled":false,"date":"2026-04-20 08:50:51","action":"change-status","newStatus":"private","terms":[],"taxonomy":"product_cat","extraData":[]},"publishpress_future_workflow_manual_trigger":{"enabledWorkflows":[]},"_links":{"self":[{"href":"https:\/\/unstamps.org\/it\/wp-json\/wp\/v2\/product\/184433","targetHints":{"allow":["GET"]}}],"collection":[{"href":"https:\/\/unstamps.org\/it\/wp-json\/wp\/v2\/product"}],"about":[{"href":"https:\/\/unstamps.org\/it\/wp-json\/wp\/v2\/types\/product"}],"replies":[{"embeddable":true,"href":"https:\/\/unstamps.org\/it\/wp-json\/wp\/v2\/comments?post=184433"}],"wp:featuredmedia":[{"embeddable":true,"href":"https:\/\/unstamps.org\/it\/wp-json\/wp\/v2\/media\/185006"}],"wp:attachment":[{"href":"https:\/\/unstamps.org\/it\/wp-json\/wp\/v2\/media?parent=184433"}],"wp:term":[{"taxonomy":"product_brand","embeddable":true,"href":"https:\/\/unstamps.org\/it\/wp-json\/wp\/v2\/product_brand?post=184433"},{"taxonomy":"product_cat","embeddable":true,"href":"https:\/\/unstamps.org\/it\/wp-json\/wp\/v2\/product_cat?post=184433"},{"taxonomy":"product_tag","embeddable":true,"href":"https:\/\/unstamps.org\/it\/wp-json\/wp\/v2\/product_tag?post=184433"}],"curies":[{"name":"wp","href":"https:\/\/api.w.org\/{rel}","templated":true}]}}