{"id":164040,"date":"2022-03-22T02:00:08","date_gmt":"2022-03-22T06:00:08","guid":{"rendered":"https:\/\/unstamps.org\/?post_type=product&#038;p=164040"},"modified":"2026-01-09T12:04:18","modified_gmt":"2026-01-09T17:04:18","slug":"wangari-maathai-vi-francobollo-ordinario-e085-foglio-intero","status":"publish","type":"product","link":"https:\/\/unstamps.org\/it\/prodotto\/wangari-maathai-vi-francobollo-ordinario-e085-foglio-intero\/","title":{"rendered":"Wangari Maathai VI Francobollo Ordinario \u2013 \u20ac0,85 &#8211; Foglio intero"},"content":{"rendered":"<p>Il 1\u00b0 aprile 2022, l&#8217;APNU emetter\u00e0 un francobollo ordinario per commemorare l&#8217;anniversario della nascita di Wangari Maathai, nata il 1\u00b0 aprile 1940. La citazione sul francobollo, in tedesco, recita &#8220;Quando piantiamo alberi, piantiamo i semi della pace e della speranza&#8221;. Il francobollo da \u20ac 0,85 fa parte di una serie di francobolli definitivi illustrati da Martin M\u00f6rck (Norvegia).<\/p>\n<p>Nel corso di molti decenni, Wangari Maathai ha contribuito attivamente a promuovere gli ideali e gli obiettivi delle Nazioni Unite. La signora Maathai \u00e8 stata una sostenitrice dei i diritti umani e dell&#8217;emancipazione femminile di fama mondiale, e una pioniera nell&#8217;evidenziare i legami tra diritti umani, povert\u00e0, protezione ambientale e sicurezza. Ha ricevuto il premio Nobel per la pace nel 2004.<\/p>\n<p>Nata in Kenya, figlia di agricoltori negli altopiani del Monte Kenya, la signora Maathai \u00e8 stata la prima donna in Africa orientale e centrale a conseguire un dottorato. Nel 1977 \u00e8 stata nominata Professore Associato di Anatomia Veterinaria all&#8217;Universit\u00e0 di Nairobi e, nello stesso anno, ha fondato il Green Belt Movement. L&#8217;organizzazione ambientalista non governativa ha aiutato le donne e le loro famiglie a piantare pi\u00f9 di 40 milioni di alberi in tutto il Kenya per salvaguardare l&#8217;ambiente e promuovere mezzi di sussistenza sostenibili.<\/p>\n<p>In riconoscimento del suo profondo impegno, nel dicembre 2009, il Segretario Generale l&#8217;ha nominata Messaggera di Pace delle Nazioni Unite, con particolare attenzione all&#8217;ambiente e ai cambiamenti climatici \u2013 un ruolo che ha svolto con energia ed entusiasmo fino alla sua scomparsa il 25 settembre 2011.<\/p>\n<p>&nbsp;<\/p>\n<p><strong>Data di emissione:<\/strong> 1 aprile 2022<br \/>\n<strong>Illustrazione:<\/strong> Martin M\u00f6rck (Norvegia), sulla base di una fotografia di Ricardo Medina (Puerto Rico)<br \/>\n<strong>Disegnatrice:<\/strong> Rorie Katz (Nazioni Unite)<br \/>\n<strong>Valore:<\/strong> \u20ac 0,85<br \/>\n<strong>Formato de francobolli:<\/strong> 50 mm x 35 mm<br \/>\n<strong>Francobolli per foglio:<\/strong> 20<br \/>\n<strong>Stampa:<\/strong> Cartor Security Printer (Francia)<br \/>\n<strong>Riproduzione:<\/strong> Litografia offset \u2013 Duotone<br \/>\n<strong>Dentellatura:<\/strong> 14 x 14 \u00bc<br \/>\n<strong>Quantit\u00e0: <\/strong>10.000 fogli (200.000 francobolli)<\/p>\n","protected":false},"excerpt":{"rendered":"<p>Il 1\u00b0 aprile 2022, l&#8217;APNU emetter\u00e0 un francobollo ordinario per commemorare l&#8217;anniversario della nascita di Wangari Maathai, nata il 1\u00b0 aprile 1940. La citazione sul francobollo, in tedesco, recita &#8220;Quando piantiamo alberi, piantiamo i semi della pace e della speranza&#8221;. Il francobollo da \u20ac 0,85 fa parte di una serie di francobolli definitivi illustrati da [&hellip;]<\/p>\n","protected":false},"featured_media":164008,"comment_status":"closed","ping_status":"closed","template":"","meta":{"ngg_post_thumbnail":0},"product_brand":[],"product_cat":[2893,224,155,157],"product_tag":[],"class_list":{"0":"post-164040","1":"product","2":"type-product","3":"status-publish","4":"has-post-thumbnail","6":"product_cat-2022-it","7":"product_cat-foglio-intero","8":"product_cat-francobolli-ordinari","9":"product_cat-vienna-it","10":"pa_condition-cancelled-it","11":"pa_condition-mint-it","13":"first","14":"instock","15":"shipping-taxable","16":"purchasable","17":"product-type-variable"},"yoast_head":"<!-- This site is optimized with the Yoast SEO plugin v27.3 - https:\/\/yoast.com\/product\/yoast-seo-wordpress\/ -->\n<title>Wangari Maathai VI Francobollo Ordinario \u2013 \u20ac0,85 - Foglio intero - UN Francobolli<\/title>\n<meta name=\"robots\" content=\"index, follow, max-snippet:-1, max-image-preview:large, max-video-preview:-1\" \/>\n<link rel=\"canonical\" href=\"https:\/\/unstamps.org\/it\/prodotto\/wangari-maathai-vi-francobollo-ordinario-e085-foglio-intero\/\" \/>\n<meta property=\"og:locale\" content=\"it_IT\" \/>\n<meta property=\"og:type\" content=\"article\" \/>\n<meta property=\"og:title\" content=\"Wangari Maathai VI Francobollo Ordinario \u2013 \u20ac0,85 - Foglio intero - UN Francobolli\" \/>\n<meta property=\"og:description\" content=\"Il 1\u00b0 aprile 2022, l&#8217;APNU emetter\u00e0 un francobollo ordinario per commemorare l&#8217;anniversario della nascita di Wangari Maathai, nata il 1\u00b0 aprile 1940. La citazione sul francobollo, in tedesco, recita &#8220;Quando piantiamo alberi, piantiamo i semi della pace e della speranza&#8221;. Il francobollo da \u20ac 0,85 fa parte di una serie di francobolli definitivi illustrati da [&hellip;]\" \/>\n<meta property=\"og:url\" content=\"https:\/\/unstamps.org\/it\/prodotto\/wangari-maathai-vi-francobollo-ordinario-e085-foglio-intero\/\" \/>\n<meta property=\"og:site_name\" content=\"UN Francobolli\" \/>\n<meta property=\"article:modified_time\" content=\"2026-01-09T17:04:18+00:00\" \/>\n<meta property=\"og:image\" content=\"https:\/\/unstamps.org\/wp-content\/uploads\/2022\/03\/Wangari-FS-Web.jpg\" \/>\n\t<meta property=\"og:image:width\" content=\"1024\" \/>\n\t<meta property=\"og:image:height\" content=\"1024\" \/>\n\t<meta property=\"og:image:type\" content=\"image\/jpeg\" \/>\n<meta name=\"twitter:card\" content=\"summary_large_image\" \/>\n<meta name=\"twitter:label1\" content=\"Tempo di lettura stimato\" \/>\n\t<meta name=\"twitter:data1\" content=\"1 minute\" \/>\n<script type=\"application\/ld+json\" class=\"yoast-schema-graph\">{\"@context\":\"https:\\\/\\\/schema.org\",\"@graph\":[{\"@type\":\"WebPage\",\"@id\":\"https:\\\/\\\/unstamps.org\\\/it\\\/prodotto\\\/wangari-maathai-vi-francobollo-ordinario-e085-foglio-intero\\\/\",\"url\":\"https:\\\/\\\/unstamps.org\\\/it\\\/prodotto\\\/wangari-maathai-vi-francobollo-ordinario-e085-foglio-intero\\\/\",\"name\":\"Wangari Maathai VI Francobollo Ordinario \u2013 \u20ac0,85 - Foglio intero - UN Francobolli\",\"isPartOf\":{\"@id\":\"https:\\\/\\\/unstamps.org\\\/it\\\/#website\"},\"primaryImageOfPage\":{\"@id\":\"https:\\\/\\\/unstamps.org\\\/it\\\/prodotto\\\/wangari-maathai-vi-francobollo-ordinario-e085-foglio-intero\\\/#primaryimage\"},\"image\":{\"@id\":\"https:\\\/\\\/unstamps.org\\\/it\\\/prodotto\\\/wangari-maathai-vi-francobollo-ordinario-e085-foglio-intero\\\/#primaryimage\"},\"thumbnailUrl\":\"https:\\\/\\\/unstamps.org\\\/wp-content\\\/uploads\\\/2022\\\/03\\\/Wangari-FS-Web.jpg\",\"datePublished\":\"2022-03-22T06:00:08+00:00\",\"dateModified\":\"2026-01-09T17:04:18+00:00\",\"breadcrumb\":{\"@id\":\"https:\\\/\\\/unstamps.org\\\/it\\\/prodotto\\\/wangari-maathai-vi-francobollo-ordinario-e085-foglio-intero\\\/#breadcrumb\"},\"inLanguage\":\"it-IT\",\"potentialAction\":[{\"@type\":\"ReadAction\",\"target\":[\"https:\\\/\\\/unstamps.org\\\/it\\\/prodotto\\\/wangari-maathai-vi-francobollo-ordinario-e085-foglio-intero\\\/\"]}]},{\"@type\":\"ImageObject\",\"inLanguage\":\"it-IT\",\"@id\":\"https:\\\/\\\/unstamps.org\\\/it\\\/prodotto\\\/wangari-maathai-vi-francobollo-ordinario-e085-foglio-intero\\\/#primaryimage\",\"url\":\"https:\\\/\\\/unstamps.org\\\/wp-content\\\/uploads\\\/2022\\\/03\\\/Wangari-FS-Web.jpg\",\"contentUrl\":\"https:\\\/\\\/unstamps.org\\\/wp-content\\\/uploads\\\/2022\\\/03\\\/Wangari-FS-Web.jpg\",\"width\":1024,\"height\":1024},{\"@type\":\"BreadcrumbList\",\"@id\":\"https:\\\/\\\/unstamps.org\\\/it\\\/prodotto\\\/wangari-maathai-vi-francobollo-ordinario-e085-foglio-intero\\\/#breadcrumb\",\"itemListElement\":[{\"@type\":\"ListItem\",\"position\":1,\"name\":\"Home\",\"item\":\"https:\\\/\\\/unstamps.org\\\/it\\\/\"},{\"@type\":\"ListItem\",\"position\":2,\"name\":\"Prodotti\",\"item\":\"https:\\\/\\\/unstamps.org\\\/it\\\/prodotti\\\/\"},{\"@type\":\"ListItem\",\"position\":3,\"name\":\"Wangari Maathai VI Francobollo Ordinario \u2013 \u20ac0,85 &#8211; Foglio intero\"}]},{\"@type\":\"WebSite\",\"@id\":\"https:\\\/\\\/unstamps.org\\\/it\\\/#website\",\"url\":\"https:\\\/\\\/unstamps.org\\\/it\\\/\",\"name\":\"UN Stamps\",\"description\":\"United Nations Stamps\",\"publisher\":{\"@id\":\"https:\\\/\\\/unstamps.org\\\/it\\\/#organization\"},\"potentialAction\":[{\"@type\":\"SearchAction\",\"target\":{\"@type\":\"EntryPoint\",\"urlTemplate\":\"https:\\\/\\\/unstamps.org\\\/it\\\/?s={search_term_string}\"},\"query-input\":{\"@type\":\"PropertyValueSpecification\",\"valueRequired\":true,\"valueName\":\"search_term_string\"}}],\"inLanguage\":\"it-IT\"},{\"@type\":\"Organization\",\"@id\":\"https:\\\/\\\/unstamps.org\\\/it\\\/#organization\",\"name\":\"UN Stamps\",\"url\":\"https:\\\/\\\/unstamps.org\\\/it\\\/\",\"logo\":{\"@type\":\"ImageObject\",\"inLanguage\":\"it-IT\",\"@id\":\"https:\\\/\\\/unstamps.org\\\/it\\\/#\\\/schema\\\/logo\\\/image\\\/\",\"url\":\"https:\\\/\\\/unstamps.org\\\/wp-content\\\/uploads\\\/2014\\\/01\\\/logo4web.jpg\",\"contentUrl\":\"https:\\\/\\\/unstamps.org\\\/wp-content\\\/uploads\\\/2014\\\/01\\\/logo4web.jpg\",\"width\":2500,\"height\":250,\"caption\":\"UN Stamps\"},\"image\":{\"@id\":\"https:\\\/\\\/unstamps.org\\\/it\\\/#\\\/schema\\\/logo\\\/image\\\/\"}}]}<\/script>\n<!-- \/ Yoast SEO plugin. -->","yoast_head_json":{"title":"Wangari Maathai VI Francobollo Ordinario \u2013 \u20ac0,85 - Foglio intero - UN Francobolli","robots":{"index":"index","follow":"follow","max-snippet":"max-snippet:-1","max-image-preview":"max-image-preview:large","max-video-preview":"max-video-preview:-1"},"canonical":"https:\/\/unstamps.org\/it\/prodotto\/wangari-maathai-vi-francobollo-ordinario-e085-foglio-intero\/","og_locale":"it_IT","og_type":"article","og_title":"Wangari Maathai VI Francobollo Ordinario \u2013 \u20ac0,85 - Foglio intero - UN Francobolli","og_description":"Il 1\u00b0 aprile 2022, l&#8217;APNU emetter\u00e0 un francobollo ordinario per commemorare l&#8217;anniversario della nascita di Wangari Maathai, nata il 1\u00b0 aprile 1940. La citazione sul francobollo, in tedesco, recita &#8220;Quando piantiamo alberi, piantiamo i semi della pace e della speranza&#8221;. Il francobollo da \u20ac 0,85 fa parte di una serie di francobolli definitivi illustrati da [&hellip;]","og_url":"https:\/\/unstamps.org\/it\/prodotto\/wangari-maathai-vi-francobollo-ordinario-e085-foglio-intero\/","og_site_name":"UN Francobolli","article_modified_time":"2026-01-09T17:04:18+00:00","og_image":[{"width":1024,"height":1024,"url":"https:\/\/unstamps.org\/wp-content\/uploads\/2022\/03\/Wangari-FS-Web.jpg","type":"image\/jpeg"}],"twitter_card":"summary_large_image","twitter_misc":{"Tempo di lettura stimato":"1 minute"},"schema":{"@context":"https:\/\/schema.org","@graph":[{"@type":"WebPage","@id":"https:\/\/unstamps.org\/it\/prodotto\/wangari-maathai-vi-francobollo-ordinario-e085-foglio-intero\/","url":"https:\/\/unstamps.org\/it\/prodotto\/wangari-maathai-vi-francobollo-ordinario-e085-foglio-intero\/","name":"Wangari Maathai VI Francobollo Ordinario \u2013 \u20ac0,85 - Foglio intero - UN Francobolli","isPartOf":{"@id":"https:\/\/unstamps.org\/it\/#website"},"primaryImageOfPage":{"@id":"https:\/\/unstamps.org\/it\/prodotto\/wangari-maathai-vi-francobollo-ordinario-e085-foglio-intero\/#primaryimage"},"image":{"@id":"https:\/\/unstamps.org\/it\/prodotto\/wangari-maathai-vi-francobollo-ordinario-e085-foglio-intero\/#primaryimage"},"thumbnailUrl":"https:\/\/unstamps.org\/wp-content\/uploads\/2022\/03\/Wangari-FS-Web.jpg","datePublished":"2022-03-22T06:00:08+00:00","dateModified":"2026-01-09T17:04:18+00:00","breadcrumb":{"@id":"https:\/\/unstamps.org\/it\/prodotto\/wangari-maathai-vi-francobollo-ordinario-e085-foglio-intero\/#breadcrumb"},"inLanguage":"it-IT","potentialAction":[{"@type":"ReadAction","target":["https:\/\/unstamps.org\/it\/prodotto\/wangari-maathai-vi-francobollo-ordinario-e085-foglio-intero\/"]}]},{"@type":"ImageObject","inLanguage":"it-IT","@id":"https:\/\/unstamps.org\/it\/prodotto\/wangari-maathai-vi-francobollo-ordinario-e085-foglio-intero\/#primaryimage","url":"https:\/\/unstamps.org\/wp-content\/uploads\/2022\/03\/Wangari-FS-Web.jpg","contentUrl":"https:\/\/unstamps.org\/wp-content\/uploads\/2022\/03\/Wangari-FS-Web.jpg","width":1024,"height":1024},{"@type":"BreadcrumbList","@id":"https:\/\/unstamps.org\/it\/prodotto\/wangari-maathai-vi-francobollo-ordinario-e085-foglio-intero\/#breadcrumb","itemListElement":[{"@type":"ListItem","position":1,"name":"Home","item":"https:\/\/unstamps.org\/it\/"},{"@type":"ListItem","position":2,"name":"Prodotti","item":"https:\/\/unstamps.org\/it\/prodotti\/"},{"@type":"ListItem","position":3,"name":"Wangari Maathai VI Francobollo Ordinario \u2013 \u20ac0,85 &#8211; Foglio intero"}]},{"@type":"WebSite","@id":"https:\/\/unstamps.org\/it\/#website","url":"https:\/\/unstamps.org\/it\/","name":"UN Stamps","description":"United Nations Stamps","publisher":{"@id":"https:\/\/unstamps.org\/it\/#organization"},"potentialAction":[{"@type":"SearchAction","target":{"@type":"EntryPoint","urlTemplate":"https:\/\/unstamps.org\/it\/?s={search_term_string}"},"query-input":{"@type":"PropertyValueSpecification","valueRequired":true,"valueName":"search_term_string"}}],"inLanguage":"it-IT"},{"@type":"Organization","@id":"https:\/\/unstamps.org\/it\/#organization","name":"UN Stamps","url":"https:\/\/unstamps.org\/it\/","logo":{"@type":"ImageObject","inLanguage":"it-IT","@id":"https:\/\/unstamps.org\/it\/#\/schema\/logo\/image\/","url":"https:\/\/unstamps.org\/wp-content\/uploads\/2014\/01\/logo4web.jpg","contentUrl":"https:\/\/unstamps.org\/wp-content\/uploads\/2014\/01\/logo4web.jpg","width":2500,"height":250,"caption":"UN Stamps"},"image":{"@id":"https:\/\/unstamps.org\/it\/#\/schema\/logo\/image\/"}}]}},"jetpack_sharing_enabled":true,"publishpress_future_action":{"enabled":false,"date":"2026-04-16 08:06:00","action":"change-status","newStatus":"private","terms":[],"taxonomy":"product_cat","extraData":[]},"publishpress_future_workflow_manual_trigger":{"enabledWorkflows":[]},"_links":{"self":[{"href":"https:\/\/unstamps.org\/it\/wp-json\/wp\/v2\/product\/164040","targetHints":{"allow":["GET"]}}],"collection":[{"href":"https:\/\/unstamps.org\/it\/wp-json\/wp\/v2\/product"}],"about":[{"href":"https:\/\/unstamps.org\/it\/wp-json\/wp\/v2\/types\/product"}],"replies":[{"embeddable":true,"href":"https:\/\/unstamps.org\/it\/wp-json\/wp\/v2\/comments?post=164040"}],"wp:featuredmedia":[{"embeddable":true,"href":"https:\/\/unstamps.org\/it\/wp-json\/wp\/v2\/media\/164008"}],"wp:attachment":[{"href":"https:\/\/unstamps.org\/it\/wp-json\/wp\/v2\/media?parent=164040"}],"wp:term":[{"taxonomy":"product_brand","embeddable":true,"href":"https:\/\/unstamps.org\/it\/wp-json\/wp\/v2\/product_brand?post=164040"},{"taxonomy":"product_cat","embeddable":true,"href":"https:\/\/unstamps.org\/it\/wp-json\/wp\/v2\/product_cat?post=164040"},{"taxonomy":"product_tag","embeddable":true,"href":"https:\/\/unstamps.org\/it\/wp-json\/wp\/v2\/product_tag?post=164040"}],"curies":[{"name":"wp","href":"https:\/\/api.w.org\/{rel}","templated":true}]}}