{"id":155705,"date":"2021-08-11T11:16:39","date_gmt":"2021-08-11T15:21:22","guid":{"rendered":"https:\/\/unstamps.org\/?post_type=product&#038;p=155705"},"modified":"2026-01-09T10:38:47","modified_gmt":"2026-01-09T15:38:47","slug":"madre-teresa-ny-francobollo-ordinario-us-180-foglio-intero","status":"publish","type":"product","link":"https:\/\/unstamps.org\/it\/prodotto\/madre-teresa-ny-francobollo-ordinario-us-180-foglio-intero\/","title":{"rendered":"Madre Teresa NY Francobollo Ordinario US$ 1,80 &#8211; Foglio intero"},"content":{"rendered":"<p>Il 12 agosto 2021 l&#8217;UNPA emette un timbro definitivo in onore di Madre Teresa.<br \/>\nLa citazione sul francobollo che \u00e8 in inglese recita: &#8220;Non tutti possiamo fare grandi cose. Ma possiamo fare piccole cose con grande amore.\u201d<\/p>\n<p>Madre Teresa, la rinomata suora e missionaria, nacque Agnes Gonxha Bojaxhiu in Macedonia nel 1910. La sua famiglia era di origini albanesi. All&#8217;et\u00e0 di dodici anni, sent\u00ec fortemente la chiamata di Dio e cap\u00ec che voleva diventare missionaria. All&#8217;et\u00e0 di diciotto anni, and\u00f2 in India, dove si dedic\u00f2 ad aiutare gli indigenti. Nel 1948 divenne cittadina indiana e nel 1950 fond\u00f2 l&#8217;ordine dei Missionari della Carit\u00e0 a Kolkota (Calcutta), che divenne nota per il suo lavoro tra i poveri e i moribondi in quella citt\u00e0.<\/p>\n<p>Per oltre 45 anni ha servito i poveri, i malati, gli orfani e i moribondi, guidando al contempo l&#8217;espansione delle Missionarie della Carit\u00e0, prima in India e poi in altri paesi, compresi gli ospizi e le case per i pi\u00f9 poveri e i senzatetto.<\/p>\n<p>Il lavoro di Madre Teresa \u00e8 stato riconosciuto e acclamato in tutto il mondo. Ha ricevuto numerosi premi e riconoscimenti, tra cui il Premio Nobel per la pace nel 1979 &#8220;per il lavoro intrapreso nella lotta per superare la povert\u00e0 e la sofferenza, che costituiscono anche una minaccia per la pace&#8221;.<\/p>\n<p>Madre Teresa mor\u00ec il 5 settembre 1997, all&#8217;et\u00e0 di 87 anni. Le Nazioni Unite designano ogni anno il 5 settembre, l&#8217;anniversario della morte di Madre Teresa, come Giornata Internazionale della Carit\u00e0.<\/p>\n<p><strong>Data di emissione:<\/strong> 12 agosto 2021<br \/>\n<strong>Artista:<\/strong> Martin M\u00f6rck (Norvegia)<br \/>\n<strong>Dissenatore:<\/strong>Rorie Katz (Nazioni Unite)<br \/>\n<strong>Valori:<\/strong> US$ 1,80<br \/>\n<strong>Formato dei Francobolli:<\/strong> 50mm x 35mm<br \/>\n<strong>Francobolli per fogli:<\/strong> 20<br \/>\n<strong>Stampa:<\/strong> Joh Ensched\u00e9 Stamps BV (Paesi-Bassi)<br \/>\n<strong>Riproduzione:<\/strong> Litografia offset pi\u00f9 Duotone<br \/>\n<strong>Dentellatura:<\/strong> 14 x 14 \u00bc<br \/>\n<strong>Quantit\u00e0 dei francobolli:<\/strong> 8.000 fogli (160.000 francobolli)<\/p>\n","protected":false},"excerpt":{"rendered":"<p>Il 12 agosto 2021 l&#8217;UNPA emette un timbro definitivo in onore di Madre Teresa. La citazione sul francobollo che \u00e8 in inglese recita: &#8220;Non tutti possiamo fare grandi cose. Ma possiamo fare piccole cose con grande amore.\u201d Madre Teresa, la rinomata suora e missionaria, nacque Agnes Gonxha Bojaxhiu in Macedonia nel 1910. La sua famiglia [&hellip;]<\/p>\n","protected":false},"featured_media":155791,"comment_status":"closed","ping_status":"closed","template":"","meta":{"ngg_post_thumbnail":0},"product_brand":[],"product_cat":[1085,224,155,324],"product_tag":[],"class_list":{"0":"post-155705","1":"product","2":"type-product","3":"status-publish","4":"has-post-thumbnail","6":"product_cat-2021-anno","7":"product_cat-foglio-intero","8":"product_cat-francobolli-ordinari","9":"product_cat-new-york-issuing-office-it","10":"pa_condition-cancelled-it","11":"pa_condition-mint-it","13":"first","14":"instock","15":"shipping-taxable","16":"purchasable","17":"product-type-variable"},"yoast_head":"<!-- This site is optimized with the Yoast SEO plugin v27.4 - https:\/\/yoast.com\/product\/yoast-seo-wordpress\/ -->\n<title>Madre Teresa NY Francobollo Ordinario US$ 1,80 &#8211; Foglio intero - UN Francobolli<\/title>\n<meta name=\"robots\" content=\"index, follow, max-snippet:-1, max-image-preview:large, max-video-preview:-1\" \/>\n<link rel=\"canonical\" href=\"https:\/\/unstamps.org\/it\/prodotto\/madre-teresa-ny-francobollo-ordinario-us-180-foglio-intero\/\" \/>\n<meta property=\"og:locale\" content=\"it_IT\" \/>\n<meta property=\"og:type\" content=\"article\" \/>\n<meta property=\"og:title\" content=\"Madre Teresa NY Francobollo Ordinario US$ 1,80 &#8211; Foglio intero - UN Francobolli\" \/>\n<meta property=\"og:description\" content=\"Il 12 agosto 2021 l&#8217;UNPA emette un timbro definitivo in onore di Madre Teresa. La citazione sul francobollo che \u00e8 in inglese recita: &#8220;Non tutti possiamo fare grandi cose. Ma possiamo fare piccole cose con grande amore.\u201d Madre Teresa, la rinomata suora e missionaria, nacque Agnes Gonxha Bojaxhiu in Macedonia nel 1910. La sua famiglia [&hellip;]\" \/>\n<meta property=\"og:url\" content=\"https:\/\/unstamps.org\/it\/prodotto\/madre-teresa-ny-francobollo-ordinario-us-180-foglio-intero\/\" \/>\n<meta property=\"og:site_name\" content=\"UN Francobolli\" \/>\n<meta property=\"article:modified_time\" content=\"2026-01-09T15:38:47+00:00\" \/>\n<meta property=\"og:image\" content=\"https:\/\/unstamps.org\/wp-content\/uploads\/2021\/08\/Teresa-FS-WEB.jpg\" \/>\n\t<meta property=\"og:image:width\" content=\"1024\" \/>\n\t<meta property=\"og:image:height\" content=\"1024\" \/>\n\t<meta property=\"og:image:type\" content=\"image\/jpeg\" \/>\n<meta name=\"twitter:card\" content=\"summary_large_image\" \/>\n<meta name=\"twitter:label1\" content=\"Tempo di lettura stimato\" \/>\n\t<meta name=\"twitter:data1\" content=\"1 minute\" \/>\n<script type=\"application\/ld+json\" class=\"yoast-schema-graph\">{\"@context\":\"https:\\\/\\\/schema.org\",\"@graph\":[{\"@type\":\"WebPage\",\"@id\":\"https:\\\/\\\/unstamps.org\\\/it\\\/prodotto\\\/madre-teresa-ny-francobollo-ordinario-us-180-foglio-intero\\\/\",\"url\":\"https:\\\/\\\/unstamps.org\\\/it\\\/prodotto\\\/madre-teresa-ny-francobollo-ordinario-us-180-foglio-intero\\\/\",\"name\":\"Madre Teresa NY Francobollo Ordinario US$ 1,80 &#8211; Foglio intero - UN Francobolli\",\"isPartOf\":{\"@id\":\"https:\\\/\\\/unstamps.org\\\/it\\\/#website\"},\"primaryImageOfPage\":{\"@id\":\"https:\\\/\\\/unstamps.org\\\/it\\\/prodotto\\\/madre-teresa-ny-francobollo-ordinario-us-180-foglio-intero\\\/#primaryimage\"},\"image\":{\"@id\":\"https:\\\/\\\/unstamps.org\\\/it\\\/prodotto\\\/madre-teresa-ny-francobollo-ordinario-us-180-foglio-intero\\\/#primaryimage\"},\"thumbnailUrl\":\"https:\\\/\\\/unstamps.org\\\/wp-content\\\/uploads\\\/2021\\\/08\\\/Teresa-FS-WEB.jpg\",\"datePublished\":\"2021-08-11T15:21:22+00:00\",\"dateModified\":\"2026-01-09T15:38:47+00:00\",\"breadcrumb\":{\"@id\":\"https:\\\/\\\/unstamps.org\\\/it\\\/prodotto\\\/madre-teresa-ny-francobollo-ordinario-us-180-foglio-intero\\\/#breadcrumb\"},\"inLanguage\":\"it-IT\",\"potentialAction\":[{\"@type\":\"ReadAction\",\"target\":[\"https:\\\/\\\/unstamps.org\\\/it\\\/prodotto\\\/madre-teresa-ny-francobollo-ordinario-us-180-foglio-intero\\\/\"]}]},{\"@type\":\"ImageObject\",\"inLanguage\":\"it-IT\",\"@id\":\"https:\\\/\\\/unstamps.org\\\/it\\\/prodotto\\\/madre-teresa-ny-francobollo-ordinario-us-180-foglio-intero\\\/#primaryimage\",\"url\":\"https:\\\/\\\/unstamps.org\\\/wp-content\\\/uploads\\\/2021\\\/08\\\/Teresa-FS-WEB.jpg\",\"contentUrl\":\"https:\\\/\\\/unstamps.org\\\/wp-content\\\/uploads\\\/2021\\\/08\\\/Teresa-FS-WEB.jpg\",\"width\":1024,\"height\":1024},{\"@type\":\"BreadcrumbList\",\"@id\":\"https:\\\/\\\/unstamps.org\\\/it\\\/prodotto\\\/madre-teresa-ny-francobollo-ordinario-us-180-foglio-intero\\\/#breadcrumb\",\"itemListElement\":[{\"@type\":\"ListItem\",\"position\":1,\"name\":\"Home\",\"item\":\"https:\\\/\\\/unstamps.org\\\/it\\\/\"},{\"@type\":\"ListItem\",\"position\":2,\"name\":\"Prodotti\",\"item\":\"https:\\\/\\\/unstamps.org\\\/it\\\/prodotti\\\/\"},{\"@type\":\"ListItem\",\"position\":3,\"name\":\"Madre Teresa NY Francobollo Ordinario US$ 1,80 &#8211; Foglio intero\"}]},{\"@type\":\"WebSite\",\"@id\":\"https:\\\/\\\/unstamps.org\\\/it\\\/#website\",\"url\":\"https:\\\/\\\/unstamps.org\\\/it\\\/\",\"name\":\"UN Stamps\",\"description\":\"United Nations Stamps\",\"publisher\":{\"@id\":\"https:\\\/\\\/unstamps.org\\\/it\\\/#organization\"},\"potentialAction\":[{\"@type\":\"SearchAction\",\"target\":{\"@type\":\"EntryPoint\",\"urlTemplate\":\"https:\\\/\\\/unstamps.org\\\/it\\\/?s={search_term_string}\"},\"query-input\":{\"@type\":\"PropertyValueSpecification\",\"valueRequired\":true,\"valueName\":\"search_term_string\"}}],\"inLanguage\":\"it-IT\"},{\"@type\":\"Organization\",\"@id\":\"https:\\\/\\\/unstamps.org\\\/it\\\/#organization\",\"name\":\"UN Stamps\",\"url\":\"https:\\\/\\\/unstamps.org\\\/it\\\/\",\"logo\":{\"@type\":\"ImageObject\",\"inLanguage\":\"it-IT\",\"@id\":\"https:\\\/\\\/unstamps.org\\\/it\\\/#\\\/schema\\\/logo\\\/image\\\/\",\"url\":\"https:\\\/\\\/unstamps.org\\\/wp-content\\\/uploads\\\/2014\\\/01\\\/logo4web.jpg\",\"contentUrl\":\"https:\\\/\\\/unstamps.org\\\/wp-content\\\/uploads\\\/2014\\\/01\\\/logo4web.jpg\",\"width\":2500,\"height\":250,\"caption\":\"UN Stamps\"},\"image\":{\"@id\":\"https:\\\/\\\/unstamps.org\\\/it\\\/#\\\/schema\\\/logo\\\/image\\\/\"}}]}<\/script>\n<!-- \/ Yoast SEO plugin. -->","yoast_head_json":{"title":"Madre Teresa NY Francobollo Ordinario US$ 1,80 &#8211; Foglio intero - UN Francobolli","robots":{"index":"index","follow":"follow","max-snippet":"max-snippet:-1","max-image-preview":"max-image-preview:large","max-video-preview":"max-video-preview:-1"},"canonical":"https:\/\/unstamps.org\/it\/prodotto\/madre-teresa-ny-francobollo-ordinario-us-180-foglio-intero\/","og_locale":"it_IT","og_type":"article","og_title":"Madre Teresa NY Francobollo Ordinario US$ 1,80 &#8211; Foglio intero - UN Francobolli","og_description":"Il 12 agosto 2021 l&#8217;UNPA emette un timbro definitivo in onore di Madre Teresa. La citazione sul francobollo che \u00e8 in inglese recita: &#8220;Non tutti possiamo fare grandi cose. Ma possiamo fare piccole cose con grande amore.\u201d Madre Teresa, la rinomata suora e missionaria, nacque Agnes Gonxha Bojaxhiu in Macedonia nel 1910. La sua famiglia [&hellip;]","og_url":"https:\/\/unstamps.org\/it\/prodotto\/madre-teresa-ny-francobollo-ordinario-us-180-foglio-intero\/","og_site_name":"UN Francobolli","article_modified_time":"2026-01-09T15:38:47+00:00","og_image":[{"width":1024,"height":1024,"url":"https:\/\/unstamps.org\/wp-content\/uploads\/2021\/08\/Teresa-FS-WEB.jpg","type":"image\/jpeg"}],"twitter_card":"summary_large_image","twitter_misc":{"Tempo di lettura stimato":"1 minute"},"schema":{"@context":"https:\/\/schema.org","@graph":[{"@type":"WebPage","@id":"https:\/\/unstamps.org\/it\/prodotto\/madre-teresa-ny-francobollo-ordinario-us-180-foglio-intero\/","url":"https:\/\/unstamps.org\/it\/prodotto\/madre-teresa-ny-francobollo-ordinario-us-180-foglio-intero\/","name":"Madre Teresa NY Francobollo Ordinario US$ 1,80 &#8211; Foglio intero - UN Francobolli","isPartOf":{"@id":"https:\/\/unstamps.org\/it\/#website"},"primaryImageOfPage":{"@id":"https:\/\/unstamps.org\/it\/prodotto\/madre-teresa-ny-francobollo-ordinario-us-180-foglio-intero\/#primaryimage"},"image":{"@id":"https:\/\/unstamps.org\/it\/prodotto\/madre-teresa-ny-francobollo-ordinario-us-180-foglio-intero\/#primaryimage"},"thumbnailUrl":"https:\/\/unstamps.org\/wp-content\/uploads\/2021\/08\/Teresa-FS-WEB.jpg","datePublished":"2021-08-11T15:21:22+00:00","dateModified":"2026-01-09T15:38:47+00:00","breadcrumb":{"@id":"https:\/\/unstamps.org\/it\/prodotto\/madre-teresa-ny-francobollo-ordinario-us-180-foglio-intero\/#breadcrumb"},"inLanguage":"it-IT","potentialAction":[{"@type":"ReadAction","target":["https:\/\/unstamps.org\/it\/prodotto\/madre-teresa-ny-francobollo-ordinario-us-180-foglio-intero\/"]}]},{"@type":"ImageObject","inLanguage":"it-IT","@id":"https:\/\/unstamps.org\/it\/prodotto\/madre-teresa-ny-francobollo-ordinario-us-180-foglio-intero\/#primaryimage","url":"https:\/\/unstamps.org\/wp-content\/uploads\/2021\/08\/Teresa-FS-WEB.jpg","contentUrl":"https:\/\/unstamps.org\/wp-content\/uploads\/2021\/08\/Teresa-FS-WEB.jpg","width":1024,"height":1024},{"@type":"BreadcrumbList","@id":"https:\/\/unstamps.org\/it\/prodotto\/madre-teresa-ny-francobollo-ordinario-us-180-foglio-intero\/#breadcrumb","itemListElement":[{"@type":"ListItem","position":1,"name":"Home","item":"https:\/\/unstamps.org\/it\/"},{"@type":"ListItem","position":2,"name":"Prodotti","item":"https:\/\/unstamps.org\/it\/prodotti\/"},{"@type":"ListItem","position":3,"name":"Madre Teresa NY Francobollo Ordinario US$ 1,80 &#8211; Foglio intero"}]},{"@type":"WebSite","@id":"https:\/\/unstamps.org\/it\/#website","url":"https:\/\/unstamps.org\/it\/","name":"UN Stamps","description":"United Nations Stamps","publisher":{"@id":"https:\/\/unstamps.org\/it\/#organization"},"potentialAction":[{"@type":"SearchAction","target":{"@type":"EntryPoint","urlTemplate":"https:\/\/unstamps.org\/it\/?s={search_term_string}"},"query-input":{"@type":"PropertyValueSpecification","valueRequired":true,"valueName":"search_term_string"}}],"inLanguage":"it-IT"},{"@type":"Organization","@id":"https:\/\/unstamps.org\/it\/#organization","name":"UN Stamps","url":"https:\/\/unstamps.org\/it\/","logo":{"@type":"ImageObject","inLanguage":"it-IT","@id":"https:\/\/unstamps.org\/it\/#\/schema\/logo\/image\/","url":"https:\/\/unstamps.org\/wp-content\/uploads\/2014\/01\/logo4web.jpg","contentUrl":"https:\/\/unstamps.org\/wp-content\/uploads\/2014\/01\/logo4web.jpg","width":2500,"height":250,"caption":"UN Stamps"},"image":{"@id":"https:\/\/unstamps.org\/it\/#\/schema\/logo\/image\/"}}]}},"jetpack_sharing_enabled":true,"publishpress_future_action":{"enabled":false,"date":"2026-05-05 10:19:11","action":"change-status","newStatus":"private","terms":[],"taxonomy":"product_cat","extraData":[]},"publishpress_future_workflow_manual_trigger":{"enabledWorkflows":[]},"_links":{"self":[{"href":"https:\/\/unstamps.org\/it\/wp-json\/wp\/v2\/product\/155705","targetHints":{"allow":["GET"]}}],"collection":[{"href":"https:\/\/unstamps.org\/it\/wp-json\/wp\/v2\/product"}],"about":[{"href":"https:\/\/unstamps.org\/it\/wp-json\/wp\/v2\/types\/product"}],"replies":[{"embeddable":true,"href":"https:\/\/unstamps.org\/it\/wp-json\/wp\/v2\/comments?post=155705"}],"wp:featuredmedia":[{"embeddable":true,"href":"https:\/\/unstamps.org\/it\/wp-json\/wp\/v2\/media\/155791"}],"wp:attachment":[{"href":"https:\/\/unstamps.org\/it\/wp-json\/wp\/v2\/media?parent=155705"}],"wp:term":[{"taxonomy":"product_brand","embeddable":true,"href":"https:\/\/unstamps.org\/it\/wp-json\/wp\/v2\/product_brand?post=155705"},{"taxonomy":"product_cat","embeddable":true,"href":"https:\/\/unstamps.org\/it\/wp-json\/wp\/v2\/product_cat?post=155705"},{"taxonomy":"product_tag","embeddable":true,"href":"https:\/\/unstamps.org\/it\/wp-json\/wp\/v2\/product_tag?post=155705"}],"curies":[{"name":"wp","href":"https:\/\/api.w.org\/{rel}","templated":true}]}}