{"id":1440,"date":"2013-12-11T11:27:30","date_gmt":"2013-12-11T16:30:58","guid":{"rendered":"http:\/\/unstamps.org\/?post_type=product&#038;p=1440"},"modified":"2024-01-26T10:01:04","modified_gmt":"2024-01-26T15:01:04","slug":"e-058-2002-foglio-annullato","status":"publish","type":"product","link":"https:\/\/unstamps.org\/it\/prodotto\/e-058-2002-foglio-annullato\/","title":{"rendered":"\u20ac 0,58 (2002) Foglio &#8211; Annullato"},"content":{"rendered":"<div>\n<div id=\"prod-descr-description\">\u20ac 0,58 &#8211; Rovine di Aggstein sul Danubio<br \/>\nSecondo i documenti originali, le rovine di Aggstein, situate pittorescamente in cima ad una roccia che si erge a 300m sulla valle del Danubio, erano inzialmente un castello di pietra costruito durante il primo quarto del dodicesimo secolo. Nel 1181, il castello divent\u00f2 propriet\u00e0 dei Kuenringer, possidenti terrieri del periodo medievale che colonizzarono gran parte della regione di Waldviertel a nord del Danubio. Nel 1230 e 1295, il castello fu attaccato e conquistato da famiglie nemiche. Esso si deterior\u00f2 progressivamente e i lavori di ricostruzione terminarono nel 1436. In seguito, sub\u00ec diverse trasformazioni. Nel 1529, i turchi lo convertirono in un edificio di difesa per l&#8217;artiglieria e nel 1606 fu rinnovato in stile Rinascimento. Quando, nel 1685, divenne propriet\u00e0 del Conte R\u00fcdiger von Starhemberg, Aggstein si deterior\u00f2. Le travi di legno e pietra furono rimosse dalle pareti per costruire il Monastero di Langegg. Oggi, le uniche vestigia di questa struttura storica sono le pareti di pietra e i resti di stile Gotico.<\/div>\n<div id=\"prod-descr-denomination\">\n<div>Valore:<\/div>\n<p>\u20ac 0,58 (foglio di 20 francobolli)<\/p>\n<\/div>\n<div id=\"prod-descr-printing\">\n<div>Stampa:<\/div>\n<p>Litografia offset, The House of Questa Limited (Regno Unito)<\/p>\n<\/div>\n<div id=\"prod-descr-quantity\">\n<div>Quantit\u00e0:<\/div>\n<p>860 000 francobolli (43 000 fogli)<\/p>\n<\/div>\n<div id=\"prod-descr-designer\">\n<div>Dise\u00e7ador:<\/div>\n<p>Adattati come francobolli da Rorie Katz (Nazioni Unite, New York)<\/p>\n<\/div>\n<div id=\"prod-descr-specification\">\n<div>Especificaci\u00f3n:<\/div>\n<p>40 mm orizzontalmente per 30 mm verticalmente<\/p>\n<p>Perforation: 14<\/p>\n<\/div>\n<\/div>\n","protected":false},"excerpt":{"rendered":"<p>\u20ac 0,58 &#8211; Rovine di Aggstein sul Danubio Secondo i documenti originali, le rovine di Aggstein, situate pittorescamente in cima ad una roccia che si erge a 300m sulla valle del Danubio, erano inzialmente un castello di pietra costruito durante il primo quarto del dodicesimo secolo. Nel 1181, il castello divent\u00f2 propriet\u00e0 dei Kuenringer, possidenti [&hellip;]<\/p>\n","protected":false},"featured_media":8185,"comment_status":"open","ping_status":"closed","template":"","meta":{"ngg_post_thumbnail":0},"product_brand":[],"product_cat":[971,1121],"product_tag":[],"class_list":{"0":"post-1440","1":"product","2":"type-product","3":"status-publish","4":"has-post-thumbnail","6":"product_cat-2019-year","7":"product_cat-2019-year-it","9":"first","10":"instock","11":"shipping-taxable","12":"purchasable","13":"product-type-simple"},"yoast_head":"<!-- This site is optimized with the Yoast SEO plugin v27.3 - https:\/\/yoast.com\/product\/yoast-seo-wordpress\/ -->\n<title>\u20ac 0,58 (2002) Foglio &#8211; Annullato - UN Francobolli<\/title>\n<meta name=\"robots\" content=\"index, follow, max-snippet:-1, max-image-preview:large, max-video-preview:-1\" \/>\n<link rel=\"canonical\" href=\"https:\/\/unstamps.org\/it\/prodotto\/e-058-2002-foglio-annullato\/\" \/>\n<meta property=\"og:locale\" content=\"it_IT\" \/>\n<meta property=\"og:type\" content=\"article\" \/>\n<meta property=\"og:title\" content=\"\u20ac 0,58 (2002) Foglio &#8211; Annullato - UN Francobolli\" \/>\n<meta property=\"og:description\" content=\"\u20ac 0,58 &#8211; Rovine di Aggstein sul Danubio Secondo i documenti originali, le rovine di Aggstein, situate pittorescamente in cima ad una roccia che si erge a 300m sulla valle del Danubio, erano inzialmente un castello di pietra costruito durante il primo quarto del dodicesimo secolo. Nel 1181, il castello divent\u00f2 propriet\u00e0 dei Kuenringer, possidenti [&hellip;]\" \/>\n<meta property=\"og:url\" content=\"https:\/\/unstamps.org\/it\/prodotto\/e-058-2002-foglio-annullato\/\" \/>\n<meta property=\"og:site_name\" content=\"UN Francobolli\" \/>\n<meta property=\"article:modified_time\" content=\"2024-01-26T15:01:04+00:00\" \/>\n<meta property=\"og:image\" content=\"https:\/\/unstamps.org\/wp-content\/uploads\/2013\/12\/DEF-V-2002_e0.58_fullsheet.jpg\" \/>\n\t<meta property=\"og:image:width\" content=\"1024\" \/>\n\t<meta property=\"og:image:height\" content=\"1024\" \/>\n\t<meta property=\"og:image:type\" content=\"image\/jpeg\" \/>\n<meta name=\"twitter:card\" content=\"summary_large_image\" \/>\n<meta name=\"twitter:label1\" content=\"Tempo di lettura stimato\" \/>\n\t<meta name=\"twitter:data1\" content=\"1 minute\" \/>\n<script type=\"application\/ld+json\" class=\"yoast-schema-graph\">{\"@context\":\"https:\\\/\\\/schema.org\",\"@graph\":[{\"@type\":\"WebPage\",\"@id\":\"https:\\\/\\\/unstamps.org\\\/it\\\/prodotto\\\/e-058-2002-foglio-annullato\\\/\",\"url\":\"https:\\\/\\\/unstamps.org\\\/it\\\/prodotto\\\/e-058-2002-foglio-annullato\\\/\",\"name\":\"\u20ac 0,58 (2002) Foglio &#8211; Annullato - UN Francobolli\",\"isPartOf\":{\"@id\":\"https:\\\/\\\/unstamps.org\\\/it\\\/#website\"},\"primaryImageOfPage\":{\"@id\":\"https:\\\/\\\/unstamps.org\\\/it\\\/prodotto\\\/e-058-2002-foglio-annullato\\\/#primaryimage\"},\"image\":{\"@id\":\"https:\\\/\\\/unstamps.org\\\/it\\\/prodotto\\\/e-058-2002-foglio-annullato\\\/#primaryimage\"},\"thumbnailUrl\":\"https:\\\/\\\/unstamps.org\\\/wp-content\\\/uploads\\\/2013\\\/12\\\/DEF-V-2002_e0.58_fullsheet.jpg\",\"datePublished\":\"2013-12-11T16:30:58+00:00\",\"dateModified\":\"2024-01-26T15:01:04+00:00\",\"breadcrumb\":{\"@id\":\"https:\\\/\\\/unstamps.org\\\/it\\\/prodotto\\\/e-058-2002-foglio-annullato\\\/#breadcrumb\"},\"inLanguage\":\"it-IT\",\"potentialAction\":[{\"@type\":\"ReadAction\",\"target\":[\"https:\\\/\\\/unstamps.org\\\/it\\\/prodotto\\\/e-058-2002-foglio-annullato\\\/\"]}]},{\"@type\":\"ImageObject\",\"inLanguage\":\"it-IT\",\"@id\":\"https:\\\/\\\/unstamps.org\\\/it\\\/prodotto\\\/e-058-2002-foglio-annullato\\\/#primaryimage\",\"url\":\"https:\\\/\\\/unstamps.org\\\/wp-content\\\/uploads\\\/2013\\\/12\\\/DEF-V-2002_e0.58_fullsheet.jpg\",\"contentUrl\":\"https:\\\/\\\/unstamps.org\\\/wp-content\\\/uploads\\\/2013\\\/12\\\/DEF-V-2002_e0.58_fullsheet.jpg\",\"width\":1024,\"height\":1024},{\"@type\":\"BreadcrumbList\",\"@id\":\"https:\\\/\\\/unstamps.org\\\/it\\\/prodotto\\\/e-058-2002-foglio-annullato\\\/#breadcrumb\",\"itemListElement\":[{\"@type\":\"ListItem\",\"position\":1,\"name\":\"Home\",\"item\":\"https:\\\/\\\/unstamps.org\\\/it\\\/\"},{\"@type\":\"ListItem\",\"position\":2,\"name\":\"Prodotti\",\"item\":\"https:\\\/\\\/unstamps.org\\\/it\\\/prodotti\\\/\"},{\"@type\":\"ListItem\",\"position\":3,\"name\":\"\u20ac 0,58 (2002) Foglio &#8211; Annullato\"}]},{\"@type\":\"WebSite\",\"@id\":\"https:\\\/\\\/unstamps.org\\\/it\\\/#website\",\"url\":\"https:\\\/\\\/unstamps.org\\\/it\\\/\",\"name\":\"UN Stamps\",\"description\":\"United Nations Stamps\",\"publisher\":{\"@id\":\"https:\\\/\\\/unstamps.org\\\/it\\\/#organization\"},\"potentialAction\":[{\"@type\":\"SearchAction\",\"target\":{\"@type\":\"EntryPoint\",\"urlTemplate\":\"https:\\\/\\\/unstamps.org\\\/it\\\/?s={search_term_string}\"},\"query-input\":{\"@type\":\"PropertyValueSpecification\",\"valueRequired\":true,\"valueName\":\"search_term_string\"}}],\"inLanguage\":\"it-IT\"},{\"@type\":\"Organization\",\"@id\":\"https:\\\/\\\/unstamps.org\\\/it\\\/#organization\",\"name\":\"UN Stamps\",\"url\":\"https:\\\/\\\/unstamps.org\\\/it\\\/\",\"logo\":{\"@type\":\"ImageObject\",\"inLanguage\":\"it-IT\",\"@id\":\"https:\\\/\\\/unstamps.org\\\/it\\\/#\\\/schema\\\/logo\\\/image\\\/\",\"url\":\"https:\\\/\\\/unstamps.org\\\/wp-content\\\/uploads\\\/2014\\\/01\\\/logo4web.jpg\",\"contentUrl\":\"https:\\\/\\\/unstamps.org\\\/wp-content\\\/uploads\\\/2014\\\/01\\\/logo4web.jpg\",\"width\":2500,\"height\":250,\"caption\":\"UN Stamps\"},\"image\":{\"@id\":\"https:\\\/\\\/unstamps.org\\\/it\\\/#\\\/schema\\\/logo\\\/image\\\/\"}}]}<\/script>\n<!-- \/ Yoast SEO plugin. -->","yoast_head_json":{"title":"\u20ac 0,58 (2002) Foglio &#8211; Annullato - UN Francobolli","robots":{"index":"index","follow":"follow","max-snippet":"max-snippet:-1","max-image-preview":"max-image-preview:large","max-video-preview":"max-video-preview:-1"},"canonical":"https:\/\/unstamps.org\/it\/prodotto\/e-058-2002-foglio-annullato\/","og_locale":"it_IT","og_type":"article","og_title":"\u20ac 0,58 (2002) Foglio &#8211; Annullato - UN Francobolli","og_description":"\u20ac 0,58 &#8211; Rovine di Aggstein sul Danubio Secondo i documenti originali, le rovine di Aggstein, situate pittorescamente in cima ad una roccia che si erge a 300m sulla valle del Danubio, erano inzialmente un castello di pietra costruito durante il primo quarto del dodicesimo secolo. Nel 1181, il castello divent\u00f2 propriet\u00e0 dei Kuenringer, possidenti [&hellip;]","og_url":"https:\/\/unstamps.org\/it\/prodotto\/e-058-2002-foglio-annullato\/","og_site_name":"UN Francobolli","article_modified_time":"2024-01-26T15:01:04+00:00","og_image":[{"width":1024,"height":1024,"url":"https:\/\/unstamps.org\/wp-content\/uploads\/2013\/12\/DEF-V-2002_e0.58_fullsheet.jpg","type":"image\/jpeg"}],"twitter_card":"summary_large_image","twitter_misc":{"Tempo di lettura stimato":"1 minute"},"schema":{"@context":"https:\/\/schema.org","@graph":[{"@type":"WebPage","@id":"https:\/\/unstamps.org\/it\/prodotto\/e-058-2002-foglio-annullato\/","url":"https:\/\/unstamps.org\/it\/prodotto\/e-058-2002-foglio-annullato\/","name":"\u20ac 0,58 (2002) Foglio &#8211; Annullato - UN Francobolli","isPartOf":{"@id":"https:\/\/unstamps.org\/it\/#website"},"primaryImageOfPage":{"@id":"https:\/\/unstamps.org\/it\/prodotto\/e-058-2002-foglio-annullato\/#primaryimage"},"image":{"@id":"https:\/\/unstamps.org\/it\/prodotto\/e-058-2002-foglio-annullato\/#primaryimage"},"thumbnailUrl":"https:\/\/unstamps.org\/wp-content\/uploads\/2013\/12\/DEF-V-2002_e0.58_fullsheet.jpg","datePublished":"2013-12-11T16:30:58+00:00","dateModified":"2024-01-26T15:01:04+00:00","breadcrumb":{"@id":"https:\/\/unstamps.org\/it\/prodotto\/e-058-2002-foglio-annullato\/#breadcrumb"},"inLanguage":"it-IT","potentialAction":[{"@type":"ReadAction","target":["https:\/\/unstamps.org\/it\/prodotto\/e-058-2002-foglio-annullato\/"]}]},{"@type":"ImageObject","inLanguage":"it-IT","@id":"https:\/\/unstamps.org\/it\/prodotto\/e-058-2002-foglio-annullato\/#primaryimage","url":"https:\/\/unstamps.org\/wp-content\/uploads\/2013\/12\/DEF-V-2002_e0.58_fullsheet.jpg","contentUrl":"https:\/\/unstamps.org\/wp-content\/uploads\/2013\/12\/DEF-V-2002_e0.58_fullsheet.jpg","width":1024,"height":1024},{"@type":"BreadcrumbList","@id":"https:\/\/unstamps.org\/it\/prodotto\/e-058-2002-foglio-annullato\/#breadcrumb","itemListElement":[{"@type":"ListItem","position":1,"name":"Home","item":"https:\/\/unstamps.org\/it\/"},{"@type":"ListItem","position":2,"name":"Prodotti","item":"https:\/\/unstamps.org\/it\/prodotti\/"},{"@type":"ListItem","position":3,"name":"\u20ac 0,58 (2002) Foglio &#8211; Annullato"}]},{"@type":"WebSite","@id":"https:\/\/unstamps.org\/it\/#website","url":"https:\/\/unstamps.org\/it\/","name":"UN Stamps","description":"United Nations Stamps","publisher":{"@id":"https:\/\/unstamps.org\/it\/#organization"},"potentialAction":[{"@type":"SearchAction","target":{"@type":"EntryPoint","urlTemplate":"https:\/\/unstamps.org\/it\/?s={search_term_string}"},"query-input":{"@type":"PropertyValueSpecification","valueRequired":true,"valueName":"search_term_string"}}],"inLanguage":"it-IT"},{"@type":"Organization","@id":"https:\/\/unstamps.org\/it\/#organization","name":"UN Stamps","url":"https:\/\/unstamps.org\/it\/","logo":{"@type":"ImageObject","inLanguage":"it-IT","@id":"https:\/\/unstamps.org\/it\/#\/schema\/logo\/image\/","url":"https:\/\/unstamps.org\/wp-content\/uploads\/2014\/01\/logo4web.jpg","contentUrl":"https:\/\/unstamps.org\/wp-content\/uploads\/2014\/01\/logo4web.jpg","width":2500,"height":250,"caption":"UN Stamps"},"image":{"@id":"https:\/\/unstamps.org\/it\/#\/schema\/logo\/image\/"}}]}},"jetpack_sharing_enabled":true,"publishpress_future_action":{"enabled":false,"date":"2026-04-21 04:06:40","action":"change-status","newStatus":"private","terms":[],"taxonomy":"product_cat","extraData":[]},"publishpress_future_workflow_manual_trigger":{"enabledWorkflows":[]},"_links":{"self":[{"href":"https:\/\/unstamps.org\/it\/wp-json\/wp\/v2\/product\/1440","targetHints":{"allow":["GET"]}}],"collection":[{"href":"https:\/\/unstamps.org\/it\/wp-json\/wp\/v2\/product"}],"about":[{"href":"https:\/\/unstamps.org\/it\/wp-json\/wp\/v2\/types\/product"}],"replies":[{"embeddable":true,"href":"https:\/\/unstamps.org\/it\/wp-json\/wp\/v2\/comments?post=1440"}],"wp:featuredmedia":[{"embeddable":true,"href":"https:\/\/unstamps.org\/it\/wp-json\/wp\/v2\/media\/8185"}],"wp:attachment":[{"href":"https:\/\/unstamps.org\/it\/wp-json\/wp\/v2\/media?parent=1440"}],"wp:term":[{"taxonomy":"product_brand","embeddable":true,"href":"https:\/\/unstamps.org\/it\/wp-json\/wp\/v2\/product_brand?post=1440"},{"taxonomy":"product_cat","embeddable":true,"href":"https:\/\/unstamps.org\/it\/wp-json\/wp\/v2\/product_cat?post=1440"},{"taxonomy":"product_tag","embeddable":true,"href":"https:\/\/unstamps.org\/it\/wp-json\/wp\/v2\/product_tag?post=1440"}],"curies":[{"name":"wp","href":"https:\/\/api.w.org\/{rel}","templated":true}]}}