{"id":1351,"date":"2013-12-12T09:00:17","date_gmt":"2013-12-12T14:04:28","guid":{"rendered":"http:\/\/unstamps.org\/?post_type=product&#038;p=1351"},"modified":"2024-01-26T10:06:30","modified_gmt":"2024-01-26T15:06:30","slug":"e-065-2008-foglio-nuovo","status":"publish","type":"product","link":"https:\/\/unstamps.org\/it\/prodotto\/e-065-2008-foglio-nuovo\/","title":{"rendered":"2008 VI Francobolli ordinari \u2013 \u20ac 0,65 \u2013 Foglio Intero"},"content":{"rendered":"<div>\n<div id=\"prod-descr-denomination\">\n<div><strong>\u20ac 0,65 (2008)\u00a0Foglio Intero<\/strong><\/div>\n<div><\/div>\n<div>Valore:<\/div>\n<p>\u20ac 0,65 (foglio di 20 francobolli)<\/p>\n<\/div>\n<div id=\"prod-descr-printing\">\n<div>Stampa:<\/div>\n<p>Offset da Joh. Ensched\u00e9 Stamps Security Printers B.V. (Paesi Bassi)<\/p>\n<\/div>\n<div id=\"prod-descr-quantity\">\n<div>Quantit\u00e0:<\/div>\n<p>320 000 francobolli (16 000 fogli)<\/p>\n<\/div>\n<div id=\"prod-descr-specification\">\n<div>Especificaci\u00f3n:<\/div>\n<p><strong>Formato:<\/strong> Il folio \u20ac 0,65 \u00e8 orizzontale. Il francobollo da \u20ac 0,65 misura 30 mm verticalmente x 40 mm orizzontalmente.<\/p>\n<p><strong>Dentellatura:<\/strong> 14 x 13,25<\/p>\n<p><strong>Iscrizioni marginali:<\/strong> I quattro fogli presentano quattro iscrizioni marginali, due sul margine sinistro e due su quello destro. L&#8217;iscrizione marginale \u00e9 costituita dall&#8217;emblema delle Nazioni Unite con il testo &#8220;Vereinte Nationen&#8221; sopra dell&#8217;emblema, e con l&#8217;anno &#8220;2008&#8221; sotto l&#8217;emblema. Un simbolo di copyright \u00e8 riportato sul margine inferiore sinistro.<\/p>\n<p><strong>Disegnatore:<\/strong> Le fotografie sono state adattate come francobolli da Rorie Katz (Nazioni Unite).<\/p>\n<\/div>\n<\/div>\n","protected":false},"excerpt":{"rendered":"<p>\u20ac 0,65 (2008)\u00a0Foglio Intero Valore: \u20ac 0,65 (foglio di 20 francobolli) Stampa: Offset da Joh. Ensched\u00e9 Stamps Security Printers B.V. (Paesi Bassi) Quantit\u00e0: 320 000 francobolli (16 000 fogli) Especificaci\u00f3n: Formato: Il folio \u20ac 0,65 \u00e8 orizzontale. Il francobollo da \u20ac 0,65 misura 30 mm verticalmente x 40 mm orizzontalmente. Dentellatura: 14 x 13,25 Iscrizioni [&hellip;]<\/p>\n","protected":false},"featured_media":21508,"comment_status":"open","ping_status":"closed","template":"","meta":{"ngg_post_thumbnail":0},"product_brand":[],"product_cat":[355,224,157],"product_tag":[],"class_list":{"0":"post-1351","1":"product","2":"type-product","3":"status-publish","4":"has-post-thumbnail","6":"product_cat-2008-anno","7":"product_cat-foglio-intero","8":"product_cat-vienna-it","9":"pa_condition-annullato-3","10":"pa_condition-cancelled-it","11":"pa_condition-mint-it","12":"pa_condition-nuovo-3","14":"first","15":"outofstock","16":"shipping-taxable","17":"product-type-variable"},"yoast_head":"<!-- This site is optimized with the Yoast SEO plugin v27.3 - https:\/\/yoast.com\/product\/yoast-seo-wordpress\/ -->\n<title>2008 VI Francobolli ordinari \u2013 \u20ac 0,65 \u2013 Foglio Intero - UN Francobolli<\/title>\n<meta name=\"robots\" content=\"index, follow, max-snippet:-1, max-image-preview:large, max-video-preview:-1\" \/>\n<link rel=\"canonical\" href=\"https:\/\/unstamps.org\/it\/prodotto\/e-065-2008-foglio-nuovo\/\" \/>\n<meta property=\"og:locale\" content=\"it_IT\" \/>\n<meta property=\"og:type\" content=\"article\" \/>\n<meta property=\"og:title\" content=\"2008 VI Francobolli ordinari \u2013 \u20ac 0,65 \u2013 Foglio Intero - UN Francobolli\" \/>\n<meta property=\"og:description\" content=\"\u20ac 0,65 (2008)\u00a0Foglio Intero Valore: \u20ac 0,65 (foglio di 20 francobolli) Stampa: Offset da Joh. Ensched\u00e9 Stamps Security Printers B.V. (Paesi Bassi) Quantit\u00e0: 320 000 francobolli (16 000 fogli) Especificaci\u00f3n: Formato: Il folio \u20ac 0,65 \u00e8 orizzontale. Il francobollo da \u20ac 0,65 misura 30 mm verticalmente x 40 mm orizzontalmente. Dentellatura: 14 x 13,25 Iscrizioni [&hellip;]\" \/>\n<meta property=\"og:url\" content=\"https:\/\/unstamps.org\/it\/prodotto\/e-065-2008-foglio-nuovo\/\" \/>\n<meta property=\"og:site_name\" content=\"UN Francobolli\" \/>\n<meta property=\"article:modified_time\" content=\"2024-01-26T15:06:30+00:00\" \/>\n<meta property=\"og:image\" content=\"https:\/\/unstamps.org\/wp-content\/uploads\/2014\/10\/DEF08_VI_EUR0.65_fullsheet.jpg\" \/>\n\t<meta property=\"og:image:width\" content=\"1024\" \/>\n\t<meta property=\"og:image:height\" content=\"1024\" \/>\n\t<meta property=\"og:image:type\" content=\"image\/jpeg\" \/>\n<meta name=\"twitter:card\" content=\"summary_large_image\" \/>\n<script type=\"application\/ld+json\" class=\"yoast-schema-graph\">{\"@context\":\"https:\\\/\\\/schema.org\",\"@graph\":[{\"@type\":\"WebPage\",\"@id\":\"https:\\\/\\\/unstamps.org\\\/it\\\/prodotto\\\/e-065-2008-foglio-nuovo\\\/\",\"url\":\"https:\\\/\\\/unstamps.org\\\/it\\\/prodotto\\\/e-065-2008-foglio-nuovo\\\/\",\"name\":\"2008 VI Francobolli ordinari \u2013 \u20ac 0,65 \u2013 Foglio Intero - UN Francobolli\",\"isPartOf\":{\"@id\":\"https:\\\/\\\/unstamps.org\\\/it\\\/#website\"},\"primaryImageOfPage\":{\"@id\":\"https:\\\/\\\/unstamps.org\\\/it\\\/prodotto\\\/e-065-2008-foglio-nuovo\\\/#primaryimage\"},\"image\":{\"@id\":\"https:\\\/\\\/unstamps.org\\\/it\\\/prodotto\\\/e-065-2008-foglio-nuovo\\\/#primaryimage\"},\"thumbnailUrl\":\"https:\\\/\\\/unstamps.org\\\/wp-content\\\/uploads\\\/2014\\\/10\\\/DEF08_VI_EUR0.65_fullsheet.jpg\",\"datePublished\":\"2013-12-12T14:04:28+00:00\",\"dateModified\":\"2024-01-26T15:06:30+00:00\",\"breadcrumb\":{\"@id\":\"https:\\\/\\\/unstamps.org\\\/it\\\/prodotto\\\/e-065-2008-foglio-nuovo\\\/#breadcrumb\"},\"inLanguage\":\"it-IT\",\"potentialAction\":[{\"@type\":\"ReadAction\",\"target\":[\"https:\\\/\\\/unstamps.org\\\/it\\\/prodotto\\\/e-065-2008-foglio-nuovo\\\/\"]}]},{\"@type\":\"ImageObject\",\"inLanguage\":\"it-IT\",\"@id\":\"https:\\\/\\\/unstamps.org\\\/it\\\/prodotto\\\/e-065-2008-foglio-nuovo\\\/#primaryimage\",\"url\":\"https:\\\/\\\/unstamps.org\\\/wp-content\\\/uploads\\\/2014\\\/10\\\/DEF08_VI_EUR0.65_fullsheet.jpg\",\"contentUrl\":\"https:\\\/\\\/unstamps.org\\\/wp-content\\\/uploads\\\/2014\\\/10\\\/DEF08_VI_EUR0.65_fullsheet.jpg\",\"width\":1024,\"height\":1024},{\"@type\":\"BreadcrumbList\",\"@id\":\"https:\\\/\\\/unstamps.org\\\/it\\\/prodotto\\\/e-065-2008-foglio-nuovo\\\/#breadcrumb\",\"itemListElement\":[{\"@type\":\"ListItem\",\"position\":1,\"name\":\"Home\",\"item\":\"https:\\\/\\\/unstamps.org\\\/it\\\/\"},{\"@type\":\"ListItem\",\"position\":2,\"name\":\"Prodotti\",\"item\":\"https:\\\/\\\/unstamps.org\\\/it\\\/prodotti\\\/\"},{\"@type\":\"ListItem\",\"position\":3,\"name\":\"2008 VI Francobolli ordinari \u2013 \u20ac 0,65 \u2013 Foglio Intero\"}]},{\"@type\":\"WebSite\",\"@id\":\"https:\\\/\\\/unstamps.org\\\/it\\\/#website\",\"url\":\"https:\\\/\\\/unstamps.org\\\/it\\\/\",\"name\":\"UN Stamps\",\"description\":\"United Nations Stamps\",\"publisher\":{\"@id\":\"https:\\\/\\\/unstamps.org\\\/it\\\/#organization\"},\"potentialAction\":[{\"@type\":\"SearchAction\",\"target\":{\"@type\":\"EntryPoint\",\"urlTemplate\":\"https:\\\/\\\/unstamps.org\\\/it\\\/?s={search_term_string}\"},\"query-input\":{\"@type\":\"PropertyValueSpecification\",\"valueRequired\":true,\"valueName\":\"search_term_string\"}}],\"inLanguage\":\"it-IT\"},{\"@type\":\"Organization\",\"@id\":\"https:\\\/\\\/unstamps.org\\\/it\\\/#organization\",\"name\":\"UN Stamps\",\"url\":\"https:\\\/\\\/unstamps.org\\\/it\\\/\",\"logo\":{\"@type\":\"ImageObject\",\"inLanguage\":\"it-IT\",\"@id\":\"https:\\\/\\\/unstamps.org\\\/it\\\/#\\\/schema\\\/logo\\\/image\\\/\",\"url\":\"https:\\\/\\\/unstamps.org\\\/wp-content\\\/uploads\\\/2014\\\/01\\\/logo4web.jpg\",\"contentUrl\":\"https:\\\/\\\/unstamps.org\\\/wp-content\\\/uploads\\\/2014\\\/01\\\/logo4web.jpg\",\"width\":2500,\"height\":250,\"caption\":\"UN Stamps\"},\"image\":{\"@id\":\"https:\\\/\\\/unstamps.org\\\/it\\\/#\\\/schema\\\/logo\\\/image\\\/\"}}]}<\/script>\n<!-- \/ Yoast SEO plugin. -->","yoast_head_json":{"title":"2008 VI Francobolli ordinari \u2013 \u20ac 0,65 \u2013 Foglio Intero - UN Francobolli","robots":{"index":"index","follow":"follow","max-snippet":"max-snippet:-1","max-image-preview":"max-image-preview:large","max-video-preview":"max-video-preview:-1"},"canonical":"https:\/\/unstamps.org\/it\/prodotto\/e-065-2008-foglio-nuovo\/","og_locale":"it_IT","og_type":"article","og_title":"2008 VI Francobolli ordinari \u2013 \u20ac 0,65 \u2013 Foglio Intero - UN Francobolli","og_description":"\u20ac 0,65 (2008)\u00a0Foglio Intero Valore: \u20ac 0,65 (foglio di 20 francobolli) Stampa: Offset da Joh. Ensched\u00e9 Stamps Security Printers B.V. (Paesi Bassi) Quantit\u00e0: 320 000 francobolli (16 000 fogli) Especificaci\u00f3n: Formato: Il folio \u20ac 0,65 \u00e8 orizzontale. Il francobollo da \u20ac 0,65 misura 30 mm verticalmente x 40 mm orizzontalmente. Dentellatura: 14 x 13,25 Iscrizioni [&hellip;]","og_url":"https:\/\/unstamps.org\/it\/prodotto\/e-065-2008-foglio-nuovo\/","og_site_name":"UN Francobolli","article_modified_time":"2024-01-26T15:06:30+00:00","og_image":[{"width":1024,"height":1024,"url":"https:\/\/unstamps.org\/wp-content\/uploads\/2014\/10\/DEF08_VI_EUR0.65_fullsheet.jpg","type":"image\/jpeg"}],"twitter_card":"summary_large_image","schema":{"@context":"https:\/\/schema.org","@graph":[{"@type":"WebPage","@id":"https:\/\/unstamps.org\/it\/prodotto\/e-065-2008-foglio-nuovo\/","url":"https:\/\/unstamps.org\/it\/prodotto\/e-065-2008-foglio-nuovo\/","name":"2008 VI Francobolli ordinari \u2013 \u20ac 0,65 \u2013 Foglio Intero - UN Francobolli","isPartOf":{"@id":"https:\/\/unstamps.org\/it\/#website"},"primaryImageOfPage":{"@id":"https:\/\/unstamps.org\/it\/prodotto\/e-065-2008-foglio-nuovo\/#primaryimage"},"image":{"@id":"https:\/\/unstamps.org\/it\/prodotto\/e-065-2008-foglio-nuovo\/#primaryimage"},"thumbnailUrl":"https:\/\/unstamps.org\/wp-content\/uploads\/2014\/10\/DEF08_VI_EUR0.65_fullsheet.jpg","datePublished":"2013-12-12T14:04:28+00:00","dateModified":"2024-01-26T15:06:30+00:00","breadcrumb":{"@id":"https:\/\/unstamps.org\/it\/prodotto\/e-065-2008-foglio-nuovo\/#breadcrumb"},"inLanguage":"it-IT","potentialAction":[{"@type":"ReadAction","target":["https:\/\/unstamps.org\/it\/prodotto\/e-065-2008-foglio-nuovo\/"]}]},{"@type":"ImageObject","inLanguage":"it-IT","@id":"https:\/\/unstamps.org\/it\/prodotto\/e-065-2008-foglio-nuovo\/#primaryimage","url":"https:\/\/unstamps.org\/wp-content\/uploads\/2014\/10\/DEF08_VI_EUR0.65_fullsheet.jpg","contentUrl":"https:\/\/unstamps.org\/wp-content\/uploads\/2014\/10\/DEF08_VI_EUR0.65_fullsheet.jpg","width":1024,"height":1024},{"@type":"BreadcrumbList","@id":"https:\/\/unstamps.org\/it\/prodotto\/e-065-2008-foglio-nuovo\/#breadcrumb","itemListElement":[{"@type":"ListItem","position":1,"name":"Home","item":"https:\/\/unstamps.org\/it\/"},{"@type":"ListItem","position":2,"name":"Prodotti","item":"https:\/\/unstamps.org\/it\/prodotti\/"},{"@type":"ListItem","position":3,"name":"2008 VI Francobolli ordinari \u2013 \u20ac 0,65 \u2013 Foglio Intero"}]},{"@type":"WebSite","@id":"https:\/\/unstamps.org\/it\/#website","url":"https:\/\/unstamps.org\/it\/","name":"UN Stamps","description":"United Nations Stamps","publisher":{"@id":"https:\/\/unstamps.org\/it\/#organization"},"potentialAction":[{"@type":"SearchAction","target":{"@type":"EntryPoint","urlTemplate":"https:\/\/unstamps.org\/it\/?s={search_term_string}"},"query-input":{"@type":"PropertyValueSpecification","valueRequired":true,"valueName":"search_term_string"}}],"inLanguage":"it-IT"},{"@type":"Organization","@id":"https:\/\/unstamps.org\/it\/#organization","name":"UN Stamps","url":"https:\/\/unstamps.org\/it\/","logo":{"@type":"ImageObject","inLanguage":"it-IT","@id":"https:\/\/unstamps.org\/it\/#\/schema\/logo\/image\/","url":"https:\/\/unstamps.org\/wp-content\/uploads\/2014\/01\/logo4web.jpg","contentUrl":"https:\/\/unstamps.org\/wp-content\/uploads\/2014\/01\/logo4web.jpg","width":2500,"height":250,"caption":"UN Stamps"},"image":{"@id":"https:\/\/unstamps.org\/it\/#\/schema\/logo\/image\/"}}]}},"jetpack_sharing_enabled":true,"publishpress_future_action":{"enabled":false,"date":"2026-04-19 10:14:18","action":"change-status","newStatus":"private","terms":[],"taxonomy":"product_cat","extraData":[]},"publishpress_future_workflow_manual_trigger":{"enabledWorkflows":[]},"_links":{"self":[{"href":"https:\/\/unstamps.org\/it\/wp-json\/wp\/v2\/product\/1351","targetHints":{"allow":["GET"]}}],"collection":[{"href":"https:\/\/unstamps.org\/it\/wp-json\/wp\/v2\/product"}],"about":[{"href":"https:\/\/unstamps.org\/it\/wp-json\/wp\/v2\/types\/product"}],"replies":[{"embeddable":true,"href":"https:\/\/unstamps.org\/it\/wp-json\/wp\/v2\/comments?post=1351"}],"wp:featuredmedia":[{"embeddable":true,"href":"https:\/\/unstamps.org\/it\/wp-json\/wp\/v2\/media\/21508"}],"wp:attachment":[{"href":"https:\/\/unstamps.org\/it\/wp-json\/wp\/v2\/media?parent=1351"}],"wp:term":[{"taxonomy":"product_brand","embeddable":true,"href":"https:\/\/unstamps.org\/it\/wp-json\/wp\/v2\/product_brand?post=1351"},{"taxonomy":"product_cat","embeddable":true,"href":"https:\/\/unstamps.org\/it\/wp-json\/wp\/v2\/product_cat?post=1351"},{"taxonomy":"product_tag","embeddable":true,"href":"https:\/\/unstamps.org\/it\/wp-json\/wp\/v2\/product_tag?post=1351"}],"curies":[{"name":"wp","href":"https:\/\/api.w.org\/{rel}","templated":true}]}}