{"id":104048,"date":"2020-05-06T19:33:52","date_gmt":"2020-05-06T23:33:52","guid":{"rendered":"https:\/\/unstamps.org\/?post_type=product&#038;p=104048"},"modified":"2026-01-09T10:26:23","modified_gmt":"2026-01-09T15:26:23","slug":"40-anniversario-delleradicazione-del-vaiolo-chf-170","status":"publish","type":"product","link":"https:\/\/unstamps.org\/it\/prodotto\/40-anniversario-delleradicazione-del-vaiolo-chf-170\/","title":{"rendered":"40\u00b0 Anniversario dell\u2019eradicazione del vaiolo \u2013 CHF 1,70"},"content":{"rendered":"<p>Nel mese di dicembre 2019 l&#8217;Organizzazione Mondiale della Sanit\u00e0 ha commemorato il 40\u00b0 anniversario dell&#8217;eradicazione del vaiolo, ricordando lo storico momento del 9 dicembre 1979 in cui venne confermato questo successo fondamentale. Cinque mesi pi\u00f9 tardi, nel mese di maggio del 1980, la 33\u00b0 Assemblea Mondiale della Sanit\u00e0 dichiar\u00f2 ufficialmente che &#8220;il mondo e tutti i popoli hanno ottenuto la libert\u00e0 dal vaiolo&#8221;.<\/p>\n<p>Una targa che ricorda la fine di una piaga, che ha colpito milioni di persone per migliaia di anni, \u00e8 stata scoperta nel quartier generale dell&#8217;OMS a Ginevra, nella stessa sala riunioni dove, quattro decenni prima, i 19 membri della Commissione globale per la certificazione dell&#8217;eradicazione del vaiolo scrivevano la parola fine a questo flagello.<\/p>\n<p>Fino a quando non \u00e8 stato cancellato, il vaiolo ha colpito l&#8217;umanit\u00e0 per almeno 3000 anni, uccidendo 300 milioni di persone solo nel 20\u00b0 secolo. L&#8217;ultimo episodio endemico conosciuto di vaiolo \u00e8 stato segnalato in Somalia nel 1977 e il focolaio prontamente contenuto.<\/p>\n<p>Il riuscito programma di eradicazione del vaiolo ha fornito conoscenze e strumenti fondamentali sulla sorveglianza epidemiologica, sui benefici della vaccinazione ad anello e sull&#8217;importanza della promozione della salute nella lotta a malattie come la poliomielite e il virus Ebola. Ha anche posto le basi per programmi nazionali di immunizzazione pi\u00f9 robusti in tutto il mondo, favorendo l&#8217;istituzione di servizi sanitari primari in molti paesi e dando nuovo slancio al futuro progetto di una Copertura sanitaria universale.<\/p>\n<p><strong>Data di emissione:<\/strong> 8 maggio 2020<br \/>\n<strong>Disegno:<\/strong> Sergio Baradat (Nazioni Unite)<br \/>\n<strong>Valore:<\/strong> CHF 1,70<br \/>\n<strong>Formato del francobollo:<\/strong> 50 mm x 35 mm<br \/>\n<strong>Francobolli per foglio:<\/strong> 20<br \/>\n<strong>Stampa:<\/strong> Cartor Security Printing (Francia)<br \/>\n<strong>Riproduzione:<\/strong> Litografia offset \u2013 Duotone<br \/>\n<strong>Dentellatura:<\/strong> 13 x 13 1\/4<br \/>\n<strong>Quantit\u00e0:<\/strong> 12.000 fogli (240.000 francobolli)<\/p>\n","protected":false},"excerpt":{"rendered":"<p>Nel mese di dicembre 2019 l&#8217;Organizzazione Mondiale della Sanit\u00e0 ha commemorato il 40\u00b0 anniversario dell&#8217;eradicazione del vaiolo, ricordando lo storico momento del 9 dicembre 1979 in cui venne confermato questo successo fondamentale. Cinque mesi pi\u00f9 tardi, nel mese di maggio del 1980, la 33\u00b0 Assemblea Mondiale della Sanit\u00e0 dichiar\u00f2 ufficialmente che &#8220;il mondo e tutti [&hellip;]<\/p>\n","protected":false},"featured_media":104380,"comment_status":"closed","ping_status":"closed","template":"","meta":{"ngg_post_thumbnail":0},"product_brand":[],"product_cat":[1034,155,152,212],"product_tag":[1972,1454,1633],"class_list":{"0":"post-104048","1":"product","2":"type-product","3":"status-publish","4":"has-post-thumbnail","6":"product_cat-2020_it","7":"product_cat-francobolli-ordinari","8":"product_cat-ginevra","9":"product_cat-singolo","10":"product_tag-definitive-it","11":"product_tag-ge-40th-anniversary-of-eradication-of-smallpox-it","12":"product_tag-single-stamp-it","13":"pa_condition-cancelled-it","14":"pa_condition-mint-it","16":"first","17":"instock","18":"shipping-taxable","19":"purchasable","20":"product-type-variable"},"yoast_head":"<!-- This site is optimized with the Yoast SEO plugin v27.3 - https:\/\/yoast.com\/product\/yoast-seo-wordpress\/ -->\n<title>40\u00b0 Anniversario dell\u2019eradicazione del vaiolo \u2013 CHF 1,70 - UN Francobolli<\/title>\n<meta name=\"robots\" content=\"index, follow, max-snippet:-1, max-image-preview:large, max-video-preview:-1\" \/>\n<link rel=\"canonical\" href=\"https:\/\/unstamps.org\/it\/prodotto\/40-anniversario-delleradicazione-del-vaiolo-chf-170\/\" \/>\n<meta property=\"og:locale\" content=\"it_IT\" \/>\n<meta property=\"og:type\" content=\"article\" \/>\n<meta property=\"og:title\" content=\"40\u00b0 Anniversario dell\u2019eradicazione del vaiolo \u2013 CHF 1,70 - UN Francobolli\" \/>\n<meta property=\"og:description\" content=\"Nel mese di dicembre 2019 l&#8217;Organizzazione Mondiale della Sanit\u00e0 ha commemorato il 40\u00b0 anniversario dell&#8217;eradicazione del vaiolo, ricordando lo storico momento del 9 dicembre 1979 in cui venne confermato questo successo fondamentale. Cinque mesi pi\u00f9 tardi, nel mese di maggio del 1980, la 33\u00b0 Assemblea Mondiale della Sanit\u00e0 dichiar\u00f2 ufficialmente che &#8220;il mondo e tutti [&hellip;]\" \/>\n<meta property=\"og:url\" content=\"https:\/\/unstamps.org\/it\/prodotto\/40-anniversario-delleradicazione-del-vaiolo-chf-170\/\" \/>\n<meta property=\"og:site_name\" content=\"UN Francobolli\" \/>\n<meta property=\"article:modified_time\" content=\"2026-01-09T15:26:23+00:00\" \/>\n<meta property=\"og:image\" content=\"https:\/\/unstamps.org\/wp-content\/uploads\/2020\/05\/Smallpox_Single.jpg\" \/>\n\t<meta property=\"og:image:width\" content=\"1024\" \/>\n\t<meta property=\"og:image:height\" content=\"1024\" \/>\n\t<meta property=\"og:image:type\" content=\"image\/jpeg\" \/>\n<meta name=\"twitter:card\" content=\"summary_large_image\" \/>\n<meta name=\"twitter:label1\" content=\"Tempo di lettura stimato\" \/>\n\t<meta name=\"twitter:data1\" content=\"1 minute\" \/>\n<script type=\"application\/ld+json\" class=\"yoast-schema-graph\">{\"@context\":\"https:\\\/\\\/schema.org\",\"@graph\":[{\"@type\":\"WebPage\",\"@id\":\"https:\\\/\\\/unstamps.org\\\/it\\\/prodotto\\\/40-anniversario-delleradicazione-del-vaiolo-chf-170\\\/\",\"url\":\"https:\\\/\\\/unstamps.org\\\/it\\\/prodotto\\\/40-anniversario-delleradicazione-del-vaiolo-chf-170\\\/\",\"name\":\"40\u00b0 Anniversario dell\u2019eradicazione del vaiolo \u2013 CHF 1,70 - UN Francobolli\",\"isPartOf\":{\"@id\":\"https:\\\/\\\/unstamps.org\\\/it\\\/#website\"},\"primaryImageOfPage\":{\"@id\":\"https:\\\/\\\/unstamps.org\\\/it\\\/prodotto\\\/40-anniversario-delleradicazione-del-vaiolo-chf-170\\\/#primaryimage\"},\"image\":{\"@id\":\"https:\\\/\\\/unstamps.org\\\/it\\\/prodotto\\\/40-anniversario-delleradicazione-del-vaiolo-chf-170\\\/#primaryimage\"},\"thumbnailUrl\":\"https:\\\/\\\/unstamps.org\\\/wp-content\\\/uploads\\\/2020\\\/05\\\/Smallpox_Single.jpg\",\"datePublished\":\"2020-05-06T23:33:52+00:00\",\"dateModified\":\"2026-01-09T15:26:23+00:00\",\"breadcrumb\":{\"@id\":\"https:\\\/\\\/unstamps.org\\\/it\\\/prodotto\\\/40-anniversario-delleradicazione-del-vaiolo-chf-170\\\/#breadcrumb\"},\"inLanguage\":\"it-IT\",\"potentialAction\":[{\"@type\":\"ReadAction\",\"target\":[\"https:\\\/\\\/unstamps.org\\\/it\\\/prodotto\\\/40-anniversario-delleradicazione-del-vaiolo-chf-170\\\/\"]}]},{\"@type\":\"ImageObject\",\"inLanguage\":\"it-IT\",\"@id\":\"https:\\\/\\\/unstamps.org\\\/it\\\/prodotto\\\/40-anniversario-delleradicazione-del-vaiolo-chf-170\\\/#primaryimage\",\"url\":\"https:\\\/\\\/unstamps.org\\\/wp-content\\\/uploads\\\/2020\\\/05\\\/Smallpox_Single.jpg\",\"contentUrl\":\"https:\\\/\\\/unstamps.org\\\/wp-content\\\/uploads\\\/2020\\\/05\\\/Smallpox_Single.jpg\",\"width\":1024,\"height\":1024},{\"@type\":\"BreadcrumbList\",\"@id\":\"https:\\\/\\\/unstamps.org\\\/it\\\/prodotto\\\/40-anniversario-delleradicazione-del-vaiolo-chf-170\\\/#breadcrumb\",\"itemListElement\":[{\"@type\":\"ListItem\",\"position\":1,\"name\":\"Home\",\"item\":\"https:\\\/\\\/unstamps.org\\\/it\\\/\"},{\"@type\":\"ListItem\",\"position\":2,\"name\":\"Prodotti\",\"item\":\"https:\\\/\\\/unstamps.org\\\/it\\\/prodotti\\\/\"},{\"@type\":\"ListItem\",\"position\":3,\"name\":\"40\u00b0 Anniversario dell\u2019eradicazione del vaiolo \u2013 CHF 1,70\"}]},{\"@type\":\"WebSite\",\"@id\":\"https:\\\/\\\/unstamps.org\\\/it\\\/#website\",\"url\":\"https:\\\/\\\/unstamps.org\\\/it\\\/\",\"name\":\"UN Stamps\",\"description\":\"United Nations Stamps\",\"publisher\":{\"@id\":\"https:\\\/\\\/unstamps.org\\\/it\\\/#organization\"},\"potentialAction\":[{\"@type\":\"SearchAction\",\"target\":{\"@type\":\"EntryPoint\",\"urlTemplate\":\"https:\\\/\\\/unstamps.org\\\/it\\\/?s={search_term_string}\"},\"query-input\":{\"@type\":\"PropertyValueSpecification\",\"valueRequired\":true,\"valueName\":\"search_term_string\"}}],\"inLanguage\":\"it-IT\"},{\"@type\":\"Organization\",\"@id\":\"https:\\\/\\\/unstamps.org\\\/it\\\/#organization\",\"name\":\"UN Stamps\",\"url\":\"https:\\\/\\\/unstamps.org\\\/it\\\/\",\"logo\":{\"@type\":\"ImageObject\",\"inLanguage\":\"it-IT\",\"@id\":\"https:\\\/\\\/unstamps.org\\\/it\\\/#\\\/schema\\\/logo\\\/image\\\/\",\"url\":\"https:\\\/\\\/unstamps.org\\\/wp-content\\\/uploads\\\/2014\\\/01\\\/logo4web.jpg\",\"contentUrl\":\"https:\\\/\\\/unstamps.org\\\/wp-content\\\/uploads\\\/2014\\\/01\\\/logo4web.jpg\",\"width\":2500,\"height\":250,\"caption\":\"UN Stamps\"},\"image\":{\"@id\":\"https:\\\/\\\/unstamps.org\\\/it\\\/#\\\/schema\\\/logo\\\/image\\\/\"}}]}<\/script>\n<!-- \/ Yoast SEO plugin. -->","yoast_head_json":{"title":"40\u00b0 Anniversario dell\u2019eradicazione del vaiolo \u2013 CHF 1,70 - UN Francobolli","robots":{"index":"index","follow":"follow","max-snippet":"max-snippet:-1","max-image-preview":"max-image-preview:large","max-video-preview":"max-video-preview:-1"},"canonical":"https:\/\/unstamps.org\/it\/prodotto\/40-anniversario-delleradicazione-del-vaiolo-chf-170\/","og_locale":"it_IT","og_type":"article","og_title":"40\u00b0 Anniversario dell\u2019eradicazione del vaiolo \u2013 CHF 1,70 - UN Francobolli","og_description":"Nel mese di dicembre 2019 l&#8217;Organizzazione Mondiale della Sanit\u00e0 ha commemorato il 40\u00b0 anniversario dell&#8217;eradicazione del vaiolo, ricordando lo storico momento del 9 dicembre 1979 in cui venne confermato questo successo fondamentale. Cinque mesi pi\u00f9 tardi, nel mese di maggio del 1980, la 33\u00b0 Assemblea Mondiale della Sanit\u00e0 dichiar\u00f2 ufficialmente che &#8220;il mondo e tutti [&hellip;]","og_url":"https:\/\/unstamps.org\/it\/prodotto\/40-anniversario-delleradicazione-del-vaiolo-chf-170\/","og_site_name":"UN Francobolli","article_modified_time":"2026-01-09T15:26:23+00:00","og_image":[{"width":1024,"height":1024,"url":"https:\/\/unstamps.org\/wp-content\/uploads\/2020\/05\/Smallpox_Single.jpg","type":"image\/jpeg"}],"twitter_card":"summary_large_image","twitter_misc":{"Tempo di lettura stimato":"1 minute"},"schema":{"@context":"https:\/\/schema.org","@graph":[{"@type":"WebPage","@id":"https:\/\/unstamps.org\/it\/prodotto\/40-anniversario-delleradicazione-del-vaiolo-chf-170\/","url":"https:\/\/unstamps.org\/it\/prodotto\/40-anniversario-delleradicazione-del-vaiolo-chf-170\/","name":"40\u00b0 Anniversario dell\u2019eradicazione del vaiolo \u2013 CHF 1,70 - UN Francobolli","isPartOf":{"@id":"https:\/\/unstamps.org\/it\/#website"},"primaryImageOfPage":{"@id":"https:\/\/unstamps.org\/it\/prodotto\/40-anniversario-delleradicazione-del-vaiolo-chf-170\/#primaryimage"},"image":{"@id":"https:\/\/unstamps.org\/it\/prodotto\/40-anniversario-delleradicazione-del-vaiolo-chf-170\/#primaryimage"},"thumbnailUrl":"https:\/\/unstamps.org\/wp-content\/uploads\/2020\/05\/Smallpox_Single.jpg","datePublished":"2020-05-06T23:33:52+00:00","dateModified":"2026-01-09T15:26:23+00:00","breadcrumb":{"@id":"https:\/\/unstamps.org\/it\/prodotto\/40-anniversario-delleradicazione-del-vaiolo-chf-170\/#breadcrumb"},"inLanguage":"it-IT","potentialAction":[{"@type":"ReadAction","target":["https:\/\/unstamps.org\/it\/prodotto\/40-anniversario-delleradicazione-del-vaiolo-chf-170\/"]}]},{"@type":"ImageObject","inLanguage":"it-IT","@id":"https:\/\/unstamps.org\/it\/prodotto\/40-anniversario-delleradicazione-del-vaiolo-chf-170\/#primaryimage","url":"https:\/\/unstamps.org\/wp-content\/uploads\/2020\/05\/Smallpox_Single.jpg","contentUrl":"https:\/\/unstamps.org\/wp-content\/uploads\/2020\/05\/Smallpox_Single.jpg","width":1024,"height":1024},{"@type":"BreadcrumbList","@id":"https:\/\/unstamps.org\/it\/prodotto\/40-anniversario-delleradicazione-del-vaiolo-chf-170\/#breadcrumb","itemListElement":[{"@type":"ListItem","position":1,"name":"Home","item":"https:\/\/unstamps.org\/it\/"},{"@type":"ListItem","position":2,"name":"Prodotti","item":"https:\/\/unstamps.org\/it\/prodotti\/"},{"@type":"ListItem","position":3,"name":"40\u00b0 Anniversario dell\u2019eradicazione del vaiolo \u2013 CHF 1,70"}]},{"@type":"WebSite","@id":"https:\/\/unstamps.org\/it\/#website","url":"https:\/\/unstamps.org\/it\/","name":"UN Stamps","description":"United Nations Stamps","publisher":{"@id":"https:\/\/unstamps.org\/it\/#organization"},"potentialAction":[{"@type":"SearchAction","target":{"@type":"EntryPoint","urlTemplate":"https:\/\/unstamps.org\/it\/?s={search_term_string}"},"query-input":{"@type":"PropertyValueSpecification","valueRequired":true,"valueName":"search_term_string"}}],"inLanguage":"it-IT"},{"@type":"Organization","@id":"https:\/\/unstamps.org\/it\/#organization","name":"UN Stamps","url":"https:\/\/unstamps.org\/it\/","logo":{"@type":"ImageObject","inLanguage":"it-IT","@id":"https:\/\/unstamps.org\/it\/#\/schema\/logo\/image\/","url":"https:\/\/unstamps.org\/wp-content\/uploads\/2014\/01\/logo4web.jpg","contentUrl":"https:\/\/unstamps.org\/wp-content\/uploads\/2014\/01\/logo4web.jpg","width":2500,"height":250,"caption":"UN Stamps"},"image":{"@id":"https:\/\/unstamps.org\/it\/#\/schema\/logo\/image\/"}}]}},"jetpack_sharing_enabled":true,"publishpress_future_action":{"enabled":false,"date":"2026-04-15 12:01:09","action":"change-status","newStatus":"private","terms":[],"taxonomy":"product_cat","extraData":[]},"publishpress_future_workflow_manual_trigger":{"enabledWorkflows":[]},"_links":{"self":[{"href":"https:\/\/unstamps.org\/it\/wp-json\/wp\/v2\/product\/104048","targetHints":{"allow":["GET"]}}],"collection":[{"href":"https:\/\/unstamps.org\/it\/wp-json\/wp\/v2\/product"}],"about":[{"href":"https:\/\/unstamps.org\/it\/wp-json\/wp\/v2\/types\/product"}],"replies":[{"embeddable":true,"href":"https:\/\/unstamps.org\/it\/wp-json\/wp\/v2\/comments?post=104048"}],"wp:featuredmedia":[{"embeddable":true,"href":"https:\/\/unstamps.org\/it\/wp-json\/wp\/v2\/media\/104380"}],"wp:attachment":[{"href":"https:\/\/unstamps.org\/it\/wp-json\/wp\/v2\/media?parent=104048"}],"wp:term":[{"taxonomy":"product_brand","embeddable":true,"href":"https:\/\/unstamps.org\/it\/wp-json\/wp\/v2\/product_brand?post=104048"},{"taxonomy":"product_cat","embeddable":true,"href":"https:\/\/unstamps.org\/it\/wp-json\/wp\/v2\/product_cat?post=104048"},{"taxonomy":"product_tag","embeddable":true,"href":"https:\/\/unstamps.org\/it\/wp-json\/wp\/v2\/product_tag?post=104048"}],"curies":[{"name":"wp","href":"https:\/\/api.w.org\/{rel}","templated":true}]}}