{"id":833,"date":"2013-12-13T05:49:21","date_gmt":"2013-12-13T10:49:21","guid":{"rendered":"http:\/\/unstamps.org\/?post_type=product&#038;p=833"},"modified":"2024-07-12T10:20:24","modified_gmt":"2024-07-12T14:20:24","slug":"f-s-500-1990-feuille-entiere-neuf","status":"publish","type":"product","link":"https:\/\/unstamps.org\/fr\/produit\/f-s-500-1990-feuille-entiere-neuf\/","title":{"rendered":"1990 GE Timbres Ordinaires &#8211; F.s. 5.00 &#8211; Feuille Enti\u00e8re"},"content":{"rendered":"<p><strong>F.s. 5,00 (1990) Feuille Enti\u00e8re<\/strong><\/p>\n<p>Le motif est bas\u00e9 sur une peinture \u00e0 l&#8217;huile originale du m\u00eame artiste. Il repr\u00e9sente le Palais des Nations vu du lac L\u00e9man, une partie de ce lac, ainsi qu&#8217;au premier plan le \u00ab Gen\u00e8ve \u00bb, le plus vieux bateau \u00e0 vapeur toujours en fonctionnement sur le lac.<\/p>\n<div id=\"prod-descr-denomination\">\n<div>Valeur:<\/div>\n<p>CHF 5,00 (feuille de 50 timbres)<\/p>\n<\/div>\n<div id=\"prod-descr-printing\">\n<div>Imprimeur:<\/div>\n<p>h\u00e9liogravure, Heraclio Fournier SA (Espagne)<\/p>\n<\/div>\n<div id=\"prod-descr-quantity\">\n<div>Quantit\u00e9:<\/div>\n<p>1 600 000 timbres<\/p>\n<\/div>\n<div id=\"prod-descr-designer\">\n<div>Dessinateur:<\/div>\n<p>Guy Breniaux, (France)<\/p>\n<\/div>\n<div id=\"prod-descr-specification\">\n<div>Sp\u00e9cification:<\/div>\n<p>41 mm horizontalement par 26 mm verticalement. Dentelure : 13 3\/4<\/p>\n<\/div>\n","protected":false},"excerpt":{"rendered":"<p>F.s. 5,00 (1990) Feuille Enti\u00e8re Le motif est bas\u00e9 sur une peinture \u00e0 l&#8217;huile originale du m\u00eame artiste. Il repr\u00e9sente le Palais des Nations vu du lac L\u00e9man, une partie de ce lac, ainsi qu&#8217;au premier plan le \u00ab Gen\u00e8ve \u00bb, le plus vieux bateau \u00e0 vapeur toujours en fonctionnement sur le lac. Valeur: CHF [&hellip;]<\/p>\n","protected":false},"featured_media":1855,"comment_status":"open","ping_status":"closed","template":"","meta":{"ngg_post_thumbnail":0},"product_brand":[],"product_cat":[278,222,145,153],"product_tag":[],"class_list":{"0":"post-833","1":"product","2":"type-product","3":"status-publish","4":"has-post-thumbnail","6":"product_cat-1990-annee","7":"product_cat-feuille-entiere","8":"product_cat-geneve","9":"product_cat-timbres-ordinaires","11":"first","12":"instock","13":"shipping-taxable","14":"purchasable","15":"product-type-variable"},"yoast_head":"<!-- This site is optimized with the Yoast SEO plugin v27.5 - https:\/\/yoast.com\/product\/yoast-seo-wordpress\/ -->\n<title>1990 GE Timbres Ordinaires &#8211; F.s. 5.00 &#8211; Feuille Enti\u00e8re - UN Timbres<\/title>\n<meta name=\"robots\" content=\"index, follow, max-snippet:-1, max-image-preview:large, max-video-preview:-1\" \/>\n<link rel=\"canonical\" href=\"https:\/\/unstamps.org\/fr\/produit\/f-s-500-1990-feuille-entiere-neuf\/\" \/>\n<meta property=\"og:locale\" content=\"fr_FR\" \/>\n<meta property=\"og:type\" content=\"article\" \/>\n<meta property=\"og:title\" content=\"1990 GE Timbres Ordinaires &#8211; F.s. 5.00 &#8211; Feuille Enti\u00e8re - UN Timbres\" \/>\n<meta property=\"og:description\" content=\"F.s. 5,00 (1990) Feuille Enti\u00e8re Le motif est bas\u00e9 sur une peinture \u00e0 l&#8217;huile originale du m\u00eame artiste. Il repr\u00e9sente le Palais des Nations vu du lac L\u00e9man, une partie de ce lac, ainsi qu&#8217;au premier plan le \u00ab Gen\u00e8ve \u00bb, le plus vieux bateau \u00e0 vapeur toujours en fonctionnement sur le lac. Valeur: CHF [&hellip;]\" \/>\n<meta property=\"og:url\" content=\"https:\/\/unstamps.org\/fr\/produit\/f-s-500-1990-feuille-entiere-neuf\/\" \/>\n<meta property=\"og:site_name\" content=\"UN Timbres\" \/>\n<meta property=\"article:modified_time\" content=\"2024-07-12T14:20:24+00:00\" \/>\n<meta property=\"og:image\" content=\"https:\/\/unstamps.org\/wp-content\/uploads\/2013\/12\/DEF-G-1990_fs5.00_single.jpg\" \/>\n\t<meta property=\"og:image:width\" content=\"1024\" \/>\n\t<meta property=\"og:image:height\" content=\"1024\" \/>\n\t<meta property=\"og:image:type\" content=\"image\/jpeg\" \/>\n<meta name=\"twitter:card\" content=\"summary_large_image\" \/>\n<script type=\"application\/ld+json\" class=\"yoast-schema-graph\">{\"@context\":\"https:\\\/\\\/schema.org\",\"@graph\":[{\"@type\":\"WebPage\",\"@id\":\"https:\\\/\\\/unstamps.org\\\/fr\\\/produit\\\/f-s-500-1990-feuille-entiere-neuf\\\/\",\"url\":\"https:\\\/\\\/unstamps.org\\\/fr\\\/produit\\\/f-s-500-1990-feuille-entiere-neuf\\\/\",\"name\":\"1990 GE Timbres Ordinaires &#8211; F.s. 5.00 &#8211; Feuille Enti\u00e8re - UN Timbres\",\"isPartOf\":{\"@id\":\"https:\\\/\\\/unstamps.org\\\/fr\\\/#website\"},\"primaryImageOfPage\":{\"@id\":\"https:\\\/\\\/unstamps.org\\\/fr\\\/produit\\\/f-s-500-1990-feuille-entiere-neuf\\\/#primaryimage\"},\"image\":{\"@id\":\"https:\\\/\\\/unstamps.org\\\/fr\\\/produit\\\/f-s-500-1990-feuille-entiere-neuf\\\/#primaryimage\"},\"thumbnailUrl\":\"https:\\\/\\\/unstamps.org\\\/wp-content\\\/uploads\\\/2013\\\/12\\\/DEF-G-1990_fs5.00_single.jpg\",\"datePublished\":\"2013-12-13T10:49:21+00:00\",\"dateModified\":\"2024-07-12T14:20:24+00:00\",\"breadcrumb\":{\"@id\":\"https:\\\/\\\/unstamps.org\\\/fr\\\/produit\\\/f-s-500-1990-feuille-entiere-neuf\\\/#breadcrumb\"},\"inLanguage\":\"fr-FR\",\"potentialAction\":[{\"@type\":\"ReadAction\",\"target\":[\"https:\\\/\\\/unstamps.org\\\/fr\\\/produit\\\/f-s-500-1990-feuille-entiere-neuf\\\/\"]}]},{\"@type\":\"ImageObject\",\"inLanguage\":\"fr-FR\",\"@id\":\"https:\\\/\\\/unstamps.org\\\/fr\\\/produit\\\/f-s-500-1990-feuille-entiere-neuf\\\/#primaryimage\",\"url\":\"https:\\\/\\\/unstamps.org\\\/wp-content\\\/uploads\\\/2013\\\/12\\\/DEF-G-1990_fs5.00_single.jpg\",\"contentUrl\":\"https:\\\/\\\/unstamps.org\\\/wp-content\\\/uploads\\\/2013\\\/12\\\/DEF-G-1990_fs5.00_single.jpg\",\"width\":1024,\"height\":1024},{\"@type\":\"BreadcrumbList\",\"@id\":\"https:\\\/\\\/unstamps.org\\\/fr\\\/produit\\\/f-s-500-1990-feuille-entiere-neuf\\\/#breadcrumb\",\"itemListElement\":[{\"@type\":\"ListItem\",\"position\":1,\"name\":\"Home\",\"item\":\"https:\\\/\\\/unstamps.org\\\/fr\\\/\"},{\"@type\":\"ListItem\",\"position\":2,\"name\":\"Les produits\",\"item\":\"https:\\\/\\\/unstamps.org\\\/fr\\\/les-produits\\\/\"},{\"@type\":\"ListItem\",\"position\":3,\"name\":\"1990 GE Timbres Ordinaires &#8211; F.s. 5.00 &#8211; Feuille Enti\u00e8re\"}]},{\"@type\":\"WebSite\",\"@id\":\"https:\\\/\\\/unstamps.org\\\/fr\\\/#website\",\"url\":\"https:\\\/\\\/unstamps.org\\\/fr\\\/\",\"name\":\"UN Stamps\",\"description\":\"United Nations Stamps\",\"publisher\":{\"@id\":\"https:\\\/\\\/unstamps.org\\\/fr\\\/#organization\"},\"potentialAction\":[{\"@type\":\"SearchAction\",\"target\":{\"@type\":\"EntryPoint\",\"urlTemplate\":\"https:\\\/\\\/unstamps.org\\\/fr\\\/?s={search_term_string}\"},\"query-input\":{\"@type\":\"PropertyValueSpecification\",\"valueRequired\":true,\"valueName\":\"search_term_string\"}}],\"inLanguage\":\"fr-FR\"},{\"@type\":\"Organization\",\"@id\":\"https:\\\/\\\/unstamps.org\\\/fr\\\/#organization\",\"name\":\"UN Stamps\",\"url\":\"https:\\\/\\\/unstamps.org\\\/fr\\\/\",\"logo\":{\"@type\":\"ImageObject\",\"inLanguage\":\"fr-FR\",\"@id\":\"https:\\\/\\\/unstamps.org\\\/fr\\\/#\\\/schema\\\/logo\\\/image\\\/\",\"url\":\"https:\\\/\\\/unstamps.org\\\/wp-content\\\/uploads\\\/2014\\\/01\\\/logo4web.jpg\",\"contentUrl\":\"https:\\\/\\\/unstamps.org\\\/wp-content\\\/uploads\\\/2014\\\/01\\\/logo4web.jpg\",\"width\":2500,\"height\":250,\"caption\":\"UN Stamps\"},\"image\":{\"@id\":\"https:\\\/\\\/unstamps.org\\\/fr\\\/#\\\/schema\\\/logo\\\/image\\\/\"}}]}<\/script>\n<!-- \/ Yoast SEO plugin. -->","yoast_head_json":{"title":"1990 GE Timbres Ordinaires &#8211; F.s. 5.00 &#8211; Feuille Enti\u00e8re - UN Timbres","robots":{"index":"index","follow":"follow","max-snippet":"max-snippet:-1","max-image-preview":"max-image-preview:large","max-video-preview":"max-video-preview:-1"},"canonical":"https:\/\/unstamps.org\/fr\/produit\/f-s-500-1990-feuille-entiere-neuf\/","og_locale":"fr_FR","og_type":"article","og_title":"1990 GE Timbres Ordinaires &#8211; F.s. 5.00 &#8211; Feuille Enti\u00e8re - UN Timbres","og_description":"F.s. 5,00 (1990) Feuille Enti\u00e8re Le motif est bas\u00e9 sur une peinture \u00e0 l&#8217;huile originale du m\u00eame artiste. Il repr\u00e9sente le Palais des Nations vu du lac L\u00e9man, une partie de ce lac, ainsi qu&#8217;au premier plan le \u00ab Gen\u00e8ve \u00bb, le plus vieux bateau \u00e0 vapeur toujours en fonctionnement sur le lac. Valeur: CHF [&hellip;]","og_url":"https:\/\/unstamps.org\/fr\/produit\/f-s-500-1990-feuille-entiere-neuf\/","og_site_name":"UN Timbres","article_modified_time":"2024-07-12T14:20:24+00:00","og_image":[{"width":1024,"height":1024,"url":"https:\/\/unstamps.org\/wp-content\/uploads\/2013\/12\/DEF-G-1990_fs5.00_single.jpg","type":"image\/jpeg"}],"twitter_card":"summary_large_image","schema":{"@context":"https:\/\/schema.org","@graph":[{"@type":"WebPage","@id":"https:\/\/unstamps.org\/fr\/produit\/f-s-500-1990-feuille-entiere-neuf\/","url":"https:\/\/unstamps.org\/fr\/produit\/f-s-500-1990-feuille-entiere-neuf\/","name":"1990 GE Timbres Ordinaires &#8211; F.s. 5.00 &#8211; Feuille Enti\u00e8re - UN Timbres","isPartOf":{"@id":"https:\/\/unstamps.org\/fr\/#website"},"primaryImageOfPage":{"@id":"https:\/\/unstamps.org\/fr\/produit\/f-s-500-1990-feuille-entiere-neuf\/#primaryimage"},"image":{"@id":"https:\/\/unstamps.org\/fr\/produit\/f-s-500-1990-feuille-entiere-neuf\/#primaryimage"},"thumbnailUrl":"https:\/\/unstamps.org\/wp-content\/uploads\/2013\/12\/DEF-G-1990_fs5.00_single.jpg","datePublished":"2013-12-13T10:49:21+00:00","dateModified":"2024-07-12T14:20:24+00:00","breadcrumb":{"@id":"https:\/\/unstamps.org\/fr\/produit\/f-s-500-1990-feuille-entiere-neuf\/#breadcrumb"},"inLanguage":"fr-FR","potentialAction":[{"@type":"ReadAction","target":["https:\/\/unstamps.org\/fr\/produit\/f-s-500-1990-feuille-entiere-neuf\/"]}]},{"@type":"ImageObject","inLanguage":"fr-FR","@id":"https:\/\/unstamps.org\/fr\/produit\/f-s-500-1990-feuille-entiere-neuf\/#primaryimage","url":"https:\/\/unstamps.org\/wp-content\/uploads\/2013\/12\/DEF-G-1990_fs5.00_single.jpg","contentUrl":"https:\/\/unstamps.org\/wp-content\/uploads\/2013\/12\/DEF-G-1990_fs5.00_single.jpg","width":1024,"height":1024},{"@type":"BreadcrumbList","@id":"https:\/\/unstamps.org\/fr\/produit\/f-s-500-1990-feuille-entiere-neuf\/#breadcrumb","itemListElement":[{"@type":"ListItem","position":1,"name":"Home","item":"https:\/\/unstamps.org\/fr\/"},{"@type":"ListItem","position":2,"name":"Les produits","item":"https:\/\/unstamps.org\/fr\/les-produits\/"},{"@type":"ListItem","position":3,"name":"1990 GE Timbres Ordinaires &#8211; F.s. 5.00 &#8211; Feuille Enti\u00e8re"}]},{"@type":"WebSite","@id":"https:\/\/unstamps.org\/fr\/#website","url":"https:\/\/unstamps.org\/fr\/","name":"UN Stamps","description":"United Nations Stamps","publisher":{"@id":"https:\/\/unstamps.org\/fr\/#organization"},"potentialAction":[{"@type":"SearchAction","target":{"@type":"EntryPoint","urlTemplate":"https:\/\/unstamps.org\/fr\/?s={search_term_string}"},"query-input":{"@type":"PropertyValueSpecification","valueRequired":true,"valueName":"search_term_string"}}],"inLanguage":"fr-FR"},{"@type":"Organization","@id":"https:\/\/unstamps.org\/fr\/#organization","name":"UN Stamps","url":"https:\/\/unstamps.org\/fr\/","logo":{"@type":"ImageObject","inLanguage":"fr-FR","@id":"https:\/\/unstamps.org\/fr\/#\/schema\/logo\/image\/","url":"https:\/\/unstamps.org\/wp-content\/uploads\/2014\/01\/logo4web.jpg","contentUrl":"https:\/\/unstamps.org\/wp-content\/uploads\/2014\/01\/logo4web.jpg","width":2500,"height":250,"caption":"UN Stamps"},"image":{"@id":"https:\/\/unstamps.org\/fr\/#\/schema\/logo\/image\/"}}]}},"jetpack_sharing_enabled":true,"publishpress_future_action":{"enabled":false,"date":"2026-05-07 03:02:03","action":"change-status","newStatus":"private","terms":[],"taxonomy":"product_cat","extraData":[]},"publishpress_future_workflow_manual_trigger":{"enabledWorkflows":[]},"_links":{"self":[{"href":"https:\/\/unstamps.org\/fr\/wp-json\/wp\/v2\/product\/833","targetHints":{"allow":["GET"]}}],"collection":[{"href":"https:\/\/unstamps.org\/fr\/wp-json\/wp\/v2\/product"}],"about":[{"href":"https:\/\/unstamps.org\/fr\/wp-json\/wp\/v2\/types\/product"}],"replies":[{"embeddable":true,"href":"https:\/\/unstamps.org\/fr\/wp-json\/wp\/v2\/comments?post=833"}],"wp:featuredmedia":[{"embeddable":true,"href":"https:\/\/unstamps.org\/fr\/wp-json\/wp\/v2\/media\/1855"}],"wp:attachment":[{"href":"https:\/\/unstamps.org\/fr\/wp-json\/wp\/v2\/media?parent=833"}],"wp:term":[{"taxonomy":"product_brand","embeddable":true,"href":"https:\/\/unstamps.org\/fr\/wp-json\/wp\/v2\/product_brand?post=833"},{"taxonomy":"product_cat","embeddable":true,"href":"https:\/\/unstamps.org\/fr\/wp-json\/wp\/v2\/product_cat?post=833"},{"taxonomy":"product_tag","embeddable":true,"href":"https:\/\/unstamps.org\/fr\/wp-json\/wp\/v2\/product_tag?post=833"}],"curies":[{"name":"wp","href":"https:\/\/api.w.org\/{rel}","templated":true}]}}