{"id":83219,"date":"2019-10-02T06:49:05","date_gmt":"2019-10-02T10:49:05","guid":{"rendered":"https:\/\/unstamps.org\/?post_type=product&#038;p=83219"},"modified":"2026-01-09T10:26:23","modified_gmt":"2026-01-09T15:26:23","slug":"mahatma-gandhi-ny-timbre-ordinaire-us-275-feuille-entiere","status":"publish","type":"product","link":"https:\/\/unstamps.org\/fr\/produit\/mahatma-gandhi-ny-timbre-ordinaire-us-275-feuille-entiere\/","title":{"rendered":"Mahatma Gandhi \u2013 NY Timbre Ordinaire \u2013 US$ 2,75 &#8211; Feuille enti\u00e8re"},"content":{"rendered":"<p>L\u2019ann\u00e9e 2019 marque le 150e anniversaire du Mahatma Gandhi (1869-1948).<\/p>\n<p>En transcendant les limites impos\u00e9es par l\u2019appartenance \u00e0 une race, une religion et un \u00c9tat-nation, le Mahatma Gandhi est devenu la voix proph\u00e9tique du XXIe si\u00e8cle. Personnalit\u00e9 aux multiples facettes, Gandhi \u00e9tait \u00e0 la fois nationaliste et internationaliste, traditionaliste et r\u00e9formiste, dirigeant politique et guide spirituel, \u00e9crivain et penseur, pacifiste et militant pour la r\u00e9forme sociale et l\u2019\u00e9volution de la soci\u00e9t\u00e9. Le monde se souvient du Mahatma non seulement pour son d\u00e9vouement sans borne \u00e0 la pratique de la non-violence et \u00e0 une forme absolue d\u2019humanisme, mais aussi comme d\u2019une r\u00e9f\u00e9rence \u00e0 l\u2019aune de laquelle nous jugeons les femmes et les hommes participant \u00e0 la vie publique, les id\u00e9es politiques et les politiques gouvernementales et nous mesurons les espoirs et les aspirations que nous nourrissons pour notre plan\u00e8te.<\/p>\n<p>La pens\u00e9e gandhienne, les modes de lutte gandhiens et les id\u00e9aux du Mahatma, selon lesquels la libert\u00e9 humaine s\u2019acquiert par la conciliation et en faisant appel \u00e0 la conscience de son adversaire, ont influenc\u00e9 certains des plus grands dirigeants de notre \u00e9poque. Gandhi a d\u00e9clar\u00e9 : \u00ab Lorsque l\u2019amour du pouvoir c\u00e9dera la place au pouvoir de l\u2019amour, le monde conna\u00eetra enfin la paix \u00bb. Alors que nous nous interrogeons sur le sens de la vie \u00e0 une \u00e9poque marqu\u00e9e par une multitude de probl\u00e8mes complexes, la vie et la philosophie du Mahatma Gandhi offrent un \u00e9clairage des plus vifs sur la voie \u00e0 suivre.<\/p>\n<p><strong>Date d\u2019\u00e9mission:<\/strong> 2 octobre 2019<br \/>\n<strong>Artiste:<\/strong>Martin M\u00f6rck (Norv\u00e8ge)<br \/>\n<strong>Dessin:<\/strong>Rorie Katz (Nations Unies)<br \/>\n<strong>Valeur:<\/strong> US$ 2,75<br \/>\n<strong>Format de timbres:<\/strong> 50mm x 35mm<br \/>\n<strong>Timbres par feuille:\u00a0<\/strong>20<br \/>\n<strong>Imprimeur:<\/strong> Joh Ensched\u00e9 Stamps BV (Pays-Bas)<br \/>\n<strong>Reproduction:<\/strong> Lithografie offset avec Duotone<br \/>\n<strong>Dentelure:<\/strong> 14 x 14 \u00bc<br \/>\n<strong>Tirage des timbres:\u00a0<\/strong>10.500 feuilles (210.000 timbres)<\/p>\n","protected":false},"excerpt":{"rendered":"<p>L\u2019ann\u00e9e 2019 marque le 150e anniversaire du Mahatma Gandhi (1869-1948). En transcendant les limites impos\u00e9es par l\u2019appartenance \u00e0 une race, une religion et un \u00c9tat-nation, le Mahatma Gandhi est devenu la voix proph\u00e9tique du XXIe si\u00e8cle. Personnalit\u00e9 aux multiples facettes, Gandhi \u00e9tait \u00e0 la fois nationaliste et internationaliste, traditionaliste et r\u00e9formiste, dirigeant politique et guide [&hellip;]<\/p>\n","protected":false},"featured_media":83676,"comment_status":"closed","ping_status":"closed","template":"","meta":{"ngg_post_thumbnail":0},"product_brand":[],"product_cat":[1122,140,153],"product_tag":[],"class_list":{"0":"post-83219","1":"product","2":"type-product","3":"status-publish","4":"has-post-thumbnail","6":"product_cat-2019-year-fr","7":"product_cat-new-york-issuing-office-fr","8":"product_cat-timbres-ordinaires","9":"pa_condition-cancelled-fr","10":"pa_condition-mint-fr","12":"first","13":"instock","14":"shipping-taxable","15":"purchasable","16":"product-type-variable"},"yoast_head":"<!-- This site is optimized with the Yoast SEO plugin v27.3 - https:\/\/yoast.com\/product\/yoast-seo-wordpress\/ -->\n<title>Mahatma Gandhi \u2013 NY Timbre Ordinaire \u2013 US$ 2,75 &#8211; Feuille enti\u00e8re - UN Timbres<\/title>\n<meta name=\"robots\" content=\"index, follow, max-snippet:-1, max-image-preview:large, max-video-preview:-1\" \/>\n<link rel=\"canonical\" href=\"https:\/\/unstamps.org\/fr\/produit\/mahatma-gandhi-ny-timbre-ordinaire-us-275-feuille-entiere\/\" \/>\n<meta property=\"og:locale\" content=\"fr_FR\" \/>\n<meta property=\"og:type\" content=\"article\" \/>\n<meta property=\"og:title\" content=\"Mahatma Gandhi \u2013 NY Timbre Ordinaire \u2013 US$ 2,75 &#8211; Feuille enti\u00e8re - UN Timbres\" \/>\n<meta property=\"og:description\" content=\"L\u2019ann\u00e9e 2019 marque le 150e anniversaire du Mahatma Gandhi (1869-1948). En transcendant les limites impos\u00e9es par l\u2019appartenance \u00e0 une race, une religion et un \u00c9tat-nation, le Mahatma Gandhi est devenu la voix proph\u00e9tique du XXIe si\u00e8cle. Personnalit\u00e9 aux multiples facettes, Gandhi \u00e9tait \u00e0 la fois nationaliste et internationaliste, traditionaliste et r\u00e9formiste, dirigeant politique et guide [&hellip;]\" \/>\n<meta property=\"og:url\" content=\"https:\/\/unstamps.org\/fr\/produit\/mahatma-gandhi-ny-timbre-ordinaire-us-275-feuille-entiere\/\" \/>\n<meta property=\"og:site_name\" content=\"UN Timbres\" \/>\n<meta property=\"article:modified_time\" content=\"2026-01-09T15:26:23+00:00\" \/>\n<meta property=\"og:image\" content=\"https:\/\/unstamps.org\/wp-content\/uploads\/2019\/10\/M.Gandhi19_NY-2.75-full-sheet.jpg\" \/>\n\t<meta property=\"og:image:width\" content=\"1024\" \/>\n\t<meta property=\"og:image:height\" content=\"1024\" \/>\n\t<meta property=\"og:image:type\" content=\"image\/jpeg\" \/>\n<meta name=\"twitter:card\" content=\"summary_large_image\" \/>\n<meta name=\"twitter:label1\" content=\"Dur\u00e9e de lecture estim\u00e9e\" \/>\n\t<meta name=\"twitter:data1\" content=\"2 minutes\" \/>\n<script type=\"application\/ld+json\" class=\"yoast-schema-graph\">{\"@context\":\"https:\\\/\\\/schema.org\",\"@graph\":[{\"@type\":\"WebPage\",\"@id\":\"https:\\\/\\\/unstamps.org\\\/fr\\\/produit\\\/mahatma-gandhi-ny-timbre-ordinaire-us-275-feuille-entiere\\\/\",\"url\":\"https:\\\/\\\/unstamps.org\\\/fr\\\/produit\\\/mahatma-gandhi-ny-timbre-ordinaire-us-275-feuille-entiere\\\/\",\"name\":\"Mahatma Gandhi \u2013 NY Timbre Ordinaire \u2013 US$ 2,75 &#8211; Feuille enti\u00e8re - UN Timbres\",\"isPartOf\":{\"@id\":\"https:\\\/\\\/unstamps.org\\\/fr\\\/#website\"},\"primaryImageOfPage\":{\"@id\":\"https:\\\/\\\/unstamps.org\\\/fr\\\/produit\\\/mahatma-gandhi-ny-timbre-ordinaire-us-275-feuille-entiere\\\/#primaryimage\"},\"image\":{\"@id\":\"https:\\\/\\\/unstamps.org\\\/fr\\\/produit\\\/mahatma-gandhi-ny-timbre-ordinaire-us-275-feuille-entiere\\\/#primaryimage\"},\"thumbnailUrl\":\"https:\\\/\\\/unstamps.org\\\/wp-content\\\/uploads\\\/2019\\\/10\\\/M.Gandhi19_NY-2.75-full-sheet.jpg\",\"datePublished\":\"2019-10-02T10:49:05+00:00\",\"dateModified\":\"2026-01-09T15:26:23+00:00\",\"breadcrumb\":{\"@id\":\"https:\\\/\\\/unstamps.org\\\/fr\\\/produit\\\/mahatma-gandhi-ny-timbre-ordinaire-us-275-feuille-entiere\\\/#breadcrumb\"},\"inLanguage\":\"fr-FR\",\"potentialAction\":[{\"@type\":\"ReadAction\",\"target\":[\"https:\\\/\\\/unstamps.org\\\/fr\\\/produit\\\/mahatma-gandhi-ny-timbre-ordinaire-us-275-feuille-entiere\\\/\"]}]},{\"@type\":\"ImageObject\",\"inLanguage\":\"fr-FR\",\"@id\":\"https:\\\/\\\/unstamps.org\\\/fr\\\/produit\\\/mahatma-gandhi-ny-timbre-ordinaire-us-275-feuille-entiere\\\/#primaryimage\",\"url\":\"https:\\\/\\\/unstamps.org\\\/wp-content\\\/uploads\\\/2019\\\/10\\\/M.Gandhi19_NY-2.75-full-sheet.jpg\",\"contentUrl\":\"https:\\\/\\\/unstamps.org\\\/wp-content\\\/uploads\\\/2019\\\/10\\\/M.Gandhi19_NY-2.75-full-sheet.jpg\",\"width\":1024,\"height\":1024},{\"@type\":\"BreadcrumbList\",\"@id\":\"https:\\\/\\\/unstamps.org\\\/fr\\\/produit\\\/mahatma-gandhi-ny-timbre-ordinaire-us-275-feuille-entiere\\\/#breadcrumb\",\"itemListElement\":[{\"@type\":\"ListItem\",\"position\":1,\"name\":\"Home\",\"item\":\"https:\\\/\\\/unstamps.org\\\/fr\\\/\"},{\"@type\":\"ListItem\",\"position\":2,\"name\":\"Les produits\",\"item\":\"https:\\\/\\\/unstamps.org\\\/fr\\\/les-produits\\\/\"},{\"@type\":\"ListItem\",\"position\":3,\"name\":\"Mahatma Gandhi \u2013 NY Timbre Ordinaire \u2013 US$ 2,75 &#8211; Feuille enti\u00e8re\"}]},{\"@type\":\"WebSite\",\"@id\":\"https:\\\/\\\/unstamps.org\\\/fr\\\/#website\",\"url\":\"https:\\\/\\\/unstamps.org\\\/fr\\\/\",\"name\":\"UN Stamps\",\"description\":\"United Nations Stamps\",\"publisher\":{\"@id\":\"https:\\\/\\\/unstamps.org\\\/fr\\\/#organization\"},\"potentialAction\":[{\"@type\":\"SearchAction\",\"target\":{\"@type\":\"EntryPoint\",\"urlTemplate\":\"https:\\\/\\\/unstamps.org\\\/fr\\\/?s={search_term_string}\"},\"query-input\":{\"@type\":\"PropertyValueSpecification\",\"valueRequired\":true,\"valueName\":\"search_term_string\"}}],\"inLanguage\":\"fr-FR\"},{\"@type\":\"Organization\",\"@id\":\"https:\\\/\\\/unstamps.org\\\/fr\\\/#organization\",\"name\":\"UN Stamps\",\"url\":\"https:\\\/\\\/unstamps.org\\\/fr\\\/\",\"logo\":{\"@type\":\"ImageObject\",\"inLanguage\":\"fr-FR\",\"@id\":\"https:\\\/\\\/unstamps.org\\\/fr\\\/#\\\/schema\\\/logo\\\/image\\\/\",\"url\":\"https:\\\/\\\/unstamps.org\\\/wp-content\\\/uploads\\\/2014\\\/01\\\/logo4web.jpg\",\"contentUrl\":\"https:\\\/\\\/unstamps.org\\\/wp-content\\\/uploads\\\/2014\\\/01\\\/logo4web.jpg\",\"width\":2500,\"height\":250,\"caption\":\"UN Stamps\"},\"image\":{\"@id\":\"https:\\\/\\\/unstamps.org\\\/fr\\\/#\\\/schema\\\/logo\\\/image\\\/\"}}]}<\/script>\n<!-- \/ Yoast SEO plugin. -->","yoast_head_json":{"title":"Mahatma Gandhi \u2013 NY Timbre Ordinaire \u2013 US$ 2,75 &#8211; Feuille enti\u00e8re - UN Timbres","robots":{"index":"index","follow":"follow","max-snippet":"max-snippet:-1","max-image-preview":"max-image-preview:large","max-video-preview":"max-video-preview:-1"},"canonical":"https:\/\/unstamps.org\/fr\/produit\/mahatma-gandhi-ny-timbre-ordinaire-us-275-feuille-entiere\/","og_locale":"fr_FR","og_type":"article","og_title":"Mahatma Gandhi \u2013 NY Timbre Ordinaire \u2013 US$ 2,75 &#8211; Feuille enti\u00e8re - UN Timbres","og_description":"L\u2019ann\u00e9e 2019 marque le 150e anniversaire du Mahatma Gandhi (1869-1948). En transcendant les limites impos\u00e9es par l\u2019appartenance \u00e0 une race, une religion et un \u00c9tat-nation, le Mahatma Gandhi est devenu la voix proph\u00e9tique du XXIe si\u00e8cle. Personnalit\u00e9 aux multiples facettes, Gandhi \u00e9tait \u00e0 la fois nationaliste et internationaliste, traditionaliste et r\u00e9formiste, dirigeant politique et guide [&hellip;]","og_url":"https:\/\/unstamps.org\/fr\/produit\/mahatma-gandhi-ny-timbre-ordinaire-us-275-feuille-entiere\/","og_site_name":"UN Timbres","article_modified_time":"2026-01-09T15:26:23+00:00","og_image":[{"width":1024,"height":1024,"url":"https:\/\/unstamps.org\/wp-content\/uploads\/2019\/10\/M.Gandhi19_NY-2.75-full-sheet.jpg","type":"image\/jpeg"}],"twitter_card":"summary_large_image","twitter_misc":{"Dur\u00e9e de lecture estim\u00e9e":"2 minutes"},"schema":{"@context":"https:\/\/schema.org","@graph":[{"@type":"WebPage","@id":"https:\/\/unstamps.org\/fr\/produit\/mahatma-gandhi-ny-timbre-ordinaire-us-275-feuille-entiere\/","url":"https:\/\/unstamps.org\/fr\/produit\/mahatma-gandhi-ny-timbre-ordinaire-us-275-feuille-entiere\/","name":"Mahatma Gandhi \u2013 NY Timbre Ordinaire \u2013 US$ 2,75 &#8211; Feuille enti\u00e8re - UN Timbres","isPartOf":{"@id":"https:\/\/unstamps.org\/fr\/#website"},"primaryImageOfPage":{"@id":"https:\/\/unstamps.org\/fr\/produit\/mahatma-gandhi-ny-timbre-ordinaire-us-275-feuille-entiere\/#primaryimage"},"image":{"@id":"https:\/\/unstamps.org\/fr\/produit\/mahatma-gandhi-ny-timbre-ordinaire-us-275-feuille-entiere\/#primaryimage"},"thumbnailUrl":"https:\/\/unstamps.org\/wp-content\/uploads\/2019\/10\/M.Gandhi19_NY-2.75-full-sheet.jpg","datePublished":"2019-10-02T10:49:05+00:00","dateModified":"2026-01-09T15:26:23+00:00","breadcrumb":{"@id":"https:\/\/unstamps.org\/fr\/produit\/mahatma-gandhi-ny-timbre-ordinaire-us-275-feuille-entiere\/#breadcrumb"},"inLanguage":"fr-FR","potentialAction":[{"@type":"ReadAction","target":["https:\/\/unstamps.org\/fr\/produit\/mahatma-gandhi-ny-timbre-ordinaire-us-275-feuille-entiere\/"]}]},{"@type":"ImageObject","inLanguage":"fr-FR","@id":"https:\/\/unstamps.org\/fr\/produit\/mahatma-gandhi-ny-timbre-ordinaire-us-275-feuille-entiere\/#primaryimage","url":"https:\/\/unstamps.org\/wp-content\/uploads\/2019\/10\/M.Gandhi19_NY-2.75-full-sheet.jpg","contentUrl":"https:\/\/unstamps.org\/wp-content\/uploads\/2019\/10\/M.Gandhi19_NY-2.75-full-sheet.jpg","width":1024,"height":1024},{"@type":"BreadcrumbList","@id":"https:\/\/unstamps.org\/fr\/produit\/mahatma-gandhi-ny-timbre-ordinaire-us-275-feuille-entiere\/#breadcrumb","itemListElement":[{"@type":"ListItem","position":1,"name":"Home","item":"https:\/\/unstamps.org\/fr\/"},{"@type":"ListItem","position":2,"name":"Les produits","item":"https:\/\/unstamps.org\/fr\/les-produits\/"},{"@type":"ListItem","position":3,"name":"Mahatma Gandhi \u2013 NY Timbre Ordinaire \u2013 US$ 2,75 &#8211; Feuille enti\u00e8re"}]},{"@type":"WebSite","@id":"https:\/\/unstamps.org\/fr\/#website","url":"https:\/\/unstamps.org\/fr\/","name":"UN Stamps","description":"United Nations Stamps","publisher":{"@id":"https:\/\/unstamps.org\/fr\/#organization"},"potentialAction":[{"@type":"SearchAction","target":{"@type":"EntryPoint","urlTemplate":"https:\/\/unstamps.org\/fr\/?s={search_term_string}"},"query-input":{"@type":"PropertyValueSpecification","valueRequired":true,"valueName":"search_term_string"}}],"inLanguage":"fr-FR"},{"@type":"Organization","@id":"https:\/\/unstamps.org\/fr\/#organization","name":"UN Stamps","url":"https:\/\/unstamps.org\/fr\/","logo":{"@type":"ImageObject","inLanguage":"fr-FR","@id":"https:\/\/unstamps.org\/fr\/#\/schema\/logo\/image\/","url":"https:\/\/unstamps.org\/wp-content\/uploads\/2014\/01\/logo4web.jpg","contentUrl":"https:\/\/unstamps.org\/wp-content\/uploads\/2014\/01\/logo4web.jpg","width":2500,"height":250,"caption":"UN Stamps"},"image":{"@id":"https:\/\/unstamps.org\/fr\/#\/schema\/logo\/image\/"}}]}},"jetpack_sharing_enabled":true,"publishpress_future_action":{"enabled":false,"date":"2026-04-12 17:33:07","action":"change-status","newStatus":"private","terms":[],"taxonomy":"product_cat","extraData":[]},"publishpress_future_workflow_manual_trigger":{"enabledWorkflows":[]},"_links":{"self":[{"href":"https:\/\/unstamps.org\/fr\/wp-json\/wp\/v2\/product\/83219","targetHints":{"allow":["GET"]}}],"collection":[{"href":"https:\/\/unstamps.org\/fr\/wp-json\/wp\/v2\/product"}],"about":[{"href":"https:\/\/unstamps.org\/fr\/wp-json\/wp\/v2\/types\/product"}],"replies":[{"embeddable":true,"href":"https:\/\/unstamps.org\/fr\/wp-json\/wp\/v2\/comments?post=83219"}],"wp:featuredmedia":[{"embeddable":true,"href":"https:\/\/unstamps.org\/fr\/wp-json\/wp\/v2\/media\/83676"}],"wp:attachment":[{"href":"https:\/\/unstamps.org\/fr\/wp-json\/wp\/v2\/media?parent=83219"}],"wp:term":[{"taxonomy":"product_brand","embeddable":true,"href":"https:\/\/unstamps.org\/fr\/wp-json\/wp\/v2\/product_brand?post=83219"},{"taxonomy":"product_cat","embeddable":true,"href":"https:\/\/unstamps.org\/fr\/wp-json\/wp\/v2\/product_cat?post=83219"},{"taxonomy":"product_tag","embeddable":true,"href":"https:\/\/unstamps.org\/fr\/wp-json\/wp\/v2\/product_tag?post=83219"}],"curies":[{"name":"wp","href":"https:\/\/api.w.org\/{rel}","templated":true}]}}