{"id":79656,"date":"2019-08-19T11:09:38","date_gmt":"2019-08-19T15:10:20","guid":{"rendered":"https:\/\/unstamps.org\/?post_type=product&#038;p=79656"},"modified":"2026-01-09T10:54:16","modified_gmt":"2026-01-09T15:54:16","slug":"e-0-90-enveloppe-pre-affranchie-2019","status":"publish","type":"product","link":"https:\/\/unstamps.org\/fr\/produit\/e-0-90-enveloppe-pre-affranchie-2019\/","title":{"rendered":"\u20ac 0,90 Enveloppe pr\u00e9-affranchie (2019)"},"content":{"rendered":"<p>Le samedi 24 ao\u00fbt 2019, pour la toute premi\u00e8re fois, l\u2019Administration postale des Nations Unies \u00e0 Vienne proposera une enveloppe pr\u00e9affranchie au tarif de 0,90 euro, \u00e9mise conjointement avec la Poste autrichienne. Cette enveloppe au format A6, illustr\u00e9e par Kurt Regschek, a \u00e9t\u00e9 imprim\u00e9e en 10 000 exemplaires.<\/p>\n<p>Les clients abonn\u00e9s aux entiers postaux de Vienne (art. 21) recevront cet article (code 4797) automatiquement.<\/p>\n","protected":false},"excerpt":{"rendered":"<p>Le samedi 24 ao\u00fbt 2019, pour la toute premi\u00e8re fois, l\u2019Administration postale des Nations Unies \u00e0 Vienne proposera une enveloppe pr\u00e9affranchie au tarif de 0,90 euro, \u00e9mise conjointement avec la Poste autrichienne. Cette enveloppe au format A6, illustr\u00e9e par Kurt Regschek, a \u00e9t\u00e9 imprim\u00e9e en 10 000 exemplaires. Les clients abonn\u00e9s aux entiers postaux de [&hellip;]<\/p>\n","protected":false},"featured_media":77251,"comment_status":"closed","ping_status":"closed","template":"","meta":{"ngg_post_thumbnail":0},"product_brand":[],"product_cat":[1122,176,156],"product_tag":[],"class_list":{"0":"post-79656","1":"product","2":"type-product","3":"status-publish","4":"has-post-thumbnail","6":"product_cat-2019-year-fr","7":"product_cat-postage-stationary-fr","8":"product_cat-vienne","9":"pa_condition-cancelled-fr","10":"pa_condition-mint-fr","12":"first","13":"instock","14":"shipping-taxable","15":"purchasable","16":"product-type-variable"},"yoast_head":"<!-- This site is optimized with the Yoast SEO plugin v27.4 - https:\/\/yoast.com\/product\/yoast-seo-wordpress\/ -->\n<title>\u20ac 0,90 Enveloppe pr\u00e9-affranchie (2019) - UN Timbres<\/title>\n<meta name=\"robots\" content=\"index, follow, max-snippet:-1, max-image-preview:large, max-video-preview:-1\" \/>\n<link rel=\"canonical\" href=\"https:\/\/unstamps.org\/fr\/produit\/e-0-90-enveloppe-pre-affranchie-2019\/\" \/>\n<meta property=\"og:locale\" content=\"fr_FR\" \/>\n<meta property=\"og:type\" content=\"article\" \/>\n<meta property=\"og:title\" content=\"\u20ac 0,90 Enveloppe pr\u00e9-affranchie (2019) - UN Timbres\" \/>\n<meta property=\"og:description\" content=\"Le samedi 24 ao\u00fbt 2019, pour la toute premi\u00e8re fois, l\u2019Administration postale des Nations Unies \u00e0 Vienne proposera une enveloppe pr\u00e9affranchie au tarif de 0,90 euro, \u00e9mise conjointement avec la Poste autrichienne. Cette enveloppe au format A6, illustr\u00e9e par Kurt Regschek, a \u00e9t\u00e9 imprim\u00e9e en 10 000 exemplaires. Les clients abonn\u00e9s aux entiers postaux de [&hellip;]\" \/>\n<meta property=\"og:url\" content=\"https:\/\/unstamps.org\/fr\/produit\/e-0-90-enveloppe-pre-affranchie-2019\/\" \/>\n<meta property=\"og:site_name\" content=\"UN Timbres\" \/>\n<meta property=\"article:modified_time\" content=\"2026-01-09T15:54:16+00:00\" \/>\n<meta property=\"og:image\" content=\"https:\/\/unstamps.org\/wp-content\/uploads\/2019\/07\/VI_Pre-stamped-Env19_m.jpg\" \/>\n\t<meta property=\"og:image:width\" content=\"1024\" \/>\n\t<meta property=\"og:image:height\" content=\"1024\" \/>\n\t<meta property=\"og:image:type\" content=\"image\/jpeg\" \/>\n<meta name=\"twitter:card\" content=\"summary_large_image\" \/>\n<script type=\"application\/ld+json\" class=\"yoast-schema-graph\">{\"@context\":\"https:\\\/\\\/schema.org\",\"@graph\":[{\"@type\":\"WebPage\",\"@id\":\"https:\\\/\\\/unstamps.org\\\/fr\\\/produit\\\/e-0-90-enveloppe-pre-affranchie-2019\\\/\",\"url\":\"https:\\\/\\\/unstamps.org\\\/fr\\\/produit\\\/e-0-90-enveloppe-pre-affranchie-2019\\\/\",\"name\":\"\u20ac 0,90 Enveloppe pr\u00e9-affranchie (2019) - UN Timbres\",\"isPartOf\":{\"@id\":\"https:\\\/\\\/unstamps.org\\\/fr\\\/#website\"},\"primaryImageOfPage\":{\"@id\":\"https:\\\/\\\/unstamps.org\\\/fr\\\/produit\\\/e-0-90-enveloppe-pre-affranchie-2019\\\/#primaryimage\"},\"image\":{\"@id\":\"https:\\\/\\\/unstamps.org\\\/fr\\\/produit\\\/e-0-90-enveloppe-pre-affranchie-2019\\\/#primaryimage\"},\"thumbnailUrl\":\"https:\\\/\\\/unstamps.org\\\/wp-content\\\/uploads\\\/2019\\\/07\\\/VI_Pre-stamped-Env19_m.jpg\",\"datePublished\":\"2019-08-19T15:10:20+00:00\",\"dateModified\":\"2026-01-09T15:54:16+00:00\",\"breadcrumb\":{\"@id\":\"https:\\\/\\\/unstamps.org\\\/fr\\\/produit\\\/e-0-90-enveloppe-pre-affranchie-2019\\\/#breadcrumb\"},\"inLanguage\":\"fr-FR\",\"potentialAction\":[{\"@type\":\"ReadAction\",\"target\":[\"https:\\\/\\\/unstamps.org\\\/fr\\\/produit\\\/e-0-90-enveloppe-pre-affranchie-2019\\\/\"]}]},{\"@type\":\"ImageObject\",\"inLanguage\":\"fr-FR\",\"@id\":\"https:\\\/\\\/unstamps.org\\\/fr\\\/produit\\\/e-0-90-enveloppe-pre-affranchie-2019\\\/#primaryimage\",\"url\":\"https:\\\/\\\/unstamps.org\\\/wp-content\\\/uploads\\\/2019\\\/07\\\/VI_Pre-stamped-Env19_m.jpg\",\"contentUrl\":\"https:\\\/\\\/unstamps.org\\\/wp-content\\\/uploads\\\/2019\\\/07\\\/VI_Pre-stamped-Env19_m.jpg\",\"width\":1024,\"height\":1024},{\"@type\":\"BreadcrumbList\",\"@id\":\"https:\\\/\\\/unstamps.org\\\/fr\\\/produit\\\/e-0-90-enveloppe-pre-affranchie-2019\\\/#breadcrumb\",\"itemListElement\":[{\"@type\":\"ListItem\",\"position\":1,\"name\":\"Home\",\"item\":\"https:\\\/\\\/unstamps.org\\\/fr\\\/\"},{\"@type\":\"ListItem\",\"position\":2,\"name\":\"Les produits\",\"item\":\"https:\\\/\\\/unstamps.org\\\/fr\\\/les-produits\\\/\"},{\"@type\":\"ListItem\",\"position\":3,\"name\":\"\u20ac 0,90 Enveloppe pr\u00e9-affranchie (2019)\"}]},{\"@type\":\"WebSite\",\"@id\":\"https:\\\/\\\/unstamps.org\\\/fr\\\/#website\",\"url\":\"https:\\\/\\\/unstamps.org\\\/fr\\\/\",\"name\":\"UN Stamps\",\"description\":\"United Nations Stamps\",\"publisher\":{\"@id\":\"https:\\\/\\\/unstamps.org\\\/fr\\\/#organization\"},\"potentialAction\":[{\"@type\":\"SearchAction\",\"target\":{\"@type\":\"EntryPoint\",\"urlTemplate\":\"https:\\\/\\\/unstamps.org\\\/fr\\\/?s={search_term_string}\"},\"query-input\":{\"@type\":\"PropertyValueSpecification\",\"valueRequired\":true,\"valueName\":\"search_term_string\"}}],\"inLanguage\":\"fr-FR\"},{\"@type\":\"Organization\",\"@id\":\"https:\\\/\\\/unstamps.org\\\/fr\\\/#organization\",\"name\":\"UN Stamps\",\"url\":\"https:\\\/\\\/unstamps.org\\\/fr\\\/\",\"logo\":{\"@type\":\"ImageObject\",\"inLanguage\":\"fr-FR\",\"@id\":\"https:\\\/\\\/unstamps.org\\\/fr\\\/#\\\/schema\\\/logo\\\/image\\\/\",\"url\":\"https:\\\/\\\/unstamps.org\\\/wp-content\\\/uploads\\\/2014\\\/01\\\/logo4web.jpg\",\"contentUrl\":\"https:\\\/\\\/unstamps.org\\\/wp-content\\\/uploads\\\/2014\\\/01\\\/logo4web.jpg\",\"width\":2500,\"height\":250,\"caption\":\"UN Stamps\"},\"image\":{\"@id\":\"https:\\\/\\\/unstamps.org\\\/fr\\\/#\\\/schema\\\/logo\\\/image\\\/\"}}]}<\/script>\n<!-- \/ Yoast SEO plugin. -->","yoast_head_json":{"title":"\u20ac 0,90 Enveloppe pr\u00e9-affranchie (2019) - UN Timbres","robots":{"index":"index","follow":"follow","max-snippet":"max-snippet:-1","max-image-preview":"max-image-preview:large","max-video-preview":"max-video-preview:-1"},"canonical":"https:\/\/unstamps.org\/fr\/produit\/e-0-90-enveloppe-pre-affranchie-2019\/","og_locale":"fr_FR","og_type":"article","og_title":"\u20ac 0,90 Enveloppe pr\u00e9-affranchie (2019) - UN Timbres","og_description":"Le samedi 24 ao\u00fbt 2019, pour la toute premi\u00e8re fois, l\u2019Administration postale des Nations Unies \u00e0 Vienne proposera une enveloppe pr\u00e9affranchie au tarif de 0,90 euro, \u00e9mise conjointement avec la Poste autrichienne. Cette enveloppe au format A6, illustr\u00e9e par Kurt Regschek, a \u00e9t\u00e9 imprim\u00e9e en 10 000 exemplaires. Les clients abonn\u00e9s aux entiers postaux de [&hellip;]","og_url":"https:\/\/unstamps.org\/fr\/produit\/e-0-90-enveloppe-pre-affranchie-2019\/","og_site_name":"UN Timbres","article_modified_time":"2026-01-09T15:54:16+00:00","og_image":[{"width":1024,"height":1024,"url":"https:\/\/unstamps.org\/wp-content\/uploads\/2019\/07\/VI_Pre-stamped-Env19_m.jpg","type":"image\/jpeg"}],"twitter_card":"summary_large_image","schema":{"@context":"https:\/\/schema.org","@graph":[{"@type":"WebPage","@id":"https:\/\/unstamps.org\/fr\/produit\/e-0-90-enveloppe-pre-affranchie-2019\/","url":"https:\/\/unstamps.org\/fr\/produit\/e-0-90-enveloppe-pre-affranchie-2019\/","name":"\u20ac 0,90 Enveloppe pr\u00e9-affranchie (2019) - UN Timbres","isPartOf":{"@id":"https:\/\/unstamps.org\/fr\/#website"},"primaryImageOfPage":{"@id":"https:\/\/unstamps.org\/fr\/produit\/e-0-90-enveloppe-pre-affranchie-2019\/#primaryimage"},"image":{"@id":"https:\/\/unstamps.org\/fr\/produit\/e-0-90-enveloppe-pre-affranchie-2019\/#primaryimage"},"thumbnailUrl":"https:\/\/unstamps.org\/wp-content\/uploads\/2019\/07\/VI_Pre-stamped-Env19_m.jpg","datePublished":"2019-08-19T15:10:20+00:00","dateModified":"2026-01-09T15:54:16+00:00","breadcrumb":{"@id":"https:\/\/unstamps.org\/fr\/produit\/e-0-90-enveloppe-pre-affranchie-2019\/#breadcrumb"},"inLanguage":"fr-FR","potentialAction":[{"@type":"ReadAction","target":["https:\/\/unstamps.org\/fr\/produit\/e-0-90-enveloppe-pre-affranchie-2019\/"]}]},{"@type":"ImageObject","inLanguage":"fr-FR","@id":"https:\/\/unstamps.org\/fr\/produit\/e-0-90-enveloppe-pre-affranchie-2019\/#primaryimage","url":"https:\/\/unstamps.org\/wp-content\/uploads\/2019\/07\/VI_Pre-stamped-Env19_m.jpg","contentUrl":"https:\/\/unstamps.org\/wp-content\/uploads\/2019\/07\/VI_Pre-stamped-Env19_m.jpg","width":1024,"height":1024},{"@type":"BreadcrumbList","@id":"https:\/\/unstamps.org\/fr\/produit\/e-0-90-enveloppe-pre-affranchie-2019\/#breadcrumb","itemListElement":[{"@type":"ListItem","position":1,"name":"Home","item":"https:\/\/unstamps.org\/fr\/"},{"@type":"ListItem","position":2,"name":"Les produits","item":"https:\/\/unstamps.org\/fr\/les-produits\/"},{"@type":"ListItem","position":3,"name":"\u20ac 0,90 Enveloppe pr\u00e9-affranchie (2019)"}]},{"@type":"WebSite","@id":"https:\/\/unstamps.org\/fr\/#website","url":"https:\/\/unstamps.org\/fr\/","name":"UN Stamps","description":"United Nations Stamps","publisher":{"@id":"https:\/\/unstamps.org\/fr\/#organization"},"potentialAction":[{"@type":"SearchAction","target":{"@type":"EntryPoint","urlTemplate":"https:\/\/unstamps.org\/fr\/?s={search_term_string}"},"query-input":{"@type":"PropertyValueSpecification","valueRequired":true,"valueName":"search_term_string"}}],"inLanguage":"fr-FR"},{"@type":"Organization","@id":"https:\/\/unstamps.org\/fr\/#organization","name":"UN Stamps","url":"https:\/\/unstamps.org\/fr\/","logo":{"@type":"ImageObject","inLanguage":"fr-FR","@id":"https:\/\/unstamps.org\/fr\/#\/schema\/logo\/image\/","url":"https:\/\/unstamps.org\/wp-content\/uploads\/2014\/01\/logo4web.jpg","contentUrl":"https:\/\/unstamps.org\/wp-content\/uploads\/2014\/01\/logo4web.jpg","width":2500,"height":250,"caption":"UN Stamps"},"image":{"@id":"https:\/\/unstamps.org\/fr\/#\/schema\/logo\/image\/"}}]}},"jetpack_sharing_enabled":true,"publishpress_future_action":{"enabled":false,"date":"2026-05-02 06:40:12","action":"change-status","newStatus":"private","terms":[],"taxonomy":"product_cat","extraData":[]},"publishpress_future_workflow_manual_trigger":{"enabledWorkflows":[]},"_links":{"self":[{"href":"https:\/\/unstamps.org\/fr\/wp-json\/wp\/v2\/product\/79656","targetHints":{"allow":["GET"]}}],"collection":[{"href":"https:\/\/unstamps.org\/fr\/wp-json\/wp\/v2\/product"}],"about":[{"href":"https:\/\/unstamps.org\/fr\/wp-json\/wp\/v2\/types\/product"}],"replies":[{"embeddable":true,"href":"https:\/\/unstamps.org\/fr\/wp-json\/wp\/v2\/comments?post=79656"}],"wp:featuredmedia":[{"embeddable":true,"href":"https:\/\/unstamps.org\/fr\/wp-json\/wp\/v2\/media\/77251"}],"wp:attachment":[{"href":"https:\/\/unstamps.org\/fr\/wp-json\/wp\/v2\/media?parent=79656"}],"wp:term":[{"taxonomy":"product_brand","embeddable":true,"href":"https:\/\/unstamps.org\/fr\/wp-json\/wp\/v2\/product_brand?post=79656"},{"taxonomy":"product_cat","embeddable":true,"href":"https:\/\/unstamps.org\/fr\/wp-json\/wp\/v2\/product_cat?post=79656"},{"taxonomy":"product_tag","embeddable":true,"href":"https:\/\/unstamps.org\/fr\/wp-json\/wp\/v2\/product_tag?post=79656"}],"curies":[{"name":"wp","href":"https:\/\/api.w.org\/{rel}","templated":true}]}}