{"id":67156,"date":"2019-05-24T09:49:56","date_gmt":"2019-05-24T13:49:56","guid":{"rendered":"https:\/\/unstamps.org\/?post_type=product&#038;p=67156"},"modified":"2026-01-09T10:26:23","modified_gmt":"2026-01-09T15:26:23","slug":"kofi-annan-ny-timbre-ordinaire-us-130-feuille-entiere","status":"publish","type":"product","link":"https:\/\/unstamps.org\/fr\/produit\/kofi-annan-ny-timbre-ordinaire-us-130-feuille-entiere\/","title":{"rendered":"Kofi Annan \u2013 NY Timbre Ordinaire \u2013 US$ 1,30 \u2013 Feuille enti\u00e8re"},"content":{"rendered":"<p>L\u2019APNU \u00e9mettra un timbre ordinaire, le 31 mai 2019, en hommage \u00e0 l\u2019ancien Secr\u00e9taire g\u00e9n\u00e9ral de l\u2019ONU, Kofi Annan.<\/p>\n<p>D\u2019une valeur faciale de 1,30 dollar et illustr\u00e9 par Martin M\u00f6rck, c\u00e9l\u00e8bre artiste et graveur norv\u00e9gien, le timbre repr\u00e9sente feu Kofi Annan. Il contient la citation suivante : \u00ab Vivre c\u2019est choisir. Mais pour bien choisir, on doit savoir qui on est, ce que l\u2019on veut d\u00e9fendre, o\u00f9 on veut aller, et pourquoi. \u00bb<\/p>\n<p>Originaire du Ghana, Kofi A. Annan a \u00e9t\u00e9 le septi\u00e8me Secr\u00e9taire g\u00e9n\u00e9ral de l\u2019ONU, de 1997 \u00e0 2006. Il \u00e9tait le premier fonctionnaire issu de l\u2019Organisation \u00e0 occuper cette fonction.<\/p>\n<p>En tant que Secr\u00e9taire g\u00e9n\u00e9ral, M. Annan s\u2019est employ\u00e9 en priorit\u00e9 \u00e0 revitaliser l\u2019ONU \u00e0 l\u2019aide d\u2019un vaste programme de r\u00e9formes ; \u00e0 renforcer les activit\u00e9s traditionnellement exerc\u00e9es par l\u2019Organisation dans les domaines du d\u00e9veloppement et du maintien de la paix et de la s\u00e9curit\u00e9 internationales ; \u00e0 promouvoir les droits humains, l\u2019\u00e9tat de droit et les valeurs universelles d\u2019\u00e9galit\u00e9, de tol\u00e9rance et de dignit\u00e9 humaine ; et \u00e0 r\u00e9tablir la confiance du public dans l\u2019Organisation en collaborant avec de nouveaux partenaires et, comme il aimait \u00e0 le dire, \u00ab en rapprochant l\u2019ONU des peuples \u00bb. Il a \u00e9galement jou\u00e9 un r\u00f4le moteur dans la mobilisation de la communaut\u00e9 internationale contre le VIH\/sida et contre la menace terroriste mondiale.<\/p>\n<p>Conjointement avec l\u2019ONU, M. Annan a re\u00e7u le prix Nobel de la paix en 2001. Il s\u2019est \u00e9galement vu d\u00e9cerner un grand nombre de grades honorifiques et autres r\u00e9compenses, m\u00e9dailles et distinctions nationales et internationales.<\/p>\n<p>Apr\u00e8s son d\u00e9part de l\u2019ONU, M. Annan a cr\u00e9\u00e9, en 2007, la Fondation Kofi Annan, organisation ind\u00e9pendante \u00e0 but non lucratif qui vise \u00e0 promouvoir une meilleure gouvernance mondiale et \u00e0 donner aux populations et aux pays des moyens renforc\u00e9s pour \u00e9difier un monde plus juste et plus pacifique.<\/p>\n<p>Kofi Annan est d\u00e9c\u00e9d\u00e9 le 18 ao\u00fbt 2018 \u00e0 Berne (Suisse), \u00e0 l\u2019\u00e2ge de 80 ans.<\/p>\n<p><strong>Date d\u2019\u00e9mission:<\/strong> 31 mai 2019<br \/>\n<strong>Artiste:<\/strong>Martin M\u00f6rck (Norv\u00e8ge)<br \/>\n<strong>Dessin:<\/strong>Rorie Katz (Nations Unies)<br \/>\n<strong>Valeur:<\/strong> US$ 1,30<br \/>\n<strong>Format de timbres:<\/strong> 50mm x 35mm<br \/>\n<strong>Timbres par feuille:\u00a0<\/strong>20<br \/>\n<strong>Imprimeur:<\/strong> Joh Ensched\u00e9 Stamps BV (Pays-Bas)<br \/>\n<strong>Reproduction:<\/strong> Lithografie offset avec Duotone<br \/>\n<strong>Dentelure:<\/strong> 14 x 14 \u00bc<br \/>\n<strong>Tirage des timbres:\u00a0<\/strong>10.500 feuilles (210.000 timbres)<\/p>\n","protected":false},"excerpt":{"rendered":"<p>L\u2019APNU \u00e9mettra un timbre ordinaire, le 31 mai 2019, en hommage \u00e0 l\u2019ancien Secr\u00e9taire g\u00e9n\u00e9ral de l\u2019ONU, Kofi Annan. D\u2019une valeur faciale de 1,30 dollar et illustr\u00e9 par Martin M\u00f6rck, c\u00e9l\u00e8bre artiste et graveur norv\u00e9gien, le timbre repr\u00e9sente feu Kofi Annan. Il contient la citation suivante : \u00ab Vivre c\u2019est choisir. Mais pour bien choisir, [&hellip;]<\/p>\n","protected":false},"featured_media":67108,"comment_status":"closed","ping_status":"closed","template":"","meta":{"ngg_post_thumbnail":0},"product_brand":[],"product_cat":[1122,140,153],"product_tag":[],"class_list":{"0":"post-67156","1":"product","2":"type-product","3":"status-publish","4":"has-post-thumbnail","6":"product_cat-2019-year-fr","7":"product_cat-new-york-issuing-office-fr","8":"product_cat-timbres-ordinaires","9":"pa_condition-cancelled-fr","10":"pa_condition-mint-fr","12":"first","13":"instock","14":"shipping-taxable","15":"purchasable","16":"product-type-variable"},"yoast_head":"<!-- This site is optimized with the Yoast SEO plugin v27.3 - https:\/\/yoast.com\/product\/yoast-seo-wordpress\/ -->\n<title>Kofi Annan \u2013 NY Timbre Ordinaire \u2013 US$ 1,30 \u2013 Feuille enti\u00e8re - UN Timbres<\/title>\n<meta name=\"robots\" content=\"index, follow, max-snippet:-1, max-image-preview:large, max-video-preview:-1\" \/>\n<link rel=\"canonical\" href=\"https:\/\/unstamps.org\/fr\/produit\/kofi-annan-ny-timbre-ordinaire-us-130-feuille-entiere\/\" \/>\n<meta property=\"og:locale\" content=\"fr_FR\" \/>\n<meta property=\"og:type\" content=\"article\" \/>\n<meta property=\"og:title\" content=\"Kofi Annan \u2013 NY Timbre Ordinaire \u2013 US$ 1,30 \u2013 Feuille enti\u00e8re - UN Timbres\" \/>\n<meta property=\"og:description\" content=\"L\u2019APNU \u00e9mettra un timbre ordinaire, le 31 mai 2019, en hommage \u00e0 l\u2019ancien Secr\u00e9taire g\u00e9n\u00e9ral de l\u2019ONU, Kofi Annan. D\u2019une valeur faciale de 1,30 dollar et illustr\u00e9 par Martin M\u00f6rck, c\u00e9l\u00e8bre artiste et graveur norv\u00e9gien, le timbre repr\u00e9sente feu Kofi Annan. Il contient la citation suivante : \u00ab Vivre c\u2019est choisir. Mais pour bien choisir, [&hellip;]\" \/>\n<meta property=\"og:url\" content=\"https:\/\/unstamps.org\/fr\/produit\/kofi-annan-ny-timbre-ordinaire-us-130-feuille-entiere\/\" \/>\n<meta property=\"og:site_name\" content=\"UN Timbres\" \/>\n<meta property=\"article:modified_time\" content=\"2026-01-09T15:26:23+00:00\" \/>\n<meta property=\"og:image\" content=\"https:\/\/unstamps.org\/wp-content\/uploads\/2019\/05\/K.Annan19_NY-1.30-full-sheet.jpg\" \/>\n\t<meta property=\"og:image:width\" content=\"1024\" \/>\n\t<meta property=\"og:image:height\" content=\"1024\" \/>\n\t<meta property=\"og:image:type\" content=\"image\/jpeg\" \/>\n<meta name=\"twitter:card\" content=\"summary_large_image\" \/>\n<meta name=\"twitter:label1\" content=\"Dur\u00e9e de lecture estim\u00e9e\" \/>\n\t<meta name=\"twitter:data1\" content=\"2 minutes\" \/>\n<script type=\"application\/ld+json\" class=\"yoast-schema-graph\">{\"@context\":\"https:\\\/\\\/schema.org\",\"@graph\":[{\"@type\":\"WebPage\",\"@id\":\"https:\\\/\\\/unstamps.org\\\/fr\\\/produit\\\/kofi-annan-ny-timbre-ordinaire-us-130-feuille-entiere\\\/\",\"url\":\"https:\\\/\\\/unstamps.org\\\/fr\\\/produit\\\/kofi-annan-ny-timbre-ordinaire-us-130-feuille-entiere\\\/\",\"name\":\"Kofi Annan \u2013 NY Timbre Ordinaire \u2013 US$ 1,30 \u2013 Feuille enti\u00e8re - UN Timbres\",\"isPartOf\":{\"@id\":\"https:\\\/\\\/unstamps.org\\\/fr\\\/#website\"},\"primaryImageOfPage\":{\"@id\":\"https:\\\/\\\/unstamps.org\\\/fr\\\/produit\\\/kofi-annan-ny-timbre-ordinaire-us-130-feuille-entiere\\\/#primaryimage\"},\"image\":{\"@id\":\"https:\\\/\\\/unstamps.org\\\/fr\\\/produit\\\/kofi-annan-ny-timbre-ordinaire-us-130-feuille-entiere\\\/#primaryimage\"},\"thumbnailUrl\":\"https:\\\/\\\/unstamps.org\\\/wp-content\\\/uploads\\\/2019\\\/05\\\/K.Annan19_NY-1.30-full-sheet.jpg\",\"datePublished\":\"2019-05-24T13:49:56+00:00\",\"dateModified\":\"2026-01-09T15:26:23+00:00\",\"breadcrumb\":{\"@id\":\"https:\\\/\\\/unstamps.org\\\/fr\\\/produit\\\/kofi-annan-ny-timbre-ordinaire-us-130-feuille-entiere\\\/#breadcrumb\"},\"inLanguage\":\"fr-FR\",\"potentialAction\":[{\"@type\":\"ReadAction\",\"target\":[\"https:\\\/\\\/unstamps.org\\\/fr\\\/produit\\\/kofi-annan-ny-timbre-ordinaire-us-130-feuille-entiere\\\/\"]}]},{\"@type\":\"ImageObject\",\"inLanguage\":\"fr-FR\",\"@id\":\"https:\\\/\\\/unstamps.org\\\/fr\\\/produit\\\/kofi-annan-ny-timbre-ordinaire-us-130-feuille-entiere\\\/#primaryimage\",\"url\":\"https:\\\/\\\/unstamps.org\\\/wp-content\\\/uploads\\\/2019\\\/05\\\/K.Annan19_NY-1.30-full-sheet.jpg\",\"contentUrl\":\"https:\\\/\\\/unstamps.org\\\/wp-content\\\/uploads\\\/2019\\\/05\\\/K.Annan19_NY-1.30-full-sheet.jpg\",\"width\":1024,\"height\":1024},{\"@type\":\"BreadcrumbList\",\"@id\":\"https:\\\/\\\/unstamps.org\\\/fr\\\/produit\\\/kofi-annan-ny-timbre-ordinaire-us-130-feuille-entiere\\\/#breadcrumb\",\"itemListElement\":[{\"@type\":\"ListItem\",\"position\":1,\"name\":\"Home\",\"item\":\"https:\\\/\\\/unstamps.org\\\/fr\\\/\"},{\"@type\":\"ListItem\",\"position\":2,\"name\":\"Les produits\",\"item\":\"https:\\\/\\\/unstamps.org\\\/fr\\\/les-produits\\\/\"},{\"@type\":\"ListItem\",\"position\":3,\"name\":\"Kofi Annan \u2013 NY Timbre Ordinaire \u2013 US$ 1,30 \u2013 Feuille enti\u00e8re\"}]},{\"@type\":\"WebSite\",\"@id\":\"https:\\\/\\\/unstamps.org\\\/fr\\\/#website\",\"url\":\"https:\\\/\\\/unstamps.org\\\/fr\\\/\",\"name\":\"UN Stamps\",\"description\":\"United Nations Stamps\",\"publisher\":{\"@id\":\"https:\\\/\\\/unstamps.org\\\/fr\\\/#organization\"},\"potentialAction\":[{\"@type\":\"SearchAction\",\"target\":{\"@type\":\"EntryPoint\",\"urlTemplate\":\"https:\\\/\\\/unstamps.org\\\/fr\\\/?s={search_term_string}\"},\"query-input\":{\"@type\":\"PropertyValueSpecification\",\"valueRequired\":true,\"valueName\":\"search_term_string\"}}],\"inLanguage\":\"fr-FR\"},{\"@type\":\"Organization\",\"@id\":\"https:\\\/\\\/unstamps.org\\\/fr\\\/#organization\",\"name\":\"UN Stamps\",\"url\":\"https:\\\/\\\/unstamps.org\\\/fr\\\/\",\"logo\":{\"@type\":\"ImageObject\",\"inLanguage\":\"fr-FR\",\"@id\":\"https:\\\/\\\/unstamps.org\\\/fr\\\/#\\\/schema\\\/logo\\\/image\\\/\",\"url\":\"https:\\\/\\\/unstamps.org\\\/wp-content\\\/uploads\\\/2014\\\/01\\\/logo4web.jpg\",\"contentUrl\":\"https:\\\/\\\/unstamps.org\\\/wp-content\\\/uploads\\\/2014\\\/01\\\/logo4web.jpg\",\"width\":2500,\"height\":250,\"caption\":\"UN Stamps\"},\"image\":{\"@id\":\"https:\\\/\\\/unstamps.org\\\/fr\\\/#\\\/schema\\\/logo\\\/image\\\/\"}}]}<\/script>\n<!-- \/ Yoast SEO plugin. -->","yoast_head_json":{"title":"Kofi Annan \u2013 NY Timbre Ordinaire \u2013 US$ 1,30 \u2013 Feuille enti\u00e8re - UN Timbres","robots":{"index":"index","follow":"follow","max-snippet":"max-snippet:-1","max-image-preview":"max-image-preview:large","max-video-preview":"max-video-preview:-1"},"canonical":"https:\/\/unstamps.org\/fr\/produit\/kofi-annan-ny-timbre-ordinaire-us-130-feuille-entiere\/","og_locale":"fr_FR","og_type":"article","og_title":"Kofi Annan \u2013 NY Timbre Ordinaire \u2013 US$ 1,30 \u2013 Feuille enti\u00e8re - UN Timbres","og_description":"L\u2019APNU \u00e9mettra un timbre ordinaire, le 31 mai 2019, en hommage \u00e0 l\u2019ancien Secr\u00e9taire g\u00e9n\u00e9ral de l\u2019ONU, Kofi Annan. D\u2019une valeur faciale de 1,30 dollar et illustr\u00e9 par Martin M\u00f6rck, c\u00e9l\u00e8bre artiste et graveur norv\u00e9gien, le timbre repr\u00e9sente feu Kofi Annan. Il contient la citation suivante : \u00ab Vivre c\u2019est choisir. Mais pour bien choisir, [&hellip;]","og_url":"https:\/\/unstamps.org\/fr\/produit\/kofi-annan-ny-timbre-ordinaire-us-130-feuille-entiere\/","og_site_name":"UN Timbres","article_modified_time":"2026-01-09T15:26:23+00:00","og_image":[{"width":1024,"height":1024,"url":"https:\/\/unstamps.org\/wp-content\/uploads\/2019\/05\/K.Annan19_NY-1.30-full-sheet.jpg","type":"image\/jpeg"}],"twitter_card":"summary_large_image","twitter_misc":{"Dur\u00e9e de lecture estim\u00e9e":"2 minutes"},"schema":{"@context":"https:\/\/schema.org","@graph":[{"@type":"WebPage","@id":"https:\/\/unstamps.org\/fr\/produit\/kofi-annan-ny-timbre-ordinaire-us-130-feuille-entiere\/","url":"https:\/\/unstamps.org\/fr\/produit\/kofi-annan-ny-timbre-ordinaire-us-130-feuille-entiere\/","name":"Kofi Annan \u2013 NY Timbre Ordinaire \u2013 US$ 1,30 \u2013 Feuille enti\u00e8re - UN Timbres","isPartOf":{"@id":"https:\/\/unstamps.org\/fr\/#website"},"primaryImageOfPage":{"@id":"https:\/\/unstamps.org\/fr\/produit\/kofi-annan-ny-timbre-ordinaire-us-130-feuille-entiere\/#primaryimage"},"image":{"@id":"https:\/\/unstamps.org\/fr\/produit\/kofi-annan-ny-timbre-ordinaire-us-130-feuille-entiere\/#primaryimage"},"thumbnailUrl":"https:\/\/unstamps.org\/wp-content\/uploads\/2019\/05\/K.Annan19_NY-1.30-full-sheet.jpg","datePublished":"2019-05-24T13:49:56+00:00","dateModified":"2026-01-09T15:26:23+00:00","breadcrumb":{"@id":"https:\/\/unstamps.org\/fr\/produit\/kofi-annan-ny-timbre-ordinaire-us-130-feuille-entiere\/#breadcrumb"},"inLanguage":"fr-FR","potentialAction":[{"@type":"ReadAction","target":["https:\/\/unstamps.org\/fr\/produit\/kofi-annan-ny-timbre-ordinaire-us-130-feuille-entiere\/"]}]},{"@type":"ImageObject","inLanguage":"fr-FR","@id":"https:\/\/unstamps.org\/fr\/produit\/kofi-annan-ny-timbre-ordinaire-us-130-feuille-entiere\/#primaryimage","url":"https:\/\/unstamps.org\/wp-content\/uploads\/2019\/05\/K.Annan19_NY-1.30-full-sheet.jpg","contentUrl":"https:\/\/unstamps.org\/wp-content\/uploads\/2019\/05\/K.Annan19_NY-1.30-full-sheet.jpg","width":1024,"height":1024},{"@type":"BreadcrumbList","@id":"https:\/\/unstamps.org\/fr\/produit\/kofi-annan-ny-timbre-ordinaire-us-130-feuille-entiere\/#breadcrumb","itemListElement":[{"@type":"ListItem","position":1,"name":"Home","item":"https:\/\/unstamps.org\/fr\/"},{"@type":"ListItem","position":2,"name":"Les produits","item":"https:\/\/unstamps.org\/fr\/les-produits\/"},{"@type":"ListItem","position":3,"name":"Kofi Annan \u2013 NY Timbre Ordinaire \u2013 US$ 1,30 \u2013 Feuille enti\u00e8re"}]},{"@type":"WebSite","@id":"https:\/\/unstamps.org\/fr\/#website","url":"https:\/\/unstamps.org\/fr\/","name":"UN Stamps","description":"United Nations Stamps","publisher":{"@id":"https:\/\/unstamps.org\/fr\/#organization"},"potentialAction":[{"@type":"SearchAction","target":{"@type":"EntryPoint","urlTemplate":"https:\/\/unstamps.org\/fr\/?s={search_term_string}"},"query-input":{"@type":"PropertyValueSpecification","valueRequired":true,"valueName":"search_term_string"}}],"inLanguage":"fr-FR"},{"@type":"Organization","@id":"https:\/\/unstamps.org\/fr\/#organization","name":"UN Stamps","url":"https:\/\/unstamps.org\/fr\/","logo":{"@type":"ImageObject","inLanguage":"fr-FR","@id":"https:\/\/unstamps.org\/fr\/#\/schema\/logo\/image\/","url":"https:\/\/unstamps.org\/wp-content\/uploads\/2014\/01\/logo4web.jpg","contentUrl":"https:\/\/unstamps.org\/wp-content\/uploads\/2014\/01\/logo4web.jpg","width":2500,"height":250,"caption":"UN Stamps"},"image":{"@id":"https:\/\/unstamps.org\/fr\/#\/schema\/logo\/image\/"}}]}},"jetpack_sharing_enabled":true,"publishpress_future_action":{"enabled":false,"date":"2026-04-14 06:56:14","action":"change-status","newStatus":"private","terms":[],"taxonomy":"product_cat","extraData":[]},"publishpress_future_workflow_manual_trigger":{"enabledWorkflows":[]},"_links":{"self":[{"href":"https:\/\/unstamps.org\/fr\/wp-json\/wp\/v2\/product\/67156","targetHints":{"allow":["GET"]}}],"collection":[{"href":"https:\/\/unstamps.org\/fr\/wp-json\/wp\/v2\/product"}],"about":[{"href":"https:\/\/unstamps.org\/fr\/wp-json\/wp\/v2\/types\/product"}],"replies":[{"embeddable":true,"href":"https:\/\/unstamps.org\/fr\/wp-json\/wp\/v2\/comments?post=67156"}],"wp:featuredmedia":[{"embeddable":true,"href":"https:\/\/unstamps.org\/fr\/wp-json\/wp\/v2\/media\/67108"}],"wp:attachment":[{"href":"https:\/\/unstamps.org\/fr\/wp-json\/wp\/v2\/media?parent=67156"}],"wp:term":[{"taxonomy":"product_brand","embeddable":true,"href":"https:\/\/unstamps.org\/fr\/wp-json\/wp\/v2\/product_brand?post=67156"},{"taxonomy":"product_cat","embeddable":true,"href":"https:\/\/unstamps.org\/fr\/wp-json\/wp\/v2\/product_cat?post=67156"},{"taxonomy":"product_tag","embeddable":true,"href":"https:\/\/unstamps.org\/fr\/wp-json\/wp\/v2\/product_tag?post=67156"}],"curies":[{"name":"wp","href":"https:\/\/api.w.org\/{rel}","templated":true}]}}