{"id":65510,"date":"2019-03-11T11:28:04","date_gmt":"2019-03-11T15:28:04","guid":{"rendered":"https:\/\/unstamps.org\/?post_type=product&#038;p=65510"},"modified":"2026-01-09T10:26:22","modified_gmt":"2026-01-09T15:26:22","slug":"vi-timbre-ordinaire-2019-e-180-feuille-entiere","status":"publish","type":"product","link":"https:\/\/unstamps.org\/fr\/produit\/vi-timbre-ordinaire-2019-e-180-feuille-entiere\/","title":{"rendered":"VI Timbre Ordinaire 2019 \u2013 \u20ac 1,80 Feuille enti\u00e8re"},"content":{"rendered":"<p><strong>Migrations<\/strong><\/p>\n<p>Un nombre record de r\u00e9fugi\u00e9s et de migrants franchissent les fronti\u00e8res internationales en vue de fuir les conflits, les pers\u00e9cutions, la pauvret\u00e9 et d\u2019autres situations mettant leur vie en danger, de r\u00e9pondre aux p\u00e9nuries de main-d\u2019\u0153uvre et de comp\u00e9tences et aux changements d\u00e9mographiques et de chercher de meilleures opportunit\u00e9s ailleurs.<br \/>\nLes migrations offrent d\u2019immenses opportunit\u00e9s et avantages pour les migrants, les communaut\u00e9s d\u2019accueil et les communaut\u00e9s d\u2019origine. Cependant, quand elles sont mal r\u00e9glement\u00e9es, elles peuvent cr\u00e9er des probl\u00e8mes importants, notamment l\u2019\u00e9crasement des infrastructures sociales avec l\u2019arriv\u00e9e inattendue d\u2019un grand nombre de personnes et la mort de migrants qui entreprennent des voyages dangereux.<br \/>\nL\u2019Organisation des Nations Unies a mis en \u0153uvre plusieurs initiatives visant \u00e0 faire face \u00e0 ces probl\u00e8mes. En 2016, l\u2019Assembl\u00e9e g\u00e9n\u00e9rale des Nations Unies a d\u00e9cid\u00e9 d\u2019\u00e9laborer un pacte mondial pour des migrations s\u00fbres, ordonn\u00e9es et r\u00e9guli\u00e8res gr\u00e2ce \u00e0 l\u2019adoption de la D\u00e9claration de New York pour les r\u00e9fugi\u00e9s et les migrants. En juillet 2018, les \u00c9tats Membres ont achev\u00e9 la r\u00e9daction du texte du pacte mondial pour des migrations s\u00fbres, ordonn\u00e9es et r\u00e9guli\u00e8res, qui a \u00e9t\u00e9 formellement adopt\u00e9 par les \u00c9tats Membres lors de la conf\u00e9rence intergouvernementale qui s\u2019est tenue \u00e0 Marrakech (Maroc) en d\u00e9cembre 2018.<br \/>\nPour plus d\u2019informations \u00e0 ce sujet, veuillez consulter le site web : <a href=\"http:\/\/www.refugeesmigrants.un.org\" target=\"_blank\" rel=\"noopener noreferrer\">www.refugeesmigrants.un.org<\/a>.<\/p>\n<p><strong>Date d\u2019\u00e9mission:<\/strong> 15 mars 2019<br \/>\n<strong>L\u2019artiste:<\/strong> Chris Gash (\u00c9tats Unies)<br \/>\n<strong>Valeur:<\/strong> \u20ac 1,80<br \/>\n<strong>Format de timbres:<\/strong> 40mm x 30mm<br \/>\n<strong>Timbres par feuille:\u00a0<\/strong>20<br \/>\n<strong>Imprimeur:<\/strong> Lowe-Martin Group (Canada)<br \/>\n<strong>Reproduction:<\/strong> Lithografie offset avec hexachrome<br \/>\n<strong>Dentelure:<\/strong> 13.3<br \/>\n<strong>Tirage des timbres:\u00a0<\/strong>8.500 feuilles (170.000 timbres)<\/p>\n","protected":false},"excerpt":{"rendered":"<p>Migrations Un nombre record de r\u00e9fugi\u00e9s et de migrants franchissent les fronti\u00e8res internationales en vue de fuir les conflits, les pers\u00e9cutions, la pauvret\u00e9 et d\u2019autres situations mettant leur vie en danger, de r\u00e9pondre aux p\u00e9nuries de main-d\u2019\u0153uvre et de comp\u00e9tences et aux changements d\u00e9mographiques et de chercher de meilleures opportunit\u00e9s ailleurs. Les migrations offrent d\u2019immenses [&hellip;]<\/p>\n","protected":false},"featured_media":65605,"comment_status":"closed","ping_status":"closed","template":"","meta":{"ngg_post_thumbnail":0},"product_brand":[],"product_cat":[1122,222,156],"product_tag":[],"class_list":{"0":"post-65510","1":"product","2":"type-product","3":"status-publish","4":"has-post-thumbnail","6":"product_cat-2019-year-fr","7":"product_cat-feuille-entiere","8":"product_cat-vienne","9":"pa_condition-cancelled-fr","10":"pa_condition-mint-fr","12":"first","13":"instock","14":"shipping-taxable","15":"purchasable","16":"product-type-variable"},"yoast_head":"<!-- This site is optimized with the Yoast SEO plugin v27.3 - https:\/\/yoast.com\/product\/yoast-seo-wordpress\/ -->\n<title>VI Timbre Ordinaire 2019 \u2013 \u20ac 1,80 Feuille enti\u00e8re - UN Timbres<\/title>\n<meta name=\"robots\" content=\"index, follow, max-snippet:-1, max-image-preview:large, max-video-preview:-1\" \/>\n<link rel=\"canonical\" href=\"https:\/\/unstamps.org\/fr\/produit\/vi-timbre-ordinaire-2019-e-180-feuille-entiere\/\" \/>\n<meta property=\"og:locale\" content=\"fr_FR\" \/>\n<meta property=\"og:type\" content=\"article\" \/>\n<meta property=\"og:title\" content=\"VI Timbre Ordinaire 2019 \u2013 \u20ac 1,80 Feuille enti\u00e8re - UN Timbres\" \/>\n<meta property=\"og:description\" content=\"Migrations Un nombre record de r\u00e9fugi\u00e9s et de migrants franchissent les fronti\u00e8res internationales en vue de fuir les conflits, les pers\u00e9cutions, la pauvret\u00e9 et d\u2019autres situations mettant leur vie en danger, de r\u00e9pondre aux p\u00e9nuries de main-d\u2019\u0153uvre et de comp\u00e9tences et aux changements d\u00e9mographiques et de chercher de meilleures opportunit\u00e9s ailleurs. Les migrations offrent d\u2019immenses [&hellip;]\" \/>\n<meta property=\"og:url\" content=\"https:\/\/unstamps.org\/fr\/produit\/vi-timbre-ordinaire-2019-e-180-feuille-entiere\/\" \/>\n<meta property=\"og:site_name\" content=\"UN Timbres\" \/>\n<meta property=\"article:modified_time\" content=\"2026-01-09T15:26:22+00:00\" \/>\n<meta property=\"og:image\" content=\"https:\/\/unstamps.org\/wp-content\/uploads\/2019\/03\/DEF19_SSEAGEM_VI-sheet.jpg\" \/>\n\t<meta property=\"og:image:width\" content=\"1024\" \/>\n\t<meta property=\"og:image:height\" content=\"1024\" \/>\n\t<meta property=\"og:image:type\" content=\"image\/jpeg\" \/>\n<meta name=\"twitter:card\" content=\"summary_large_image\" \/>\n<meta name=\"twitter:label1\" content=\"Dur\u00e9e de lecture estim\u00e9e\" \/>\n\t<meta name=\"twitter:data1\" content=\"1 minute\" \/>\n<script type=\"application\/ld+json\" class=\"yoast-schema-graph\">{\"@context\":\"https:\\\/\\\/schema.org\",\"@graph\":[{\"@type\":\"WebPage\",\"@id\":\"https:\\\/\\\/unstamps.org\\\/fr\\\/produit\\\/vi-timbre-ordinaire-2019-e-180-feuille-entiere\\\/\",\"url\":\"https:\\\/\\\/unstamps.org\\\/fr\\\/produit\\\/vi-timbre-ordinaire-2019-e-180-feuille-entiere\\\/\",\"name\":\"VI Timbre Ordinaire 2019 \u2013 \u20ac 1,80 Feuille enti\u00e8re - UN Timbres\",\"isPartOf\":{\"@id\":\"https:\\\/\\\/unstamps.org\\\/fr\\\/#website\"},\"primaryImageOfPage\":{\"@id\":\"https:\\\/\\\/unstamps.org\\\/fr\\\/produit\\\/vi-timbre-ordinaire-2019-e-180-feuille-entiere\\\/#primaryimage\"},\"image\":{\"@id\":\"https:\\\/\\\/unstamps.org\\\/fr\\\/produit\\\/vi-timbre-ordinaire-2019-e-180-feuille-entiere\\\/#primaryimage\"},\"thumbnailUrl\":\"https:\\\/\\\/unstamps.org\\\/wp-content\\\/uploads\\\/2019\\\/03\\\/DEF19_SSEAGEM_VI-sheet.jpg\",\"datePublished\":\"2019-03-11T15:28:04+00:00\",\"dateModified\":\"2026-01-09T15:26:22+00:00\",\"breadcrumb\":{\"@id\":\"https:\\\/\\\/unstamps.org\\\/fr\\\/produit\\\/vi-timbre-ordinaire-2019-e-180-feuille-entiere\\\/#breadcrumb\"},\"inLanguage\":\"fr-FR\",\"potentialAction\":[{\"@type\":\"ReadAction\",\"target\":[\"https:\\\/\\\/unstamps.org\\\/fr\\\/produit\\\/vi-timbre-ordinaire-2019-e-180-feuille-entiere\\\/\"]}]},{\"@type\":\"ImageObject\",\"inLanguage\":\"fr-FR\",\"@id\":\"https:\\\/\\\/unstamps.org\\\/fr\\\/produit\\\/vi-timbre-ordinaire-2019-e-180-feuille-entiere\\\/#primaryimage\",\"url\":\"https:\\\/\\\/unstamps.org\\\/wp-content\\\/uploads\\\/2019\\\/03\\\/DEF19_SSEAGEM_VI-sheet.jpg\",\"contentUrl\":\"https:\\\/\\\/unstamps.org\\\/wp-content\\\/uploads\\\/2019\\\/03\\\/DEF19_SSEAGEM_VI-sheet.jpg\",\"width\":1024,\"height\":1024},{\"@type\":\"BreadcrumbList\",\"@id\":\"https:\\\/\\\/unstamps.org\\\/fr\\\/produit\\\/vi-timbre-ordinaire-2019-e-180-feuille-entiere\\\/#breadcrumb\",\"itemListElement\":[{\"@type\":\"ListItem\",\"position\":1,\"name\":\"Home\",\"item\":\"https:\\\/\\\/unstamps.org\\\/fr\\\/\"},{\"@type\":\"ListItem\",\"position\":2,\"name\":\"Les produits\",\"item\":\"https:\\\/\\\/unstamps.org\\\/fr\\\/les-produits\\\/\"},{\"@type\":\"ListItem\",\"position\":3,\"name\":\"VI Timbre Ordinaire 2019 \u2013 \u20ac 1,80 Feuille enti\u00e8re\"}]},{\"@type\":\"WebSite\",\"@id\":\"https:\\\/\\\/unstamps.org\\\/fr\\\/#website\",\"url\":\"https:\\\/\\\/unstamps.org\\\/fr\\\/\",\"name\":\"UN Stamps\",\"description\":\"United Nations Stamps\",\"publisher\":{\"@id\":\"https:\\\/\\\/unstamps.org\\\/fr\\\/#organization\"},\"potentialAction\":[{\"@type\":\"SearchAction\",\"target\":{\"@type\":\"EntryPoint\",\"urlTemplate\":\"https:\\\/\\\/unstamps.org\\\/fr\\\/?s={search_term_string}\"},\"query-input\":{\"@type\":\"PropertyValueSpecification\",\"valueRequired\":true,\"valueName\":\"search_term_string\"}}],\"inLanguage\":\"fr-FR\"},{\"@type\":\"Organization\",\"@id\":\"https:\\\/\\\/unstamps.org\\\/fr\\\/#organization\",\"name\":\"UN Stamps\",\"url\":\"https:\\\/\\\/unstamps.org\\\/fr\\\/\",\"logo\":{\"@type\":\"ImageObject\",\"inLanguage\":\"fr-FR\",\"@id\":\"https:\\\/\\\/unstamps.org\\\/fr\\\/#\\\/schema\\\/logo\\\/image\\\/\",\"url\":\"https:\\\/\\\/unstamps.org\\\/wp-content\\\/uploads\\\/2014\\\/01\\\/logo4web.jpg\",\"contentUrl\":\"https:\\\/\\\/unstamps.org\\\/wp-content\\\/uploads\\\/2014\\\/01\\\/logo4web.jpg\",\"width\":2500,\"height\":250,\"caption\":\"UN Stamps\"},\"image\":{\"@id\":\"https:\\\/\\\/unstamps.org\\\/fr\\\/#\\\/schema\\\/logo\\\/image\\\/\"}}]}<\/script>\n<!-- \/ Yoast SEO plugin. -->","yoast_head_json":{"title":"VI Timbre Ordinaire 2019 \u2013 \u20ac 1,80 Feuille enti\u00e8re - UN Timbres","robots":{"index":"index","follow":"follow","max-snippet":"max-snippet:-1","max-image-preview":"max-image-preview:large","max-video-preview":"max-video-preview:-1"},"canonical":"https:\/\/unstamps.org\/fr\/produit\/vi-timbre-ordinaire-2019-e-180-feuille-entiere\/","og_locale":"fr_FR","og_type":"article","og_title":"VI Timbre Ordinaire 2019 \u2013 \u20ac 1,80 Feuille enti\u00e8re - UN Timbres","og_description":"Migrations Un nombre record de r\u00e9fugi\u00e9s et de migrants franchissent les fronti\u00e8res internationales en vue de fuir les conflits, les pers\u00e9cutions, la pauvret\u00e9 et d\u2019autres situations mettant leur vie en danger, de r\u00e9pondre aux p\u00e9nuries de main-d\u2019\u0153uvre et de comp\u00e9tences et aux changements d\u00e9mographiques et de chercher de meilleures opportunit\u00e9s ailleurs. Les migrations offrent d\u2019immenses [&hellip;]","og_url":"https:\/\/unstamps.org\/fr\/produit\/vi-timbre-ordinaire-2019-e-180-feuille-entiere\/","og_site_name":"UN Timbres","article_modified_time":"2026-01-09T15:26:22+00:00","og_image":[{"width":1024,"height":1024,"url":"https:\/\/unstamps.org\/wp-content\/uploads\/2019\/03\/DEF19_SSEAGEM_VI-sheet.jpg","type":"image\/jpeg"}],"twitter_card":"summary_large_image","twitter_misc":{"Dur\u00e9e de lecture estim\u00e9e":"1 minute"},"schema":{"@context":"https:\/\/schema.org","@graph":[{"@type":"WebPage","@id":"https:\/\/unstamps.org\/fr\/produit\/vi-timbre-ordinaire-2019-e-180-feuille-entiere\/","url":"https:\/\/unstamps.org\/fr\/produit\/vi-timbre-ordinaire-2019-e-180-feuille-entiere\/","name":"VI Timbre Ordinaire 2019 \u2013 \u20ac 1,80 Feuille enti\u00e8re - UN Timbres","isPartOf":{"@id":"https:\/\/unstamps.org\/fr\/#website"},"primaryImageOfPage":{"@id":"https:\/\/unstamps.org\/fr\/produit\/vi-timbre-ordinaire-2019-e-180-feuille-entiere\/#primaryimage"},"image":{"@id":"https:\/\/unstamps.org\/fr\/produit\/vi-timbre-ordinaire-2019-e-180-feuille-entiere\/#primaryimage"},"thumbnailUrl":"https:\/\/unstamps.org\/wp-content\/uploads\/2019\/03\/DEF19_SSEAGEM_VI-sheet.jpg","datePublished":"2019-03-11T15:28:04+00:00","dateModified":"2026-01-09T15:26:22+00:00","breadcrumb":{"@id":"https:\/\/unstamps.org\/fr\/produit\/vi-timbre-ordinaire-2019-e-180-feuille-entiere\/#breadcrumb"},"inLanguage":"fr-FR","potentialAction":[{"@type":"ReadAction","target":["https:\/\/unstamps.org\/fr\/produit\/vi-timbre-ordinaire-2019-e-180-feuille-entiere\/"]}]},{"@type":"ImageObject","inLanguage":"fr-FR","@id":"https:\/\/unstamps.org\/fr\/produit\/vi-timbre-ordinaire-2019-e-180-feuille-entiere\/#primaryimage","url":"https:\/\/unstamps.org\/wp-content\/uploads\/2019\/03\/DEF19_SSEAGEM_VI-sheet.jpg","contentUrl":"https:\/\/unstamps.org\/wp-content\/uploads\/2019\/03\/DEF19_SSEAGEM_VI-sheet.jpg","width":1024,"height":1024},{"@type":"BreadcrumbList","@id":"https:\/\/unstamps.org\/fr\/produit\/vi-timbre-ordinaire-2019-e-180-feuille-entiere\/#breadcrumb","itemListElement":[{"@type":"ListItem","position":1,"name":"Home","item":"https:\/\/unstamps.org\/fr\/"},{"@type":"ListItem","position":2,"name":"Les produits","item":"https:\/\/unstamps.org\/fr\/les-produits\/"},{"@type":"ListItem","position":3,"name":"VI Timbre Ordinaire 2019 \u2013 \u20ac 1,80 Feuille enti\u00e8re"}]},{"@type":"WebSite","@id":"https:\/\/unstamps.org\/fr\/#website","url":"https:\/\/unstamps.org\/fr\/","name":"UN Stamps","description":"United Nations Stamps","publisher":{"@id":"https:\/\/unstamps.org\/fr\/#organization"},"potentialAction":[{"@type":"SearchAction","target":{"@type":"EntryPoint","urlTemplate":"https:\/\/unstamps.org\/fr\/?s={search_term_string}"},"query-input":{"@type":"PropertyValueSpecification","valueRequired":true,"valueName":"search_term_string"}}],"inLanguage":"fr-FR"},{"@type":"Organization","@id":"https:\/\/unstamps.org\/fr\/#organization","name":"UN Stamps","url":"https:\/\/unstamps.org\/fr\/","logo":{"@type":"ImageObject","inLanguage":"fr-FR","@id":"https:\/\/unstamps.org\/fr\/#\/schema\/logo\/image\/","url":"https:\/\/unstamps.org\/wp-content\/uploads\/2014\/01\/logo4web.jpg","contentUrl":"https:\/\/unstamps.org\/wp-content\/uploads\/2014\/01\/logo4web.jpg","width":2500,"height":250,"caption":"UN Stamps"},"image":{"@id":"https:\/\/unstamps.org\/fr\/#\/schema\/logo\/image\/"}}]}},"jetpack_sharing_enabled":true,"publishpress_future_action":{"enabled":false,"date":"2026-04-21 11:10:15","action":"change-status","newStatus":"private","terms":[],"taxonomy":"product_cat","extraData":[]},"publishpress_future_workflow_manual_trigger":{"enabledWorkflows":[]},"_links":{"self":[{"href":"https:\/\/unstamps.org\/fr\/wp-json\/wp\/v2\/product\/65510","targetHints":{"allow":["GET"]}}],"collection":[{"href":"https:\/\/unstamps.org\/fr\/wp-json\/wp\/v2\/product"}],"about":[{"href":"https:\/\/unstamps.org\/fr\/wp-json\/wp\/v2\/types\/product"}],"replies":[{"embeddable":true,"href":"https:\/\/unstamps.org\/fr\/wp-json\/wp\/v2\/comments?post=65510"}],"wp:featuredmedia":[{"embeddable":true,"href":"https:\/\/unstamps.org\/fr\/wp-json\/wp\/v2\/media\/65605"}],"wp:attachment":[{"href":"https:\/\/unstamps.org\/fr\/wp-json\/wp\/v2\/media?parent=65510"}],"wp:term":[{"taxonomy":"product_brand","embeddable":true,"href":"https:\/\/unstamps.org\/fr\/wp-json\/wp\/v2\/product_brand?post=65510"},{"taxonomy":"product_cat","embeddable":true,"href":"https:\/\/unstamps.org\/fr\/wp-json\/wp\/v2\/product_cat?post=65510"},{"taxonomy":"product_tag","embeddable":true,"href":"https:\/\/unstamps.org\/fr\/wp-json\/wp\/v2\/product_tag?post=65510"}],"curies":[{"name":"wp","href":"https:\/\/api.w.org\/{rel}","templated":true}]}}