{"id":65495,"date":"2019-03-11T11:30:35","date_gmt":"2019-03-11T15:30:35","guid":{"rendered":"https:\/\/unstamps.org\/?post_type=product&#038;p=65495"},"modified":"2026-01-09T10:26:22","modified_gmt":"2026-01-09T15:26:22","slug":"ge-timbre-ordinaire-2019-chf-150-feuille-entiere","status":"publish","type":"product","link":"https:\/\/unstamps.org\/fr\/produit\/ge-timbre-ordinaire-2019-chf-150-feuille-entiere\/","title":{"rendered":"GE Timbre Ordinaire 2019 \u2013 CHF 1,50 Feuille enti\u00e8re"},"content":{"rendered":"<p><strong>\u00c9galit\u00e9 des sexes<\/strong><\/p>\n<p>L\u2019\u00e9galit\u00e9 des sexes n\u2019est pas seulement un droit de l\u2019homme fondamental, c\u2019est aussi un fondement n\u00e9cessaire pour un monde pacifique, prosp\u00e8re et durable. Les femmes et les filles repr\u00e9sentent la moiti\u00e9 de la population mondiale et donc aussi la moiti\u00e9 de son potentiel. Bien que des progr\u00e8s aient \u00e9t\u00e9 accomplis sur la voie de l\u2019\u00e9galit\u00e9 des sexes et de l\u2019autonomisation des femmes, elles continuent d\u2019\u00eatre victimes de discrimination et de violence partout dans le monde. L\u2019\u00e9galit\u00e9 d\u2019acc\u00e8s des femmes et des filles \u00e0 l\u2019\u00e9ducation, aux soins de sant\u00e9, \u00e0 un travail d\u00e9cent et \u00e0 une repr\u00e9sentation dans les processus de prises de d\u00e9cision politiques et \u00e9conomiques contribuera \u00e0 une \u00e9conomie durable et profitera aux soci\u00e9t\u00e9s et \u00e0 l\u2019humanit\u00e9 tout enti\u00e8re.<\/p>\n<p>La mise en \u0153uvre de nouveaux cadres juridiques concernant l\u2019\u00e9galit\u00e9 des femmes sur le lieu de travail et l\u2019\u00e9radication des pratiques n\u00e9fastes visant les femmes sont cruciales pour mettre un terme \u00e0 la discrimination fond\u00e9e sur le sexe. L\u2019objectif de d\u00e9veloppement durable n\u00b0 5 \u2012 Parvenir \u00e0 l\u2019\u00e9galit\u00e9 des sexes et autonomiser toutes les femmes et les filles \u2012 s\u2019attaque sp\u00e9cifiquement \u00e0 ces questions.<\/p>\n<p>Pour plus d\u2019informations sur cet objectif ainsi que sur les autres objectifs de d\u00e9veloppement durable, veuillez consulter le site web : <a href=\"http:\/\/www.un.org\/sustainabledevelopment\" target=\"_blank\" rel=\"noopener noreferrer\">www.un.org\/sustainabledevelopment<\/a>.<\/p>\n<p><strong>Date d\u2019\u00e9mission:<\/strong> 15 mars 2019<br \/>\n<strong>L\u2019artiste:<\/strong> Chris Gash (\u00c9tats Unies)<br \/>\n<strong>Valeur:<\/strong> CHF 1,50<br \/>\n<strong>Format de timbres:<\/strong> 40mm x 30mm<br \/>\n<strong>Timbres par feuille:\u00a0<\/strong>20<br \/>\n<strong>Imprimeur:<\/strong> Lowe-Martin Group (Canada)<br \/>\n<strong>Reproduction:<\/strong> Lithografie offset avec hexachrome<br \/>\n<strong>Dentelure:<\/strong> 13.3<br \/>\n<strong>Tirage des timbres:\u00a0<\/strong>8.500 feuilles (170.000 timbres)<\/p>\n","protected":false},"excerpt":{"rendered":"<p>\u00c9galit\u00e9 des sexes L\u2019\u00e9galit\u00e9 des sexes n\u2019est pas seulement un droit de l\u2019homme fondamental, c\u2019est aussi un fondement n\u00e9cessaire pour un monde pacifique, prosp\u00e8re et durable. Les femmes et les filles repr\u00e9sentent la moiti\u00e9 de la population mondiale et donc aussi la moiti\u00e9 de son potentiel. Bien que des progr\u00e8s aient \u00e9t\u00e9 accomplis sur la [&hellip;]<\/p>\n","protected":false},"featured_media":65599,"comment_status":"closed","ping_status":"closed","template":"","meta":{"ngg_post_thumbnail":0},"product_brand":[],"product_cat":[1122,222,145],"product_tag":[],"class_list":{"0":"post-65495","1":"product","2":"type-product","3":"status-publish","4":"has-post-thumbnail","6":"product_cat-2019-year-fr","7":"product_cat-feuille-entiere","8":"product_cat-geneve","9":"pa_condition-cancelled-fr","10":"pa_condition-mint-fr","12":"first","13":"instock","14":"shipping-taxable","15":"purchasable","16":"product-type-variable"},"yoast_head":"<!-- This site is optimized with the Yoast SEO plugin v27.3 - https:\/\/yoast.com\/product\/yoast-seo-wordpress\/ -->\n<title>GE Timbre Ordinaire 2019 \u2013 CHF 1,50 Feuille enti\u00e8re - UN Timbres<\/title>\n<meta name=\"robots\" content=\"index, follow, max-snippet:-1, max-image-preview:large, max-video-preview:-1\" \/>\n<link rel=\"canonical\" href=\"https:\/\/unstamps.org\/fr\/produit\/ge-timbre-ordinaire-2019-chf-150-feuille-entiere\/\" \/>\n<meta property=\"og:locale\" content=\"fr_FR\" \/>\n<meta property=\"og:type\" content=\"article\" \/>\n<meta property=\"og:title\" content=\"GE Timbre Ordinaire 2019 \u2013 CHF 1,50 Feuille enti\u00e8re - UN Timbres\" \/>\n<meta property=\"og:description\" content=\"\u00c9galit\u00e9 des sexes L\u2019\u00e9galit\u00e9 des sexes n\u2019est pas seulement un droit de l\u2019homme fondamental, c\u2019est aussi un fondement n\u00e9cessaire pour un monde pacifique, prosp\u00e8re et durable. Les femmes et les filles repr\u00e9sentent la moiti\u00e9 de la population mondiale et donc aussi la moiti\u00e9 de son potentiel. Bien que des progr\u00e8s aient \u00e9t\u00e9 accomplis sur la [&hellip;]\" \/>\n<meta property=\"og:url\" content=\"https:\/\/unstamps.org\/fr\/produit\/ge-timbre-ordinaire-2019-chf-150-feuille-entiere\/\" \/>\n<meta property=\"og:site_name\" content=\"UN Timbres\" \/>\n<meta property=\"article:modified_time\" content=\"2026-01-09T15:26:22+00:00\" \/>\n<meta property=\"og:image\" content=\"https:\/\/unstamps.org\/wp-content\/uploads\/2019\/03\/DEF19_SSEAGEM_GE-sheet.jpg\" \/>\n\t<meta property=\"og:image:width\" content=\"1024\" \/>\n\t<meta property=\"og:image:height\" content=\"1024\" \/>\n\t<meta property=\"og:image:type\" content=\"image\/jpeg\" \/>\n<meta name=\"twitter:card\" content=\"summary_large_image\" \/>\n<meta name=\"twitter:label1\" content=\"Dur\u00e9e de lecture estim\u00e9e\" \/>\n\t<meta name=\"twitter:data1\" content=\"1 minute\" \/>\n<script type=\"application\/ld+json\" class=\"yoast-schema-graph\">{\"@context\":\"https:\\\/\\\/schema.org\",\"@graph\":[{\"@type\":\"WebPage\",\"@id\":\"https:\\\/\\\/unstamps.org\\\/fr\\\/produit\\\/ge-timbre-ordinaire-2019-chf-150-feuille-entiere\\\/\",\"url\":\"https:\\\/\\\/unstamps.org\\\/fr\\\/produit\\\/ge-timbre-ordinaire-2019-chf-150-feuille-entiere\\\/\",\"name\":\"GE Timbre Ordinaire 2019 \u2013 CHF 1,50 Feuille enti\u00e8re - UN Timbres\",\"isPartOf\":{\"@id\":\"https:\\\/\\\/unstamps.org\\\/fr\\\/#website\"},\"primaryImageOfPage\":{\"@id\":\"https:\\\/\\\/unstamps.org\\\/fr\\\/produit\\\/ge-timbre-ordinaire-2019-chf-150-feuille-entiere\\\/#primaryimage\"},\"image\":{\"@id\":\"https:\\\/\\\/unstamps.org\\\/fr\\\/produit\\\/ge-timbre-ordinaire-2019-chf-150-feuille-entiere\\\/#primaryimage\"},\"thumbnailUrl\":\"https:\\\/\\\/unstamps.org\\\/wp-content\\\/uploads\\\/2019\\\/03\\\/DEF19_SSEAGEM_GE-sheet.jpg\",\"datePublished\":\"2019-03-11T15:30:35+00:00\",\"dateModified\":\"2026-01-09T15:26:22+00:00\",\"breadcrumb\":{\"@id\":\"https:\\\/\\\/unstamps.org\\\/fr\\\/produit\\\/ge-timbre-ordinaire-2019-chf-150-feuille-entiere\\\/#breadcrumb\"},\"inLanguage\":\"fr-FR\",\"potentialAction\":[{\"@type\":\"ReadAction\",\"target\":[\"https:\\\/\\\/unstamps.org\\\/fr\\\/produit\\\/ge-timbre-ordinaire-2019-chf-150-feuille-entiere\\\/\"]}]},{\"@type\":\"ImageObject\",\"inLanguage\":\"fr-FR\",\"@id\":\"https:\\\/\\\/unstamps.org\\\/fr\\\/produit\\\/ge-timbre-ordinaire-2019-chf-150-feuille-entiere\\\/#primaryimage\",\"url\":\"https:\\\/\\\/unstamps.org\\\/wp-content\\\/uploads\\\/2019\\\/03\\\/DEF19_SSEAGEM_GE-sheet.jpg\",\"contentUrl\":\"https:\\\/\\\/unstamps.org\\\/wp-content\\\/uploads\\\/2019\\\/03\\\/DEF19_SSEAGEM_GE-sheet.jpg\",\"width\":1024,\"height\":1024},{\"@type\":\"BreadcrumbList\",\"@id\":\"https:\\\/\\\/unstamps.org\\\/fr\\\/produit\\\/ge-timbre-ordinaire-2019-chf-150-feuille-entiere\\\/#breadcrumb\",\"itemListElement\":[{\"@type\":\"ListItem\",\"position\":1,\"name\":\"Home\",\"item\":\"https:\\\/\\\/unstamps.org\\\/fr\\\/\"},{\"@type\":\"ListItem\",\"position\":2,\"name\":\"Les produits\",\"item\":\"https:\\\/\\\/unstamps.org\\\/fr\\\/les-produits\\\/\"},{\"@type\":\"ListItem\",\"position\":3,\"name\":\"GE Timbre Ordinaire 2019 \u2013 CHF 1,50 Feuille enti\u00e8re\"}]},{\"@type\":\"WebSite\",\"@id\":\"https:\\\/\\\/unstamps.org\\\/fr\\\/#website\",\"url\":\"https:\\\/\\\/unstamps.org\\\/fr\\\/\",\"name\":\"UN Stamps\",\"description\":\"United Nations Stamps\",\"publisher\":{\"@id\":\"https:\\\/\\\/unstamps.org\\\/fr\\\/#organization\"},\"potentialAction\":[{\"@type\":\"SearchAction\",\"target\":{\"@type\":\"EntryPoint\",\"urlTemplate\":\"https:\\\/\\\/unstamps.org\\\/fr\\\/?s={search_term_string}\"},\"query-input\":{\"@type\":\"PropertyValueSpecification\",\"valueRequired\":true,\"valueName\":\"search_term_string\"}}],\"inLanguage\":\"fr-FR\"},{\"@type\":\"Organization\",\"@id\":\"https:\\\/\\\/unstamps.org\\\/fr\\\/#organization\",\"name\":\"UN Stamps\",\"url\":\"https:\\\/\\\/unstamps.org\\\/fr\\\/\",\"logo\":{\"@type\":\"ImageObject\",\"inLanguage\":\"fr-FR\",\"@id\":\"https:\\\/\\\/unstamps.org\\\/fr\\\/#\\\/schema\\\/logo\\\/image\\\/\",\"url\":\"https:\\\/\\\/unstamps.org\\\/wp-content\\\/uploads\\\/2014\\\/01\\\/logo4web.jpg\",\"contentUrl\":\"https:\\\/\\\/unstamps.org\\\/wp-content\\\/uploads\\\/2014\\\/01\\\/logo4web.jpg\",\"width\":2500,\"height\":250,\"caption\":\"UN Stamps\"},\"image\":{\"@id\":\"https:\\\/\\\/unstamps.org\\\/fr\\\/#\\\/schema\\\/logo\\\/image\\\/\"}}]}<\/script>\n<!-- \/ Yoast SEO plugin. -->","yoast_head_json":{"title":"GE Timbre Ordinaire 2019 \u2013 CHF 1,50 Feuille enti\u00e8re - UN Timbres","robots":{"index":"index","follow":"follow","max-snippet":"max-snippet:-1","max-image-preview":"max-image-preview:large","max-video-preview":"max-video-preview:-1"},"canonical":"https:\/\/unstamps.org\/fr\/produit\/ge-timbre-ordinaire-2019-chf-150-feuille-entiere\/","og_locale":"fr_FR","og_type":"article","og_title":"GE Timbre Ordinaire 2019 \u2013 CHF 1,50 Feuille enti\u00e8re - UN Timbres","og_description":"\u00c9galit\u00e9 des sexes L\u2019\u00e9galit\u00e9 des sexes n\u2019est pas seulement un droit de l\u2019homme fondamental, c\u2019est aussi un fondement n\u00e9cessaire pour un monde pacifique, prosp\u00e8re et durable. Les femmes et les filles repr\u00e9sentent la moiti\u00e9 de la population mondiale et donc aussi la moiti\u00e9 de son potentiel. Bien que des progr\u00e8s aient \u00e9t\u00e9 accomplis sur la [&hellip;]","og_url":"https:\/\/unstamps.org\/fr\/produit\/ge-timbre-ordinaire-2019-chf-150-feuille-entiere\/","og_site_name":"UN Timbres","article_modified_time":"2026-01-09T15:26:22+00:00","og_image":[{"width":1024,"height":1024,"url":"https:\/\/unstamps.org\/wp-content\/uploads\/2019\/03\/DEF19_SSEAGEM_GE-sheet.jpg","type":"image\/jpeg"}],"twitter_card":"summary_large_image","twitter_misc":{"Dur\u00e9e de lecture estim\u00e9e":"1 minute"},"schema":{"@context":"https:\/\/schema.org","@graph":[{"@type":"WebPage","@id":"https:\/\/unstamps.org\/fr\/produit\/ge-timbre-ordinaire-2019-chf-150-feuille-entiere\/","url":"https:\/\/unstamps.org\/fr\/produit\/ge-timbre-ordinaire-2019-chf-150-feuille-entiere\/","name":"GE Timbre Ordinaire 2019 \u2013 CHF 1,50 Feuille enti\u00e8re - UN Timbres","isPartOf":{"@id":"https:\/\/unstamps.org\/fr\/#website"},"primaryImageOfPage":{"@id":"https:\/\/unstamps.org\/fr\/produit\/ge-timbre-ordinaire-2019-chf-150-feuille-entiere\/#primaryimage"},"image":{"@id":"https:\/\/unstamps.org\/fr\/produit\/ge-timbre-ordinaire-2019-chf-150-feuille-entiere\/#primaryimage"},"thumbnailUrl":"https:\/\/unstamps.org\/wp-content\/uploads\/2019\/03\/DEF19_SSEAGEM_GE-sheet.jpg","datePublished":"2019-03-11T15:30:35+00:00","dateModified":"2026-01-09T15:26:22+00:00","breadcrumb":{"@id":"https:\/\/unstamps.org\/fr\/produit\/ge-timbre-ordinaire-2019-chf-150-feuille-entiere\/#breadcrumb"},"inLanguage":"fr-FR","potentialAction":[{"@type":"ReadAction","target":["https:\/\/unstamps.org\/fr\/produit\/ge-timbre-ordinaire-2019-chf-150-feuille-entiere\/"]}]},{"@type":"ImageObject","inLanguage":"fr-FR","@id":"https:\/\/unstamps.org\/fr\/produit\/ge-timbre-ordinaire-2019-chf-150-feuille-entiere\/#primaryimage","url":"https:\/\/unstamps.org\/wp-content\/uploads\/2019\/03\/DEF19_SSEAGEM_GE-sheet.jpg","contentUrl":"https:\/\/unstamps.org\/wp-content\/uploads\/2019\/03\/DEF19_SSEAGEM_GE-sheet.jpg","width":1024,"height":1024},{"@type":"BreadcrumbList","@id":"https:\/\/unstamps.org\/fr\/produit\/ge-timbre-ordinaire-2019-chf-150-feuille-entiere\/#breadcrumb","itemListElement":[{"@type":"ListItem","position":1,"name":"Home","item":"https:\/\/unstamps.org\/fr\/"},{"@type":"ListItem","position":2,"name":"Les produits","item":"https:\/\/unstamps.org\/fr\/les-produits\/"},{"@type":"ListItem","position":3,"name":"GE Timbre Ordinaire 2019 \u2013 CHF 1,50 Feuille enti\u00e8re"}]},{"@type":"WebSite","@id":"https:\/\/unstamps.org\/fr\/#website","url":"https:\/\/unstamps.org\/fr\/","name":"UN Stamps","description":"United Nations Stamps","publisher":{"@id":"https:\/\/unstamps.org\/fr\/#organization"},"potentialAction":[{"@type":"SearchAction","target":{"@type":"EntryPoint","urlTemplate":"https:\/\/unstamps.org\/fr\/?s={search_term_string}"},"query-input":{"@type":"PropertyValueSpecification","valueRequired":true,"valueName":"search_term_string"}}],"inLanguage":"fr-FR"},{"@type":"Organization","@id":"https:\/\/unstamps.org\/fr\/#organization","name":"UN Stamps","url":"https:\/\/unstamps.org\/fr\/","logo":{"@type":"ImageObject","inLanguage":"fr-FR","@id":"https:\/\/unstamps.org\/fr\/#\/schema\/logo\/image\/","url":"https:\/\/unstamps.org\/wp-content\/uploads\/2014\/01\/logo4web.jpg","contentUrl":"https:\/\/unstamps.org\/wp-content\/uploads\/2014\/01\/logo4web.jpg","width":2500,"height":250,"caption":"UN Stamps"},"image":{"@id":"https:\/\/unstamps.org\/fr\/#\/schema\/logo\/image\/"}}]}},"jetpack_sharing_enabled":true,"publishpress_future_action":{"enabled":false,"date":"2026-04-20 10:44:56","action":"change-status","newStatus":"private","terms":[],"taxonomy":"product_cat","extraData":[]},"publishpress_future_workflow_manual_trigger":{"enabledWorkflows":[]},"_links":{"self":[{"href":"https:\/\/unstamps.org\/fr\/wp-json\/wp\/v2\/product\/65495","targetHints":{"allow":["GET"]}}],"collection":[{"href":"https:\/\/unstamps.org\/fr\/wp-json\/wp\/v2\/product"}],"about":[{"href":"https:\/\/unstamps.org\/fr\/wp-json\/wp\/v2\/types\/product"}],"replies":[{"embeddable":true,"href":"https:\/\/unstamps.org\/fr\/wp-json\/wp\/v2\/comments?post=65495"}],"wp:featuredmedia":[{"embeddable":true,"href":"https:\/\/unstamps.org\/fr\/wp-json\/wp\/v2\/media\/65599"}],"wp:attachment":[{"href":"https:\/\/unstamps.org\/fr\/wp-json\/wp\/v2\/media?parent=65495"}],"wp:term":[{"taxonomy":"product_brand","embeddable":true,"href":"https:\/\/unstamps.org\/fr\/wp-json\/wp\/v2\/product_brand?post=65495"},{"taxonomy":"product_cat","embeddable":true,"href":"https:\/\/unstamps.org\/fr\/wp-json\/wp\/v2\/product_cat?post=65495"},{"taxonomy":"product_tag","embeddable":true,"href":"https:\/\/unstamps.org\/fr\/wp-json\/wp\/v2\/product_tag?post=65495"}],"curies":[{"name":"wp","href":"https:\/\/api.w.org\/{rel}","templated":true}]}}