{"id":65480,"date":"2019-03-11T11:33:28","date_gmt":"2019-03-11T15:33:28","guid":{"rendered":"https:\/\/unstamps.org\/?post_type=product&#038;p=65480"},"modified":"2026-01-09T10:26:22","modified_gmt":"2026-01-09T15:26:22","slug":"ny-timbre-ordinaire-2019-us-085-feuille-entiere","status":"publish","type":"product","link":"https:\/\/unstamps.org\/fr\/produit\/ny-timbre-ordinaire-2019-us-085-feuille-entiere\/","title":{"rendered":"NY Timbre Ordinaire 2019 \u2013 US$ 0,85 Feuille enti\u00e8re"},"content":{"rendered":"<p><strong>Mettre fin \u00e0 l\u2019exploitation et aux abus sexuels<\/strong><\/p>\n<p>L\u2019objectif de ce timbre est de sensibiliser le monde entier au probl\u00e8me de l\u2019exploitation et des abus sexuels, qui n\u2019\u00e9pargne aucune institution, et de lutter contre la stigmatisation et la discrimination auxquelles les victimes doivent faire face. L\u2019Organisation des Nations Unies reconna\u00eet qu\u2019elle a la responsabilit\u00e9 unique d\u2019\u00e9tablir des normes mondiales, de la pr\u00e9vention \u00e0 l\u2019intervention, pour lutter contre l\u2019exploitation et les abus sexuels.<\/p>\n<p>Le Secr\u00e9taire g\u00e9n\u00e9ral de l\u2019Organisation des Nations Unies Ant\u00f3nio Guterres s\u2019est engag\u00e9 \u00e0 faire tout ce qui est en son pouvoir, en partenariat avec les \u00c9tats Membres et la soci\u00e9t\u00e9 civile, pour \u00e9liminer l\u2019exploitation et les abus sexuels. S\u2019appuyant sur la politique actuelle de tol\u00e9rance z\u00e9ro, l\u2019Organisation des Nations Unies a \u00e9labor\u00e9 une strat\u00e9gie visant \u00e0 susciter un changement culturel et op\u00e9rationnel pour am\u00e9liorer radicalement la mani\u00e8re dont elle pr\u00e9vient et r\u00e9prime l\u2019exploitation et les abus sexuels. Pi\u00e8ce ma\u00eetresse de cette strat\u00e9gie, le Secr\u00e9taire g\u00e9n\u00e9ral a fait des droits et de la dignit\u00e9 des victimes une priorit\u00e9 absolue. La pr\u00e9vention et la responsabilit\u00e9 sont au c\u0153ur de la mise en \u0153uvre de la politique de tol\u00e9rance z\u00e9ro, de m\u00eame que les mesures connexes de sensibilisation du public, de formation et d\u2019\u00e9valuation des risques.<\/p>\n<p>Pour plus d\u2019informations \u00e0 ce sujet, veuillez consulter le site web :<br \/>\n<a href=\"http:\/\/www.un.org\/preventing-sexual-exploitation-and-abuse\" target=\"_blank\" rel=\"noopener noreferrer\">www.un.org\/preventing-sexual-exploitation-and-abuse<\/a>.<\/p>\n<p><strong>Date d\u2019\u00e9mission:<\/strong> 15 mars 2019<br \/>\n<strong>L\u2019artiste:<\/strong> Chris Gash (\u00c9tats Unies)<br \/>\n<strong>Valeur:<\/strong> US$ 0,85<br \/>\n<strong>Format de timbres:<\/strong> 40mm x 30mm<br \/>\n<strong>Timbres par feuille:\u00a0<\/strong>20<br \/>\n<strong>Imprimeur:<\/strong> Lowe-Martin Group (Canada)<br \/>\n<strong>Reproduction:<\/strong> Lithografie offset avec hexachrome<br \/>\n<strong>Dentelure:<\/strong> 13.3<br \/>\n<strong>Tirage des timbres:\u00a0<\/strong>7.000 feuilles (140.000 timbres)<\/p>\n","protected":false},"excerpt":{"rendered":"<p>Mettre fin \u00e0 l\u2019exploitation et aux abus sexuels L\u2019objectif de ce timbre est de sensibiliser le monde entier au probl\u00e8me de l\u2019exploitation et des abus sexuels, qui n\u2019\u00e9pargne aucune institution, et de lutter contre la stigmatisation et la discrimination auxquelles les victimes doivent faire face. L\u2019Organisation des Nations Unies reconna\u00eet qu\u2019elle a la responsabilit\u00e9 unique [&hellip;]<\/p>\n","protected":false},"featured_media":65593,"comment_status":"closed","ping_status":"closed","template":"","meta":{"ngg_post_thumbnail":0},"product_brand":[],"product_cat":[1122,222,140],"product_tag":[],"class_list":{"0":"post-65480","1":"product","2":"type-product","3":"status-publish","4":"has-post-thumbnail","6":"product_cat-2019-year-fr","7":"product_cat-feuille-entiere","8":"product_cat-new-york-issuing-office-fr","9":"pa_condition-cancelled-fr","10":"pa_condition-mint-fr","12":"first","13":"instock","14":"shipping-taxable","15":"purchasable","16":"product-type-variable"},"yoast_head":"<!-- This site is optimized with the Yoast SEO plugin v27.3 - https:\/\/yoast.com\/product\/yoast-seo-wordpress\/ -->\n<title>NY Timbre Ordinaire 2019 \u2013 US$ 0,85 Feuille enti\u00e8re - UN Timbres<\/title>\n<meta name=\"robots\" content=\"index, follow, max-snippet:-1, max-image-preview:large, max-video-preview:-1\" \/>\n<link rel=\"canonical\" href=\"https:\/\/unstamps.org\/fr\/produit\/ny-timbre-ordinaire-2019-us-085-feuille-entiere\/\" \/>\n<meta property=\"og:locale\" content=\"fr_FR\" \/>\n<meta property=\"og:type\" content=\"article\" \/>\n<meta property=\"og:title\" content=\"NY Timbre Ordinaire 2019 \u2013 US$ 0,85 Feuille enti\u00e8re - UN Timbres\" \/>\n<meta property=\"og:description\" content=\"Mettre fin \u00e0 l\u2019exploitation et aux abus sexuels L\u2019objectif de ce timbre est de sensibiliser le monde entier au probl\u00e8me de l\u2019exploitation et des abus sexuels, qui n\u2019\u00e9pargne aucune institution, et de lutter contre la stigmatisation et la discrimination auxquelles les victimes doivent faire face. L\u2019Organisation des Nations Unies reconna\u00eet qu\u2019elle a la responsabilit\u00e9 unique [&hellip;]\" \/>\n<meta property=\"og:url\" content=\"https:\/\/unstamps.org\/fr\/produit\/ny-timbre-ordinaire-2019-us-085-feuille-entiere\/\" \/>\n<meta property=\"og:site_name\" content=\"UN Timbres\" \/>\n<meta property=\"article:modified_time\" content=\"2026-01-09T15:26:22+00:00\" \/>\n<meta property=\"og:image\" content=\"https:\/\/unstamps.org\/wp-content\/uploads\/2019\/03\/DEF19_SSEAGEM_NY-sheet.jpg\" \/>\n\t<meta property=\"og:image:width\" content=\"1024\" \/>\n\t<meta property=\"og:image:height\" content=\"1024\" \/>\n\t<meta property=\"og:image:type\" content=\"image\/jpeg\" \/>\n<meta name=\"twitter:card\" content=\"summary_large_image\" \/>\n<meta name=\"twitter:label1\" content=\"Dur\u00e9e de lecture estim\u00e9e\" \/>\n\t<meta name=\"twitter:data1\" content=\"1 minute\" \/>\n<script type=\"application\/ld+json\" class=\"yoast-schema-graph\">{\"@context\":\"https:\\\/\\\/schema.org\",\"@graph\":[{\"@type\":\"WebPage\",\"@id\":\"https:\\\/\\\/unstamps.org\\\/fr\\\/produit\\\/ny-timbre-ordinaire-2019-us-085-feuille-entiere\\\/\",\"url\":\"https:\\\/\\\/unstamps.org\\\/fr\\\/produit\\\/ny-timbre-ordinaire-2019-us-085-feuille-entiere\\\/\",\"name\":\"NY Timbre Ordinaire 2019 \u2013 US$ 0,85 Feuille enti\u00e8re - UN Timbres\",\"isPartOf\":{\"@id\":\"https:\\\/\\\/unstamps.org\\\/fr\\\/#website\"},\"primaryImageOfPage\":{\"@id\":\"https:\\\/\\\/unstamps.org\\\/fr\\\/produit\\\/ny-timbre-ordinaire-2019-us-085-feuille-entiere\\\/#primaryimage\"},\"image\":{\"@id\":\"https:\\\/\\\/unstamps.org\\\/fr\\\/produit\\\/ny-timbre-ordinaire-2019-us-085-feuille-entiere\\\/#primaryimage\"},\"thumbnailUrl\":\"https:\\\/\\\/unstamps.org\\\/wp-content\\\/uploads\\\/2019\\\/03\\\/DEF19_SSEAGEM_NY-sheet.jpg\",\"datePublished\":\"2019-03-11T15:33:28+00:00\",\"dateModified\":\"2026-01-09T15:26:22+00:00\",\"breadcrumb\":{\"@id\":\"https:\\\/\\\/unstamps.org\\\/fr\\\/produit\\\/ny-timbre-ordinaire-2019-us-085-feuille-entiere\\\/#breadcrumb\"},\"inLanguage\":\"fr-FR\",\"potentialAction\":[{\"@type\":\"ReadAction\",\"target\":[\"https:\\\/\\\/unstamps.org\\\/fr\\\/produit\\\/ny-timbre-ordinaire-2019-us-085-feuille-entiere\\\/\"]}]},{\"@type\":\"ImageObject\",\"inLanguage\":\"fr-FR\",\"@id\":\"https:\\\/\\\/unstamps.org\\\/fr\\\/produit\\\/ny-timbre-ordinaire-2019-us-085-feuille-entiere\\\/#primaryimage\",\"url\":\"https:\\\/\\\/unstamps.org\\\/wp-content\\\/uploads\\\/2019\\\/03\\\/DEF19_SSEAGEM_NY-sheet.jpg\",\"contentUrl\":\"https:\\\/\\\/unstamps.org\\\/wp-content\\\/uploads\\\/2019\\\/03\\\/DEF19_SSEAGEM_NY-sheet.jpg\",\"width\":1024,\"height\":1024},{\"@type\":\"BreadcrumbList\",\"@id\":\"https:\\\/\\\/unstamps.org\\\/fr\\\/produit\\\/ny-timbre-ordinaire-2019-us-085-feuille-entiere\\\/#breadcrumb\",\"itemListElement\":[{\"@type\":\"ListItem\",\"position\":1,\"name\":\"Home\",\"item\":\"https:\\\/\\\/unstamps.org\\\/fr\\\/\"},{\"@type\":\"ListItem\",\"position\":2,\"name\":\"Les produits\",\"item\":\"https:\\\/\\\/unstamps.org\\\/fr\\\/les-produits\\\/\"},{\"@type\":\"ListItem\",\"position\":3,\"name\":\"NY Timbre Ordinaire 2019 \u2013 US$ 0,85 Feuille enti\u00e8re\"}]},{\"@type\":\"WebSite\",\"@id\":\"https:\\\/\\\/unstamps.org\\\/fr\\\/#website\",\"url\":\"https:\\\/\\\/unstamps.org\\\/fr\\\/\",\"name\":\"UN Stamps\",\"description\":\"United Nations Stamps\",\"publisher\":{\"@id\":\"https:\\\/\\\/unstamps.org\\\/fr\\\/#organization\"},\"potentialAction\":[{\"@type\":\"SearchAction\",\"target\":{\"@type\":\"EntryPoint\",\"urlTemplate\":\"https:\\\/\\\/unstamps.org\\\/fr\\\/?s={search_term_string}\"},\"query-input\":{\"@type\":\"PropertyValueSpecification\",\"valueRequired\":true,\"valueName\":\"search_term_string\"}}],\"inLanguage\":\"fr-FR\"},{\"@type\":\"Organization\",\"@id\":\"https:\\\/\\\/unstamps.org\\\/fr\\\/#organization\",\"name\":\"UN Stamps\",\"url\":\"https:\\\/\\\/unstamps.org\\\/fr\\\/\",\"logo\":{\"@type\":\"ImageObject\",\"inLanguage\":\"fr-FR\",\"@id\":\"https:\\\/\\\/unstamps.org\\\/fr\\\/#\\\/schema\\\/logo\\\/image\\\/\",\"url\":\"https:\\\/\\\/unstamps.org\\\/wp-content\\\/uploads\\\/2014\\\/01\\\/logo4web.jpg\",\"contentUrl\":\"https:\\\/\\\/unstamps.org\\\/wp-content\\\/uploads\\\/2014\\\/01\\\/logo4web.jpg\",\"width\":2500,\"height\":250,\"caption\":\"UN Stamps\"},\"image\":{\"@id\":\"https:\\\/\\\/unstamps.org\\\/fr\\\/#\\\/schema\\\/logo\\\/image\\\/\"}}]}<\/script>\n<!-- \/ Yoast SEO plugin. -->","yoast_head_json":{"title":"NY Timbre Ordinaire 2019 \u2013 US$ 0,85 Feuille enti\u00e8re - UN Timbres","robots":{"index":"index","follow":"follow","max-snippet":"max-snippet:-1","max-image-preview":"max-image-preview:large","max-video-preview":"max-video-preview:-1"},"canonical":"https:\/\/unstamps.org\/fr\/produit\/ny-timbre-ordinaire-2019-us-085-feuille-entiere\/","og_locale":"fr_FR","og_type":"article","og_title":"NY Timbre Ordinaire 2019 \u2013 US$ 0,85 Feuille enti\u00e8re - UN Timbres","og_description":"Mettre fin \u00e0 l\u2019exploitation et aux abus sexuels L\u2019objectif de ce timbre est de sensibiliser le monde entier au probl\u00e8me de l\u2019exploitation et des abus sexuels, qui n\u2019\u00e9pargne aucune institution, et de lutter contre la stigmatisation et la discrimination auxquelles les victimes doivent faire face. L\u2019Organisation des Nations Unies reconna\u00eet qu\u2019elle a la responsabilit\u00e9 unique [&hellip;]","og_url":"https:\/\/unstamps.org\/fr\/produit\/ny-timbre-ordinaire-2019-us-085-feuille-entiere\/","og_site_name":"UN Timbres","article_modified_time":"2026-01-09T15:26:22+00:00","og_image":[{"width":1024,"height":1024,"url":"https:\/\/unstamps.org\/wp-content\/uploads\/2019\/03\/DEF19_SSEAGEM_NY-sheet.jpg","type":"image\/jpeg"}],"twitter_card":"summary_large_image","twitter_misc":{"Dur\u00e9e de lecture estim\u00e9e":"1 minute"},"schema":{"@context":"https:\/\/schema.org","@graph":[{"@type":"WebPage","@id":"https:\/\/unstamps.org\/fr\/produit\/ny-timbre-ordinaire-2019-us-085-feuille-entiere\/","url":"https:\/\/unstamps.org\/fr\/produit\/ny-timbre-ordinaire-2019-us-085-feuille-entiere\/","name":"NY Timbre Ordinaire 2019 \u2013 US$ 0,85 Feuille enti\u00e8re - UN Timbres","isPartOf":{"@id":"https:\/\/unstamps.org\/fr\/#website"},"primaryImageOfPage":{"@id":"https:\/\/unstamps.org\/fr\/produit\/ny-timbre-ordinaire-2019-us-085-feuille-entiere\/#primaryimage"},"image":{"@id":"https:\/\/unstamps.org\/fr\/produit\/ny-timbre-ordinaire-2019-us-085-feuille-entiere\/#primaryimage"},"thumbnailUrl":"https:\/\/unstamps.org\/wp-content\/uploads\/2019\/03\/DEF19_SSEAGEM_NY-sheet.jpg","datePublished":"2019-03-11T15:33:28+00:00","dateModified":"2026-01-09T15:26:22+00:00","breadcrumb":{"@id":"https:\/\/unstamps.org\/fr\/produit\/ny-timbre-ordinaire-2019-us-085-feuille-entiere\/#breadcrumb"},"inLanguage":"fr-FR","potentialAction":[{"@type":"ReadAction","target":["https:\/\/unstamps.org\/fr\/produit\/ny-timbre-ordinaire-2019-us-085-feuille-entiere\/"]}]},{"@type":"ImageObject","inLanguage":"fr-FR","@id":"https:\/\/unstamps.org\/fr\/produit\/ny-timbre-ordinaire-2019-us-085-feuille-entiere\/#primaryimage","url":"https:\/\/unstamps.org\/wp-content\/uploads\/2019\/03\/DEF19_SSEAGEM_NY-sheet.jpg","contentUrl":"https:\/\/unstamps.org\/wp-content\/uploads\/2019\/03\/DEF19_SSEAGEM_NY-sheet.jpg","width":1024,"height":1024},{"@type":"BreadcrumbList","@id":"https:\/\/unstamps.org\/fr\/produit\/ny-timbre-ordinaire-2019-us-085-feuille-entiere\/#breadcrumb","itemListElement":[{"@type":"ListItem","position":1,"name":"Home","item":"https:\/\/unstamps.org\/fr\/"},{"@type":"ListItem","position":2,"name":"Les produits","item":"https:\/\/unstamps.org\/fr\/les-produits\/"},{"@type":"ListItem","position":3,"name":"NY Timbre Ordinaire 2019 \u2013 US$ 0,85 Feuille enti\u00e8re"}]},{"@type":"WebSite","@id":"https:\/\/unstamps.org\/fr\/#website","url":"https:\/\/unstamps.org\/fr\/","name":"UN Stamps","description":"United Nations Stamps","publisher":{"@id":"https:\/\/unstamps.org\/fr\/#organization"},"potentialAction":[{"@type":"SearchAction","target":{"@type":"EntryPoint","urlTemplate":"https:\/\/unstamps.org\/fr\/?s={search_term_string}"},"query-input":{"@type":"PropertyValueSpecification","valueRequired":true,"valueName":"search_term_string"}}],"inLanguage":"fr-FR"},{"@type":"Organization","@id":"https:\/\/unstamps.org\/fr\/#organization","name":"UN Stamps","url":"https:\/\/unstamps.org\/fr\/","logo":{"@type":"ImageObject","inLanguage":"fr-FR","@id":"https:\/\/unstamps.org\/fr\/#\/schema\/logo\/image\/","url":"https:\/\/unstamps.org\/wp-content\/uploads\/2014\/01\/logo4web.jpg","contentUrl":"https:\/\/unstamps.org\/wp-content\/uploads\/2014\/01\/logo4web.jpg","width":2500,"height":250,"caption":"UN Stamps"},"image":{"@id":"https:\/\/unstamps.org\/fr\/#\/schema\/logo\/image\/"}}]}},"jetpack_sharing_enabled":true,"publishpress_future_action":{"enabled":false,"date":"2026-04-17 10:00:12","action":"change-status","newStatus":"private","terms":[],"taxonomy":"product_cat","extraData":[]},"publishpress_future_workflow_manual_trigger":{"enabledWorkflows":[]},"_links":{"self":[{"href":"https:\/\/unstamps.org\/fr\/wp-json\/wp\/v2\/product\/65480","targetHints":{"allow":["GET"]}}],"collection":[{"href":"https:\/\/unstamps.org\/fr\/wp-json\/wp\/v2\/product"}],"about":[{"href":"https:\/\/unstamps.org\/fr\/wp-json\/wp\/v2\/types\/product"}],"replies":[{"embeddable":true,"href":"https:\/\/unstamps.org\/fr\/wp-json\/wp\/v2\/comments?post=65480"}],"wp:featuredmedia":[{"embeddable":true,"href":"https:\/\/unstamps.org\/fr\/wp-json\/wp\/v2\/media\/65593"}],"wp:attachment":[{"href":"https:\/\/unstamps.org\/fr\/wp-json\/wp\/v2\/media?parent=65480"}],"wp:term":[{"taxonomy":"product_brand","embeddable":true,"href":"https:\/\/unstamps.org\/fr\/wp-json\/wp\/v2\/product_brand?post=65480"},{"taxonomy":"product_cat","embeddable":true,"href":"https:\/\/unstamps.org\/fr\/wp-json\/wp\/v2\/product_cat?post=65480"},{"taxonomy":"product_tag","embeddable":true,"href":"https:\/\/unstamps.org\/fr\/wp-json\/wp\/v2\/product_tag?post=65480"}],"curies":[{"name":"wp","href":"https:\/\/api.w.org\/{rel}","templated":true}]}}