{"id":65429,"date":"2019-03-11T12:21:16","date_gmt":"2019-03-11T16:21:52","guid":{"rendered":"https:\/\/unstamps.org\/?post_type=product&#038;p=65429"},"modified":"2024-01-26T10:43:49","modified_gmt":"2024-01-26T15:43:49","slug":"2019-timbres-ordinaires","status":"publish","type":"product","link":"https:\/\/unstamps.org\/fr\/produit\/2019-timbres-ordinaires\/","title":{"rendered":"2019 Timbres Ordinaires"},"content":{"rendered":"<p>Le 15 mars 2019, l\u2019APNU \u00e9met trois timbres ordinaires sur les th\u00e8mes suivants: \u00ab Mettre fin \u00e0 l\u2019exploitation et aux abus sexuels \u00bb, \u00ab \u00c9galit\u00e9 des sexes \u00bb et \u00ab Migrations \u00bb.<\/p>\n<p><strong>Mettre fin \u00e0 l\u2019exploitation et aux abus sexuels<\/strong><\/p>\n<p>L\u2019objectif de ce timbre est de sensibiliser le monde entier au probl\u00e8me de l\u2019exploitation et des abus sexuels, qui n\u2019\u00e9pargne aucune institution, et de lutter contre la stigmatisation et la discrimination auxquelles les victimes doivent faire face. L\u2019Organisation des Nations Unies reconna\u00eet qu\u2019elle a la responsabilit\u00e9 unique d\u2019\u00e9tablir des normes mondiales, de la pr\u00e9vention \u00e0 l\u2019intervention, pour lutter contre l\u2019exploitation et les abus sexuels.<\/p>\n<p>Le Secr\u00e9taire g\u00e9n\u00e9ral de l\u2019Organisation des Nations Unies Ant\u00f3nio Guterres s\u2019est engag\u00e9 \u00e0 faire tout ce qui est en son pouvoir, en partenariat avec les \u00c9tats Membres et la soci\u00e9t\u00e9 civile, pour \u00e9liminer l\u2019exploitation et les abus sexuels. S\u2019appuyant sur la politique actuelle de tol\u00e9rance z\u00e9ro, l\u2019Organisation des Nations Unies a \u00e9labor\u00e9 une strat\u00e9gie visant \u00e0 susciter un changement culturel et op\u00e9rationnel pour am\u00e9liorer radicalement la mani\u00e8re dont elle pr\u00e9vient et r\u00e9prime l\u2019exploitation et les abus sexuels. Pi\u00e8ce ma\u00eetresse de cette strat\u00e9gie, le Secr\u00e9taire g\u00e9n\u00e9ral a fait des droits et de la dignit\u00e9 des victimes une priorit\u00e9 absolue. La pr\u00e9vention et la responsabilit\u00e9 sont au c\u0153ur de la mise en \u0153uvre de la politique de tol\u00e9rance z\u00e9ro, de m\u00eame que les mesures connexes de sensibilisation du public, de formation et d\u2019\u00e9valuation des risques.<\/p>\n<p>Pour plus d\u2019informations \u00e0 ce sujet, veuillez consulter le site web :<br \/>\n<a href=\"http:\/\/www.un.org\/preventing-sexual-exploitation-and-abuse\" target=\"_blank\" rel=\"noopener noreferrer\">www.un.org\/preventing-sexual-exploitation-and-abuse<\/a>.<\/p>\n<p><strong>\u00c9galit\u00e9 des sexes<\/strong><\/p>\n<p>L\u2019\u00e9galit\u00e9 des sexes n\u2019est pas seulement un droit de l\u2019homme fondamental, c\u2019est aussi un fondement n\u00e9cessaire pour un monde pacifique, prosp\u00e8re et durable. Les femmes et les filles repr\u00e9sentent la moiti\u00e9 de la population mondiale et donc aussi la moiti\u00e9 de son potentiel. Bien que des progr\u00e8s aient \u00e9t\u00e9 accomplis sur la voie de l\u2019\u00e9galit\u00e9 des sexes et de l\u2019autonomisation des femmes, elles continuent d\u2019\u00eatre victimes de discrimination et de violence partout dans le monde. L\u2019\u00e9galit\u00e9 d\u2019acc\u00e8s des femmes et des filles \u00e0 l\u2019\u00e9ducation, aux soins de sant\u00e9, \u00e0 un travail d\u00e9cent et \u00e0 une repr\u00e9sentation dans les processus de prises de d\u00e9cision politiques et \u00e9conomiques contribuera \u00e0 une \u00e9conomie durable et profitera aux soci\u00e9t\u00e9s et \u00e0 l\u2019humanit\u00e9 tout enti\u00e8re.<\/p>\n<p>La mise en \u0153uvre de nouveaux cadres juridiques concernant l\u2019\u00e9galit\u00e9 des femmes sur le lieu de travail et l\u2019\u00e9radication des pratiques n\u00e9fastes visant les femmes sont cruciales pour mettre un terme \u00e0 la discrimination fond\u00e9e sur le sexe. L\u2019objectif de d\u00e9veloppement durable n\u00b0 5 \u2012 Parvenir \u00e0 l\u2019\u00e9galit\u00e9 des sexes et autonomiser toutes les femmes et les filles \u2012 s\u2019attaque sp\u00e9cifiquement \u00e0 ces questions.<\/p>\n<p>Pour plus d\u2019informations sur cet objectif ainsi que sur les autres objectifs de d\u00e9veloppement durable, veuillez consulter le site web : <a href=\"http:\/\/www.un.org\/sustainabledevelopment\" target=\"_blank\" rel=\"noopener noreferrer\">www.un.org\/sustainabledevelopment<\/a>.<\/p>\n<p><strong>Migrations<\/strong><\/p>\n<p>Un nombre record de r\u00e9fugi\u00e9s et de migrants franchissent les fronti\u00e8res internationales en vue de fuir les conflits, les pers\u00e9cutions, la pauvret\u00e9 et d\u2019autres situations mettant leur vie en danger, de r\u00e9pondre aux p\u00e9nuries de main-d\u2019\u0153uvre et de comp\u00e9tences et aux changements d\u00e9mographiques et de chercher de meilleures opportunit\u00e9s ailleurs.<br \/>\nLes migrations offrent d\u2019immenses opportunit\u00e9s et avantages pour les migrants, les communaut\u00e9s d\u2019accueil et les communaut\u00e9s d\u2019origine. Cependant, quand elles sont mal r\u00e9glement\u00e9es, elles peuvent cr\u00e9er des probl\u00e8mes importants, notamment l\u2019\u00e9crasement des infrastructures sociales avec l\u2019arriv\u00e9e inattendue d\u2019un grand nombre de personnes et la mort de migrants qui entreprennent des voyages dangereux.<br \/>\nL\u2019Organisation des Nations Unies a mis en \u0153uvre plusieurs initiatives visant \u00e0 faire face \u00e0 ces probl\u00e8mes. En 2016, l\u2019Assembl\u00e9e g\u00e9n\u00e9rale des Nations Unies a d\u00e9cid\u00e9 d\u2019\u00e9laborer un pacte mondial pour des migrations s\u00fbres, ordonn\u00e9es et r\u00e9guli\u00e8res gr\u00e2ce \u00e0 l\u2019adoption de la D\u00e9claration de New York pour les r\u00e9fugi\u00e9s et les migrants. En juillet 2018, les \u00c9tats Membres ont achev\u00e9 la r\u00e9daction du texte du pacte mondial pour des migrations s\u00fbres, ordonn\u00e9es et r\u00e9guli\u00e8res, qui a \u00e9t\u00e9 formellement adopt\u00e9 par les \u00c9tats Membres lors de la conf\u00e9rence intergouvernementale qui s\u2019est tenue \u00e0 Marrakech (Maroc) en d\u00e9cembre 2018.<br \/>\nPour plus d\u2019informations \u00e0 ce sujet, veuillez consulter le site web : <a href=\"http:\/\/www.refugeesmigrants.un.org\" target=\"_blank\" rel=\"noopener noreferrer\">www.refugeesmigrants.un.org<\/a>.<\/p>\n<p><strong>L\u2019ARTISTE<\/strong><\/p>\n<p>Chris Gash est un illustrateur conceptuel dont on peut voir les travaux dans le New Yorker, le New York Times, le Wall Street Journal, Time, The Atlantic, Scientific American, Politico, Fortune, Variety, Golf Digest et beaucoup d\u2019autres publications. Il a collabor\u00e9 avec nombre de grandes et petites entreprises, d\u2019universit\u00e9s et de studios de design, parmi lesquels Southwest Airlines, l\u2019Universit\u00e9 Harvard, Barnes &amp; Noble, Nickelodeon, Delta Airlines, Energizer, Wells Fargo, la BBC, l\u2019Universit\u00e9 de New York, Fred &amp; Friends, EmDash, Taylor Design, 2Communiqu\u00e9 et Pentagram. L\u2019Organisation des Nations Unies est venue tout r\u00e9cemment s\u2019ajouter \u00e0 cette liste.<\/p>\n<p>Les \u0153uvres de Chris ont \u00e9t\u00e9 distingu\u00e9es par la Society of Illustrators, Communication Arts, American Illustration, 3&#215;3, L\u00fcrzer\u2019s Archive (dans le num\u00e9ro sp\u00e9cial 200 Best Illustrators), Creative Quarterly et la Society of illustrators de Los Angeles (SILA), et deux de ses illustrations ont servi au spectacle The Illustrated Letter repr\u00e9sent\u00e9 au si\u00e8ge du New York Times. Le quotidien new-yorkais lui a \u00e9galement fait l\u2019honneur de retenir l\u2019une de ses illustrations dans son Notable Opinion Art, qui pr\u00e9sentait une s\u00e9lection de 20 images sur les quelque 1400 parues cette ann\u00e9e-l\u00e0 dans les pages opinion du journal.<\/p>\n<p>Chris vit \u00e0 Montclair (New Jersey) entour\u00e9 de sa charmante \u00e9pouse et ses quatre enfants.<\/p>\n","protected":false},"excerpt":{"rendered":"<p>Le 15 mars 2019, l\u2019APNU \u00e9met trois timbres ordinaires sur les th\u00e8mes suivants: \u00ab Mettre fin \u00e0 l\u2019exploitation et aux abus sexuels \u00bb, \u00ab \u00c9galit\u00e9 des sexes \u00bb et \u00ab Migrations \u00bb. Mettre fin \u00e0 l\u2019exploitation et aux abus sexuels L\u2019objectif de ce timbre est de sensibiliser le monde entier au probl\u00e8me de l\u2019exploitation et [&hellip;]<\/p>\n","protected":false},"featured_media":65569,"comment_status":"closed","ping_status":"closed","template":"","meta":{"ngg_post_thumbnail":0},"product_brand":[],"product_cat":[153],"product_tag":[],"class_list":{"0":"post-65429","1":"product","2":"type-product","3":"status-publish","4":"has-post-thumbnail","6":"product_cat-timbres-ordinaires","8":"first","9":"instock","10":"shipping-taxable","11":"product-type-grouped"},"yoast_head":"<!-- This site is optimized with the Yoast SEO plugin v27.3 - https:\/\/yoast.com\/product\/yoast-seo-wordpress\/ -->\n<title>2019 Timbres Ordinaires - UN Timbres<\/title>\n<meta name=\"robots\" content=\"index, follow, max-snippet:-1, max-image-preview:large, max-video-preview:-1\" \/>\n<link rel=\"canonical\" href=\"https:\/\/unstamps.org\/fr\/produit\/2019-timbres-ordinaires\/\" \/>\n<meta property=\"og:locale\" content=\"fr_FR\" \/>\n<meta property=\"og:type\" content=\"article\" \/>\n<meta property=\"og:title\" content=\"2019 Timbres Ordinaires - UN Timbres\" \/>\n<meta property=\"og:description\" content=\"Le 15 mars 2019, l\u2019APNU \u00e9met trois timbres ordinaires sur les th\u00e8mes suivants: \u00ab Mettre fin \u00e0 l\u2019exploitation et aux abus sexuels \u00bb, \u00ab \u00c9galit\u00e9 des sexes \u00bb et \u00ab Migrations \u00bb. Mettre fin \u00e0 l\u2019exploitation et aux abus sexuels L\u2019objectif de ce timbre est de sensibiliser le monde entier au probl\u00e8me de l\u2019exploitation et [&hellip;]\" \/>\n<meta property=\"og:url\" content=\"https:\/\/unstamps.org\/fr\/produit\/2019-timbres-ordinaires\/\" \/>\n<meta property=\"og:site_name\" content=\"UN Timbres\" \/>\n<meta property=\"article:modified_time\" content=\"2024-01-26T15:43:49+00:00\" \/>\n<meta property=\"og:image\" content=\"https:\/\/unstamps.org\/wp-content\/uploads\/2019\/03\/DEF19-SSEAGEM_stamp_main-page.jpg\" \/>\n\t<meta property=\"og:image:width\" content=\"1024\" \/>\n\t<meta property=\"og:image:height\" content=\"1024\" \/>\n\t<meta property=\"og:image:type\" content=\"image\/jpeg\" \/>\n<meta name=\"twitter:card\" content=\"summary_large_image\" \/>\n<meta name=\"twitter:label1\" content=\"Dur\u00e9e de lecture estim\u00e9e\" \/>\n\t<meta name=\"twitter:data1\" content=\"5 minutes\" \/>\n<script type=\"application\/ld+json\" class=\"yoast-schema-graph\">{\"@context\":\"https:\\\/\\\/schema.org\",\"@graph\":[{\"@type\":\"WebPage\",\"@id\":\"https:\\\/\\\/unstamps.org\\\/fr\\\/produit\\\/2019-timbres-ordinaires\\\/\",\"url\":\"https:\\\/\\\/unstamps.org\\\/fr\\\/produit\\\/2019-timbres-ordinaires\\\/\",\"name\":\"2019 Timbres Ordinaires - UN Timbres\",\"isPartOf\":{\"@id\":\"https:\\\/\\\/unstamps.org\\\/fr\\\/#website\"},\"primaryImageOfPage\":{\"@id\":\"https:\\\/\\\/unstamps.org\\\/fr\\\/produit\\\/2019-timbres-ordinaires\\\/#primaryimage\"},\"image\":{\"@id\":\"https:\\\/\\\/unstamps.org\\\/fr\\\/produit\\\/2019-timbres-ordinaires\\\/#primaryimage\"},\"thumbnailUrl\":\"https:\\\/\\\/unstamps.org\\\/wp-content\\\/uploads\\\/2019\\\/03\\\/DEF19-SSEAGEM_stamp_main-page.jpg\",\"datePublished\":\"2019-03-11T16:21:52+00:00\",\"dateModified\":\"2024-01-26T15:43:49+00:00\",\"breadcrumb\":{\"@id\":\"https:\\\/\\\/unstamps.org\\\/fr\\\/produit\\\/2019-timbres-ordinaires\\\/#breadcrumb\"},\"inLanguage\":\"fr-FR\",\"potentialAction\":[{\"@type\":\"ReadAction\",\"target\":[\"https:\\\/\\\/unstamps.org\\\/fr\\\/produit\\\/2019-timbres-ordinaires\\\/\"]}]},{\"@type\":\"ImageObject\",\"inLanguage\":\"fr-FR\",\"@id\":\"https:\\\/\\\/unstamps.org\\\/fr\\\/produit\\\/2019-timbres-ordinaires\\\/#primaryimage\",\"url\":\"https:\\\/\\\/unstamps.org\\\/wp-content\\\/uploads\\\/2019\\\/03\\\/DEF19-SSEAGEM_stamp_main-page.jpg\",\"contentUrl\":\"https:\\\/\\\/unstamps.org\\\/wp-content\\\/uploads\\\/2019\\\/03\\\/DEF19-SSEAGEM_stamp_main-page.jpg\",\"width\":1024,\"height\":1024},{\"@type\":\"BreadcrumbList\",\"@id\":\"https:\\\/\\\/unstamps.org\\\/fr\\\/produit\\\/2019-timbres-ordinaires\\\/#breadcrumb\",\"itemListElement\":[{\"@type\":\"ListItem\",\"position\":1,\"name\":\"Home\",\"item\":\"https:\\\/\\\/unstamps.org\\\/fr\\\/\"},{\"@type\":\"ListItem\",\"position\":2,\"name\":\"Les produits\",\"item\":\"https:\\\/\\\/unstamps.org\\\/fr\\\/les-produits\\\/\"},{\"@type\":\"ListItem\",\"position\":3,\"name\":\"2019 Timbres Ordinaires\"}]},{\"@type\":\"WebSite\",\"@id\":\"https:\\\/\\\/unstamps.org\\\/fr\\\/#website\",\"url\":\"https:\\\/\\\/unstamps.org\\\/fr\\\/\",\"name\":\"UN Stamps\",\"description\":\"United Nations Stamps\",\"publisher\":{\"@id\":\"https:\\\/\\\/unstamps.org\\\/fr\\\/#organization\"},\"potentialAction\":[{\"@type\":\"SearchAction\",\"target\":{\"@type\":\"EntryPoint\",\"urlTemplate\":\"https:\\\/\\\/unstamps.org\\\/fr\\\/?s={search_term_string}\"},\"query-input\":{\"@type\":\"PropertyValueSpecification\",\"valueRequired\":true,\"valueName\":\"search_term_string\"}}],\"inLanguage\":\"fr-FR\"},{\"@type\":\"Organization\",\"@id\":\"https:\\\/\\\/unstamps.org\\\/fr\\\/#organization\",\"name\":\"UN Stamps\",\"url\":\"https:\\\/\\\/unstamps.org\\\/fr\\\/\",\"logo\":{\"@type\":\"ImageObject\",\"inLanguage\":\"fr-FR\",\"@id\":\"https:\\\/\\\/unstamps.org\\\/fr\\\/#\\\/schema\\\/logo\\\/image\\\/\",\"url\":\"https:\\\/\\\/unstamps.org\\\/wp-content\\\/uploads\\\/2014\\\/01\\\/logo4web.jpg\",\"contentUrl\":\"https:\\\/\\\/unstamps.org\\\/wp-content\\\/uploads\\\/2014\\\/01\\\/logo4web.jpg\",\"width\":2500,\"height\":250,\"caption\":\"UN Stamps\"},\"image\":{\"@id\":\"https:\\\/\\\/unstamps.org\\\/fr\\\/#\\\/schema\\\/logo\\\/image\\\/\"}}]}<\/script>\n<!-- \/ Yoast SEO plugin. -->","yoast_head_json":{"title":"2019 Timbres Ordinaires - UN Timbres","robots":{"index":"index","follow":"follow","max-snippet":"max-snippet:-1","max-image-preview":"max-image-preview:large","max-video-preview":"max-video-preview:-1"},"canonical":"https:\/\/unstamps.org\/fr\/produit\/2019-timbres-ordinaires\/","og_locale":"fr_FR","og_type":"article","og_title":"2019 Timbres Ordinaires - UN Timbres","og_description":"Le 15 mars 2019, l\u2019APNU \u00e9met trois timbres ordinaires sur les th\u00e8mes suivants: \u00ab Mettre fin \u00e0 l\u2019exploitation et aux abus sexuels \u00bb, \u00ab \u00c9galit\u00e9 des sexes \u00bb et \u00ab Migrations \u00bb. Mettre fin \u00e0 l\u2019exploitation et aux abus sexuels L\u2019objectif de ce timbre est de sensibiliser le monde entier au probl\u00e8me de l\u2019exploitation et [&hellip;]","og_url":"https:\/\/unstamps.org\/fr\/produit\/2019-timbres-ordinaires\/","og_site_name":"UN Timbres","article_modified_time":"2024-01-26T15:43:49+00:00","og_image":[{"width":1024,"height":1024,"url":"https:\/\/unstamps.org\/wp-content\/uploads\/2019\/03\/DEF19-SSEAGEM_stamp_main-page.jpg","type":"image\/jpeg"}],"twitter_card":"summary_large_image","twitter_misc":{"Dur\u00e9e de lecture estim\u00e9e":"5 minutes"},"schema":{"@context":"https:\/\/schema.org","@graph":[{"@type":"WebPage","@id":"https:\/\/unstamps.org\/fr\/produit\/2019-timbres-ordinaires\/","url":"https:\/\/unstamps.org\/fr\/produit\/2019-timbres-ordinaires\/","name":"2019 Timbres Ordinaires - UN Timbres","isPartOf":{"@id":"https:\/\/unstamps.org\/fr\/#website"},"primaryImageOfPage":{"@id":"https:\/\/unstamps.org\/fr\/produit\/2019-timbres-ordinaires\/#primaryimage"},"image":{"@id":"https:\/\/unstamps.org\/fr\/produit\/2019-timbres-ordinaires\/#primaryimage"},"thumbnailUrl":"https:\/\/unstamps.org\/wp-content\/uploads\/2019\/03\/DEF19-SSEAGEM_stamp_main-page.jpg","datePublished":"2019-03-11T16:21:52+00:00","dateModified":"2024-01-26T15:43:49+00:00","breadcrumb":{"@id":"https:\/\/unstamps.org\/fr\/produit\/2019-timbres-ordinaires\/#breadcrumb"},"inLanguage":"fr-FR","potentialAction":[{"@type":"ReadAction","target":["https:\/\/unstamps.org\/fr\/produit\/2019-timbres-ordinaires\/"]}]},{"@type":"ImageObject","inLanguage":"fr-FR","@id":"https:\/\/unstamps.org\/fr\/produit\/2019-timbres-ordinaires\/#primaryimage","url":"https:\/\/unstamps.org\/wp-content\/uploads\/2019\/03\/DEF19-SSEAGEM_stamp_main-page.jpg","contentUrl":"https:\/\/unstamps.org\/wp-content\/uploads\/2019\/03\/DEF19-SSEAGEM_stamp_main-page.jpg","width":1024,"height":1024},{"@type":"BreadcrumbList","@id":"https:\/\/unstamps.org\/fr\/produit\/2019-timbres-ordinaires\/#breadcrumb","itemListElement":[{"@type":"ListItem","position":1,"name":"Home","item":"https:\/\/unstamps.org\/fr\/"},{"@type":"ListItem","position":2,"name":"Les produits","item":"https:\/\/unstamps.org\/fr\/les-produits\/"},{"@type":"ListItem","position":3,"name":"2019 Timbres Ordinaires"}]},{"@type":"WebSite","@id":"https:\/\/unstamps.org\/fr\/#website","url":"https:\/\/unstamps.org\/fr\/","name":"UN Stamps","description":"United Nations Stamps","publisher":{"@id":"https:\/\/unstamps.org\/fr\/#organization"},"potentialAction":[{"@type":"SearchAction","target":{"@type":"EntryPoint","urlTemplate":"https:\/\/unstamps.org\/fr\/?s={search_term_string}"},"query-input":{"@type":"PropertyValueSpecification","valueRequired":true,"valueName":"search_term_string"}}],"inLanguage":"fr-FR"},{"@type":"Organization","@id":"https:\/\/unstamps.org\/fr\/#organization","name":"UN Stamps","url":"https:\/\/unstamps.org\/fr\/","logo":{"@type":"ImageObject","inLanguage":"fr-FR","@id":"https:\/\/unstamps.org\/fr\/#\/schema\/logo\/image\/","url":"https:\/\/unstamps.org\/wp-content\/uploads\/2014\/01\/logo4web.jpg","contentUrl":"https:\/\/unstamps.org\/wp-content\/uploads\/2014\/01\/logo4web.jpg","width":2500,"height":250,"caption":"UN Stamps"},"image":{"@id":"https:\/\/unstamps.org\/fr\/#\/schema\/logo\/image\/"}}]}},"jetpack_sharing_enabled":true,"publishpress_future_action":{"enabled":false,"date":"2026-04-12 14:20:41","action":"change-status","newStatus":"private","terms":[],"taxonomy":"product_cat","extraData":[]},"publishpress_future_workflow_manual_trigger":{"enabledWorkflows":[]},"_links":{"self":[{"href":"https:\/\/unstamps.org\/fr\/wp-json\/wp\/v2\/product\/65429","targetHints":{"allow":["GET"]}}],"collection":[{"href":"https:\/\/unstamps.org\/fr\/wp-json\/wp\/v2\/product"}],"about":[{"href":"https:\/\/unstamps.org\/fr\/wp-json\/wp\/v2\/types\/product"}],"replies":[{"embeddable":true,"href":"https:\/\/unstamps.org\/fr\/wp-json\/wp\/v2\/comments?post=65429"}],"wp:featuredmedia":[{"embeddable":true,"href":"https:\/\/unstamps.org\/fr\/wp-json\/wp\/v2\/media\/65569"}],"wp:attachment":[{"href":"https:\/\/unstamps.org\/fr\/wp-json\/wp\/v2\/media?parent=65429"}],"wp:term":[{"taxonomy":"product_brand","embeddable":true,"href":"https:\/\/unstamps.org\/fr\/wp-json\/wp\/v2\/product_brand?post=65429"},{"taxonomy":"product_cat","embeddable":true,"href":"https:\/\/unstamps.org\/fr\/wp-json\/wp\/v2\/product_cat?post=65429"},{"taxonomy":"product_tag","embeddable":true,"href":"https:\/\/unstamps.org\/fr\/wp-json\/wp\/v2\/product_tag?post=65429"}],"curies":[{"name":"wp","href":"https:\/\/api.w.org\/{rel}","templated":true}]}}