{"id":62490,"date":"2018-10-01T11:13:19","date_gmt":"2018-10-01T15:14:06","guid":{"rendered":"https:\/\/unstamps.org\/?post_type=product&#038;p=62490"},"modified":"2026-01-09T10:09:01","modified_gmt":"2026-01-09T15:09:01","slug":"vi-timbre-ordinaire-2018-e-090-feuille-entiere","status":"publish","type":"product","link":"https:\/\/unstamps.org\/fr\/produit\/vi-timbre-ordinaire-2018-e-090-feuille-entiere\/","title":{"rendered":"VI Timbre Ordinaire 2018 \u2013 \u20ac 0,90 Feuille enti\u00e8re"},"content":{"rendered":"<p>Le 2 octobre 2018, l\u2019APNU \u00e9mettra trois timbres ordinaires illustrant le \u00ab Revolver au canon nou\u00e9 \u2013 Non Violence \u00bb. Cette sculpture bien connue en faveur de la paix et de la non-violence a \u00e9t\u00e9 cr\u00e9\u00e9e en 1980 par l\u2019artiste su\u00e9dois Carl Fredrik Reutersw\u00e4rd en hommage \u00e0 John Lennon. Des sculptures du Revolver au canon nou\u00e9 sont expos\u00e9es dans plus de 30 endroits strat\u00e9giques dans le monde, y compris au Si\u00e8ge de l\u2019ONU \u00e0 New York, au Mus\u00e9e olympique de Lausanne et dans le Parc de Chaoyang \u00e0 Beijing.<\/p>\n<p>Le Revolver au canon nou\u00e9, sculpture en hommage \u00e0 la non-violence, est utilis\u00e9e comme symbole par la Non-Violence Project Foundation, organisation \u00e0 but non lucratif qui promeut la paix et le changement social par l\u2019\u00e9ducation, afin d\u2019inspirer et de motiver les jeunes et de les amener \u00e0 comprendre comment r\u00e9soudre pacifiquement les conflits. L\u2019illustration du timbre ordinaire de US$ 0,01 est une gravure de Martin M\u00f6rck (Norv\u00e8ge). Les timbres ordinaires de \u20ac 0,90 et de \u20ac 2,30 repr\u00e9sentent des sculptures peintes de revolver qui s\u2019inscrivent dans le cadre du Non-Violence Art Project. Pour de plus amples informations sur la Non-Violence Project Foundation, veuillez consulter le site: <a href=\"http:\/\/www.nonviolence.com\" target=\"_blank\" rel=\"noopener noreferrer\">www.nonviolence.com<\/a>.<\/p>\n<p><strong>Date d\u2019\u00e9mission: <\/strong>2 octobre 2018<br \/>\n<strong>Description: <\/strong>Revolver au canon nou\u00e9 &#8211; Non Violence<br \/>\n<strong>Artiste: <\/strong>Carl Fredrik Reutersw\u00e4rd\/Johan Ernst Nilson<br \/>\n<strong>Valeur: <\/strong>\u20ac 0,90<br \/>\n<strong>Format de timbre: <\/strong>50mm x 30mm<br \/>\n<strong>Timbres par feuille: <\/strong>20<br \/>\n<strong>Imprimeur: <\/strong>Royal Joh. Ensched\u00e9(Pays-Bas)<br \/>\n<strong>Reproduction:<\/strong> Lithographie offset &#8211; (Hexachrome)<br \/>\n<strong>Dentelure: <\/strong>14 x 14.5<br \/>\n<strong>Quantit\u00e9: <\/strong>15.000 feuilles (300.000 timbres)<\/p>\n","protected":false},"excerpt":{"rendered":"<p>Le 2 octobre 2018, l\u2019APNU \u00e9mettra trois timbres ordinaires illustrant le \u00ab Revolver au canon nou\u00e9 \u2013 Non Violence \u00bb. Cette sculpture bien connue en faveur de la paix et de la non-violence a \u00e9t\u00e9 cr\u00e9\u00e9e en 1980 par l\u2019artiste su\u00e9dois Carl Fredrik Reutersw\u00e4rd en hommage \u00e0 John Lennon. Des sculptures du Revolver au canon [&hellip;]<\/p>\n","protected":false},"featured_media":62618,"comment_status":"closed","ping_status":"closed","template":"","meta":{"ngg_post_thumbnail":0},"product_brand":[],"product_cat":[961,156],"product_tag":[],"class_list":{"0":"post-62490","1":"product","2":"type-product","3":"status-publish","4":"has-post-thumbnail","6":"product_cat-2018-fr","7":"product_cat-vienne","8":"pa_condition-cancelled-fr","9":"pa_condition-mint-fr","11":"first","12":"instock","13":"shipping-taxable","14":"purchasable","15":"product-type-variable"},"yoast_head":"<!-- This site is optimized with the Yoast SEO plugin v27.3 - https:\/\/yoast.com\/product\/yoast-seo-wordpress\/ -->\n<title>VI Timbre Ordinaire 2018 \u2013 \u20ac 0,90 Feuille enti\u00e8re - UN Timbres<\/title>\n<meta name=\"robots\" content=\"index, follow, max-snippet:-1, max-image-preview:large, max-video-preview:-1\" \/>\n<link rel=\"canonical\" href=\"https:\/\/unstamps.org\/fr\/produit\/vi-timbre-ordinaire-2018-e-090-feuille-entiere\/\" \/>\n<meta property=\"og:locale\" content=\"fr_FR\" \/>\n<meta property=\"og:type\" content=\"article\" \/>\n<meta property=\"og:title\" content=\"VI Timbre Ordinaire 2018 \u2013 \u20ac 0,90 Feuille enti\u00e8re - UN Timbres\" \/>\n<meta property=\"og:description\" content=\"Le 2 octobre 2018, l\u2019APNU \u00e9mettra trois timbres ordinaires illustrant le \u00ab Revolver au canon nou\u00e9 \u2013 Non Violence \u00bb. Cette sculpture bien connue en faveur de la paix et de la non-violence a \u00e9t\u00e9 cr\u00e9\u00e9e en 1980 par l\u2019artiste su\u00e9dois Carl Fredrik Reutersw\u00e4rd en hommage \u00e0 John Lennon. Des sculptures du Revolver au canon [&hellip;]\" \/>\n<meta property=\"og:url\" content=\"https:\/\/unstamps.org\/fr\/produit\/vi-timbre-ordinaire-2018-e-090-feuille-entiere\/\" \/>\n<meta property=\"og:site_name\" content=\"UN Timbres\" \/>\n<meta property=\"article:modified_time\" content=\"2026-01-09T15:09:01+00:00\" \/>\n<meta property=\"og:image\" content=\"https:\/\/unstamps.org\/wp-content\/uploads\/2018\/09\/KNOTTEDGUN18_VI0.90-full-sheet.jpg\" \/>\n\t<meta property=\"og:image:width\" content=\"1024\" \/>\n\t<meta property=\"og:image:height\" content=\"1024\" \/>\n\t<meta property=\"og:image:type\" content=\"image\/jpeg\" \/>\n<meta name=\"twitter:card\" content=\"summary_large_image\" \/>\n<meta name=\"twitter:label1\" content=\"Dur\u00e9e de lecture estim\u00e9e\" \/>\n\t<meta name=\"twitter:data1\" content=\"1 minute\" \/>\n<script type=\"application\/ld+json\" class=\"yoast-schema-graph\">{\"@context\":\"https:\\\/\\\/schema.org\",\"@graph\":[{\"@type\":\"WebPage\",\"@id\":\"https:\\\/\\\/unstamps.org\\\/fr\\\/produit\\\/vi-timbre-ordinaire-2018-e-090-feuille-entiere\\\/\",\"url\":\"https:\\\/\\\/unstamps.org\\\/fr\\\/produit\\\/vi-timbre-ordinaire-2018-e-090-feuille-entiere\\\/\",\"name\":\"VI Timbre Ordinaire 2018 \u2013 \u20ac 0,90 Feuille enti\u00e8re - UN Timbres\",\"isPartOf\":{\"@id\":\"https:\\\/\\\/unstamps.org\\\/fr\\\/#website\"},\"primaryImageOfPage\":{\"@id\":\"https:\\\/\\\/unstamps.org\\\/fr\\\/produit\\\/vi-timbre-ordinaire-2018-e-090-feuille-entiere\\\/#primaryimage\"},\"image\":{\"@id\":\"https:\\\/\\\/unstamps.org\\\/fr\\\/produit\\\/vi-timbre-ordinaire-2018-e-090-feuille-entiere\\\/#primaryimage\"},\"thumbnailUrl\":\"https:\\\/\\\/unstamps.org\\\/wp-content\\\/uploads\\\/2018\\\/09\\\/KNOTTEDGUN18_VI0.90-full-sheet.jpg\",\"datePublished\":\"2018-10-01T15:14:06+00:00\",\"dateModified\":\"2026-01-09T15:09:01+00:00\",\"breadcrumb\":{\"@id\":\"https:\\\/\\\/unstamps.org\\\/fr\\\/produit\\\/vi-timbre-ordinaire-2018-e-090-feuille-entiere\\\/#breadcrumb\"},\"inLanguage\":\"fr-FR\",\"potentialAction\":[{\"@type\":\"ReadAction\",\"target\":[\"https:\\\/\\\/unstamps.org\\\/fr\\\/produit\\\/vi-timbre-ordinaire-2018-e-090-feuille-entiere\\\/\"]}]},{\"@type\":\"ImageObject\",\"inLanguage\":\"fr-FR\",\"@id\":\"https:\\\/\\\/unstamps.org\\\/fr\\\/produit\\\/vi-timbre-ordinaire-2018-e-090-feuille-entiere\\\/#primaryimage\",\"url\":\"https:\\\/\\\/unstamps.org\\\/wp-content\\\/uploads\\\/2018\\\/09\\\/KNOTTEDGUN18_VI0.90-full-sheet.jpg\",\"contentUrl\":\"https:\\\/\\\/unstamps.org\\\/wp-content\\\/uploads\\\/2018\\\/09\\\/KNOTTEDGUN18_VI0.90-full-sheet.jpg\",\"width\":1024,\"height\":1024},{\"@type\":\"BreadcrumbList\",\"@id\":\"https:\\\/\\\/unstamps.org\\\/fr\\\/produit\\\/vi-timbre-ordinaire-2018-e-090-feuille-entiere\\\/#breadcrumb\",\"itemListElement\":[{\"@type\":\"ListItem\",\"position\":1,\"name\":\"Home\",\"item\":\"https:\\\/\\\/unstamps.org\\\/fr\\\/\"},{\"@type\":\"ListItem\",\"position\":2,\"name\":\"Les produits\",\"item\":\"https:\\\/\\\/unstamps.org\\\/fr\\\/les-produits\\\/\"},{\"@type\":\"ListItem\",\"position\":3,\"name\":\"VI Timbre Ordinaire 2018 \u2013 \u20ac 0,90 Feuille enti\u00e8re\"}]},{\"@type\":\"WebSite\",\"@id\":\"https:\\\/\\\/unstamps.org\\\/fr\\\/#website\",\"url\":\"https:\\\/\\\/unstamps.org\\\/fr\\\/\",\"name\":\"UN Stamps\",\"description\":\"United Nations Stamps\",\"publisher\":{\"@id\":\"https:\\\/\\\/unstamps.org\\\/fr\\\/#organization\"},\"potentialAction\":[{\"@type\":\"SearchAction\",\"target\":{\"@type\":\"EntryPoint\",\"urlTemplate\":\"https:\\\/\\\/unstamps.org\\\/fr\\\/?s={search_term_string}\"},\"query-input\":{\"@type\":\"PropertyValueSpecification\",\"valueRequired\":true,\"valueName\":\"search_term_string\"}}],\"inLanguage\":\"fr-FR\"},{\"@type\":\"Organization\",\"@id\":\"https:\\\/\\\/unstamps.org\\\/fr\\\/#organization\",\"name\":\"UN Stamps\",\"url\":\"https:\\\/\\\/unstamps.org\\\/fr\\\/\",\"logo\":{\"@type\":\"ImageObject\",\"inLanguage\":\"fr-FR\",\"@id\":\"https:\\\/\\\/unstamps.org\\\/fr\\\/#\\\/schema\\\/logo\\\/image\\\/\",\"url\":\"https:\\\/\\\/unstamps.org\\\/wp-content\\\/uploads\\\/2014\\\/01\\\/logo4web.jpg\",\"contentUrl\":\"https:\\\/\\\/unstamps.org\\\/wp-content\\\/uploads\\\/2014\\\/01\\\/logo4web.jpg\",\"width\":2500,\"height\":250,\"caption\":\"UN Stamps\"},\"image\":{\"@id\":\"https:\\\/\\\/unstamps.org\\\/fr\\\/#\\\/schema\\\/logo\\\/image\\\/\"}}]}<\/script>\n<!-- \/ Yoast SEO plugin. -->","yoast_head_json":{"title":"VI Timbre Ordinaire 2018 \u2013 \u20ac 0,90 Feuille enti\u00e8re - UN Timbres","robots":{"index":"index","follow":"follow","max-snippet":"max-snippet:-1","max-image-preview":"max-image-preview:large","max-video-preview":"max-video-preview:-1"},"canonical":"https:\/\/unstamps.org\/fr\/produit\/vi-timbre-ordinaire-2018-e-090-feuille-entiere\/","og_locale":"fr_FR","og_type":"article","og_title":"VI Timbre Ordinaire 2018 \u2013 \u20ac 0,90 Feuille enti\u00e8re - UN Timbres","og_description":"Le 2 octobre 2018, l\u2019APNU \u00e9mettra trois timbres ordinaires illustrant le \u00ab Revolver au canon nou\u00e9 \u2013 Non Violence \u00bb. Cette sculpture bien connue en faveur de la paix et de la non-violence a \u00e9t\u00e9 cr\u00e9\u00e9e en 1980 par l\u2019artiste su\u00e9dois Carl Fredrik Reutersw\u00e4rd en hommage \u00e0 John Lennon. Des sculptures du Revolver au canon [&hellip;]","og_url":"https:\/\/unstamps.org\/fr\/produit\/vi-timbre-ordinaire-2018-e-090-feuille-entiere\/","og_site_name":"UN Timbres","article_modified_time":"2026-01-09T15:09:01+00:00","og_image":[{"width":1024,"height":1024,"url":"https:\/\/unstamps.org\/wp-content\/uploads\/2018\/09\/KNOTTEDGUN18_VI0.90-full-sheet.jpg","type":"image\/jpeg"}],"twitter_card":"summary_large_image","twitter_misc":{"Dur\u00e9e de lecture estim\u00e9e":"1 minute"},"schema":{"@context":"https:\/\/schema.org","@graph":[{"@type":"WebPage","@id":"https:\/\/unstamps.org\/fr\/produit\/vi-timbre-ordinaire-2018-e-090-feuille-entiere\/","url":"https:\/\/unstamps.org\/fr\/produit\/vi-timbre-ordinaire-2018-e-090-feuille-entiere\/","name":"VI Timbre Ordinaire 2018 \u2013 \u20ac 0,90 Feuille enti\u00e8re - UN Timbres","isPartOf":{"@id":"https:\/\/unstamps.org\/fr\/#website"},"primaryImageOfPage":{"@id":"https:\/\/unstamps.org\/fr\/produit\/vi-timbre-ordinaire-2018-e-090-feuille-entiere\/#primaryimage"},"image":{"@id":"https:\/\/unstamps.org\/fr\/produit\/vi-timbre-ordinaire-2018-e-090-feuille-entiere\/#primaryimage"},"thumbnailUrl":"https:\/\/unstamps.org\/wp-content\/uploads\/2018\/09\/KNOTTEDGUN18_VI0.90-full-sheet.jpg","datePublished":"2018-10-01T15:14:06+00:00","dateModified":"2026-01-09T15:09:01+00:00","breadcrumb":{"@id":"https:\/\/unstamps.org\/fr\/produit\/vi-timbre-ordinaire-2018-e-090-feuille-entiere\/#breadcrumb"},"inLanguage":"fr-FR","potentialAction":[{"@type":"ReadAction","target":["https:\/\/unstamps.org\/fr\/produit\/vi-timbre-ordinaire-2018-e-090-feuille-entiere\/"]}]},{"@type":"ImageObject","inLanguage":"fr-FR","@id":"https:\/\/unstamps.org\/fr\/produit\/vi-timbre-ordinaire-2018-e-090-feuille-entiere\/#primaryimage","url":"https:\/\/unstamps.org\/wp-content\/uploads\/2018\/09\/KNOTTEDGUN18_VI0.90-full-sheet.jpg","contentUrl":"https:\/\/unstamps.org\/wp-content\/uploads\/2018\/09\/KNOTTEDGUN18_VI0.90-full-sheet.jpg","width":1024,"height":1024},{"@type":"BreadcrumbList","@id":"https:\/\/unstamps.org\/fr\/produit\/vi-timbre-ordinaire-2018-e-090-feuille-entiere\/#breadcrumb","itemListElement":[{"@type":"ListItem","position":1,"name":"Home","item":"https:\/\/unstamps.org\/fr\/"},{"@type":"ListItem","position":2,"name":"Les produits","item":"https:\/\/unstamps.org\/fr\/les-produits\/"},{"@type":"ListItem","position":3,"name":"VI Timbre Ordinaire 2018 \u2013 \u20ac 0,90 Feuille enti\u00e8re"}]},{"@type":"WebSite","@id":"https:\/\/unstamps.org\/fr\/#website","url":"https:\/\/unstamps.org\/fr\/","name":"UN Stamps","description":"United Nations Stamps","publisher":{"@id":"https:\/\/unstamps.org\/fr\/#organization"},"potentialAction":[{"@type":"SearchAction","target":{"@type":"EntryPoint","urlTemplate":"https:\/\/unstamps.org\/fr\/?s={search_term_string}"},"query-input":{"@type":"PropertyValueSpecification","valueRequired":true,"valueName":"search_term_string"}}],"inLanguage":"fr-FR"},{"@type":"Organization","@id":"https:\/\/unstamps.org\/fr\/#organization","name":"UN Stamps","url":"https:\/\/unstamps.org\/fr\/","logo":{"@type":"ImageObject","inLanguage":"fr-FR","@id":"https:\/\/unstamps.org\/fr\/#\/schema\/logo\/image\/","url":"https:\/\/unstamps.org\/wp-content\/uploads\/2014\/01\/logo4web.jpg","contentUrl":"https:\/\/unstamps.org\/wp-content\/uploads\/2014\/01\/logo4web.jpg","width":2500,"height":250,"caption":"UN Stamps"},"image":{"@id":"https:\/\/unstamps.org\/fr\/#\/schema\/logo\/image\/"}}]}},"jetpack_sharing_enabled":true,"publishpress_future_action":{"enabled":false,"date":"2026-04-12 07:13:57","action":"change-status","newStatus":"private","terms":[],"taxonomy":"product_cat","extraData":[]},"publishpress_future_workflow_manual_trigger":{"enabledWorkflows":[]},"_links":{"self":[{"href":"https:\/\/unstamps.org\/fr\/wp-json\/wp\/v2\/product\/62490","targetHints":{"allow":["GET"]}}],"collection":[{"href":"https:\/\/unstamps.org\/fr\/wp-json\/wp\/v2\/product"}],"about":[{"href":"https:\/\/unstamps.org\/fr\/wp-json\/wp\/v2\/types\/product"}],"replies":[{"embeddable":true,"href":"https:\/\/unstamps.org\/fr\/wp-json\/wp\/v2\/comments?post=62490"}],"wp:featuredmedia":[{"embeddable":true,"href":"https:\/\/unstamps.org\/fr\/wp-json\/wp\/v2\/media\/62618"}],"wp:attachment":[{"href":"https:\/\/unstamps.org\/fr\/wp-json\/wp\/v2\/media?parent=62490"}],"wp:term":[{"taxonomy":"product_brand","embeddable":true,"href":"https:\/\/unstamps.org\/fr\/wp-json\/wp\/v2\/product_brand?post=62490"},{"taxonomy":"product_cat","embeddable":true,"href":"https:\/\/unstamps.org\/fr\/wp-json\/wp\/v2\/product_cat?post=62490"},{"taxonomy":"product_tag","embeddable":true,"href":"https:\/\/unstamps.org\/fr\/wp-json\/wp\/v2\/product_tag?post=62490"}],"curies":[{"name":"wp","href":"https:\/\/api.w.org\/{rel}","templated":true}]}}