{"id":60660,"date":"2018-07-17T09:43:17","date_gmt":"2018-07-17T13:43:17","guid":{"rendered":"https:\/\/unstamps.org\/?post_type=product&#038;p=60660"},"modified":"2026-01-09T10:09:00","modified_gmt":"2026-01-09T15:09:00","slug":"ge-timbre-ordinaire-2018-chf-200","status":"publish","type":"product","link":"https:\/\/unstamps.org\/fr\/produit\/ge-timbre-ordinaire-2018-chf-200\/","title":{"rendered":"GE Timbre Ordinaire 2018 \u2013 CHF 2,00"},"content":{"rendered":"<p>En novembre 2009, l\u2019Assembl\u00e9e g\u00e9n\u00e9rale des Nations Unies a proclam\u00e9 le 18 juillet \u00ab Journ\u00e9e internationale Nelson Mandela \u00bb pour honorer la contribution de l\u2019ancien Pr\u00e9sident sud-africain \u00e0 la culture de la paix et de la libert\u00e9. Elle a ainsi reconnu les valeurs d\u00e9fendues par Nelson Mandela et son d\u00e9vouement au service de l\u2019humanit\u00e9, dans les domaines du r\u00e8glement des conflits, des relations entre les races, de la promotion et de la protection des droits de l\u2019homme, de la r\u00e9conciliation, de l\u2019\u00e9galit\u00e9 entre les sexes, des droits des enfants et autres groupes vuln\u00e9rables, et du progr\u00e8s des communaut\u00e9s d\u00e9munies et sous-d\u00e9velopp\u00e9es. Elle salue \u00e9galement la contribution qu\u2019il a apport\u00e9e \u00e0 la lutte pour la d\u00e9mocratie \u00e0 l\u2019\u00e9chelle internationale et \u00e0 la promotion d\u2019une culture de paix dans le monde entier.<\/p>\n<p>L\u2019APNU rend hommage \u00e0 Nelson Mandela et marque le centi\u00e8me anniversaire de sa naissance avec ce timbre \u00e0 CHF 2,00 illustr\u00e9 par le c\u00e9l\u00e8bre artiste Martin M\u00f6rck. On peut y lire la citation suivante : \u00ab Il est tr\u00e8s facile de casser et de d\u00e9truire. Les h\u00e9ros, ce sont ceux qui font la paix et qui b\u00e2tissent. \u00bb<br \/>\n<strong>Date d\u2019\u00e9mission: <\/strong>18 juillet 2018<br \/>\n<strong>Description: <\/strong>Journ\u00e9e internationale Nelson Mandela<br \/>\n<strong>Dessinateur: <\/strong>Martin M\u00f6rck (Norw\u00e8ge)<br \/>\n<strong>Valeur: <\/strong>CHF 2,00<br \/>\n<strong>Format de timbre: <\/strong>35mm x 50mm<br \/>\n<strong>Timbres par feuille: <\/strong>20<br \/>\n<strong>Imprimeur: <\/strong>Lowe-Martin Group (Canada)<br \/>\n<strong>Reproduction:<\/strong> Lithographie offset &#8211; (Duotone)<br \/>\n<strong>Dentelure: <\/strong>13.1<br \/>\n<strong>Quantit\u00e9: <\/strong>13.000 feuilles (260.000 timbres)<\/p>\n","protected":false},"excerpt":{"rendered":"<p>En novembre 2009, l\u2019Assembl\u00e9e g\u00e9n\u00e9rale des Nations Unies a proclam\u00e9 le 18 juillet \u00ab Journ\u00e9e internationale Nelson Mandela \u00bb pour honorer la contribution de l\u2019ancien Pr\u00e9sident sud-africain \u00e0 la culture de la paix et de la libert\u00e9. Elle a ainsi reconnu les valeurs d\u00e9fendues par Nelson Mandela et son d\u00e9vouement au service de l\u2019humanit\u00e9, dans [&hellip;]<\/p>\n","protected":false},"featured_media":58409,"comment_status":"closed","ping_status":"closed","template":"","meta":{"ngg_post_thumbnail":0},"product_brand":[],"product_cat":[961,145],"product_tag":[],"class_list":{"0":"post-60660","1":"product","2":"type-product","3":"status-publish","4":"has-post-thumbnail","6":"product_cat-2018-fr","7":"product_cat-geneve","8":"pa_condition-cancelled-fr","9":"pa_condition-mint-fr","11":"first","12":"instock","13":"shipping-taxable","14":"purchasable","15":"product-type-variable"},"yoast_head":"<!-- This site is optimized with the Yoast SEO plugin v27.4 - https:\/\/yoast.com\/product\/yoast-seo-wordpress\/ -->\n<title>GE Timbre Ordinaire 2018 \u2013 CHF 2,00 - UN Timbres<\/title>\n<meta name=\"robots\" content=\"index, follow, max-snippet:-1, max-image-preview:large, max-video-preview:-1\" \/>\n<link rel=\"canonical\" href=\"https:\/\/unstamps.org\/fr\/produit\/ge-timbre-ordinaire-2018-chf-200\/\" \/>\n<meta property=\"og:locale\" content=\"fr_FR\" \/>\n<meta property=\"og:type\" content=\"article\" \/>\n<meta property=\"og:title\" content=\"GE Timbre Ordinaire 2018 \u2013 CHF 2,00 - UN Timbres\" \/>\n<meta property=\"og:description\" content=\"En novembre 2009, l\u2019Assembl\u00e9e g\u00e9n\u00e9rale des Nations Unies a proclam\u00e9 le 18 juillet \u00ab Journ\u00e9e internationale Nelson Mandela \u00bb pour honorer la contribution de l\u2019ancien Pr\u00e9sident sud-africain \u00e0 la culture de la paix et de la libert\u00e9. Elle a ainsi reconnu les valeurs d\u00e9fendues par Nelson Mandela et son d\u00e9vouement au service de l\u2019humanit\u00e9, dans [&hellip;]\" \/>\n<meta property=\"og:url\" content=\"https:\/\/unstamps.org\/fr\/produit\/ge-timbre-ordinaire-2018-chf-200\/\" \/>\n<meta property=\"og:site_name\" content=\"UN Timbres\" \/>\n<meta property=\"article:modified_time\" content=\"2026-01-09T15:09:00+00:00\" \/>\n<meta property=\"og:image\" content=\"https:\/\/unstamps.org\/wp-content\/uploads\/2018\/06\/N.Mandela_GE-2.00-stamp.jpg\" \/>\n\t<meta property=\"og:image:width\" content=\"1024\" \/>\n\t<meta property=\"og:image:height\" content=\"1024\" \/>\n\t<meta property=\"og:image:type\" content=\"image\/jpeg\" \/>\n<meta name=\"twitter:card\" content=\"summary_large_image\" \/>\n<meta name=\"twitter:label1\" content=\"Dur\u00e9e de lecture estim\u00e9e\" \/>\n\t<meta name=\"twitter:data1\" content=\"1 minute\" \/>\n<script type=\"application\/ld+json\" class=\"yoast-schema-graph\">{\"@context\":\"https:\\\/\\\/schema.org\",\"@graph\":[{\"@type\":\"WebPage\",\"@id\":\"https:\\\/\\\/unstamps.org\\\/fr\\\/produit\\\/ge-timbre-ordinaire-2018-chf-200\\\/\",\"url\":\"https:\\\/\\\/unstamps.org\\\/fr\\\/produit\\\/ge-timbre-ordinaire-2018-chf-200\\\/\",\"name\":\"GE Timbre Ordinaire 2018 \u2013 CHF 2,00 - UN Timbres\",\"isPartOf\":{\"@id\":\"https:\\\/\\\/unstamps.org\\\/fr\\\/#website\"},\"primaryImageOfPage\":{\"@id\":\"https:\\\/\\\/unstamps.org\\\/fr\\\/produit\\\/ge-timbre-ordinaire-2018-chf-200\\\/#primaryimage\"},\"image\":{\"@id\":\"https:\\\/\\\/unstamps.org\\\/fr\\\/produit\\\/ge-timbre-ordinaire-2018-chf-200\\\/#primaryimage\"},\"thumbnailUrl\":\"https:\\\/\\\/unstamps.org\\\/wp-content\\\/uploads\\\/2018\\\/06\\\/N.Mandela_GE-2.00-stamp.jpg\",\"datePublished\":\"2018-07-17T13:43:17+00:00\",\"dateModified\":\"2026-01-09T15:09:00+00:00\",\"breadcrumb\":{\"@id\":\"https:\\\/\\\/unstamps.org\\\/fr\\\/produit\\\/ge-timbre-ordinaire-2018-chf-200\\\/#breadcrumb\"},\"inLanguage\":\"fr-FR\",\"potentialAction\":[{\"@type\":\"ReadAction\",\"target\":[\"https:\\\/\\\/unstamps.org\\\/fr\\\/produit\\\/ge-timbre-ordinaire-2018-chf-200\\\/\"]}]},{\"@type\":\"ImageObject\",\"inLanguage\":\"fr-FR\",\"@id\":\"https:\\\/\\\/unstamps.org\\\/fr\\\/produit\\\/ge-timbre-ordinaire-2018-chf-200\\\/#primaryimage\",\"url\":\"https:\\\/\\\/unstamps.org\\\/wp-content\\\/uploads\\\/2018\\\/06\\\/N.Mandela_GE-2.00-stamp.jpg\",\"contentUrl\":\"https:\\\/\\\/unstamps.org\\\/wp-content\\\/uploads\\\/2018\\\/06\\\/N.Mandela_GE-2.00-stamp.jpg\",\"width\":1024,\"height\":1024},{\"@type\":\"BreadcrumbList\",\"@id\":\"https:\\\/\\\/unstamps.org\\\/fr\\\/produit\\\/ge-timbre-ordinaire-2018-chf-200\\\/#breadcrumb\",\"itemListElement\":[{\"@type\":\"ListItem\",\"position\":1,\"name\":\"Home\",\"item\":\"https:\\\/\\\/unstamps.org\\\/fr\\\/\"},{\"@type\":\"ListItem\",\"position\":2,\"name\":\"Les produits\",\"item\":\"https:\\\/\\\/unstamps.org\\\/fr\\\/les-produits\\\/\"},{\"@type\":\"ListItem\",\"position\":3,\"name\":\"GE Timbre Ordinaire 2018 \u2013 CHF 2,00\"}]},{\"@type\":\"WebSite\",\"@id\":\"https:\\\/\\\/unstamps.org\\\/fr\\\/#website\",\"url\":\"https:\\\/\\\/unstamps.org\\\/fr\\\/\",\"name\":\"UN Stamps\",\"description\":\"United Nations Stamps\",\"publisher\":{\"@id\":\"https:\\\/\\\/unstamps.org\\\/fr\\\/#organization\"},\"potentialAction\":[{\"@type\":\"SearchAction\",\"target\":{\"@type\":\"EntryPoint\",\"urlTemplate\":\"https:\\\/\\\/unstamps.org\\\/fr\\\/?s={search_term_string}\"},\"query-input\":{\"@type\":\"PropertyValueSpecification\",\"valueRequired\":true,\"valueName\":\"search_term_string\"}}],\"inLanguage\":\"fr-FR\"},{\"@type\":\"Organization\",\"@id\":\"https:\\\/\\\/unstamps.org\\\/fr\\\/#organization\",\"name\":\"UN Stamps\",\"url\":\"https:\\\/\\\/unstamps.org\\\/fr\\\/\",\"logo\":{\"@type\":\"ImageObject\",\"inLanguage\":\"fr-FR\",\"@id\":\"https:\\\/\\\/unstamps.org\\\/fr\\\/#\\\/schema\\\/logo\\\/image\\\/\",\"url\":\"https:\\\/\\\/unstamps.org\\\/wp-content\\\/uploads\\\/2014\\\/01\\\/logo4web.jpg\",\"contentUrl\":\"https:\\\/\\\/unstamps.org\\\/wp-content\\\/uploads\\\/2014\\\/01\\\/logo4web.jpg\",\"width\":2500,\"height\":250,\"caption\":\"UN Stamps\"},\"image\":{\"@id\":\"https:\\\/\\\/unstamps.org\\\/fr\\\/#\\\/schema\\\/logo\\\/image\\\/\"}}]}<\/script>\n<!-- \/ Yoast SEO plugin. -->","yoast_head_json":{"title":"GE Timbre Ordinaire 2018 \u2013 CHF 2,00 - UN Timbres","robots":{"index":"index","follow":"follow","max-snippet":"max-snippet:-1","max-image-preview":"max-image-preview:large","max-video-preview":"max-video-preview:-1"},"canonical":"https:\/\/unstamps.org\/fr\/produit\/ge-timbre-ordinaire-2018-chf-200\/","og_locale":"fr_FR","og_type":"article","og_title":"GE Timbre Ordinaire 2018 \u2013 CHF 2,00 - UN Timbres","og_description":"En novembre 2009, l\u2019Assembl\u00e9e g\u00e9n\u00e9rale des Nations Unies a proclam\u00e9 le 18 juillet \u00ab Journ\u00e9e internationale Nelson Mandela \u00bb pour honorer la contribution de l\u2019ancien Pr\u00e9sident sud-africain \u00e0 la culture de la paix et de la libert\u00e9. Elle a ainsi reconnu les valeurs d\u00e9fendues par Nelson Mandela et son d\u00e9vouement au service de l\u2019humanit\u00e9, dans [&hellip;]","og_url":"https:\/\/unstamps.org\/fr\/produit\/ge-timbre-ordinaire-2018-chf-200\/","og_site_name":"UN Timbres","article_modified_time":"2026-01-09T15:09:00+00:00","og_image":[{"width":1024,"height":1024,"url":"https:\/\/unstamps.org\/wp-content\/uploads\/2018\/06\/N.Mandela_GE-2.00-stamp.jpg","type":"image\/jpeg"}],"twitter_card":"summary_large_image","twitter_misc":{"Dur\u00e9e de lecture estim\u00e9e":"1 minute"},"schema":{"@context":"https:\/\/schema.org","@graph":[{"@type":"WebPage","@id":"https:\/\/unstamps.org\/fr\/produit\/ge-timbre-ordinaire-2018-chf-200\/","url":"https:\/\/unstamps.org\/fr\/produit\/ge-timbre-ordinaire-2018-chf-200\/","name":"GE Timbre Ordinaire 2018 \u2013 CHF 2,00 - UN Timbres","isPartOf":{"@id":"https:\/\/unstamps.org\/fr\/#website"},"primaryImageOfPage":{"@id":"https:\/\/unstamps.org\/fr\/produit\/ge-timbre-ordinaire-2018-chf-200\/#primaryimage"},"image":{"@id":"https:\/\/unstamps.org\/fr\/produit\/ge-timbre-ordinaire-2018-chf-200\/#primaryimage"},"thumbnailUrl":"https:\/\/unstamps.org\/wp-content\/uploads\/2018\/06\/N.Mandela_GE-2.00-stamp.jpg","datePublished":"2018-07-17T13:43:17+00:00","dateModified":"2026-01-09T15:09:00+00:00","breadcrumb":{"@id":"https:\/\/unstamps.org\/fr\/produit\/ge-timbre-ordinaire-2018-chf-200\/#breadcrumb"},"inLanguage":"fr-FR","potentialAction":[{"@type":"ReadAction","target":["https:\/\/unstamps.org\/fr\/produit\/ge-timbre-ordinaire-2018-chf-200\/"]}]},{"@type":"ImageObject","inLanguage":"fr-FR","@id":"https:\/\/unstamps.org\/fr\/produit\/ge-timbre-ordinaire-2018-chf-200\/#primaryimage","url":"https:\/\/unstamps.org\/wp-content\/uploads\/2018\/06\/N.Mandela_GE-2.00-stamp.jpg","contentUrl":"https:\/\/unstamps.org\/wp-content\/uploads\/2018\/06\/N.Mandela_GE-2.00-stamp.jpg","width":1024,"height":1024},{"@type":"BreadcrumbList","@id":"https:\/\/unstamps.org\/fr\/produit\/ge-timbre-ordinaire-2018-chf-200\/#breadcrumb","itemListElement":[{"@type":"ListItem","position":1,"name":"Home","item":"https:\/\/unstamps.org\/fr\/"},{"@type":"ListItem","position":2,"name":"Les produits","item":"https:\/\/unstamps.org\/fr\/les-produits\/"},{"@type":"ListItem","position":3,"name":"GE Timbre Ordinaire 2018 \u2013 CHF 2,00"}]},{"@type":"WebSite","@id":"https:\/\/unstamps.org\/fr\/#website","url":"https:\/\/unstamps.org\/fr\/","name":"UN Stamps","description":"United Nations Stamps","publisher":{"@id":"https:\/\/unstamps.org\/fr\/#organization"},"potentialAction":[{"@type":"SearchAction","target":{"@type":"EntryPoint","urlTemplate":"https:\/\/unstamps.org\/fr\/?s={search_term_string}"},"query-input":{"@type":"PropertyValueSpecification","valueRequired":true,"valueName":"search_term_string"}}],"inLanguage":"fr-FR"},{"@type":"Organization","@id":"https:\/\/unstamps.org\/fr\/#organization","name":"UN Stamps","url":"https:\/\/unstamps.org\/fr\/","logo":{"@type":"ImageObject","inLanguage":"fr-FR","@id":"https:\/\/unstamps.org\/fr\/#\/schema\/logo\/image\/","url":"https:\/\/unstamps.org\/wp-content\/uploads\/2014\/01\/logo4web.jpg","contentUrl":"https:\/\/unstamps.org\/wp-content\/uploads\/2014\/01\/logo4web.jpg","width":2500,"height":250,"caption":"UN Stamps"},"image":{"@id":"https:\/\/unstamps.org\/fr\/#\/schema\/logo\/image\/"}}]}},"jetpack_sharing_enabled":true,"publishpress_future_action":{"enabled":false,"date":"2026-05-02 23:16:23","action":"change-status","newStatus":"private","terms":[],"taxonomy":"product_cat","extraData":[]},"publishpress_future_workflow_manual_trigger":{"enabledWorkflows":[]},"_links":{"self":[{"href":"https:\/\/unstamps.org\/fr\/wp-json\/wp\/v2\/product\/60660","targetHints":{"allow":["GET"]}}],"collection":[{"href":"https:\/\/unstamps.org\/fr\/wp-json\/wp\/v2\/product"}],"about":[{"href":"https:\/\/unstamps.org\/fr\/wp-json\/wp\/v2\/types\/product"}],"replies":[{"embeddable":true,"href":"https:\/\/unstamps.org\/fr\/wp-json\/wp\/v2\/comments?post=60660"}],"wp:featuredmedia":[{"embeddable":true,"href":"https:\/\/unstamps.org\/fr\/wp-json\/wp\/v2\/media\/58409"}],"wp:attachment":[{"href":"https:\/\/unstamps.org\/fr\/wp-json\/wp\/v2\/media?parent=60660"}],"wp:term":[{"taxonomy":"product_brand","embeddable":true,"href":"https:\/\/unstamps.org\/fr\/wp-json\/wp\/v2\/product_brand?post=60660"},{"taxonomy":"product_cat","embeddable":true,"href":"https:\/\/unstamps.org\/fr\/wp-json\/wp\/v2\/product_cat?post=60660"},{"taxonomy":"product_tag","embeddable":true,"href":"https:\/\/unstamps.org\/fr\/wp-json\/wp\/v2\/product_tag?post=60660"}],"curies":[{"name":"wp","href":"https:\/\/api.w.org\/{rel}","templated":true}]}}