{"id":57745,"date":"2018-05-29T13:18:15","date_gmt":"2018-05-29T17:18:15","guid":{"rendered":"https:\/\/unstamps.org\/?post_type=product&#038;p=57745"},"modified":"2026-01-09T10:08:59","modified_gmt":"2026-01-09T15:08:59","slug":"ny-timbre-ordinaire-2018-us-065-feuille-entiere-1","status":"publish","type":"product","link":"https:\/\/unstamps.org\/fr\/produit\/ny-timbre-ordinaire-2018-us-065-feuille-entiere-1\/","title":{"rendered":"NY Timbre Ordinaire 2018 \u2013 US$ 0,65 Feuille enti\u00e8re"},"content":{"rendered":"<h2><strong>QUE FAITES-VOUS POUR LA PAIX\u00a0?<\/strong><\/h2>\n<p>Le 17 septembre 2015, une campagne de sensibilisation mondiale a \u00e9t\u00e9 lanc\u00e9e pour pr\u00e9senter les m\u00e9tiers de terrain de l\u2019ONU et c\u00e9l\u00e9brer le personnel de l\u2019Organisation, qui constitue son meilleur atout. La photographie a\u00e9rienne, prise lors d\u2019une splendide journ\u00e9e ensoleill\u00e9e, r\u00e9unissait plus de 1\u00a0000 membres du personnel de divers d\u00e9partements et bureaux du Si\u00e8ge de l\u2019ONU, tous v\u00eatus de blanc, pour former, autour du rond-point du Secr\u00e9tariat, \u00e0 New York, les lettres du slogan de la campagne, en anglais et en fran\u00e7ais\u00a0: \u00ab\u00a0What R U Doing 4 Peace ? \/ Que faites-vous pour la paix\u00a0?\u00a0\u00bb.<\/p>\n<p>Les participants, unis dans la couleur symbolique de la paix, ont ainsi permis la prise de deux clich\u00e9s destin\u00e9s \u00e0 \u00e9voquer la raison d\u2019\u00eatre de l\u2019ONU, puisque le travail au service de la paix est au c\u0153ur des activit\u00e9s quotidiennes de l\u2019Organisation. Gr\u00e2ce \u00e0 ce bel effort de coordination, l\u2019\u00e9v\u00e9nement, qui marquait aussi le soixante-dixi\u00e8me anniversaire de l\u2019ONU, a donn\u00e9 lieu \u00e0 deux photographies embl\u00e9matiques dans les langues de travail de l\u2019ONU.<\/p>\n<p>Cette s\u00e9ance de photographie a\u00e9rienne \u00e9tait organis\u00e9e par la Division du personnel des missions du D\u00e9partement de l\u2019appui aux missions. Le concept des images a jailli lors d\u2019une r\u00e9flexion tous azimuts et a \u00e9t\u00e9 approuv\u00e9 par le Chef de cabinet de l\u2019\u00e9poque, Susana Malcorra. L\u2019objet de cette manifestation \u00e9tait de mettre en avant la diversit\u00e9 des carri\u00e8res offertes par l\u2019ONU dans de nombreuses disciplines, \u00e0 travers le monde entier.<\/p>\n<p>Le 29 mai 2018, l\u2019APNU a \u00e9mis un timbre de la s\u00e9rie ordinaire de US$ 0,65 \u00e0 l\u2019occasion de la Journ\u00e9e internationale des Casques bleus des Nations Unies, en hommage \u00e0 tous ceux qui \u0153uvrent sans rel\u00e2che pour la cause de la paix.<\/p>\n<p><strong>Date d\u2019\u00e9mission: <\/strong>29 mai 2018<br \/>\n<strong>Description: <\/strong>Que faites-vous pour la paix?<br \/>\n<strong>Dessinateur: <\/strong>Rorie Katz (Nations Unies)<br \/>\n<strong>Photo: <\/strong>UN Photo\/Rick Bajornas<br \/>\n<strong>Valeur: <\/strong>US$ 0,65<br \/>\n<strong>Format de timbre: <\/strong>35mm x 50mm<br \/>\n<strong>Timbres par feuille: <\/strong>20<br \/>\n<strong>Imprimeur: <\/strong>Lowe-Martin Group (Canada)<br \/>\n<strong>Reproduction:<\/strong> Lithographie offset &#8211; (Hexachrome)<br \/>\n<strong>Dentelure: <\/strong>13.1<br \/>\n<strong>Quantit\u00e9: <\/strong>13.500 feuilles (270.000 timbres)<\/p>\n","protected":false},"excerpt":{"rendered":"<p>QUE FAITES-VOUS POUR LA PAIX\u00a0? Le 17 septembre 2015, une campagne de sensibilisation mondiale a \u00e9t\u00e9 lanc\u00e9e pour pr\u00e9senter les m\u00e9tiers de terrain de l\u2019ONU et c\u00e9l\u00e9brer le personnel de l\u2019Organisation, qui constitue son meilleur atout. La photographie a\u00e9rienne, prise lors d\u2019une splendide journ\u00e9e ensoleill\u00e9e, r\u00e9unissait plus de 1\u00a0000 membres du personnel de divers d\u00e9partements [&hellip;]<\/p>\n","protected":false},"featured_media":57819,"comment_status":"closed","ping_status":"closed","template":"","meta":{"ngg_post_thumbnail":0},"product_brand":[],"product_cat":[961,140],"product_tag":[],"class_list":{"0":"post-57745","1":"product","2":"type-product","3":"status-publish","4":"has-post-thumbnail","6":"product_cat-2018-fr","7":"product_cat-new-york-issuing-office-fr","8":"pa_condition-cancelled-fr","9":"pa_condition-mint-fr","11":"first","12":"instock","13":"shipping-taxable","14":"purchasable","15":"product-type-variable"},"yoast_head":"<!-- This site is optimized with the Yoast SEO plugin v27.4 - https:\/\/yoast.com\/product\/yoast-seo-wordpress\/ -->\n<title>NY Timbre Ordinaire 2018 \u2013 US$ 0,65 Feuille enti\u00e8re - UN Timbres<\/title>\n<meta name=\"robots\" content=\"index, follow, max-snippet:-1, max-image-preview:large, max-video-preview:-1\" \/>\n<link rel=\"canonical\" href=\"https:\/\/unstamps.org\/fr\/produit\/ny-timbre-ordinaire-2018-us-065-feuille-entiere-1\/\" \/>\n<meta property=\"og:locale\" content=\"fr_FR\" \/>\n<meta property=\"og:type\" content=\"article\" \/>\n<meta property=\"og:title\" content=\"NY Timbre Ordinaire 2018 \u2013 US$ 0,65 Feuille enti\u00e8re - UN Timbres\" \/>\n<meta property=\"og:description\" content=\"QUE FAITES-VOUS POUR LA PAIX\u00a0? Le 17 septembre 2015, une campagne de sensibilisation mondiale a \u00e9t\u00e9 lanc\u00e9e pour pr\u00e9senter les m\u00e9tiers de terrain de l\u2019ONU et c\u00e9l\u00e9brer le personnel de l\u2019Organisation, qui constitue son meilleur atout. La photographie a\u00e9rienne, prise lors d\u2019une splendide journ\u00e9e ensoleill\u00e9e, r\u00e9unissait plus de 1\u00a0000 membres du personnel de divers d\u00e9partements [&hellip;]\" \/>\n<meta property=\"og:url\" content=\"https:\/\/unstamps.org\/fr\/produit\/ny-timbre-ordinaire-2018-us-065-feuille-entiere-1\/\" \/>\n<meta property=\"og:site_name\" content=\"UN Timbres\" \/>\n<meta property=\"article:modified_time\" content=\"2026-01-09T15:08:59+00:00\" \/>\n<meta property=\"og:image\" content=\"https:\/\/unstamps.org\/wp-content\/uploads\/2018\/05\/WRUDFP18_NY-0.65-sheet.jpg\" \/>\n\t<meta property=\"og:image:width\" content=\"1024\" \/>\n\t<meta property=\"og:image:height\" content=\"1024\" \/>\n\t<meta property=\"og:image:type\" content=\"image\/jpeg\" \/>\n<meta name=\"twitter:card\" content=\"summary_large_image\" \/>\n<meta name=\"twitter:label1\" content=\"Dur\u00e9e de lecture estim\u00e9e\" \/>\n\t<meta name=\"twitter:data1\" content=\"2 minutes\" \/>\n<script type=\"application\/ld+json\" class=\"yoast-schema-graph\">{\"@context\":\"https:\\\/\\\/schema.org\",\"@graph\":[{\"@type\":\"WebPage\",\"@id\":\"https:\\\/\\\/unstamps.org\\\/fr\\\/produit\\\/ny-timbre-ordinaire-2018-us-065-feuille-entiere-1\\\/\",\"url\":\"https:\\\/\\\/unstamps.org\\\/fr\\\/produit\\\/ny-timbre-ordinaire-2018-us-065-feuille-entiere-1\\\/\",\"name\":\"NY Timbre Ordinaire 2018 \u2013 US$ 0,65 Feuille enti\u00e8re - UN Timbres\",\"isPartOf\":{\"@id\":\"https:\\\/\\\/unstamps.org\\\/fr\\\/#website\"},\"primaryImageOfPage\":{\"@id\":\"https:\\\/\\\/unstamps.org\\\/fr\\\/produit\\\/ny-timbre-ordinaire-2018-us-065-feuille-entiere-1\\\/#primaryimage\"},\"image\":{\"@id\":\"https:\\\/\\\/unstamps.org\\\/fr\\\/produit\\\/ny-timbre-ordinaire-2018-us-065-feuille-entiere-1\\\/#primaryimage\"},\"thumbnailUrl\":\"https:\\\/\\\/unstamps.org\\\/wp-content\\\/uploads\\\/2018\\\/05\\\/WRUDFP18_NY-0.65-sheet.jpg\",\"datePublished\":\"2018-05-29T17:18:15+00:00\",\"dateModified\":\"2026-01-09T15:08:59+00:00\",\"breadcrumb\":{\"@id\":\"https:\\\/\\\/unstamps.org\\\/fr\\\/produit\\\/ny-timbre-ordinaire-2018-us-065-feuille-entiere-1\\\/#breadcrumb\"},\"inLanguage\":\"fr-FR\",\"potentialAction\":[{\"@type\":\"ReadAction\",\"target\":[\"https:\\\/\\\/unstamps.org\\\/fr\\\/produit\\\/ny-timbre-ordinaire-2018-us-065-feuille-entiere-1\\\/\"]}]},{\"@type\":\"ImageObject\",\"inLanguage\":\"fr-FR\",\"@id\":\"https:\\\/\\\/unstamps.org\\\/fr\\\/produit\\\/ny-timbre-ordinaire-2018-us-065-feuille-entiere-1\\\/#primaryimage\",\"url\":\"https:\\\/\\\/unstamps.org\\\/wp-content\\\/uploads\\\/2018\\\/05\\\/WRUDFP18_NY-0.65-sheet.jpg\",\"contentUrl\":\"https:\\\/\\\/unstamps.org\\\/wp-content\\\/uploads\\\/2018\\\/05\\\/WRUDFP18_NY-0.65-sheet.jpg\",\"width\":1024,\"height\":1024},{\"@type\":\"BreadcrumbList\",\"@id\":\"https:\\\/\\\/unstamps.org\\\/fr\\\/produit\\\/ny-timbre-ordinaire-2018-us-065-feuille-entiere-1\\\/#breadcrumb\",\"itemListElement\":[{\"@type\":\"ListItem\",\"position\":1,\"name\":\"Home\",\"item\":\"https:\\\/\\\/unstamps.org\\\/fr\\\/\"},{\"@type\":\"ListItem\",\"position\":2,\"name\":\"Les produits\",\"item\":\"https:\\\/\\\/unstamps.org\\\/fr\\\/les-produits\\\/\"},{\"@type\":\"ListItem\",\"position\":3,\"name\":\"NY Timbre Ordinaire 2018 \u2013 US$ 0,65 Feuille enti\u00e8re\"}]},{\"@type\":\"WebSite\",\"@id\":\"https:\\\/\\\/unstamps.org\\\/fr\\\/#website\",\"url\":\"https:\\\/\\\/unstamps.org\\\/fr\\\/\",\"name\":\"UN Stamps\",\"description\":\"United Nations Stamps\",\"publisher\":{\"@id\":\"https:\\\/\\\/unstamps.org\\\/fr\\\/#organization\"},\"potentialAction\":[{\"@type\":\"SearchAction\",\"target\":{\"@type\":\"EntryPoint\",\"urlTemplate\":\"https:\\\/\\\/unstamps.org\\\/fr\\\/?s={search_term_string}\"},\"query-input\":{\"@type\":\"PropertyValueSpecification\",\"valueRequired\":true,\"valueName\":\"search_term_string\"}}],\"inLanguage\":\"fr-FR\"},{\"@type\":\"Organization\",\"@id\":\"https:\\\/\\\/unstamps.org\\\/fr\\\/#organization\",\"name\":\"UN Stamps\",\"url\":\"https:\\\/\\\/unstamps.org\\\/fr\\\/\",\"logo\":{\"@type\":\"ImageObject\",\"inLanguage\":\"fr-FR\",\"@id\":\"https:\\\/\\\/unstamps.org\\\/fr\\\/#\\\/schema\\\/logo\\\/image\\\/\",\"url\":\"https:\\\/\\\/unstamps.org\\\/wp-content\\\/uploads\\\/2014\\\/01\\\/logo4web.jpg\",\"contentUrl\":\"https:\\\/\\\/unstamps.org\\\/wp-content\\\/uploads\\\/2014\\\/01\\\/logo4web.jpg\",\"width\":2500,\"height\":250,\"caption\":\"UN Stamps\"},\"image\":{\"@id\":\"https:\\\/\\\/unstamps.org\\\/fr\\\/#\\\/schema\\\/logo\\\/image\\\/\"}}]}<\/script>\n<!-- \/ Yoast SEO plugin. -->","yoast_head_json":{"title":"NY Timbre Ordinaire 2018 \u2013 US$ 0,65 Feuille enti\u00e8re - UN Timbres","robots":{"index":"index","follow":"follow","max-snippet":"max-snippet:-1","max-image-preview":"max-image-preview:large","max-video-preview":"max-video-preview:-1"},"canonical":"https:\/\/unstamps.org\/fr\/produit\/ny-timbre-ordinaire-2018-us-065-feuille-entiere-1\/","og_locale":"fr_FR","og_type":"article","og_title":"NY Timbre Ordinaire 2018 \u2013 US$ 0,65 Feuille enti\u00e8re - UN Timbres","og_description":"QUE FAITES-VOUS POUR LA PAIX\u00a0? Le 17 septembre 2015, une campagne de sensibilisation mondiale a \u00e9t\u00e9 lanc\u00e9e pour pr\u00e9senter les m\u00e9tiers de terrain de l\u2019ONU et c\u00e9l\u00e9brer le personnel de l\u2019Organisation, qui constitue son meilleur atout. La photographie a\u00e9rienne, prise lors d\u2019une splendide journ\u00e9e ensoleill\u00e9e, r\u00e9unissait plus de 1\u00a0000 membres du personnel de divers d\u00e9partements [&hellip;]","og_url":"https:\/\/unstamps.org\/fr\/produit\/ny-timbre-ordinaire-2018-us-065-feuille-entiere-1\/","og_site_name":"UN Timbres","article_modified_time":"2026-01-09T15:08:59+00:00","og_image":[{"width":1024,"height":1024,"url":"https:\/\/unstamps.org\/wp-content\/uploads\/2018\/05\/WRUDFP18_NY-0.65-sheet.jpg","type":"image\/jpeg"}],"twitter_card":"summary_large_image","twitter_misc":{"Dur\u00e9e de lecture estim\u00e9e":"2 minutes"},"schema":{"@context":"https:\/\/schema.org","@graph":[{"@type":"WebPage","@id":"https:\/\/unstamps.org\/fr\/produit\/ny-timbre-ordinaire-2018-us-065-feuille-entiere-1\/","url":"https:\/\/unstamps.org\/fr\/produit\/ny-timbre-ordinaire-2018-us-065-feuille-entiere-1\/","name":"NY Timbre Ordinaire 2018 \u2013 US$ 0,65 Feuille enti\u00e8re - UN Timbres","isPartOf":{"@id":"https:\/\/unstamps.org\/fr\/#website"},"primaryImageOfPage":{"@id":"https:\/\/unstamps.org\/fr\/produit\/ny-timbre-ordinaire-2018-us-065-feuille-entiere-1\/#primaryimage"},"image":{"@id":"https:\/\/unstamps.org\/fr\/produit\/ny-timbre-ordinaire-2018-us-065-feuille-entiere-1\/#primaryimage"},"thumbnailUrl":"https:\/\/unstamps.org\/wp-content\/uploads\/2018\/05\/WRUDFP18_NY-0.65-sheet.jpg","datePublished":"2018-05-29T17:18:15+00:00","dateModified":"2026-01-09T15:08:59+00:00","breadcrumb":{"@id":"https:\/\/unstamps.org\/fr\/produit\/ny-timbre-ordinaire-2018-us-065-feuille-entiere-1\/#breadcrumb"},"inLanguage":"fr-FR","potentialAction":[{"@type":"ReadAction","target":["https:\/\/unstamps.org\/fr\/produit\/ny-timbre-ordinaire-2018-us-065-feuille-entiere-1\/"]}]},{"@type":"ImageObject","inLanguage":"fr-FR","@id":"https:\/\/unstamps.org\/fr\/produit\/ny-timbre-ordinaire-2018-us-065-feuille-entiere-1\/#primaryimage","url":"https:\/\/unstamps.org\/wp-content\/uploads\/2018\/05\/WRUDFP18_NY-0.65-sheet.jpg","contentUrl":"https:\/\/unstamps.org\/wp-content\/uploads\/2018\/05\/WRUDFP18_NY-0.65-sheet.jpg","width":1024,"height":1024},{"@type":"BreadcrumbList","@id":"https:\/\/unstamps.org\/fr\/produit\/ny-timbre-ordinaire-2018-us-065-feuille-entiere-1\/#breadcrumb","itemListElement":[{"@type":"ListItem","position":1,"name":"Home","item":"https:\/\/unstamps.org\/fr\/"},{"@type":"ListItem","position":2,"name":"Les produits","item":"https:\/\/unstamps.org\/fr\/les-produits\/"},{"@type":"ListItem","position":3,"name":"NY Timbre Ordinaire 2018 \u2013 US$ 0,65 Feuille enti\u00e8re"}]},{"@type":"WebSite","@id":"https:\/\/unstamps.org\/fr\/#website","url":"https:\/\/unstamps.org\/fr\/","name":"UN Stamps","description":"United Nations Stamps","publisher":{"@id":"https:\/\/unstamps.org\/fr\/#organization"},"potentialAction":[{"@type":"SearchAction","target":{"@type":"EntryPoint","urlTemplate":"https:\/\/unstamps.org\/fr\/?s={search_term_string}"},"query-input":{"@type":"PropertyValueSpecification","valueRequired":true,"valueName":"search_term_string"}}],"inLanguage":"fr-FR"},{"@type":"Organization","@id":"https:\/\/unstamps.org\/fr\/#organization","name":"UN Stamps","url":"https:\/\/unstamps.org\/fr\/","logo":{"@type":"ImageObject","inLanguage":"fr-FR","@id":"https:\/\/unstamps.org\/fr\/#\/schema\/logo\/image\/","url":"https:\/\/unstamps.org\/wp-content\/uploads\/2014\/01\/logo4web.jpg","contentUrl":"https:\/\/unstamps.org\/wp-content\/uploads\/2014\/01\/logo4web.jpg","width":2500,"height":250,"caption":"UN Stamps"},"image":{"@id":"https:\/\/unstamps.org\/fr\/#\/schema\/logo\/image\/"}}]}},"jetpack_sharing_enabled":true,"publishpress_future_action":{"enabled":false,"date":"2026-04-29 06:24:42","action":"change-status","newStatus":"private","terms":[],"taxonomy":"product_cat","extraData":[]},"publishpress_future_workflow_manual_trigger":{"enabledWorkflows":[]},"_links":{"self":[{"href":"https:\/\/unstamps.org\/fr\/wp-json\/wp\/v2\/product\/57745","targetHints":{"allow":["GET"]}}],"collection":[{"href":"https:\/\/unstamps.org\/fr\/wp-json\/wp\/v2\/product"}],"about":[{"href":"https:\/\/unstamps.org\/fr\/wp-json\/wp\/v2\/types\/product"}],"replies":[{"embeddable":true,"href":"https:\/\/unstamps.org\/fr\/wp-json\/wp\/v2\/comments?post=57745"}],"wp:featuredmedia":[{"embeddable":true,"href":"https:\/\/unstamps.org\/fr\/wp-json\/wp\/v2\/media\/57819"}],"wp:attachment":[{"href":"https:\/\/unstamps.org\/fr\/wp-json\/wp\/v2\/media?parent=57745"}],"wp:term":[{"taxonomy":"product_brand","embeddable":true,"href":"https:\/\/unstamps.org\/fr\/wp-json\/wp\/v2\/product_brand?post=57745"},{"taxonomy":"product_cat","embeddable":true,"href":"https:\/\/unstamps.org\/fr\/wp-json\/wp\/v2\/product_cat?post=57745"},{"taxonomy":"product_tag","embeddable":true,"href":"https:\/\/unstamps.org\/fr\/wp-json\/wp\/v2\/product_tag?post=57745"}],"curies":[{"name":"wp","href":"https:\/\/api.w.org\/{rel}","templated":true}]}}