{"id":57183,"date":"2018-05-03T09:02:34","date_gmt":"2018-05-03T13:39:12","guid":{"rendered":"https:\/\/unstamps.org\/?post_type=product&#038;p=57183"},"modified":"2026-01-09T10:09:00","modified_gmt":"2026-01-09T15:09:00","slug":"ny-timbre-ordinaire-2018-us-250-feuille-entiere","status":"publish","type":"product","link":"https:\/\/unstamps.org\/fr\/produit\/ny-timbre-ordinaire-2018-us-250-feuille-entiere\/","title":{"rendered":"NY Timbre Ordinaire 2018 \u2013 US$ 2,50 Feuille enti\u00e8re"},"content":{"rendered":"<p><strong>Soixante-dixi\u00e8me anniversaire de la D\u00e9claration universelle des droits de l\u2019homme<\/strong><\/p>\n<p>Afin de faire ressortir l\u2019importance de la D\u00e9claration universelle des droits de l\u2019homme dans la vie de tous les jours et de marquer son soixante-dixi\u00e8me anniversaire, le Bureau des droits de l\u2019homme de l\u2019ONU lance en 2018 une campagne qui durera toute l\u2019ann\u00e9e.<\/p>\n<p>Proclam\u00e9e le 10 d\u00e9cembre 1948 par l\u2019Assembl\u00e9e g\u00e9n\u00e9rale des Nations Unies et r\u00e9dig\u00e9e par des personnes de tous horizons culturels et syst\u00e8mes juridiques et de toutes les r\u00e9gions du monde, la D\u00e9claration \u00e9nonce des valeurs universelles et un id\u00e9al commun \u00e0 atteindre par tous les peuples et toutes les nations. Elle pose l\u2019\u00e9gale dignit\u00e9 et l\u2019\u00e9gale valeur de tous les \u00eatres humains.<\/p>\n<p>La D\u00e9claration et l\u2019adh\u00e9sion des \u00c9tats \u00e0 ses principes ont jet\u00e9 les bases d\u2019un monde plus juste et ont permis \u00e0 des millions de personnes de vivre dignement. Bien qu\u2019il reste encore beaucoup \u00e0 accomplir, le simple fait que la D\u00e9claration ait r\u00e9sist\u00e9 \u00e0 l\u2019\u00e9preuve du temps confirme le caract\u00e8re universel et p\u00e9renne de ses valeurs.<\/p>\n<p>Le timbre \u00e0 US$ 2,50 montre Eleanor Roosevelt tenant \u00e0 la main l\u2019une des versions originales de la D\u00e9claration. Premi\u00e8re personne \u00e0 avoir pr\u00e9sid\u00e9 la Commission des droits de l\u2019homme de l\u2019ONU, M<sup>me<\/sup> Roosevelt a \u0153uvr\u00e9 jusqu\u2019\u00e0 la fin de sa vie \u00e0 la reconnaissance et au respect des droits consacr\u00e9s dans la D\u00e9claration.<\/p>\n<p>&nbsp;<\/p>\n<p><strong>Date d\u2019\u00e9mission:<\/strong> 3 mai 2018<br \/>\n<strong>Dessinateur:<\/strong> Rorie Katz (Nations Unies)<br \/>\n<strong>Valeur:<\/strong> US$ 2,50<br \/>\n<strong>Format de timbre:<\/strong> 50mm x 35mm<br \/>\n<strong>Timbres par feuille:<\/strong> 20<br \/>\n<strong>Imprimeur:<\/strong> Lowe-Martin Group (Canada)<br \/>\n<strong>Reproduction:<\/strong> Lithographie offset &#8211; Hexachrome<br \/>\n<strong>Dentelure:<\/strong> 13.1<br \/>\n<strong>Tirage:<\/strong> 5.000 feuilles (100.000 timbres)<\/p>\n","protected":false},"excerpt":{"rendered":"<p>Soixante-dixi\u00e8me anniversaire de la D\u00e9claration universelle des droits de l\u2019homme Afin de faire ressortir l\u2019importance de la D\u00e9claration universelle des droits de l\u2019homme dans la vie de tous les jours et de marquer son soixante-dixi\u00e8me anniversaire, le Bureau des droits de l\u2019homme de l\u2019ONU lance en 2018 une campagne qui durera toute l\u2019ann\u00e9e. Proclam\u00e9e le [&hellip;]<\/p>\n","protected":false},"featured_media":57292,"comment_status":"closed","ping_status":"closed","template":"","meta":{"ngg_post_thumbnail":0},"product_brand":[],"product_cat":[961,222,140],"product_tag":[],"class_list":{"0":"post-57183","1":"product","2":"type-product","3":"status-publish","4":"has-post-thumbnail","6":"product_cat-2018-fr","7":"product_cat-feuille-entiere","8":"product_cat-new-york-issuing-office-fr","9":"pa_condition-cancelled-fr","10":"pa_condition-mint-fr","12":"first","13":"instock","14":"shipping-taxable","15":"purchasable","16":"product-type-variable"},"yoast_head":"<!-- This site is optimized with the Yoast SEO plugin v27.4 - https:\/\/yoast.com\/product\/yoast-seo-wordpress\/ -->\n<title>NY Timbre Ordinaire 2018 \u2013 US$ 2,50 Feuille enti\u00e8re - UN Timbres<\/title>\n<meta name=\"robots\" content=\"index, follow, max-snippet:-1, max-image-preview:large, max-video-preview:-1\" \/>\n<link rel=\"canonical\" href=\"https:\/\/unstamps.org\/fr\/produit\/ny-timbre-ordinaire-2018-us-250-feuille-entiere\/\" \/>\n<meta property=\"og:locale\" content=\"fr_FR\" \/>\n<meta property=\"og:type\" content=\"article\" \/>\n<meta property=\"og:title\" content=\"NY Timbre Ordinaire 2018 \u2013 US$ 2,50 Feuille enti\u00e8re - UN Timbres\" \/>\n<meta property=\"og:description\" content=\"Soixante-dixi\u00e8me anniversaire de la D\u00e9claration universelle des droits de l\u2019homme Afin de faire ressortir l\u2019importance de la D\u00e9claration universelle des droits de l\u2019homme dans la vie de tous les jours et de marquer son soixante-dixi\u00e8me anniversaire, le Bureau des droits de l\u2019homme de l\u2019ONU lance en 2018 une campagne qui durera toute l\u2019ann\u00e9e. Proclam\u00e9e le [&hellip;]\" \/>\n<meta property=\"og:url\" content=\"https:\/\/unstamps.org\/fr\/produit\/ny-timbre-ordinaire-2018-us-250-feuille-entiere\/\" \/>\n<meta property=\"og:site_name\" content=\"UN Timbres\" \/>\n<meta property=\"article:modified_time\" content=\"2026-01-09T15:09:00+00:00\" \/>\n<meta property=\"og:image\" content=\"https:\/\/unstamps.org\/wp-content\/uploads\/2018\/04\/UDOHR18_NY-2.50-sheet.jpg\" \/>\n\t<meta property=\"og:image:width\" content=\"1024\" \/>\n\t<meta property=\"og:image:height\" content=\"1024\" \/>\n\t<meta property=\"og:image:type\" content=\"image\/jpeg\" \/>\n<meta name=\"twitter:card\" content=\"summary_large_image\" \/>\n<meta name=\"twitter:label1\" content=\"Dur\u00e9e de lecture estim\u00e9e\" \/>\n\t<meta name=\"twitter:data1\" content=\"1 minute\" \/>\n<script type=\"application\/ld+json\" class=\"yoast-schema-graph\">{\"@context\":\"https:\\\/\\\/schema.org\",\"@graph\":[{\"@type\":\"WebPage\",\"@id\":\"https:\\\/\\\/unstamps.org\\\/fr\\\/produit\\\/ny-timbre-ordinaire-2018-us-250-feuille-entiere\\\/\",\"url\":\"https:\\\/\\\/unstamps.org\\\/fr\\\/produit\\\/ny-timbre-ordinaire-2018-us-250-feuille-entiere\\\/\",\"name\":\"NY Timbre Ordinaire 2018 \u2013 US$ 2,50 Feuille enti\u00e8re - UN Timbres\",\"isPartOf\":{\"@id\":\"https:\\\/\\\/unstamps.org\\\/fr\\\/#website\"},\"primaryImageOfPage\":{\"@id\":\"https:\\\/\\\/unstamps.org\\\/fr\\\/produit\\\/ny-timbre-ordinaire-2018-us-250-feuille-entiere\\\/#primaryimage\"},\"image\":{\"@id\":\"https:\\\/\\\/unstamps.org\\\/fr\\\/produit\\\/ny-timbre-ordinaire-2018-us-250-feuille-entiere\\\/#primaryimage\"},\"thumbnailUrl\":\"https:\\\/\\\/unstamps.org\\\/wp-content\\\/uploads\\\/2018\\\/04\\\/UDOHR18_NY-2.50-sheet.jpg\",\"datePublished\":\"2018-05-03T13:39:12+00:00\",\"dateModified\":\"2026-01-09T15:09:00+00:00\",\"breadcrumb\":{\"@id\":\"https:\\\/\\\/unstamps.org\\\/fr\\\/produit\\\/ny-timbre-ordinaire-2018-us-250-feuille-entiere\\\/#breadcrumb\"},\"inLanguage\":\"fr-FR\",\"potentialAction\":[{\"@type\":\"ReadAction\",\"target\":[\"https:\\\/\\\/unstamps.org\\\/fr\\\/produit\\\/ny-timbre-ordinaire-2018-us-250-feuille-entiere\\\/\"]}]},{\"@type\":\"ImageObject\",\"inLanguage\":\"fr-FR\",\"@id\":\"https:\\\/\\\/unstamps.org\\\/fr\\\/produit\\\/ny-timbre-ordinaire-2018-us-250-feuille-entiere\\\/#primaryimage\",\"url\":\"https:\\\/\\\/unstamps.org\\\/wp-content\\\/uploads\\\/2018\\\/04\\\/UDOHR18_NY-2.50-sheet.jpg\",\"contentUrl\":\"https:\\\/\\\/unstamps.org\\\/wp-content\\\/uploads\\\/2018\\\/04\\\/UDOHR18_NY-2.50-sheet.jpg\",\"width\":1024,\"height\":1024},{\"@type\":\"BreadcrumbList\",\"@id\":\"https:\\\/\\\/unstamps.org\\\/fr\\\/produit\\\/ny-timbre-ordinaire-2018-us-250-feuille-entiere\\\/#breadcrumb\",\"itemListElement\":[{\"@type\":\"ListItem\",\"position\":1,\"name\":\"Home\",\"item\":\"https:\\\/\\\/unstamps.org\\\/fr\\\/\"},{\"@type\":\"ListItem\",\"position\":2,\"name\":\"Les produits\",\"item\":\"https:\\\/\\\/unstamps.org\\\/fr\\\/les-produits\\\/\"},{\"@type\":\"ListItem\",\"position\":3,\"name\":\"NY Timbre Ordinaire 2018 \u2013 US$ 2,50 Feuille enti\u00e8re\"}]},{\"@type\":\"WebSite\",\"@id\":\"https:\\\/\\\/unstamps.org\\\/fr\\\/#website\",\"url\":\"https:\\\/\\\/unstamps.org\\\/fr\\\/\",\"name\":\"UN Stamps\",\"description\":\"United Nations Stamps\",\"publisher\":{\"@id\":\"https:\\\/\\\/unstamps.org\\\/fr\\\/#organization\"},\"potentialAction\":[{\"@type\":\"SearchAction\",\"target\":{\"@type\":\"EntryPoint\",\"urlTemplate\":\"https:\\\/\\\/unstamps.org\\\/fr\\\/?s={search_term_string}\"},\"query-input\":{\"@type\":\"PropertyValueSpecification\",\"valueRequired\":true,\"valueName\":\"search_term_string\"}}],\"inLanguage\":\"fr-FR\"},{\"@type\":\"Organization\",\"@id\":\"https:\\\/\\\/unstamps.org\\\/fr\\\/#organization\",\"name\":\"UN Stamps\",\"url\":\"https:\\\/\\\/unstamps.org\\\/fr\\\/\",\"logo\":{\"@type\":\"ImageObject\",\"inLanguage\":\"fr-FR\",\"@id\":\"https:\\\/\\\/unstamps.org\\\/fr\\\/#\\\/schema\\\/logo\\\/image\\\/\",\"url\":\"https:\\\/\\\/unstamps.org\\\/wp-content\\\/uploads\\\/2014\\\/01\\\/logo4web.jpg\",\"contentUrl\":\"https:\\\/\\\/unstamps.org\\\/wp-content\\\/uploads\\\/2014\\\/01\\\/logo4web.jpg\",\"width\":2500,\"height\":250,\"caption\":\"UN Stamps\"},\"image\":{\"@id\":\"https:\\\/\\\/unstamps.org\\\/fr\\\/#\\\/schema\\\/logo\\\/image\\\/\"}}]}<\/script>\n<!-- \/ Yoast SEO plugin. -->","yoast_head_json":{"title":"NY Timbre Ordinaire 2018 \u2013 US$ 2,50 Feuille enti\u00e8re - UN Timbres","robots":{"index":"index","follow":"follow","max-snippet":"max-snippet:-1","max-image-preview":"max-image-preview:large","max-video-preview":"max-video-preview:-1"},"canonical":"https:\/\/unstamps.org\/fr\/produit\/ny-timbre-ordinaire-2018-us-250-feuille-entiere\/","og_locale":"fr_FR","og_type":"article","og_title":"NY Timbre Ordinaire 2018 \u2013 US$ 2,50 Feuille enti\u00e8re - UN Timbres","og_description":"Soixante-dixi\u00e8me anniversaire de la D\u00e9claration universelle des droits de l\u2019homme Afin de faire ressortir l\u2019importance de la D\u00e9claration universelle des droits de l\u2019homme dans la vie de tous les jours et de marquer son soixante-dixi\u00e8me anniversaire, le Bureau des droits de l\u2019homme de l\u2019ONU lance en 2018 une campagne qui durera toute l\u2019ann\u00e9e. Proclam\u00e9e le [&hellip;]","og_url":"https:\/\/unstamps.org\/fr\/produit\/ny-timbre-ordinaire-2018-us-250-feuille-entiere\/","og_site_name":"UN Timbres","article_modified_time":"2026-01-09T15:09:00+00:00","og_image":[{"width":1024,"height":1024,"url":"https:\/\/unstamps.org\/wp-content\/uploads\/2018\/04\/UDOHR18_NY-2.50-sheet.jpg","type":"image\/jpeg"}],"twitter_card":"summary_large_image","twitter_misc":{"Dur\u00e9e de lecture estim\u00e9e":"1 minute"},"schema":{"@context":"https:\/\/schema.org","@graph":[{"@type":"WebPage","@id":"https:\/\/unstamps.org\/fr\/produit\/ny-timbre-ordinaire-2018-us-250-feuille-entiere\/","url":"https:\/\/unstamps.org\/fr\/produit\/ny-timbre-ordinaire-2018-us-250-feuille-entiere\/","name":"NY Timbre Ordinaire 2018 \u2013 US$ 2,50 Feuille enti\u00e8re - UN Timbres","isPartOf":{"@id":"https:\/\/unstamps.org\/fr\/#website"},"primaryImageOfPage":{"@id":"https:\/\/unstamps.org\/fr\/produit\/ny-timbre-ordinaire-2018-us-250-feuille-entiere\/#primaryimage"},"image":{"@id":"https:\/\/unstamps.org\/fr\/produit\/ny-timbre-ordinaire-2018-us-250-feuille-entiere\/#primaryimage"},"thumbnailUrl":"https:\/\/unstamps.org\/wp-content\/uploads\/2018\/04\/UDOHR18_NY-2.50-sheet.jpg","datePublished":"2018-05-03T13:39:12+00:00","dateModified":"2026-01-09T15:09:00+00:00","breadcrumb":{"@id":"https:\/\/unstamps.org\/fr\/produit\/ny-timbre-ordinaire-2018-us-250-feuille-entiere\/#breadcrumb"},"inLanguage":"fr-FR","potentialAction":[{"@type":"ReadAction","target":["https:\/\/unstamps.org\/fr\/produit\/ny-timbre-ordinaire-2018-us-250-feuille-entiere\/"]}]},{"@type":"ImageObject","inLanguage":"fr-FR","@id":"https:\/\/unstamps.org\/fr\/produit\/ny-timbre-ordinaire-2018-us-250-feuille-entiere\/#primaryimage","url":"https:\/\/unstamps.org\/wp-content\/uploads\/2018\/04\/UDOHR18_NY-2.50-sheet.jpg","contentUrl":"https:\/\/unstamps.org\/wp-content\/uploads\/2018\/04\/UDOHR18_NY-2.50-sheet.jpg","width":1024,"height":1024},{"@type":"BreadcrumbList","@id":"https:\/\/unstamps.org\/fr\/produit\/ny-timbre-ordinaire-2018-us-250-feuille-entiere\/#breadcrumb","itemListElement":[{"@type":"ListItem","position":1,"name":"Home","item":"https:\/\/unstamps.org\/fr\/"},{"@type":"ListItem","position":2,"name":"Les produits","item":"https:\/\/unstamps.org\/fr\/les-produits\/"},{"@type":"ListItem","position":3,"name":"NY Timbre Ordinaire 2018 \u2013 US$ 2,50 Feuille enti\u00e8re"}]},{"@type":"WebSite","@id":"https:\/\/unstamps.org\/fr\/#website","url":"https:\/\/unstamps.org\/fr\/","name":"UN Stamps","description":"United Nations Stamps","publisher":{"@id":"https:\/\/unstamps.org\/fr\/#organization"},"potentialAction":[{"@type":"SearchAction","target":{"@type":"EntryPoint","urlTemplate":"https:\/\/unstamps.org\/fr\/?s={search_term_string}"},"query-input":{"@type":"PropertyValueSpecification","valueRequired":true,"valueName":"search_term_string"}}],"inLanguage":"fr-FR"},{"@type":"Organization","@id":"https:\/\/unstamps.org\/fr\/#organization","name":"UN Stamps","url":"https:\/\/unstamps.org\/fr\/","logo":{"@type":"ImageObject","inLanguage":"fr-FR","@id":"https:\/\/unstamps.org\/fr\/#\/schema\/logo\/image\/","url":"https:\/\/unstamps.org\/wp-content\/uploads\/2014\/01\/logo4web.jpg","contentUrl":"https:\/\/unstamps.org\/wp-content\/uploads\/2014\/01\/logo4web.jpg","width":2500,"height":250,"caption":"UN Stamps"},"image":{"@id":"https:\/\/unstamps.org\/fr\/#\/schema\/logo\/image\/"}}]}},"jetpack_sharing_enabled":true,"publishpress_future_action":{"enabled":false,"date":"2026-04-22 00:58:55","action":"change-status","newStatus":"private","terms":[],"taxonomy":"product_cat","extraData":[]},"publishpress_future_workflow_manual_trigger":{"enabledWorkflows":[]},"_links":{"self":[{"href":"https:\/\/unstamps.org\/fr\/wp-json\/wp\/v2\/product\/57183","targetHints":{"allow":["GET"]}}],"collection":[{"href":"https:\/\/unstamps.org\/fr\/wp-json\/wp\/v2\/product"}],"about":[{"href":"https:\/\/unstamps.org\/fr\/wp-json\/wp\/v2\/types\/product"}],"replies":[{"embeddable":true,"href":"https:\/\/unstamps.org\/fr\/wp-json\/wp\/v2\/comments?post=57183"}],"wp:featuredmedia":[{"embeddable":true,"href":"https:\/\/unstamps.org\/fr\/wp-json\/wp\/v2\/media\/57292"}],"wp:attachment":[{"href":"https:\/\/unstamps.org\/fr\/wp-json\/wp\/v2\/media?parent=57183"}],"wp:term":[{"taxonomy":"product_brand","embeddable":true,"href":"https:\/\/unstamps.org\/fr\/wp-json\/wp\/v2\/product_brand?post=57183"},{"taxonomy":"product_cat","embeddable":true,"href":"https:\/\/unstamps.org\/fr\/wp-json\/wp\/v2\/product_cat?post=57183"},{"taxonomy":"product_tag","embeddable":true,"href":"https:\/\/unstamps.org\/fr\/wp-json\/wp\/v2\/product_tag?post=57183"}],"curies":[{"name":"wp","href":"https:\/\/api.w.org\/{rel}","templated":true}]}}