{"id":3143,"date":"2014-01-29T10:17:00","date_gmt":"2014-01-29T15:17:00","guid":{"rendered":"http:\/\/unstamps.org\/?post_type=product&#038;p=3143"},"modified":"2024-07-12T10:20:14","modified_gmt":"2024-07-12T14:20:14","slug":"2013-especes-menacees-dextinction-e-0-70-simple","status":"publish","type":"product","link":"https:\/\/unstamps.org\/fr\/produit\/2013-especes-menacees-dextinction-e-0-70-simple\/","title":{"rendered":"2013 Esp\u00e8ces menac\u00e9es d&#8217;extinction &#8211; \u20ac 0.70 &#8211; Simple"},"content":{"rendered":"<p><strong>Quantit\u00e9:<\/strong> 480.000 timbres (30.000 feuilles)<\/p>\n<p><strong>Impression:<\/strong><br \/>\nLithographie offset par Joh. Enscheached\u00e9 Stamps Security Printers B.V. (Pays-Bas).<\/p>\n<p><strong>Format:<\/strong> 39,2 mm de large sur 28,6 mm de haut, de dentelure \u00e0 dentelure<\/p>\n<p><strong>Dentelure:<\/strong> 12 \u00bd x 12 \u00be<\/p>\n<p><strong>Format de la feuille<\/strong><br \/>\nChaque feuille de 16 timbres pr\u00e9sentera quatre esp\u00e8ces menac\u00e9es en blocs se-tenant de quatre timbres.<\/p>\n<p><strong>Conception de la feuille<\/strong><br \/>\nLa conception de la feuille et les illustrations de bordure sont de Rocco J. Callari, fonctionnaire de l&#8217;ONU.<\/p>\n<p><strong>Unit\u00e9s de vente<\/strong><br \/>\nLes timbres seront disponibles en feuilles miniatures enti\u00e8res de 16 timbres ou en blocs se-tenant de quatre timbres.<\/p>\n<p><strong>Les dessins<\/strong><br \/>\nLes timbres de \u20ac 0,70 repr\u00e9sentent les esp\u00e8ces menac\u00e9es suivantes:<br \/>\nCivette palmiste \u00e0 bandes (Hemigalus derbyanus)<br \/>\nGrand-duc ascalaphe (Bubo ascalaphus)<br \/>\nLoris paresseux (Nycticebus coucang)<br \/>\n\u00c9chidn\u00e9 \u00e0 long bec (Zaglossus spp.)<\/p>\n<p><strong>L&#8217;Artiste<\/strong><\/p>\n<table border=\"0\" cellspacing=\"1\">\n<tbody>\n<tr valign=\"top\">\n<td align=\"left\" width=\"151\"><a href=\"https:\/\/unstamps.org\/wp-content\/uploads\/2013\/12\/ES13_Artist_Emily-Damstra.jpg\"><img loading=\"lazy\" decoding=\"async\" class=\"alignnone size-full wp-image-2835\" alt=\"ES13_Artist_Emily-Damstra\" src=\"https:\/\/unstamps.org\/wp-content\/uploads\/2013\/12\/ES13_Artist_Emily-Damstra.jpg\" width=\"147\" height=\"189\" \/><\/a><\/td>\n<td width=\"607\">Illustratrice dans le domaine des sciences naturelles, Emily S. Damstra (Canada) dessine et peint des sujets \u00e0 caract\u00e8re zoologique, botanique, anthropologique, \u00e9cologique et pal\u00e9ontologique. On retrouve ses illustrations sur les panneaux d&#8217;interpr\u00e9tation dans des mus\u00e9es, zoos et zones naturelles, dans un grand nombre de livres, revues et journaux, sur des sites \u00e0 vis\u00e9e p\u00e9dagogique ou commerciale, ainsi que sur plus d&#8217;une douzaine de pi\u00e8ces de la Monnaie royale canadienne. Elle est titulaire d&#8217;un master de beaux-arts en illustration scientifique et ses travaux lui ont valu des prix d\u00e9cern\u00e9s par le jury \u00e0 l&#8217;occasion d&#8217;expositions scientifiques organis\u00e9es au New York State Museum (\u00ab Focus on Nature \u00bb) et par l&#8217;association Botanical Artists of Canada.Emily vit depuis toujours dans la r\u00e9gion des Grands Lacs, o\u00f9 le temps qu&#8217;elle passe \u00e0 jardiner, \u00e0 faire des randonn\u00e9es et \u00e0 lire nourrit sa passion pour la faune et la flore locales. Elle habite dans le sud de l&#8217;Ontario. Pour voir un panorama de ses oeuvres, consultez le site <a href=\"http:\/\/www.emilydamstra.com\" target=\"_blank\" rel=\"noopener noreferrer\">www.emilydamstra.com<\/a>.<\/td>\n<\/tr>\n<\/tbody>\n<\/table>\n","protected":false},"excerpt":{"rendered":"<p>Quantit\u00e9: 480.000 timbres (30.000 feuilles) Impression: Lithographie offset par Joh. Enscheached\u00e9 Stamps Security Printers B.V. (Pays-Bas). Format: 39,2 mm de large sur 28,6 mm de haut, de dentelure \u00e0 dentelure Dentelure: 12 \u00bd x 12 \u00be Format de la feuille Chaque feuille de 16 timbres pr\u00e9sentera quatre esp\u00e8ces menac\u00e9es en blocs se-tenant de quatre timbres. [&hellip;]<\/p>\n","protected":false},"featured_media":5629,"comment_status":"open","ping_status":"closed","template":"","meta":{"ngg_post_thumbnail":0},"product_brand":[],"product_cat":[138,202,143,156],"product_tag":[],"class_list":{"0":"post-3143","1":"product","2":"type-product","3":"status-publish","4":"has-post-thumbnail","6":"product_cat-2013-fr","7":"product_cat-especes-menacees-dextinction","8":"product_cat-timbres-individuels","9":"product_cat-vienne","10":"brands-2013-especes-menacees-dextinction","12":"first","13":"instock","14":"shipping-taxable","15":"purchasable","16":"product-type-variable"},"yoast_head":"<!-- This site is optimized with the Yoast SEO plugin v27.4 - https:\/\/yoast.com\/product\/yoast-seo-wordpress\/ -->\n<title>2013 Esp\u00e8ces menac\u00e9es d&#8217;extinction &#8211; \u20ac 0.70 &#8211; Simple - UN Timbres<\/title>\n<meta name=\"robots\" content=\"index, follow, max-snippet:-1, max-image-preview:large, max-video-preview:-1\" \/>\n<link rel=\"canonical\" href=\"https:\/\/unstamps.org\/fr\/produit\/2013-especes-menacees-dextinction-e-0-70-simple\/\" \/>\n<meta property=\"og:locale\" content=\"fr_FR\" \/>\n<meta property=\"og:type\" content=\"article\" \/>\n<meta property=\"og:title\" content=\"2013 Esp\u00e8ces menac\u00e9es d&#8217;extinction &#8211; \u20ac 0.70 &#8211; Simple - UN Timbres\" \/>\n<meta property=\"og:description\" content=\"Quantit\u00e9: 480.000 timbres (30.000 feuilles) Impression: Lithographie offset par Joh. Enscheached\u00e9 Stamps Security Printers B.V. (Pays-Bas). Format: 39,2 mm de large sur 28,6 mm de haut, de dentelure \u00e0 dentelure Dentelure: 12 \u00bd x 12 \u00be Format de la feuille Chaque feuille de 16 timbres pr\u00e9sentera quatre esp\u00e8ces menac\u00e9es en blocs se-tenant de quatre timbres. [&hellip;]\" \/>\n<meta property=\"og:url\" content=\"https:\/\/unstamps.org\/fr\/produit\/2013-especes-menacees-dextinction-e-0-70-simple\/\" \/>\n<meta property=\"og:site_name\" content=\"UN Timbres\" \/>\n<meta property=\"article:modified_time\" content=\"2024-07-12T14:20:14+00:00\" \/>\n<meta property=\"og:image\" content=\"https:\/\/unstamps.org\/wp-content\/uploads\/2014\/01\/ES.Vienna.2013.jpg\" \/>\n\t<meta property=\"og:image:width\" content=\"1024\" \/>\n\t<meta property=\"og:image:height\" content=\"1024\" \/>\n\t<meta property=\"og:image:type\" content=\"image\/jpeg\" \/>\n<meta name=\"twitter:card\" content=\"summary_large_image\" \/>\n<meta name=\"twitter:label1\" content=\"Dur\u00e9e de lecture estim\u00e9e\" \/>\n\t<meta name=\"twitter:data1\" content=\"1 minute\" \/>\n<script type=\"application\/ld+json\" class=\"yoast-schema-graph\">{\"@context\":\"https:\\\/\\\/schema.org\",\"@graph\":[{\"@type\":\"WebPage\",\"@id\":\"https:\\\/\\\/unstamps.org\\\/fr\\\/produit\\\/2013-especes-menacees-dextinction-e-0-70-simple\\\/\",\"url\":\"https:\\\/\\\/unstamps.org\\\/fr\\\/produit\\\/2013-especes-menacees-dextinction-e-0-70-simple\\\/\",\"name\":\"2013 Esp\u00e8ces menac\u00e9es d&#8217;extinction &#8211; \u20ac 0.70 &#8211; Simple - UN Timbres\",\"isPartOf\":{\"@id\":\"https:\\\/\\\/unstamps.org\\\/fr\\\/#website\"},\"primaryImageOfPage\":{\"@id\":\"https:\\\/\\\/unstamps.org\\\/fr\\\/produit\\\/2013-especes-menacees-dextinction-e-0-70-simple\\\/#primaryimage\"},\"image\":{\"@id\":\"https:\\\/\\\/unstamps.org\\\/fr\\\/produit\\\/2013-especes-menacees-dextinction-e-0-70-simple\\\/#primaryimage\"},\"thumbnailUrl\":\"https:\\\/\\\/unstamps.org\\\/wp-content\\\/uploads\\\/2014\\\/01\\\/ES.Vienna.2013.jpg\",\"datePublished\":\"2014-01-29T15:17:00+00:00\",\"dateModified\":\"2024-07-12T14:20:14+00:00\",\"breadcrumb\":{\"@id\":\"https:\\\/\\\/unstamps.org\\\/fr\\\/produit\\\/2013-especes-menacees-dextinction-e-0-70-simple\\\/#breadcrumb\"},\"inLanguage\":\"fr-FR\",\"potentialAction\":[{\"@type\":\"ReadAction\",\"target\":[\"https:\\\/\\\/unstamps.org\\\/fr\\\/produit\\\/2013-especes-menacees-dextinction-e-0-70-simple\\\/\"]}]},{\"@type\":\"ImageObject\",\"inLanguage\":\"fr-FR\",\"@id\":\"https:\\\/\\\/unstamps.org\\\/fr\\\/produit\\\/2013-especes-menacees-dextinction-e-0-70-simple\\\/#primaryimage\",\"url\":\"https:\\\/\\\/unstamps.org\\\/wp-content\\\/uploads\\\/2014\\\/01\\\/ES.Vienna.2013.jpg\",\"contentUrl\":\"https:\\\/\\\/unstamps.org\\\/wp-content\\\/uploads\\\/2014\\\/01\\\/ES.Vienna.2013.jpg\",\"width\":1024,\"height\":1024},{\"@type\":\"BreadcrumbList\",\"@id\":\"https:\\\/\\\/unstamps.org\\\/fr\\\/produit\\\/2013-especes-menacees-dextinction-e-0-70-simple\\\/#breadcrumb\",\"itemListElement\":[{\"@type\":\"ListItem\",\"position\":1,\"name\":\"Home\",\"item\":\"https:\\\/\\\/unstamps.org\\\/fr\\\/\"},{\"@type\":\"ListItem\",\"position\":2,\"name\":\"Les produits\",\"item\":\"https:\\\/\\\/unstamps.org\\\/fr\\\/les-produits\\\/\"},{\"@type\":\"ListItem\",\"position\":3,\"name\":\"2013 Esp\u00e8ces menac\u00e9es d&#8217;extinction &#8211; \u20ac 0.70 &#8211; Simple\"}]},{\"@type\":\"WebSite\",\"@id\":\"https:\\\/\\\/unstamps.org\\\/fr\\\/#website\",\"url\":\"https:\\\/\\\/unstamps.org\\\/fr\\\/\",\"name\":\"UN Stamps\",\"description\":\"United Nations Stamps\",\"publisher\":{\"@id\":\"https:\\\/\\\/unstamps.org\\\/fr\\\/#organization\"},\"potentialAction\":[{\"@type\":\"SearchAction\",\"target\":{\"@type\":\"EntryPoint\",\"urlTemplate\":\"https:\\\/\\\/unstamps.org\\\/fr\\\/?s={search_term_string}\"},\"query-input\":{\"@type\":\"PropertyValueSpecification\",\"valueRequired\":true,\"valueName\":\"search_term_string\"}}],\"inLanguage\":\"fr-FR\"},{\"@type\":\"Organization\",\"@id\":\"https:\\\/\\\/unstamps.org\\\/fr\\\/#organization\",\"name\":\"UN Stamps\",\"url\":\"https:\\\/\\\/unstamps.org\\\/fr\\\/\",\"logo\":{\"@type\":\"ImageObject\",\"inLanguage\":\"fr-FR\",\"@id\":\"https:\\\/\\\/unstamps.org\\\/fr\\\/#\\\/schema\\\/logo\\\/image\\\/\",\"url\":\"https:\\\/\\\/unstamps.org\\\/wp-content\\\/uploads\\\/2014\\\/01\\\/logo4web.jpg\",\"contentUrl\":\"https:\\\/\\\/unstamps.org\\\/wp-content\\\/uploads\\\/2014\\\/01\\\/logo4web.jpg\",\"width\":2500,\"height\":250,\"caption\":\"UN Stamps\"},\"image\":{\"@id\":\"https:\\\/\\\/unstamps.org\\\/fr\\\/#\\\/schema\\\/logo\\\/image\\\/\"}}]}<\/script>\n<!-- \/ Yoast SEO plugin. -->","yoast_head_json":{"title":"2013 Esp\u00e8ces menac\u00e9es d&#8217;extinction &#8211; \u20ac 0.70 &#8211; Simple - UN Timbres","robots":{"index":"index","follow":"follow","max-snippet":"max-snippet:-1","max-image-preview":"max-image-preview:large","max-video-preview":"max-video-preview:-1"},"canonical":"https:\/\/unstamps.org\/fr\/produit\/2013-especes-menacees-dextinction-e-0-70-simple\/","og_locale":"fr_FR","og_type":"article","og_title":"2013 Esp\u00e8ces menac\u00e9es d&#8217;extinction &#8211; \u20ac 0.70 &#8211; Simple - UN Timbres","og_description":"Quantit\u00e9: 480.000 timbres (30.000 feuilles) Impression: Lithographie offset par Joh. Enscheached\u00e9 Stamps Security Printers B.V. (Pays-Bas). Format: 39,2 mm de large sur 28,6 mm de haut, de dentelure \u00e0 dentelure Dentelure: 12 \u00bd x 12 \u00be Format de la feuille Chaque feuille de 16 timbres pr\u00e9sentera quatre esp\u00e8ces menac\u00e9es en blocs se-tenant de quatre timbres. [&hellip;]","og_url":"https:\/\/unstamps.org\/fr\/produit\/2013-especes-menacees-dextinction-e-0-70-simple\/","og_site_name":"UN Timbres","article_modified_time":"2024-07-12T14:20:14+00:00","og_image":[{"width":1024,"height":1024,"url":"https:\/\/unstamps.org\/wp-content\/uploads\/2014\/01\/ES.Vienna.2013.jpg","type":"image\/jpeg"}],"twitter_card":"summary_large_image","twitter_misc":{"Dur\u00e9e de lecture estim\u00e9e":"1 minute"},"schema":{"@context":"https:\/\/schema.org","@graph":[{"@type":"WebPage","@id":"https:\/\/unstamps.org\/fr\/produit\/2013-especes-menacees-dextinction-e-0-70-simple\/","url":"https:\/\/unstamps.org\/fr\/produit\/2013-especes-menacees-dextinction-e-0-70-simple\/","name":"2013 Esp\u00e8ces menac\u00e9es d&#8217;extinction &#8211; \u20ac 0.70 &#8211; Simple - UN Timbres","isPartOf":{"@id":"https:\/\/unstamps.org\/fr\/#website"},"primaryImageOfPage":{"@id":"https:\/\/unstamps.org\/fr\/produit\/2013-especes-menacees-dextinction-e-0-70-simple\/#primaryimage"},"image":{"@id":"https:\/\/unstamps.org\/fr\/produit\/2013-especes-menacees-dextinction-e-0-70-simple\/#primaryimage"},"thumbnailUrl":"https:\/\/unstamps.org\/wp-content\/uploads\/2014\/01\/ES.Vienna.2013.jpg","datePublished":"2014-01-29T15:17:00+00:00","dateModified":"2024-07-12T14:20:14+00:00","breadcrumb":{"@id":"https:\/\/unstamps.org\/fr\/produit\/2013-especes-menacees-dextinction-e-0-70-simple\/#breadcrumb"},"inLanguage":"fr-FR","potentialAction":[{"@type":"ReadAction","target":["https:\/\/unstamps.org\/fr\/produit\/2013-especes-menacees-dextinction-e-0-70-simple\/"]}]},{"@type":"ImageObject","inLanguage":"fr-FR","@id":"https:\/\/unstamps.org\/fr\/produit\/2013-especes-menacees-dextinction-e-0-70-simple\/#primaryimage","url":"https:\/\/unstamps.org\/wp-content\/uploads\/2014\/01\/ES.Vienna.2013.jpg","contentUrl":"https:\/\/unstamps.org\/wp-content\/uploads\/2014\/01\/ES.Vienna.2013.jpg","width":1024,"height":1024},{"@type":"BreadcrumbList","@id":"https:\/\/unstamps.org\/fr\/produit\/2013-especes-menacees-dextinction-e-0-70-simple\/#breadcrumb","itemListElement":[{"@type":"ListItem","position":1,"name":"Home","item":"https:\/\/unstamps.org\/fr\/"},{"@type":"ListItem","position":2,"name":"Les produits","item":"https:\/\/unstamps.org\/fr\/les-produits\/"},{"@type":"ListItem","position":3,"name":"2013 Esp\u00e8ces menac\u00e9es d&#8217;extinction &#8211; \u20ac 0.70 &#8211; Simple"}]},{"@type":"WebSite","@id":"https:\/\/unstamps.org\/fr\/#website","url":"https:\/\/unstamps.org\/fr\/","name":"UN Stamps","description":"United Nations Stamps","publisher":{"@id":"https:\/\/unstamps.org\/fr\/#organization"},"potentialAction":[{"@type":"SearchAction","target":{"@type":"EntryPoint","urlTemplate":"https:\/\/unstamps.org\/fr\/?s={search_term_string}"},"query-input":{"@type":"PropertyValueSpecification","valueRequired":true,"valueName":"search_term_string"}}],"inLanguage":"fr-FR"},{"@type":"Organization","@id":"https:\/\/unstamps.org\/fr\/#organization","name":"UN Stamps","url":"https:\/\/unstamps.org\/fr\/","logo":{"@type":"ImageObject","inLanguage":"fr-FR","@id":"https:\/\/unstamps.org\/fr\/#\/schema\/logo\/image\/","url":"https:\/\/unstamps.org\/wp-content\/uploads\/2014\/01\/logo4web.jpg","contentUrl":"https:\/\/unstamps.org\/wp-content\/uploads\/2014\/01\/logo4web.jpg","width":2500,"height":250,"caption":"UN Stamps"},"image":{"@id":"https:\/\/unstamps.org\/fr\/#\/schema\/logo\/image\/"}}]}},"jetpack_sharing_enabled":true,"publishpress_future_action":{"enabled":false,"date":"2026-04-23 22:36:12","action":"change-status","newStatus":"private","terms":[],"taxonomy":"product_cat","extraData":[]},"publishpress_future_workflow_manual_trigger":{"enabledWorkflows":[]},"_links":{"self":[{"href":"https:\/\/unstamps.org\/fr\/wp-json\/wp\/v2\/product\/3143","targetHints":{"allow":["GET"]}}],"collection":[{"href":"https:\/\/unstamps.org\/fr\/wp-json\/wp\/v2\/product"}],"about":[{"href":"https:\/\/unstamps.org\/fr\/wp-json\/wp\/v2\/types\/product"}],"replies":[{"embeddable":true,"href":"https:\/\/unstamps.org\/fr\/wp-json\/wp\/v2\/comments?post=3143"}],"wp:featuredmedia":[{"embeddable":true,"href":"https:\/\/unstamps.org\/fr\/wp-json\/wp\/v2\/media\/5629"}],"wp:attachment":[{"href":"https:\/\/unstamps.org\/fr\/wp-json\/wp\/v2\/media?parent=3143"}],"wp:term":[{"taxonomy":"product_brand","embeddable":true,"href":"https:\/\/unstamps.org\/fr\/wp-json\/wp\/v2\/product_brand?post=3143"},{"taxonomy":"product_cat","embeddable":true,"href":"https:\/\/unstamps.org\/fr\/wp-json\/wp\/v2\/product_cat?post=3143"},{"taxonomy":"product_tag","embeddable":true,"href":"https:\/\/unstamps.org\/fr\/wp-json\/wp\/v2\/product_tag?post=3143"}],"curies":[{"name":"wp","href":"https:\/\/api.w.org\/{rel}","templated":true}]}}