{"id":314,"date":"2013-11-18T18:56:01","date_gmt":"2013-11-18T18:56:01","guid":{"rendered":"http:\/\/unstamps.org\/?post_type=product&#038;p=314"},"modified":"2024-01-26T09:58:40","modified_gmt":"2024-01-26T14:58:40","slug":"test-issue-product-fr-ar","status":"publish","type":"product","link":"https:\/\/unstamps.org\/fr\/produit\/test-issue-product-fr-ar\/","title":{"rendered":"test issue product FR-ar"},"content":{"rendered":"<p><strong>D\u00e9tails techniques<\/strong><\/p>\n<p><strong>Format:<\/strong> 30 mm horizontalement par 40 mm verticalement<\/p>\n<p>Constitu\u00e9e de deux blocs de quatre timbres, chacune des trois feuilles repr\u00e9sente huit monnaies et huit drapeaux diff\u00e9rents. La s\u00e9paration entre les deux planches, comprenant quatre timbres chacune, est faite par une dentelure lin\u00e9aire verticale.<\/p>\n<p><strong>Dentelure:<\/strong> 13,33<\/p>\n<p>Les timbres des feuilles miniature sont perfor\u00e9s \u00e0 l&#8217;aiguille et comportent une marque de s\u00e9curit\u00e9 r\u00e9agissant aux ultraviolets.<\/p>\n<p><strong>Inscriptions marginales<\/strong><br \/>\nChaque feuille verticale de huit timbres comporte huit inscriptions marginales, deux dans la marge de gauche,deux dans la marge de droite et quatre au centre. L&#8217;inscription marginale est constitu\u00e9e de l&#8217;embl\u00e8me de l&#8217;Organisation des Nations Unies, avec les mots \u00ab Nations \u00bb au-dessus de l&#8217;embl\u00e8me et \u00ab Unies \u00bb au-dessous. Chaque drapeau est reproduit en miniature dans la marge. Les valeurs progressives de diff\u00e9rentes valeurs faciales sont mentionn\u00e9es en haut et en bas de la marge de chaque feuille. Un symbole \u00ab copyright \u00bb figure dans la marge inf\u00e9rieure gauche.<\/p>\n<p><strong>Concept<\/strong><br \/>\nLe concept de la s\u00e9rie Monnaies et Drapeaux a \u00e9t\u00e9 imagin\u00e9 par Jenny Karia (Nations Unies).<\/p>\n<p><strong>L&#8217;artiste<\/strong><br \/>\nLa s\u00e9rie 2013 des Monnaies et Drapeaux a \u00e9t\u00e9 con\u00e7ue par Rorie Katz (Nations Unies).<\/p>\n<p><strong>Impression<\/strong><br \/>\nLes timbres ont \u00e9t\u00e9 imprim\u00e9s en offset par Cartor Security Printing (France).<\/p>\n<p><strong>Valeurs et quantit\u00e9s<\/strong><\/p>\n<table width=\"50%\" border=\"0\" cellspacing=\"1\" cellpadding=\"1\">\n<tbody>\n<tr>\n<td valign=\"top\" width=\"30%\">US$ 0,46<\/td>\n<td valign=\"top\" width=\"70%\">328.000 timbres (41.000 feuilles)<\/td>\n<\/tr>\n<tr>\n<td valign=\"top\">CHF 1,40<\/td>\n<td valign=\"top\">320.000 timbres (40.000 feuilles)<\/td>\n<\/tr>\n<tr>\n<td valign=\"top\">\u20ac 0,70<\/td>\n<td valign=\"top\">384.000 timbres (48.000 feuilles)<\/td>\n<\/tr>\n<\/tbody>\n<\/table>\n<p><strong>Unit\u00e9s de vente<\/strong><br \/>\nLa feuille miniature de huit timbres constituera l&#8217;unit\u00e9 de vente unique pr\u00e9vue pour cette \u00e9mission.<\/p>\n<p>Les \u00c9tats Membres de l&#8217;Organisation des Nations Unies repr\u00e9sent\u00e9s sur les feuilles de timbres de la s\u00e9rie \u00ab Monnaies et Drapeaux \u00bb 2013 sont les suivants:<\/p>\n<table width=\"100%\" border=\"0\" cellspacing=\"2\" cellpadding=\"10\">\n<tbody>\n<tr bgcolor=\"#0099ff\">\n<td valign=\"top\" width=\"197\" height=\"top\">\u00c9tats Membres<\/td>\n<td valign=\"top\" width=\"168\">Pi\u00e8ces repr\u00e9sent\u00e9es<\/td>\n<\/tr>\n<tr bgcolor=\"#e3edfb\">\n<td valign=\"top\" width=\"197\" height=\"top\"><strong>Mont\u00e9n\u00e9gro<\/strong><\/td>\n<td valign=\"top\" width=\"168\"><strong>20 cents<\/strong><\/td>\n<\/tr>\n<tr bgcolor=\"#b9d3ee\">\n<td valign=\"top\" width=\"197\"><strong>Grenade<\/strong><\/td>\n<td valign=\"top\" width=\"240\"><strong>5 cents<\/strong><\/td>\n<\/tr>\n<tr bgcolor=\"#e3edfb\">\n<td valign=\"top\" width=\"300\"><strong>Palaos<\/strong><\/td>\n<td valign=\"top\" width=\"300\"><strong>1 cent<\/strong><\/td>\n<\/tr>\n<tr bgcolor=\"#b9d3ee\">\n<td valign=\"top\" width=\"197\"><strong>Niger<\/strong><\/td>\n<td valign=\"top\" width=\"240\"><strong>100 francs<\/strong><\/td>\n<\/tr>\n<tr bgcolor=\"#e3edfb\">\n<td valign=\"top\" width=\"300\"><strong>\u00c9tats-Unis d&#8217;Am\u00e9rique<\/strong><\/td>\n<td valign=\"top\" width=\"300\"><strong>25 cents<\/strong><\/td>\n<\/tr>\n<tr bgcolor=\"#b9d3ee\">\n<td valign=\"top\" width=\"197\"><strong>Gabon<\/strong><\/td>\n<td valign=\"top\" width=\"240\"><strong>100 francs<\/strong><\/td>\n<\/tr>\n<tr bgcolor=\"#e3edfb\">\n<td valign=\"top\" width=\"300\"><strong>Saint-Kitts-et-Nevis<\/strong><\/td>\n<td valign=\"top\" width=\"300\"><strong>5 cents<\/strong><\/td>\n<\/tr>\n<tr bgcolor=\"#b9d3ee\">\n<td valign=\"top\" width=\"197\"><strong>R\u00e9publique bolivarienne du Venezuela<\/strong><\/td>\n<td valign=\"top\" width=\"240\"><strong>1 bol\u00edvar<\/strong><\/td>\n<\/tr>\n<\/tbody>\n<\/table>\n","protected":false},"excerpt":{"rendered":"<p>D\u00e9tails techniques Format: 30 mm horizontalement par 40 mm verticalement Constitu\u00e9e de deux blocs de quatre timbres, chacune des trois feuilles repr\u00e9sente huit monnaies et huit drapeaux diff\u00e9rents. La s\u00e9paration entre les deux planches, comprenant quatre timbres chacune, est faite par une dentelure lin\u00e9aire verticale. Dentelure: 13,33 Les timbres des feuilles miniature sont perfor\u00e9s \u00e0 [&hellip;]<\/p>\n","protected":false},"featured_media":0,"comment_status":"open","ping_status":"closed","template":"","meta":{"ngg_post_thumbnail":0},"product_brand":[],"product_cat":[966],"product_tag":[],"class_list":{"0":"post-314","1":"product","2":"type-product","3":"status-publish","5":"product_cat-uncategorized","7":"first","8":"instock","9":"shipping-taxable","10":"product-type-simple"},"yoast_head":"<!-- This site is optimized with the Yoast SEO plugin v27.3 - https:\/\/yoast.com\/product\/yoast-seo-wordpress\/ -->\n<title>test issue product FR-ar - UN Timbres<\/title>\n<meta name=\"robots\" content=\"index, follow, max-snippet:-1, max-image-preview:large, max-video-preview:-1\" \/>\n<link rel=\"canonical\" href=\"https:\/\/unstamps.org\/fr\/produit\/test-issue-product-fr-ar\/\" \/>\n<meta property=\"og:locale\" content=\"fr_FR\" \/>\n<meta property=\"og:type\" content=\"article\" \/>\n<meta property=\"og:title\" content=\"test issue product FR-ar - UN Timbres\" \/>\n<meta property=\"og:description\" content=\"D\u00e9tails techniques Format: 30 mm horizontalement par 40 mm verticalement Constitu\u00e9e de deux blocs de quatre timbres, chacune des trois feuilles repr\u00e9sente huit monnaies et huit drapeaux diff\u00e9rents. La s\u00e9paration entre les deux planches, comprenant quatre timbres chacune, est faite par une dentelure lin\u00e9aire verticale. Dentelure: 13,33 Les timbres des feuilles miniature sont perfor\u00e9s \u00e0 [&hellip;]\" \/>\n<meta property=\"og:url\" content=\"https:\/\/unstamps.org\/fr\/produit\/test-issue-product-fr-ar\/\" \/>\n<meta property=\"og:site_name\" content=\"UN Timbres\" \/>\n<meta property=\"article:modified_time\" content=\"2024-01-26T14:58:40+00:00\" \/>\n<meta name=\"twitter:card\" content=\"summary_large_image\" \/>\n<meta name=\"twitter:label1\" content=\"Dur\u00e9e de lecture estim\u00e9e\" \/>\n\t<meta name=\"twitter:data1\" content=\"2 minutes\" \/>\n<script type=\"application\/ld+json\" class=\"yoast-schema-graph\">{\"@context\":\"https:\\\/\\\/schema.org\",\"@graph\":[{\"@type\":\"WebPage\",\"@id\":\"https:\\\/\\\/unstamps.org\\\/fr\\\/produit\\\/test-issue-product-fr-ar\\\/\",\"url\":\"https:\\\/\\\/unstamps.org\\\/fr\\\/produit\\\/test-issue-product-fr-ar\\\/\",\"name\":\"test issue product FR-ar - UN Timbres\",\"isPartOf\":{\"@id\":\"https:\\\/\\\/unstamps.org\\\/fr\\\/#website\"},\"datePublished\":\"2013-11-18T18:56:01+00:00\",\"dateModified\":\"2024-01-26T14:58:40+00:00\",\"breadcrumb\":{\"@id\":\"https:\\\/\\\/unstamps.org\\\/fr\\\/produit\\\/test-issue-product-fr-ar\\\/#breadcrumb\"},\"inLanguage\":\"fr-FR\",\"potentialAction\":[{\"@type\":\"ReadAction\",\"target\":[\"https:\\\/\\\/unstamps.org\\\/fr\\\/produit\\\/test-issue-product-fr-ar\\\/\"]}]},{\"@type\":\"BreadcrumbList\",\"@id\":\"https:\\\/\\\/unstamps.org\\\/fr\\\/produit\\\/test-issue-product-fr-ar\\\/#breadcrumb\",\"itemListElement\":[{\"@type\":\"ListItem\",\"position\":1,\"name\":\"Home\",\"item\":\"https:\\\/\\\/unstamps.org\\\/fr\\\/\"},{\"@type\":\"ListItem\",\"position\":2,\"name\":\"Les produits\",\"item\":\"https:\\\/\\\/unstamps.org\\\/fr\\\/les-produits\\\/\"},{\"@type\":\"ListItem\",\"position\":3,\"name\":\"test issue product FR-ar\"}]},{\"@type\":\"WebSite\",\"@id\":\"https:\\\/\\\/unstamps.org\\\/fr\\\/#website\",\"url\":\"https:\\\/\\\/unstamps.org\\\/fr\\\/\",\"name\":\"UN Stamps\",\"description\":\"United Nations Stamps\",\"publisher\":{\"@id\":\"https:\\\/\\\/unstamps.org\\\/fr\\\/#organization\"},\"potentialAction\":[{\"@type\":\"SearchAction\",\"target\":{\"@type\":\"EntryPoint\",\"urlTemplate\":\"https:\\\/\\\/unstamps.org\\\/fr\\\/?s={search_term_string}\"},\"query-input\":{\"@type\":\"PropertyValueSpecification\",\"valueRequired\":true,\"valueName\":\"search_term_string\"}}],\"inLanguage\":\"fr-FR\"},{\"@type\":\"Organization\",\"@id\":\"https:\\\/\\\/unstamps.org\\\/fr\\\/#organization\",\"name\":\"UN Stamps\",\"url\":\"https:\\\/\\\/unstamps.org\\\/fr\\\/\",\"logo\":{\"@type\":\"ImageObject\",\"inLanguage\":\"fr-FR\",\"@id\":\"https:\\\/\\\/unstamps.org\\\/fr\\\/#\\\/schema\\\/logo\\\/image\\\/\",\"url\":\"https:\\\/\\\/unstamps.org\\\/wp-content\\\/uploads\\\/2014\\\/01\\\/logo4web.jpg\",\"contentUrl\":\"https:\\\/\\\/unstamps.org\\\/wp-content\\\/uploads\\\/2014\\\/01\\\/logo4web.jpg\",\"width\":2500,\"height\":250,\"caption\":\"UN Stamps\"},\"image\":{\"@id\":\"https:\\\/\\\/unstamps.org\\\/fr\\\/#\\\/schema\\\/logo\\\/image\\\/\"}}]}<\/script>\n<!-- \/ Yoast SEO plugin. -->","yoast_head_json":{"title":"test issue product FR-ar - UN Timbres","robots":{"index":"index","follow":"follow","max-snippet":"max-snippet:-1","max-image-preview":"max-image-preview:large","max-video-preview":"max-video-preview:-1"},"canonical":"https:\/\/unstamps.org\/fr\/produit\/test-issue-product-fr-ar\/","og_locale":"fr_FR","og_type":"article","og_title":"test issue product FR-ar - UN Timbres","og_description":"D\u00e9tails techniques Format: 30 mm horizontalement par 40 mm verticalement Constitu\u00e9e de deux blocs de quatre timbres, chacune des trois feuilles repr\u00e9sente huit monnaies et huit drapeaux diff\u00e9rents. La s\u00e9paration entre les deux planches, comprenant quatre timbres chacune, est faite par une dentelure lin\u00e9aire verticale. Dentelure: 13,33 Les timbres des feuilles miniature sont perfor\u00e9s \u00e0 [&hellip;]","og_url":"https:\/\/unstamps.org\/fr\/produit\/test-issue-product-fr-ar\/","og_site_name":"UN Timbres","article_modified_time":"2024-01-26T14:58:40+00:00","twitter_card":"summary_large_image","twitter_misc":{"Dur\u00e9e de lecture estim\u00e9e":"2 minutes"},"schema":{"@context":"https:\/\/schema.org","@graph":[{"@type":"WebPage","@id":"https:\/\/unstamps.org\/fr\/produit\/test-issue-product-fr-ar\/","url":"https:\/\/unstamps.org\/fr\/produit\/test-issue-product-fr-ar\/","name":"test issue product FR-ar - UN Timbres","isPartOf":{"@id":"https:\/\/unstamps.org\/fr\/#website"},"datePublished":"2013-11-18T18:56:01+00:00","dateModified":"2024-01-26T14:58:40+00:00","breadcrumb":{"@id":"https:\/\/unstamps.org\/fr\/produit\/test-issue-product-fr-ar\/#breadcrumb"},"inLanguage":"fr-FR","potentialAction":[{"@type":"ReadAction","target":["https:\/\/unstamps.org\/fr\/produit\/test-issue-product-fr-ar\/"]}]},{"@type":"BreadcrumbList","@id":"https:\/\/unstamps.org\/fr\/produit\/test-issue-product-fr-ar\/#breadcrumb","itemListElement":[{"@type":"ListItem","position":1,"name":"Home","item":"https:\/\/unstamps.org\/fr\/"},{"@type":"ListItem","position":2,"name":"Les produits","item":"https:\/\/unstamps.org\/fr\/les-produits\/"},{"@type":"ListItem","position":3,"name":"test issue product FR-ar"}]},{"@type":"WebSite","@id":"https:\/\/unstamps.org\/fr\/#website","url":"https:\/\/unstamps.org\/fr\/","name":"UN Stamps","description":"United Nations Stamps","publisher":{"@id":"https:\/\/unstamps.org\/fr\/#organization"},"potentialAction":[{"@type":"SearchAction","target":{"@type":"EntryPoint","urlTemplate":"https:\/\/unstamps.org\/fr\/?s={search_term_string}"},"query-input":{"@type":"PropertyValueSpecification","valueRequired":true,"valueName":"search_term_string"}}],"inLanguage":"fr-FR"},{"@type":"Organization","@id":"https:\/\/unstamps.org\/fr\/#organization","name":"UN Stamps","url":"https:\/\/unstamps.org\/fr\/","logo":{"@type":"ImageObject","inLanguage":"fr-FR","@id":"https:\/\/unstamps.org\/fr\/#\/schema\/logo\/image\/","url":"https:\/\/unstamps.org\/wp-content\/uploads\/2014\/01\/logo4web.jpg","contentUrl":"https:\/\/unstamps.org\/wp-content\/uploads\/2014\/01\/logo4web.jpg","width":2500,"height":250,"caption":"UN Stamps"},"image":{"@id":"https:\/\/unstamps.org\/fr\/#\/schema\/logo\/image\/"}}]}},"jetpack_sharing_enabled":true,"publishpress_future_action":{"enabled":false,"date":"2026-04-19 05:43:38","action":"change-status","newStatus":"private","terms":[],"taxonomy":"product_cat","extraData":[]},"publishpress_future_workflow_manual_trigger":{"enabledWorkflows":[]},"_links":{"self":[{"href":"https:\/\/unstamps.org\/fr\/wp-json\/wp\/v2\/product\/314","targetHints":{"allow":["GET"]}}],"collection":[{"href":"https:\/\/unstamps.org\/fr\/wp-json\/wp\/v2\/product"}],"about":[{"href":"https:\/\/unstamps.org\/fr\/wp-json\/wp\/v2\/types\/product"}],"replies":[{"embeddable":true,"href":"https:\/\/unstamps.org\/fr\/wp-json\/wp\/v2\/comments?post=314"}],"wp:attachment":[{"href":"https:\/\/unstamps.org\/fr\/wp-json\/wp\/v2\/media?parent=314"}],"wp:term":[{"taxonomy":"product_brand","embeddable":true,"href":"https:\/\/unstamps.org\/fr\/wp-json\/wp\/v2\/product_brand?post=314"},{"taxonomy":"product_cat","embeddable":true,"href":"https:\/\/unstamps.org\/fr\/wp-json\/wp\/v2\/product_cat?post=314"},{"taxonomy":"product_tag","embeddable":true,"href":"https:\/\/unstamps.org\/fr\/wp-json\/wp\/v2\/product_tag?post=314"}],"curies":[{"name":"wp","href":"https:\/\/api.w.org\/{rel}","templated":true}]}}