{"id":2434,"date":"2014-01-16T20:06:54","date_gmt":"2014-01-17T01:06:54","guid":{"rendered":"http:\/\/unstamps.org\/?post_type=product&#038;p=2434"},"modified":"2024-07-12T10:20:37","modified_gmt":"2024-07-12T14:20:37","slug":"briser-les-barrieres-ouvrir-les-portes-3","status":"publish","type":"product","link":"https:\/\/unstamps.org\/fr\/produit\/briser-les-barrieres-ouvrir-les-portes-3\/","title":{"rendered":"Briser les barri\u00e8res &#8211; ouvrir les portes"},"content":{"rendered":"<p><strong style=\"font-size: 14px; line-height: 1.5em;\">US$ 0,46 Feuille enti\u00e8re &#8211; NeufD\u00e9tails techniques<\/strong><\/p>\n<p><strong>Dessinateur:<\/strong> Rorie Katz (Nations Unies)<\/p>\n<p><strong>Format:<\/strong> 30 mm x 40 mm<\/p>\n<p><strong>Timbres par Feuille:<\/strong> 20<\/p>\n<p><strong>Dentelure:<\/strong> 14<\/p>\n<p><strong>Imprimeur:<\/strong> UAB Garsu Pasaulis (Lituanie)<\/p>\n<p><strong>Reproduction:<\/strong> Lithographie offset<\/p>\n<p><strong>Quantit\u00e9:<\/strong> 148.000 timbres (7.400 feuilles)<\/p>\n<p><strong>Le Artiste:<\/strong> Chuck Close (\u00c9tats-Unis) &#8211; <em>Autoportrait II<\/em> (2010)<\/p>\n<p><a href=\"https:\/\/unstamps.org\/wp-content\/uploads\/2013\/12\/BB_Artist_Chuck-Close.jpg\"><img loading=\"lazy\" decoding=\"async\" class=\"alignnone size-full wp-image-2828\" alt=\"BB_Artist_Chuck-Close\" src=\"https:\/\/unstamps.org\/wp-content\/uploads\/2013\/12\/BB_Artist_Chuck-Close.jpg\" width=\"147\" height=\"189\" \/><\/a><\/p>\n<p>Chuck Close est un plasticien dont l&#8217;oeuvre a \u00e9t\u00e9 r\u00e9compens\u00e9e et qui est connu pour les techniques tr\u00e8s inventives qu&#8217;il utilise pour peindre le visage humain. Il est surtout c\u00e9l\u00e8bre pour ses grands portraits r\u00e9alis\u00e9s \u00e0 partir de photographies. Il est \u00e9galement un graveur et un photographe accompli dont le travail a fait l&#8217;objet de plus de 200 expositions personnelles dans plus de 20 pays, y compris de grandes expositions r\u00e9trospectives au Museum of Modern Art de New York, au Metropolitan Museum of Art, au Museo Nacional Centro de Arte Reina Sofi a \u00e0 Madrid, et tout r\u00e9cemment au mus\u00e9e de l&#8217;Ermitage \u00e0 Saint-P\u00e9tersbourg en Russie. Il a \u00e9galement particip\u00e9 \u00e0 pr\u00e8s de 800 expositions de groupe.<\/p>\n<p>Bien qu&#8217;une rare l\u00e9sion de la moelle \u00e9pini\u00e8re survenue en 1988 l&#8217;ait laiss\u00e9 paralys\u00e9, il a continu\u00e9 de peindre \u00e0 l&#8217;aide d&#8217;un pinceau fix\u00e9 \u00e0 son poignet et \u00e0 son avant-bras \u00e0 l&#8217;aide d&#8217;un dispositif sp\u00e9cial. Il a \u00e9tudi\u00e9 \u00e0 la University of Washington School of Art (Bachelor of Arts, 1962) et \u00e0 la Yale School University of Art and Architecture (Bachelor of Fine Arts, 1963; Master of Fine Arts, 1964), recevant des dipl\u00f4mes honorifiques de ces deux universit\u00e9s ainsi que de 20 autres \u00e9tablissements. Il est membre de la American Academy of Arts and Letters et a si\u00e9g\u00e9 au conseil d&#8217;administration de nombreuses organisations artistiques.<\/p>\n<p>Il a re\u00e7u la prestigieuse National Medal of Arts des mains du Pr\u00e9sident Clinton en 2000 et a \u00e9t\u00e9 d\u00e9sign\u00e9 par le Pr\u00e9sident Obama pour si\u00e9ger au President&#8217;s Committee on the Arts and the Humanities.<\/p>\n<p>&nbsp;<\/p>\n","protected":false},"excerpt":{"rendered":"<p>US$ 0,46 Feuille enti\u00e8re &#8211; NeufD\u00e9tails techniques Dessinateur: Rorie Katz (Nations Unies) Format: 30 mm x 40 mm Timbres par Feuille: 20 Dentelure: 14 Imprimeur: UAB Garsu Pasaulis (Lituanie) Reproduction: Lithographie offset Quantit\u00e9: 148.000 timbres (7.400 feuilles) Le Artiste: Chuck Close (\u00c9tats-Unis) &#8211; Autoportrait II (2010) Chuck Close est un plasticien dont l&#8217;oeuvre a \u00e9t\u00e9 [&hellip;]<\/p>\n","protected":false},"featured_media":208,"comment_status":"open","ping_status":"closed","template":"","meta":{"ngg_post_thumbnail":0},"product_brand":[],"product_cat":[966],"product_tag":[],"class_list":{"0":"post-2434","1":"product","2":"type-product","3":"status-publish","4":"has-post-thumbnail","6":"product_cat-uncategorized","8":"first","9":"instock","10":"shipping-taxable","11":"purchasable","12":"product-type-variable"},"yoast_head":"<!-- This site is optimized with the Yoast SEO plugin v27.4 - https:\/\/yoast.com\/product\/yoast-seo-wordpress\/ -->\n<title>Briser les barri\u00e8res &#8211; ouvrir les portes - UN Timbres<\/title>\n<meta name=\"robots\" content=\"index, follow, max-snippet:-1, max-image-preview:large, max-video-preview:-1\" \/>\n<link rel=\"canonical\" href=\"https:\/\/unstamps.org\/fr\/produit\/briser-les-barrieres-ouvrir-les-portes-3\/\" \/>\n<meta property=\"og:locale\" content=\"fr_FR\" \/>\n<meta property=\"og:type\" content=\"article\" \/>\n<meta property=\"og:title\" content=\"Briser les barri\u00e8res &#8211; ouvrir les portes - UN Timbres\" \/>\n<meta property=\"og:description\" content=\"US$ 0,46 Feuille enti\u00e8re &#8211; NeufD\u00e9tails techniques Dessinateur: Rorie Katz (Nations Unies) Format: 30 mm x 40 mm Timbres par Feuille: 20 Dentelure: 14 Imprimeur: UAB Garsu Pasaulis (Lituanie) Reproduction: Lithographie offset Quantit\u00e9: 148.000 timbres (7.400 feuilles) Le Artiste: Chuck Close (\u00c9tats-Unis) &#8211; Autoportrait II (2010) Chuck Close est un plasticien dont l&#8217;oeuvre a \u00e9t\u00e9 [&hellip;]\" \/>\n<meta property=\"og:url\" content=\"https:\/\/unstamps.org\/fr\/produit\/briser-les-barrieres-ouvrir-les-portes-3\/\" \/>\n<meta property=\"og:site_name\" content=\"UN Timbres\" \/>\n<meta property=\"article:modified_time\" content=\"2024-07-12T14:20:37+00:00\" \/>\n<meta property=\"og:image\" content=\"https:\/\/unstamps.org\/wp-content\/uploads\/2013\/11\/BB_46_fullsheet.jpg\" \/>\n\t<meta property=\"og:image:width\" content=\"1024\" \/>\n\t<meta property=\"og:image:height\" content=\"1024\" \/>\n\t<meta property=\"og:image:type\" content=\"image\/jpeg\" \/>\n<meta name=\"twitter:card\" content=\"summary_large_image\" \/>\n<meta name=\"twitter:label1\" content=\"Dur\u00e9e de lecture estim\u00e9e\" \/>\n\t<meta name=\"twitter:data1\" content=\"2 minutes\" \/>\n<script type=\"application\/ld+json\" class=\"yoast-schema-graph\">{\"@context\":\"https:\\\/\\\/schema.org\",\"@graph\":[{\"@type\":\"WebPage\",\"@id\":\"https:\\\/\\\/unstamps.org\\\/fr\\\/produit\\\/briser-les-barrieres-ouvrir-les-portes-3\\\/\",\"url\":\"https:\\\/\\\/unstamps.org\\\/fr\\\/produit\\\/briser-les-barrieres-ouvrir-les-portes-3\\\/\",\"name\":\"Briser les barri\u00e8res &#8211; ouvrir les portes - UN Timbres\",\"isPartOf\":{\"@id\":\"https:\\\/\\\/unstamps.org\\\/fr\\\/#website\"},\"primaryImageOfPage\":{\"@id\":\"https:\\\/\\\/unstamps.org\\\/fr\\\/produit\\\/briser-les-barrieres-ouvrir-les-portes-3\\\/#primaryimage\"},\"image\":{\"@id\":\"https:\\\/\\\/unstamps.org\\\/fr\\\/produit\\\/briser-les-barrieres-ouvrir-les-portes-3\\\/#primaryimage\"},\"thumbnailUrl\":\"https:\\\/\\\/unstamps.org\\\/wp-content\\\/uploads\\\/2013\\\/11\\\/BB_46_fullsheet.jpg\",\"datePublished\":\"2014-01-17T01:06:54+00:00\",\"dateModified\":\"2024-07-12T14:20:37+00:00\",\"breadcrumb\":{\"@id\":\"https:\\\/\\\/unstamps.org\\\/fr\\\/produit\\\/briser-les-barrieres-ouvrir-les-portes-3\\\/#breadcrumb\"},\"inLanguage\":\"fr-FR\",\"potentialAction\":[{\"@type\":\"ReadAction\",\"target\":[\"https:\\\/\\\/unstamps.org\\\/fr\\\/produit\\\/briser-les-barrieres-ouvrir-les-portes-3\\\/\"]}]},{\"@type\":\"ImageObject\",\"inLanguage\":\"fr-FR\",\"@id\":\"https:\\\/\\\/unstamps.org\\\/fr\\\/produit\\\/briser-les-barrieres-ouvrir-les-portes-3\\\/#primaryimage\",\"url\":\"https:\\\/\\\/unstamps.org\\\/wp-content\\\/uploads\\\/2013\\\/11\\\/BB_46_fullsheet.jpg\",\"contentUrl\":\"https:\\\/\\\/unstamps.org\\\/wp-content\\\/uploads\\\/2013\\\/11\\\/BB_46_fullsheet.jpg\",\"width\":1024,\"height\":1024},{\"@type\":\"BreadcrumbList\",\"@id\":\"https:\\\/\\\/unstamps.org\\\/fr\\\/produit\\\/briser-les-barrieres-ouvrir-les-portes-3\\\/#breadcrumb\",\"itemListElement\":[{\"@type\":\"ListItem\",\"position\":1,\"name\":\"Home\",\"item\":\"https:\\\/\\\/unstamps.org\\\/fr\\\/\"},{\"@type\":\"ListItem\",\"position\":2,\"name\":\"Les produits\",\"item\":\"https:\\\/\\\/unstamps.org\\\/fr\\\/les-produits\\\/\"},{\"@type\":\"ListItem\",\"position\":3,\"name\":\"Briser les barri\u00e8res &#8211; ouvrir les portes\"}]},{\"@type\":\"WebSite\",\"@id\":\"https:\\\/\\\/unstamps.org\\\/fr\\\/#website\",\"url\":\"https:\\\/\\\/unstamps.org\\\/fr\\\/\",\"name\":\"UN Stamps\",\"description\":\"United Nations Stamps\",\"publisher\":{\"@id\":\"https:\\\/\\\/unstamps.org\\\/fr\\\/#organization\"},\"potentialAction\":[{\"@type\":\"SearchAction\",\"target\":{\"@type\":\"EntryPoint\",\"urlTemplate\":\"https:\\\/\\\/unstamps.org\\\/fr\\\/?s={search_term_string}\"},\"query-input\":{\"@type\":\"PropertyValueSpecification\",\"valueRequired\":true,\"valueName\":\"search_term_string\"}}],\"inLanguage\":\"fr-FR\"},{\"@type\":\"Organization\",\"@id\":\"https:\\\/\\\/unstamps.org\\\/fr\\\/#organization\",\"name\":\"UN Stamps\",\"url\":\"https:\\\/\\\/unstamps.org\\\/fr\\\/\",\"logo\":{\"@type\":\"ImageObject\",\"inLanguage\":\"fr-FR\",\"@id\":\"https:\\\/\\\/unstamps.org\\\/fr\\\/#\\\/schema\\\/logo\\\/image\\\/\",\"url\":\"https:\\\/\\\/unstamps.org\\\/wp-content\\\/uploads\\\/2014\\\/01\\\/logo4web.jpg\",\"contentUrl\":\"https:\\\/\\\/unstamps.org\\\/wp-content\\\/uploads\\\/2014\\\/01\\\/logo4web.jpg\",\"width\":2500,\"height\":250,\"caption\":\"UN Stamps\"},\"image\":{\"@id\":\"https:\\\/\\\/unstamps.org\\\/fr\\\/#\\\/schema\\\/logo\\\/image\\\/\"}}]}<\/script>\n<!-- \/ Yoast SEO plugin. -->","yoast_head_json":{"title":"Briser les barri\u00e8res &#8211; ouvrir les portes - UN Timbres","robots":{"index":"index","follow":"follow","max-snippet":"max-snippet:-1","max-image-preview":"max-image-preview:large","max-video-preview":"max-video-preview:-1"},"canonical":"https:\/\/unstamps.org\/fr\/produit\/briser-les-barrieres-ouvrir-les-portes-3\/","og_locale":"fr_FR","og_type":"article","og_title":"Briser les barri\u00e8res &#8211; ouvrir les portes - UN Timbres","og_description":"US$ 0,46 Feuille enti\u00e8re &#8211; NeufD\u00e9tails techniques Dessinateur: Rorie Katz (Nations Unies) Format: 30 mm x 40 mm Timbres par Feuille: 20 Dentelure: 14 Imprimeur: UAB Garsu Pasaulis (Lituanie) Reproduction: Lithographie offset Quantit\u00e9: 148.000 timbres (7.400 feuilles) Le Artiste: Chuck Close (\u00c9tats-Unis) &#8211; Autoportrait II (2010) Chuck Close est un plasticien dont l&#8217;oeuvre a \u00e9t\u00e9 [&hellip;]","og_url":"https:\/\/unstamps.org\/fr\/produit\/briser-les-barrieres-ouvrir-les-portes-3\/","og_site_name":"UN Timbres","article_modified_time":"2024-07-12T14:20:37+00:00","og_image":[{"width":1024,"height":1024,"url":"https:\/\/unstamps.org\/wp-content\/uploads\/2013\/11\/BB_46_fullsheet.jpg","type":"image\/jpeg"}],"twitter_card":"summary_large_image","twitter_misc":{"Dur\u00e9e de lecture estim\u00e9e":"2 minutes"},"schema":{"@context":"https:\/\/schema.org","@graph":[{"@type":"WebPage","@id":"https:\/\/unstamps.org\/fr\/produit\/briser-les-barrieres-ouvrir-les-portes-3\/","url":"https:\/\/unstamps.org\/fr\/produit\/briser-les-barrieres-ouvrir-les-portes-3\/","name":"Briser les barri\u00e8res &#8211; ouvrir les portes - UN Timbres","isPartOf":{"@id":"https:\/\/unstamps.org\/fr\/#website"},"primaryImageOfPage":{"@id":"https:\/\/unstamps.org\/fr\/produit\/briser-les-barrieres-ouvrir-les-portes-3\/#primaryimage"},"image":{"@id":"https:\/\/unstamps.org\/fr\/produit\/briser-les-barrieres-ouvrir-les-portes-3\/#primaryimage"},"thumbnailUrl":"https:\/\/unstamps.org\/wp-content\/uploads\/2013\/11\/BB_46_fullsheet.jpg","datePublished":"2014-01-17T01:06:54+00:00","dateModified":"2024-07-12T14:20:37+00:00","breadcrumb":{"@id":"https:\/\/unstamps.org\/fr\/produit\/briser-les-barrieres-ouvrir-les-portes-3\/#breadcrumb"},"inLanguage":"fr-FR","potentialAction":[{"@type":"ReadAction","target":["https:\/\/unstamps.org\/fr\/produit\/briser-les-barrieres-ouvrir-les-portes-3\/"]}]},{"@type":"ImageObject","inLanguage":"fr-FR","@id":"https:\/\/unstamps.org\/fr\/produit\/briser-les-barrieres-ouvrir-les-portes-3\/#primaryimage","url":"https:\/\/unstamps.org\/wp-content\/uploads\/2013\/11\/BB_46_fullsheet.jpg","contentUrl":"https:\/\/unstamps.org\/wp-content\/uploads\/2013\/11\/BB_46_fullsheet.jpg","width":1024,"height":1024},{"@type":"BreadcrumbList","@id":"https:\/\/unstamps.org\/fr\/produit\/briser-les-barrieres-ouvrir-les-portes-3\/#breadcrumb","itemListElement":[{"@type":"ListItem","position":1,"name":"Home","item":"https:\/\/unstamps.org\/fr\/"},{"@type":"ListItem","position":2,"name":"Les produits","item":"https:\/\/unstamps.org\/fr\/les-produits\/"},{"@type":"ListItem","position":3,"name":"Briser les barri\u00e8res &#8211; ouvrir les portes"}]},{"@type":"WebSite","@id":"https:\/\/unstamps.org\/fr\/#website","url":"https:\/\/unstamps.org\/fr\/","name":"UN Stamps","description":"United Nations Stamps","publisher":{"@id":"https:\/\/unstamps.org\/fr\/#organization"},"potentialAction":[{"@type":"SearchAction","target":{"@type":"EntryPoint","urlTemplate":"https:\/\/unstamps.org\/fr\/?s={search_term_string}"},"query-input":{"@type":"PropertyValueSpecification","valueRequired":true,"valueName":"search_term_string"}}],"inLanguage":"fr-FR"},{"@type":"Organization","@id":"https:\/\/unstamps.org\/fr\/#organization","name":"UN Stamps","url":"https:\/\/unstamps.org\/fr\/","logo":{"@type":"ImageObject","inLanguage":"fr-FR","@id":"https:\/\/unstamps.org\/fr\/#\/schema\/logo\/image\/","url":"https:\/\/unstamps.org\/wp-content\/uploads\/2014\/01\/logo4web.jpg","contentUrl":"https:\/\/unstamps.org\/wp-content\/uploads\/2014\/01\/logo4web.jpg","width":2500,"height":250,"caption":"UN Stamps"},"image":{"@id":"https:\/\/unstamps.org\/fr\/#\/schema\/logo\/image\/"}}]}},"jetpack_sharing_enabled":true,"publishpress_future_action":{"enabled":false,"date":"2026-04-26 08:04:53","action":"change-status","newStatus":"private","terms":[],"taxonomy":"product_cat","extraData":[]},"publishpress_future_workflow_manual_trigger":{"enabledWorkflows":[]},"_links":{"self":[{"href":"https:\/\/unstamps.org\/fr\/wp-json\/wp\/v2\/product\/2434","targetHints":{"allow":["GET"]}}],"collection":[{"href":"https:\/\/unstamps.org\/fr\/wp-json\/wp\/v2\/product"}],"about":[{"href":"https:\/\/unstamps.org\/fr\/wp-json\/wp\/v2\/types\/product"}],"replies":[{"embeddable":true,"href":"https:\/\/unstamps.org\/fr\/wp-json\/wp\/v2\/comments?post=2434"}],"wp:featuredmedia":[{"embeddable":true,"href":"https:\/\/unstamps.org\/fr\/wp-json\/wp\/v2\/media\/208"}],"wp:attachment":[{"href":"https:\/\/unstamps.org\/fr\/wp-json\/wp\/v2\/media?parent=2434"}],"wp:term":[{"taxonomy":"product_brand","embeddable":true,"href":"https:\/\/unstamps.org\/fr\/wp-json\/wp\/v2\/product_brand?post=2434"},{"taxonomy":"product_cat","embeddable":true,"href":"https:\/\/unstamps.org\/fr\/wp-json\/wp\/v2\/product_cat?post=2434"},{"taxonomy":"product_tag","embeddable":true,"href":"https:\/\/unstamps.org\/fr\/wp-json\/wp\/v2\/product_tag?post=2434"}],"curies":[{"name":"wp","href":"https:\/\/api.w.org\/{rel}","templated":true}]}}