{"id":22322,"date":"2014-11-04T04:20:02","date_gmt":"2014-11-04T09:20:02","guid":{"rendered":"https:\/\/unstamps.org\/?post_type=product&#038;p=22322"},"modified":"2024-07-11T15:19:19","modified_gmt":"2024-07-11T19:19:19","slug":"1994-ge-timbres-ordinaires-f-s-1-80-feuille-entiere-2","status":"publish","type":"product","link":"https:\/\/unstamps.org\/fr\/produit\/1994-ge-timbres-ordinaires-f-s-1-80-feuille-entiere-2\/","title":{"rendered":"1994 GE Timbres Ordinaires \u2013 F.s. 1.80 \u2013 Feuille Enti\u00e8re"},"content":{"rendered":"<p><strong>F.s. 1,80 (1994) Feuille Enti\u00e8re<\/strong><\/p>\n<p>Vue photographique du Palais des Nations \u00e0 Gen\u00e8ve<\/p>\n<p>Valeur: CHF 1,80 (feuille de 50 timbres)<\/p>\n<p>Imprimeur:<\/p>\n<p>Offset lithographie, The House of Questa (Royaume-Uni)<\/p>\n<p>Quantit\u00e9:<\/p>\n<p>1 075 000 timbres<\/p>\n<p>Sp\u00e9cification:<\/p>\n<p>35,96 mm horizontalement par 25,73 mm verticalement. Dentelure: 14<\/p>\n","protected":false},"excerpt":{"rendered":"<p>F.s. 1,80 (1994) Feuille Enti\u00e8re Vue photographique du Palais des Nations \u00e0 Gen\u00e8ve Valeur: CHF 1,80 (feuille de 50 timbres) Imprimeur: Offset lithographie, The House of Questa (Royaume-Uni) Quantit\u00e9: 1 075 000 timbres Sp\u00e9cification: 35,96 mm horizontalement par 25,73 mm verticalement. Dentelure: 14<\/p>\n","protected":false},"featured_media":21426,"comment_status":"open","ping_status":"closed","template":"","meta":{"ngg_post_thumbnail":0},"product_brand":[],"product_cat":[966],"product_tag":[],"class_list":{"0":"post-22322","1":"product","2":"type-product","3":"status-publish","4":"has-post-thumbnail","6":"product_cat-uncategorized","8":"first","9":"instock","10":"shipping-taxable","11":"purchasable","12":"product-type-variable"},"yoast_head":"<!-- This site is optimized with the Yoast SEO plugin v27.3 - https:\/\/yoast.com\/product\/yoast-seo-wordpress\/ -->\n<title>1994 GE Timbres Ordinaires \u2013 F.s. 1.80 \u2013 Feuille Enti\u00e8re - UN Timbres<\/title>\n<meta name=\"robots\" content=\"index, follow, max-snippet:-1, max-image-preview:large, max-video-preview:-1\" \/>\n<link rel=\"canonical\" href=\"https:\/\/unstamps.org\/fr\/produit\/1994-ge-timbres-ordinaires-f-s-1-80-feuille-entiere-2\/\" \/>\n<meta property=\"og:locale\" content=\"fr_FR\" \/>\n<meta property=\"og:type\" content=\"article\" \/>\n<meta property=\"og:title\" content=\"1994 GE Timbres Ordinaires \u2013 F.s. 1.80 \u2013 Feuille Enti\u00e8re - UN Timbres\" \/>\n<meta property=\"og:description\" content=\"F.s. 1,80 (1994) Feuille Enti\u00e8re Vue photographique du Palais des Nations \u00e0 Gen\u00e8ve Valeur: CHF 1,80 (feuille de 50 timbres) Imprimeur: Offset lithographie, The House of Questa (Royaume-Uni) Quantit\u00e9: 1 075 000 timbres Sp\u00e9cification: 35,96 mm horizontalement par 25,73 mm verticalement. Dentelure: 14\" \/>\n<meta property=\"og:url\" content=\"https:\/\/unstamps.org\/fr\/produit\/1994-ge-timbres-ordinaires-f-s-1-80-feuille-entiere-2\/\" \/>\n<meta property=\"og:site_name\" content=\"UN Timbres\" \/>\n<meta property=\"article:modified_time\" content=\"2024-07-11T19:19:19+00:00\" \/>\n<meta property=\"og:image\" content=\"https:\/\/unstamps.org\/wp-content\/uploads\/2014\/10\/DEF94_GE_FS1.80_fullsheet.jpg\" \/>\n\t<meta property=\"og:image:width\" content=\"1024\" \/>\n\t<meta property=\"og:image:height\" content=\"1024\" \/>\n\t<meta property=\"og:image:type\" content=\"image\/jpeg\" \/>\n<meta name=\"twitter:card\" content=\"summary_large_image\" \/>\n<script type=\"application\/ld+json\" class=\"yoast-schema-graph\">{\"@context\":\"https:\\\/\\\/schema.org\",\"@graph\":[{\"@type\":\"WebPage\",\"@id\":\"https:\\\/\\\/unstamps.org\\\/fr\\\/produit\\\/1994-ge-timbres-ordinaires-f-s-1-80-feuille-entiere-2\\\/\",\"url\":\"https:\\\/\\\/unstamps.org\\\/fr\\\/produit\\\/1994-ge-timbres-ordinaires-f-s-1-80-feuille-entiere-2\\\/\",\"name\":\"1994 GE Timbres Ordinaires \u2013 F.s. 1.80 \u2013 Feuille Enti\u00e8re - UN Timbres\",\"isPartOf\":{\"@id\":\"https:\\\/\\\/unstamps.org\\\/fr\\\/#website\"},\"primaryImageOfPage\":{\"@id\":\"https:\\\/\\\/unstamps.org\\\/fr\\\/produit\\\/1994-ge-timbres-ordinaires-f-s-1-80-feuille-entiere-2\\\/#primaryimage\"},\"image\":{\"@id\":\"https:\\\/\\\/unstamps.org\\\/fr\\\/produit\\\/1994-ge-timbres-ordinaires-f-s-1-80-feuille-entiere-2\\\/#primaryimage\"},\"thumbnailUrl\":\"https:\\\/\\\/unstamps.org\\\/wp-content\\\/uploads\\\/2014\\\/10\\\/DEF94_GE_FS1.80_fullsheet.jpg\",\"datePublished\":\"2014-11-04T09:20:02+00:00\",\"dateModified\":\"2024-07-11T19:19:19+00:00\",\"breadcrumb\":{\"@id\":\"https:\\\/\\\/unstamps.org\\\/fr\\\/produit\\\/1994-ge-timbres-ordinaires-f-s-1-80-feuille-entiere-2\\\/#breadcrumb\"},\"inLanguage\":\"fr-FR\",\"potentialAction\":[{\"@type\":\"ReadAction\",\"target\":[\"https:\\\/\\\/unstamps.org\\\/fr\\\/produit\\\/1994-ge-timbres-ordinaires-f-s-1-80-feuille-entiere-2\\\/\"]}]},{\"@type\":\"ImageObject\",\"inLanguage\":\"fr-FR\",\"@id\":\"https:\\\/\\\/unstamps.org\\\/fr\\\/produit\\\/1994-ge-timbres-ordinaires-f-s-1-80-feuille-entiere-2\\\/#primaryimage\",\"url\":\"https:\\\/\\\/unstamps.org\\\/wp-content\\\/uploads\\\/2014\\\/10\\\/DEF94_GE_FS1.80_fullsheet.jpg\",\"contentUrl\":\"https:\\\/\\\/unstamps.org\\\/wp-content\\\/uploads\\\/2014\\\/10\\\/DEF94_GE_FS1.80_fullsheet.jpg\",\"width\":1024,\"height\":1024},{\"@type\":\"BreadcrumbList\",\"@id\":\"https:\\\/\\\/unstamps.org\\\/fr\\\/produit\\\/1994-ge-timbres-ordinaires-f-s-1-80-feuille-entiere-2\\\/#breadcrumb\",\"itemListElement\":[{\"@type\":\"ListItem\",\"position\":1,\"name\":\"Home\",\"item\":\"https:\\\/\\\/unstamps.org\\\/fr\\\/\"},{\"@type\":\"ListItem\",\"position\":2,\"name\":\"Les produits\",\"item\":\"https:\\\/\\\/unstamps.org\\\/fr\\\/les-produits\\\/\"},{\"@type\":\"ListItem\",\"position\":3,\"name\":\"1994 GE Timbres Ordinaires \u2013 F.s. 1.80 \u2013 Feuille Enti\u00e8re\"}]},{\"@type\":\"WebSite\",\"@id\":\"https:\\\/\\\/unstamps.org\\\/fr\\\/#website\",\"url\":\"https:\\\/\\\/unstamps.org\\\/fr\\\/\",\"name\":\"UN Stamps\",\"description\":\"United Nations Stamps\",\"publisher\":{\"@id\":\"https:\\\/\\\/unstamps.org\\\/fr\\\/#organization\"},\"potentialAction\":[{\"@type\":\"SearchAction\",\"target\":{\"@type\":\"EntryPoint\",\"urlTemplate\":\"https:\\\/\\\/unstamps.org\\\/fr\\\/?s={search_term_string}\"},\"query-input\":{\"@type\":\"PropertyValueSpecification\",\"valueRequired\":true,\"valueName\":\"search_term_string\"}}],\"inLanguage\":\"fr-FR\"},{\"@type\":\"Organization\",\"@id\":\"https:\\\/\\\/unstamps.org\\\/fr\\\/#organization\",\"name\":\"UN Stamps\",\"url\":\"https:\\\/\\\/unstamps.org\\\/fr\\\/\",\"logo\":{\"@type\":\"ImageObject\",\"inLanguage\":\"fr-FR\",\"@id\":\"https:\\\/\\\/unstamps.org\\\/fr\\\/#\\\/schema\\\/logo\\\/image\\\/\",\"url\":\"https:\\\/\\\/unstamps.org\\\/wp-content\\\/uploads\\\/2014\\\/01\\\/logo4web.jpg\",\"contentUrl\":\"https:\\\/\\\/unstamps.org\\\/wp-content\\\/uploads\\\/2014\\\/01\\\/logo4web.jpg\",\"width\":2500,\"height\":250,\"caption\":\"UN Stamps\"},\"image\":{\"@id\":\"https:\\\/\\\/unstamps.org\\\/fr\\\/#\\\/schema\\\/logo\\\/image\\\/\"}}]}<\/script>\n<!-- \/ Yoast SEO plugin. -->","yoast_head_json":{"title":"1994 GE Timbres Ordinaires \u2013 F.s. 1.80 \u2013 Feuille Enti\u00e8re - UN Timbres","robots":{"index":"index","follow":"follow","max-snippet":"max-snippet:-1","max-image-preview":"max-image-preview:large","max-video-preview":"max-video-preview:-1"},"canonical":"https:\/\/unstamps.org\/fr\/produit\/1994-ge-timbres-ordinaires-f-s-1-80-feuille-entiere-2\/","og_locale":"fr_FR","og_type":"article","og_title":"1994 GE Timbres Ordinaires \u2013 F.s. 1.80 \u2013 Feuille Enti\u00e8re - UN Timbres","og_description":"F.s. 1,80 (1994) Feuille Enti\u00e8re Vue photographique du Palais des Nations \u00e0 Gen\u00e8ve Valeur: CHF 1,80 (feuille de 50 timbres) Imprimeur: Offset lithographie, The House of Questa (Royaume-Uni) Quantit\u00e9: 1 075 000 timbres Sp\u00e9cification: 35,96 mm horizontalement par 25,73 mm verticalement. Dentelure: 14","og_url":"https:\/\/unstamps.org\/fr\/produit\/1994-ge-timbres-ordinaires-f-s-1-80-feuille-entiere-2\/","og_site_name":"UN Timbres","article_modified_time":"2024-07-11T19:19:19+00:00","og_image":[{"width":1024,"height":1024,"url":"https:\/\/unstamps.org\/wp-content\/uploads\/2014\/10\/DEF94_GE_FS1.80_fullsheet.jpg","type":"image\/jpeg"}],"twitter_card":"summary_large_image","schema":{"@context":"https:\/\/schema.org","@graph":[{"@type":"WebPage","@id":"https:\/\/unstamps.org\/fr\/produit\/1994-ge-timbres-ordinaires-f-s-1-80-feuille-entiere-2\/","url":"https:\/\/unstamps.org\/fr\/produit\/1994-ge-timbres-ordinaires-f-s-1-80-feuille-entiere-2\/","name":"1994 GE Timbres Ordinaires \u2013 F.s. 1.80 \u2013 Feuille Enti\u00e8re - UN Timbres","isPartOf":{"@id":"https:\/\/unstamps.org\/fr\/#website"},"primaryImageOfPage":{"@id":"https:\/\/unstamps.org\/fr\/produit\/1994-ge-timbres-ordinaires-f-s-1-80-feuille-entiere-2\/#primaryimage"},"image":{"@id":"https:\/\/unstamps.org\/fr\/produit\/1994-ge-timbres-ordinaires-f-s-1-80-feuille-entiere-2\/#primaryimage"},"thumbnailUrl":"https:\/\/unstamps.org\/wp-content\/uploads\/2014\/10\/DEF94_GE_FS1.80_fullsheet.jpg","datePublished":"2014-11-04T09:20:02+00:00","dateModified":"2024-07-11T19:19:19+00:00","breadcrumb":{"@id":"https:\/\/unstamps.org\/fr\/produit\/1994-ge-timbres-ordinaires-f-s-1-80-feuille-entiere-2\/#breadcrumb"},"inLanguage":"fr-FR","potentialAction":[{"@type":"ReadAction","target":["https:\/\/unstamps.org\/fr\/produit\/1994-ge-timbres-ordinaires-f-s-1-80-feuille-entiere-2\/"]}]},{"@type":"ImageObject","inLanguage":"fr-FR","@id":"https:\/\/unstamps.org\/fr\/produit\/1994-ge-timbres-ordinaires-f-s-1-80-feuille-entiere-2\/#primaryimage","url":"https:\/\/unstamps.org\/wp-content\/uploads\/2014\/10\/DEF94_GE_FS1.80_fullsheet.jpg","contentUrl":"https:\/\/unstamps.org\/wp-content\/uploads\/2014\/10\/DEF94_GE_FS1.80_fullsheet.jpg","width":1024,"height":1024},{"@type":"BreadcrumbList","@id":"https:\/\/unstamps.org\/fr\/produit\/1994-ge-timbres-ordinaires-f-s-1-80-feuille-entiere-2\/#breadcrumb","itemListElement":[{"@type":"ListItem","position":1,"name":"Home","item":"https:\/\/unstamps.org\/fr\/"},{"@type":"ListItem","position":2,"name":"Les produits","item":"https:\/\/unstamps.org\/fr\/les-produits\/"},{"@type":"ListItem","position":3,"name":"1994 GE Timbres Ordinaires \u2013 F.s. 1.80 \u2013 Feuille Enti\u00e8re"}]},{"@type":"WebSite","@id":"https:\/\/unstamps.org\/fr\/#website","url":"https:\/\/unstamps.org\/fr\/","name":"UN Stamps","description":"United Nations Stamps","publisher":{"@id":"https:\/\/unstamps.org\/fr\/#organization"},"potentialAction":[{"@type":"SearchAction","target":{"@type":"EntryPoint","urlTemplate":"https:\/\/unstamps.org\/fr\/?s={search_term_string}"},"query-input":{"@type":"PropertyValueSpecification","valueRequired":true,"valueName":"search_term_string"}}],"inLanguage":"fr-FR"},{"@type":"Organization","@id":"https:\/\/unstamps.org\/fr\/#organization","name":"UN Stamps","url":"https:\/\/unstamps.org\/fr\/","logo":{"@type":"ImageObject","inLanguage":"fr-FR","@id":"https:\/\/unstamps.org\/fr\/#\/schema\/logo\/image\/","url":"https:\/\/unstamps.org\/wp-content\/uploads\/2014\/01\/logo4web.jpg","contentUrl":"https:\/\/unstamps.org\/wp-content\/uploads\/2014\/01\/logo4web.jpg","width":2500,"height":250,"caption":"UN Stamps"},"image":{"@id":"https:\/\/unstamps.org\/fr\/#\/schema\/logo\/image\/"}}]}},"jetpack_sharing_enabled":true,"publishpress_future_action":{"enabled":false,"date":"2026-04-17 13:45:36","action":"change-status","newStatus":"private","terms":[],"taxonomy":"product_cat","extraData":[]},"publishpress_future_workflow_manual_trigger":{"enabledWorkflows":[]},"_links":{"self":[{"href":"https:\/\/unstamps.org\/fr\/wp-json\/wp\/v2\/product\/22322","targetHints":{"allow":["GET"]}}],"collection":[{"href":"https:\/\/unstamps.org\/fr\/wp-json\/wp\/v2\/product"}],"about":[{"href":"https:\/\/unstamps.org\/fr\/wp-json\/wp\/v2\/types\/product"}],"replies":[{"embeddable":true,"href":"https:\/\/unstamps.org\/fr\/wp-json\/wp\/v2\/comments?post=22322"}],"wp:featuredmedia":[{"embeddable":true,"href":"https:\/\/unstamps.org\/fr\/wp-json\/wp\/v2\/media\/21426"}],"wp:attachment":[{"href":"https:\/\/unstamps.org\/fr\/wp-json\/wp\/v2\/media?parent=22322"}],"wp:term":[{"taxonomy":"product_brand","embeddable":true,"href":"https:\/\/unstamps.org\/fr\/wp-json\/wp\/v2\/product_brand?post=22322"},{"taxonomy":"product_cat","embeddable":true,"href":"https:\/\/unstamps.org\/fr\/wp-json\/wp\/v2\/product_cat?post=22322"},{"taxonomy":"product_tag","embeddable":true,"href":"https:\/\/unstamps.org\/fr\/wp-json\/wp\/v2\/product_tag?post=22322"}],"curies":[{"name":"wp","href":"https:\/\/api.w.org\/{rel}","templated":true}]}}