{"id":200707,"date":"2026-04-24T10:34:51","date_gmt":"2026-04-24T14:34:51","guid":{"rendered":"https:\/\/unstamps.org\/?post_type=product&#038;p=200707"},"modified":"2026-04-24T10:45:51","modified_gmt":"2026-04-24T14:45:51","slug":"especes-menacees-dextinction-enveloppes-1er-jour-speciales-en-soie-2026","status":"publish","type":"product","link":"https:\/\/unstamps.org\/fr\/produit\/especes-menacees-dextinction-enveloppes-1er-jour-speciales-en-soie-2026\/","title":{"rendered":"Esp\u00e8ces menac\u00e9es d\u2019extinction \u2013 Enveloppes 1er jour sp\u00e9ciales en soie 2026"},"content":{"rendered":"<p><em>(Les originaux pourraient l\u00e9g\u00e8rement diverger).<\/em><\/p>\n<p><strong>Edition limit\u00e9e &#8211; Enveloppes 1er jour en soie<\/strong><br \/>\nPour comm\u00e9morer la s\u00e9rie de timbres des \u00ab Esp\u00e8ces menac\u00e9es d&#8217;extinction \u00bb 2025, l&#8217;APNU a r\u00e9alis\u00e9 <strong>une enveloppe sp\u00e9ciale premier jour en soie<\/strong>. Cette enveloppe portera un timbre isol\u00e9 de chaque bureau, oblit\u00e9r\u00e9 respectivement de New York, Gen\u00e8ve et Vienne. Les enveloppes sp\u00e9ciales en soie sont num\u00e9rot\u00e9es s\u00e9quentiellement.<\/p>\n<p><strong>Les abonn\u00e9s aux \u00ab produits sp\u00e9ciaux \u00bb de New York recevront ces enveloppes automatiquement (art. 424).<\/strong><br \/>\n<img loading=\"lazy\" decoding=\"async\" class=\"aligncenter size-large wp-image-200763\" src=\"https:\/\/unstamps.org\/wp-content\/uploads\/2026\/04\/2026-Species-Cancels-860x291.jpg\" alt=\"\" width=\"860\" height=\"291\" srcset=\"https:\/\/unstamps.org\/wp-content\/uploads\/2026\/04\/2026-Species-Cancels-860x291.jpg 860w, https:\/\/unstamps.org\/wp-content\/uploads\/2026\/04\/2026-Species-Cancels-768x260.jpg 768w, https:\/\/unstamps.org\/wp-content\/uploads\/2026\/04\/2026-Species-Cancels-1170x396.jpg 1170w, https:\/\/unstamps.org\/wp-content\/uploads\/2026\/04\/2026-Species-Cancels-600x203.jpg 600w, https:\/\/unstamps.org\/wp-content\/uploads\/2026\/04\/2026-Species-Cancels.jpg 1300w\" sizes=\"auto, (max-width: 860px) 100vw, 860px\" \/><\/p>\n","protected":false},"excerpt":{"rendered":"<p>(Les originaux pourraient l\u00e9g\u00e8rement diverger). Edition limit\u00e9e &#8211; Enveloppes 1er jour en soie Pour comm\u00e9morer la s\u00e9rie de timbres des \u00ab Esp\u00e8ces menac\u00e9es d&#8217;extinction \u00bb 2025, l&#8217;APNU a r\u00e9alis\u00e9 une enveloppe sp\u00e9ciale premier jour en soie. Cette enveloppe portera un timbre isol\u00e9 de chaque bureau, oblit\u00e9r\u00e9 respectivement de New York, Gen\u00e8ve et Vienne. Les enveloppes [&hellip;]<\/p>\n","protected":false},"featured_media":200882,"comment_status":"closed","ping_status":"closed","template":"","meta":{"ngg_post_thumbnail":0},"product_brand":[],"product_cat":[2961,202,145,140,384,156],"product_tag":[],"class_list":{"0":"post-200707","1":"product","2":"type-product","3":"status-publish","4":"has-post-thumbnail","6":"product_cat-2026-fr","7":"product_cat-especes-menacees-dextinction","8":"product_cat-geneve","9":"product_cat-new-york-issuing-office-fr","10":"product_cat-unique-products","11":"product_cat-vienne","13":"first","14":"instock","15":"shipping-taxable","16":"purchasable","17":"product-type-simple"},"yoast_head":"<!-- This site is optimized with the Yoast SEO plugin v27.4 - https:\/\/yoast.com\/product\/yoast-seo-wordpress\/ -->\n<title>Esp\u00e8ces menac\u00e9es d\u2019extinction \u2013 Enveloppes 1er jour sp\u00e9ciales en soie 2026 - UN Timbres<\/title>\n<meta name=\"robots\" content=\"index, follow, max-snippet:-1, max-image-preview:large, max-video-preview:-1\" \/>\n<link rel=\"canonical\" href=\"https:\/\/unstamps.org\/fr\/produit\/especes-menacees-dextinction-enveloppes-1er-jour-speciales-en-soie-2026\/\" \/>\n<meta property=\"og:locale\" content=\"fr_FR\" \/>\n<meta property=\"og:type\" content=\"article\" \/>\n<meta property=\"og:title\" content=\"Esp\u00e8ces menac\u00e9es d\u2019extinction \u2013 Enveloppes 1er jour sp\u00e9ciales en soie 2026 - UN Timbres\" \/>\n<meta property=\"og:description\" content=\"(Les originaux pourraient l\u00e9g\u00e8rement diverger). Edition limit\u00e9e &#8211; Enveloppes 1er jour en soie Pour comm\u00e9morer la s\u00e9rie de timbres des \u00ab Esp\u00e8ces menac\u00e9es d&#8217;extinction \u00bb 2025, l&#8217;APNU a r\u00e9alis\u00e9 une enveloppe sp\u00e9ciale premier jour en soie. Cette enveloppe portera un timbre isol\u00e9 de chaque bureau, oblit\u00e9r\u00e9 respectivement de New York, Gen\u00e8ve et Vienne. Les enveloppes [&hellip;]\" \/>\n<meta property=\"og:url\" content=\"https:\/\/unstamps.org\/fr\/produit\/especes-menacees-dextinction-enveloppes-1er-jour-speciales-en-soie-2026\/\" \/>\n<meta property=\"og:site_name\" content=\"UN Timbres\" \/>\n<meta property=\"article:modified_time\" content=\"2026-04-24T14:45:51+00:00\" \/>\n<meta property=\"og:image\" content=\"https:\/\/unstamps.org\/wp-content\/uploads\/2026\/04\/2026-Species-Silk-Cover.jpg\" \/>\n\t<meta property=\"og:image:width\" content=\"1024\" \/>\n\t<meta property=\"og:image:height\" content=\"1024\" \/>\n\t<meta property=\"og:image:type\" content=\"image\/jpeg\" \/>\n<meta name=\"twitter:card\" content=\"summary_large_image\" \/>\n<script type=\"application\/ld+json\" class=\"yoast-schema-graph\">{\"@context\":\"https:\\\/\\\/schema.org\",\"@graph\":[{\"@type\":\"WebPage\",\"@id\":\"https:\\\/\\\/unstamps.org\\\/fr\\\/produit\\\/especes-menacees-dextinction-enveloppes-1er-jour-speciales-en-soie-2026\\\/\",\"url\":\"https:\\\/\\\/unstamps.org\\\/fr\\\/produit\\\/especes-menacees-dextinction-enveloppes-1er-jour-speciales-en-soie-2026\\\/\",\"name\":\"Esp\u00e8ces menac\u00e9es d\u2019extinction \u2013 Enveloppes 1er jour sp\u00e9ciales en soie 2026 - UN Timbres\",\"isPartOf\":{\"@id\":\"https:\\\/\\\/unstamps.org\\\/fr\\\/#website\"},\"primaryImageOfPage\":{\"@id\":\"https:\\\/\\\/unstamps.org\\\/fr\\\/produit\\\/especes-menacees-dextinction-enveloppes-1er-jour-speciales-en-soie-2026\\\/#primaryimage\"},\"image\":{\"@id\":\"https:\\\/\\\/unstamps.org\\\/fr\\\/produit\\\/especes-menacees-dextinction-enveloppes-1er-jour-speciales-en-soie-2026\\\/#primaryimage\"},\"thumbnailUrl\":\"https:\\\/\\\/unstamps.org\\\/wp-content\\\/uploads\\\/2026\\\/04\\\/2026-Species-Silk-Cover.jpg\",\"datePublished\":\"2026-04-24T14:34:51+00:00\",\"dateModified\":\"2026-04-24T14:45:51+00:00\",\"breadcrumb\":{\"@id\":\"https:\\\/\\\/unstamps.org\\\/fr\\\/produit\\\/especes-menacees-dextinction-enveloppes-1er-jour-speciales-en-soie-2026\\\/#breadcrumb\"},\"inLanguage\":\"fr-FR\",\"potentialAction\":[{\"@type\":\"ReadAction\",\"target\":[\"https:\\\/\\\/unstamps.org\\\/fr\\\/produit\\\/especes-menacees-dextinction-enveloppes-1er-jour-speciales-en-soie-2026\\\/\"]}]},{\"@type\":\"ImageObject\",\"inLanguage\":\"fr-FR\",\"@id\":\"https:\\\/\\\/unstamps.org\\\/fr\\\/produit\\\/especes-menacees-dextinction-enveloppes-1er-jour-speciales-en-soie-2026\\\/#primaryimage\",\"url\":\"https:\\\/\\\/unstamps.org\\\/wp-content\\\/uploads\\\/2026\\\/04\\\/2026-Species-Silk-Cover.jpg\",\"contentUrl\":\"https:\\\/\\\/unstamps.org\\\/wp-content\\\/uploads\\\/2026\\\/04\\\/2026-Species-Silk-Cover.jpg\",\"width\":1024,\"height\":1024},{\"@type\":\"BreadcrumbList\",\"@id\":\"https:\\\/\\\/unstamps.org\\\/fr\\\/produit\\\/especes-menacees-dextinction-enveloppes-1er-jour-speciales-en-soie-2026\\\/#breadcrumb\",\"itemListElement\":[{\"@type\":\"ListItem\",\"position\":1,\"name\":\"Home\",\"item\":\"https:\\\/\\\/unstamps.org\\\/fr\\\/\"},{\"@type\":\"ListItem\",\"position\":2,\"name\":\"Les produits\",\"item\":\"https:\\\/\\\/unstamps.org\\\/fr\\\/les-produits\\\/\"},{\"@type\":\"ListItem\",\"position\":3,\"name\":\"Esp\u00e8ces menac\u00e9es d\u2019extinction \u2013 Enveloppes 1er jour sp\u00e9ciales en soie 2026\"}]},{\"@type\":\"WebSite\",\"@id\":\"https:\\\/\\\/unstamps.org\\\/fr\\\/#website\",\"url\":\"https:\\\/\\\/unstamps.org\\\/fr\\\/\",\"name\":\"UN Stamps\",\"description\":\"United Nations Stamps\",\"publisher\":{\"@id\":\"https:\\\/\\\/unstamps.org\\\/fr\\\/#organization\"},\"potentialAction\":[{\"@type\":\"SearchAction\",\"target\":{\"@type\":\"EntryPoint\",\"urlTemplate\":\"https:\\\/\\\/unstamps.org\\\/fr\\\/?s={search_term_string}\"},\"query-input\":{\"@type\":\"PropertyValueSpecification\",\"valueRequired\":true,\"valueName\":\"search_term_string\"}}],\"inLanguage\":\"fr-FR\"},{\"@type\":\"Organization\",\"@id\":\"https:\\\/\\\/unstamps.org\\\/fr\\\/#organization\",\"name\":\"UN Stamps\",\"url\":\"https:\\\/\\\/unstamps.org\\\/fr\\\/\",\"logo\":{\"@type\":\"ImageObject\",\"inLanguage\":\"fr-FR\",\"@id\":\"https:\\\/\\\/unstamps.org\\\/fr\\\/#\\\/schema\\\/logo\\\/image\\\/\",\"url\":\"https:\\\/\\\/unstamps.org\\\/wp-content\\\/uploads\\\/2014\\\/01\\\/logo4web.jpg\",\"contentUrl\":\"https:\\\/\\\/unstamps.org\\\/wp-content\\\/uploads\\\/2014\\\/01\\\/logo4web.jpg\",\"width\":2500,\"height\":250,\"caption\":\"UN Stamps\"},\"image\":{\"@id\":\"https:\\\/\\\/unstamps.org\\\/fr\\\/#\\\/schema\\\/logo\\\/image\\\/\"}}]}<\/script>\n<!-- \/ Yoast SEO plugin. -->","yoast_head_json":{"title":"Esp\u00e8ces menac\u00e9es d\u2019extinction \u2013 Enveloppes 1er jour sp\u00e9ciales en soie 2026 - UN Timbres","robots":{"index":"index","follow":"follow","max-snippet":"max-snippet:-1","max-image-preview":"max-image-preview:large","max-video-preview":"max-video-preview:-1"},"canonical":"https:\/\/unstamps.org\/fr\/produit\/especes-menacees-dextinction-enveloppes-1er-jour-speciales-en-soie-2026\/","og_locale":"fr_FR","og_type":"article","og_title":"Esp\u00e8ces menac\u00e9es d\u2019extinction \u2013 Enveloppes 1er jour sp\u00e9ciales en soie 2026 - UN Timbres","og_description":"(Les originaux pourraient l\u00e9g\u00e8rement diverger). Edition limit\u00e9e &#8211; Enveloppes 1er jour en soie Pour comm\u00e9morer la s\u00e9rie de timbres des \u00ab Esp\u00e8ces menac\u00e9es d&#8217;extinction \u00bb 2025, l&#8217;APNU a r\u00e9alis\u00e9 une enveloppe sp\u00e9ciale premier jour en soie. Cette enveloppe portera un timbre isol\u00e9 de chaque bureau, oblit\u00e9r\u00e9 respectivement de New York, Gen\u00e8ve et Vienne. Les enveloppes [&hellip;]","og_url":"https:\/\/unstamps.org\/fr\/produit\/especes-menacees-dextinction-enveloppes-1er-jour-speciales-en-soie-2026\/","og_site_name":"UN Timbres","article_modified_time":"2026-04-24T14:45:51+00:00","og_image":[{"width":1024,"height":1024,"url":"https:\/\/unstamps.org\/wp-content\/uploads\/2026\/04\/2026-Species-Silk-Cover.jpg","type":"image\/jpeg"}],"twitter_card":"summary_large_image","schema":{"@context":"https:\/\/schema.org","@graph":[{"@type":"WebPage","@id":"https:\/\/unstamps.org\/fr\/produit\/especes-menacees-dextinction-enveloppes-1er-jour-speciales-en-soie-2026\/","url":"https:\/\/unstamps.org\/fr\/produit\/especes-menacees-dextinction-enveloppes-1er-jour-speciales-en-soie-2026\/","name":"Esp\u00e8ces menac\u00e9es d\u2019extinction \u2013 Enveloppes 1er jour sp\u00e9ciales en soie 2026 - UN Timbres","isPartOf":{"@id":"https:\/\/unstamps.org\/fr\/#website"},"primaryImageOfPage":{"@id":"https:\/\/unstamps.org\/fr\/produit\/especes-menacees-dextinction-enveloppes-1er-jour-speciales-en-soie-2026\/#primaryimage"},"image":{"@id":"https:\/\/unstamps.org\/fr\/produit\/especes-menacees-dextinction-enveloppes-1er-jour-speciales-en-soie-2026\/#primaryimage"},"thumbnailUrl":"https:\/\/unstamps.org\/wp-content\/uploads\/2026\/04\/2026-Species-Silk-Cover.jpg","datePublished":"2026-04-24T14:34:51+00:00","dateModified":"2026-04-24T14:45:51+00:00","breadcrumb":{"@id":"https:\/\/unstamps.org\/fr\/produit\/especes-menacees-dextinction-enveloppes-1er-jour-speciales-en-soie-2026\/#breadcrumb"},"inLanguage":"fr-FR","potentialAction":[{"@type":"ReadAction","target":["https:\/\/unstamps.org\/fr\/produit\/especes-menacees-dextinction-enveloppes-1er-jour-speciales-en-soie-2026\/"]}]},{"@type":"ImageObject","inLanguage":"fr-FR","@id":"https:\/\/unstamps.org\/fr\/produit\/especes-menacees-dextinction-enveloppes-1er-jour-speciales-en-soie-2026\/#primaryimage","url":"https:\/\/unstamps.org\/wp-content\/uploads\/2026\/04\/2026-Species-Silk-Cover.jpg","contentUrl":"https:\/\/unstamps.org\/wp-content\/uploads\/2026\/04\/2026-Species-Silk-Cover.jpg","width":1024,"height":1024},{"@type":"BreadcrumbList","@id":"https:\/\/unstamps.org\/fr\/produit\/especes-menacees-dextinction-enveloppes-1er-jour-speciales-en-soie-2026\/#breadcrumb","itemListElement":[{"@type":"ListItem","position":1,"name":"Home","item":"https:\/\/unstamps.org\/fr\/"},{"@type":"ListItem","position":2,"name":"Les produits","item":"https:\/\/unstamps.org\/fr\/les-produits\/"},{"@type":"ListItem","position":3,"name":"Esp\u00e8ces menac\u00e9es d\u2019extinction \u2013 Enveloppes 1er jour sp\u00e9ciales en soie 2026"}]},{"@type":"WebSite","@id":"https:\/\/unstamps.org\/fr\/#website","url":"https:\/\/unstamps.org\/fr\/","name":"UN Stamps","description":"United Nations Stamps","publisher":{"@id":"https:\/\/unstamps.org\/fr\/#organization"},"potentialAction":[{"@type":"SearchAction","target":{"@type":"EntryPoint","urlTemplate":"https:\/\/unstamps.org\/fr\/?s={search_term_string}"},"query-input":{"@type":"PropertyValueSpecification","valueRequired":true,"valueName":"search_term_string"}}],"inLanguage":"fr-FR"},{"@type":"Organization","@id":"https:\/\/unstamps.org\/fr\/#organization","name":"UN Stamps","url":"https:\/\/unstamps.org\/fr\/","logo":{"@type":"ImageObject","inLanguage":"fr-FR","@id":"https:\/\/unstamps.org\/fr\/#\/schema\/logo\/image\/","url":"https:\/\/unstamps.org\/wp-content\/uploads\/2014\/01\/logo4web.jpg","contentUrl":"https:\/\/unstamps.org\/wp-content\/uploads\/2014\/01\/logo4web.jpg","width":2500,"height":250,"caption":"UN Stamps"},"image":{"@id":"https:\/\/unstamps.org\/fr\/#\/schema\/logo\/image\/"}}]}},"jetpack_sharing_enabled":true,"publishpress_future_action":{"enabled":false,"date":"2026-05-01 19:03:39","action":"change-status","newStatus":"private","terms":[],"taxonomy":"product_cat","extraData":[]},"publishpress_future_workflow_manual_trigger":{"enabledWorkflows":[]},"_links":{"self":[{"href":"https:\/\/unstamps.org\/fr\/wp-json\/wp\/v2\/product\/200707","targetHints":{"allow":["GET"]}}],"collection":[{"href":"https:\/\/unstamps.org\/fr\/wp-json\/wp\/v2\/product"}],"about":[{"href":"https:\/\/unstamps.org\/fr\/wp-json\/wp\/v2\/types\/product"}],"replies":[{"embeddable":true,"href":"https:\/\/unstamps.org\/fr\/wp-json\/wp\/v2\/comments?post=200707"}],"wp:featuredmedia":[{"embeddable":true,"href":"https:\/\/unstamps.org\/fr\/wp-json\/wp\/v2\/media\/200882"}],"wp:attachment":[{"href":"https:\/\/unstamps.org\/fr\/wp-json\/wp\/v2\/media?parent=200707"}],"wp:term":[{"taxonomy":"product_brand","embeddable":true,"href":"https:\/\/unstamps.org\/fr\/wp-json\/wp\/v2\/product_brand?post=200707"},{"taxonomy":"product_cat","embeddable":true,"href":"https:\/\/unstamps.org\/fr\/wp-json\/wp\/v2\/product_cat?post=200707"},{"taxonomy":"product_tag","embeddable":true,"href":"https:\/\/unstamps.org\/fr\/wp-json\/wp\/v2\/product_tag?post=200707"}],"curies":[{"name":"wp","href":"https:\/\/api.w.org\/{rel}","templated":true}]}}