{"id":200524,"date":"2026-04-24T12:03:13","date_gmt":"2026-04-24T16:03:13","guid":{"rendered":"https:\/\/unstamps.org\/?post_type=product&#038;p=200524"},"modified":"2026-04-24T12:04:03","modified_gmt":"2026-04-24T16:04:03","slug":"especes-menacees-dextinction-2026","status":"publish","type":"product","link":"https:\/\/unstamps.org\/fr\/produit\/especes-menacees-dextinction-2026\/","title":{"rendered":"Esp\u00e8ces menac\u00e9es d\u2019extinction 2026"},"content":{"rendered":"<p>Le 24 avril 2026, l\u2019Administration postale des Nations Unies poursuit sa s\u00e9rie de timbres Esp\u00e8ces menac\u00e9es avec l\u2019\u00e9mission de douze timbres, trois cartes maximum, une enveloppe en soie en \u00e9dition limit\u00e9e et le dossier Esp\u00e8ces menac\u00e9es 2026.<\/p>\n<p>Les timbres Esp\u00e8ces menac\u00e9es 2026 mettent en lumi\u00e8re un groupe d\u2019esp\u00e8ces souvent n\u00e9glig\u00e9 dans les discussions sur la conservation : les plantes m\u00e9dicinales et aromatiques (PMA). Ce groupe de plantes est non seulement essentiel pour les \u00e9cosyst\u00e8mes, mais \u00e9galement profond\u00e9ment ancr\u00e9 dans la culture, la sant\u00e9 et le commerce humains.<\/p>\n<p>Les plantes m\u00e9dicinales et aromatiques sont indispensables aux soci\u00e9t\u00e9s du monde entier. Elles constituent la base de la m\u00e9decine traditionnelle pour les populations de nombreux pays en d\u00e9veloppement et fournissent \u00e9galement des compos\u00e9s actifs utilis\u00e9s dans les produits pharmaceutiques modernes. Au-del\u00e0 de leurs usages m\u00e9dicinaux, elles contribuent \u00e0 des secteurs tels que les cosm\u00e9tiques, l\u2019alimentation et les produits de luxe. Elles stabilisent aussi les sols, soutiennent les pollinisateurs et enrichissent la biodiversit\u00e9.<\/p>\n<p>Ces plantes illustrent les nombreuses fa\u00e7ons dont les soci\u00e9t\u00e9s d\u00e9pendent de la nature et soulignent la n\u00e9cessit\u00e9 de pratiques durables afin qu\u2019elles continuent \u00e0 soutenir \u00e0 la fois les populations et les \u00e9cosyst\u00e8mes. Leur inclusion dans la collection de cette ann\u00e9e souligne \u00e9galement la reconnaissance croissante que la conservation de la biodiversit\u00e9 va bien au-del\u00e0 des animaux embl\u00e9matiques : elle s\u2019\u00e9tend jusqu\u2019aux racines, aux feuilles et aux fleurs qui soutiennent \u00e0 la fois les traditions et la m\u00e9decine moderne.<\/p>\n<p>Depuis cinquante ans, la Convention sur le commerce international des esp\u00e8ces de faune et de flore sauvages menac\u00e9es d\u2019extinction (CITES) fournit le cadre mondial \u00e0 ses 185 Parties (184 pays et l\u2019Union europ\u00e9enne) afin de garantir que le commerce des esp\u00e8ces sauvages est l\u00e9gal, tra\u00e7able et durable.<\/p>\n<p>L\u2019Administration postale des Nations Unies est fi\u00e8re de soutenir la CITES et ses efforts de conservation depuis plus de trente ans gr\u00e2ce \u00e0 l\u2019\u00e9mission de timbres consacr\u00e9s aux esp\u00e8ces menac\u00e9es de la faune et de la flore.<\/p>\n<p><strong>Date d\u2019\u00e9mission:<\/strong> 26 avril 2026<br \/>\n<strong>Designer:<\/strong> Rorie Katz (Nations Unies)<br \/>\n<strong>Format de timbre:<\/strong> 39,2 mm x 28,6 mm<br \/>\n<strong>Timbres par feuille:<\/strong> 16 (4 dessins par feuille)<br \/>\n<strong>Imprimeur:<\/strong> Joh. Ensched\u00e9 Stamps Security Printers B.V. (Pays-Bas)<br \/>\n<strong>Reproduction:<\/strong> Lithographie offset<br \/>\n<strong>Dentelure:<\/strong> 12 \u00bd x 12 \u00be<br \/>\n<strong>Quantit\u00e9s<\/strong><br \/>\n$1,70 7,000 feuilles<br \/>\nCHF 1,90 7,000 feuilles<br \/>\n\u20ac1,45 8,000 feuilles<\/p>\n<p><strong>Les dessins<\/strong><\/p>\n<p><strong>New York \u2013 1,70 $<\/strong><br \/>\nAloe aristata (Aloe dentel\u00e9)<br \/>\nCyathea medullaris (Foug\u00e8re arborescente noire)<br \/>\nDendrobium nobile (Orchid\u00e9e noble des rochers)<br \/>\nDipteryx odorata (F\u00e8ve tonka)<\/p>\n<p><strong>Gen\u00e8ve \u2013 1,90 CHF<\/strong><br \/>\nOpuntia ficus-indica (Figuier de Barbarie)<br \/>\nPanax ginseng (Ginseng asiatique)<br \/>\nEuphorbia antisyphilitica (Candelilla)<br \/>\nRhodiola semenovii (Racine d\u2019or)<\/p>\n<p><strong>Vienne \u2013 1,45 \u20ac<\/strong><br \/>\nVanilla planifolia (Orchid\u00e9e vanille)<br \/>\nAloe dawei (Aloe de Dawe)<br \/>\nGastrodia elata (Tianma)<br \/>\nGalanthus woronowii (Perce-neige vert)<\/p>\n","protected":false},"excerpt":{"rendered":"<p>Le 24 avril 2026, l\u2019Administration postale des Nations Unies poursuit sa s\u00e9rie de timbres Esp\u00e8ces menac\u00e9es avec l\u2019\u00e9mission de douze timbres, trois cartes maximum, une enveloppe en soie en \u00e9dition limit\u00e9e et le dossier Esp\u00e8ces menac\u00e9es 2026. Les timbres Esp\u00e8ces menac\u00e9es 2026 mettent en lumi\u00e8re un groupe d\u2019esp\u00e8ces souvent n\u00e9glig\u00e9 dans les discussions sur la [&hellip;]<\/p>\n","protected":false},"featured_media":200780,"comment_status":"closed","ping_status":"closed","template":"","meta":{"ngg_post_thumbnail":0},"product_brand":[],"product_cat":[2961,202,142],"product_tag":[],"class_list":{"0":"post-200524","1":"product","2":"type-product","3":"status-publish","4":"has-post-thumbnail","6":"product_cat-2026-fr","7":"product_cat-especes-menacees-dextinction","8":"product_cat-timbres-commemoratifs","10":"first","11":"outofstock","12":"shipping-taxable","13":"product-type-grouped"},"yoast_head":"<!-- This site is optimized with the Yoast SEO plugin v27.4 - https:\/\/yoast.com\/product\/yoast-seo-wordpress\/ -->\n<title>Esp\u00e8ces menac\u00e9es d\u2019extinction 2026 - UN Timbres<\/title>\n<meta name=\"robots\" content=\"index, follow, max-snippet:-1, max-image-preview:large, max-video-preview:-1\" \/>\n<link rel=\"canonical\" href=\"https:\/\/unstamps.org\/fr\/produit\/especes-menacees-dextinction-2026\/\" \/>\n<meta property=\"og:locale\" content=\"fr_FR\" \/>\n<meta property=\"og:type\" content=\"article\" \/>\n<meta property=\"og:title\" content=\"Esp\u00e8ces menac\u00e9es d\u2019extinction 2026 - UN Timbres\" \/>\n<meta property=\"og:description\" content=\"Le 24 avril 2026, l\u2019Administration postale des Nations Unies poursuit sa s\u00e9rie de timbres Esp\u00e8ces menac\u00e9es avec l\u2019\u00e9mission de douze timbres, trois cartes maximum, une enveloppe en soie en \u00e9dition limit\u00e9e et le dossier Esp\u00e8ces menac\u00e9es 2026. Les timbres Esp\u00e8ces menac\u00e9es 2026 mettent en lumi\u00e8re un groupe d\u2019esp\u00e8ces souvent n\u00e9glig\u00e9 dans les discussions sur la [&hellip;]\" \/>\n<meta property=\"og:url\" content=\"https:\/\/unstamps.org\/fr\/produit\/especes-menacees-dextinction-2026\/\" \/>\n<meta property=\"og:site_name\" content=\"UN Timbres\" \/>\n<meta property=\"article:modified_time\" content=\"2026-04-24T16:04:03+00:00\" \/>\n<meta property=\"og:image\" content=\"https:\/\/unstamps.org\/wp-content\/uploads\/2026\/04\/2026-Species-FS-GROUP.jpg\" \/>\n\t<meta property=\"og:image:width\" content=\"1024\" \/>\n\t<meta property=\"og:image:height\" content=\"1024\" \/>\n\t<meta property=\"og:image:type\" content=\"image\/jpeg\" \/>\n<meta name=\"twitter:card\" content=\"summary_large_image\" \/>\n<meta name=\"twitter:label1\" content=\"Dur\u00e9e de lecture estim\u00e9e\" \/>\n\t<meta name=\"twitter:data1\" content=\"2 minutes\" \/>\n<script type=\"application\/ld+json\" class=\"yoast-schema-graph\">{\"@context\":\"https:\\\/\\\/schema.org\",\"@graph\":[{\"@type\":\"WebPage\",\"@id\":\"https:\\\/\\\/unstamps.org\\\/fr\\\/produit\\\/especes-menacees-dextinction-2026\\\/\",\"url\":\"https:\\\/\\\/unstamps.org\\\/fr\\\/produit\\\/especes-menacees-dextinction-2026\\\/\",\"name\":\"Esp\u00e8ces menac\u00e9es d\u2019extinction 2026 - UN Timbres\",\"isPartOf\":{\"@id\":\"https:\\\/\\\/unstamps.org\\\/fr\\\/#website\"},\"primaryImageOfPage\":{\"@id\":\"https:\\\/\\\/unstamps.org\\\/fr\\\/produit\\\/especes-menacees-dextinction-2026\\\/#primaryimage\"},\"image\":{\"@id\":\"https:\\\/\\\/unstamps.org\\\/fr\\\/produit\\\/especes-menacees-dextinction-2026\\\/#primaryimage\"},\"thumbnailUrl\":\"https:\\\/\\\/unstamps.org\\\/wp-content\\\/uploads\\\/2026\\\/04\\\/2026-Species-FS-GROUP.jpg\",\"datePublished\":\"2026-04-24T16:03:13+00:00\",\"dateModified\":\"2026-04-24T16:04:03+00:00\",\"breadcrumb\":{\"@id\":\"https:\\\/\\\/unstamps.org\\\/fr\\\/produit\\\/especes-menacees-dextinction-2026\\\/#breadcrumb\"},\"inLanguage\":\"fr-FR\",\"potentialAction\":[{\"@type\":\"ReadAction\",\"target\":[\"https:\\\/\\\/unstamps.org\\\/fr\\\/produit\\\/especes-menacees-dextinction-2026\\\/\"]}]},{\"@type\":\"ImageObject\",\"inLanguage\":\"fr-FR\",\"@id\":\"https:\\\/\\\/unstamps.org\\\/fr\\\/produit\\\/especes-menacees-dextinction-2026\\\/#primaryimage\",\"url\":\"https:\\\/\\\/unstamps.org\\\/wp-content\\\/uploads\\\/2026\\\/04\\\/2026-Species-FS-GROUP.jpg\",\"contentUrl\":\"https:\\\/\\\/unstamps.org\\\/wp-content\\\/uploads\\\/2026\\\/04\\\/2026-Species-FS-GROUP.jpg\",\"width\":1024,\"height\":1024},{\"@type\":\"BreadcrumbList\",\"@id\":\"https:\\\/\\\/unstamps.org\\\/fr\\\/produit\\\/especes-menacees-dextinction-2026\\\/#breadcrumb\",\"itemListElement\":[{\"@type\":\"ListItem\",\"position\":1,\"name\":\"Home\",\"item\":\"https:\\\/\\\/unstamps.org\\\/fr\\\/\"},{\"@type\":\"ListItem\",\"position\":2,\"name\":\"Les produits\",\"item\":\"https:\\\/\\\/unstamps.org\\\/fr\\\/les-produits\\\/\"},{\"@type\":\"ListItem\",\"position\":3,\"name\":\"Esp\u00e8ces menac\u00e9es d\u2019extinction 2026\"}]},{\"@type\":\"WebSite\",\"@id\":\"https:\\\/\\\/unstamps.org\\\/fr\\\/#website\",\"url\":\"https:\\\/\\\/unstamps.org\\\/fr\\\/\",\"name\":\"UN Stamps\",\"description\":\"United Nations Stamps\",\"publisher\":{\"@id\":\"https:\\\/\\\/unstamps.org\\\/fr\\\/#organization\"},\"potentialAction\":[{\"@type\":\"SearchAction\",\"target\":{\"@type\":\"EntryPoint\",\"urlTemplate\":\"https:\\\/\\\/unstamps.org\\\/fr\\\/?s={search_term_string}\"},\"query-input\":{\"@type\":\"PropertyValueSpecification\",\"valueRequired\":true,\"valueName\":\"search_term_string\"}}],\"inLanguage\":\"fr-FR\"},{\"@type\":\"Organization\",\"@id\":\"https:\\\/\\\/unstamps.org\\\/fr\\\/#organization\",\"name\":\"UN Stamps\",\"url\":\"https:\\\/\\\/unstamps.org\\\/fr\\\/\",\"logo\":{\"@type\":\"ImageObject\",\"inLanguage\":\"fr-FR\",\"@id\":\"https:\\\/\\\/unstamps.org\\\/fr\\\/#\\\/schema\\\/logo\\\/image\\\/\",\"url\":\"https:\\\/\\\/unstamps.org\\\/wp-content\\\/uploads\\\/2014\\\/01\\\/logo4web.jpg\",\"contentUrl\":\"https:\\\/\\\/unstamps.org\\\/wp-content\\\/uploads\\\/2014\\\/01\\\/logo4web.jpg\",\"width\":2500,\"height\":250,\"caption\":\"UN Stamps\"},\"image\":{\"@id\":\"https:\\\/\\\/unstamps.org\\\/fr\\\/#\\\/schema\\\/logo\\\/image\\\/\"}}]}<\/script>\n<!-- \/ Yoast SEO plugin. -->","yoast_head_json":{"title":"Esp\u00e8ces menac\u00e9es d\u2019extinction 2026 - UN Timbres","robots":{"index":"index","follow":"follow","max-snippet":"max-snippet:-1","max-image-preview":"max-image-preview:large","max-video-preview":"max-video-preview:-1"},"canonical":"https:\/\/unstamps.org\/fr\/produit\/especes-menacees-dextinction-2026\/","og_locale":"fr_FR","og_type":"article","og_title":"Esp\u00e8ces menac\u00e9es d\u2019extinction 2026 - UN Timbres","og_description":"Le 24 avril 2026, l\u2019Administration postale des Nations Unies poursuit sa s\u00e9rie de timbres Esp\u00e8ces menac\u00e9es avec l\u2019\u00e9mission de douze timbres, trois cartes maximum, une enveloppe en soie en \u00e9dition limit\u00e9e et le dossier Esp\u00e8ces menac\u00e9es 2026. Les timbres Esp\u00e8ces menac\u00e9es 2026 mettent en lumi\u00e8re un groupe d\u2019esp\u00e8ces souvent n\u00e9glig\u00e9 dans les discussions sur la [&hellip;]","og_url":"https:\/\/unstamps.org\/fr\/produit\/especes-menacees-dextinction-2026\/","og_site_name":"UN Timbres","article_modified_time":"2026-04-24T16:04:03+00:00","og_image":[{"width":1024,"height":1024,"url":"https:\/\/unstamps.org\/wp-content\/uploads\/2026\/04\/2026-Species-FS-GROUP.jpg","type":"image\/jpeg"}],"twitter_card":"summary_large_image","twitter_misc":{"Dur\u00e9e de lecture estim\u00e9e":"2 minutes"},"schema":{"@context":"https:\/\/schema.org","@graph":[{"@type":"WebPage","@id":"https:\/\/unstamps.org\/fr\/produit\/especes-menacees-dextinction-2026\/","url":"https:\/\/unstamps.org\/fr\/produit\/especes-menacees-dextinction-2026\/","name":"Esp\u00e8ces menac\u00e9es d\u2019extinction 2026 - UN Timbres","isPartOf":{"@id":"https:\/\/unstamps.org\/fr\/#website"},"primaryImageOfPage":{"@id":"https:\/\/unstamps.org\/fr\/produit\/especes-menacees-dextinction-2026\/#primaryimage"},"image":{"@id":"https:\/\/unstamps.org\/fr\/produit\/especes-menacees-dextinction-2026\/#primaryimage"},"thumbnailUrl":"https:\/\/unstamps.org\/wp-content\/uploads\/2026\/04\/2026-Species-FS-GROUP.jpg","datePublished":"2026-04-24T16:03:13+00:00","dateModified":"2026-04-24T16:04:03+00:00","breadcrumb":{"@id":"https:\/\/unstamps.org\/fr\/produit\/especes-menacees-dextinction-2026\/#breadcrumb"},"inLanguage":"fr-FR","potentialAction":[{"@type":"ReadAction","target":["https:\/\/unstamps.org\/fr\/produit\/especes-menacees-dextinction-2026\/"]}]},{"@type":"ImageObject","inLanguage":"fr-FR","@id":"https:\/\/unstamps.org\/fr\/produit\/especes-menacees-dextinction-2026\/#primaryimage","url":"https:\/\/unstamps.org\/wp-content\/uploads\/2026\/04\/2026-Species-FS-GROUP.jpg","contentUrl":"https:\/\/unstamps.org\/wp-content\/uploads\/2026\/04\/2026-Species-FS-GROUP.jpg","width":1024,"height":1024},{"@type":"BreadcrumbList","@id":"https:\/\/unstamps.org\/fr\/produit\/especes-menacees-dextinction-2026\/#breadcrumb","itemListElement":[{"@type":"ListItem","position":1,"name":"Home","item":"https:\/\/unstamps.org\/fr\/"},{"@type":"ListItem","position":2,"name":"Les produits","item":"https:\/\/unstamps.org\/fr\/les-produits\/"},{"@type":"ListItem","position":3,"name":"Esp\u00e8ces menac\u00e9es d\u2019extinction 2026"}]},{"@type":"WebSite","@id":"https:\/\/unstamps.org\/fr\/#website","url":"https:\/\/unstamps.org\/fr\/","name":"UN Stamps","description":"United Nations Stamps","publisher":{"@id":"https:\/\/unstamps.org\/fr\/#organization"},"potentialAction":[{"@type":"SearchAction","target":{"@type":"EntryPoint","urlTemplate":"https:\/\/unstamps.org\/fr\/?s={search_term_string}"},"query-input":{"@type":"PropertyValueSpecification","valueRequired":true,"valueName":"search_term_string"}}],"inLanguage":"fr-FR"},{"@type":"Organization","@id":"https:\/\/unstamps.org\/fr\/#organization","name":"UN Stamps","url":"https:\/\/unstamps.org\/fr\/","logo":{"@type":"ImageObject","inLanguage":"fr-FR","@id":"https:\/\/unstamps.org\/fr\/#\/schema\/logo\/image\/","url":"https:\/\/unstamps.org\/wp-content\/uploads\/2014\/01\/logo4web.jpg","contentUrl":"https:\/\/unstamps.org\/wp-content\/uploads\/2014\/01\/logo4web.jpg","width":2500,"height":250,"caption":"UN Stamps"},"image":{"@id":"https:\/\/unstamps.org\/fr\/#\/schema\/logo\/image\/"}}]}},"jetpack_sharing_enabled":true,"publishpress_future_action":{"enabled":false,"date":"2026-05-01 23:01:57","action":"change-status","newStatus":"private","terms":[],"taxonomy":"product_cat","extraData":[]},"publishpress_future_workflow_manual_trigger":{"enabledWorkflows":[]},"_links":{"self":[{"href":"https:\/\/unstamps.org\/fr\/wp-json\/wp\/v2\/product\/200524","targetHints":{"allow":["GET"]}}],"collection":[{"href":"https:\/\/unstamps.org\/fr\/wp-json\/wp\/v2\/product"}],"about":[{"href":"https:\/\/unstamps.org\/fr\/wp-json\/wp\/v2\/types\/product"}],"replies":[{"embeddable":true,"href":"https:\/\/unstamps.org\/fr\/wp-json\/wp\/v2\/comments?post=200524"}],"wp:featuredmedia":[{"embeddable":true,"href":"https:\/\/unstamps.org\/fr\/wp-json\/wp\/v2\/media\/200780"}],"wp:attachment":[{"href":"https:\/\/unstamps.org\/fr\/wp-json\/wp\/v2\/media?parent=200524"}],"wp:term":[{"taxonomy":"product_brand","embeddable":true,"href":"https:\/\/unstamps.org\/fr\/wp-json\/wp\/v2\/product_brand?post=200524"},{"taxonomy":"product_cat","embeddable":true,"href":"https:\/\/unstamps.org\/fr\/wp-json\/wp\/v2\/product_cat?post=200524"},{"taxonomy":"product_tag","embeddable":true,"href":"https:\/\/unstamps.org\/fr\/wp-json\/wp\/v2\/product_tag?post=200524"}],"curies":[{"name":"wp","href":"https:\/\/api.w.org\/{rel}","templated":true}]}}