{"id":200168,"date":"2026-03-30T13:53:46","date_gmt":"2026-03-30T17:53:46","guid":{"rendered":"https:\/\/unstamps.org\/?post_type=product&#038;p=200168"},"modified":"2026-03-30T14:02:49","modified_gmt":"2026-03-30T18:02:49","slug":"journee-internationale-des-forets-jeu-de-feuilles-entieres","status":"publish","type":"product","link":"https:\/\/unstamps.org\/fr\/produit\/journee-internationale-des-forets-jeu-de-feuilles-entieres\/","title":{"rendered":"Journ\u00e9e Internationale des For\u00eats &#8211; Jeu de feuilles enti\u00e8res"},"content":{"rendered":"<p><strong>Date d\u2019\u00e9mission:<\/strong> 20 mars 2026<br \/>\n<strong>Dessinateur:<\/strong> Sergio Baradat (\u00c9tats-Unis)<br \/>\n<strong>Valeurs:<\/strong>US$ 1.70, CHF 1,90, \u20ac 1,45<br \/>\n<strong>Format de timbre:<\/strong> 37.7 mm x 49.5 mm<br \/>\n<strong>Format de la feuille:<\/strong> 205.8 mm x 119 mm<br \/>\n<strong>Timbres par feuille:<\/strong> 10<br \/>\n<strong>Imprimeur:<\/strong> Royal Joh Ensched\u00e9 (Pays-Bas)<br \/>\n<strong>Reproduction:<\/strong> Lithographie offset<\/p>\n<p><strong>Les Designs<\/strong><\/p>\n<p><strong>1,70 $<\/strong> \u2013 Les for\u00eats favorisent le d\u00e9veloppement durable en fournissant des moyens de subsistance et des revenus aux communaut\u00e9s tout en soutenant la biodiversit\u00e9. Elles fournissent de la nourriture, de l&#8217;air pur et de l&#8217;eau douce et jouent un r\u00f4le essentiel dans la r\u00e9gulation du climat en stockant le carbone. Des for\u00eats saines renforcent la r\u00e9silience, r\u00e9duisent la pauvret\u00e9 et garantissent une stabilit\u00e9 environnementale et \u00e9conomique \u00e0 long terme. <\/p>\n<p><strong>1,90 CHF<\/strong> \u2013 Les for\u00eats soutiennent l&#8217;emploi et agissent comme des moteurs de la croissance \u00e9conomique en soutenant des industries telles que la sylviculture, l&#8217;agriculture, l&#8217;\u00e9cotourisme et les produits forestiers non ligneux. Elles sont des sources essentielles de m\u00e9dicaments, de s\u00e9curit\u00e9 alimentaire et de nutrition, en particulier pour les communaut\u00e9s rurales et autochtones. En soutenant des millions de moyens de subsistance dans le monde entier, les for\u00eats renforcent les \u00e9conomies locales tout en favorisant la r\u00e9silience \u00e0 long terme. <\/p>\n<p><strong>1,45 \u20ac<\/strong> \u2013 Les for\u00eats favorisent le d\u00e9veloppement durable en fournissant des moyens de subsistance \u00e0 des millions de personnes gr\u00e2ce \u00e0 la sylviculture, \u00e0 l&#8217;agriculture et aux industries foresti\u00e8res. Elles soutiennent les \u00e9conomies locales tout en pr\u00e9servant les \u00e9cosyst\u00e8mes dont d\u00e9pendent les communaut\u00e9s pour leur vie quotidienne. Lorsqu&#8217;elles sont g\u00e9r\u00e9es de mani\u00e8re durable, les for\u00eats contribuent \u00e0 r\u00e9duire la pauvret\u00e9 et \u00e0 garantir la r\u00e9silience environnementale et \u00e9conomique \u00e0 long terme. <\/p>\n","protected":false},"excerpt":{"rendered":"<p>Date d\u2019\u00e9mission: 20 mars 2026 Dessinateur: Sergio Baradat (\u00c9tats-Unis) Valeurs:US$ 1.70, CHF 1,90, \u20ac 1,45 Format de timbre: 37.7 mm x 49.5 mm Format de la feuille: 205.8 mm x 119 mm Timbres par feuille: 10 Imprimeur: Royal Joh Ensched\u00e9 (Pays-Bas) Reproduction: Lithographie offset Les Designs 1,70 $ \u2013 Les for\u00eats favorisent le d\u00e9veloppement durable [&hellip;]<\/p>\n","protected":false},"featured_media":200196,"comment_status":"closed","ping_status":"closed","template":"","meta":{"ngg_post_thumbnail":0},"product_brand":[],"product_cat":[2961,145,818,140,156],"product_tag":[],"class_list":{"0":"post-200168","1":"product","2":"type-product","3":"status-publish","4":"has-post-thumbnail","6":"product_cat-2026-fr","7":"product_cat-geneve","8":"product_cat-sheet-set-fr","9":"product_cat-new-york-issuing-office-fr","10":"product_cat-vienne","11":"pa_condition-cancelled-fr","12":"pa_condition-mint-fr","14":"first","15":"instock","16":"shipping-taxable","17":"purchasable","18":"product-type-variable","19":"has-default-attributes"},"yoast_head":"<!-- This site is optimized with the Yoast SEO plugin v27.4 - https:\/\/yoast.com\/product\/yoast-seo-wordpress\/ -->\n<title>Journ\u00e9e Internationale des For\u00eats - Jeu de feuilles enti\u00e8res - UN Timbres<\/title>\n<meta name=\"robots\" content=\"index, follow, max-snippet:-1, max-image-preview:large, max-video-preview:-1\" \/>\n<link rel=\"canonical\" href=\"https:\/\/unstamps.org\/fr\/produit\/journee-internationale-des-forets-jeu-de-feuilles-entieres\/\" \/>\n<meta property=\"og:locale\" content=\"fr_FR\" \/>\n<meta property=\"og:type\" content=\"article\" \/>\n<meta property=\"og:title\" content=\"Journ\u00e9e Internationale des For\u00eats - Jeu de feuilles enti\u00e8res - UN Timbres\" \/>\n<meta property=\"og:description\" content=\"Date d\u2019\u00e9mission: 20 mars 2026 Dessinateur: Sergio Baradat (\u00c9tats-Unis) Valeurs:US$ 1.70, CHF 1,90, \u20ac 1,45 Format de timbre: 37.7 mm x 49.5 mm Format de la feuille: 205.8 mm x 119 mm Timbres par feuille: 10 Imprimeur: Royal Joh Ensched\u00e9 (Pays-Bas) Reproduction: Lithographie offset Les Designs 1,70 $ \u2013 Les for\u00eats favorisent le d\u00e9veloppement durable [&hellip;]\" \/>\n<meta property=\"og:url\" content=\"https:\/\/unstamps.org\/fr\/produit\/journee-internationale-des-forets-jeu-de-feuilles-entieres\/\" \/>\n<meta property=\"og:site_name\" content=\"UN Timbres\" \/>\n<meta property=\"article:modified_time\" content=\"2026-03-30T18:02:49+00:00\" \/>\n<meta property=\"og:image\" content=\"https:\/\/unstamps.org\/wp-content\/uploads\/2026\/03\/2026-Forests-FS-Group.jpg\" \/>\n\t<meta property=\"og:image:width\" content=\"1024\" \/>\n\t<meta property=\"og:image:height\" content=\"1024\" \/>\n\t<meta property=\"og:image:type\" content=\"image\/jpeg\" \/>\n<meta name=\"twitter:card\" content=\"summary_large_image\" \/>\n<meta name=\"twitter:label1\" content=\"Dur\u00e9e de lecture estim\u00e9e\" \/>\n\t<meta name=\"twitter:data1\" content=\"1 minute\" \/>\n<script type=\"application\/ld+json\" class=\"yoast-schema-graph\">{\"@context\":\"https:\\\/\\\/schema.org\",\"@graph\":[{\"@type\":\"WebPage\",\"@id\":\"https:\\\/\\\/unstamps.org\\\/fr\\\/produit\\\/journee-internationale-des-forets-jeu-de-feuilles-entieres\\\/\",\"url\":\"https:\\\/\\\/unstamps.org\\\/fr\\\/produit\\\/journee-internationale-des-forets-jeu-de-feuilles-entieres\\\/\",\"name\":\"Journ\u00e9e Internationale des For\u00eats - Jeu de feuilles enti\u00e8res - UN Timbres\",\"isPartOf\":{\"@id\":\"https:\\\/\\\/unstamps.org\\\/fr\\\/#website\"},\"primaryImageOfPage\":{\"@id\":\"https:\\\/\\\/unstamps.org\\\/fr\\\/produit\\\/journee-internationale-des-forets-jeu-de-feuilles-entieres\\\/#primaryimage\"},\"image\":{\"@id\":\"https:\\\/\\\/unstamps.org\\\/fr\\\/produit\\\/journee-internationale-des-forets-jeu-de-feuilles-entieres\\\/#primaryimage\"},\"thumbnailUrl\":\"https:\\\/\\\/unstamps.org\\\/wp-content\\\/uploads\\\/2026\\\/03\\\/2026-Forests-FS-Group.jpg\",\"datePublished\":\"2026-03-30T17:53:46+00:00\",\"dateModified\":\"2026-03-30T18:02:49+00:00\",\"breadcrumb\":{\"@id\":\"https:\\\/\\\/unstamps.org\\\/fr\\\/produit\\\/journee-internationale-des-forets-jeu-de-feuilles-entieres\\\/#breadcrumb\"},\"inLanguage\":\"fr-FR\",\"potentialAction\":[{\"@type\":\"ReadAction\",\"target\":[\"https:\\\/\\\/unstamps.org\\\/fr\\\/produit\\\/journee-internationale-des-forets-jeu-de-feuilles-entieres\\\/\"]}]},{\"@type\":\"ImageObject\",\"inLanguage\":\"fr-FR\",\"@id\":\"https:\\\/\\\/unstamps.org\\\/fr\\\/produit\\\/journee-internationale-des-forets-jeu-de-feuilles-entieres\\\/#primaryimage\",\"url\":\"https:\\\/\\\/unstamps.org\\\/wp-content\\\/uploads\\\/2026\\\/03\\\/2026-Forests-FS-Group.jpg\",\"contentUrl\":\"https:\\\/\\\/unstamps.org\\\/wp-content\\\/uploads\\\/2026\\\/03\\\/2026-Forests-FS-Group.jpg\",\"width\":1024,\"height\":1024},{\"@type\":\"BreadcrumbList\",\"@id\":\"https:\\\/\\\/unstamps.org\\\/fr\\\/produit\\\/journee-internationale-des-forets-jeu-de-feuilles-entieres\\\/#breadcrumb\",\"itemListElement\":[{\"@type\":\"ListItem\",\"position\":1,\"name\":\"Home\",\"item\":\"https:\\\/\\\/unstamps.org\\\/fr\\\/\"},{\"@type\":\"ListItem\",\"position\":2,\"name\":\"Les produits\",\"item\":\"https:\\\/\\\/unstamps.org\\\/fr\\\/les-produits\\\/\"},{\"@type\":\"ListItem\",\"position\":3,\"name\":\"Journ\u00e9e Internationale des For\u00eats &#8211; Jeu de feuilles enti\u00e8res\"}]},{\"@type\":\"WebSite\",\"@id\":\"https:\\\/\\\/unstamps.org\\\/fr\\\/#website\",\"url\":\"https:\\\/\\\/unstamps.org\\\/fr\\\/\",\"name\":\"UN Stamps\",\"description\":\"United Nations Stamps\",\"publisher\":{\"@id\":\"https:\\\/\\\/unstamps.org\\\/fr\\\/#organization\"},\"potentialAction\":[{\"@type\":\"SearchAction\",\"target\":{\"@type\":\"EntryPoint\",\"urlTemplate\":\"https:\\\/\\\/unstamps.org\\\/fr\\\/?s={search_term_string}\"},\"query-input\":{\"@type\":\"PropertyValueSpecification\",\"valueRequired\":true,\"valueName\":\"search_term_string\"}}],\"inLanguage\":\"fr-FR\"},{\"@type\":\"Organization\",\"@id\":\"https:\\\/\\\/unstamps.org\\\/fr\\\/#organization\",\"name\":\"UN Stamps\",\"url\":\"https:\\\/\\\/unstamps.org\\\/fr\\\/\",\"logo\":{\"@type\":\"ImageObject\",\"inLanguage\":\"fr-FR\",\"@id\":\"https:\\\/\\\/unstamps.org\\\/fr\\\/#\\\/schema\\\/logo\\\/image\\\/\",\"url\":\"https:\\\/\\\/unstamps.org\\\/wp-content\\\/uploads\\\/2014\\\/01\\\/logo4web.jpg\",\"contentUrl\":\"https:\\\/\\\/unstamps.org\\\/wp-content\\\/uploads\\\/2014\\\/01\\\/logo4web.jpg\",\"width\":2500,\"height\":250,\"caption\":\"UN Stamps\"},\"image\":{\"@id\":\"https:\\\/\\\/unstamps.org\\\/fr\\\/#\\\/schema\\\/logo\\\/image\\\/\"}}]}<\/script>\n<!-- \/ Yoast SEO plugin. -->","yoast_head_json":{"title":"Journ\u00e9e Internationale des For\u00eats - Jeu de feuilles enti\u00e8res - UN Timbres","robots":{"index":"index","follow":"follow","max-snippet":"max-snippet:-1","max-image-preview":"max-image-preview:large","max-video-preview":"max-video-preview:-1"},"canonical":"https:\/\/unstamps.org\/fr\/produit\/journee-internationale-des-forets-jeu-de-feuilles-entieres\/","og_locale":"fr_FR","og_type":"article","og_title":"Journ\u00e9e Internationale des For\u00eats - Jeu de feuilles enti\u00e8res - UN Timbres","og_description":"Date d\u2019\u00e9mission: 20 mars 2026 Dessinateur: Sergio Baradat (\u00c9tats-Unis) Valeurs:US$ 1.70, CHF 1,90, \u20ac 1,45 Format de timbre: 37.7 mm x 49.5 mm Format de la feuille: 205.8 mm x 119 mm Timbres par feuille: 10 Imprimeur: Royal Joh Ensched\u00e9 (Pays-Bas) Reproduction: Lithographie offset Les Designs 1,70 $ \u2013 Les for\u00eats favorisent le d\u00e9veloppement durable [&hellip;]","og_url":"https:\/\/unstamps.org\/fr\/produit\/journee-internationale-des-forets-jeu-de-feuilles-entieres\/","og_site_name":"UN Timbres","article_modified_time":"2026-03-30T18:02:49+00:00","og_image":[{"width":1024,"height":1024,"url":"https:\/\/unstamps.org\/wp-content\/uploads\/2026\/03\/2026-Forests-FS-Group.jpg","type":"image\/jpeg"}],"twitter_card":"summary_large_image","twitter_misc":{"Dur\u00e9e de lecture estim\u00e9e":"1 minute"},"schema":{"@context":"https:\/\/schema.org","@graph":[{"@type":"WebPage","@id":"https:\/\/unstamps.org\/fr\/produit\/journee-internationale-des-forets-jeu-de-feuilles-entieres\/","url":"https:\/\/unstamps.org\/fr\/produit\/journee-internationale-des-forets-jeu-de-feuilles-entieres\/","name":"Journ\u00e9e Internationale des For\u00eats - Jeu de feuilles enti\u00e8res - UN Timbres","isPartOf":{"@id":"https:\/\/unstamps.org\/fr\/#website"},"primaryImageOfPage":{"@id":"https:\/\/unstamps.org\/fr\/produit\/journee-internationale-des-forets-jeu-de-feuilles-entieres\/#primaryimage"},"image":{"@id":"https:\/\/unstamps.org\/fr\/produit\/journee-internationale-des-forets-jeu-de-feuilles-entieres\/#primaryimage"},"thumbnailUrl":"https:\/\/unstamps.org\/wp-content\/uploads\/2026\/03\/2026-Forests-FS-Group.jpg","datePublished":"2026-03-30T17:53:46+00:00","dateModified":"2026-03-30T18:02:49+00:00","breadcrumb":{"@id":"https:\/\/unstamps.org\/fr\/produit\/journee-internationale-des-forets-jeu-de-feuilles-entieres\/#breadcrumb"},"inLanguage":"fr-FR","potentialAction":[{"@type":"ReadAction","target":["https:\/\/unstamps.org\/fr\/produit\/journee-internationale-des-forets-jeu-de-feuilles-entieres\/"]}]},{"@type":"ImageObject","inLanguage":"fr-FR","@id":"https:\/\/unstamps.org\/fr\/produit\/journee-internationale-des-forets-jeu-de-feuilles-entieres\/#primaryimage","url":"https:\/\/unstamps.org\/wp-content\/uploads\/2026\/03\/2026-Forests-FS-Group.jpg","contentUrl":"https:\/\/unstamps.org\/wp-content\/uploads\/2026\/03\/2026-Forests-FS-Group.jpg","width":1024,"height":1024},{"@type":"BreadcrumbList","@id":"https:\/\/unstamps.org\/fr\/produit\/journee-internationale-des-forets-jeu-de-feuilles-entieres\/#breadcrumb","itemListElement":[{"@type":"ListItem","position":1,"name":"Home","item":"https:\/\/unstamps.org\/fr\/"},{"@type":"ListItem","position":2,"name":"Les produits","item":"https:\/\/unstamps.org\/fr\/les-produits\/"},{"@type":"ListItem","position":3,"name":"Journ\u00e9e Internationale des For\u00eats &#8211; Jeu de feuilles enti\u00e8res"}]},{"@type":"WebSite","@id":"https:\/\/unstamps.org\/fr\/#website","url":"https:\/\/unstamps.org\/fr\/","name":"UN Stamps","description":"United Nations Stamps","publisher":{"@id":"https:\/\/unstamps.org\/fr\/#organization"},"potentialAction":[{"@type":"SearchAction","target":{"@type":"EntryPoint","urlTemplate":"https:\/\/unstamps.org\/fr\/?s={search_term_string}"},"query-input":{"@type":"PropertyValueSpecification","valueRequired":true,"valueName":"search_term_string"}}],"inLanguage":"fr-FR"},{"@type":"Organization","@id":"https:\/\/unstamps.org\/fr\/#organization","name":"UN Stamps","url":"https:\/\/unstamps.org\/fr\/","logo":{"@type":"ImageObject","inLanguage":"fr-FR","@id":"https:\/\/unstamps.org\/fr\/#\/schema\/logo\/image\/","url":"https:\/\/unstamps.org\/wp-content\/uploads\/2014\/01\/logo4web.jpg","contentUrl":"https:\/\/unstamps.org\/wp-content\/uploads\/2014\/01\/logo4web.jpg","width":2500,"height":250,"caption":"UN Stamps"},"image":{"@id":"https:\/\/unstamps.org\/fr\/#\/schema\/logo\/image\/"}}]}},"jetpack_sharing_enabled":true,"publishpress_future_action":{"enabled":false,"date":"2026-05-03 00:41:13","action":"change-status","newStatus":"private","terms":[],"taxonomy":"product_cat","extraData":[]},"publishpress_future_workflow_manual_trigger":{"enabledWorkflows":[]},"_links":{"self":[{"href":"https:\/\/unstamps.org\/fr\/wp-json\/wp\/v2\/product\/200168","targetHints":{"allow":["GET"]}}],"collection":[{"href":"https:\/\/unstamps.org\/fr\/wp-json\/wp\/v2\/product"}],"about":[{"href":"https:\/\/unstamps.org\/fr\/wp-json\/wp\/v2\/types\/product"}],"replies":[{"embeddable":true,"href":"https:\/\/unstamps.org\/fr\/wp-json\/wp\/v2\/comments?post=200168"}],"wp:featuredmedia":[{"embeddable":true,"href":"https:\/\/unstamps.org\/fr\/wp-json\/wp\/v2\/media\/200196"}],"wp:attachment":[{"href":"https:\/\/unstamps.org\/fr\/wp-json\/wp\/v2\/media?parent=200168"}],"wp:term":[{"taxonomy":"product_brand","embeddable":true,"href":"https:\/\/unstamps.org\/fr\/wp-json\/wp\/v2\/product_brand?post=200168"},{"taxonomy":"product_cat","embeddable":true,"href":"https:\/\/unstamps.org\/fr\/wp-json\/wp\/v2\/product_cat?post=200168"},{"taxonomy":"product_tag","embeddable":true,"href":"https:\/\/unstamps.org\/fr\/wp-json\/wp\/v2\/product_tag?post=200168"}],"curies":[{"name":"wp","href":"https:\/\/api.w.org\/{rel}","templated":true}]}}