{"id":200128,"date":"2026-03-30T13:34:46","date_gmt":"2026-03-30T17:34:46","guid":{"rendered":"https:\/\/unstamps.org\/?post_type=product&#038;p=200128"},"modified":"2026-03-30T13:37:30","modified_gmt":"2026-03-30T17:37:30","slug":"journee-internationale-des-forets-enveloppes-1er-jour-bloc-avec-i-m-ny","status":"publish","type":"product","link":"https:\/\/unstamps.org\/fr\/produit\/journee-internationale-des-forets-enveloppes-1er-jour-bloc-avec-i-m-ny\/","title":{"rendered":"Journ\u00e9e Internationale des For\u00eats &#8211; Enveloppes 1er jour bloc avec I.M. NY"},"content":{"rendered":"<p>(Les illustrations des enveloppes premier jour sont des sp\u00e9cimens et les originaux pourraient l\u00e9g\u00e8rement diverger).<\/p>\n<p>Les enveloppes premier jour pour l\u2019\u00e9mission \u00ab Journ\u00e9e Internationale des For\u00eats \u00bb seront disponibles dans les cat\u00e9gories suivantes:<\/p>\n<ul>\n<li><strong>Simple<\/strong>\u00a0\u2013 un total de 3 enveloppes, chacune avec un timbre des valeurs \u00e9mises, d\u00fbment oblit\u00e9r\u00e9e<\/li>\n<li><strong>Bloc<\/strong>\u00a0\u2013 un total de 3 enveloppes, chacune avec un bloc de quatre timbres avec inscription marginale des valeurs \u00e9mises, d\u00fbment oblit\u00e9r\u00e9e<\/li>\n<li><strong>Triple<\/strong>\u00a0\u2013 une enveloppe grand format avec les trois timbres \u00e9mis, d\u00fbment oblit\u00e9r\u00e9e New York, Gen\u00e8ve et Vienne<\/li>\n<\/ul>\n<p><img loading=\"lazy\" decoding=\"async\" class=\"aligncenter size-large wp-image-200195\" src=\"https:\/\/unstamps.org\/wp-content\/uploads\/2026\/03\/2026-Forests-Cancels-web-860x314.jpg\" alt=\"\" width=\"860\" height=\"314\" srcset=\"https:\/\/unstamps.org\/wp-content\/uploads\/2026\/03\/2026-Forests-Cancels-web-860x314.jpg 860w, https:\/\/unstamps.org\/wp-content\/uploads\/2026\/03\/2026-Forests-Cancels-web-768x280.jpg 768w, https:\/\/unstamps.org\/wp-content\/uploads\/2026\/03\/2026-Forests-Cancels-web-1170x427.jpg 1170w, https:\/\/unstamps.org\/wp-content\/uploads\/2026\/03\/2026-Forests-Cancels-web-600x219.jpg 600w, https:\/\/unstamps.org\/wp-content\/uploads\/2026\/03\/2026-Forests-Cancels-web.jpg 1200w\" sizes=\"auto, (max-width: 860px) 100vw, 860px\" \/><\/p>\n","protected":false},"excerpt":{"rendered":"<p>(Les illustrations des enveloppes premier jour sont des sp\u00e9cimens et les originaux pourraient l\u00e9g\u00e8rement diverger). Les enveloppes premier jour pour l\u2019\u00e9mission \u00ab Journ\u00e9e Internationale des For\u00eats \u00bb seront disponibles dans les cat\u00e9gories suivantes: Simple\u00a0\u2013 un total de 3 enveloppes, chacune avec un timbre des valeurs \u00e9mises, d\u00fbment oblit\u00e9r\u00e9e Bloc\u00a0\u2013 un total de 3 enveloppes, chacune [&hellip;]<\/p>\n","protected":false},"featured_media":200266,"comment_status":"closed","ping_status":"closed","template":"","meta":{"ngg_post_thumbnail":0},"product_brand":[],"product_cat":[2961,184,140],"product_tag":[],"class_list":{"0":"post-200128","1":"product","2":"type-product","3":"status-publish","4":"has-post-thumbnail","6":"product_cat-2026-fr","7":"product_cat-enveloppes-premier-jour","8":"product_cat-new-york-issuing-office-fr","10":"first","11":"instock","12":"shipping-taxable","13":"purchasable","14":"product-type-simple"},"yoast_head":"<!-- This site is optimized with the Yoast SEO plugin v27.3 - https:\/\/yoast.com\/product\/yoast-seo-wordpress\/ -->\n<title>Journ\u00e9e Internationale des For\u00eats - Enveloppes 1er jour bloc avec I.M. NY - UN Timbres<\/title>\n<meta name=\"robots\" content=\"index, follow, max-snippet:-1, max-image-preview:large, max-video-preview:-1\" \/>\n<link rel=\"canonical\" href=\"https:\/\/unstamps.org\/fr\/produit\/journee-internationale-des-forets-enveloppes-1er-jour-bloc-avec-i-m-ny\/\" \/>\n<meta property=\"og:locale\" content=\"fr_FR\" \/>\n<meta property=\"og:type\" content=\"article\" \/>\n<meta property=\"og:title\" content=\"Journ\u00e9e Internationale des For\u00eats - Enveloppes 1er jour bloc avec I.M. NY - UN Timbres\" \/>\n<meta property=\"og:description\" content=\"(Les illustrations des enveloppes premier jour sont des sp\u00e9cimens et les originaux pourraient l\u00e9g\u00e8rement diverger). Les enveloppes premier jour pour l\u2019\u00e9mission \u00ab Journ\u00e9e Internationale des For\u00eats \u00bb seront disponibles dans les cat\u00e9gories suivantes: Simple\u00a0\u2013 un total de 3 enveloppes, chacune avec un timbre des valeurs \u00e9mises, d\u00fbment oblit\u00e9r\u00e9e Bloc\u00a0\u2013 un total de 3 enveloppes, chacune [&hellip;]\" \/>\n<meta property=\"og:url\" content=\"https:\/\/unstamps.org\/fr\/produit\/journee-internationale-des-forets-enveloppes-1er-jour-bloc-avec-i-m-ny\/\" \/>\n<meta property=\"og:site_name\" content=\"UN Timbres\" \/>\n<meta property=\"article:modified_time\" content=\"2026-03-30T17:37:30+00:00\" \/>\n<meta property=\"og:image\" content=\"https:\/\/unstamps.org\/wp-content\/uploads\/2026\/03\/2026-Forests-FDC-MI-NY.jpg\" \/>\n\t<meta property=\"og:image:width\" content=\"1024\" \/>\n\t<meta property=\"og:image:height\" content=\"1024\" \/>\n\t<meta property=\"og:image:type\" content=\"image\/jpeg\" \/>\n<meta name=\"twitter:card\" content=\"summary_large_image\" \/>\n<script type=\"application\/ld+json\" class=\"yoast-schema-graph\">{\"@context\":\"https:\\\/\\\/schema.org\",\"@graph\":[{\"@type\":\"WebPage\",\"@id\":\"https:\\\/\\\/unstamps.org\\\/fr\\\/produit\\\/journee-internationale-des-forets-enveloppes-1er-jour-bloc-avec-i-m-ny\\\/\",\"url\":\"https:\\\/\\\/unstamps.org\\\/fr\\\/produit\\\/journee-internationale-des-forets-enveloppes-1er-jour-bloc-avec-i-m-ny\\\/\",\"name\":\"Journ\u00e9e Internationale des For\u00eats - Enveloppes 1er jour bloc avec I.M. NY - UN Timbres\",\"isPartOf\":{\"@id\":\"https:\\\/\\\/unstamps.org\\\/fr\\\/#website\"},\"primaryImageOfPage\":{\"@id\":\"https:\\\/\\\/unstamps.org\\\/fr\\\/produit\\\/journee-internationale-des-forets-enveloppes-1er-jour-bloc-avec-i-m-ny\\\/#primaryimage\"},\"image\":{\"@id\":\"https:\\\/\\\/unstamps.org\\\/fr\\\/produit\\\/journee-internationale-des-forets-enveloppes-1er-jour-bloc-avec-i-m-ny\\\/#primaryimage\"},\"thumbnailUrl\":\"https:\\\/\\\/unstamps.org\\\/wp-content\\\/uploads\\\/2026\\\/03\\\/2026-Forests-FDC-MI-NY.jpg\",\"datePublished\":\"2026-03-30T17:34:46+00:00\",\"dateModified\":\"2026-03-30T17:37:30+00:00\",\"breadcrumb\":{\"@id\":\"https:\\\/\\\/unstamps.org\\\/fr\\\/produit\\\/journee-internationale-des-forets-enveloppes-1er-jour-bloc-avec-i-m-ny\\\/#breadcrumb\"},\"inLanguage\":\"fr-FR\",\"potentialAction\":[{\"@type\":\"ReadAction\",\"target\":[\"https:\\\/\\\/unstamps.org\\\/fr\\\/produit\\\/journee-internationale-des-forets-enveloppes-1er-jour-bloc-avec-i-m-ny\\\/\"]}]},{\"@type\":\"ImageObject\",\"inLanguage\":\"fr-FR\",\"@id\":\"https:\\\/\\\/unstamps.org\\\/fr\\\/produit\\\/journee-internationale-des-forets-enveloppes-1er-jour-bloc-avec-i-m-ny\\\/#primaryimage\",\"url\":\"https:\\\/\\\/unstamps.org\\\/wp-content\\\/uploads\\\/2026\\\/03\\\/2026-Forests-FDC-MI-NY.jpg\",\"contentUrl\":\"https:\\\/\\\/unstamps.org\\\/wp-content\\\/uploads\\\/2026\\\/03\\\/2026-Forests-FDC-MI-NY.jpg\",\"width\":1024,\"height\":1024},{\"@type\":\"BreadcrumbList\",\"@id\":\"https:\\\/\\\/unstamps.org\\\/fr\\\/produit\\\/journee-internationale-des-forets-enveloppes-1er-jour-bloc-avec-i-m-ny\\\/#breadcrumb\",\"itemListElement\":[{\"@type\":\"ListItem\",\"position\":1,\"name\":\"Home\",\"item\":\"https:\\\/\\\/unstamps.org\\\/fr\\\/\"},{\"@type\":\"ListItem\",\"position\":2,\"name\":\"Les produits\",\"item\":\"https:\\\/\\\/unstamps.org\\\/fr\\\/les-produits\\\/\"},{\"@type\":\"ListItem\",\"position\":3,\"name\":\"Journ\u00e9e Internationale des For\u00eats &#8211; Enveloppes 1er jour bloc avec I.M. NY\"}]},{\"@type\":\"WebSite\",\"@id\":\"https:\\\/\\\/unstamps.org\\\/fr\\\/#website\",\"url\":\"https:\\\/\\\/unstamps.org\\\/fr\\\/\",\"name\":\"UN Stamps\",\"description\":\"United Nations Stamps\",\"publisher\":{\"@id\":\"https:\\\/\\\/unstamps.org\\\/fr\\\/#organization\"},\"potentialAction\":[{\"@type\":\"SearchAction\",\"target\":{\"@type\":\"EntryPoint\",\"urlTemplate\":\"https:\\\/\\\/unstamps.org\\\/fr\\\/?s={search_term_string}\"},\"query-input\":{\"@type\":\"PropertyValueSpecification\",\"valueRequired\":true,\"valueName\":\"search_term_string\"}}],\"inLanguage\":\"fr-FR\"},{\"@type\":\"Organization\",\"@id\":\"https:\\\/\\\/unstamps.org\\\/fr\\\/#organization\",\"name\":\"UN Stamps\",\"url\":\"https:\\\/\\\/unstamps.org\\\/fr\\\/\",\"logo\":{\"@type\":\"ImageObject\",\"inLanguage\":\"fr-FR\",\"@id\":\"https:\\\/\\\/unstamps.org\\\/fr\\\/#\\\/schema\\\/logo\\\/image\\\/\",\"url\":\"https:\\\/\\\/unstamps.org\\\/wp-content\\\/uploads\\\/2014\\\/01\\\/logo4web.jpg\",\"contentUrl\":\"https:\\\/\\\/unstamps.org\\\/wp-content\\\/uploads\\\/2014\\\/01\\\/logo4web.jpg\",\"width\":2500,\"height\":250,\"caption\":\"UN Stamps\"},\"image\":{\"@id\":\"https:\\\/\\\/unstamps.org\\\/fr\\\/#\\\/schema\\\/logo\\\/image\\\/\"}}]}<\/script>\n<!-- \/ Yoast SEO plugin. -->","yoast_head_json":{"title":"Journ\u00e9e Internationale des For\u00eats - Enveloppes 1er jour bloc avec I.M. NY - UN Timbres","robots":{"index":"index","follow":"follow","max-snippet":"max-snippet:-1","max-image-preview":"max-image-preview:large","max-video-preview":"max-video-preview:-1"},"canonical":"https:\/\/unstamps.org\/fr\/produit\/journee-internationale-des-forets-enveloppes-1er-jour-bloc-avec-i-m-ny\/","og_locale":"fr_FR","og_type":"article","og_title":"Journ\u00e9e Internationale des For\u00eats - Enveloppes 1er jour bloc avec I.M. NY - UN Timbres","og_description":"(Les illustrations des enveloppes premier jour sont des sp\u00e9cimens et les originaux pourraient l\u00e9g\u00e8rement diverger). Les enveloppes premier jour pour l\u2019\u00e9mission \u00ab Journ\u00e9e Internationale des For\u00eats \u00bb seront disponibles dans les cat\u00e9gories suivantes: Simple\u00a0\u2013 un total de 3 enveloppes, chacune avec un timbre des valeurs \u00e9mises, d\u00fbment oblit\u00e9r\u00e9e Bloc\u00a0\u2013 un total de 3 enveloppes, chacune [&hellip;]","og_url":"https:\/\/unstamps.org\/fr\/produit\/journee-internationale-des-forets-enveloppes-1er-jour-bloc-avec-i-m-ny\/","og_site_name":"UN Timbres","article_modified_time":"2026-03-30T17:37:30+00:00","og_image":[{"width":1024,"height":1024,"url":"https:\/\/unstamps.org\/wp-content\/uploads\/2026\/03\/2026-Forests-FDC-MI-NY.jpg","type":"image\/jpeg"}],"twitter_card":"summary_large_image","schema":{"@context":"https:\/\/schema.org","@graph":[{"@type":"WebPage","@id":"https:\/\/unstamps.org\/fr\/produit\/journee-internationale-des-forets-enveloppes-1er-jour-bloc-avec-i-m-ny\/","url":"https:\/\/unstamps.org\/fr\/produit\/journee-internationale-des-forets-enveloppes-1er-jour-bloc-avec-i-m-ny\/","name":"Journ\u00e9e Internationale des For\u00eats - Enveloppes 1er jour bloc avec I.M. NY - UN Timbres","isPartOf":{"@id":"https:\/\/unstamps.org\/fr\/#website"},"primaryImageOfPage":{"@id":"https:\/\/unstamps.org\/fr\/produit\/journee-internationale-des-forets-enveloppes-1er-jour-bloc-avec-i-m-ny\/#primaryimage"},"image":{"@id":"https:\/\/unstamps.org\/fr\/produit\/journee-internationale-des-forets-enveloppes-1er-jour-bloc-avec-i-m-ny\/#primaryimage"},"thumbnailUrl":"https:\/\/unstamps.org\/wp-content\/uploads\/2026\/03\/2026-Forests-FDC-MI-NY.jpg","datePublished":"2026-03-30T17:34:46+00:00","dateModified":"2026-03-30T17:37:30+00:00","breadcrumb":{"@id":"https:\/\/unstamps.org\/fr\/produit\/journee-internationale-des-forets-enveloppes-1er-jour-bloc-avec-i-m-ny\/#breadcrumb"},"inLanguage":"fr-FR","potentialAction":[{"@type":"ReadAction","target":["https:\/\/unstamps.org\/fr\/produit\/journee-internationale-des-forets-enveloppes-1er-jour-bloc-avec-i-m-ny\/"]}]},{"@type":"ImageObject","inLanguage":"fr-FR","@id":"https:\/\/unstamps.org\/fr\/produit\/journee-internationale-des-forets-enveloppes-1er-jour-bloc-avec-i-m-ny\/#primaryimage","url":"https:\/\/unstamps.org\/wp-content\/uploads\/2026\/03\/2026-Forests-FDC-MI-NY.jpg","contentUrl":"https:\/\/unstamps.org\/wp-content\/uploads\/2026\/03\/2026-Forests-FDC-MI-NY.jpg","width":1024,"height":1024},{"@type":"BreadcrumbList","@id":"https:\/\/unstamps.org\/fr\/produit\/journee-internationale-des-forets-enveloppes-1er-jour-bloc-avec-i-m-ny\/#breadcrumb","itemListElement":[{"@type":"ListItem","position":1,"name":"Home","item":"https:\/\/unstamps.org\/fr\/"},{"@type":"ListItem","position":2,"name":"Les produits","item":"https:\/\/unstamps.org\/fr\/les-produits\/"},{"@type":"ListItem","position":3,"name":"Journ\u00e9e Internationale des For\u00eats &#8211; Enveloppes 1er jour bloc avec I.M. NY"}]},{"@type":"WebSite","@id":"https:\/\/unstamps.org\/fr\/#website","url":"https:\/\/unstamps.org\/fr\/","name":"UN Stamps","description":"United Nations Stamps","publisher":{"@id":"https:\/\/unstamps.org\/fr\/#organization"},"potentialAction":[{"@type":"SearchAction","target":{"@type":"EntryPoint","urlTemplate":"https:\/\/unstamps.org\/fr\/?s={search_term_string}"},"query-input":{"@type":"PropertyValueSpecification","valueRequired":true,"valueName":"search_term_string"}}],"inLanguage":"fr-FR"},{"@type":"Organization","@id":"https:\/\/unstamps.org\/fr\/#organization","name":"UN Stamps","url":"https:\/\/unstamps.org\/fr\/","logo":{"@type":"ImageObject","inLanguage":"fr-FR","@id":"https:\/\/unstamps.org\/fr\/#\/schema\/logo\/image\/","url":"https:\/\/unstamps.org\/wp-content\/uploads\/2014\/01\/logo4web.jpg","contentUrl":"https:\/\/unstamps.org\/wp-content\/uploads\/2014\/01\/logo4web.jpg","width":2500,"height":250,"caption":"UN Stamps"},"image":{"@id":"https:\/\/unstamps.org\/fr\/#\/schema\/logo\/image\/"}}]}},"jetpack_sharing_enabled":true,"publishpress_future_action":{"enabled":false,"date":"2026-04-12 18:58:12","action":"change-status","newStatus":"private","terms":[],"taxonomy":"product_cat","extraData":[]},"publishpress_future_workflow_manual_trigger":{"enabledWorkflows":[]},"_links":{"self":[{"href":"https:\/\/unstamps.org\/fr\/wp-json\/wp\/v2\/product\/200128","targetHints":{"allow":["GET"]}}],"collection":[{"href":"https:\/\/unstamps.org\/fr\/wp-json\/wp\/v2\/product"}],"about":[{"href":"https:\/\/unstamps.org\/fr\/wp-json\/wp\/v2\/types\/product"}],"replies":[{"embeddable":true,"href":"https:\/\/unstamps.org\/fr\/wp-json\/wp\/v2\/comments?post=200128"}],"wp:featuredmedia":[{"embeddable":true,"href":"https:\/\/unstamps.org\/fr\/wp-json\/wp\/v2\/media\/200266"}],"wp:attachment":[{"href":"https:\/\/unstamps.org\/fr\/wp-json\/wp\/v2\/media?parent=200128"}],"wp:term":[{"taxonomy":"product_brand","embeddable":true,"href":"https:\/\/unstamps.org\/fr\/wp-json\/wp\/v2\/product_brand?post=200128"},{"taxonomy":"product_cat","embeddable":true,"href":"https:\/\/unstamps.org\/fr\/wp-json\/wp\/v2\/product_cat?post=200128"},{"taxonomy":"product_tag","embeddable":true,"href":"https:\/\/unstamps.org\/fr\/wp-json\/wp\/v2\/product_tag?post=200128"}],"curies":[{"name":"wp","href":"https:\/\/api.w.org\/{rel}","templated":true}]}}