{"id":200067,"date":"2026-03-30T13:46:00","date_gmt":"2026-03-30T17:46:00","guid":{"rendered":"https:\/\/unstamps.org\/?post_type=product&#038;p=200067"},"modified":"2026-03-30T13:46:13","modified_gmt":"2026-03-30T17:46:13","slug":"international-day-of-forests-us-170-full-sheet","status":"publish","type":"product","link":"https:\/\/unstamps.org\/fr\/produit\/international-day-of-forests-us-170-full-sheet\/","title":{"rendered":"Journ\u00e9e Internationale des For\u00eats &#8211; US$ 1,70 &#8211; Feuille enti\u00e8re"},"content":{"rendered":"<p><em>Les for\u00eats favorisent le d\u00e9veloppement durable en fournissant des moyens de subsistance et des revenus aux communaut\u00e9s tout en soutenant la biodiversit\u00e9. Elles fournissent de la nourriture, de l&#8217;air pur et de l&#8217;eau douce et jouent un r\u00f4le essentiel dans la r\u00e9gulation du climat en stockant le carbone. Des for\u00eats saines renforcent la r\u00e9silience, r\u00e9duisent la pauvret\u00e9 et garantissent une stabilit\u00e9 environnementale et \u00e9conomique \u00e0 long terme. <\/em><\/p>\n<p><strong>Date d\u2019\u00e9mission:<\/strong> 20 mars 2026<br \/>\n<strong>Dessinateur:<\/strong> Sergio Baradat (\u00c9tats-Unis)<br \/>\n<strong>Format de timbre:<\/strong> 37.7 mm x 49.5 mm<br \/>\n<strong>Format de la feuille:<\/strong> 205.8 mm x 119 mm<br \/>\n<strong>Timbres par feuille:<\/strong> 10<br \/>\n<strong>Imprimeur:<\/strong> Royal Joh Ensched\u00e9 (Pays-Bas)<br \/>\n<strong>Reproduction:<\/strong> Lithographie offset<\/p>\n","protected":false},"excerpt":{"rendered":"<p>Les for\u00eats favorisent le d\u00e9veloppement durable en fournissant des moyens de subsistance et des revenus aux communaut\u00e9s tout en soutenant la biodiversit\u00e9. Elles fournissent de la nourriture, de l&#8217;air pur et de l&#8217;eau douce et jouent un r\u00f4le essentiel dans la r\u00e9gulation du climat en stockant le carbone. Des for\u00eats saines renforcent la r\u00e9silience, r\u00e9duisent [&hellip;]<\/p>\n","protected":false},"featured_media":200236,"comment_status":"closed","ping_status":"closed","template":"","meta":{"ngg_post_thumbnail":0},"product_brand":[],"product_cat":[2961,222,140],"product_tag":[],"class_list":{"0":"post-200067","1":"product","2":"type-product","3":"status-publish","4":"has-post-thumbnail","6":"product_cat-2026-fr","7":"product_cat-feuille-entiere","8":"product_cat-new-york-issuing-office-fr","9":"pa_condition-cancelled-fr","10":"pa_condition-mint-fr","12":"first","13":"instock","14":"shipping-taxable","15":"purchasable","16":"product-type-variable","17":"has-default-attributes"},"yoast_head":"<!-- This site is optimized with the Yoast SEO plugin v27.4 - https:\/\/yoast.com\/product\/yoast-seo-wordpress\/ -->\n<title>Journ\u00e9e Internationale des For\u00eats - US$ 1,70 - Feuille enti\u00e8re - UN Timbres<\/title>\n<meta name=\"robots\" content=\"index, follow, max-snippet:-1, max-image-preview:large, max-video-preview:-1\" \/>\n<link rel=\"canonical\" href=\"https:\/\/unstamps.org\/fr\/produit\/international-day-of-forests-us-170-full-sheet\/\" \/>\n<meta property=\"og:locale\" content=\"fr_FR\" \/>\n<meta property=\"og:type\" content=\"article\" \/>\n<meta property=\"og:title\" content=\"Journ\u00e9e Internationale des For\u00eats - US$ 1,70 - Feuille enti\u00e8re - UN Timbres\" \/>\n<meta property=\"og:description\" content=\"Les for\u00eats favorisent le d\u00e9veloppement durable en fournissant des moyens de subsistance et des revenus aux communaut\u00e9s tout en soutenant la biodiversit\u00e9. Elles fournissent de la nourriture, de l&#8217;air pur et de l&#8217;eau douce et jouent un r\u00f4le essentiel dans la r\u00e9gulation du climat en stockant le carbone. Des for\u00eats saines renforcent la r\u00e9silience, r\u00e9duisent [&hellip;]\" \/>\n<meta property=\"og:url\" content=\"https:\/\/unstamps.org\/fr\/produit\/international-day-of-forests-us-170-full-sheet\/\" \/>\n<meta property=\"og:site_name\" content=\"UN Timbres\" \/>\n<meta property=\"article:modified_time\" content=\"2026-03-30T17:46:13+00:00\" \/>\n<meta property=\"og:image\" content=\"https:\/\/unstamps.org\/wp-content\/uploads\/2026\/03\/2026-Forests-FS-NY.jpg\" \/>\n\t<meta property=\"og:image:width\" content=\"1024\" \/>\n\t<meta property=\"og:image:height\" content=\"1024\" \/>\n\t<meta property=\"og:image:type\" content=\"image\/jpeg\" \/>\n<meta name=\"twitter:card\" content=\"summary_large_image\" \/>\n<meta name=\"twitter:label1\" content=\"Dur\u00e9e de lecture estim\u00e9e\" \/>\n\t<meta name=\"twitter:data1\" content=\"1 minute\" \/>\n<script type=\"application\/ld+json\" class=\"yoast-schema-graph\">{\"@context\":\"https:\\\/\\\/schema.org\",\"@graph\":[{\"@type\":\"WebPage\",\"@id\":\"https:\\\/\\\/unstamps.org\\\/fr\\\/produit\\\/international-day-of-forests-us-170-full-sheet\\\/\",\"url\":\"https:\\\/\\\/unstamps.org\\\/fr\\\/produit\\\/international-day-of-forests-us-170-full-sheet\\\/\",\"name\":\"Journ\u00e9e Internationale des For\u00eats - US$ 1,70 - Feuille enti\u00e8re - UN Timbres\",\"isPartOf\":{\"@id\":\"https:\\\/\\\/unstamps.org\\\/fr\\\/#website\"},\"primaryImageOfPage\":{\"@id\":\"https:\\\/\\\/unstamps.org\\\/fr\\\/produit\\\/international-day-of-forests-us-170-full-sheet\\\/#primaryimage\"},\"image\":{\"@id\":\"https:\\\/\\\/unstamps.org\\\/fr\\\/produit\\\/international-day-of-forests-us-170-full-sheet\\\/#primaryimage\"},\"thumbnailUrl\":\"https:\\\/\\\/unstamps.org\\\/wp-content\\\/uploads\\\/2026\\\/03\\\/2026-Forests-FS-NY.jpg\",\"datePublished\":\"2026-03-30T17:46:00+00:00\",\"dateModified\":\"2026-03-30T17:46:13+00:00\",\"breadcrumb\":{\"@id\":\"https:\\\/\\\/unstamps.org\\\/fr\\\/produit\\\/international-day-of-forests-us-170-full-sheet\\\/#breadcrumb\"},\"inLanguage\":\"fr-FR\",\"potentialAction\":[{\"@type\":\"ReadAction\",\"target\":[\"https:\\\/\\\/unstamps.org\\\/fr\\\/produit\\\/international-day-of-forests-us-170-full-sheet\\\/\"]}]},{\"@type\":\"ImageObject\",\"inLanguage\":\"fr-FR\",\"@id\":\"https:\\\/\\\/unstamps.org\\\/fr\\\/produit\\\/international-day-of-forests-us-170-full-sheet\\\/#primaryimage\",\"url\":\"https:\\\/\\\/unstamps.org\\\/wp-content\\\/uploads\\\/2026\\\/03\\\/2026-Forests-FS-NY.jpg\",\"contentUrl\":\"https:\\\/\\\/unstamps.org\\\/wp-content\\\/uploads\\\/2026\\\/03\\\/2026-Forests-FS-NY.jpg\",\"width\":1024,\"height\":1024},{\"@type\":\"BreadcrumbList\",\"@id\":\"https:\\\/\\\/unstamps.org\\\/fr\\\/produit\\\/international-day-of-forests-us-170-full-sheet\\\/#breadcrumb\",\"itemListElement\":[{\"@type\":\"ListItem\",\"position\":1,\"name\":\"Home\",\"item\":\"https:\\\/\\\/unstamps.org\\\/fr\\\/\"},{\"@type\":\"ListItem\",\"position\":2,\"name\":\"Les produits\",\"item\":\"https:\\\/\\\/unstamps.org\\\/fr\\\/les-produits\\\/\"},{\"@type\":\"ListItem\",\"position\":3,\"name\":\"Journ\u00e9e Internationale des For\u00eats &#8211; US$ 1,70 &#8211; Feuille enti\u00e8re\"}]},{\"@type\":\"WebSite\",\"@id\":\"https:\\\/\\\/unstamps.org\\\/fr\\\/#website\",\"url\":\"https:\\\/\\\/unstamps.org\\\/fr\\\/\",\"name\":\"UN Stamps\",\"description\":\"United Nations Stamps\",\"publisher\":{\"@id\":\"https:\\\/\\\/unstamps.org\\\/fr\\\/#organization\"},\"potentialAction\":[{\"@type\":\"SearchAction\",\"target\":{\"@type\":\"EntryPoint\",\"urlTemplate\":\"https:\\\/\\\/unstamps.org\\\/fr\\\/?s={search_term_string}\"},\"query-input\":{\"@type\":\"PropertyValueSpecification\",\"valueRequired\":true,\"valueName\":\"search_term_string\"}}],\"inLanguage\":\"fr-FR\"},{\"@type\":\"Organization\",\"@id\":\"https:\\\/\\\/unstamps.org\\\/fr\\\/#organization\",\"name\":\"UN Stamps\",\"url\":\"https:\\\/\\\/unstamps.org\\\/fr\\\/\",\"logo\":{\"@type\":\"ImageObject\",\"inLanguage\":\"fr-FR\",\"@id\":\"https:\\\/\\\/unstamps.org\\\/fr\\\/#\\\/schema\\\/logo\\\/image\\\/\",\"url\":\"https:\\\/\\\/unstamps.org\\\/wp-content\\\/uploads\\\/2014\\\/01\\\/logo4web.jpg\",\"contentUrl\":\"https:\\\/\\\/unstamps.org\\\/wp-content\\\/uploads\\\/2014\\\/01\\\/logo4web.jpg\",\"width\":2500,\"height\":250,\"caption\":\"UN Stamps\"},\"image\":{\"@id\":\"https:\\\/\\\/unstamps.org\\\/fr\\\/#\\\/schema\\\/logo\\\/image\\\/\"}}]}<\/script>\n<!-- \/ Yoast SEO plugin. -->","yoast_head_json":{"title":"Journ\u00e9e Internationale des For\u00eats - US$ 1,70 - Feuille enti\u00e8re - UN Timbres","robots":{"index":"index","follow":"follow","max-snippet":"max-snippet:-1","max-image-preview":"max-image-preview:large","max-video-preview":"max-video-preview:-1"},"canonical":"https:\/\/unstamps.org\/fr\/produit\/international-day-of-forests-us-170-full-sheet\/","og_locale":"fr_FR","og_type":"article","og_title":"Journ\u00e9e Internationale des For\u00eats - US$ 1,70 - Feuille enti\u00e8re - UN Timbres","og_description":"Les for\u00eats favorisent le d\u00e9veloppement durable en fournissant des moyens de subsistance et des revenus aux communaut\u00e9s tout en soutenant la biodiversit\u00e9. Elles fournissent de la nourriture, de l&#8217;air pur et de l&#8217;eau douce et jouent un r\u00f4le essentiel dans la r\u00e9gulation du climat en stockant le carbone. Des for\u00eats saines renforcent la r\u00e9silience, r\u00e9duisent [&hellip;]","og_url":"https:\/\/unstamps.org\/fr\/produit\/international-day-of-forests-us-170-full-sheet\/","og_site_name":"UN Timbres","article_modified_time":"2026-03-30T17:46:13+00:00","og_image":[{"width":1024,"height":1024,"url":"https:\/\/unstamps.org\/wp-content\/uploads\/2026\/03\/2026-Forests-FS-NY.jpg","type":"image\/jpeg"}],"twitter_card":"summary_large_image","twitter_misc":{"Dur\u00e9e de lecture estim\u00e9e":"1 minute"},"schema":{"@context":"https:\/\/schema.org","@graph":[{"@type":"WebPage","@id":"https:\/\/unstamps.org\/fr\/produit\/international-day-of-forests-us-170-full-sheet\/","url":"https:\/\/unstamps.org\/fr\/produit\/international-day-of-forests-us-170-full-sheet\/","name":"Journ\u00e9e Internationale des For\u00eats - US$ 1,70 - Feuille enti\u00e8re - UN Timbres","isPartOf":{"@id":"https:\/\/unstamps.org\/fr\/#website"},"primaryImageOfPage":{"@id":"https:\/\/unstamps.org\/fr\/produit\/international-day-of-forests-us-170-full-sheet\/#primaryimage"},"image":{"@id":"https:\/\/unstamps.org\/fr\/produit\/international-day-of-forests-us-170-full-sheet\/#primaryimage"},"thumbnailUrl":"https:\/\/unstamps.org\/wp-content\/uploads\/2026\/03\/2026-Forests-FS-NY.jpg","datePublished":"2026-03-30T17:46:00+00:00","dateModified":"2026-03-30T17:46:13+00:00","breadcrumb":{"@id":"https:\/\/unstamps.org\/fr\/produit\/international-day-of-forests-us-170-full-sheet\/#breadcrumb"},"inLanguage":"fr-FR","potentialAction":[{"@type":"ReadAction","target":["https:\/\/unstamps.org\/fr\/produit\/international-day-of-forests-us-170-full-sheet\/"]}]},{"@type":"ImageObject","inLanguage":"fr-FR","@id":"https:\/\/unstamps.org\/fr\/produit\/international-day-of-forests-us-170-full-sheet\/#primaryimage","url":"https:\/\/unstamps.org\/wp-content\/uploads\/2026\/03\/2026-Forests-FS-NY.jpg","contentUrl":"https:\/\/unstamps.org\/wp-content\/uploads\/2026\/03\/2026-Forests-FS-NY.jpg","width":1024,"height":1024},{"@type":"BreadcrumbList","@id":"https:\/\/unstamps.org\/fr\/produit\/international-day-of-forests-us-170-full-sheet\/#breadcrumb","itemListElement":[{"@type":"ListItem","position":1,"name":"Home","item":"https:\/\/unstamps.org\/fr\/"},{"@type":"ListItem","position":2,"name":"Les produits","item":"https:\/\/unstamps.org\/fr\/les-produits\/"},{"@type":"ListItem","position":3,"name":"Journ\u00e9e Internationale des For\u00eats &#8211; US$ 1,70 &#8211; Feuille enti\u00e8re"}]},{"@type":"WebSite","@id":"https:\/\/unstamps.org\/fr\/#website","url":"https:\/\/unstamps.org\/fr\/","name":"UN Stamps","description":"United Nations Stamps","publisher":{"@id":"https:\/\/unstamps.org\/fr\/#organization"},"potentialAction":[{"@type":"SearchAction","target":{"@type":"EntryPoint","urlTemplate":"https:\/\/unstamps.org\/fr\/?s={search_term_string}"},"query-input":{"@type":"PropertyValueSpecification","valueRequired":true,"valueName":"search_term_string"}}],"inLanguage":"fr-FR"},{"@type":"Organization","@id":"https:\/\/unstamps.org\/fr\/#organization","name":"UN Stamps","url":"https:\/\/unstamps.org\/fr\/","logo":{"@type":"ImageObject","inLanguage":"fr-FR","@id":"https:\/\/unstamps.org\/fr\/#\/schema\/logo\/image\/","url":"https:\/\/unstamps.org\/wp-content\/uploads\/2014\/01\/logo4web.jpg","contentUrl":"https:\/\/unstamps.org\/wp-content\/uploads\/2014\/01\/logo4web.jpg","width":2500,"height":250,"caption":"UN Stamps"},"image":{"@id":"https:\/\/unstamps.org\/fr\/#\/schema\/logo\/image\/"}}]}},"jetpack_sharing_enabled":true,"publishpress_future_action":{"enabled":false,"date":"2026-04-29 06:24:17","action":"change-status","newStatus":"private","terms":[],"taxonomy":"product_cat","extraData":[]},"publishpress_future_workflow_manual_trigger":{"enabledWorkflows":[]},"_links":{"self":[{"href":"https:\/\/unstamps.org\/fr\/wp-json\/wp\/v2\/product\/200067","targetHints":{"allow":["GET"]}}],"collection":[{"href":"https:\/\/unstamps.org\/fr\/wp-json\/wp\/v2\/product"}],"about":[{"href":"https:\/\/unstamps.org\/fr\/wp-json\/wp\/v2\/types\/product"}],"replies":[{"embeddable":true,"href":"https:\/\/unstamps.org\/fr\/wp-json\/wp\/v2\/comments?post=200067"}],"wp:featuredmedia":[{"embeddable":true,"href":"https:\/\/unstamps.org\/fr\/wp-json\/wp\/v2\/media\/200236"}],"wp:attachment":[{"href":"https:\/\/unstamps.org\/fr\/wp-json\/wp\/v2\/media?parent=200067"}],"wp:term":[{"taxonomy":"product_brand","embeddable":true,"href":"https:\/\/unstamps.org\/fr\/wp-json\/wp\/v2\/product_brand?post=200067"},{"taxonomy":"product_cat","embeddable":true,"href":"https:\/\/unstamps.org\/fr\/wp-json\/wp\/v2\/product_cat?post=200067"},{"taxonomy":"product_tag","embeddable":true,"href":"https:\/\/unstamps.org\/fr\/wp-json\/wp\/v2\/product_tag?post=200067"}],"curies":[{"name":"wp","href":"https:\/\/api.w.org\/{rel}","templated":true}]}}