{"id":199240,"date":"2026-02-03T11:33:52","date_gmt":"2026-02-03T16:33:52","guid":{"rendered":"https:\/\/unstamps.org\/?post_type=product&#038;p=199240"},"modified":"2026-02-03T11:37:50","modified_gmt":"2026-02-03T16:37:50","slug":"collection-doeuvres-dart-des-onu-e-200-feuille-entiere","status":"publish","type":"product","link":"https:\/\/unstamps.org\/fr\/produit\/collection-doeuvres-dart-des-onu-e-200-feuille-entiere\/","title":{"rendered":"Collection D\u2019oeuvres D&#8217;art Des ONU &#8211; \u20ac 2,00 &#8211; Feuille enti\u00e8re"},"content":{"rendered":"<p><strong>Forme allong\u00e9e : Main<\/strong> : Henry Moore <strong>Tapisserie d&#8217;apr\u00e8s \u00ab Femme sur l&#8217;\u00e9chelle \u00bb<\/strong><br \/>\nArtiste : Pablo Picasso (Don de la Fondation Albert et Mary Lasker<\/p>\n<p><strong>Date d\u2019\u00e9mission:<\/strong> 4 f\u00e9vrier 2026<br \/>\n<strong>Dessinateur:<\/strong> Rorie Katz (Nations Unies)<br \/>\n<strong>Taille du timbre :<\/strong> 30 mm x 40 mm<br \/>\n<strong>Taille de la feuille :<\/strong> 170 mm x 100 mm<br \/>\n<strong>Timbres par feuille:<\/strong> 10<br \/>\n<strong>Imprimeur:<\/strong> Joh. Ensched\u00e9 Stamps Security Printers B.V.<br \/>\n(Royaume des Pays-Bas)<br \/>\n<strong>Proc\u00e9d\u00e9:<\/strong> Lithographie offset<\/p>\n","protected":false},"excerpt":{"rendered":"<p>Forme allong\u00e9e : Main : Henry Moore Tapisserie d&#8217;apr\u00e8s \u00ab Femme sur l&#8217;\u00e9chelle \u00bb Artiste : Pablo Picasso (Don de la Fondation Albert et Mary Lasker Date d\u2019\u00e9mission: 4 f\u00e9vrier 2026 Dessinateur: Rorie Katz (Nations Unies) Taille du timbre : 30 mm x 40 mm Taille de la feuille : 170 mm x 100 mm [&hellip;]<\/p>\n","protected":false},"featured_media":199411,"comment_status":"closed","ping_status":"closed","template":"","meta":{"ngg_post_thumbnail":0},"product_brand":[],"product_cat":[2961,222,156],"product_tag":[],"class_list":{"0":"post-199240","1":"product","2":"type-product","3":"status-publish","4":"has-post-thumbnail","6":"product_cat-2026-fr","7":"product_cat-feuille-entiere","8":"product_cat-vienne","9":"pa_condition-cancelled-fr","10":"pa_condition-mint-fr","12":"first","13":"instock","14":"shipping-taxable","15":"purchasable","16":"product-type-variable","17":"has-default-attributes"},"yoast_head":"<!-- This site is optimized with the Yoast SEO plugin v27.3 - https:\/\/yoast.com\/product\/yoast-seo-wordpress\/ -->\n<title>Collection D\u2019oeuvres D&#039;art Des ONU - \u20ac 2,00 - Feuille enti\u00e8re - UN Timbres<\/title>\n<meta name=\"robots\" content=\"index, follow, max-snippet:-1, max-image-preview:large, max-video-preview:-1\" \/>\n<link rel=\"canonical\" href=\"https:\/\/unstamps.org\/fr\/produit\/collection-doeuvres-dart-des-onu-e-200-feuille-entiere\/\" \/>\n<meta property=\"og:locale\" content=\"fr_FR\" \/>\n<meta property=\"og:type\" content=\"article\" \/>\n<meta property=\"og:title\" content=\"Collection D\u2019oeuvres D&#039;art Des ONU - \u20ac 2,00 - Feuille enti\u00e8re - UN Timbres\" \/>\n<meta property=\"og:description\" content=\"Forme allong\u00e9e : Main : Henry Moore Tapisserie d&#8217;apr\u00e8s \u00ab Femme sur l&#8217;\u00e9chelle \u00bb Artiste : Pablo Picasso (Don de la Fondation Albert et Mary Lasker Date d\u2019\u00e9mission: 4 f\u00e9vrier 2026 Dessinateur: Rorie Katz (Nations Unies) Taille du timbre : 30 mm x 40 mm Taille de la feuille : 170 mm x 100 mm [&hellip;]\" \/>\n<meta property=\"og:url\" content=\"https:\/\/unstamps.org\/fr\/produit\/collection-doeuvres-dart-des-onu-e-200-feuille-entiere\/\" \/>\n<meta property=\"og:site_name\" content=\"UN Timbres\" \/>\n<meta property=\"article:modified_time\" content=\"2026-02-03T16:37:50+00:00\" \/>\n<meta property=\"og:image\" content=\"https:\/\/unstamps.org\/wp-content\/uploads\/2026\/01\/2026-Art-FS-VI2.jpg\" \/>\n\t<meta property=\"og:image:width\" content=\"1024\" \/>\n\t<meta property=\"og:image:height\" content=\"1024\" \/>\n\t<meta property=\"og:image:type\" content=\"image\/jpeg\" \/>\n<meta name=\"twitter:card\" content=\"summary_large_image\" \/>\n<script type=\"application\/ld+json\" class=\"yoast-schema-graph\">{\"@context\":\"https:\\\/\\\/schema.org\",\"@graph\":[{\"@type\":\"WebPage\",\"@id\":\"https:\\\/\\\/unstamps.org\\\/fr\\\/produit\\\/collection-doeuvres-dart-des-onu-e-200-feuille-entiere\\\/\",\"url\":\"https:\\\/\\\/unstamps.org\\\/fr\\\/produit\\\/collection-doeuvres-dart-des-onu-e-200-feuille-entiere\\\/\",\"name\":\"Collection D\u2019oeuvres D'art Des ONU - \u20ac 2,00 - Feuille enti\u00e8re - UN Timbres\",\"isPartOf\":{\"@id\":\"https:\\\/\\\/unstamps.org\\\/fr\\\/#website\"},\"primaryImageOfPage\":{\"@id\":\"https:\\\/\\\/unstamps.org\\\/fr\\\/produit\\\/collection-doeuvres-dart-des-onu-e-200-feuille-entiere\\\/#primaryimage\"},\"image\":{\"@id\":\"https:\\\/\\\/unstamps.org\\\/fr\\\/produit\\\/collection-doeuvres-dart-des-onu-e-200-feuille-entiere\\\/#primaryimage\"},\"thumbnailUrl\":\"https:\\\/\\\/unstamps.org\\\/wp-content\\\/uploads\\\/2026\\\/01\\\/2026-Art-FS-VI2.jpg\",\"datePublished\":\"2026-02-03T16:33:52+00:00\",\"dateModified\":\"2026-02-03T16:37:50+00:00\",\"breadcrumb\":{\"@id\":\"https:\\\/\\\/unstamps.org\\\/fr\\\/produit\\\/collection-doeuvres-dart-des-onu-e-200-feuille-entiere\\\/#breadcrumb\"},\"inLanguage\":\"fr-FR\",\"potentialAction\":[{\"@type\":\"ReadAction\",\"target\":[\"https:\\\/\\\/unstamps.org\\\/fr\\\/produit\\\/collection-doeuvres-dart-des-onu-e-200-feuille-entiere\\\/\"]}]},{\"@type\":\"ImageObject\",\"inLanguage\":\"fr-FR\",\"@id\":\"https:\\\/\\\/unstamps.org\\\/fr\\\/produit\\\/collection-doeuvres-dart-des-onu-e-200-feuille-entiere\\\/#primaryimage\",\"url\":\"https:\\\/\\\/unstamps.org\\\/wp-content\\\/uploads\\\/2026\\\/01\\\/2026-Art-FS-VI2.jpg\",\"contentUrl\":\"https:\\\/\\\/unstamps.org\\\/wp-content\\\/uploads\\\/2026\\\/01\\\/2026-Art-FS-VI2.jpg\",\"width\":1024,\"height\":1024},{\"@type\":\"BreadcrumbList\",\"@id\":\"https:\\\/\\\/unstamps.org\\\/fr\\\/produit\\\/collection-doeuvres-dart-des-onu-e-200-feuille-entiere\\\/#breadcrumb\",\"itemListElement\":[{\"@type\":\"ListItem\",\"position\":1,\"name\":\"Home\",\"item\":\"https:\\\/\\\/unstamps.org\\\/fr\\\/\"},{\"@type\":\"ListItem\",\"position\":2,\"name\":\"Les produits\",\"item\":\"https:\\\/\\\/unstamps.org\\\/fr\\\/les-produits\\\/\"},{\"@type\":\"ListItem\",\"position\":3,\"name\":\"Collection D\u2019oeuvres D&#8217;art Des ONU &#8211; \u20ac 2,00 &#8211; Feuille enti\u00e8re\"}]},{\"@type\":\"WebSite\",\"@id\":\"https:\\\/\\\/unstamps.org\\\/fr\\\/#website\",\"url\":\"https:\\\/\\\/unstamps.org\\\/fr\\\/\",\"name\":\"UN Stamps\",\"description\":\"United Nations Stamps\",\"publisher\":{\"@id\":\"https:\\\/\\\/unstamps.org\\\/fr\\\/#organization\"},\"potentialAction\":[{\"@type\":\"SearchAction\",\"target\":{\"@type\":\"EntryPoint\",\"urlTemplate\":\"https:\\\/\\\/unstamps.org\\\/fr\\\/?s={search_term_string}\"},\"query-input\":{\"@type\":\"PropertyValueSpecification\",\"valueRequired\":true,\"valueName\":\"search_term_string\"}}],\"inLanguage\":\"fr-FR\"},{\"@type\":\"Organization\",\"@id\":\"https:\\\/\\\/unstamps.org\\\/fr\\\/#organization\",\"name\":\"UN Stamps\",\"url\":\"https:\\\/\\\/unstamps.org\\\/fr\\\/\",\"logo\":{\"@type\":\"ImageObject\",\"inLanguage\":\"fr-FR\",\"@id\":\"https:\\\/\\\/unstamps.org\\\/fr\\\/#\\\/schema\\\/logo\\\/image\\\/\",\"url\":\"https:\\\/\\\/unstamps.org\\\/wp-content\\\/uploads\\\/2014\\\/01\\\/logo4web.jpg\",\"contentUrl\":\"https:\\\/\\\/unstamps.org\\\/wp-content\\\/uploads\\\/2014\\\/01\\\/logo4web.jpg\",\"width\":2500,\"height\":250,\"caption\":\"UN Stamps\"},\"image\":{\"@id\":\"https:\\\/\\\/unstamps.org\\\/fr\\\/#\\\/schema\\\/logo\\\/image\\\/\"}}]}<\/script>\n<!-- \/ Yoast SEO plugin. -->","yoast_head_json":{"title":"Collection D\u2019oeuvres D'art Des ONU - \u20ac 2,00 - Feuille enti\u00e8re - UN Timbres","robots":{"index":"index","follow":"follow","max-snippet":"max-snippet:-1","max-image-preview":"max-image-preview:large","max-video-preview":"max-video-preview:-1"},"canonical":"https:\/\/unstamps.org\/fr\/produit\/collection-doeuvres-dart-des-onu-e-200-feuille-entiere\/","og_locale":"fr_FR","og_type":"article","og_title":"Collection D\u2019oeuvres D'art Des ONU - \u20ac 2,00 - Feuille enti\u00e8re - UN Timbres","og_description":"Forme allong\u00e9e : Main : Henry Moore Tapisserie d&#8217;apr\u00e8s \u00ab Femme sur l&#8217;\u00e9chelle \u00bb Artiste : Pablo Picasso (Don de la Fondation Albert et Mary Lasker Date d\u2019\u00e9mission: 4 f\u00e9vrier 2026 Dessinateur: Rorie Katz (Nations Unies) Taille du timbre : 30 mm x 40 mm Taille de la feuille : 170 mm x 100 mm [&hellip;]","og_url":"https:\/\/unstamps.org\/fr\/produit\/collection-doeuvres-dart-des-onu-e-200-feuille-entiere\/","og_site_name":"UN Timbres","article_modified_time":"2026-02-03T16:37:50+00:00","og_image":[{"width":1024,"height":1024,"url":"https:\/\/unstamps.org\/wp-content\/uploads\/2026\/01\/2026-Art-FS-VI2.jpg","type":"image\/jpeg"}],"twitter_card":"summary_large_image","schema":{"@context":"https:\/\/schema.org","@graph":[{"@type":"WebPage","@id":"https:\/\/unstamps.org\/fr\/produit\/collection-doeuvres-dart-des-onu-e-200-feuille-entiere\/","url":"https:\/\/unstamps.org\/fr\/produit\/collection-doeuvres-dart-des-onu-e-200-feuille-entiere\/","name":"Collection D\u2019oeuvres D'art Des ONU - \u20ac 2,00 - Feuille enti\u00e8re - UN Timbres","isPartOf":{"@id":"https:\/\/unstamps.org\/fr\/#website"},"primaryImageOfPage":{"@id":"https:\/\/unstamps.org\/fr\/produit\/collection-doeuvres-dart-des-onu-e-200-feuille-entiere\/#primaryimage"},"image":{"@id":"https:\/\/unstamps.org\/fr\/produit\/collection-doeuvres-dart-des-onu-e-200-feuille-entiere\/#primaryimage"},"thumbnailUrl":"https:\/\/unstamps.org\/wp-content\/uploads\/2026\/01\/2026-Art-FS-VI2.jpg","datePublished":"2026-02-03T16:33:52+00:00","dateModified":"2026-02-03T16:37:50+00:00","breadcrumb":{"@id":"https:\/\/unstamps.org\/fr\/produit\/collection-doeuvres-dart-des-onu-e-200-feuille-entiere\/#breadcrumb"},"inLanguage":"fr-FR","potentialAction":[{"@type":"ReadAction","target":["https:\/\/unstamps.org\/fr\/produit\/collection-doeuvres-dart-des-onu-e-200-feuille-entiere\/"]}]},{"@type":"ImageObject","inLanguage":"fr-FR","@id":"https:\/\/unstamps.org\/fr\/produit\/collection-doeuvres-dart-des-onu-e-200-feuille-entiere\/#primaryimage","url":"https:\/\/unstamps.org\/wp-content\/uploads\/2026\/01\/2026-Art-FS-VI2.jpg","contentUrl":"https:\/\/unstamps.org\/wp-content\/uploads\/2026\/01\/2026-Art-FS-VI2.jpg","width":1024,"height":1024},{"@type":"BreadcrumbList","@id":"https:\/\/unstamps.org\/fr\/produit\/collection-doeuvres-dart-des-onu-e-200-feuille-entiere\/#breadcrumb","itemListElement":[{"@type":"ListItem","position":1,"name":"Home","item":"https:\/\/unstamps.org\/fr\/"},{"@type":"ListItem","position":2,"name":"Les produits","item":"https:\/\/unstamps.org\/fr\/les-produits\/"},{"@type":"ListItem","position":3,"name":"Collection D\u2019oeuvres D&#8217;art Des ONU &#8211; \u20ac 2,00 &#8211; Feuille enti\u00e8re"}]},{"@type":"WebSite","@id":"https:\/\/unstamps.org\/fr\/#website","url":"https:\/\/unstamps.org\/fr\/","name":"UN Stamps","description":"United Nations Stamps","publisher":{"@id":"https:\/\/unstamps.org\/fr\/#organization"},"potentialAction":[{"@type":"SearchAction","target":{"@type":"EntryPoint","urlTemplate":"https:\/\/unstamps.org\/fr\/?s={search_term_string}"},"query-input":{"@type":"PropertyValueSpecification","valueRequired":true,"valueName":"search_term_string"}}],"inLanguage":"fr-FR"},{"@type":"Organization","@id":"https:\/\/unstamps.org\/fr\/#organization","name":"UN Stamps","url":"https:\/\/unstamps.org\/fr\/","logo":{"@type":"ImageObject","inLanguage":"fr-FR","@id":"https:\/\/unstamps.org\/fr\/#\/schema\/logo\/image\/","url":"https:\/\/unstamps.org\/wp-content\/uploads\/2014\/01\/logo4web.jpg","contentUrl":"https:\/\/unstamps.org\/wp-content\/uploads\/2014\/01\/logo4web.jpg","width":2500,"height":250,"caption":"UN Stamps"},"image":{"@id":"https:\/\/unstamps.org\/fr\/#\/schema\/logo\/image\/"}}]}},"jetpack_sharing_enabled":true,"publishpress_future_action":{"enabled":false,"date":"2026-04-14 07:59:20","action":"change-status","newStatus":"private","terms":[],"taxonomy":"product_cat","extraData":[]},"publishpress_future_workflow_manual_trigger":{"enabledWorkflows":[]},"_links":{"self":[{"href":"https:\/\/unstamps.org\/fr\/wp-json\/wp\/v2\/product\/199240","targetHints":{"allow":["GET"]}}],"collection":[{"href":"https:\/\/unstamps.org\/fr\/wp-json\/wp\/v2\/product"}],"about":[{"href":"https:\/\/unstamps.org\/fr\/wp-json\/wp\/v2\/types\/product"}],"replies":[{"embeddable":true,"href":"https:\/\/unstamps.org\/fr\/wp-json\/wp\/v2\/comments?post=199240"}],"wp:featuredmedia":[{"embeddable":true,"href":"https:\/\/unstamps.org\/fr\/wp-json\/wp\/v2\/media\/199411"}],"wp:attachment":[{"href":"https:\/\/unstamps.org\/fr\/wp-json\/wp\/v2\/media?parent=199240"}],"wp:term":[{"taxonomy":"product_brand","embeddable":true,"href":"https:\/\/unstamps.org\/fr\/wp-json\/wp\/v2\/product_brand?post=199240"},{"taxonomy":"product_cat","embeddable":true,"href":"https:\/\/unstamps.org\/fr\/wp-json\/wp\/v2\/product_cat?post=199240"},{"taxonomy":"product_tag","embeddable":true,"href":"https:\/\/unstamps.org\/fr\/wp-json\/wp\/v2\/product_tag?post=199240"}],"curies":[{"name":"wp","href":"https:\/\/api.w.org\/{rel}","templated":true}]}}