{"id":198993,"date":"2026-02-03T12:12:06","date_gmt":"2026-02-03T17:12:06","guid":{"rendered":"https:\/\/unstamps.org\/?post_type=product&#038;p=198993"},"modified":"2026-02-03T14:52:38","modified_gmt":"2026-02-03T19:52:38","slug":"collection-doeuvres-dart-des-nations-unies","status":"publish","type":"product","link":"https:\/\/unstamps.org\/fr\/produit\/collection-doeuvres-dart-des-nations-unies\/","title":{"rendered":"Collection D\u2019oeuvres D&#8217;Art des Nations Unies"},"content":{"rendered":"<p>La collection de Dons des Nations Unies est un ensemble d&#8217;\u0153uvres d&#8217;art, d&#8217;objets historiques et d&#8217;\u00e9l\u00e9ments architecturaux officiellement offerts \u00e0 l&#8217;Organisation des Nations Unies par des \u00c9tats Membres, des fondations et des donateurs individuels depuis 1950.<\/p>\n<p>Cette collection refl\u00e8te la diversit\u00e9 des cultures et des p\u00e9riodes historiques. Les \u0153uvres d&#8217;art sont esth\u00e9tiquement impressionnantes et symboliquement appropri\u00e9es, elles pr\u00e9sentent une grande valeur artistique et sont originaires des \u00c9tats Membres qui les ont offertes, tout en restant en rapport avec les activit\u00e9s de l&#8217;Organisation des Nations Unies.<\/p>\n<p>Le site web des dons aux Nations Unies vise \u00e0 pr\u00e9server et \u00e0 promouvoir l&#8217;h\u00e9ritage artistique et culturel qui a \u00e9t\u00e9 confi\u00e9 par les \u00c9tats membres au Secr\u00e9tariat, au si\u00e8ge des Nations Unies \u00e0 New York. Pour plus d&#8217;informations, veuillez consulter le site <a href=\"https:\/\/www.un.org\/ungifts\/fr\" target=\"_blank\" rel=\"noopener\">https:\/\/www.un.org\/ungifts\/fr<\/a> pour d\u00e9couvrir les dons actuellement expos\u00e9s au si\u00e8ge des Nations Unies.<\/p>\n<p><strong>Date d\u2019\u00e9mission:<\/strong> 4 f\u00e9vrier 2026<br \/>\n<strong>Dessinateur:<\/strong> Rorie Katz (Nations Unies)<br \/>\n<strong>Valeurs:<\/strong> US$ 0.78, US$ 1.70, CHF 1,00, CHF 1,90, \u20ac 1,25, \u20ac 2,00<br \/>\n<strong>Taille du timbre :<\/strong> 30 mm x 40 mm<br \/>\n<strong>Taille de la feuille :<\/strong> 170 mm x 100 mm<br \/>\n<strong>Timbres par feuille:<\/strong> 10<br \/>\n<strong>Imprimeur:<\/strong> Joh. Ensched\u00e9 Stamps Security Printers B.V.<br \/>\n(Royaume des Pays-Bas)<br \/>\n<strong>Proc\u00e9d\u00e9:<\/strong> Lithographie offset<br \/>\n<strong>Les dessins:<\/strong><br \/>\n&#8211; US$ 0.78 &#8211; <strong>O Pensador (Le Penseur)<\/strong> Artiste : Mpambukidi (Cadeau de l&#8217;Angola) \/ <strong>Bambara<\/strong> (cadeau du Mali)<br \/>\n&#8211; US$ 1.70 &#8211; <strong>Structures Artiste<\/strong> : Napoleon V. Abueva (cadeau des Philippines) \/ <strong>Zun de Paix<\/strong> (cadeau de la Chine)<br \/>\n&#8211; CHF 1,00 &#8211; <strong>Fille \u00e0 la lyre<\/strong> Artiste : Ivan Mestrovic (Cadeau de la Croatie) \/ <strong>\u00c9pop\u00e9e de la mer de Lituanie et de la femme et la nation<\/strong><br \/>\nArtiste: Stanislovas Kuzma (Cadeau de la Lituanie)<br \/>\n&#8211; CHF 1,90 &#8211; <strong>Mosa\u00efque des Quatre Saisons<\/strong> (Cadeau de la Tunisie) \/ <strong>L&#8217;humanit\u00e9 et l&#8217;espoir Artiste<\/strong> : Henrik Starcke (cadeau du Danemark)<br \/>\n&#8211; \u20ac 1,25 &#8211; <strong>Guerre<\/strong> Artiste : Candido Portinari (Cadeau du Br\u00e9sil) \/ <strong>Paix<\/strong> Artiste : Candido Portinari (Don du Br\u00e9sil)<br \/>\n&#8211; \u20ac 2,00 &#8211; <strong>Forme allong\u00e9e : Main<\/strong> : Henry Moore (Don de la Fondation Henry Moore) \/ <strong>Tapisserie d&#8217;apr\u00e8s \u00ab Femme sur l&#8217;\u00e9chelle \u00bb<\/strong> Artiste : Pablo Picasso (Don de la Fondation Albert et Mary Lasker<\/p>\n<p><strong>Tirages:<\/strong><\/p>\n<p>&#8211; US$ 0.78 9.000 feuilles (90.000 timbres)<br \/>\n&#8211; US$ 1.70 11.000 feuilles (110.000 timbres)<br \/>\n&#8211; CHF 1,00 9.000 feuilles (90.000 timbres)<br \/>\n&#8211; CHF 1,90 9.000 feuilles (90.000 timbres)<br \/>\n&#8211; \u20ac 1,25 9.000 feuilles (90.000 timbres)<br \/>\n&#8211; \u20ac 2,00 9.000 feuilles (90.000 timbres)<\/p>\n","protected":false},"excerpt":{"rendered":"<p>La collection de Dons des Nations Unies est un ensemble d&#8217;\u0153uvres d&#8217;art, d&#8217;objets historiques et d&#8217;\u00e9l\u00e9ments architecturaux officiellement offerts \u00e0 l&#8217;Organisation des Nations Unies par des \u00c9tats Membres, des fondations et des donateurs individuels depuis 1950. Cette collection refl\u00e8te la diversit\u00e9 des cultures et des p\u00e9riodes historiques. Les \u0153uvres d&#8217;art sont esth\u00e9tiquement impressionnantes et symboliquement [&hellip;]<\/p>\n","protected":false},"featured_media":199322,"comment_status":"closed","ping_status":"closed","template":"","meta":{"ngg_post_thumbnail":0},"product_brand":[],"product_cat":[2961,142],"product_tag":[],"class_list":{"0":"post-198993","1":"product","2":"type-product","3":"status-publish","4":"has-post-thumbnail","6":"product_cat-2026-fr","7":"product_cat-timbres-commemoratifs","9":"first","10":"instock","11":"shipping-taxable","12":"product-type-grouped"},"yoast_head":"<!-- This site is optimized with the Yoast SEO plugin v27.4 - https:\/\/yoast.com\/product\/yoast-seo-wordpress\/ -->\n<title>Collection D\u2019oeuvres D&#039;Art des Nations Unies - UN Timbres<\/title>\n<meta name=\"robots\" content=\"index, follow, max-snippet:-1, max-image-preview:large, max-video-preview:-1\" \/>\n<link rel=\"canonical\" href=\"https:\/\/unstamps.org\/fr\/produit\/collection-doeuvres-dart-des-nations-unies\/\" \/>\n<meta property=\"og:locale\" content=\"fr_FR\" \/>\n<meta property=\"og:type\" content=\"article\" \/>\n<meta property=\"og:title\" content=\"Collection D\u2019oeuvres D&#039;Art des Nations Unies - UN Timbres\" \/>\n<meta property=\"og:description\" content=\"La collection de Dons des Nations Unies est un ensemble d&#8217;\u0153uvres d&#8217;art, d&#8217;objets historiques et d&#8217;\u00e9l\u00e9ments architecturaux officiellement offerts \u00e0 l&#8217;Organisation des Nations Unies par des \u00c9tats Membres, des fondations et des donateurs individuels depuis 1950. Cette collection refl\u00e8te la diversit\u00e9 des cultures et des p\u00e9riodes historiques. Les \u0153uvres d&#8217;art sont esth\u00e9tiquement impressionnantes et symboliquement [&hellip;]\" \/>\n<meta property=\"og:url\" content=\"https:\/\/unstamps.org\/fr\/produit\/collection-doeuvres-dart-des-nations-unies\/\" \/>\n<meta property=\"og:site_name\" content=\"UN Timbres\" \/>\n<meta property=\"article:modified_time\" content=\"2026-02-03T19:52:38+00:00\" \/>\n<meta property=\"og:image\" content=\"https:\/\/unstamps.org\/wp-content\/uploads\/2026\/01\/2026-Art-FS-GROUP.jpg\" \/>\n\t<meta property=\"og:image:width\" content=\"1024\" \/>\n\t<meta property=\"og:image:height\" content=\"1024\" \/>\n\t<meta property=\"og:image:type\" content=\"image\/jpeg\" \/>\n<meta name=\"twitter:card\" content=\"summary_large_image\" \/>\n<meta name=\"twitter:label1\" content=\"Dur\u00e9e de lecture estim\u00e9e\" \/>\n\t<meta name=\"twitter:data1\" content=\"2 minutes\" \/>\n<script type=\"application\/ld+json\" class=\"yoast-schema-graph\">{\"@context\":\"https:\\\/\\\/schema.org\",\"@graph\":[{\"@type\":\"WebPage\",\"@id\":\"https:\\\/\\\/unstamps.org\\\/fr\\\/produit\\\/collection-doeuvres-dart-des-nations-unies\\\/\",\"url\":\"https:\\\/\\\/unstamps.org\\\/fr\\\/produit\\\/collection-doeuvres-dart-des-nations-unies\\\/\",\"name\":\"Collection D\u2019oeuvres D'Art des Nations Unies - UN Timbres\",\"isPartOf\":{\"@id\":\"https:\\\/\\\/unstamps.org\\\/fr\\\/#website\"},\"primaryImageOfPage\":{\"@id\":\"https:\\\/\\\/unstamps.org\\\/fr\\\/produit\\\/collection-doeuvres-dart-des-nations-unies\\\/#primaryimage\"},\"image\":{\"@id\":\"https:\\\/\\\/unstamps.org\\\/fr\\\/produit\\\/collection-doeuvres-dart-des-nations-unies\\\/#primaryimage\"},\"thumbnailUrl\":\"https:\\\/\\\/unstamps.org\\\/wp-content\\\/uploads\\\/2026\\\/01\\\/2026-Art-FS-GROUP.jpg\",\"datePublished\":\"2026-02-03T17:12:06+00:00\",\"dateModified\":\"2026-02-03T19:52:38+00:00\",\"breadcrumb\":{\"@id\":\"https:\\\/\\\/unstamps.org\\\/fr\\\/produit\\\/collection-doeuvres-dart-des-nations-unies\\\/#breadcrumb\"},\"inLanguage\":\"fr-FR\",\"potentialAction\":[{\"@type\":\"ReadAction\",\"target\":[\"https:\\\/\\\/unstamps.org\\\/fr\\\/produit\\\/collection-doeuvres-dart-des-nations-unies\\\/\"]}]},{\"@type\":\"ImageObject\",\"inLanguage\":\"fr-FR\",\"@id\":\"https:\\\/\\\/unstamps.org\\\/fr\\\/produit\\\/collection-doeuvres-dart-des-nations-unies\\\/#primaryimage\",\"url\":\"https:\\\/\\\/unstamps.org\\\/wp-content\\\/uploads\\\/2026\\\/01\\\/2026-Art-FS-GROUP.jpg\",\"contentUrl\":\"https:\\\/\\\/unstamps.org\\\/wp-content\\\/uploads\\\/2026\\\/01\\\/2026-Art-FS-GROUP.jpg\",\"width\":1024,\"height\":1024},{\"@type\":\"BreadcrumbList\",\"@id\":\"https:\\\/\\\/unstamps.org\\\/fr\\\/produit\\\/collection-doeuvres-dart-des-nations-unies\\\/#breadcrumb\",\"itemListElement\":[{\"@type\":\"ListItem\",\"position\":1,\"name\":\"Home\",\"item\":\"https:\\\/\\\/unstamps.org\\\/fr\\\/\"},{\"@type\":\"ListItem\",\"position\":2,\"name\":\"Les produits\",\"item\":\"https:\\\/\\\/unstamps.org\\\/fr\\\/les-produits\\\/\"},{\"@type\":\"ListItem\",\"position\":3,\"name\":\"Collection D\u2019oeuvres D&#8217;Art des Nations Unies\"}]},{\"@type\":\"WebSite\",\"@id\":\"https:\\\/\\\/unstamps.org\\\/fr\\\/#website\",\"url\":\"https:\\\/\\\/unstamps.org\\\/fr\\\/\",\"name\":\"UN Stamps\",\"description\":\"United Nations Stamps\",\"publisher\":{\"@id\":\"https:\\\/\\\/unstamps.org\\\/fr\\\/#organization\"},\"potentialAction\":[{\"@type\":\"SearchAction\",\"target\":{\"@type\":\"EntryPoint\",\"urlTemplate\":\"https:\\\/\\\/unstamps.org\\\/fr\\\/?s={search_term_string}\"},\"query-input\":{\"@type\":\"PropertyValueSpecification\",\"valueRequired\":true,\"valueName\":\"search_term_string\"}}],\"inLanguage\":\"fr-FR\"},{\"@type\":\"Organization\",\"@id\":\"https:\\\/\\\/unstamps.org\\\/fr\\\/#organization\",\"name\":\"UN Stamps\",\"url\":\"https:\\\/\\\/unstamps.org\\\/fr\\\/\",\"logo\":{\"@type\":\"ImageObject\",\"inLanguage\":\"fr-FR\",\"@id\":\"https:\\\/\\\/unstamps.org\\\/fr\\\/#\\\/schema\\\/logo\\\/image\\\/\",\"url\":\"https:\\\/\\\/unstamps.org\\\/wp-content\\\/uploads\\\/2014\\\/01\\\/logo4web.jpg\",\"contentUrl\":\"https:\\\/\\\/unstamps.org\\\/wp-content\\\/uploads\\\/2014\\\/01\\\/logo4web.jpg\",\"width\":2500,\"height\":250,\"caption\":\"UN Stamps\"},\"image\":{\"@id\":\"https:\\\/\\\/unstamps.org\\\/fr\\\/#\\\/schema\\\/logo\\\/image\\\/\"}}]}<\/script>\n<!-- \/ Yoast SEO plugin. -->","yoast_head_json":{"title":"Collection D\u2019oeuvres D'Art des Nations Unies - UN Timbres","robots":{"index":"index","follow":"follow","max-snippet":"max-snippet:-1","max-image-preview":"max-image-preview:large","max-video-preview":"max-video-preview:-1"},"canonical":"https:\/\/unstamps.org\/fr\/produit\/collection-doeuvres-dart-des-nations-unies\/","og_locale":"fr_FR","og_type":"article","og_title":"Collection D\u2019oeuvres D'Art des Nations Unies - UN Timbres","og_description":"La collection de Dons des Nations Unies est un ensemble d&#8217;\u0153uvres d&#8217;art, d&#8217;objets historiques et d&#8217;\u00e9l\u00e9ments architecturaux officiellement offerts \u00e0 l&#8217;Organisation des Nations Unies par des \u00c9tats Membres, des fondations et des donateurs individuels depuis 1950. Cette collection refl\u00e8te la diversit\u00e9 des cultures et des p\u00e9riodes historiques. Les \u0153uvres d&#8217;art sont esth\u00e9tiquement impressionnantes et symboliquement [&hellip;]","og_url":"https:\/\/unstamps.org\/fr\/produit\/collection-doeuvres-dart-des-nations-unies\/","og_site_name":"UN Timbres","article_modified_time":"2026-02-03T19:52:38+00:00","og_image":[{"width":1024,"height":1024,"url":"https:\/\/unstamps.org\/wp-content\/uploads\/2026\/01\/2026-Art-FS-GROUP.jpg","type":"image\/jpeg"}],"twitter_card":"summary_large_image","twitter_misc":{"Dur\u00e9e de lecture estim\u00e9e":"2 minutes"},"schema":{"@context":"https:\/\/schema.org","@graph":[{"@type":"WebPage","@id":"https:\/\/unstamps.org\/fr\/produit\/collection-doeuvres-dart-des-nations-unies\/","url":"https:\/\/unstamps.org\/fr\/produit\/collection-doeuvres-dart-des-nations-unies\/","name":"Collection D\u2019oeuvres D'Art des Nations Unies - UN Timbres","isPartOf":{"@id":"https:\/\/unstamps.org\/fr\/#website"},"primaryImageOfPage":{"@id":"https:\/\/unstamps.org\/fr\/produit\/collection-doeuvres-dart-des-nations-unies\/#primaryimage"},"image":{"@id":"https:\/\/unstamps.org\/fr\/produit\/collection-doeuvres-dart-des-nations-unies\/#primaryimage"},"thumbnailUrl":"https:\/\/unstamps.org\/wp-content\/uploads\/2026\/01\/2026-Art-FS-GROUP.jpg","datePublished":"2026-02-03T17:12:06+00:00","dateModified":"2026-02-03T19:52:38+00:00","breadcrumb":{"@id":"https:\/\/unstamps.org\/fr\/produit\/collection-doeuvres-dart-des-nations-unies\/#breadcrumb"},"inLanguage":"fr-FR","potentialAction":[{"@type":"ReadAction","target":["https:\/\/unstamps.org\/fr\/produit\/collection-doeuvres-dart-des-nations-unies\/"]}]},{"@type":"ImageObject","inLanguage":"fr-FR","@id":"https:\/\/unstamps.org\/fr\/produit\/collection-doeuvres-dart-des-nations-unies\/#primaryimage","url":"https:\/\/unstamps.org\/wp-content\/uploads\/2026\/01\/2026-Art-FS-GROUP.jpg","contentUrl":"https:\/\/unstamps.org\/wp-content\/uploads\/2026\/01\/2026-Art-FS-GROUP.jpg","width":1024,"height":1024},{"@type":"BreadcrumbList","@id":"https:\/\/unstamps.org\/fr\/produit\/collection-doeuvres-dart-des-nations-unies\/#breadcrumb","itemListElement":[{"@type":"ListItem","position":1,"name":"Home","item":"https:\/\/unstamps.org\/fr\/"},{"@type":"ListItem","position":2,"name":"Les produits","item":"https:\/\/unstamps.org\/fr\/les-produits\/"},{"@type":"ListItem","position":3,"name":"Collection D\u2019oeuvres D&#8217;Art des Nations Unies"}]},{"@type":"WebSite","@id":"https:\/\/unstamps.org\/fr\/#website","url":"https:\/\/unstamps.org\/fr\/","name":"UN Stamps","description":"United Nations Stamps","publisher":{"@id":"https:\/\/unstamps.org\/fr\/#organization"},"potentialAction":[{"@type":"SearchAction","target":{"@type":"EntryPoint","urlTemplate":"https:\/\/unstamps.org\/fr\/?s={search_term_string}"},"query-input":{"@type":"PropertyValueSpecification","valueRequired":true,"valueName":"search_term_string"}}],"inLanguage":"fr-FR"},{"@type":"Organization","@id":"https:\/\/unstamps.org\/fr\/#organization","name":"UN Stamps","url":"https:\/\/unstamps.org\/fr\/","logo":{"@type":"ImageObject","inLanguage":"fr-FR","@id":"https:\/\/unstamps.org\/fr\/#\/schema\/logo\/image\/","url":"https:\/\/unstamps.org\/wp-content\/uploads\/2014\/01\/logo4web.jpg","contentUrl":"https:\/\/unstamps.org\/wp-content\/uploads\/2014\/01\/logo4web.jpg","width":2500,"height":250,"caption":"UN Stamps"},"image":{"@id":"https:\/\/unstamps.org\/fr\/#\/schema\/logo\/image\/"}}]}},"jetpack_sharing_enabled":true,"publishpress_future_action":{"enabled":false,"date":"2026-04-24 14:12:45","action":"change-status","newStatus":"private","terms":[],"taxonomy":"product_cat","extraData":[]},"publishpress_future_workflow_manual_trigger":{"enabledWorkflows":[]},"_links":{"self":[{"href":"https:\/\/unstamps.org\/fr\/wp-json\/wp\/v2\/product\/198993","targetHints":{"allow":["GET"]}}],"collection":[{"href":"https:\/\/unstamps.org\/fr\/wp-json\/wp\/v2\/product"}],"about":[{"href":"https:\/\/unstamps.org\/fr\/wp-json\/wp\/v2\/types\/product"}],"replies":[{"embeddable":true,"href":"https:\/\/unstamps.org\/fr\/wp-json\/wp\/v2\/comments?post=198993"}],"wp:featuredmedia":[{"embeddable":true,"href":"https:\/\/unstamps.org\/fr\/wp-json\/wp\/v2\/media\/199322"}],"wp:attachment":[{"href":"https:\/\/unstamps.org\/fr\/wp-json\/wp\/v2\/media?parent=198993"}],"wp:term":[{"taxonomy":"product_brand","embeddable":true,"href":"https:\/\/unstamps.org\/fr\/wp-json\/wp\/v2\/product_brand?post=198993"},{"taxonomy":"product_cat","embeddable":true,"href":"https:\/\/unstamps.org\/fr\/wp-json\/wp\/v2\/product_cat?post=198993"},{"taxonomy":"product_tag","embeddable":true,"href":"https:\/\/unstamps.org\/fr\/wp-json\/wp\/v2\/product_tag?post=198993"}],"curies":[{"name":"wp","href":"https:\/\/api.w.org\/{rel}","templated":true}]}}