{"id":198784,"date":"2026-01-23T12:11:29","date_gmt":"2026-01-23T17:11:29","guid":{"rendered":"https:\/\/unstamps.org\/?post_type=product&#038;p=198784"},"modified":"2026-01-23T12:09:48","modified_gmt":"2026-01-23T17:09:48","slug":"80e-anniversaire-de-lecosoc-ny-timbre-ordinaire-us-315-feuille-entiere","status":"publish","type":"product","link":"https:\/\/unstamps.org\/fr\/produit\/80e-anniversaire-de-lecosoc-ny-timbre-ordinaire-us-315-feuille-entiere\/","title":{"rendered":"80e anniversaire de l&#8217;ECOSOC &#8211; NY Timbre Ordinaire \u2013 US$ 3,15 &#8211; Feuille enti\u00e8re"},"content":{"rendered":"<p>Le 23 janvier, l&#8217;APNU \u00e9mettra un timbre d\u00e9finitif d&#8217;une valeur de 3,15 dollars pour marquer le 80e anniversaire du Conseil \u00e9conomique et social des Nations Unies (ECOSOC). <\/p>\n<p>Cr\u00e9\u00e9 en 1945 par la Charte des Nations Unies, l&#8217;ECOSOC a tenu sa premi\u00e8re r\u00e9union le 23 janvier 1946. Son mandat \u2013 coordonner les activit\u00e9s \u00e9conomiques, sociales et culturelles des Nations Unies et promouvoir la coop\u00e9ration et le d\u00e9veloppement internationaux \u2013 l&#8217;a plac\u00e9 au c\u0153ur de la promotion des principes de la Charte des Nations Unies. Le multilat\u00e9ralisme, l&#8217;inclusivit\u00e9 et la solidarit\u00e9 mondiale ont \u00e9t\u00e9 au c\u0153ur de la mission de l&#8217;ECOSOC depuis sa cr\u00e9ation.<\/p>\n<p>Depuis huit d\u00e9cennies, l&#8217;ECOSOC offre une plateforme unique o\u00f9 les \u00c9tats membres, le syst\u00e8me des Nations Unies, la soci\u00e9t\u00e9 civile et d&#8217;autres parties prenantes se r\u00e9unissent pour relever les d\u00e9fis les plus urgents du monde. De la reconstruction apr\u00e8s la guerre et la d\u00e9colonisation au changement climatique, en passant par les in\u00e9galit\u00e9s et le Programme de d\u00e9veloppement durable \u00e0 l&#8217;horizon 2030, l&#8217;ECOSOC a contribu\u00e9 \u00e0 orienter les r\u00e9ponses internationales et \u00e0 favoriser l&#8217;action collective en faveur d&#8217;un monde plus juste, plus durable et plus pacifique.<\/p>\n<p>L&#8217;\u0153uvre d&#8217;art figurant sur le timbre a \u00e9t\u00e9 cr\u00e9\u00e9e par l&#8217;artiste de rue br\u00e9silien Eduardo Kobra. En septembre 2022, M. Kobra a peint une grande fresque murale pour les Nations Unies, qui a \u00e9t\u00e9 expos\u00e9e au si\u00e8ge de l&#8217;ONU. Elle repr\u00e9sente un p\u00e8re remettant la Terre \u00e0 sa fille, symbolisant le d\u00e9veloppement durable et la responsabilit\u00e9 interg\u00e9n\u00e9rationnelle envers la plan\u00e8te, en accord avec les objectifs de l&#8217;ONU en mati\u00e8re d&#8217;action climatique et de paix.<\/p>\n<p>Cette installation temporaire c\u00e9l\u00e9brait l&#8217;ind\u00e9pendance du Br\u00e9sil et faisait entrer l&#8217;art urbain \u00e0 l&#8217;ONU, l&#8217;\u0153uvre de Kobra se caract\u00e9risant par des couleurs vives et des th\u00e8mes universels tels que les droits de l&#8217;homme et la protection de l&#8217;environnement.<\/p>\n<p><strong>Date d\u2019\u00e9mission:<\/strong> 23 janvier 2026<br \/>\n<strong>Artiste:<\/strong>Eduardo Kobra (Br\u00e9sil)<br \/>\n<strong>Dessin:<\/strong>Rorie Katz (Nations Unies)<br \/>\n<strong>Valeur:<\/strong> US$ 3,15<br \/>\n<strong>Taille du timbre :<\/strong> 50mm x 27mm<br \/>\n<strong>Taille de la feuille :<\/strong> 116mm x 151mm<br \/>\n<strong>Timbres par feuille:\u00a0<\/strong>10<br \/>\n<strong>Imprimeur:<\/strong> Joh Ensched\u00e9 Stamps BV (Pays-Bas)<br \/>\n<strong>Proc\u00e9d\u00e9:<\/strong> Hexachrome<br \/>\n<strong>Tirage des timbres:\u00a0<\/strong>5.100 feuilles (51.000 timbres)<\/p>\n","protected":false},"excerpt":{"rendered":"<p>Le 23 janvier, l&#8217;APNU \u00e9mettra un timbre d\u00e9finitif d&#8217;une valeur de 3,15 dollars pour marquer le 80e anniversaire du Conseil \u00e9conomique et social des Nations Unies (ECOSOC). Cr\u00e9\u00e9 en 1945 par la Charte des Nations Unies, l&#8217;ECOSOC a tenu sa premi\u00e8re r\u00e9union le 23 janvier 1946. Son mandat \u2013 coordonner les activit\u00e9s \u00e9conomiques, sociales et [&hellip;]<\/p>\n","protected":false},"featured_media":198839,"comment_status":"closed","ping_status":"closed","template":"","meta":{"ngg_post_thumbnail":0},"product_brand":[],"product_cat":[2961,222,140,153],"product_tag":[],"class_list":{"0":"post-198784","1":"product","2":"type-product","3":"status-publish","4":"has-post-thumbnail","6":"product_cat-2026-fr","7":"product_cat-feuille-entiere","8":"product_cat-new-york-issuing-office-fr","9":"product_cat-timbres-ordinaires","10":"pa_condition-cancelled-fr","11":"pa_condition-mint-fr","13":"first","14":"instock","15":"shipping-taxable","16":"purchasable","17":"product-type-variable","18":"has-default-attributes"},"yoast_head":"<!-- This site is optimized with the Yoast SEO plugin v27.4 - https:\/\/yoast.com\/product\/yoast-seo-wordpress\/ -->\n<title>80e anniversaire de l&#039;ECOSOC - NY Timbre Ordinaire \u2013 US$ 3,15 - Feuille enti\u00e8re - UN Timbres<\/title>\n<meta name=\"robots\" content=\"index, follow, max-snippet:-1, max-image-preview:large, max-video-preview:-1\" \/>\n<link rel=\"canonical\" href=\"https:\/\/unstamps.org\/fr\/produit\/80e-anniversaire-de-lecosoc-ny-timbre-ordinaire-us-315-feuille-entiere\/\" \/>\n<meta property=\"og:locale\" content=\"fr_FR\" \/>\n<meta property=\"og:type\" content=\"article\" \/>\n<meta property=\"og:title\" content=\"80e anniversaire de l&#039;ECOSOC - NY Timbre Ordinaire \u2013 US$ 3,15 - Feuille enti\u00e8re - UN Timbres\" \/>\n<meta property=\"og:description\" content=\"Le 23 janvier, l&#8217;APNU \u00e9mettra un timbre d\u00e9finitif d&#8217;une valeur de 3,15 dollars pour marquer le 80e anniversaire du Conseil \u00e9conomique et social des Nations Unies (ECOSOC). Cr\u00e9\u00e9 en 1945 par la Charte des Nations Unies, l&#8217;ECOSOC a tenu sa premi\u00e8re r\u00e9union le 23 janvier 1946. Son mandat \u2013 coordonner les activit\u00e9s \u00e9conomiques, sociales et [&hellip;]\" \/>\n<meta property=\"og:url\" content=\"https:\/\/unstamps.org\/fr\/produit\/80e-anniversaire-de-lecosoc-ny-timbre-ordinaire-us-315-feuille-entiere\/\" \/>\n<meta property=\"og:site_name\" content=\"UN Timbres\" \/>\n<meta property=\"og:image\" content=\"https:\/\/unstamps.org\/wp-content\/uploads\/2026\/01\/2026-ECOSOC-FS.jpg\" \/>\n\t<meta property=\"og:image:width\" content=\"1024\" \/>\n\t<meta property=\"og:image:height\" content=\"1024\" \/>\n\t<meta property=\"og:image:type\" content=\"image\/jpeg\" \/>\n<meta name=\"twitter:card\" content=\"summary_large_image\" \/>\n<meta name=\"twitter:label1\" content=\"Dur\u00e9e de lecture estim\u00e9e\" \/>\n\t<meta name=\"twitter:data1\" content=\"2 minutes\" \/>\n<script type=\"application\/ld+json\" class=\"yoast-schema-graph\">{\"@context\":\"https:\\\/\\\/schema.org\",\"@graph\":[{\"@type\":\"WebPage\",\"@id\":\"https:\\\/\\\/unstamps.org\\\/fr\\\/produit\\\/80e-anniversaire-de-lecosoc-ny-timbre-ordinaire-us-315-feuille-entiere\\\/\",\"url\":\"https:\\\/\\\/unstamps.org\\\/fr\\\/produit\\\/80e-anniversaire-de-lecosoc-ny-timbre-ordinaire-us-315-feuille-entiere\\\/\",\"name\":\"80e anniversaire de l'ECOSOC - NY Timbre Ordinaire \u2013 US$ 3,15 - Feuille enti\u00e8re - UN Timbres\",\"isPartOf\":{\"@id\":\"https:\\\/\\\/unstamps.org\\\/fr\\\/#website\"},\"primaryImageOfPage\":{\"@id\":\"https:\\\/\\\/unstamps.org\\\/fr\\\/produit\\\/80e-anniversaire-de-lecosoc-ny-timbre-ordinaire-us-315-feuille-entiere\\\/#primaryimage\"},\"image\":{\"@id\":\"https:\\\/\\\/unstamps.org\\\/fr\\\/produit\\\/80e-anniversaire-de-lecosoc-ny-timbre-ordinaire-us-315-feuille-entiere\\\/#primaryimage\"},\"thumbnailUrl\":\"https:\\\/\\\/unstamps.org\\\/wp-content\\\/uploads\\\/2026\\\/01\\\/2026-ECOSOC-FS.jpg\",\"datePublished\":\"2026-01-23T17:11:29+00:00\",\"breadcrumb\":{\"@id\":\"https:\\\/\\\/unstamps.org\\\/fr\\\/produit\\\/80e-anniversaire-de-lecosoc-ny-timbre-ordinaire-us-315-feuille-entiere\\\/#breadcrumb\"},\"inLanguage\":\"fr-FR\",\"potentialAction\":[{\"@type\":\"ReadAction\",\"target\":[\"https:\\\/\\\/unstamps.org\\\/fr\\\/produit\\\/80e-anniversaire-de-lecosoc-ny-timbre-ordinaire-us-315-feuille-entiere\\\/\"]}]},{\"@type\":\"ImageObject\",\"inLanguage\":\"fr-FR\",\"@id\":\"https:\\\/\\\/unstamps.org\\\/fr\\\/produit\\\/80e-anniversaire-de-lecosoc-ny-timbre-ordinaire-us-315-feuille-entiere\\\/#primaryimage\",\"url\":\"https:\\\/\\\/unstamps.org\\\/wp-content\\\/uploads\\\/2026\\\/01\\\/2026-ECOSOC-FS.jpg\",\"contentUrl\":\"https:\\\/\\\/unstamps.org\\\/wp-content\\\/uploads\\\/2026\\\/01\\\/2026-ECOSOC-FS.jpg\",\"width\":1024,\"height\":1024},{\"@type\":\"BreadcrumbList\",\"@id\":\"https:\\\/\\\/unstamps.org\\\/fr\\\/produit\\\/80e-anniversaire-de-lecosoc-ny-timbre-ordinaire-us-315-feuille-entiere\\\/#breadcrumb\",\"itemListElement\":[{\"@type\":\"ListItem\",\"position\":1,\"name\":\"Home\",\"item\":\"https:\\\/\\\/unstamps.org\\\/fr\\\/\"},{\"@type\":\"ListItem\",\"position\":2,\"name\":\"Les produits\",\"item\":\"https:\\\/\\\/unstamps.org\\\/fr\\\/les-produits\\\/\"},{\"@type\":\"ListItem\",\"position\":3,\"name\":\"80e anniversaire de l&#8217;ECOSOC &#8211; NY Timbre Ordinaire \u2013 US$ 3,15 &#8211; Feuille enti\u00e8re\"}]},{\"@type\":\"WebSite\",\"@id\":\"https:\\\/\\\/unstamps.org\\\/fr\\\/#website\",\"url\":\"https:\\\/\\\/unstamps.org\\\/fr\\\/\",\"name\":\"UN Stamps\",\"description\":\"United Nations Stamps\",\"publisher\":{\"@id\":\"https:\\\/\\\/unstamps.org\\\/fr\\\/#organization\"},\"potentialAction\":[{\"@type\":\"SearchAction\",\"target\":{\"@type\":\"EntryPoint\",\"urlTemplate\":\"https:\\\/\\\/unstamps.org\\\/fr\\\/?s={search_term_string}\"},\"query-input\":{\"@type\":\"PropertyValueSpecification\",\"valueRequired\":true,\"valueName\":\"search_term_string\"}}],\"inLanguage\":\"fr-FR\"},{\"@type\":\"Organization\",\"@id\":\"https:\\\/\\\/unstamps.org\\\/fr\\\/#organization\",\"name\":\"UN Stamps\",\"url\":\"https:\\\/\\\/unstamps.org\\\/fr\\\/\",\"logo\":{\"@type\":\"ImageObject\",\"inLanguage\":\"fr-FR\",\"@id\":\"https:\\\/\\\/unstamps.org\\\/fr\\\/#\\\/schema\\\/logo\\\/image\\\/\",\"url\":\"https:\\\/\\\/unstamps.org\\\/wp-content\\\/uploads\\\/2014\\\/01\\\/logo4web.jpg\",\"contentUrl\":\"https:\\\/\\\/unstamps.org\\\/wp-content\\\/uploads\\\/2014\\\/01\\\/logo4web.jpg\",\"width\":2500,\"height\":250,\"caption\":\"UN Stamps\"},\"image\":{\"@id\":\"https:\\\/\\\/unstamps.org\\\/fr\\\/#\\\/schema\\\/logo\\\/image\\\/\"}}]}<\/script>\n<!-- \/ Yoast SEO plugin. -->","yoast_head_json":{"title":"80e anniversaire de l'ECOSOC - NY Timbre Ordinaire \u2013 US$ 3,15 - Feuille enti\u00e8re - UN Timbres","robots":{"index":"index","follow":"follow","max-snippet":"max-snippet:-1","max-image-preview":"max-image-preview:large","max-video-preview":"max-video-preview:-1"},"canonical":"https:\/\/unstamps.org\/fr\/produit\/80e-anniversaire-de-lecosoc-ny-timbre-ordinaire-us-315-feuille-entiere\/","og_locale":"fr_FR","og_type":"article","og_title":"80e anniversaire de l'ECOSOC - NY Timbre Ordinaire \u2013 US$ 3,15 - Feuille enti\u00e8re - UN Timbres","og_description":"Le 23 janvier, l&#8217;APNU \u00e9mettra un timbre d\u00e9finitif d&#8217;une valeur de 3,15 dollars pour marquer le 80e anniversaire du Conseil \u00e9conomique et social des Nations Unies (ECOSOC). Cr\u00e9\u00e9 en 1945 par la Charte des Nations Unies, l&#8217;ECOSOC a tenu sa premi\u00e8re r\u00e9union le 23 janvier 1946. Son mandat \u2013 coordonner les activit\u00e9s \u00e9conomiques, sociales et [&hellip;]","og_url":"https:\/\/unstamps.org\/fr\/produit\/80e-anniversaire-de-lecosoc-ny-timbre-ordinaire-us-315-feuille-entiere\/","og_site_name":"UN Timbres","og_image":[{"width":1024,"height":1024,"url":"https:\/\/unstamps.org\/wp-content\/uploads\/2026\/01\/2026-ECOSOC-FS.jpg","type":"image\/jpeg"}],"twitter_card":"summary_large_image","twitter_misc":{"Dur\u00e9e de lecture estim\u00e9e":"2 minutes"},"schema":{"@context":"https:\/\/schema.org","@graph":[{"@type":"WebPage","@id":"https:\/\/unstamps.org\/fr\/produit\/80e-anniversaire-de-lecosoc-ny-timbre-ordinaire-us-315-feuille-entiere\/","url":"https:\/\/unstamps.org\/fr\/produit\/80e-anniversaire-de-lecosoc-ny-timbre-ordinaire-us-315-feuille-entiere\/","name":"80e anniversaire de l'ECOSOC - NY Timbre Ordinaire \u2013 US$ 3,15 - Feuille enti\u00e8re - UN Timbres","isPartOf":{"@id":"https:\/\/unstamps.org\/fr\/#website"},"primaryImageOfPage":{"@id":"https:\/\/unstamps.org\/fr\/produit\/80e-anniversaire-de-lecosoc-ny-timbre-ordinaire-us-315-feuille-entiere\/#primaryimage"},"image":{"@id":"https:\/\/unstamps.org\/fr\/produit\/80e-anniversaire-de-lecosoc-ny-timbre-ordinaire-us-315-feuille-entiere\/#primaryimage"},"thumbnailUrl":"https:\/\/unstamps.org\/wp-content\/uploads\/2026\/01\/2026-ECOSOC-FS.jpg","datePublished":"2026-01-23T17:11:29+00:00","breadcrumb":{"@id":"https:\/\/unstamps.org\/fr\/produit\/80e-anniversaire-de-lecosoc-ny-timbre-ordinaire-us-315-feuille-entiere\/#breadcrumb"},"inLanguage":"fr-FR","potentialAction":[{"@type":"ReadAction","target":["https:\/\/unstamps.org\/fr\/produit\/80e-anniversaire-de-lecosoc-ny-timbre-ordinaire-us-315-feuille-entiere\/"]}]},{"@type":"ImageObject","inLanguage":"fr-FR","@id":"https:\/\/unstamps.org\/fr\/produit\/80e-anniversaire-de-lecosoc-ny-timbre-ordinaire-us-315-feuille-entiere\/#primaryimage","url":"https:\/\/unstamps.org\/wp-content\/uploads\/2026\/01\/2026-ECOSOC-FS.jpg","contentUrl":"https:\/\/unstamps.org\/wp-content\/uploads\/2026\/01\/2026-ECOSOC-FS.jpg","width":1024,"height":1024},{"@type":"BreadcrumbList","@id":"https:\/\/unstamps.org\/fr\/produit\/80e-anniversaire-de-lecosoc-ny-timbre-ordinaire-us-315-feuille-entiere\/#breadcrumb","itemListElement":[{"@type":"ListItem","position":1,"name":"Home","item":"https:\/\/unstamps.org\/fr\/"},{"@type":"ListItem","position":2,"name":"Les produits","item":"https:\/\/unstamps.org\/fr\/les-produits\/"},{"@type":"ListItem","position":3,"name":"80e anniversaire de l&#8217;ECOSOC &#8211; NY Timbre Ordinaire \u2013 US$ 3,15 &#8211; Feuille enti\u00e8re"}]},{"@type":"WebSite","@id":"https:\/\/unstamps.org\/fr\/#website","url":"https:\/\/unstamps.org\/fr\/","name":"UN Stamps","description":"United Nations Stamps","publisher":{"@id":"https:\/\/unstamps.org\/fr\/#organization"},"potentialAction":[{"@type":"SearchAction","target":{"@type":"EntryPoint","urlTemplate":"https:\/\/unstamps.org\/fr\/?s={search_term_string}"},"query-input":{"@type":"PropertyValueSpecification","valueRequired":true,"valueName":"search_term_string"}}],"inLanguage":"fr-FR"},{"@type":"Organization","@id":"https:\/\/unstamps.org\/fr\/#organization","name":"UN Stamps","url":"https:\/\/unstamps.org\/fr\/","logo":{"@type":"ImageObject","inLanguage":"fr-FR","@id":"https:\/\/unstamps.org\/fr\/#\/schema\/logo\/image\/","url":"https:\/\/unstamps.org\/wp-content\/uploads\/2014\/01\/logo4web.jpg","contentUrl":"https:\/\/unstamps.org\/wp-content\/uploads\/2014\/01\/logo4web.jpg","width":2500,"height":250,"caption":"UN Stamps"},"image":{"@id":"https:\/\/unstamps.org\/fr\/#\/schema\/logo\/image\/"}}]}},"jetpack_sharing_enabled":true,"publishpress_future_action":{"enabled":false,"date":"2026-04-24 10:41:27","action":"change-status","newStatus":"private","terms":[],"taxonomy":"product_cat","extraData":[]},"publishpress_future_workflow_manual_trigger":{"enabledWorkflows":[]},"_links":{"self":[{"href":"https:\/\/unstamps.org\/fr\/wp-json\/wp\/v2\/product\/198784","targetHints":{"allow":["GET"]}}],"collection":[{"href":"https:\/\/unstamps.org\/fr\/wp-json\/wp\/v2\/product"}],"about":[{"href":"https:\/\/unstamps.org\/fr\/wp-json\/wp\/v2\/types\/product"}],"replies":[{"embeddable":true,"href":"https:\/\/unstamps.org\/fr\/wp-json\/wp\/v2\/comments?post=198784"}],"wp:featuredmedia":[{"embeddable":true,"href":"https:\/\/unstamps.org\/fr\/wp-json\/wp\/v2\/media\/198839"}],"wp:attachment":[{"href":"https:\/\/unstamps.org\/fr\/wp-json\/wp\/v2\/media?parent=198784"}],"wp:term":[{"taxonomy":"product_brand","embeddable":true,"href":"https:\/\/unstamps.org\/fr\/wp-json\/wp\/v2\/product_brand?post=198784"},{"taxonomy":"product_cat","embeddable":true,"href":"https:\/\/unstamps.org\/fr\/wp-json\/wp\/v2\/product_cat?post=198784"},{"taxonomy":"product_tag","embeddable":true,"href":"https:\/\/unstamps.org\/fr\/wp-json\/wp\/v2\/product_tag?post=198784"}],"curies":[{"name":"wp","href":"https:\/\/api.w.org\/{rel}","templated":true}]}}