{"id":198596,"date":"2026-01-19T10:23:36","date_gmt":"2026-01-19T15:23:36","guid":{"rendered":"https:\/\/unstamps.org\/?post_type=product&#038;p=198596"},"modified":"2026-01-19T10:24:14","modified_gmt":"2026-01-19T15:24:14","slug":"calendrier-lunaire-chinois-annee-du-cheval","status":"publish","type":"product","link":"https:\/\/unstamps.org\/fr\/produit\/calendrier-lunaire-chinois-annee-du-cheval\/","title":{"rendered":"Calendrier lunaire chinois \u2013 \u00ab Ann\u00e9e du Cheval\u00bb"},"content":{"rendered":"<p>Le 16 janvier 2026, l&#8217;APNU c\u00e9l\u00e8bre le Nouvel An lunaire avec l&#8217;\u00e9mission d&#8217;une feuille sp\u00e9ciale de 10 timbres d&#8217;une valeur faciale de 1,70 $ pour \u00ab l\u2019Ann\u00e9e du Cheval \u00bb. Le Nouvel An lunaire commence officiellement le 17 f\u00e9vrier 2026 et se poursuit jusqu&#8217;au 5 f\u00e9vrier 2027. <\/p>\n<p>Le cheval symbolise l&#8217;ind\u00e9pendance, la pers\u00e9v\u00e9rance et l&#8217;ambition. Cette ann\u00e9e encourage les actions d\u00e9cisives, la r\u00e9silience et l&#8217;ouverture \u00e0 de nouvelles opportunit\u00e9s, ce qui en fait le moment id\u00e9al pour poursuivre ses objectifs avec confiance et d\u00e9termination. Pleine d&#8217;optimisme et d&#8217;\u00e9nergie, l&#8217;ann\u00e9e 2026 promet croissance, succ\u00e8s et bonne fortune \u00e0 tous ceux qui sauront exploiter son dynamisme.<\/p>\n<p>Le motif s&#8217;inspire de l&#8217;\u0153uvre d&#8217;art en bronze de la dynastie Han orientale intitul\u00e9e \u00ab Cheval foulant une hirondelle en vol \u00bb. Le cheval est repr\u00e9sent\u00e9 avec ses sabots avant lev\u00e9s en l&#8217;air et ses pattes arri\u00e8re fermement plant\u00e9es au sol, incarnant une beaut\u00e9 de puissance qui harmonise le mouvement dynamique et l&#8217;\u00e9quilibre statique.<\/p>\n<p>Les languettes \u00e0 gauche des timbres arborent le logo des Nations Unies sur un fond dor\u00e9.<\/p>\n<p>Les timbres et le motif de fond ont \u00e9t\u00e9 illustr\u00e9s par Tiger Pan (Chine). M. Pan a \u00e9galement illustr\u00e9 la s\u00e9rie de calendriers lunaires des Nations Unies pour l&#8217;ann\u00e9e 2018, ann\u00e9e du chien, 2022, ann\u00e9e du tigre, 2023, ann\u00e9e du lapin, 2024, ann\u00e9e du dragon, et 2025, ann\u00e9e du serpent.<\/p>\n<p>L&#8217;APNU proposera \u00e9galement une carte postale \u00ab Ann\u00e9e du cheval \u00bb et une enveloppe premier jour avec le m\u00eame motif que les timbres. <\/p>\n<p>Les clients ayant un abonnement pour des feuilles sp\u00e9ciales (94) recevront automatiquement les feuilles de timbres via leur compte. Les clients ayant pass\u00e9 une commande permanente pour divers produits recevront automatiquement la carte postale (324) et un ensemble compos\u00e9 d&#8217;un timbre simple et d&#8217;un timbre combin\u00e9 (424) via leur compte. <\/p>\n<p><strong>Sp\u00e9cifications:<\/strong><br \/>\n<strong>Artist:<\/strong><br \/>\n<strong>Taille du timbre:<\/strong> 40,6 mm x 29,8 mm<br \/>\n<strong>Taille de la vignette:<\/strong> 26,6 mm x 29,8 mm<br \/>\n<strong>Taille de la feuille:<\/strong>279,4 mm x 215,9 mm<br \/>\n<strong>Quantit\u00e9:<\/strong>15,300<br \/>\n<strong>Imprimeur:<\/strong>Cartor Security Printing (France)<\/p>\n","protected":false},"excerpt":{"rendered":"<p>Le 16 janvier 2026, l&#8217;APNU c\u00e9l\u00e8bre le Nouvel An lunaire avec l&#8217;\u00e9mission d&#8217;une feuille sp\u00e9ciale de 10 timbres d&#8217;une valeur faciale de 1,70 $ pour \u00ab l\u2019Ann\u00e9e du Cheval \u00bb. Le Nouvel An lunaire commence officiellement le 17 f\u00e9vrier 2026 et se poursuit jusqu&#8217;au 5 f\u00e9vrier 2027. Le cheval symbolise l&#8217;ind\u00e9pendance, la pers\u00e9v\u00e9rance et l&#8217;ambition. [&hellip;]<\/p>\n","protected":false},"featured_media":198660,"comment_status":"closed","ping_status":"closed","template":"","meta":{"ngg_post_thumbnail":0},"product_brand":[],"product_cat":[2961,162,140],"product_tag":[],"class_list":{"0":"post-198596","1":"product","2":"type-product","3":"status-publish","4":"has-post-thumbnail","6":"product_cat-2026-fr","7":"product_cat-feuilles-personnalisees","8":"product_cat-new-york-issuing-office-fr","9":"pa_condition-cancelled-fr","10":"pa_condition-mint-fr","12":"first","13":"instock","14":"shipping-taxable","15":"purchasable","16":"product-type-variable","17":"has-default-attributes"},"yoast_head":"<!-- This site is optimized with the Yoast SEO plugin v27.4 - https:\/\/yoast.com\/product\/yoast-seo-wordpress\/ -->\n<title>Calendrier lunaire chinois \u2013 \u00ab Ann\u00e9e du Cheval\u00bb - UN Timbres<\/title>\n<meta name=\"robots\" content=\"index, follow, max-snippet:-1, max-image-preview:large, max-video-preview:-1\" \/>\n<link rel=\"canonical\" href=\"https:\/\/unstamps.org\/fr\/produit\/calendrier-lunaire-chinois-annee-du-cheval\/\" \/>\n<meta property=\"og:locale\" content=\"fr_FR\" \/>\n<meta property=\"og:type\" content=\"article\" \/>\n<meta property=\"og:title\" content=\"Calendrier lunaire chinois \u2013 \u00ab Ann\u00e9e du Cheval\u00bb - UN Timbres\" \/>\n<meta property=\"og:description\" content=\"Le 16 janvier 2026, l&#8217;APNU c\u00e9l\u00e8bre le Nouvel An lunaire avec l&#8217;\u00e9mission d&#8217;une feuille sp\u00e9ciale de 10 timbres d&#8217;une valeur faciale de 1,70 $ pour \u00ab l\u2019Ann\u00e9e du Cheval \u00bb. Le Nouvel An lunaire commence officiellement le 17 f\u00e9vrier 2026 et se poursuit jusqu&#8217;au 5 f\u00e9vrier 2027. Le cheval symbolise l&#8217;ind\u00e9pendance, la pers\u00e9v\u00e9rance et l&#8217;ambition. [&hellip;]\" \/>\n<meta property=\"og:url\" content=\"https:\/\/unstamps.org\/fr\/produit\/calendrier-lunaire-chinois-annee-du-cheval\/\" \/>\n<meta property=\"og:site_name\" content=\"UN Timbres\" \/>\n<meta property=\"article:modified_time\" content=\"2026-01-19T15:24:14+00:00\" \/>\n<meta property=\"og:image\" content=\"https:\/\/unstamps.org\/wp-content\/uploads\/2026\/01\/2026-Lunar-Horse-Mint.jpg\" \/>\n\t<meta property=\"og:image:width\" content=\"1024\" \/>\n\t<meta property=\"og:image:height\" content=\"1024\" \/>\n\t<meta property=\"og:image:type\" content=\"image\/jpeg\" \/>\n<meta name=\"twitter:card\" content=\"summary_large_image\" \/>\n<meta name=\"twitter:label1\" content=\"Dur\u00e9e de lecture estim\u00e9e\" \/>\n\t<meta name=\"twitter:data1\" content=\"2 minutes\" \/>\n<script type=\"application\/ld+json\" class=\"yoast-schema-graph\">{\"@context\":\"https:\\\/\\\/schema.org\",\"@graph\":[{\"@type\":\"WebPage\",\"@id\":\"https:\\\/\\\/unstamps.org\\\/fr\\\/produit\\\/calendrier-lunaire-chinois-annee-du-cheval\\\/\",\"url\":\"https:\\\/\\\/unstamps.org\\\/fr\\\/produit\\\/calendrier-lunaire-chinois-annee-du-cheval\\\/\",\"name\":\"Calendrier lunaire chinois \u2013 \u00ab Ann\u00e9e du Cheval\u00bb - UN Timbres\",\"isPartOf\":{\"@id\":\"https:\\\/\\\/unstamps.org\\\/fr\\\/#website\"},\"primaryImageOfPage\":{\"@id\":\"https:\\\/\\\/unstamps.org\\\/fr\\\/produit\\\/calendrier-lunaire-chinois-annee-du-cheval\\\/#primaryimage\"},\"image\":{\"@id\":\"https:\\\/\\\/unstamps.org\\\/fr\\\/produit\\\/calendrier-lunaire-chinois-annee-du-cheval\\\/#primaryimage\"},\"thumbnailUrl\":\"https:\\\/\\\/unstamps.org\\\/wp-content\\\/uploads\\\/2026\\\/01\\\/2026-Lunar-Horse-Mint.jpg\",\"datePublished\":\"2026-01-19T15:23:36+00:00\",\"dateModified\":\"2026-01-19T15:24:14+00:00\",\"breadcrumb\":{\"@id\":\"https:\\\/\\\/unstamps.org\\\/fr\\\/produit\\\/calendrier-lunaire-chinois-annee-du-cheval\\\/#breadcrumb\"},\"inLanguage\":\"fr-FR\",\"potentialAction\":[{\"@type\":\"ReadAction\",\"target\":[\"https:\\\/\\\/unstamps.org\\\/fr\\\/produit\\\/calendrier-lunaire-chinois-annee-du-cheval\\\/\"]}]},{\"@type\":\"ImageObject\",\"inLanguage\":\"fr-FR\",\"@id\":\"https:\\\/\\\/unstamps.org\\\/fr\\\/produit\\\/calendrier-lunaire-chinois-annee-du-cheval\\\/#primaryimage\",\"url\":\"https:\\\/\\\/unstamps.org\\\/wp-content\\\/uploads\\\/2026\\\/01\\\/2026-Lunar-Horse-Mint.jpg\",\"contentUrl\":\"https:\\\/\\\/unstamps.org\\\/wp-content\\\/uploads\\\/2026\\\/01\\\/2026-Lunar-Horse-Mint.jpg\",\"width\":1024,\"height\":1024},{\"@type\":\"BreadcrumbList\",\"@id\":\"https:\\\/\\\/unstamps.org\\\/fr\\\/produit\\\/calendrier-lunaire-chinois-annee-du-cheval\\\/#breadcrumb\",\"itemListElement\":[{\"@type\":\"ListItem\",\"position\":1,\"name\":\"Home\",\"item\":\"https:\\\/\\\/unstamps.org\\\/fr\\\/\"},{\"@type\":\"ListItem\",\"position\":2,\"name\":\"Les produits\",\"item\":\"https:\\\/\\\/unstamps.org\\\/fr\\\/les-produits\\\/\"},{\"@type\":\"ListItem\",\"position\":3,\"name\":\"Calendrier lunaire chinois \u2013 \u00ab Ann\u00e9e du Cheval\u00bb\"}]},{\"@type\":\"WebSite\",\"@id\":\"https:\\\/\\\/unstamps.org\\\/fr\\\/#website\",\"url\":\"https:\\\/\\\/unstamps.org\\\/fr\\\/\",\"name\":\"UN Stamps\",\"description\":\"United Nations Stamps\",\"publisher\":{\"@id\":\"https:\\\/\\\/unstamps.org\\\/fr\\\/#organization\"},\"potentialAction\":[{\"@type\":\"SearchAction\",\"target\":{\"@type\":\"EntryPoint\",\"urlTemplate\":\"https:\\\/\\\/unstamps.org\\\/fr\\\/?s={search_term_string}\"},\"query-input\":{\"@type\":\"PropertyValueSpecification\",\"valueRequired\":true,\"valueName\":\"search_term_string\"}}],\"inLanguage\":\"fr-FR\"},{\"@type\":\"Organization\",\"@id\":\"https:\\\/\\\/unstamps.org\\\/fr\\\/#organization\",\"name\":\"UN Stamps\",\"url\":\"https:\\\/\\\/unstamps.org\\\/fr\\\/\",\"logo\":{\"@type\":\"ImageObject\",\"inLanguage\":\"fr-FR\",\"@id\":\"https:\\\/\\\/unstamps.org\\\/fr\\\/#\\\/schema\\\/logo\\\/image\\\/\",\"url\":\"https:\\\/\\\/unstamps.org\\\/wp-content\\\/uploads\\\/2014\\\/01\\\/logo4web.jpg\",\"contentUrl\":\"https:\\\/\\\/unstamps.org\\\/wp-content\\\/uploads\\\/2014\\\/01\\\/logo4web.jpg\",\"width\":2500,\"height\":250,\"caption\":\"UN Stamps\"},\"image\":{\"@id\":\"https:\\\/\\\/unstamps.org\\\/fr\\\/#\\\/schema\\\/logo\\\/image\\\/\"}}]}<\/script>\n<!-- \/ Yoast SEO plugin. -->","yoast_head_json":{"title":"Calendrier lunaire chinois \u2013 \u00ab Ann\u00e9e du Cheval\u00bb - UN Timbres","robots":{"index":"index","follow":"follow","max-snippet":"max-snippet:-1","max-image-preview":"max-image-preview:large","max-video-preview":"max-video-preview:-1"},"canonical":"https:\/\/unstamps.org\/fr\/produit\/calendrier-lunaire-chinois-annee-du-cheval\/","og_locale":"fr_FR","og_type":"article","og_title":"Calendrier lunaire chinois \u2013 \u00ab Ann\u00e9e du Cheval\u00bb - UN Timbres","og_description":"Le 16 janvier 2026, l&#8217;APNU c\u00e9l\u00e8bre le Nouvel An lunaire avec l&#8217;\u00e9mission d&#8217;une feuille sp\u00e9ciale de 10 timbres d&#8217;une valeur faciale de 1,70 $ pour \u00ab l\u2019Ann\u00e9e du Cheval \u00bb. Le Nouvel An lunaire commence officiellement le 17 f\u00e9vrier 2026 et se poursuit jusqu&#8217;au 5 f\u00e9vrier 2027. Le cheval symbolise l&#8217;ind\u00e9pendance, la pers\u00e9v\u00e9rance et l&#8217;ambition. [&hellip;]","og_url":"https:\/\/unstamps.org\/fr\/produit\/calendrier-lunaire-chinois-annee-du-cheval\/","og_site_name":"UN Timbres","article_modified_time":"2026-01-19T15:24:14+00:00","og_image":[{"width":1024,"height":1024,"url":"https:\/\/unstamps.org\/wp-content\/uploads\/2026\/01\/2026-Lunar-Horse-Mint.jpg","type":"image\/jpeg"}],"twitter_card":"summary_large_image","twitter_misc":{"Dur\u00e9e de lecture estim\u00e9e":"2 minutes"},"schema":{"@context":"https:\/\/schema.org","@graph":[{"@type":"WebPage","@id":"https:\/\/unstamps.org\/fr\/produit\/calendrier-lunaire-chinois-annee-du-cheval\/","url":"https:\/\/unstamps.org\/fr\/produit\/calendrier-lunaire-chinois-annee-du-cheval\/","name":"Calendrier lunaire chinois \u2013 \u00ab Ann\u00e9e du Cheval\u00bb - UN Timbres","isPartOf":{"@id":"https:\/\/unstamps.org\/fr\/#website"},"primaryImageOfPage":{"@id":"https:\/\/unstamps.org\/fr\/produit\/calendrier-lunaire-chinois-annee-du-cheval\/#primaryimage"},"image":{"@id":"https:\/\/unstamps.org\/fr\/produit\/calendrier-lunaire-chinois-annee-du-cheval\/#primaryimage"},"thumbnailUrl":"https:\/\/unstamps.org\/wp-content\/uploads\/2026\/01\/2026-Lunar-Horse-Mint.jpg","datePublished":"2026-01-19T15:23:36+00:00","dateModified":"2026-01-19T15:24:14+00:00","breadcrumb":{"@id":"https:\/\/unstamps.org\/fr\/produit\/calendrier-lunaire-chinois-annee-du-cheval\/#breadcrumb"},"inLanguage":"fr-FR","potentialAction":[{"@type":"ReadAction","target":["https:\/\/unstamps.org\/fr\/produit\/calendrier-lunaire-chinois-annee-du-cheval\/"]}]},{"@type":"ImageObject","inLanguage":"fr-FR","@id":"https:\/\/unstamps.org\/fr\/produit\/calendrier-lunaire-chinois-annee-du-cheval\/#primaryimage","url":"https:\/\/unstamps.org\/wp-content\/uploads\/2026\/01\/2026-Lunar-Horse-Mint.jpg","contentUrl":"https:\/\/unstamps.org\/wp-content\/uploads\/2026\/01\/2026-Lunar-Horse-Mint.jpg","width":1024,"height":1024},{"@type":"BreadcrumbList","@id":"https:\/\/unstamps.org\/fr\/produit\/calendrier-lunaire-chinois-annee-du-cheval\/#breadcrumb","itemListElement":[{"@type":"ListItem","position":1,"name":"Home","item":"https:\/\/unstamps.org\/fr\/"},{"@type":"ListItem","position":2,"name":"Les produits","item":"https:\/\/unstamps.org\/fr\/les-produits\/"},{"@type":"ListItem","position":3,"name":"Calendrier lunaire chinois \u2013 \u00ab Ann\u00e9e du Cheval\u00bb"}]},{"@type":"WebSite","@id":"https:\/\/unstamps.org\/fr\/#website","url":"https:\/\/unstamps.org\/fr\/","name":"UN Stamps","description":"United Nations Stamps","publisher":{"@id":"https:\/\/unstamps.org\/fr\/#organization"},"potentialAction":[{"@type":"SearchAction","target":{"@type":"EntryPoint","urlTemplate":"https:\/\/unstamps.org\/fr\/?s={search_term_string}"},"query-input":{"@type":"PropertyValueSpecification","valueRequired":true,"valueName":"search_term_string"}}],"inLanguage":"fr-FR"},{"@type":"Organization","@id":"https:\/\/unstamps.org\/fr\/#organization","name":"UN Stamps","url":"https:\/\/unstamps.org\/fr\/","logo":{"@type":"ImageObject","inLanguage":"fr-FR","@id":"https:\/\/unstamps.org\/fr\/#\/schema\/logo\/image\/","url":"https:\/\/unstamps.org\/wp-content\/uploads\/2014\/01\/logo4web.jpg","contentUrl":"https:\/\/unstamps.org\/wp-content\/uploads\/2014\/01\/logo4web.jpg","width":2500,"height":250,"caption":"UN Stamps"},"image":{"@id":"https:\/\/unstamps.org\/fr\/#\/schema\/logo\/image\/"}}]}},"jetpack_sharing_enabled":true,"publishpress_future_action":{"enabled":false,"date":"2026-04-22 18:50:43","action":"change-status","newStatus":"private","terms":[],"taxonomy":"product_cat","extraData":[]},"publishpress_future_workflow_manual_trigger":{"enabledWorkflows":[]},"_links":{"self":[{"href":"https:\/\/unstamps.org\/fr\/wp-json\/wp\/v2\/product\/198596","targetHints":{"allow":["GET"]}}],"collection":[{"href":"https:\/\/unstamps.org\/fr\/wp-json\/wp\/v2\/product"}],"about":[{"href":"https:\/\/unstamps.org\/fr\/wp-json\/wp\/v2\/types\/product"}],"replies":[{"embeddable":true,"href":"https:\/\/unstamps.org\/fr\/wp-json\/wp\/v2\/comments?post=198596"}],"wp:featuredmedia":[{"embeddable":true,"href":"https:\/\/unstamps.org\/fr\/wp-json\/wp\/v2\/media\/198660"}],"wp:attachment":[{"href":"https:\/\/unstamps.org\/fr\/wp-json\/wp\/v2\/media?parent=198596"}],"wp:term":[{"taxonomy":"product_brand","embeddable":true,"href":"https:\/\/unstamps.org\/fr\/wp-json\/wp\/v2\/product_brand?post=198596"},{"taxonomy":"product_cat","embeddable":true,"href":"https:\/\/unstamps.org\/fr\/wp-json\/wp\/v2\/product_cat?post=198596"},{"taxonomy":"product_tag","embeddable":true,"href":"https:\/\/unstamps.org\/fr\/wp-json\/wp\/v2\/product_tag?post=198596"}],"curies":[{"name":"wp","href":"https:\/\/api.w.org\/{rel}","templated":true}]}}