{"id":198571,"date":"2026-01-12T10:27:44","date_gmt":"2026-01-12T15:27:44","guid":{"rendered":"https:\/\/unstamps.org\/?post_type=product&#038;p=198571"},"modified":"2026-01-12T10:28:38","modified_gmt":"2026-01-12T15:28:38","slug":"80-ans-du-journal-de-lonu","status":"publish","type":"product","link":"https:\/\/unstamps.org\/fr\/produit\/80-ans-du-journal-de-lonu\/","title":{"rendered":"80 Ans Du Journal De L\u2019ONU"},"content":{"rendered":"<p>Le 12 janvier 2026, l&#8217;APNU a \u00e9mis une feuille sp\u00e9ciale de 10 timbres pour comm\u00e9morer le 80e anniversaire de la publication du premier Journal des Nations Unies. La feuille de timbres, d&#8217;une valeur faciale de 1,70 dollar, rend hommage au r\u00f4le durable du Journal en tant que d\u00e9positaire officiel du pass\u00e9 de l&#8217;ONU, vu \u00e0 travers le prisme de ses r\u00e9unions et activit\u00e9s quotidiennes.<\/p>\n<p>La premi\u00e8re \u00e9dition du Journal des Nations Unies a \u00e9t\u00e9 publi\u00e9e le 10 janvier 1946, le jour m\u00eame o\u00f9 l&#8217;Assembl\u00e9e g\u00e9n\u00e9rale des Nations Unies a ouvert sa premi\u00e8re session. Cette \u00e9mission de timbres c\u00e9l\u00e8bre les huit d\u00e9cennies d&#8217;existence de cette publication historique, qui a retrac\u00e9 l&#8217;\u00e9volution du multilat\u00e9ralisme tout en rendant accessible le travail de l&#8217;Organisation.<\/p>\n<p>Servant de programme quotidien des r\u00e9unions officielles et autres activit\u00e9s de l&#8217;ONU, le Journal a fid\u00e8lement document\u00e9 la trajectoire de la diplomatie internationale, fournissant aux d\u00e9l\u00e9gu\u00e9s, au personnel et au public une source d&#8217;information transparente, multilingue et faisant autorit\u00e9. Documentant l&#8217;histoire au fur et \u00e0 mesure qu&#8217;elle se d\u00e9roulait, depuis les premi\u00e8res ann\u00e9es de l&#8217;Organisation jusqu&#8217;\u00e0 aujourd&#8217;hui, il a permis de garantir que chaque r\u00e9union officielle reste inscrite dans la m\u00e9moire institutionnelle de l&#8217;ONU.<\/p>\n<p>Les timbres et les vignettes repr\u00e9sentent des d\u00e9l\u00e9gu\u00e9s, des dignitaires et des membres du personnel des Nations Unies lisant le Journal, ainsi que des images de la publication en plusieurs langues au fil des d\u00e9cennies.<\/p>\n<p>La feuille de timbres a \u00e9t\u00e9 con\u00e7ue par Rorie Katz (Nations Unies), en collaboration avec le D\u00e9partement de l&#8217;Assembl\u00e9e g\u00e9n\u00e9rale et de la gestion des conf\u00e9rences.<\/p>\n<p>Cet anniversaire est l&#8217;occasion de r\u00e9fl\u00e9chir au r\u00f4le central jou\u00e9 par le Journal dans la pr\u00e9servation de l&#8217;h\u00e9ritage de l&#8217;ONU, tout en s&#8217;adaptant en permanence aux exigences d&#8217;un monde interconnect\u00e9 num\u00e9riquement. \u00c0 l&#8217;\u00e8re de l&#8217;\u00e9change rapide d&#8217;informations, son engagement en faveur de l&#8217;exactitude, de l&#8217;accessibilit\u00e9 et du multilinguisme reste plus crucial que jamais.<\/p>\n<p>Les clients ayant des exigences de commande permanente pour les feuilles d&#8217;\u00e9v\u00e9nements de New York (94) recevront automatiquement les feuilles de timbres via leur abonnement.<\/p>\n<p><strong>Date de d\u00e9livrance:<\/strong> 12 janvier 2026<br \/>\n<strong>Designers:<\/strong> Rorie Katz (Nations Unies) et le D\u00e9partement de l&#8217;Assembl\u00e9e g\u00e9n\u00e9rale et de la gestion des conf\u00e9rences<br \/>\n<strong>D\u00e9nomination:<\/strong> US$ 1.70<br \/>\n<strong>Taille du timbre:<\/strong> 40,6 x 29,8<br \/>\n<strong>Taille de la vignette:<\/strong> 26,6 x 29,8<br \/>\n<strong>Taille de la feuille:<\/strong> 279,4 mm x 215,9 mm<br \/>\n<strong>Imprimeur:<\/strong> En interne<\/p>\n","protected":false},"excerpt":{"rendered":"<p>Le 12 janvier 2026, l&#8217;APNU a \u00e9mis une feuille sp\u00e9ciale de 10 timbres pour comm\u00e9morer le 80e anniversaire de la publication du premier Journal des Nations Unies. La feuille de timbres, d&#8217;une valeur faciale de 1,70 dollar, rend hommage au r\u00f4le durable du Journal en tant que d\u00e9positaire officiel du pass\u00e9 de l&#8217;ONU, vu \u00e0 [&hellip;]<\/p>\n","protected":false},"featured_media":198569,"comment_status":"closed","ping_status":"closed","template":"","meta":{"ngg_post_thumbnail":0},"product_brand":[],"product_cat":[2961,162,140],"product_tag":[],"class_list":{"0":"post-198571","1":"product","2":"type-product","3":"status-publish","4":"has-post-thumbnail","6":"product_cat-2026-fr","7":"product_cat-feuilles-personnalisees","8":"product_cat-new-york-issuing-office-fr","9":"pa_condition-cancelled-fr","10":"pa_condition-mint-fr","12":"first","13":"instock","14":"shipping-taxable","15":"purchasable","16":"product-type-variable","17":"has-default-attributes"},"yoast_head":"<!-- This site is optimized with the Yoast SEO plugin v27.3 - https:\/\/yoast.com\/product\/yoast-seo-wordpress\/ -->\n<title>80 Ans Du Journal De L\u2019ONU - UN Timbres<\/title>\n<meta name=\"robots\" content=\"index, follow, max-snippet:-1, max-image-preview:large, max-video-preview:-1\" \/>\n<link rel=\"canonical\" href=\"https:\/\/unstamps.org\/fr\/produit\/80-ans-du-journal-de-lonu\/\" \/>\n<meta property=\"og:locale\" content=\"fr_FR\" \/>\n<meta property=\"og:type\" content=\"article\" \/>\n<meta property=\"og:title\" content=\"80 Ans Du Journal De L\u2019ONU - UN Timbres\" \/>\n<meta property=\"og:description\" content=\"Le 12 janvier 2026, l&#8217;APNU a \u00e9mis une feuille sp\u00e9ciale de 10 timbres pour comm\u00e9morer le 80e anniversaire de la publication du premier Journal des Nations Unies. La feuille de timbres, d&#8217;une valeur faciale de 1,70 dollar, rend hommage au r\u00f4le durable du Journal en tant que d\u00e9positaire officiel du pass\u00e9 de l&#8217;ONU, vu \u00e0 [&hellip;]\" \/>\n<meta property=\"og:url\" content=\"https:\/\/unstamps.org\/fr\/produit\/80-ans-du-journal-de-lonu\/\" \/>\n<meta property=\"og:site_name\" content=\"UN Timbres\" \/>\n<meta property=\"article:modified_time\" content=\"2026-01-12T15:28:38+00:00\" \/>\n<meta property=\"og:image\" content=\"https:\/\/unstamps.org\/wp-content\/uploads\/2026\/01\/2026-80th-UN-Journal-PSS-Mint.jpg\" \/>\n\t<meta property=\"og:image:width\" content=\"1024\" \/>\n\t<meta property=\"og:image:height\" content=\"1024\" \/>\n\t<meta property=\"og:image:type\" content=\"image\/jpeg\" \/>\n<meta name=\"twitter:card\" content=\"summary_large_image\" \/>\n<meta name=\"twitter:label1\" content=\"Dur\u00e9e de lecture estim\u00e9e\" \/>\n\t<meta name=\"twitter:data1\" content=\"2 minutes\" \/>\n<script type=\"application\/ld+json\" class=\"yoast-schema-graph\">{\"@context\":\"https:\\\/\\\/schema.org\",\"@graph\":[{\"@type\":\"WebPage\",\"@id\":\"https:\\\/\\\/unstamps.org\\\/fr\\\/produit\\\/80-ans-du-journal-de-lonu\\\/\",\"url\":\"https:\\\/\\\/unstamps.org\\\/fr\\\/produit\\\/80-ans-du-journal-de-lonu\\\/\",\"name\":\"80 Ans Du Journal De L\u2019ONU - UN Timbres\",\"isPartOf\":{\"@id\":\"https:\\\/\\\/unstamps.org\\\/fr\\\/#website\"},\"primaryImageOfPage\":{\"@id\":\"https:\\\/\\\/unstamps.org\\\/fr\\\/produit\\\/80-ans-du-journal-de-lonu\\\/#primaryimage\"},\"image\":{\"@id\":\"https:\\\/\\\/unstamps.org\\\/fr\\\/produit\\\/80-ans-du-journal-de-lonu\\\/#primaryimage\"},\"thumbnailUrl\":\"https:\\\/\\\/unstamps.org\\\/wp-content\\\/uploads\\\/2026\\\/01\\\/2026-80th-UN-Journal-PSS-Mint.jpg\",\"datePublished\":\"2026-01-12T15:27:44+00:00\",\"dateModified\":\"2026-01-12T15:28:38+00:00\",\"breadcrumb\":{\"@id\":\"https:\\\/\\\/unstamps.org\\\/fr\\\/produit\\\/80-ans-du-journal-de-lonu\\\/#breadcrumb\"},\"inLanguage\":\"fr-FR\",\"potentialAction\":[{\"@type\":\"ReadAction\",\"target\":[\"https:\\\/\\\/unstamps.org\\\/fr\\\/produit\\\/80-ans-du-journal-de-lonu\\\/\"]}]},{\"@type\":\"ImageObject\",\"inLanguage\":\"fr-FR\",\"@id\":\"https:\\\/\\\/unstamps.org\\\/fr\\\/produit\\\/80-ans-du-journal-de-lonu\\\/#primaryimage\",\"url\":\"https:\\\/\\\/unstamps.org\\\/wp-content\\\/uploads\\\/2026\\\/01\\\/2026-80th-UN-Journal-PSS-Mint.jpg\",\"contentUrl\":\"https:\\\/\\\/unstamps.org\\\/wp-content\\\/uploads\\\/2026\\\/01\\\/2026-80th-UN-Journal-PSS-Mint.jpg\",\"width\":1024,\"height\":1024},{\"@type\":\"BreadcrumbList\",\"@id\":\"https:\\\/\\\/unstamps.org\\\/fr\\\/produit\\\/80-ans-du-journal-de-lonu\\\/#breadcrumb\",\"itemListElement\":[{\"@type\":\"ListItem\",\"position\":1,\"name\":\"Home\",\"item\":\"https:\\\/\\\/unstamps.org\\\/fr\\\/\"},{\"@type\":\"ListItem\",\"position\":2,\"name\":\"Les produits\",\"item\":\"https:\\\/\\\/unstamps.org\\\/fr\\\/les-produits\\\/\"},{\"@type\":\"ListItem\",\"position\":3,\"name\":\"80 Ans Du Journal De L\u2019ONU\"}]},{\"@type\":\"WebSite\",\"@id\":\"https:\\\/\\\/unstamps.org\\\/fr\\\/#website\",\"url\":\"https:\\\/\\\/unstamps.org\\\/fr\\\/\",\"name\":\"UN Stamps\",\"description\":\"United Nations Stamps\",\"publisher\":{\"@id\":\"https:\\\/\\\/unstamps.org\\\/fr\\\/#organization\"},\"potentialAction\":[{\"@type\":\"SearchAction\",\"target\":{\"@type\":\"EntryPoint\",\"urlTemplate\":\"https:\\\/\\\/unstamps.org\\\/fr\\\/?s={search_term_string}\"},\"query-input\":{\"@type\":\"PropertyValueSpecification\",\"valueRequired\":true,\"valueName\":\"search_term_string\"}}],\"inLanguage\":\"fr-FR\"},{\"@type\":\"Organization\",\"@id\":\"https:\\\/\\\/unstamps.org\\\/fr\\\/#organization\",\"name\":\"UN Stamps\",\"url\":\"https:\\\/\\\/unstamps.org\\\/fr\\\/\",\"logo\":{\"@type\":\"ImageObject\",\"inLanguage\":\"fr-FR\",\"@id\":\"https:\\\/\\\/unstamps.org\\\/fr\\\/#\\\/schema\\\/logo\\\/image\\\/\",\"url\":\"https:\\\/\\\/unstamps.org\\\/wp-content\\\/uploads\\\/2014\\\/01\\\/logo4web.jpg\",\"contentUrl\":\"https:\\\/\\\/unstamps.org\\\/wp-content\\\/uploads\\\/2014\\\/01\\\/logo4web.jpg\",\"width\":2500,\"height\":250,\"caption\":\"UN Stamps\"},\"image\":{\"@id\":\"https:\\\/\\\/unstamps.org\\\/fr\\\/#\\\/schema\\\/logo\\\/image\\\/\"}}]}<\/script>\n<!-- \/ Yoast SEO plugin. -->","yoast_head_json":{"title":"80 Ans Du Journal De L\u2019ONU - UN Timbres","robots":{"index":"index","follow":"follow","max-snippet":"max-snippet:-1","max-image-preview":"max-image-preview:large","max-video-preview":"max-video-preview:-1"},"canonical":"https:\/\/unstamps.org\/fr\/produit\/80-ans-du-journal-de-lonu\/","og_locale":"fr_FR","og_type":"article","og_title":"80 Ans Du Journal De L\u2019ONU - UN Timbres","og_description":"Le 12 janvier 2026, l&#8217;APNU a \u00e9mis une feuille sp\u00e9ciale de 10 timbres pour comm\u00e9morer le 80e anniversaire de la publication du premier Journal des Nations Unies. La feuille de timbres, d&#8217;une valeur faciale de 1,70 dollar, rend hommage au r\u00f4le durable du Journal en tant que d\u00e9positaire officiel du pass\u00e9 de l&#8217;ONU, vu \u00e0 [&hellip;]","og_url":"https:\/\/unstamps.org\/fr\/produit\/80-ans-du-journal-de-lonu\/","og_site_name":"UN Timbres","article_modified_time":"2026-01-12T15:28:38+00:00","og_image":[{"width":1024,"height":1024,"url":"https:\/\/unstamps.org\/wp-content\/uploads\/2026\/01\/2026-80th-UN-Journal-PSS-Mint.jpg","type":"image\/jpeg"}],"twitter_card":"summary_large_image","twitter_misc":{"Dur\u00e9e de lecture estim\u00e9e":"2 minutes"},"schema":{"@context":"https:\/\/schema.org","@graph":[{"@type":"WebPage","@id":"https:\/\/unstamps.org\/fr\/produit\/80-ans-du-journal-de-lonu\/","url":"https:\/\/unstamps.org\/fr\/produit\/80-ans-du-journal-de-lonu\/","name":"80 Ans Du Journal De L\u2019ONU - UN Timbres","isPartOf":{"@id":"https:\/\/unstamps.org\/fr\/#website"},"primaryImageOfPage":{"@id":"https:\/\/unstamps.org\/fr\/produit\/80-ans-du-journal-de-lonu\/#primaryimage"},"image":{"@id":"https:\/\/unstamps.org\/fr\/produit\/80-ans-du-journal-de-lonu\/#primaryimage"},"thumbnailUrl":"https:\/\/unstamps.org\/wp-content\/uploads\/2026\/01\/2026-80th-UN-Journal-PSS-Mint.jpg","datePublished":"2026-01-12T15:27:44+00:00","dateModified":"2026-01-12T15:28:38+00:00","breadcrumb":{"@id":"https:\/\/unstamps.org\/fr\/produit\/80-ans-du-journal-de-lonu\/#breadcrumb"},"inLanguage":"fr-FR","potentialAction":[{"@type":"ReadAction","target":["https:\/\/unstamps.org\/fr\/produit\/80-ans-du-journal-de-lonu\/"]}]},{"@type":"ImageObject","inLanguage":"fr-FR","@id":"https:\/\/unstamps.org\/fr\/produit\/80-ans-du-journal-de-lonu\/#primaryimage","url":"https:\/\/unstamps.org\/wp-content\/uploads\/2026\/01\/2026-80th-UN-Journal-PSS-Mint.jpg","contentUrl":"https:\/\/unstamps.org\/wp-content\/uploads\/2026\/01\/2026-80th-UN-Journal-PSS-Mint.jpg","width":1024,"height":1024},{"@type":"BreadcrumbList","@id":"https:\/\/unstamps.org\/fr\/produit\/80-ans-du-journal-de-lonu\/#breadcrumb","itemListElement":[{"@type":"ListItem","position":1,"name":"Home","item":"https:\/\/unstamps.org\/fr\/"},{"@type":"ListItem","position":2,"name":"Les produits","item":"https:\/\/unstamps.org\/fr\/les-produits\/"},{"@type":"ListItem","position":3,"name":"80 Ans Du Journal De L\u2019ONU"}]},{"@type":"WebSite","@id":"https:\/\/unstamps.org\/fr\/#website","url":"https:\/\/unstamps.org\/fr\/","name":"UN Stamps","description":"United Nations Stamps","publisher":{"@id":"https:\/\/unstamps.org\/fr\/#organization"},"potentialAction":[{"@type":"SearchAction","target":{"@type":"EntryPoint","urlTemplate":"https:\/\/unstamps.org\/fr\/?s={search_term_string}"},"query-input":{"@type":"PropertyValueSpecification","valueRequired":true,"valueName":"search_term_string"}}],"inLanguage":"fr-FR"},{"@type":"Organization","@id":"https:\/\/unstamps.org\/fr\/#organization","name":"UN Stamps","url":"https:\/\/unstamps.org\/fr\/","logo":{"@type":"ImageObject","inLanguage":"fr-FR","@id":"https:\/\/unstamps.org\/fr\/#\/schema\/logo\/image\/","url":"https:\/\/unstamps.org\/wp-content\/uploads\/2014\/01\/logo4web.jpg","contentUrl":"https:\/\/unstamps.org\/wp-content\/uploads\/2014\/01\/logo4web.jpg","width":2500,"height":250,"caption":"UN Stamps"},"image":{"@id":"https:\/\/unstamps.org\/fr\/#\/schema\/logo\/image\/"}}]}},"jetpack_sharing_enabled":true,"publishpress_future_action":{"enabled":false,"date":"2026-04-19 01:27:53","action":"change-status","newStatus":"private","terms":[],"taxonomy":"product_cat","extraData":[]},"publishpress_future_workflow_manual_trigger":{"enabledWorkflows":[]},"_links":{"self":[{"href":"https:\/\/unstamps.org\/fr\/wp-json\/wp\/v2\/product\/198571","targetHints":{"allow":["GET"]}}],"collection":[{"href":"https:\/\/unstamps.org\/fr\/wp-json\/wp\/v2\/product"}],"about":[{"href":"https:\/\/unstamps.org\/fr\/wp-json\/wp\/v2\/types\/product"}],"replies":[{"embeddable":true,"href":"https:\/\/unstamps.org\/fr\/wp-json\/wp\/v2\/comments?post=198571"}],"wp:featuredmedia":[{"embeddable":true,"href":"https:\/\/unstamps.org\/fr\/wp-json\/wp\/v2\/media\/198569"}],"wp:attachment":[{"href":"https:\/\/unstamps.org\/fr\/wp-json\/wp\/v2\/media?parent=198571"}],"wp:term":[{"taxonomy":"product_brand","embeddable":true,"href":"https:\/\/unstamps.org\/fr\/wp-json\/wp\/v2\/product_brand?post=198571"},{"taxonomy":"product_cat","embeddable":true,"href":"https:\/\/unstamps.org\/fr\/wp-json\/wp\/v2\/product_cat?post=198571"},{"taxonomy":"product_tag","embeddable":true,"href":"https:\/\/unstamps.org\/fr\/wp-json\/wp\/v2\/product_tag?post=198571"}],"curies":[{"name":"wp","href":"https:\/\/api.w.org\/{rel}","templated":true}]}}