{"id":198185,"date":"2025-12-09T15:01:28","date_gmt":"2025-12-09T20:01:28","guid":{"rendered":"https:\/\/unstamps.org\/?post_type=product&#038;p=198185"},"modified":"2026-01-09T11:53:24","modified_gmt":"2026-01-09T16:53:24","slug":"70-ans-dappartenance-aux-nations-unies","status":"publish","type":"product","link":"https:\/\/unstamps.org\/fr\/produit\/70-ans-dappartenance-aux-nations-unies\/","title":{"rendered":"70 ans d&#8217;appartenance aux Nations Unies"},"content":{"rendered":"<p>Le 10 d\u00e9cembre 2025, l&#8217;Administration postale des Nations Unies \u00e9mettra une feuille d&#8217;\u00e9v\u00e9nement sp\u00e9cial de 10 timbres d&#8217;une valeur de 1,70 $ pour honorer les \u00c9tats membres ayant rejoint les Nations Unies il y a 70 ans.<\/p>\n<p>En 1955, 16 pays ont rejoint les Nations Unies, marquant la plus grande expansion de l&#8217;histoire de l&#8217;Organisation, portant le nombre total d&#8217;\u00c9tats membres de 60 \u00e0 76. <\/p>\n<p>Cette feuille de timbres sp\u00e9ciale comm\u00e9more le 70e anniversaire de l&#8217;adh\u00e9sion de l&#8217;Albanie, de l&#8217;Autriche, de la Bulgarie, du Cambodge, de la Finlande, de la Hongrie, de l&#8217;Irlande, de l&#8217;Italie, de la Jordanie, de la R\u00e9publique d\u00e9mocratique populaire lao, de la Libye, du N\u00e9pal, du Portugal, de la Roumanie, de l&#8217;Espagne et du Sri Lanka. <\/p>\n<p>La feuille de timbres met en lumi\u00e8re l&#8217;engagement continu de ces \u00c9tats membres dans le travail et les principes des Nations Unies.<\/p>\n<p>Le motif du timbre \u00e0 1,70 $ figure l&#8217;embl\u00e8me des Nations Unies en blanc sur fond bleu. <\/p>\n<p>Les vignettes de timbres ont \u00e9t\u00e9 con\u00e7ues par Jo\u00e3o Varela (Portugal). L&#8217;artiste voulait que le design c\u00e9l\u00e8bre le 70e anniversaire des admissions \u00e0 l&#8217;ONU en 1955 en illustrant de nombreuses nations r\u00e9unies.  Il a cr\u00e9\u00e9 le chiffre \u00ab 70 \u00bb \u00e0 partir d&#8217;anneaux entrelac\u00e9s, utilisant des couleurs tir\u00e9es des seize drapeaux nationaux qui se fondent en d\u00e9grad\u00e9s plut\u00f4t que dans des bordures strictes. La couleur bleu profond de l&#8217;ONU le relie \u00e0 l&#8217;identit\u00e9 de l&#8217;organisation, et les codes pays \u00e0 deux lettres donnent \u00e0 chaque membre un espace \u00e9gal et une voix claire dans la conception.<\/p>\n<p>L&#8217;arri\u00e8re-plan de la feuille montre les drapeaux des seize pays ayant rejoint les Nations Unies en 1955.<\/p>\n<p>Les clients ayant des abonnements pour des feuilles d&#8217;\u00e9v\u00e9nements sp\u00e9ciaux New York recevront automatiquement cet article via leur compte.<\/p>\n<p><strong>Caract\u00e9ristiques techniques<\/strong><br \/>\n<strong>Taille du cachet<\/strong> : 40,6 mm x 29,8 mm<br \/>\n<strong>Taille de l&#8217;onglet<\/strong> : 26,6 mm x 29,8 mm<br \/>\n<strong>Format de la feuille<\/strong> : 279,4 mm x 215,9 mm<br \/>\n<strong>Imprimeur<\/strong> : En interne<\/p>\n","protected":false},"excerpt":{"rendered":"<p>Le 10 d\u00e9cembre 2025, l&#8217;Administration postale des Nations Unies \u00e9mettra une feuille d&#8217;\u00e9v\u00e9nement sp\u00e9cial de 10 timbres d&#8217;une valeur de 1,70 $ pour honorer les \u00c9tats membres ayant rejoint les Nations Unies il y a 70 ans. En 1955, 16 pays ont rejoint les Nations Unies, marquant la plus grande expansion de l&#8217;histoire de l&#8217;Organisation, [&hellip;]<\/p>\n","protected":false},"featured_media":198238,"comment_status":"closed","ping_status":"closed","template":"","meta":{"ngg_post_thumbnail":0},"product_brand":[],"product_cat":[2953,162,140],"product_tag":[],"class_list":{"0":"post-198185","1":"product","2":"type-product","3":"status-publish","4":"has-post-thumbnail","6":"product_cat-2025-fr","7":"product_cat-feuilles-personnalisees","8":"product_cat-new-york-issuing-office-fr","9":"pa_condition-cancelled-fr","10":"pa_condition-mint-fr","12":"first","13":"instock","14":"shipping-taxable","15":"purchasable","16":"product-type-variable"},"yoast_head":"<!-- This site is optimized with the Yoast SEO plugin v27.5 - https:\/\/yoast.com\/product\/yoast-seo-wordpress\/ -->\n<title>70 ans d&#039;appartenance aux Nations Unies - UN Timbres<\/title>\n<meta name=\"robots\" content=\"index, follow, max-snippet:-1, max-image-preview:large, max-video-preview:-1\" \/>\n<link rel=\"canonical\" href=\"https:\/\/unstamps.org\/fr\/produit\/70-ans-dappartenance-aux-nations-unies\/\" \/>\n<meta property=\"og:locale\" content=\"fr_FR\" \/>\n<meta property=\"og:type\" content=\"article\" \/>\n<meta property=\"og:title\" content=\"70 ans d&#039;appartenance aux Nations Unies - UN Timbres\" \/>\n<meta property=\"og:description\" content=\"Le 10 d\u00e9cembre 2025, l&#8217;Administration postale des Nations Unies \u00e9mettra une feuille d&#8217;\u00e9v\u00e9nement sp\u00e9cial de 10 timbres d&#8217;une valeur de 1,70 $ pour honorer les \u00c9tats membres ayant rejoint les Nations Unies il y a 70 ans. En 1955, 16 pays ont rejoint les Nations Unies, marquant la plus grande expansion de l&#8217;histoire de l&#8217;Organisation, [&hellip;]\" \/>\n<meta property=\"og:url\" content=\"https:\/\/unstamps.org\/fr\/produit\/70-ans-dappartenance-aux-nations-unies\/\" \/>\n<meta property=\"og:site_name\" content=\"UN Timbres\" \/>\n<meta property=\"article:modified_time\" content=\"2026-01-09T16:53:24+00:00\" \/>\n<meta property=\"og:image\" content=\"https:\/\/unstamps.org\/wp-content\/uploads\/2025\/12\/2025-70th-Accession-MINT.jpg\" \/>\n\t<meta property=\"og:image:width\" content=\"1024\" \/>\n\t<meta property=\"og:image:height\" content=\"1024\" \/>\n\t<meta property=\"og:image:type\" content=\"image\/jpeg\" \/>\n<meta name=\"twitter:card\" content=\"summary_large_image\" \/>\n<meta name=\"twitter:label1\" content=\"Dur\u00e9e de lecture estim\u00e9e\" \/>\n\t<meta name=\"twitter:data1\" content=\"2 minutes\" \/>\n<script type=\"application\/ld+json\" class=\"yoast-schema-graph\">{\"@context\":\"https:\\\/\\\/schema.org\",\"@graph\":[{\"@type\":\"WebPage\",\"@id\":\"https:\\\/\\\/unstamps.org\\\/fr\\\/produit\\\/70-ans-dappartenance-aux-nations-unies\\\/\",\"url\":\"https:\\\/\\\/unstamps.org\\\/fr\\\/produit\\\/70-ans-dappartenance-aux-nations-unies\\\/\",\"name\":\"70 ans d'appartenance aux Nations Unies - UN Timbres\",\"isPartOf\":{\"@id\":\"https:\\\/\\\/unstamps.org\\\/fr\\\/#website\"},\"primaryImageOfPage\":{\"@id\":\"https:\\\/\\\/unstamps.org\\\/fr\\\/produit\\\/70-ans-dappartenance-aux-nations-unies\\\/#primaryimage\"},\"image\":{\"@id\":\"https:\\\/\\\/unstamps.org\\\/fr\\\/produit\\\/70-ans-dappartenance-aux-nations-unies\\\/#primaryimage\"},\"thumbnailUrl\":\"https:\\\/\\\/unstamps.org\\\/wp-content\\\/uploads\\\/2025\\\/12\\\/2025-70th-Accession-MINT.jpg\",\"datePublished\":\"2025-12-09T20:01:28+00:00\",\"dateModified\":\"2026-01-09T16:53:24+00:00\",\"breadcrumb\":{\"@id\":\"https:\\\/\\\/unstamps.org\\\/fr\\\/produit\\\/70-ans-dappartenance-aux-nations-unies\\\/#breadcrumb\"},\"inLanguage\":\"fr-FR\",\"potentialAction\":[{\"@type\":\"ReadAction\",\"target\":[\"https:\\\/\\\/unstamps.org\\\/fr\\\/produit\\\/70-ans-dappartenance-aux-nations-unies\\\/\"]}]},{\"@type\":\"ImageObject\",\"inLanguage\":\"fr-FR\",\"@id\":\"https:\\\/\\\/unstamps.org\\\/fr\\\/produit\\\/70-ans-dappartenance-aux-nations-unies\\\/#primaryimage\",\"url\":\"https:\\\/\\\/unstamps.org\\\/wp-content\\\/uploads\\\/2025\\\/12\\\/2025-70th-Accession-MINT.jpg\",\"contentUrl\":\"https:\\\/\\\/unstamps.org\\\/wp-content\\\/uploads\\\/2025\\\/12\\\/2025-70th-Accession-MINT.jpg\",\"width\":1024,\"height\":1024},{\"@type\":\"BreadcrumbList\",\"@id\":\"https:\\\/\\\/unstamps.org\\\/fr\\\/produit\\\/70-ans-dappartenance-aux-nations-unies\\\/#breadcrumb\",\"itemListElement\":[{\"@type\":\"ListItem\",\"position\":1,\"name\":\"Home\",\"item\":\"https:\\\/\\\/unstamps.org\\\/fr\\\/\"},{\"@type\":\"ListItem\",\"position\":2,\"name\":\"Les produits\",\"item\":\"https:\\\/\\\/unstamps.org\\\/fr\\\/les-produits\\\/\"},{\"@type\":\"ListItem\",\"position\":3,\"name\":\"70 ans d&#8217;appartenance aux Nations Unies\"}]},{\"@type\":\"WebSite\",\"@id\":\"https:\\\/\\\/unstamps.org\\\/fr\\\/#website\",\"url\":\"https:\\\/\\\/unstamps.org\\\/fr\\\/\",\"name\":\"UN Stamps\",\"description\":\"United Nations Stamps\",\"publisher\":{\"@id\":\"https:\\\/\\\/unstamps.org\\\/fr\\\/#organization\"},\"potentialAction\":[{\"@type\":\"SearchAction\",\"target\":{\"@type\":\"EntryPoint\",\"urlTemplate\":\"https:\\\/\\\/unstamps.org\\\/fr\\\/?s={search_term_string}\"},\"query-input\":{\"@type\":\"PropertyValueSpecification\",\"valueRequired\":true,\"valueName\":\"search_term_string\"}}],\"inLanguage\":\"fr-FR\"},{\"@type\":\"Organization\",\"@id\":\"https:\\\/\\\/unstamps.org\\\/fr\\\/#organization\",\"name\":\"UN Stamps\",\"url\":\"https:\\\/\\\/unstamps.org\\\/fr\\\/\",\"logo\":{\"@type\":\"ImageObject\",\"inLanguage\":\"fr-FR\",\"@id\":\"https:\\\/\\\/unstamps.org\\\/fr\\\/#\\\/schema\\\/logo\\\/image\\\/\",\"url\":\"https:\\\/\\\/unstamps.org\\\/wp-content\\\/uploads\\\/2014\\\/01\\\/logo4web.jpg\",\"contentUrl\":\"https:\\\/\\\/unstamps.org\\\/wp-content\\\/uploads\\\/2014\\\/01\\\/logo4web.jpg\",\"width\":2500,\"height\":250,\"caption\":\"UN Stamps\"},\"image\":{\"@id\":\"https:\\\/\\\/unstamps.org\\\/fr\\\/#\\\/schema\\\/logo\\\/image\\\/\"}}]}<\/script>\n<!-- \/ Yoast SEO plugin. -->","yoast_head_json":{"title":"70 ans d'appartenance aux Nations Unies - UN Timbres","robots":{"index":"index","follow":"follow","max-snippet":"max-snippet:-1","max-image-preview":"max-image-preview:large","max-video-preview":"max-video-preview:-1"},"canonical":"https:\/\/unstamps.org\/fr\/produit\/70-ans-dappartenance-aux-nations-unies\/","og_locale":"fr_FR","og_type":"article","og_title":"70 ans d'appartenance aux Nations Unies - UN Timbres","og_description":"Le 10 d\u00e9cembre 2025, l&#8217;Administration postale des Nations Unies \u00e9mettra une feuille d&#8217;\u00e9v\u00e9nement sp\u00e9cial de 10 timbres d&#8217;une valeur de 1,70 $ pour honorer les \u00c9tats membres ayant rejoint les Nations Unies il y a 70 ans. En 1955, 16 pays ont rejoint les Nations Unies, marquant la plus grande expansion de l&#8217;histoire de l&#8217;Organisation, [&hellip;]","og_url":"https:\/\/unstamps.org\/fr\/produit\/70-ans-dappartenance-aux-nations-unies\/","og_site_name":"UN Timbres","article_modified_time":"2026-01-09T16:53:24+00:00","og_image":[{"width":1024,"height":1024,"url":"https:\/\/unstamps.org\/wp-content\/uploads\/2025\/12\/2025-70th-Accession-MINT.jpg","type":"image\/jpeg"}],"twitter_card":"summary_large_image","twitter_misc":{"Dur\u00e9e de lecture estim\u00e9e":"2 minutes"},"schema":{"@context":"https:\/\/schema.org","@graph":[{"@type":"WebPage","@id":"https:\/\/unstamps.org\/fr\/produit\/70-ans-dappartenance-aux-nations-unies\/","url":"https:\/\/unstamps.org\/fr\/produit\/70-ans-dappartenance-aux-nations-unies\/","name":"70 ans d'appartenance aux Nations Unies - UN Timbres","isPartOf":{"@id":"https:\/\/unstamps.org\/fr\/#website"},"primaryImageOfPage":{"@id":"https:\/\/unstamps.org\/fr\/produit\/70-ans-dappartenance-aux-nations-unies\/#primaryimage"},"image":{"@id":"https:\/\/unstamps.org\/fr\/produit\/70-ans-dappartenance-aux-nations-unies\/#primaryimage"},"thumbnailUrl":"https:\/\/unstamps.org\/wp-content\/uploads\/2025\/12\/2025-70th-Accession-MINT.jpg","datePublished":"2025-12-09T20:01:28+00:00","dateModified":"2026-01-09T16:53:24+00:00","breadcrumb":{"@id":"https:\/\/unstamps.org\/fr\/produit\/70-ans-dappartenance-aux-nations-unies\/#breadcrumb"},"inLanguage":"fr-FR","potentialAction":[{"@type":"ReadAction","target":["https:\/\/unstamps.org\/fr\/produit\/70-ans-dappartenance-aux-nations-unies\/"]}]},{"@type":"ImageObject","inLanguage":"fr-FR","@id":"https:\/\/unstamps.org\/fr\/produit\/70-ans-dappartenance-aux-nations-unies\/#primaryimage","url":"https:\/\/unstamps.org\/wp-content\/uploads\/2025\/12\/2025-70th-Accession-MINT.jpg","contentUrl":"https:\/\/unstamps.org\/wp-content\/uploads\/2025\/12\/2025-70th-Accession-MINT.jpg","width":1024,"height":1024},{"@type":"BreadcrumbList","@id":"https:\/\/unstamps.org\/fr\/produit\/70-ans-dappartenance-aux-nations-unies\/#breadcrumb","itemListElement":[{"@type":"ListItem","position":1,"name":"Home","item":"https:\/\/unstamps.org\/fr\/"},{"@type":"ListItem","position":2,"name":"Les produits","item":"https:\/\/unstamps.org\/fr\/les-produits\/"},{"@type":"ListItem","position":3,"name":"70 ans d&#8217;appartenance aux Nations Unies"}]},{"@type":"WebSite","@id":"https:\/\/unstamps.org\/fr\/#website","url":"https:\/\/unstamps.org\/fr\/","name":"UN Stamps","description":"United Nations Stamps","publisher":{"@id":"https:\/\/unstamps.org\/fr\/#organization"},"potentialAction":[{"@type":"SearchAction","target":{"@type":"EntryPoint","urlTemplate":"https:\/\/unstamps.org\/fr\/?s={search_term_string}"},"query-input":{"@type":"PropertyValueSpecification","valueRequired":true,"valueName":"search_term_string"}}],"inLanguage":"fr-FR"},{"@type":"Organization","@id":"https:\/\/unstamps.org\/fr\/#organization","name":"UN Stamps","url":"https:\/\/unstamps.org\/fr\/","logo":{"@type":"ImageObject","inLanguage":"fr-FR","@id":"https:\/\/unstamps.org\/fr\/#\/schema\/logo\/image\/","url":"https:\/\/unstamps.org\/wp-content\/uploads\/2014\/01\/logo4web.jpg","contentUrl":"https:\/\/unstamps.org\/wp-content\/uploads\/2014\/01\/logo4web.jpg","width":2500,"height":250,"caption":"UN Stamps"},"image":{"@id":"https:\/\/unstamps.org\/fr\/#\/schema\/logo\/image\/"}}]}},"jetpack_sharing_enabled":true,"publishpress_future_action":{"enabled":false,"date":"2026-05-10 11:19:59","action":"change-status","newStatus":"private","terms":[],"taxonomy":"product_cat","extraData":[]},"publishpress_future_workflow_manual_trigger":{"enabledWorkflows":[]},"_links":{"self":[{"href":"https:\/\/unstamps.org\/fr\/wp-json\/wp\/v2\/product\/198185","targetHints":{"allow":["GET"]}}],"collection":[{"href":"https:\/\/unstamps.org\/fr\/wp-json\/wp\/v2\/product"}],"about":[{"href":"https:\/\/unstamps.org\/fr\/wp-json\/wp\/v2\/types\/product"}],"replies":[{"embeddable":true,"href":"https:\/\/unstamps.org\/fr\/wp-json\/wp\/v2\/comments?post=198185"}],"wp:featuredmedia":[{"embeddable":true,"href":"https:\/\/unstamps.org\/fr\/wp-json\/wp\/v2\/media\/198238"}],"wp:attachment":[{"href":"https:\/\/unstamps.org\/fr\/wp-json\/wp\/v2\/media?parent=198185"}],"wp:term":[{"taxonomy":"product_brand","embeddable":true,"href":"https:\/\/unstamps.org\/fr\/wp-json\/wp\/v2\/product_brand?post=198185"},{"taxonomy":"product_cat","embeddable":true,"href":"https:\/\/unstamps.org\/fr\/wp-json\/wp\/v2\/product_cat?post=198185"},{"taxonomy":"product_tag","embeddable":true,"href":"https:\/\/unstamps.org\/fr\/wp-json\/wp\/v2\/product_tag?post=198185"}],"curies":[{"name":"wp","href":"https:\/\/api.w.org\/{rel}","templated":true}]}}