{"id":197846,"date":"2025-11-19T15:35:55","date_gmt":"2025-11-19T20:35:55","guid":{"rendered":"https:\/\/unstamps.org\/?post_type=product&#038;p=197846"},"modified":"2026-01-09T11:53:23","modified_gmt":"2026-01-09T16:53:23","slug":"depliant-annuel-2025-ny","status":"publish","type":"product","link":"https:\/\/unstamps.org\/fr\/produit\/depliant-annuel-2025-ny\/","title":{"rendered":"D\u00e9pliant annuel 2025 NY"},"content":{"rendered":"<p>Les d\u00e9pliants annuels de New York, de Gen\u00e8ve et de Vienne avec chacun des timbres \u00e9mis en 2025 sortiront le 21 novembre 2025. Les d\u00e9pliants sont imprim\u00e9s en couleur et fournissent des informations contextuelles sur chaque \u00e9mission. Les timbres et feuillets souvenirs neufs ne sont pas fix\u00e9s dans l\u2019album, car des cartes de classement sont pr\u00e9vues \u00e0 cet effet. <\/p>\n<p>Il convient de noter que les timbres de la s\u00e9rie \u00ab Esp\u00e8ces menac\u00e9es d\u2019extinction 2025 \u00bb ne seront pas inclus dans les d\u00e9pliants annuels de New York, Gen\u00e8ve et Vienne. Ils sont pr\u00e9sent\u00e9s dans leur propre d\u00e9pliant distinct. <\/p>\n<p>Le 7 novembre 2025 sera le dernier jour de vente des d\u00e9pliants annuels de 2023 de New York, Gen\u00e8ve et Vienne.<\/p>\n","protected":false},"excerpt":{"rendered":"<p>Les d\u00e9pliants annuels de New York, de Gen\u00e8ve et de Vienne avec chacun des timbres \u00e9mis en 2025 sortiront le 21 novembre 2025. Les d\u00e9pliants sont imprim\u00e9s en couleur et fournissent des informations contextuelles sur chaque \u00e9mission. Les timbres et feuillets souvenirs neufs ne sont pas fix\u00e9s dans l\u2019album, car des cartes de classement sont [&hellip;]<\/p>\n","protected":false},"featured_media":197867,"comment_status":"closed","ping_status":"closed","template":"","meta":{"ngg_post_thumbnail":0},"product_brand":[],"product_cat":[2953,179,140],"product_tag":[],"class_list":{"0":"post-197846","1":"product","2":"type-product","3":"status-publish","4":"has-post-thumbnail","6":"product_cat-2025-fr","7":"product_cat-depliants-annuels","8":"product_cat-new-york-issuing-office-fr","9":"pa_condition-cancelled-fr","10":"pa_condition-mint-fr","12":"first","13":"instock","14":"shipping-taxable","15":"purchasable","16":"product-type-variable"},"yoast_head":"<!-- This site is optimized with the Yoast SEO plugin v27.3 - https:\/\/yoast.com\/product\/yoast-seo-wordpress\/ -->\n<title>D\u00e9pliant annuel 2025 NY - UN Timbres<\/title>\n<meta name=\"robots\" content=\"index, follow, max-snippet:-1, max-image-preview:large, max-video-preview:-1\" \/>\n<link rel=\"canonical\" href=\"https:\/\/unstamps.org\/fr\/produit\/depliant-annuel-2025-ny\/\" \/>\n<meta property=\"og:locale\" content=\"fr_FR\" \/>\n<meta property=\"og:type\" content=\"article\" \/>\n<meta property=\"og:title\" content=\"D\u00e9pliant annuel 2025 NY - UN Timbres\" \/>\n<meta property=\"og:description\" content=\"Les d\u00e9pliants annuels de New York, de Gen\u00e8ve et de Vienne avec chacun des timbres \u00e9mis en 2025 sortiront le 21 novembre 2025. Les d\u00e9pliants sont imprim\u00e9s en couleur et fournissent des informations contextuelles sur chaque \u00e9mission. Les timbres et feuillets souvenirs neufs ne sont pas fix\u00e9s dans l\u2019album, car des cartes de classement sont [&hellip;]\" \/>\n<meta property=\"og:url\" content=\"https:\/\/unstamps.org\/fr\/produit\/depliant-annuel-2025-ny\/\" \/>\n<meta property=\"og:site_name\" content=\"UN Timbres\" \/>\n<meta property=\"article:modified_time\" content=\"2026-01-09T16:53:23+00:00\" \/>\n<meta property=\"og:image\" content=\"https:\/\/unstamps.org\/wp-content\/uploads\/2025\/11\/2025-Annual-Collection-Cover-NY.jpg\" \/>\n\t<meta property=\"og:image:width\" content=\"1024\" \/>\n\t<meta property=\"og:image:height\" content=\"1024\" \/>\n\t<meta property=\"og:image:type\" content=\"image\/jpeg\" \/>\n<meta name=\"twitter:card\" content=\"summary_large_image\" \/>\n<meta name=\"twitter:label1\" content=\"Dur\u00e9e de lecture estim\u00e9e\" \/>\n\t<meta name=\"twitter:data1\" content=\"1 minute\" \/>\n<script type=\"application\/ld+json\" class=\"yoast-schema-graph\">{\"@context\":\"https:\\\/\\\/schema.org\",\"@graph\":[{\"@type\":\"WebPage\",\"@id\":\"https:\\\/\\\/unstamps.org\\\/fr\\\/produit\\\/depliant-annuel-2025-ny\\\/\",\"url\":\"https:\\\/\\\/unstamps.org\\\/fr\\\/produit\\\/depliant-annuel-2025-ny\\\/\",\"name\":\"D\u00e9pliant annuel 2025 NY - UN Timbres\",\"isPartOf\":{\"@id\":\"https:\\\/\\\/unstamps.org\\\/fr\\\/#website\"},\"primaryImageOfPage\":{\"@id\":\"https:\\\/\\\/unstamps.org\\\/fr\\\/produit\\\/depliant-annuel-2025-ny\\\/#primaryimage\"},\"image\":{\"@id\":\"https:\\\/\\\/unstamps.org\\\/fr\\\/produit\\\/depliant-annuel-2025-ny\\\/#primaryimage\"},\"thumbnailUrl\":\"https:\\\/\\\/unstamps.org\\\/wp-content\\\/uploads\\\/2025\\\/11\\\/2025-Annual-Collection-Cover-NY.jpg\",\"datePublished\":\"2025-11-19T20:35:55+00:00\",\"dateModified\":\"2026-01-09T16:53:23+00:00\",\"breadcrumb\":{\"@id\":\"https:\\\/\\\/unstamps.org\\\/fr\\\/produit\\\/depliant-annuel-2025-ny\\\/#breadcrumb\"},\"inLanguage\":\"fr-FR\",\"potentialAction\":[{\"@type\":\"ReadAction\",\"target\":[\"https:\\\/\\\/unstamps.org\\\/fr\\\/produit\\\/depliant-annuel-2025-ny\\\/\"]}]},{\"@type\":\"ImageObject\",\"inLanguage\":\"fr-FR\",\"@id\":\"https:\\\/\\\/unstamps.org\\\/fr\\\/produit\\\/depliant-annuel-2025-ny\\\/#primaryimage\",\"url\":\"https:\\\/\\\/unstamps.org\\\/wp-content\\\/uploads\\\/2025\\\/11\\\/2025-Annual-Collection-Cover-NY.jpg\",\"contentUrl\":\"https:\\\/\\\/unstamps.org\\\/wp-content\\\/uploads\\\/2025\\\/11\\\/2025-Annual-Collection-Cover-NY.jpg\",\"width\":1024,\"height\":1024},{\"@type\":\"BreadcrumbList\",\"@id\":\"https:\\\/\\\/unstamps.org\\\/fr\\\/produit\\\/depliant-annuel-2025-ny\\\/#breadcrumb\",\"itemListElement\":[{\"@type\":\"ListItem\",\"position\":1,\"name\":\"Home\",\"item\":\"https:\\\/\\\/unstamps.org\\\/fr\\\/\"},{\"@type\":\"ListItem\",\"position\":2,\"name\":\"Les produits\",\"item\":\"https:\\\/\\\/unstamps.org\\\/fr\\\/les-produits\\\/\"},{\"@type\":\"ListItem\",\"position\":3,\"name\":\"D\u00e9pliant annuel 2025 NY\"}]},{\"@type\":\"WebSite\",\"@id\":\"https:\\\/\\\/unstamps.org\\\/fr\\\/#website\",\"url\":\"https:\\\/\\\/unstamps.org\\\/fr\\\/\",\"name\":\"UN Stamps\",\"description\":\"United Nations Stamps\",\"publisher\":{\"@id\":\"https:\\\/\\\/unstamps.org\\\/fr\\\/#organization\"},\"potentialAction\":[{\"@type\":\"SearchAction\",\"target\":{\"@type\":\"EntryPoint\",\"urlTemplate\":\"https:\\\/\\\/unstamps.org\\\/fr\\\/?s={search_term_string}\"},\"query-input\":{\"@type\":\"PropertyValueSpecification\",\"valueRequired\":true,\"valueName\":\"search_term_string\"}}],\"inLanguage\":\"fr-FR\"},{\"@type\":\"Organization\",\"@id\":\"https:\\\/\\\/unstamps.org\\\/fr\\\/#organization\",\"name\":\"UN Stamps\",\"url\":\"https:\\\/\\\/unstamps.org\\\/fr\\\/\",\"logo\":{\"@type\":\"ImageObject\",\"inLanguage\":\"fr-FR\",\"@id\":\"https:\\\/\\\/unstamps.org\\\/fr\\\/#\\\/schema\\\/logo\\\/image\\\/\",\"url\":\"https:\\\/\\\/unstamps.org\\\/wp-content\\\/uploads\\\/2014\\\/01\\\/logo4web.jpg\",\"contentUrl\":\"https:\\\/\\\/unstamps.org\\\/wp-content\\\/uploads\\\/2014\\\/01\\\/logo4web.jpg\",\"width\":2500,\"height\":250,\"caption\":\"UN Stamps\"},\"image\":{\"@id\":\"https:\\\/\\\/unstamps.org\\\/fr\\\/#\\\/schema\\\/logo\\\/image\\\/\"}}]}<\/script>\n<!-- \/ Yoast SEO plugin. -->","yoast_head_json":{"title":"D\u00e9pliant annuel 2025 NY - UN Timbres","robots":{"index":"index","follow":"follow","max-snippet":"max-snippet:-1","max-image-preview":"max-image-preview:large","max-video-preview":"max-video-preview:-1"},"canonical":"https:\/\/unstamps.org\/fr\/produit\/depliant-annuel-2025-ny\/","og_locale":"fr_FR","og_type":"article","og_title":"D\u00e9pliant annuel 2025 NY - UN Timbres","og_description":"Les d\u00e9pliants annuels de New York, de Gen\u00e8ve et de Vienne avec chacun des timbres \u00e9mis en 2025 sortiront le 21 novembre 2025. Les d\u00e9pliants sont imprim\u00e9s en couleur et fournissent des informations contextuelles sur chaque \u00e9mission. Les timbres et feuillets souvenirs neufs ne sont pas fix\u00e9s dans l\u2019album, car des cartes de classement sont [&hellip;]","og_url":"https:\/\/unstamps.org\/fr\/produit\/depliant-annuel-2025-ny\/","og_site_name":"UN Timbres","article_modified_time":"2026-01-09T16:53:23+00:00","og_image":[{"width":1024,"height":1024,"url":"https:\/\/unstamps.org\/wp-content\/uploads\/2025\/11\/2025-Annual-Collection-Cover-NY.jpg","type":"image\/jpeg"}],"twitter_card":"summary_large_image","twitter_misc":{"Dur\u00e9e de lecture estim\u00e9e":"1 minute"},"schema":{"@context":"https:\/\/schema.org","@graph":[{"@type":"WebPage","@id":"https:\/\/unstamps.org\/fr\/produit\/depliant-annuel-2025-ny\/","url":"https:\/\/unstamps.org\/fr\/produit\/depliant-annuel-2025-ny\/","name":"D\u00e9pliant annuel 2025 NY - UN Timbres","isPartOf":{"@id":"https:\/\/unstamps.org\/fr\/#website"},"primaryImageOfPage":{"@id":"https:\/\/unstamps.org\/fr\/produit\/depliant-annuel-2025-ny\/#primaryimage"},"image":{"@id":"https:\/\/unstamps.org\/fr\/produit\/depliant-annuel-2025-ny\/#primaryimage"},"thumbnailUrl":"https:\/\/unstamps.org\/wp-content\/uploads\/2025\/11\/2025-Annual-Collection-Cover-NY.jpg","datePublished":"2025-11-19T20:35:55+00:00","dateModified":"2026-01-09T16:53:23+00:00","breadcrumb":{"@id":"https:\/\/unstamps.org\/fr\/produit\/depliant-annuel-2025-ny\/#breadcrumb"},"inLanguage":"fr-FR","potentialAction":[{"@type":"ReadAction","target":["https:\/\/unstamps.org\/fr\/produit\/depliant-annuel-2025-ny\/"]}]},{"@type":"ImageObject","inLanguage":"fr-FR","@id":"https:\/\/unstamps.org\/fr\/produit\/depliant-annuel-2025-ny\/#primaryimage","url":"https:\/\/unstamps.org\/wp-content\/uploads\/2025\/11\/2025-Annual-Collection-Cover-NY.jpg","contentUrl":"https:\/\/unstamps.org\/wp-content\/uploads\/2025\/11\/2025-Annual-Collection-Cover-NY.jpg","width":1024,"height":1024},{"@type":"BreadcrumbList","@id":"https:\/\/unstamps.org\/fr\/produit\/depliant-annuel-2025-ny\/#breadcrumb","itemListElement":[{"@type":"ListItem","position":1,"name":"Home","item":"https:\/\/unstamps.org\/fr\/"},{"@type":"ListItem","position":2,"name":"Les produits","item":"https:\/\/unstamps.org\/fr\/les-produits\/"},{"@type":"ListItem","position":3,"name":"D\u00e9pliant annuel 2025 NY"}]},{"@type":"WebSite","@id":"https:\/\/unstamps.org\/fr\/#website","url":"https:\/\/unstamps.org\/fr\/","name":"UN Stamps","description":"United Nations Stamps","publisher":{"@id":"https:\/\/unstamps.org\/fr\/#organization"},"potentialAction":[{"@type":"SearchAction","target":{"@type":"EntryPoint","urlTemplate":"https:\/\/unstamps.org\/fr\/?s={search_term_string}"},"query-input":{"@type":"PropertyValueSpecification","valueRequired":true,"valueName":"search_term_string"}}],"inLanguage":"fr-FR"},{"@type":"Organization","@id":"https:\/\/unstamps.org\/fr\/#organization","name":"UN Stamps","url":"https:\/\/unstamps.org\/fr\/","logo":{"@type":"ImageObject","inLanguage":"fr-FR","@id":"https:\/\/unstamps.org\/fr\/#\/schema\/logo\/image\/","url":"https:\/\/unstamps.org\/wp-content\/uploads\/2014\/01\/logo4web.jpg","contentUrl":"https:\/\/unstamps.org\/wp-content\/uploads\/2014\/01\/logo4web.jpg","width":2500,"height":250,"caption":"UN Stamps"},"image":{"@id":"https:\/\/unstamps.org\/fr\/#\/schema\/logo\/image\/"}}]}},"jetpack_sharing_enabled":true,"publishpress_future_action":{"enabled":false,"date":"2026-04-19 01:32:35","action":"change-status","newStatus":"private","terms":[],"taxonomy":"product_cat","extraData":[]},"publishpress_future_workflow_manual_trigger":{"enabledWorkflows":[]},"_links":{"self":[{"href":"https:\/\/unstamps.org\/fr\/wp-json\/wp\/v2\/product\/197846","targetHints":{"allow":["GET"]}}],"collection":[{"href":"https:\/\/unstamps.org\/fr\/wp-json\/wp\/v2\/product"}],"about":[{"href":"https:\/\/unstamps.org\/fr\/wp-json\/wp\/v2\/types\/product"}],"replies":[{"embeddable":true,"href":"https:\/\/unstamps.org\/fr\/wp-json\/wp\/v2\/comments?post=197846"}],"wp:featuredmedia":[{"embeddable":true,"href":"https:\/\/unstamps.org\/fr\/wp-json\/wp\/v2\/media\/197867"}],"wp:attachment":[{"href":"https:\/\/unstamps.org\/fr\/wp-json\/wp\/v2\/media?parent=197846"}],"wp:term":[{"taxonomy":"product_brand","embeddable":true,"href":"https:\/\/unstamps.org\/fr\/wp-json\/wp\/v2\/product_brand?post=197846"},{"taxonomy":"product_cat","embeddable":true,"href":"https:\/\/unstamps.org\/fr\/wp-json\/wp\/v2\/product_cat?post=197846"},{"taxonomy":"product_tag","embeddable":true,"href":"https:\/\/unstamps.org\/fr\/wp-json\/wp\/v2\/product_tag?post=197846"}],"curies":[{"name":"wp","href":"https:\/\/api.w.org\/{rel}","templated":true}]}}