{"id":197128,"date":"2025-11-19T11:59:53","date_gmt":"2025-11-19T16:59:53","guid":{"rendered":"https:\/\/unstamps.org\/?post_type=product&#038;p=197128"},"modified":"2026-01-09T11:52:44","modified_gmt":"2026-01-09T16:52:44","slug":"2025-patrimoine-mondial-de-lunesco-mexique","status":"publish","type":"product","link":"https:\/\/unstamps.org\/fr\/produit\/2025-patrimoine-mondial-de-lunesco-mexique\/","title":{"rendered":"2025 Patrimoine Mondial De L&#8217;UNESCO &#8211; Mexique"},"content":{"rendered":"<p>La Convention du patrimoine mondial, adopt\u00e9e par l&#8217;Organisation des Nations Unies pour l&#8217;\u00e9ducation, la science et la culture (UNESCO) en 1972, souligne la responsabilit\u00e9 collective de toutes les nations de prot\u00e9ger ces sites pour les g\u00e9n\u00e9rations actuelles et futures. <\/p>\n<p>Le patrimoine mondial fait r\u00e9f\u00e9rence aux sites culturels et naturels de \u00ab valeur universelle exceptionnelle \u00bb qui sont reconnus par l&#8217;UNESCO comme n\u00e9cessitant une protection pour le bien de toute l&#8217;humanit\u00e9. Ces sites, inscrits sur la Liste du patrimoine mondial, repr\u00e9sentent un h\u00e9ritage commun et sont consid\u00e9r\u00e9s comme \u00e9tant d&#8217;une importance exceptionnelle pour le patrimoine culturel et naturel de la plan\u00e8te. <\/p>\n<p>Depuis pr\u00e8s de 30 ans, l&#8217;Administration postale des Nations Unies (APNU) \u00e9met des timbres \u00e0 l&#8217;effigie de sites du patrimoine mondial de l&#8217;UNESCO. L&#8217;APNU est fi\u00e8re de pr\u00e9senter aux collectionneurs sa s\u00e9rie 2025, mettant en vedette six sites situ\u00e9s au Mexique.<\/p>\n<p><strong>Date d\u2019\u00e9mission:<\/strong> 21 novembre 2025<br \/>\n<strong>Dessinateur:<\/strong> Rorie Katz (Nations Unies)<br \/>\n<strong>Photos:<\/strong> Adobe Stock<br \/>\n<strong>Valeurs:<\/strong> US$ 0.78, US$ 1.70, CHF 1,20, CHF 1,90, \u20ac 1,00, \u20ac 1,20<br \/>\n<strong>Format de timbre:<\/strong> 50 mm x 35 mm<br \/>\n<strong>Timbres par feuille:<\/strong> 20<br \/>\n<strong>Imprimeur:<\/strong> Royal Joh Ensched\u00e9 (Pays-Bas)<br \/>\n<strong>Reproduction:<\/strong> Lithographie offset<br \/>\n<strong>Dentelure:<\/strong> 14 \u00bd x 14 \u00bc<br \/>\n<strong>Les dessins:<\/strong><br \/>\n&#8211; US$ 0.78 Centre historique de Mexico et Xochimilco<br \/>\n&#8211; US$ 1.70 Ville pr\u00e9hispanique et parc national de Palenque<br \/>\n&#8211; CHF 1,20 R\u00e9serve de biosph\u00e8re du papillon monarque<br \/>\n&#8211; CHF 1,90 El Taj\u00edn, ville pr\u00e9hispanique<br \/>\n&#8211; \u20ac 1,00 Hospicio Caba\u00f1as, Guadalajara<br \/>\n&#8211; \u20ac 1,20 Ville historique de Guanajuato et mines adjacentes<br \/>\n<strong>Tirages:<\/strong><br \/>\n<em>Timbres<\/em><br \/>\n&#8211; US$ 0.78 4.500 feuilles (90.000 timbres)<br \/>\n&#8211; US$ 1.70 4.500 feuilles (90.000 timbres)<br \/>\n&#8211; CHF 1,20 3.500 feuilles (70.000 timbres)<br \/>\n&#8211; CHF 1,90 3.500 feuilles (70.000 timbres)<br \/>\n&#8211; \u20ac 1,00 3.500 feuilles (70.000 timbres)<br \/>\n&#8211; \u20ac 1,20 3.500 feuilles (70.000 timbres)<br \/>\n<em>Carnets de timbres<\/em><br \/>\n&#8211; New York (US$ 0.61, US$ 0.78) 3,750 carnets<br \/>\n&#8211; Geneva (CHF 0,35, CHF 0,55) 4,000 carnets<br \/>\n&#8211; Vienna (\u20ac 0,45, \u20ac 0,50) 4,750 carnets<\/p>\n","protected":false},"excerpt":{"rendered":"<p>La Convention du patrimoine mondial, adopt\u00e9e par l&#8217;Organisation des Nations Unies pour l&#8217;\u00e9ducation, la science et la culture (UNESCO) en 1972, souligne la responsabilit\u00e9 collective de toutes les nations de prot\u00e9ger ces sites pour les g\u00e9n\u00e9rations actuelles et futures. Le patrimoine mondial fait r\u00e9f\u00e9rence aux sites culturels et naturels de \u00ab valeur universelle exceptionnelle \u00bb [&hellip;]<\/p>\n","protected":false},"featured_media":197491,"comment_status":"closed","ping_status":"closed","template":"","meta":{"ngg_post_thumbnail":0},"product_brand":[],"product_cat":[2953,142],"product_tag":[],"class_list":{"0":"post-197128","1":"product","2":"type-product","3":"status-publish","4":"has-post-thumbnail","6":"product_cat-2025-fr","7":"product_cat-timbres-commemoratifs","9":"first","10":"instock","11":"shipping-taxable","12":"product-type-grouped"},"yoast_head":"<!-- This site is optimized with the Yoast SEO plugin v27.3 - https:\/\/yoast.com\/product\/yoast-seo-wordpress\/ -->\n<title>2025 Patrimoine Mondial De L&#039;UNESCO - Mexique - UN Timbres<\/title>\n<meta name=\"robots\" content=\"index, follow, max-snippet:-1, max-image-preview:large, max-video-preview:-1\" \/>\n<link rel=\"canonical\" href=\"https:\/\/unstamps.org\/fr\/produit\/2025-patrimoine-mondial-de-lunesco-mexique\/\" \/>\n<meta property=\"og:locale\" content=\"fr_FR\" \/>\n<meta property=\"og:type\" content=\"article\" \/>\n<meta property=\"og:title\" content=\"2025 Patrimoine Mondial De L&#039;UNESCO - Mexique - UN Timbres\" \/>\n<meta property=\"og:description\" content=\"La Convention du patrimoine mondial, adopt\u00e9e par l&#8217;Organisation des Nations Unies pour l&#8217;\u00e9ducation, la science et la culture (UNESCO) en 1972, souligne la responsabilit\u00e9 collective de toutes les nations de prot\u00e9ger ces sites pour les g\u00e9n\u00e9rations actuelles et futures. Le patrimoine mondial fait r\u00e9f\u00e9rence aux sites culturels et naturels de \u00ab valeur universelle exceptionnelle \u00bb [&hellip;]\" \/>\n<meta property=\"og:url\" content=\"https:\/\/unstamps.org\/fr\/produit\/2025-patrimoine-mondial-de-lunesco-mexique\/\" \/>\n<meta property=\"og:site_name\" content=\"UN Timbres\" \/>\n<meta property=\"article:modified_time\" content=\"2026-01-09T16:52:44+00:00\" \/>\n<meta property=\"og:image\" content=\"https:\/\/unstamps.org\/wp-content\/uploads\/2025\/11\/2025-WH-Mexico-FS-GROUP.jpg\" \/>\n\t<meta property=\"og:image:width\" content=\"1024\" \/>\n\t<meta property=\"og:image:height\" content=\"1024\" \/>\n\t<meta property=\"og:image:type\" content=\"image\/jpeg\" \/>\n<meta name=\"twitter:card\" content=\"summary_large_image\" \/>\n<meta name=\"twitter:label1\" content=\"Dur\u00e9e de lecture estim\u00e9e\" \/>\n\t<meta name=\"twitter:data1\" content=\"1 minute\" \/>\n<script type=\"application\/ld+json\" class=\"yoast-schema-graph\">{\"@context\":\"https:\\\/\\\/schema.org\",\"@graph\":[{\"@type\":\"WebPage\",\"@id\":\"https:\\\/\\\/unstamps.org\\\/fr\\\/produit\\\/2025-patrimoine-mondial-de-lunesco-mexique\\\/\",\"url\":\"https:\\\/\\\/unstamps.org\\\/fr\\\/produit\\\/2025-patrimoine-mondial-de-lunesco-mexique\\\/\",\"name\":\"2025 Patrimoine Mondial De L'UNESCO - Mexique - UN Timbres\",\"isPartOf\":{\"@id\":\"https:\\\/\\\/unstamps.org\\\/fr\\\/#website\"},\"primaryImageOfPage\":{\"@id\":\"https:\\\/\\\/unstamps.org\\\/fr\\\/produit\\\/2025-patrimoine-mondial-de-lunesco-mexique\\\/#primaryimage\"},\"image\":{\"@id\":\"https:\\\/\\\/unstamps.org\\\/fr\\\/produit\\\/2025-patrimoine-mondial-de-lunesco-mexique\\\/#primaryimage\"},\"thumbnailUrl\":\"https:\\\/\\\/unstamps.org\\\/wp-content\\\/uploads\\\/2025\\\/11\\\/2025-WH-Mexico-FS-GROUP.jpg\",\"datePublished\":\"2025-11-19T16:59:53+00:00\",\"dateModified\":\"2026-01-09T16:52:44+00:00\",\"breadcrumb\":{\"@id\":\"https:\\\/\\\/unstamps.org\\\/fr\\\/produit\\\/2025-patrimoine-mondial-de-lunesco-mexique\\\/#breadcrumb\"},\"inLanguage\":\"fr-FR\",\"potentialAction\":[{\"@type\":\"ReadAction\",\"target\":[\"https:\\\/\\\/unstamps.org\\\/fr\\\/produit\\\/2025-patrimoine-mondial-de-lunesco-mexique\\\/\"]}]},{\"@type\":\"ImageObject\",\"inLanguage\":\"fr-FR\",\"@id\":\"https:\\\/\\\/unstamps.org\\\/fr\\\/produit\\\/2025-patrimoine-mondial-de-lunesco-mexique\\\/#primaryimage\",\"url\":\"https:\\\/\\\/unstamps.org\\\/wp-content\\\/uploads\\\/2025\\\/11\\\/2025-WH-Mexico-FS-GROUP.jpg\",\"contentUrl\":\"https:\\\/\\\/unstamps.org\\\/wp-content\\\/uploads\\\/2025\\\/11\\\/2025-WH-Mexico-FS-GROUP.jpg\",\"width\":1024,\"height\":1024},{\"@type\":\"BreadcrumbList\",\"@id\":\"https:\\\/\\\/unstamps.org\\\/fr\\\/produit\\\/2025-patrimoine-mondial-de-lunesco-mexique\\\/#breadcrumb\",\"itemListElement\":[{\"@type\":\"ListItem\",\"position\":1,\"name\":\"Home\",\"item\":\"https:\\\/\\\/unstamps.org\\\/fr\\\/\"},{\"@type\":\"ListItem\",\"position\":2,\"name\":\"Les produits\",\"item\":\"https:\\\/\\\/unstamps.org\\\/fr\\\/les-produits\\\/\"},{\"@type\":\"ListItem\",\"position\":3,\"name\":\"2025 Patrimoine Mondial De L&#8217;UNESCO &#8211; Mexique\"}]},{\"@type\":\"WebSite\",\"@id\":\"https:\\\/\\\/unstamps.org\\\/fr\\\/#website\",\"url\":\"https:\\\/\\\/unstamps.org\\\/fr\\\/\",\"name\":\"UN Stamps\",\"description\":\"United Nations Stamps\",\"publisher\":{\"@id\":\"https:\\\/\\\/unstamps.org\\\/fr\\\/#organization\"},\"potentialAction\":[{\"@type\":\"SearchAction\",\"target\":{\"@type\":\"EntryPoint\",\"urlTemplate\":\"https:\\\/\\\/unstamps.org\\\/fr\\\/?s={search_term_string}\"},\"query-input\":{\"@type\":\"PropertyValueSpecification\",\"valueRequired\":true,\"valueName\":\"search_term_string\"}}],\"inLanguage\":\"fr-FR\"},{\"@type\":\"Organization\",\"@id\":\"https:\\\/\\\/unstamps.org\\\/fr\\\/#organization\",\"name\":\"UN Stamps\",\"url\":\"https:\\\/\\\/unstamps.org\\\/fr\\\/\",\"logo\":{\"@type\":\"ImageObject\",\"inLanguage\":\"fr-FR\",\"@id\":\"https:\\\/\\\/unstamps.org\\\/fr\\\/#\\\/schema\\\/logo\\\/image\\\/\",\"url\":\"https:\\\/\\\/unstamps.org\\\/wp-content\\\/uploads\\\/2014\\\/01\\\/logo4web.jpg\",\"contentUrl\":\"https:\\\/\\\/unstamps.org\\\/wp-content\\\/uploads\\\/2014\\\/01\\\/logo4web.jpg\",\"width\":2500,\"height\":250,\"caption\":\"UN Stamps\"},\"image\":{\"@id\":\"https:\\\/\\\/unstamps.org\\\/fr\\\/#\\\/schema\\\/logo\\\/image\\\/\"}}]}<\/script>\n<!-- \/ Yoast SEO plugin. -->","yoast_head_json":{"title":"2025 Patrimoine Mondial De L'UNESCO - Mexique - UN Timbres","robots":{"index":"index","follow":"follow","max-snippet":"max-snippet:-1","max-image-preview":"max-image-preview:large","max-video-preview":"max-video-preview:-1"},"canonical":"https:\/\/unstamps.org\/fr\/produit\/2025-patrimoine-mondial-de-lunesco-mexique\/","og_locale":"fr_FR","og_type":"article","og_title":"2025 Patrimoine Mondial De L'UNESCO - Mexique - UN Timbres","og_description":"La Convention du patrimoine mondial, adopt\u00e9e par l&#8217;Organisation des Nations Unies pour l&#8217;\u00e9ducation, la science et la culture (UNESCO) en 1972, souligne la responsabilit\u00e9 collective de toutes les nations de prot\u00e9ger ces sites pour les g\u00e9n\u00e9rations actuelles et futures. Le patrimoine mondial fait r\u00e9f\u00e9rence aux sites culturels et naturels de \u00ab valeur universelle exceptionnelle \u00bb [&hellip;]","og_url":"https:\/\/unstamps.org\/fr\/produit\/2025-patrimoine-mondial-de-lunesco-mexique\/","og_site_name":"UN Timbres","article_modified_time":"2026-01-09T16:52:44+00:00","og_image":[{"width":1024,"height":1024,"url":"https:\/\/unstamps.org\/wp-content\/uploads\/2025\/11\/2025-WH-Mexico-FS-GROUP.jpg","type":"image\/jpeg"}],"twitter_card":"summary_large_image","twitter_misc":{"Dur\u00e9e de lecture estim\u00e9e":"1 minute"},"schema":{"@context":"https:\/\/schema.org","@graph":[{"@type":"WebPage","@id":"https:\/\/unstamps.org\/fr\/produit\/2025-patrimoine-mondial-de-lunesco-mexique\/","url":"https:\/\/unstamps.org\/fr\/produit\/2025-patrimoine-mondial-de-lunesco-mexique\/","name":"2025 Patrimoine Mondial De L'UNESCO - Mexique - UN Timbres","isPartOf":{"@id":"https:\/\/unstamps.org\/fr\/#website"},"primaryImageOfPage":{"@id":"https:\/\/unstamps.org\/fr\/produit\/2025-patrimoine-mondial-de-lunesco-mexique\/#primaryimage"},"image":{"@id":"https:\/\/unstamps.org\/fr\/produit\/2025-patrimoine-mondial-de-lunesco-mexique\/#primaryimage"},"thumbnailUrl":"https:\/\/unstamps.org\/wp-content\/uploads\/2025\/11\/2025-WH-Mexico-FS-GROUP.jpg","datePublished":"2025-11-19T16:59:53+00:00","dateModified":"2026-01-09T16:52:44+00:00","breadcrumb":{"@id":"https:\/\/unstamps.org\/fr\/produit\/2025-patrimoine-mondial-de-lunesco-mexique\/#breadcrumb"},"inLanguage":"fr-FR","potentialAction":[{"@type":"ReadAction","target":["https:\/\/unstamps.org\/fr\/produit\/2025-patrimoine-mondial-de-lunesco-mexique\/"]}]},{"@type":"ImageObject","inLanguage":"fr-FR","@id":"https:\/\/unstamps.org\/fr\/produit\/2025-patrimoine-mondial-de-lunesco-mexique\/#primaryimage","url":"https:\/\/unstamps.org\/wp-content\/uploads\/2025\/11\/2025-WH-Mexico-FS-GROUP.jpg","contentUrl":"https:\/\/unstamps.org\/wp-content\/uploads\/2025\/11\/2025-WH-Mexico-FS-GROUP.jpg","width":1024,"height":1024},{"@type":"BreadcrumbList","@id":"https:\/\/unstamps.org\/fr\/produit\/2025-patrimoine-mondial-de-lunesco-mexique\/#breadcrumb","itemListElement":[{"@type":"ListItem","position":1,"name":"Home","item":"https:\/\/unstamps.org\/fr\/"},{"@type":"ListItem","position":2,"name":"Les produits","item":"https:\/\/unstamps.org\/fr\/les-produits\/"},{"@type":"ListItem","position":3,"name":"2025 Patrimoine Mondial De L&#8217;UNESCO &#8211; Mexique"}]},{"@type":"WebSite","@id":"https:\/\/unstamps.org\/fr\/#website","url":"https:\/\/unstamps.org\/fr\/","name":"UN Stamps","description":"United Nations Stamps","publisher":{"@id":"https:\/\/unstamps.org\/fr\/#organization"},"potentialAction":[{"@type":"SearchAction","target":{"@type":"EntryPoint","urlTemplate":"https:\/\/unstamps.org\/fr\/?s={search_term_string}"},"query-input":{"@type":"PropertyValueSpecification","valueRequired":true,"valueName":"search_term_string"}}],"inLanguage":"fr-FR"},{"@type":"Organization","@id":"https:\/\/unstamps.org\/fr\/#organization","name":"UN Stamps","url":"https:\/\/unstamps.org\/fr\/","logo":{"@type":"ImageObject","inLanguage":"fr-FR","@id":"https:\/\/unstamps.org\/fr\/#\/schema\/logo\/image\/","url":"https:\/\/unstamps.org\/wp-content\/uploads\/2014\/01\/logo4web.jpg","contentUrl":"https:\/\/unstamps.org\/wp-content\/uploads\/2014\/01\/logo4web.jpg","width":2500,"height":250,"caption":"UN Stamps"},"image":{"@id":"https:\/\/unstamps.org\/fr\/#\/schema\/logo\/image\/"}}]}},"jetpack_sharing_enabled":true,"publishpress_future_action":{"enabled":false,"date":"2026-04-12 15:54:46","action":"change-status","newStatus":"private","terms":[],"taxonomy":"product_cat","extraData":[]},"publishpress_future_workflow_manual_trigger":{"enabledWorkflows":[]},"_links":{"self":[{"href":"https:\/\/unstamps.org\/fr\/wp-json\/wp\/v2\/product\/197128","targetHints":{"allow":["GET"]}}],"collection":[{"href":"https:\/\/unstamps.org\/fr\/wp-json\/wp\/v2\/product"}],"about":[{"href":"https:\/\/unstamps.org\/fr\/wp-json\/wp\/v2\/types\/product"}],"replies":[{"embeddable":true,"href":"https:\/\/unstamps.org\/fr\/wp-json\/wp\/v2\/comments?post=197128"}],"wp:featuredmedia":[{"embeddable":true,"href":"https:\/\/unstamps.org\/fr\/wp-json\/wp\/v2\/media\/197491"}],"wp:attachment":[{"href":"https:\/\/unstamps.org\/fr\/wp-json\/wp\/v2\/media?parent=197128"}],"wp:term":[{"taxonomy":"product_brand","embeddable":true,"href":"https:\/\/unstamps.org\/fr\/wp-json\/wp\/v2\/product_brand?post=197128"},{"taxonomy":"product_cat","embeddable":true,"href":"https:\/\/unstamps.org\/fr\/wp-json\/wp\/v2\/product_cat?post=197128"},{"taxonomy":"product_tag","embeddable":true,"href":"https:\/\/unstamps.org\/fr\/wp-json\/wp\/v2\/product_tag?post=197128"}],"curies":[{"name":"wp","href":"https:\/\/api.w.org\/{rel}","templated":true}]}}