{"id":196758,"date":"2025-10-20T09:50:25","date_gmt":"2025-10-20T13:50:25","guid":{"rendered":"https:\/\/unstamps.org\/?post_type=product&#038;p=196758"},"modified":"2026-01-09T11:52:41","modified_gmt":"2026-01-09T16:52:41","slug":"un80-enveloppes-1er-jour-jumbo-ny","status":"publish","type":"product","link":"https:\/\/unstamps.org\/fr\/produit\/un80-enveloppes-1er-jour-jumbo-ny\/","title":{"rendered":"UN80 &#8211; Enveloppes 1er jour Jumbo NY"},"content":{"rendered":"<p><em>(Les illustrations des enveloppes premier jour sont des sp\u00e9cimens et les originaux pourraient l\u00e9g\u00e8rement diverger)<\/em><\/p>\n<p><strong>Jumbo<\/strong> \u2013 un total de trois enveloppes grand format, chacune avec une feuille enti\u00e8re pour chaque bureau et portant l\u2019oblit\u00e9ration correspondante<\/p>\n<p><img loading=\"lazy\" decoding=\"async\" class=\"aligncenter size-large wp-image-196798\" src=\"https:\/\/unstamps.org\/wp-content\/uploads\/2025\/10\/2025-UN80-Cancels-860x287.jpg\" alt=\"\" width=\"860\" height=\"287\" srcset=\"https:\/\/unstamps.org\/wp-content\/uploads\/2025\/10\/2025-UN80-Cancels-860x287.jpg 860w, https:\/\/unstamps.org\/wp-content\/uploads\/2025\/10\/2025-UN80-Cancels-768x256.jpg 768w, https:\/\/unstamps.org\/wp-content\/uploads\/2025\/10\/2025-UN80-Cancels-1536x512.jpg 1536w, https:\/\/unstamps.org\/wp-content\/uploads\/2025\/10\/2025-UN80-Cancels-1170x390.jpg 1170w, https:\/\/unstamps.org\/wp-content\/uploads\/2025\/10\/2025-UN80-Cancels-600x200.jpg 600w, https:\/\/unstamps.org\/wp-content\/uploads\/2025\/10\/2025-UN80-Cancels.jpg 1800w\" sizes=\"auto, (max-width: 860px) 100vw, 860px\" \/><\/p>\n","protected":false},"excerpt":{"rendered":"<p>(Les illustrations des enveloppes premier jour sont des sp\u00e9cimens et les originaux pourraient l\u00e9g\u00e8rement diverger) Jumbo \u2013 un total de trois enveloppes grand format, chacune avec une feuille enti\u00e8re pour chaque bureau et portant l\u2019oblit\u00e9ration correspondante<\/p>\n","protected":false},"featured_media":196824,"comment_status":"closed","ping_status":"closed","template":"","meta":{"ngg_post_thumbnail":0},"product_brand":[],"product_cat":[2953,184,140],"product_tag":[],"class_list":{"0":"post-196758","1":"product","2":"type-product","3":"status-publish","4":"has-post-thumbnail","6":"product_cat-2025-fr","7":"product_cat-enveloppes-premier-jour","8":"product_cat-new-york-issuing-office-fr","10":"first","11":"instock","12":"shipping-taxable","13":"purchasable","14":"product-type-simple"},"yoast_head":"<!-- This site is optimized with the Yoast SEO plugin v27.3 - https:\/\/yoast.com\/product\/yoast-seo-wordpress\/ -->\n<title>UN80 - Enveloppes 1er jour Jumbo NY - UN Timbres<\/title>\n<meta name=\"robots\" content=\"index, follow, max-snippet:-1, max-image-preview:large, max-video-preview:-1\" \/>\n<link rel=\"canonical\" href=\"https:\/\/unstamps.org\/fr\/produit\/un80-enveloppes-1er-jour-jumbo-ny\/\" \/>\n<meta property=\"og:locale\" content=\"fr_FR\" \/>\n<meta property=\"og:type\" content=\"article\" \/>\n<meta property=\"og:title\" content=\"UN80 - Enveloppes 1er jour Jumbo NY - UN Timbres\" \/>\n<meta property=\"og:description\" content=\"(Les illustrations des enveloppes premier jour sont des sp\u00e9cimens et les originaux pourraient l\u00e9g\u00e8rement diverger) Jumbo \u2013 un total de trois enveloppes grand format, chacune avec une feuille enti\u00e8re pour chaque bureau et portant l\u2019oblit\u00e9ration correspondante\" \/>\n<meta property=\"og:url\" content=\"https:\/\/unstamps.org\/fr\/produit\/un80-enveloppes-1er-jour-jumbo-ny\/\" \/>\n<meta property=\"og:site_name\" content=\"UN Timbres\" \/>\n<meta property=\"article:modified_time\" content=\"2026-01-09T16:52:41+00:00\" \/>\n<meta property=\"og:image\" content=\"https:\/\/unstamps.org\/wp-content\/uploads\/2025\/10\/2025-UN80-FDC-NY.jpg\" \/>\n\t<meta property=\"og:image:width\" content=\"1024\" \/>\n\t<meta property=\"og:image:height\" content=\"1024\" \/>\n\t<meta property=\"og:image:type\" content=\"image\/jpeg\" \/>\n<meta name=\"twitter:card\" content=\"summary_large_image\" \/>\n<script type=\"application\/ld+json\" class=\"yoast-schema-graph\">{\"@context\":\"https:\\\/\\\/schema.org\",\"@graph\":[{\"@type\":\"WebPage\",\"@id\":\"https:\\\/\\\/unstamps.org\\\/fr\\\/produit\\\/un80-enveloppes-1er-jour-jumbo-ny\\\/\",\"url\":\"https:\\\/\\\/unstamps.org\\\/fr\\\/produit\\\/un80-enveloppes-1er-jour-jumbo-ny\\\/\",\"name\":\"UN80 - Enveloppes 1er jour Jumbo NY - UN Timbres\",\"isPartOf\":{\"@id\":\"https:\\\/\\\/unstamps.org\\\/fr\\\/#website\"},\"primaryImageOfPage\":{\"@id\":\"https:\\\/\\\/unstamps.org\\\/fr\\\/produit\\\/un80-enveloppes-1er-jour-jumbo-ny\\\/#primaryimage\"},\"image\":{\"@id\":\"https:\\\/\\\/unstamps.org\\\/fr\\\/produit\\\/un80-enveloppes-1er-jour-jumbo-ny\\\/#primaryimage\"},\"thumbnailUrl\":\"https:\\\/\\\/unstamps.org\\\/wp-content\\\/uploads\\\/2025\\\/10\\\/2025-UN80-FDC-NY.jpg\",\"datePublished\":\"2025-10-20T13:50:25+00:00\",\"dateModified\":\"2026-01-09T16:52:41+00:00\",\"breadcrumb\":{\"@id\":\"https:\\\/\\\/unstamps.org\\\/fr\\\/produit\\\/un80-enveloppes-1er-jour-jumbo-ny\\\/#breadcrumb\"},\"inLanguage\":\"fr-FR\",\"potentialAction\":[{\"@type\":\"ReadAction\",\"target\":[\"https:\\\/\\\/unstamps.org\\\/fr\\\/produit\\\/un80-enveloppes-1er-jour-jumbo-ny\\\/\"]}]},{\"@type\":\"ImageObject\",\"inLanguage\":\"fr-FR\",\"@id\":\"https:\\\/\\\/unstamps.org\\\/fr\\\/produit\\\/un80-enveloppes-1er-jour-jumbo-ny\\\/#primaryimage\",\"url\":\"https:\\\/\\\/unstamps.org\\\/wp-content\\\/uploads\\\/2025\\\/10\\\/2025-UN80-FDC-NY.jpg\",\"contentUrl\":\"https:\\\/\\\/unstamps.org\\\/wp-content\\\/uploads\\\/2025\\\/10\\\/2025-UN80-FDC-NY.jpg\",\"width\":1024,\"height\":1024},{\"@type\":\"BreadcrumbList\",\"@id\":\"https:\\\/\\\/unstamps.org\\\/fr\\\/produit\\\/un80-enveloppes-1er-jour-jumbo-ny\\\/#breadcrumb\",\"itemListElement\":[{\"@type\":\"ListItem\",\"position\":1,\"name\":\"Home\",\"item\":\"https:\\\/\\\/unstamps.org\\\/fr\\\/\"},{\"@type\":\"ListItem\",\"position\":2,\"name\":\"Les produits\",\"item\":\"https:\\\/\\\/unstamps.org\\\/fr\\\/les-produits\\\/\"},{\"@type\":\"ListItem\",\"position\":3,\"name\":\"UN80 &#8211; Enveloppes 1er jour Jumbo NY\"}]},{\"@type\":\"WebSite\",\"@id\":\"https:\\\/\\\/unstamps.org\\\/fr\\\/#website\",\"url\":\"https:\\\/\\\/unstamps.org\\\/fr\\\/\",\"name\":\"UN Stamps\",\"description\":\"United Nations Stamps\",\"publisher\":{\"@id\":\"https:\\\/\\\/unstamps.org\\\/fr\\\/#organization\"},\"potentialAction\":[{\"@type\":\"SearchAction\",\"target\":{\"@type\":\"EntryPoint\",\"urlTemplate\":\"https:\\\/\\\/unstamps.org\\\/fr\\\/?s={search_term_string}\"},\"query-input\":{\"@type\":\"PropertyValueSpecification\",\"valueRequired\":true,\"valueName\":\"search_term_string\"}}],\"inLanguage\":\"fr-FR\"},{\"@type\":\"Organization\",\"@id\":\"https:\\\/\\\/unstamps.org\\\/fr\\\/#organization\",\"name\":\"UN Stamps\",\"url\":\"https:\\\/\\\/unstamps.org\\\/fr\\\/\",\"logo\":{\"@type\":\"ImageObject\",\"inLanguage\":\"fr-FR\",\"@id\":\"https:\\\/\\\/unstamps.org\\\/fr\\\/#\\\/schema\\\/logo\\\/image\\\/\",\"url\":\"https:\\\/\\\/unstamps.org\\\/wp-content\\\/uploads\\\/2014\\\/01\\\/logo4web.jpg\",\"contentUrl\":\"https:\\\/\\\/unstamps.org\\\/wp-content\\\/uploads\\\/2014\\\/01\\\/logo4web.jpg\",\"width\":2500,\"height\":250,\"caption\":\"UN Stamps\"},\"image\":{\"@id\":\"https:\\\/\\\/unstamps.org\\\/fr\\\/#\\\/schema\\\/logo\\\/image\\\/\"}}]}<\/script>\n<!-- \/ Yoast SEO plugin. -->","yoast_head_json":{"title":"UN80 - Enveloppes 1er jour Jumbo NY - UN Timbres","robots":{"index":"index","follow":"follow","max-snippet":"max-snippet:-1","max-image-preview":"max-image-preview:large","max-video-preview":"max-video-preview:-1"},"canonical":"https:\/\/unstamps.org\/fr\/produit\/un80-enveloppes-1er-jour-jumbo-ny\/","og_locale":"fr_FR","og_type":"article","og_title":"UN80 - Enveloppes 1er jour Jumbo NY - UN Timbres","og_description":"(Les illustrations des enveloppes premier jour sont des sp\u00e9cimens et les originaux pourraient l\u00e9g\u00e8rement diverger) Jumbo \u2013 un total de trois enveloppes grand format, chacune avec une feuille enti\u00e8re pour chaque bureau et portant l\u2019oblit\u00e9ration correspondante","og_url":"https:\/\/unstamps.org\/fr\/produit\/un80-enveloppes-1er-jour-jumbo-ny\/","og_site_name":"UN Timbres","article_modified_time":"2026-01-09T16:52:41+00:00","og_image":[{"width":1024,"height":1024,"url":"https:\/\/unstamps.org\/wp-content\/uploads\/2025\/10\/2025-UN80-FDC-NY.jpg","type":"image\/jpeg"}],"twitter_card":"summary_large_image","schema":{"@context":"https:\/\/schema.org","@graph":[{"@type":"WebPage","@id":"https:\/\/unstamps.org\/fr\/produit\/un80-enveloppes-1er-jour-jumbo-ny\/","url":"https:\/\/unstamps.org\/fr\/produit\/un80-enveloppes-1er-jour-jumbo-ny\/","name":"UN80 - Enveloppes 1er jour Jumbo NY - UN Timbres","isPartOf":{"@id":"https:\/\/unstamps.org\/fr\/#website"},"primaryImageOfPage":{"@id":"https:\/\/unstamps.org\/fr\/produit\/un80-enveloppes-1er-jour-jumbo-ny\/#primaryimage"},"image":{"@id":"https:\/\/unstamps.org\/fr\/produit\/un80-enveloppes-1er-jour-jumbo-ny\/#primaryimage"},"thumbnailUrl":"https:\/\/unstamps.org\/wp-content\/uploads\/2025\/10\/2025-UN80-FDC-NY.jpg","datePublished":"2025-10-20T13:50:25+00:00","dateModified":"2026-01-09T16:52:41+00:00","breadcrumb":{"@id":"https:\/\/unstamps.org\/fr\/produit\/un80-enveloppes-1er-jour-jumbo-ny\/#breadcrumb"},"inLanguage":"fr-FR","potentialAction":[{"@type":"ReadAction","target":["https:\/\/unstamps.org\/fr\/produit\/un80-enveloppes-1er-jour-jumbo-ny\/"]}]},{"@type":"ImageObject","inLanguage":"fr-FR","@id":"https:\/\/unstamps.org\/fr\/produit\/un80-enveloppes-1er-jour-jumbo-ny\/#primaryimage","url":"https:\/\/unstamps.org\/wp-content\/uploads\/2025\/10\/2025-UN80-FDC-NY.jpg","contentUrl":"https:\/\/unstamps.org\/wp-content\/uploads\/2025\/10\/2025-UN80-FDC-NY.jpg","width":1024,"height":1024},{"@type":"BreadcrumbList","@id":"https:\/\/unstamps.org\/fr\/produit\/un80-enveloppes-1er-jour-jumbo-ny\/#breadcrumb","itemListElement":[{"@type":"ListItem","position":1,"name":"Home","item":"https:\/\/unstamps.org\/fr\/"},{"@type":"ListItem","position":2,"name":"Les produits","item":"https:\/\/unstamps.org\/fr\/les-produits\/"},{"@type":"ListItem","position":3,"name":"UN80 &#8211; Enveloppes 1er jour Jumbo NY"}]},{"@type":"WebSite","@id":"https:\/\/unstamps.org\/fr\/#website","url":"https:\/\/unstamps.org\/fr\/","name":"UN Stamps","description":"United Nations Stamps","publisher":{"@id":"https:\/\/unstamps.org\/fr\/#organization"},"potentialAction":[{"@type":"SearchAction","target":{"@type":"EntryPoint","urlTemplate":"https:\/\/unstamps.org\/fr\/?s={search_term_string}"},"query-input":{"@type":"PropertyValueSpecification","valueRequired":true,"valueName":"search_term_string"}}],"inLanguage":"fr-FR"},{"@type":"Organization","@id":"https:\/\/unstamps.org\/fr\/#organization","name":"UN Stamps","url":"https:\/\/unstamps.org\/fr\/","logo":{"@type":"ImageObject","inLanguage":"fr-FR","@id":"https:\/\/unstamps.org\/fr\/#\/schema\/logo\/image\/","url":"https:\/\/unstamps.org\/wp-content\/uploads\/2014\/01\/logo4web.jpg","contentUrl":"https:\/\/unstamps.org\/wp-content\/uploads\/2014\/01\/logo4web.jpg","width":2500,"height":250,"caption":"UN Stamps"},"image":{"@id":"https:\/\/unstamps.org\/fr\/#\/schema\/logo\/image\/"}}]}},"jetpack_sharing_enabled":true,"publishpress_future_action":{"enabled":false,"date":"2026-04-15 00:27:50","action":"change-status","newStatus":"private","terms":[],"taxonomy":"product_cat","extraData":[]},"publishpress_future_workflow_manual_trigger":{"enabledWorkflows":[]},"_links":{"self":[{"href":"https:\/\/unstamps.org\/fr\/wp-json\/wp\/v2\/product\/196758","targetHints":{"allow":["GET"]}}],"collection":[{"href":"https:\/\/unstamps.org\/fr\/wp-json\/wp\/v2\/product"}],"about":[{"href":"https:\/\/unstamps.org\/fr\/wp-json\/wp\/v2\/types\/product"}],"replies":[{"embeddable":true,"href":"https:\/\/unstamps.org\/fr\/wp-json\/wp\/v2\/comments?post=196758"}],"wp:featuredmedia":[{"embeddable":true,"href":"https:\/\/unstamps.org\/fr\/wp-json\/wp\/v2\/media\/196824"}],"wp:attachment":[{"href":"https:\/\/unstamps.org\/fr\/wp-json\/wp\/v2\/media?parent=196758"}],"wp:term":[{"taxonomy":"product_brand","embeddable":true,"href":"https:\/\/unstamps.org\/fr\/wp-json\/wp\/v2\/product_brand?post=196758"},{"taxonomy":"product_cat","embeddable":true,"href":"https:\/\/unstamps.org\/fr\/wp-json\/wp\/v2\/product_cat?post=196758"},{"taxonomy":"product_tag","embeddable":true,"href":"https:\/\/unstamps.org\/fr\/wp-json\/wp\/v2\/product_tag?post=196758"}],"curies":[{"name":"wp","href":"https:\/\/api.w.org\/{rel}","templated":true}]}}