{"id":196683,"date":"2025-10-20T10:22:29","date_gmt":"2025-10-20T14:22:29","guid":{"rendered":"https:\/\/unstamps.org\/?post_type=product&#038;p=196683"},"modified":"2026-01-09T11:52:40","modified_gmt":"2026-01-09T16:52:40","slug":"80e-anniversaire-des-nations-unies","status":"publish","type":"product","link":"https:\/\/unstamps.org\/fr\/produit\/80e-anniversaire-des-nations-unies\/","title":{"rendered":"80e Anniversaire Des Nations Unies"},"content":{"rendered":"<p>L\u2019Administration postale des Nations Unies \u00e9met trois feuilles de timbres le 24 octobre 2025 pour c\u00e9l\u00e9brer le 80e anniversaire des Nations Unies.<\/p>\n<p>Alors que l\u2019ONU c\u00e9l\u00e8bre son 80e anniversaire cette ann\u00e9e, le Secr\u00e9taire g\u00e9n\u00e9ral a lanc\u00e9 l\u2019Initiative ONU80, un projet de r\u00e9forme \u00e0 l\u2019\u00e9chelle du syst\u00e8me ONU visant \u00e0 r\u00e9pondre \u00e0 une question fondamentale : comment pouvons-nous \u00eatre plus agiles, coordonn\u00e9s et efficaces pour les 80 prochaines ann\u00e9es ?<\/p>\n<p>\u00c0 l\u2019heure o\u00f9 les crises mondiales s\u2019intensifient et o\u00f9 le multilat\u00e9ralisme est mis \u00e0 rude \u00e9preuve, l\u2019Initiative ONU80 vise \u00e0 repenser la mani\u00e8re dont l\u2019ONU agit, non pas en faisant moins, mais en faisant mieux.<\/p>\n<p>L&#8217;initiative UN80 s&#8217;articule autour de trois axes de travail parall\u00e8les :<\/p>\n<p>\u2022 Renforcer l&#8217;efficacit\u00e9 et am\u00e9liorer notre gestion et notre fonctionnement<br \/>\n\u2022 Examiner la mani\u00e8re dont les mandats sont mis en \u0153uvre, et non leur nature<br \/>\n\u2022 \u00c9tudier la r\u00e9organisation structurelle et programmatique au sein du syst\u00e8me des Nations Unies<\/p>\n<p>Cet effort vise \u00e0 rendre l&#8217;ONU plus efficace, plus agile et plus r\u00e9active. Il s&#8217;agit d&#8217;optimiser l&#8217;utilisation de nos ressources limit\u00e9es en travaillant plus efficacement, en r\u00e9duisant la bureaucratie et en soutenant mieux notre personnel et les personnes que nous servons.<\/p>\n<p>Les Designs<\/p>\n<p>Les trois feuilles de timbres, d&#8217;une valeur faciale de 1,70 $, 1,70 CHF et 2,10 \u20ac, sont constitu\u00e9es de quatre timbres dispos\u00e9s verticalement. Les dessins reprennent les th\u00e8mes des piliers de l&#8217;ONU : paix et s\u00e9curit\u00e9, d\u00e9veloppement et droits de l&#8217;homme.<\/p>\n<p>Le premier timbre (en partant du haut) repr\u00e9sente la Terre sous forme de v\u00e9g\u00e9tation, symbolisant la croissance.<\/p>\n<p>Le deuxi\u00e8me timbre est consacr\u00e9 aux droits de l&#8217;homme : la colombe de la paix et la main repr\u00e9sentent l&#8217;humanit\u00e9 unie dans un objectif commun de tol\u00e9rance, d&#8217;acceptation et d&#8217;amour.<\/p>\n<p>Le troisi\u00e8me timbre montre un arc-en-ciel architectural qui s&#8217;int\u00e8gre \u00e0 une colombe de la paix, prot\u00e9geant la v\u00e9g\u00e9tation en pleine croissance qui ouvre la voie au progr\u00e8s et au d\u00e9veloppement. Sans paix et sans s\u00e9curit\u00e9, les communaut\u00e9s ne peuvent prosp\u00e9rer.<\/p>\n<p>Le dernier timbre, en bas, repr\u00e9sente la libert\u00e9 du papillon, symbole de transformation et d&#8217;espoir.<\/p>\n<p>Date d\u2019\u00e9mission: 24 octobre 2025<br \/>\n<strong>Conception :<\/strong> Nora Rosansky (Nations Unies)<br \/>\n<strong>Format du timbre:<\/strong> 40 mm x 30 mm<br \/>\n<strong>Format de la feuille:<\/strong> 120 mm x 165 mm<br \/>\n<strong>Timbres par feuille :<\/strong> 4<br \/>\n<strong>Imprimeur:<\/strong> Joh. Ensched\u00e9 Stamps Security Printers B.V.<br \/>\n(Royaume des Pays-Bas)<br \/>\n<strong>Processus:<\/strong> Lithographie offset<br \/>\n<strong>Quantit\u00e9s<\/strong><br \/>\n$1.70 10,000 feuilles<br \/>\nCHF 1,70 10,000 feuilles<br \/>\n\u20ac2,10 10,000 feuilles<\/p>\n","protected":false},"excerpt":{"rendered":"<p>L\u2019Administration postale des Nations Unies \u00e9met trois feuilles de timbres le 24 octobre 2025 pour c\u00e9l\u00e9brer le 80e anniversaire des Nations Unies. Alors que l\u2019ONU c\u00e9l\u00e8bre son 80e anniversaire cette ann\u00e9e, le Secr\u00e9taire g\u00e9n\u00e9ral a lanc\u00e9 l\u2019Initiative ONU80, un projet de r\u00e9forme \u00e0 l\u2019\u00e9chelle du syst\u00e8me ONU visant \u00e0 r\u00e9pondre \u00e0 une question fondamentale : [&hellip;]<\/p>\n","protected":false},"featured_media":196788,"comment_status":"closed","ping_status":"closed","template":"","meta":{"ngg_post_thumbnail":0},"product_brand":[],"product_cat":[2953,142],"product_tag":[],"class_list":{"0":"post-196683","1":"product","2":"type-product","3":"status-publish","4":"has-post-thumbnail","6":"product_cat-2025-fr","7":"product_cat-timbres-commemoratifs","9":"first","10":"instock","11":"shipping-taxable","12":"product-type-grouped"},"yoast_head":"<!-- This site is optimized with the Yoast SEO plugin v27.3 - https:\/\/yoast.com\/product\/yoast-seo-wordpress\/ -->\n<title>80e Anniversaire Des Nations Unies - UN Timbres<\/title>\n<meta name=\"robots\" content=\"index, follow, max-snippet:-1, max-image-preview:large, max-video-preview:-1\" \/>\n<link rel=\"canonical\" href=\"https:\/\/unstamps.org\/fr\/produit\/80e-anniversaire-des-nations-unies\/\" \/>\n<meta property=\"og:locale\" content=\"fr_FR\" \/>\n<meta property=\"og:type\" content=\"article\" \/>\n<meta property=\"og:title\" content=\"80e Anniversaire Des Nations Unies - UN Timbres\" \/>\n<meta property=\"og:description\" content=\"L\u2019Administration postale des Nations Unies \u00e9met trois feuilles de timbres le 24 octobre 2025 pour c\u00e9l\u00e9brer le 80e anniversaire des Nations Unies. Alors que l\u2019ONU c\u00e9l\u00e8bre son 80e anniversaire cette ann\u00e9e, le Secr\u00e9taire g\u00e9n\u00e9ral a lanc\u00e9 l\u2019Initiative ONU80, un projet de r\u00e9forme \u00e0 l\u2019\u00e9chelle du syst\u00e8me ONU visant \u00e0 r\u00e9pondre \u00e0 une question fondamentale : [&hellip;]\" \/>\n<meta property=\"og:url\" content=\"https:\/\/unstamps.org\/fr\/produit\/80e-anniversaire-des-nations-unies\/\" \/>\n<meta property=\"og:site_name\" content=\"UN Timbres\" \/>\n<meta property=\"article:modified_time\" content=\"2026-01-09T16:52:40+00:00\" \/>\n<meta property=\"og:image\" content=\"https:\/\/unstamps.org\/wp-content\/uploads\/2025\/10\/2025-UN80-FS-Group.jpg\" \/>\n\t<meta property=\"og:image:width\" content=\"1024\" \/>\n\t<meta property=\"og:image:height\" content=\"1024\" \/>\n\t<meta property=\"og:image:type\" content=\"image\/jpeg\" \/>\n<meta name=\"twitter:card\" content=\"summary_large_image\" \/>\n<meta name=\"twitter:label1\" content=\"Dur\u00e9e de lecture estim\u00e9e\" \/>\n\t<meta name=\"twitter:data1\" content=\"2 minutes\" \/>\n<script type=\"application\/ld+json\" class=\"yoast-schema-graph\">{\"@context\":\"https:\\\/\\\/schema.org\",\"@graph\":[{\"@type\":\"WebPage\",\"@id\":\"https:\\\/\\\/unstamps.org\\\/fr\\\/produit\\\/80e-anniversaire-des-nations-unies\\\/\",\"url\":\"https:\\\/\\\/unstamps.org\\\/fr\\\/produit\\\/80e-anniversaire-des-nations-unies\\\/\",\"name\":\"80e Anniversaire Des Nations Unies - UN Timbres\",\"isPartOf\":{\"@id\":\"https:\\\/\\\/unstamps.org\\\/fr\\\/#website\"},\"primaryImageOfPage\":{\"@id\":\"https:\\\/\\\/unstamps.org\\\/fr\\\/produit\\\/80e-anniversaire-des-nations-unies\\\/#primaryimage\"},\"image\":{\"@id\":\"https:\\\/\\\/unstamps.org\\\/fr\\\/produit\\\/80e-anniversaire-des-nations-unies\\\/#primaryimage\"},\"thumbnailUrl\":\"https:\\\/\\\/unstamps.org\\\/wp-content\\\/uploads\\\/2025\\\/10\\\/2025-UN80-FS-Group.jpg\",\"datePublished\":\"2025-10-20T14:22:29+00:00\",\"dateModified\":\"2026-01-09T16:52:40+00:00\",\"breadcrumb\":{\"@id\":\"https:\\\/\\\/unstamps.org\\\/fr\\\/produit\\\/80e-anniversaire-des-nations-unies\\\/#breadcrumb\"},\"inLanguage\":\"fr-FR\",\"potentialAction\":[{\"@type\":\"ReadAction\",\"target\":[\"https:\\\/\\\/unstamps.org\\\/fr\\\/produit\\\/80e-anniversaire-des-nations-unies\\\/\"]}]},{\"@type\":\"ImageObject\",\"inLanguage\":\"fr-FR\",\"@id\":\"https:\\\/\\\/unstamps.org\\\/fr\\\/produit\\\/80e-anniversaire-des-nations-unies\\\/#primaryimage\",\"url\":\"https:\\\/\\\/unstamps.org\\\/wp-content\\\/uploads\\\/2025\\\/10\\\/2025-UN80-FS-Group.jpg\",\"contentUrl\":\"https:\\\/\\\/unstamps.org\\\/wp-content\\\/uploads\\\/2025\\\/10\\\/2025-UN80-FS-Group.jpg\",\"width\":1024,\"height\":1024},{\"@type\":\"BreadcrumbList\",\"@id\":\"https:\\\/\\\/unstamps.org\\\/fr\\\/produit\\\/80e-anniversaire-des-nations-unies\\\/#breadcrumb\",\"itemListElement\":[{\"@type\":\"ListItem\",\"position\":1,\"name\":\"Home\",\"item\":\"https:\\\/\\\/unstamps.org\\\/fr\\\/\"},{\"@type\":\"ListItem\",\"position\":2,\"name\":\"Les produits\",\"item\":\"https:\\\/\\\/unstamps.org\\\/fr\\\/les-produits\\\/\"},{\"@type\":\"ListItem\",\"position\":3,\"name\":\"80e Anniversaire Des Nations Unies\"}]},{\"@type\":\"WebSite\",\"@id\":\"https:\\\/\\\/unstamps.org\\\/fr\\\/#website\",\"url\":\"https:\\\/\\\/unstamps.org\\\/fr\\\/\",\"name\":\"UN Stamps\",\"description\":\"United Nations Stamps\",\"publisher\":{\"@id\":\"https:\\\/\\\/unstamps.org\\\/fr\\\/#organization\"},\"potentialAction\":[{\"@type\":\"SearchAction\",\"target\":{\"@type\":\"EntryPoint\",\"urlTemplate\":\"https:\\\/\\\/unstamps.org\\\/fr\\\/?s={search_term_string}\"},\"query-input\":{\"@type\":\"PropertyValueSpecification\",\"valueRequired\":true,\"valueName\":\"search_term_string\"}}],\"inLanguage\":\"fr-FR\"},{\"@type\":\"Organization\",\"@id\":\"https:\\\/\\\/unstamps.org\\\/fr\\\/#organization\",\"name\":\"UN Stamps\",\"url\":\"https:\\\/\\\/unstamps.org\\\/fr\\\/\",\"logo\":{\"@type\":\"ImageObject\",\"inLanguage\":\"fr-FR\",\"@id\":\"https:\\\/\\\/unstamps.org\\\/fr\\\/#\\\/schema\\\/logo\\\/image\\\/\",\"url\":\"https:\\\/\\\/unstamps.org\\\/wp-content\\\/uploads\\\/2014\\\/01\\\/logo4web.jpg\",\"contentUrl\":\"https:\\\/\\\/unstamps.org\\\/wp-content\\\/uploads\\\/2014\\\/01\\\/logo4web.jpg\",\"width\":2500,\"height\":250,\"caption\":\"UN Stamps\"},\"image\":{\"@id\":\"https:\\\/\\\/unstamps.org\\\/fr\\\/#\\\/schema\\\/logo\\\/image\\\/\"}}]}<\/script>\n<!-- \/ Yoast SEO plugin. -->","yoast_head_json":{"title":"80e Anniversaire Des Nations Unies - UN Timbres","robots":{"index":"index","follow":"follow","max-snippet":"max-snippet:-1","max-image-preview":"max-image-preview:large","max-video-preview":"max-video-preview:-1"},"canonical":"https:\/\/unstamps.org\/fr\/produit\/80e-anniversaire-des-nations-unies\/","og_locale":"fr_FR","og_type":"article","og_title":"80e Anniversaire Des Nations Unies - UN Timbres","og_description":"L\u2019Administration postale des Nations Unies \u00e9met trois feuilles de timbres le 24 octobre 2025 pour c\u00e9l\u00e9brer le 80e anniversaire des Nations Unies. Alors que l\u2019ONU c\u00e9l\u00e8bre son 80e anniversaire cette ann\u00e9e, le Secr\u00e9taire g\u00e9n\u00e9ral a lanc\u00e9 l\u2019Initiative ONU80, un projet de r\u00e9forme \u00e0 l\u2019\u00e9chelle du syst\u00e8me ONU visant \u00e0 r\u00e9pondre \u00e0 une question fondamentale : [&hellip;]","og_url":"https:\/\/unstamps.org\/fr\/produit\/80e-anniversaire-des-nations-unies\/","og_site_name":"UN Timbres","article_modified_time":"2026-01-09T16:52:40+00:00","og_image":[{"width":1024,"height":1024,"url":"https:\/\/unstamps.org\/wp-content\/uploads\/2025\/10\/2025-UN80-FS-Group.jpg","type":"image\/jpeg"}],"twitter_card":"summary_large_image","twitter_misc":{"Dur\u00e9e de lecture estim\u00e9e":"2 minutes"},"schema":{"@context":"https:\/\/schema.org","@graph":[{"@type":"WebPage","@id":"https:\/\/unstamps.org\/fr\/produit\/80e-anniversaire-des-nations-unies\/","url":"https:\/\/unstamps.org\/fr\/produit\/80e-anniversaire-des-nations-unies\/","name":"80e Anniversaire Des Nations Unies - UN Timbres","isPartOf":{"@id":"https:\/\/unstamps.org\/fr\/#website"},"primaryImageOfPage":{"@id":"https:\/\/unstamps.org\/fr\/produit\/80e-anniversaire-des-nations-unies\/#primaryimage"},"image":{"@id":"https:\/\/unstamps.org\/fr\/produit\/80e-anniversaire-des-nations-unies\/#primaryimage"},"thumbnailUrl":"https:\/\/unstamps.org\/wp-content\/uploads\/2025\/10\/2025-UN80-FS-Group.jpg","datePublished":"2025-10-20T14:22:29+00:00","dateModified":"2026-01-09T16:52:40+00:00","breadcrumb":{"@id":"https:\/\/unstamps.org\/fr\/produit\/80e-anniversaire-des-nations-unies\/#breadcrumb"},"inLanguage":"fr-FR","potentialAction":[{"@type":"ReadAction","target":["https:\/\/unstamps.org\/fr\/produit\/80e-anniversaire-des-nations-unies\/"]}]},{"@type":"ImageObject","inLanguage":"fr-FR","@id":"https:\/\/unstamps.org\/fr\/produit\/80e-anniversaire-des-nations-unies\/#primaryimage","url":"https:\/\/unstamps.org\/wp-content\/uploads\/2025\/10\/2025-UN80-FS-Group.jpg","contentUrl":"https:\/\/unstamps.org\/wp-content\/uploads\/2025\/10\/2025-UN80-FS-Group.jpg","width":1024,"height":1024},{"@type":"BreadcrumbList","@id":"https:\/\/unstamps.org\/fr\/produit\/80e-anniversaire-des-nations-unies\/#breadcrumb","itemListElement":[{"@type":"ListItem","position":1,"name":"Home","item":"https:\/\/unstamps.org\/fr\/"},{"@type":"ListItem","position":2,"name":"Les produits","item":"https:\/\/unstamps.org\/fr\/les-produits\/"},{"@type":"ListItem","position":3,"name":"80e Anniversaire Des Nations Unies"}]},{"@type":"WebSite","@id":"https:\/\/unstamps.org\/fr\/#website","url":"https:\/\/unstamps.org\/fr\/","name":"UN Stamps","description":"United Nations Stamps","publisher":{"@id":"https:\/\/unstamps.org\/fr\/#organization"},"potentialAction":[{"@type":"SearchAction","target":{"@type":"EntryPoint","urlTemplate":"https:\/\/unstamps.org\/fr\/?s={search_term_string}"},"query-input":{"@type":"PropertyValueSpecification","valueRequired":true,"valueName":"search_term_string"}}],"inLanguage":"fr-FR"},{"@type":"Organization","@id":"https:\/\/unstamps.org\/fr\/#organization","name":"UN Stamps","url":"https:\/\/unstamps.org\/fr\/","logo":{"@type":"ImageObject","inLanguage":"fr-FR","@id":"https:\/\/unstamps.org\/fr\/#\/schema\/logo\/image\/","url":"https:\/\/unstamps.org\/wp-content\/uploads\/2014\/01\/logo4web.jpg","contentUrl":"https:\/\/unstamps.org\/wp-content\/uploads\/2014\/01\/logo4web.jpg","width":2500,"height":250,"caption":"UN Stamps"},"image":{"@id":"https:\/\/unstamps.org\/fr\/#\/schema\/logo\/image\/"}}]}},"jetpack_sharing_enabled":true,"publishpress_future_action":{"enabled":false,"date":"2026-04-17 09:59:37","action":"change-status","newStatus":"private","terms":[],"taxonomy":"product_cat","extraData":[]},"publishpress_future_workflow_manual_trigger":{"enabledWorkflows":[]},"_links":{"self":[{"href":"https:\/\/unstamps.org\/fr\/wp-json\/wp\/v2\/product\/196683","targetHints":{"allow":["GET"]}}],"collection":[{"href":"https:\/\/unstamps.org\/fr\/wp-json\/wp\/v2\/product"}],"about":[{"href":"https:\/\/unstamps.org\/fr\/wp-json\/wp\/v2\/types\/product"}],"replies":[{"embeddable":true,"href":"https:\/\/unstamps.org\/fr\/wp-json\/wp\/v2\/comments?post=196683"}],"wp:featuredmedia":[{"embeddable":true,"href":"https:\/\/unstamps.org\/fr\/wp-json\/wp\/v2\/media\/196788"}],"wp:attachment":[{"href":"https:\/\/unstamps.org\/fr\/wp-json\/wp\/v2\/media?parent=196683"}],"wp:term":[{"taxonomy":"product_brand","embeddable":true,"href":"https:\/\/unstamps.org\/fr\/wp-json\/wp\/v2\/product_brand?post=196683"},{"taxonomy":"product_cat","embeddable":true,"href":"https:\/\/unstamps.org\/fr\/wp-json\/wp\/v2\/product_cat?post=196683"},{"taxonomy":"product_tag","embeddable":true,"href":"https:\/\/unstamps.org\/fr\/wp-json\/wp\/v2\/product_tag?post=196683"}],"curies":[{"name":"wp","href":"https:\/\/api.w.org\/{rel}","templated":true}]}}