{"id":195946,"date":"2025-09-15T10:10:42","date_gmt":"2025-09-15T14:10:42","guid":{"rendered":"https:\/\/unstamps.org\/?post_type=product&#038;p=195946"},"modified":"2026-01-09T11:52:36","modified_gmt":"2026-01-09T16:52:36","slug":"unis-pour-la-paix","status":"publish","type":"product","link":"https:\/\/unstamps.org\/fr\/produit\/unis-pour-la-paix\/","title":{"rendered":"Unis Pour La Paix"},"content":{"rendered":"<p>Ce mois de septembre 2025, l&#8217;Administration postale des Nations Unies (APNU), en collaboration avec l&#8217;Union postale universelle (UPU) et dix autres organisations postales, \u00e9mettront conjointement des timbres brod\u00e9s \u00ab Colombe de la paix \u00bb pour c\u00e9l\u00e9brer la Journ\u00e9e internationale de la paix et promouvoir la paix aupr\u00e8s des populations du monde entier.<\/p>\n<p>Il est tr\u00e8s rare que l&#8217;UPU et onze organisations postales \u00e9mettent conjointement des timbres pour promouvoir la paix. Outre l&#8217;Administration postale des Nations Unies, les autres organisations postales sont : <a href=\"https:\/\/alandstamps.com\/en\/products\/fredsduvan-ostamplat?variant=55551650660727\" target=\"_blank\" rel=\"noopener\">\u00c5land (Finlande)<\/a>, <a href=\"https:\/\/www.stamps.am\/shop\/dove-of-peace\" target=\"_blank\" rel=\"noopener\">l&#8217;Arm\u00e9nie<\/a>, <a href=\"https:\/\/onlineshop.post.at\/de-AT\/produkt\/bl-friedenstaube-465-0225330\" target=\"_blank\" rel=\"noopener\">l&#8217;Autriche<\/a>, la Barbade, <a href=\"https:\/\/www.cypruspost.post\/en\/e-shop-categories\" target=\"_blank\" rel=\"noopener\">Chypre<\/a>, <a href=\"https:\/\/en.stamps.fo\/ShopItem\/_STAMPS\/0\/PPA001044\/STK\" target=\"_blank\" rel=\"noopener\">les \u00celes F\u00e9ro\u00e9 (Danemark)<\/a>, <a href=\"https:\/\/www.stamps.gl\/en\/dove-of-peace-mint\" target=\"_blank\" rel=\"noopener\">le Groenland (Danemark)<\/a>, <a href=\"https:\/\/www.philatelie.li\/ki\/Sammeln\/Ausgaben-Angebote\/Ausgabe-3-2025\/Dove-Of-Peace.html\" target=\"_blank\" rel=\"noopener\">le Liechtenstein<\/a>, <a href=\"https:\/\/www.postphilately.lu\/fr-FR\/products\/collectionneurs\/timbres-de-collection\/dove-of-peace-r\" target=\"_blank\" rel=\"noopener\">le Luxembourg<\/a> et <a href=\"https:\/\/shop.post.ch\/de\/briefmarken-philatelie\/briefmarken\/briefmarke-chf-5-80-friedenstaube-sonderblock\/p\/552850\" target=\"_blank\" rel=\"noopener\">la Suisse<\/a>.<\/p>\n<p>Le timbre \u00ab Colombe de la paix \u00bb repr\u00e9sente une colombe blanche brod\u00e9e portant un rameau d&#8217;olivier bord\u00e9 de bleu, symbolisant un engagement commun en faveur de la paix. La colombe de la paix plane, ailes d\u00e9ploy\u00e9es, parlant un langage qui ne conna\u00eet ni fronti\u00e8res, ni religions, ni id\u00e9ologies. Ce projet transcende les fronti\u00e8res, telles de v\u00e9ritables colombes, agissant comme des ambassadrices postales uniques, unissant les peuples du monde entier et porteurs d&#8217;un message de paix mondial.<\/p>\n<p>Ce timbre en \u00e9dition limit\u00e9e, r\u00e9alis\u00e9 \u00e0 partir de textiles, a \u00e9t\u00e9 brod\u00e9 et fabriqu\u00e9 par l&#8217;entreprise autrichienne H\u00e4mmerle &amp; Vogel. D&#8217;apparence simple, il t\u00e9moigne d&#8217;un savoir-faire artisanal. \u00c0 la fois pratique et artistique, il allie un design \u00e9l\u00e9gant \u00e0 un message puissant.<\/p>\n<p>Le timbre \u00ab Colombe de la Paix \u00bb n&#8217;est pas seulement un produit philat\u00e9lique. C&#8217;est un appel collectif \u00e0 l&#8217;espoir et \u00e0 l&#8217;unit\u00e9, un symbole de paix intercontinental, reliant les administrations postales et les peuples du monde entier. Nous pouvons tous contribuer personnellement en r\u00e9fl\u00e9chissant \u00e0 ce que la paix signifie pour chacun d&#8217;entre nous et \u00e0 la mani\u00e8re dont nous pouvons contribuer \u00e0 ce mouvement mondial pour la paix.<\/p>\n<p>L&#8217;UPU et l&#8217;Administration postale des Nations Unies vous invitent \u00e0 rejoindre ce mouvement en utilisant ce timbre comme support universel pour symboliser et encourager l&#8217;unit\u00e9 de la paix entre les nations, point par point, une broderie \u00e0 la fois.<\/p>\n<p>Vous trouverez ci-dessous une vid\u00e9o d\u00e9taillant le projet \u00ab Unis pour la Paix \u00bb (Postes du Liechtenstein) :<\/p>\n<div style=\"width: 1170px;\" class=\"wp-video\"><video class=\"wp-video-shortcode\" id=\"video-195946-1\" width=\"1170\" height=\"658\" poster=\"https:\/\/unstamps.org\/wp-content\/uploads\/2025\/09\/2025-Dove-FDC-Triple.jpg\" preload=\"metadata\" controls=\"controls\"><source type=\"video\/mp4\" src=\"https:\/\/unstamps.org\/wp-content\/uploads\/2025\/09\/Dove_of_Peace_video.mp4?_=1\" \/><a href=\"https:\/\/unstamps.org\/wp-content\/uploads\/2025\/09\/Dove_of_Peace_video.mp4\">https:\/\/unstamps.org\/wp-content\/uploads\/2025\/09\/Dove_of_Peace_video.mp4<\/a><\/video><\/div>\n<p><strong><br \/>\nDate d\u2019\u00e9mission:<\/strong> 19 septembre 2025<br \/>\n<strong>Directrice artistique :<\/strong> Iris H\u00e4mmerle (H\u00e4mmerle &amp; Vogel, Autriche)<br \/>\n<strong>Format de timbre:<\/strong> 55 mm x 42 mm<br \/>\n<strong>Imprimeur:<\/strong> H\u00e4mmerle &amp; Vogel<br \/>\n<strong>Proc\u00e9d\u00e9:<\/strong> Cousu et brod\u00e9<br \/>\n<strong>Quantit\u00e9s<\/strong><br \/>\n$6 10,800<br \/>\nCHF 6 12,300<br \/>\n\u20ac5 13,900<\/p>\n","protected":false},"excerpt":{"rendered":"<p>Ce mois de septembre 2025, l&#8217;Administration postale des Nations Unies (APNU), en collaboration avec l&#8217;Union postale universelle (UPU) et dix autres organisations postales, \u00e9mettront conjointement des timbres brod\u00e9s \u00ab Colombe de la paix \u00bb pour c\u00e9l\u00e9brer la Journ\u00e9e internationale de la paix et promouvoir la paix aupr\u00e8s des populations du monde entier. Il est tr\u00e8s [&hellip;]<\/p>\n","protected":false},"featured_media":196047,"comment_status":"closed","ping_status":"closed","template":"","meta":{"ngg_post_thumbnail":0},"product_brand":[],"product_cat":[2953,142],"product_tag":[],"class_list":{"0":"post-195946","1":"product","2":"type-product","3":"status-publish","4":"has-post-thumbnail","6":"product_cat-2025-fr","7":"product_cat-timbres-commemoratifs","9":"first","10":"instock","11":"shipping-taxable","12":"product-type-grouped"},"yoast_head":"<!-- This site is optimized with the Yoast SEO plugin v27.5 - https:\/\/yoast.com\/product\/yoast-seo-wordpress\/ -->\n<title>Unis Pour La Paix - UN Timbres<\/title>\n<meta name=\"robots\" content=\"index, follow, max-snippet:-1, max-image-preview:large, max-video-preview:-1\" \/>\n<link rel=\"canonical\" href=\"https:\/\/unstamps.org\/fr\/produit\/unis-pour-la-paix\/\" \/>\n<meta property=\"og:locale\" content=\"fr_FR\" \/>\n<meta property=\"og:type\" content=\"article\" \/>\n<meta property=\"og:title\" content=\"Unis Pour La Paix - UN Timbres\" \/>\n<meta property=\"og:description\" content=\"Ce mois de septembre 2025, l&#8217;Administration postale des Nations Unies (APNU), en collaboration avec l&#8217;Union postale universelle (UPU) et dix autres organisations postales, \u00e9mettront conjointement des timbres brod\u00e9s \u00ab Colombe de la paix \u00bb pour c\u00e9l\u00e9brer la Journ\u00e9e internationale de la paix et promouvoir la paix aupr\u00e8s des populations du monde entier. Il est tr\u00e8s [&hellip;]\" \/>\n<meta property=\"og:url\" content=\"https:\/\/unstamps.org\/fr\/produit\/unis-pour-la-paix\/\" \/>\n<meta property=\"og:site_name\" content=\"UN Timbres\" \/>\n<meta property=\"article:modified_time\" content=\"2026-01-09T16:52:36+00:00\" \/>\n<meta property=\"og:image\" content=\"https:\/\/unstamps.org\/wp-content\/uploads\/2025\/09\/2025-Dove-Single-Stamp-GROUP.jpg\" \/>\n\t<meta property=\"og:image:width\" content=\"1024\" \/>\n\t<meta property=\"og:image:height\" content=\"1024\" \/>\n\t<meta property=\"og:image:type\" content=\"image\/jpeg\" \/>\n<meta name=\"twitter:card\" content=\"summary_large_image\" \/>\n<meta name=\"twitter:label1\" content=\"Dur\u00e9e de lecture estim\u00e9e\" \/>\n\t<meta name=\"twitter:data1\" content=\"2 minutes\" \/>\n<script type=\"application\/ld+json\" class=\"yoast-schema-graph\">{\"@context\":\"https:\\\/\\\/schema.org\",\"@graph\":[{\"@type\":\"WebPage\",\"@id\":\"https:\\\/\\\/unstamps.org\\\/fr\\\/produit\\\/unis-pour-la-paix\\\/\",\"url\":\"https:\\\/\\\/unstamps.org\\\/fr\\\/produit\\\/unis-pour-la-paix\\\/\",\"name\":\"Unis Pour La Paix - UN Timbres\",\"isPartOf\":{\"@id\":\"https:\\\/\\\/unstamps.org\\\/fr\\\/#website\"},\"primaryImageOfPage\":{\"@id\":\"https:\\\/\\\/unstamps.org\\\/fr\\\/produit\\\/unis-pour-la-paix\\\/#primaryimage\"},\"image\":{\"@id\":\"https:\\\/\\\/unstamps.org\\\/fr\\\/produit\\\/unis-pour-la-paix\\\/#primaryimage\"},\"thumbnailUrl\":\"https:\\\/\\\/unstamps.org\\\/wp-content\\\/uploads\\\/2025\\\/09\\\/2025-Dove-Single-Stamp-GROUP.jpg\",\"datePublished\":\"2025-09-15T14:10:42+00:00\",\"dateModified\":\"2026-01-09T16:52:36+00:00\",\"breadcrumb\":{\"@id\":\"https:\\\/\\\/unstamps.org\\\/fr\\\/produit\\\/unis-pour-la-paix\\\/#breadcrumb\"},\"inLanguage\":\"fr-FR\",\"potentialAction\":[{\"@type\":\"ReadAction\",\"target\":[\"https:\\\/\\\/unstamps.org\\\/fr\\\/produit\\\/unis-pour-la-paix\\\/\"]}]},{\"@type\":\"ImageObject\",\"inLanguage\":\"fr-FR\",\"@id\":\"https:\\\/\\\/unstamps.org\\\/fr\\\/produit\\\/unis-pour-la-paix\\\/#primaryimage\",\"url\":\"https:\\\/\\\/unstamps.org\\\/wp-content\\\/uploads\\\/2025\\\/09\\\/2025-Dove-Single-Stamp-GROUP.jpg\",\"contentUrl\":\"https:\\\/\\\/unstamps.org\\\/wp-content\\\/uploads\\\/2025\\\/09\\\/2025-Dove-Single-Stamp-GROUP.jpg\",\"width\":1024,\"height\":1024},{\"@type\":\"BreadcrumbList\",\"@id\":\"https:\\\/\\\/unstamps.org\\\/fr\\\/produit\\\/unis-pour-la-paix\\\/#breadcrumb\",\"itemListElement\":[{\"@type\":\"ListItem\",\"position\":1,\"name\":\"Home\",\"item\":\"https:\\\/\\\/unstamps.org\\\/fr\\\/\"},{\"@type\":\"ListItem\",\"position\":2,\"name\":\"Les produits\",\"item\":\"https:\\\/\\\/unstamps.org\\\/fr\\\/les-produits\\\/\"},{\"@type\":\"ListItem\",\"position\":3,\"name\":\"Unis Pour La Paix\"}]},{\"@type\":\"WebSite\",\"@id\":\"https:\\\/\\\/unstamps.org\\\/fr\\\/#website\",\"url\":\"https:\\\/\\\/unstamps.org\\\/fr\\\/\",\"name\":\"UN Stamps\",\"description\":\"United Nations Stamps\",\"publisher\":{\"@id\":\"https:\\\/\\\/unstamps.org\\\/fr\\\/#organization\"},\"potentialAction\":[{\"@type\":\"SearchAction\",\"target\":{\"@type\":\"EntryPoint\",\"urlTemplate\":\"https:\\\/\\\/unstamps.org\\\/fr\\\/?s={search_term_string}\"},\"query-input\":{\"@type\":\"PropertyValueSpecification\",\"valueRequired\":true,\"valueName\":\"search_term_string\"}}],\"inLanguage\":\"fr-FR\"},{\"@type\":\"Organization\",\"@id\":\"https:\\\/\\\/unstamps.org\\\/fr\\\/#organization\",\"name\":\"UN Stamps\",\"url\":\"https:\\\/\\\/unstamps.org\\\/fr\\\/\",\"logo\":{\"@type\":\"ImageObject\",\"inLanguage\":\"fr-FR\",\"@id\":\"https:\\\/\\\/unstamps.org\\\/fr\\\/#\\\/schema\\\/logo\\\/image\\\/\",\"url\":\"https:\\\/\\\/unstamps.org\\\/wp-content\\\/uploads\\\/2014\\\/01\\\/logo4web.jpg\",\"contentUrl\":\"https:\\\/\\\/unstamps.org\\\/wp-content\\\/uploads\\\/2014\\\/01\\\/logo4web.jpg\",\"width\":2500,\"height\":250,\"caption\":\"UN Stamps\"},\"image\":{\"@id\":\"https:\\\/\\\/unstamps.org\\\/fr\\\/#\\\/schema\\\/logo\\\/image\\\/\"}}]}<\/script>\n<!-- \/ Yoast SEO plugin. -->","yoast_head_json":{"title":"Unis Pour La Paix - UN Timbres","robots":{"index":"index","follow":"follow","max-snippet":"max-snippet:-1","max-image-preview":"max-image-preview:large","max-video-preview":"max-video-preview:-1"},"canonical":"https:\/\/unstamps.org\/fr\/produit\/unis-pour-la-paix\/","og_locale":"fr_FR","og_type":"article","og_title":"Unis Pour La Paix - UN Timbres","og_description":"Ce mois de septembre 2025, l&#8217;Administration postale des Nations Unies (APNU), en collaboration avec l&#8217;Union postale universelle (UPU) et dix autres organisations postales, \u00e9mettront conjointement des timbres brod\u00e9s \u00ab Colombe de la paix \u00bb pour c\u00e9l\u00e9brer la Journ\u00e9e internationale de la paix et promouvoir la paix aupr\u00e8s des populations du monde entier. Il est tr\u00e8s [&hellip;]","og_url":"https:\/\/unstamps.org\/fr\/produit\/unis-pour-la-paix\/","og_site_name":"UN Timbres","article_modified_time":"2026-01-09T16:52:36+00:00","og_image":[{"width":1024,"height":1024,"url":"https:\/\/unstamps.org\/wp-content\/uploads\/2025\/09\/2025-Dove-Single-Stamp-GROUP.jpg","type":"image\/jpeg"}],"twitter_card":"summary_large_image","twitter_misc":{"Dur\u00e9e de lecture estim\u00e9e":"2 minutes"},"schema":{"@context":"https:\/\/schema.org","@graph":[{"@type":"WebPage","@id":"https:\/\/unstamps.org\/fr\/produit\/unis-pour-la-paix\/","url":"https:\/\/unstamps.org\/fr\/produit\/unis-pour-la-paix\/","name":"Unis Pour La Paix - UN Timbres","isPartOf":{"@id":"https:\/\/unstamps.org\/fr\/#website"},"primaryImageOfPage":{"@id":"https:\/\/unstamps.org\/fr\/produit\/unis-pour-la-paix\/#primaryimage"},"image":{"@id":"https:\/\/unstamps.org\/fr\/produit\/unis-pour-la-paix\/#primaryimage"},"thumbnailUrl":"https:\/\/unstamps.org\/wp-content\/uploads\/2025\/09\/2025-Dove-Single-Stamp-GROUP.jpg","datePublished":"2025-09-15T14:10:42+00:00","dateModified":"2026-01-09T16:52:36+00:00","breadcrumb":{"@id":"https:\/\/unstamps.org\/fr\/produit\/unis-pour-la-paix\/#breadcrumb"},"inLanguage":"fr-FR","potentialAction":[{"@type":"ReadAction","target":["https:\/\/unstamps.org\/fr\/produit\/unis-pour-la-paix\/"]}]},{"@type":"ImageObject","inLanguage":"fr-FR","@id":"https:\/\/unstamps.org\/fr\/produit\/unis-pour-la-paix\/#primaryimage","url":"https:\/\/unstamps.org\/wp-content\/uploads\/2025\/09\/2025-Dove-Single-Stamp-GROUP.jpg","contentUrl":"https:\/\/unstamps.org\/wp-content\/uploads\/2025\/09\/2025-Dove-Single-Stamp-GROUP.jpg","width":1024,"height":1024},{"@type":"BreadcrumbList","@id":"https:\/\/unstamps.org\/fr\/produit\/unis-pour-la-paix\/#breadcrumb","itemListElement":[{"@type":"ListItem","position":1,"name":"Home","item":"https:\/\/unstamps.org\/fr\/"},{"@type":"ListItem","position":2,"name":"Les produits","item":"https:\/\/unstamps.org\/fr\/les-produits\/"},{"@type":"ListItem","position":3,"name":"Unis Pour La Paix"}]},{"@type":"WebSite","@id":"https:\/\/unstamps.org\/fr\/#website","url":"https:\/\/unstamps.org\/fr\/","name":"UN Stamps","description":"United Nations Stamps","publisher":{"@id":"https:\/\/unstamps.org\/fr\/#organization"},"potentialAction":[{"@type":"SearchAction","target":{"@type":"EntryPoint","urlTemplate":"https:\/\/unstamps.org\/fr\/?s={search_term_string}"},"query-input":{"@type":"PropertyValueSpecification","valueRequired":true,"valueName":"search_term_string"}}],"inLanguage":"fr-FR"},{"@type":"Organization","@id":"https:\/\/unstamps.org\/fr\/#organization","name":"UN Stamps","url":"https:\/\/unstamps.org\/fr\/","logo":{"@type":"ImageObject","inLanguage":"fr-FR","@id":"https:\/\/unstamps.org\/fr\/#\/schema\/logo\/image\/","url":"https:\/\/unstamps.org\/wp-content\/uploads\/2014\/01\/logo4web.jpg","contentUrl":"https:\/\/unstamps.org\/wp-content\/uploads\/2014\/01\/logo4web.jpg","width":2500,"height":250,"caption":"UN Stamps"},"image":{"@id":"https:\/\/unstamps.org\/fr\/#\/schema\/logo\/image\/"}}]}},"jetpack_sharing_enabled":true,"publishpress_future_action":{"enabled":false,"date":"2026-05-12 11:27:51","action":"change-status","newStatus":"private","terms":[],"taxonomy":"product_cat","extraData":[]},"publishpress_future_workflow_manual_trigger":{"enabledWorkflows":[]},"_links":{"self":[{"href":"https:\/\/unstamps.org\/fr\/wp-json\/wp\/v2\/product\/195946","targetHints":{"allow":["GET"]}}],"collection":[{"href":"https:\/\/unstamps.org\/fr\/wp-json\/wp\/v2\/product"}],"about":[{"href":"https:\/\/unstamps.org\/fr\/wp-json\/wp\/v2\/types\/product"}],"replies":[{"embeddable":true,"href":"https:\/\/unstamps.org\/fr\/wp-json\/wp\/v2\/comments?post=195946"}],"wp:featuredmedia":[{"embeddable":true,"href":"https:\/\/unstamps.org\/fr\/wp-json\/wp\/v2\/media\/196047"}],"wp:attachment":[{"href":"https:\/\/unstamps.org\/fr\/wp-json\/wp\/v2\/media?parent=195946"}],"wp:term":[{"taxonomy":"product_brand","embeddable":true,"href":"https:\/\/unstamps.org\/fr\/wp-json\/wp\/v2\/product_brand?post=195946"},{"taxonomy":"product_cat","embeddable":true,"href":"https:\/\/unstamps.org\/fr\/wp-json\/wp\/v2\/product_cat?post=195946"},{"taxonomy":"product_tag","embeddable":true,"href":"https:\/\/unstamps.org\/fr\/wp-json\/wp\/v2\/product_tag?post=195946"}],"curies":[{"name":"wp","href":"https:\/\/api.w.org\/{rel}","templated":true}]}}