{"id":195374,"date":"2025-08-08T11:17:52","date_gmt":"2025-08-08T15:17:52","guid":{"rendered":"https:\/\/unstamps.org\/?post_type=product&#038;p=195374"},"modified":"2026-01-09T11:52:29","modified_gmt":"2026-01-09T16:52:29","slug":"no-nukes-non-aux-armes-nucleaires","status":"publish","type":"product","link":"https:\/\/unstamps.org\/fr\/produit\/no-nukes-non-aux-armes-nucleaires\/","title":{"rendered":"\u201cNo Nukes\u201d : Non aux armes nucl\u00e9aires"},"content":{"rendered":"<p>Les Nations unies comm\u00e9morent le quatre-vingti\u00e8me anniversaire des bombardements atomiques d&#8217;Hiroshima et de Nagasaki, au Japon, qui ont eu lieu respectivement les 6 et 9 ao\u00fbt 1945. Alors que nous r\u00e9fl\u00e9chissons \u00e0 la d\u00e9vastation caus\u00e9e par les armes nucl\u00e9aires, cet anniversaire nous rappelle l&#8217;urgente n\u00e9cessit\u00e9 d&#8217;un d\u00e9sarmement mondial et de la pr\u00e9vention de futurs conflits nucl\u00e9aires.<\/p>\n<p>Les Nations unies soutiennent depuis longtemps les efforts visant \u00e0 \u00e9liminer les armes nucl\u00e9aires par le biais de divers trait\u00e9s, r\u00e9solutions et de la coop\u00e9ration internationale. Parmi ses principales initiatives figurent le trait\u00e9 sur la non-prolif\u00e9ration des armes nucl\u00e9aires et le trait\u00e9 sur la non-prolif\u00e9ration des armes nucl\u00e9aires.<\/p>\n<p><strong>Trait\u00e9 sur la non-prolif\u00e9ration des armes nucl\u00e9aires<\/strong><\/p>\n<p>Ce trait\u00e9, entr\u00e9 en vigueur en 1970, vise \u00e0 emp\u00eacher la diss\u00e9mination des armes et de la technologie nucl\u00e9aires et \u00e0 promouvoir la coop\u00e9ration dans l&#8217;utilisation pacifique de l&#8217;\u00e9nergie nucl\u00e9aire. Il vise \u00e9galement \u00e0 faire progresser l&#8217;objectif du d\u00e9sarmement nucl\u00e9aire.<\/p>\n<p><strong>Trait\u00e9 sur l&#8217;interdiction des armes nucl\u00e9aires<\/strong><\/p>\n<p>Ce trait\u00e9, entr\u00e9 en vigueur en 2021, \u00e9tablit le premier cadre juridique visant sp\u00e9cifiquement \u00e0 \u00e9liminer les armes nucl\u00e9aires. Il interdit la mise au point, les essais, la production, l&#8217;acquisition et l&#8217;utilisation d&#8217;armes nucl\u00e9aires.<\/p>\n<p>Les Nations unies promeuvent \u00e9galement le d\u00e9sarmement par le biais d&#8217;autres initiatives, notamment le trait\u00e9 d&#8217;interdiction compl\u00e8te des essais nucl\u00e9aires et le trait\u00e9 d&#8217;interdiction partielle des essais nucl\u00e9aires. Ces trait\u00e9s contribuent \u00e0 la r\u00e9alisation des objectifs plus larges des Nations unies en mati\u00e8re de pr\u00e9vention de la prolif\u00e9ration des armes nucl\u00e9aires et de promotion du d\u00e9sarmement nucl\u00e9aire.<\/p>\n<p>\u00c0 l&#8217;occasion de cet anniversaire, le message des Nations Unies au monde est de se souvenir des le\u00e7ons tir\u00e9es de ces \u00e9v\u00e9nements tragiques et de renouveler son engagement en faveur d&#8217;un monde exempt d&#8217;armes nucl\u00e9aires, en soulignant l&#8217;importance du multilat\u00e9ralisme, du d\u00e9veloppement durable et de la paix.<\/p>\n<p>Afin de soutenir les efforts des Nations Unies pour promouvoir No Nukes, l&#8217;UNPA \u00e9met trois timbres en coupures de 1,70 $, 1,90 CHF et 1,40 \u20ac.<\/p>\n<p>\u00c0 l&#8217;occasion de cet anniversaire, le message que les Nations Unies adressent au monde est de se souvenir des le\u00e7ons tir\u00e9es de ces \u00e9v\u00e9nements tragiques et de renouveler son engagement en faveur d&#8217;un monde exempt d&#8217;armes nucl\u00e9aires, en soulignant l&#8217;importance du multilat\u00e9ralisme, du d\u00e9veloppement durable et de la paix.<\/p>\n<p>Afin de soutenir les efforts des Nations Unies pour promouvoir l\u2019initative \u201cNo Nukes\u201d, l&#8217;UNPA \u00e9met trois timbres en d\u00e9nominations de 1,70 $, 1,90 CHF et 1,40 \u20ac.<\/p>\n<p><strong>Date d\u2019\u00e9mission:<\/strong> 14 ao\u00fbt 2025<br \/>\n<strong>Illustrateur et concepteur:<\/strong> Sergio Baradat (\u00c9tats-Unis)<br \/>\n<strong>Format de timbre:<\/strong> 37 mm x 44,26 mm<br \/>\n<strong>Format de la feuille :<\/strong> 205 mm x 108,53 mm<br \/>\n<strong>Timbres par feuille:<\/strong> 10<br \/>\n<strong>Imprimeur:<\/strong> Joh. Ensched\u00e9 Stamps Security Printers B.V. (Pays-Bas)<br \/>\n<strong>Reproduction:<\/strong> Hexachrome<br \/>\n<strong>Quantit\u00e9s<\/strong><br \/>\n$1,70 7,000 feuilles<br \/>\nCHF 1,90 7,000 feuilles<br \/>\n\u20ac1,40  7,000 feuilles <\/p>\n","protected":false},"excerpt":{"rendered":"<p>Les Nations unies comm\u00e9morent le quatre-vingti\u00e8me anniversaire des bombardements atomiques d&#8217;Hiroshima et de Nagasaki, au Japon, qui ont eu lieu respectivement les 6 et 9 ao\u00fbt 1945. Alors que nous r\u00e9fl\u00e9chissons \u00e0 la d\u00e9vastation caus\u00e9e par les armes nucl\u00e9aires, cet anniversaire nous rappelle l&#8217;urgente n\u00e9cessit\u00e9 d&#8217;un d\u00e9sarmement mondial et de la pr\u00e9vention de futurs conflits [&hellip;]<\/p>\n","protected":false},"featured_media":195608,"comment_status":"closed","ping_status":"closed","template":"","meta":{"ngg_post_thumbnail":0},"product_brand":[],"product_cat":[2953,142],"product_tag":[],"class_list":{"0":"post-195374","1":"product","2":"type-product","3":"status-publish","4":"has-post-thumbnail","6":"product_cat-2025-fr","7":"product_cat-timbres-commemoratifs","9":"first","10":"instock","11":"shipping-taxable","12":"product-type-grouped"},"yoast_head":"<!-- This site is optimized with the Yoast SEO plugin v27.3 - https:\/\/yoast.com\/product\/yoast-seo-wordpress\/ -->\n<title>\u201cNo Nukes\u201d : Non aux armes nucl\u00e9aires - UN Timbres<\/title>\n<meta name=\"robots\" content=\"index, follow, max-snippet:-1, max-image-preview:large, max-video-preview:-1\" \/>\n<link rel=\"canonical\" href=\"https:\/\/unstamps.org\/fr\/produit\/no-nukes-non-aux-armes-nucleaires\/\" \/>\n<meta property=\"og:locale\" content=\"fr_FR\" \/>\n<meta property=\"og:type\" content=\"article\" \/>\n<meta property=\"og:title\" content=\"\u201cNo Nukes\u201d : Non aux armes nucl\u00e9aires - UN Timbres\" \/>\n<meta property=\"og:description\" content=\"Les Nations unies comm\u00e9morent le quatre-vingti\u00e8me anniversaire des bombardements atomiques d&#8217;Hiroshima et de Nagasaki, au Japon, qui ont eu lieu respectivement les 6 et 9 ao\u00fbt 1945. Alors que nous r\u00e9fl\u00e9chissons \u00e0 la d\u00e9vastation caus\u00e9e par les armes nucl\u00e9aires, cet anniversaire nous rappelle l&#8217;urgente n\u00e9cessit\u00e9 d&#8217;un d\u00e9sarmement mondial et de la pr\u00e9vention de futurs conflits [&hellip;]\" \/>\n<meta property=\"og:url\" content=\"https:\/\/unstamps.org\/fr\/produit\/no-nukes-non-aux-armes-nucleaires\/\" \/>\n<meta property=\"og:site_name\" content=\"UN Timbres\" \/>\n<meta property=\"article:modified_time\" content=\"2026-01-09T16:52:29+00:00\" \/>\n<meta property=\"og:image\" content=\"https:\/\/unstamps.org\/wp-content\/uploads\/2025\/08\/2025-No-Nukes-FS-GROUP.jpg\" \/>\n\t<meta property=\"og:image:width\" content=\"1024\" \/>\n\t<meta property=\"og:image:height\" content=\"1024\" \/>\n\t<meta property=\"og:image:type\" content=\"image\/jpeg\" \/>\n<meta name=\"twitter:card\" content=\"summary_large_image\" \/>\n<meta name=\"twitter:label1\" content=\"Dur\u00e9e de lecture estim\u00e9e\" \/>\n\t<meta name=\"twitter:data1\" content=\"3 minutes\" \/>\n<script type=\"application\/ld+json\" class=\"yoast-schema-graph\">{\"@context\":\"https:\\\/\\\/schema.org\",\"@graph\":[{\"@type\":\"WebPage\",\"@id\":\"https:\\\/\\\/unstamps.org\\\/fr\\\/produit\\\/no-nukes-non-aux-armes-nucleaires\\\/\",\"url\":\"https:\\\/\\\/unstamps.org\\\/fr\\\/produit\\\/no-nukes-non-aux-armes-nucleaires\\\/\",\"name\":\"\u201cNo Nukes\u201d : Non aux armes nucl\u00e9aires - UN Timbres\",\"isPartOf\":{\"@id\":\"https:\\\/\\\/unstamps.org\\\/fr\\\/#website\"},\"primaryImageOfPage\":{\"@id\":\"https:\\\/\\\/unstamps.org\\\/fr\\\/produit\\\/no-nukes-non-aux-armes-nucleaires\\\/#primaryimage\"},\"image\":{\"@id\":\"https:\\\/\\\/unstamps.org\\\/fr\\\/produit\\\/no-nukes-non-aux-armes-nucleaires\\\/#primaryimage\"},\"thumbnailUrl\":\"https:\\\/\\\/unstamps.org\\\/wp-content\\\/uploads\\\/2025\\\/08\\\/2025-No-Nukes-FS-GROUP.jpg\",\"datePublished\":\"2025-08-08T15:17:52+00:00\",\"dateModified\":\"2026-01-09T16:52:29+00:00\",\"breadcrumb\":{\"@id\":\"https:\\\/\\\/unstamps.org\\\/fr\\\/produit\\\/no-nukes-non-aux-armes-nucleaires\\\/#breadcrumb\"},\"inLanguage\":\"fr-FR\",\"potentialAction\":[{\"@type\":\"ReadAction\",\"target\":[\"https:\\\/\\\/unstamps.org\\\/fr\\\/produit\\\/no-nukes-non-aux-armes-nucleaires\\\/\"]}]},{\"@type\":\"ImageObject\",\"inLanguage\":\"fr-FR\",\"@id\":\"https:\\\/\\\/unstamps.org\\\/fr\\\/produit\\\/no-nukes-non-aux-armes-nucleaires\\\/#primaryimage\",\"url\":\"https:\\\/\\\/unstamps.org\\\/wp-content\\\/uploads\\\/2025\\\/08\\\/2025-No-Nukes-FS-GROUP.jpg\",\"contentUrl\":\"https:\\\/\\\/unstamps.org\\\/wp-content\\\/uploads\\\/2025\\\/08\\\/2025-No-Nukes-FS-GROUP.jpg\",\"width\":1024,\"height\":1024},{\"@type\":\"BreadcrumbList\",\"@id\":\"https:\\\/\\\/unstamps.org\\\/fr\\\/produit\\\/no-nukes-non-aux-armes-nucleaires\\\/#breadcrumb\",\"itemListElement\":[{\"@type\":\"ListItem\",\"position\":1,\"name\":\"Home\",\"item\":\"https:\\\/\\\/unstamps.org\\\/fr\\\/\"},{\"@type\":\"ListItem\",\"position\":2,\"name\":\"Les produits\",\"item\":\"https:\\\/\\\/unstamps.org\\\/fr\\\/les-produits\\\/\"},{\"@type\":\"ListItem\",\"position\":3,\"name\":\"\u201cNo Nukes\u201d : Non aux armes nucl\u00e9aires\"}]},{\"@type\":\"WebSite\",\"@id\":\"https:\\\/\\\/unstamps.org\\\/fr\\\/#website\",\"url\":\"https:\\\/\\\/unstamps.org\\\/fr\\\/\",\"name\":\"UN Stamps\",\"description\":\"United Nations Stamps\",\"publisher\":{\"@id\":\"https:\\\/\\\/unstamps.org\\\/fr\\\/#organization\"},\"potentialAction\":[{\"@type\":\"SearchAction\",\"target\":{\"@type\":\"EntryPoint\",\"urlTemplate\":\"https:\\\/\\\/unstamps.org\\\/fr\\\/?s={search_term_string}\"},\"query-input\":{\"@type\":\"PropertyValueSpecification\",\"valueRequired\":true,\"valueName\":\"search_term_string\"}}],\"inLanguage\":\"fr-FR\"},{\"@type\":\"Organization\",\"@id\":\"https:\\\/\\\/unstamps.org\\\/fr\\\/#organization\",\"name\":\"UN Stamps\",\"url\":\"https:\\\/\\\/unstamps.org\\\/fr\\\/\",\"logo\":{\"@type\":\"ImageObject\",\"inLanguage\":\"fr-FR\",\"@id\":\"https:\\\/\\\/unstamps.org\\\/fr\\\/#\\\/schema\\\/logo\\\/image\\\/\",\"url\":\"https:\\\/\\\/unstamps.org\\\/wp-content\\\/uploads\\\/2014\\\/01\\\/logo4web.jpg\",\"contentUrl\":\"https:\\\/\\\/unstamps.org\\\/wp-content\\\/uploads\\\/2014\\\/01\\\/logo4web.jpg\",\"width\":2500,\"height\":250,\"caption\":\"UN Stamps\"},\"image\":{\"@id\":\"https:\\\/\\\/unstamps.org\\\/fr\\\/#\\\/schema\\\/logo\\\/image\\\/\"}}]}<\/script>\n<!-- \/ Yoast SEO plugin. -->","yoast_head_json":{"title":"\u201cNo Nukes\u201d : Non aux armes nucl\u00e9aires - UN Timbres","robots":{"index":"index","follow":"follow","max-snippet":"max-snippet:-1","max-image-preview":"max-image-preview:large","max-video-preview":"max-video-preview:-1"},"canonical":"https:\/\/unstamps.org\/fr\/produit\/no-nukes-non-aux-armes-nucleaires\/","og_locale":"fr_FR","og_type":"article","og_title":"\u201cNo Nukes\u201d : Non aux armes nucl\u00e9aires - UN Timbres","og_description":"Les Nations unies comm\u00e9morent le quatre-vingti\u00e8me anniversaire des bombardements atomiques d&#8217;Hiroshima et de Nagasaki, au Japon, qui ont eu lieu respectivement les 6 et 9 ao\u00fbt 1945. Alors que nous r\u00e9fl\u00e9chissons \u00e0 la d\u00e9vastation caus\u00e9e par les armes nucl\u00e9aires, cet anniversaire nous rappelle l&#8217;urgente n\u00e9cessit\u00e9 d&#8217;un d\u00e9sarmement mondial et de la pr\u00e9vention de futurs conflits [&hellip;]","og_url":"https:\/\/unstamps.org\/fr\/produit\/no-nukes-non-aux-armes-nucleaires\/","og_site_name":"UN Timbres","article_modified_time":"2026-01-09T16:52:29+00:00","og_image":[{"width":1024,"height":1024,"url":"https:\/\/unstamps.org\/wp-content\/uploads\/2025\/08\/2025-No-Nukes-FS-GROUP.jpg","type":"image\/jpeg"}],"twitter_card":"summary_large_image","twitter_misc":{"Dur\u00e9e de lecture estim\u00e9e":"3 minutes"},"schema":{"@context":"https:\/\/schema.org","@graph":[{"@type":"WebPage","@id":"https:\/\/unstamps.org\/fr\/produit\/no-nukes-non-aux-armes-nucleaires\/","url":"https:\/\/unstamps.org\/fr\/produit\/no-nukes-non-aux-armes-nucleaires\/","name":"\u201cNo Nukes\u201d : Non aux armes nucl\u00e9aires - UN Timbres","isPartOf":{"@id":"https:\/\/unstamps.org\/fr\/#website"},"primaryImageOfPage":{"@id":"https:\/\/unstamps.org\/fr\/produit\/no-nukes-non-aux-armes-nucleaires\/#primaryimage"},"image":{"@id":"https:\/\/unstamps.org\/fr\/produit\/no-nukes-non-aux-armes-nucleaires\/#primaryimage"},"thumbnailUrl":"https:\/\/unstamps.org\/wp-content\/uploads\/2025\/08\/2025-No-Nukes-FS-GROUP.jpg","datePublished":"2025-08-08T15:17:52+00:00","dateModified":"2026-01-09T16:52:29+00:00","breadcrumb":{"@id":"https:\/\/unstamps.org\/fr\/produit\/no-nukes-non-aux-armes-nucleaires\/#breadcrumb"},"inLanguage":"fr-FR","potentialAction":[{"@type":"ReadAction","target":["https:\/\/unstamps.org\/fr\/produit\/no-nukes-non-aux-armes-nucleaires\/"]}]},{"@type":"ImageObject","inLanguage":"fr-FR","@id":"https:\/\/unstamps.org\/fr\/produit\/no-nukes-non-aux-armes-nucleaires\/#primaryimage","url":"https:\/\/unstamps.org\/wp-content\/uploads\/2025\/08\/2025-No-Nukes-FS-GROUP.jpg","contentUrl":"https:\/\/unstamps.org\/wp-content\/uploads\/2025\/08\/2025-No-Nukes-FS-GROUP.jpg","width":1024,"height":1024},{"@type":"BreadcrumbList","@id":"https:\/\/unstamps.org\/fr\/produit\/no-nukes-non-aux-armes-nucleaires\/#breadcrumb","itemListElement":[{"@type":"ListItem","position":1,"name":"Home","item":"https:\/\/unstamps.org\/fr\/"},{"@type":"ListItem","position":2,"name":"Les produits","item":"https:\/\/unstamps.org\/fr\/les-produits\/"},{"@type":"ListItem","position":3,"name":"\u201cNo Nukes\u201d : Non aux armes nucl\u00e9aires"}]},{"@type":"WebSite","@id":"https:\/\/unstamps.org\/fr\/#website","url":"https:\/\/unstamps.org\/fr\/","name":"UN Stamps","description":"United Nations Stamps","publisher":{"@id":"https:\/\/unstamps.org\/fr\/#organization"},"potentialAction":[{"@type":"SearchAction","target":{"@type":"EntryPoint","urlTemplate":"https:\/\/unstamps.org\/fr\/?s={search_term_string}"},"query-input":{"@type":"PropertyValueSpecification","valueRequired":true,"valueName":"search_term_string"}}],"inLanguage":"fr-FR"},{"@type":"Organization","@id":"https:\/\/unstamps.org\/fr\/#organization","name":"UN Stamps","url":"https:\/\/unstamps.org\/fr\/","logo":{"@type":"ImageObject","inLanguage":"fr-FR","@id":"https:\/\/unstamps.org\/fr\/#\/schema\/logo\/image\/","url":"https:\/\/unstamps.org\/wp-content\/uploads\/2014\/01\/logo4web.jpg","contentUrl":"https:\/\/unstamps.org\/wp-content\/uploads\/2014\/01\/logo4web.jpg","width":2500,"height":250,"caption":"UN Stamps"},"image":{"@id":"https:\/\/unstamps.org\/fr\/#\/schema\/logo\/image\/"}}]}},"jetpack_sharing_enabled":true,"publishpress_future_action":{"enabled":false,"date":"2026-04-21 07:18:03","action":"change-status","newStatus":"private","terms":[],"taxonomy":"product_cat","extraData":[]},"publishpress_future_workflow_manual_trigger":{"enabledWorkflows":[]},"_links":{"self":[{"href":"https:\/\/unstamps.org\/fr\/wp-json\/wp\/v2\/product\/195374","targetHints":{"allow":["GET"]}}],"collection":[{"href":"https:\/\/unstamps.org\/fr\/wp-json\/wp\/v2\/product"}],"about":[{"href":"https:\/\/unstamps.org\/fr\/wp-json\/wp\/v2\/types\/product"}],"replies":[{"embeddable":true,"href":"https:\/\/unstamps.org\/fr\/wp-json\/wp\/v2\/comments?post=195374"}],"wp:featuredmedia":[{"embeddable":true,"href":"https:\/\/unstamps.org\/fr\/wp-json\/wp\/v2\/media\/195608"}],"wp:attachment":[{"href":"https:\/\/unstamps.org\/fr\/wp-json\/wp\/v2\/media?parent=195374"}],"wp:term":[{"taxonomy":"product_brand","embeddable":true,"href":"https:\/\/unstamps.org\/fr\/wp-json\/wp\/v2\/product_brand?post=195374"},{"taxonomy":"product_cat","embeddable":true,"href":"https:\/\/unstamps.org\/fr\/wp-json\/wp\/v2\/product_cat?post=195374"},{"taxonomy":"product_tag","embeddable":true,"href":"https:\/\/unstamps.org\/fr\/wp-json\/wp\/v2\/product_tag?post=195374"}],"curies":[{"name":"wp","href":"https:\/\/api.w.org\/{rel}","templated":true}]}}