{"id":194461,"date":"2025-01-20T10:27:35","date_gmt":"2025-05-22T14:33:20","guid":{"rendered":"https:\/\/unstamps.org\/?post_type=product&#038;p=194461"},"modified":"2026-01-09T11:52:26","modified_gmt":"2026-01-09T16:52:26","slug":"personalized-stamps-2025_fr","status":"publish","type":"product","link":"https:\/\/unstamps.org\/fr\/produit\/personalized-stamps-2025_fr\/","title":{"rendered":"Personalized Stamps 2025"},"content":{"rendered":"<p><strong>Administration postale des Nations Unies<\/strong><\/p>\n<p><strong>&nbsp;<\/strong><\/p>\n<p><strong>Accord sur les conditions d\u2019utilisation<\/strong><\/p>\n<p>Vous trouverez expos\u00e9es ci-dessous les conditions par lesquelles vous acceptez d\u2019\u00eatre li\u00e9 en tant qu\u2019Utilisateur lorsque vous soumettez des images par voie \u00e9lectronique \u00e0 l\u2019Administration postale des Nations Unies (APNU) en vue de commander des Timbres personnalis\u00e9s. Veuillez les lire attentivement avant de passer votre commande.<\/p>\n<p>Veuillez noter que le pr\u00e9sent Accord sur les conditions d\u2019utilisation incorpore par r\u00e9f\u00e9rence les Conditions g\u00e9n\u00e9rales d\u2019utilisation des sites Internet de l\u2019Organisation des Nations Unies (disponibles \u00e0 l\u2019adresse [<a href=\"www.un.org:fr:aboutun:terms\">www.un.org\/fr\/aboutun\/terms<\/a>]) et que toutes les dispositions de celles-ci, sauf dans la mesure o\u00f9 elles sont modifi\u00e9es par le pr\u00e9sent Accord, s\u2019imposent \u00e0 vous lorsque vous utilisez le site Web de l\u2019APNU en vue de commander des Timbres personnalis\u00e9s.<\/p>\n<ol>\n<li><strong>Autorisation d\u2019utiliser l\u2019image<\/strong>. En soumettant votre image ou celle de votre enfant mineur ou d\u2019une personne \u00e0 votre charge, vous autorisez l\u2019ONU \u00e0 la reproduire.<\/li>\n<\/ol>\n<p>Vous acceptez que l\u2019APNU conserve pendant 90 jours, \u00e0 compter de la date \u00e0 laquelle elle a exp\u00e9di\u00e9 votre commande, les informations et l\u2019image que vous lui avez soumises, pour le cas o\u00f9 vous souhaiteriez commander de nouveaux Timbres personnalis\u00e9s portant la m\u00eame image. Pour passer une nouvelle commande, veuillez envoyer un courrier \u00e9lectronique \u00e0 <a href=\"unpanyinquiries@un.org\">unpanyinquiries@un.org<\/a> (pour New&nbsp;York) ou <a href=\"UNPA-Europe@unvienna.org\">UNPA-Europe@unvienna.org<\/a> (pour l\u2019Europe).<\/p>\n<p>L\u2019APNU ne vendra, ne louera ni ne communiquera d\u2019aucune autre mani\u00e8re vos informations personnelles \u00e0 des tiers. Vous ne recevrez d\u2019informations sur les produits et services de l\u2019APNU que si vous y avez express\u00e9ment consenti.<\/p>\n<ol start=\"2\">\n<li><strong>Soumission d\u2019images<\/strong>. Seuls les portraits (visages) de personnes et photographies d\u2019animaux (de compagnie) sont accept\u00e9s sur les Timbres personnalis\u00e9s de l\u2019APNU. Du texte peut \u00eatre int\u00e9gr\u00e9 aux images d\u00e8s lors qu\u2019il est neutre, non offensant et non empreint de propagande. Une image peut contenir jusqu\u2019\u00e0 trois portraits.<\/li>\n<\/ol>\n<ol start=\"3\">\n<li><strong>Garanties de l\u2019Utilisateur<\/strong>. Vous d\u00e9clarez et certifiez avoir le droit d\u2019utiliser, de reproduire, de copier, d\u2019afficher et de diffuser chaque image que vous t\u00e9l\u00e9chargez sur le site Web de l\u2019APNU en vue de commander des Timbres personnalis\u00e9s (\u201cImage soumise\u201d), ainsi que d\u2019autoriser l\u2019APNU \u00e0 utiliser, reproduire, copier, afficher et imprimer cette image, soit que vous en d\u00e9teniez les droits d\u2019auteur, soit que vous ayez l\u2019autorisation du ou des titulaires de ces droits ou de l\u2019autorit\u00e9 concern\u00e9e, notamment du ou des repr\u00e9sentants l\u00e9gaux des mineurs.<\/li>\n<\/ol>\n<p>L\u2019APNU se r\u00e9serve le droit de vous demander une preuve \u00e9crite du droit susmentionn\u00e9. Si vous n\u2019\u00eates pas en mesure d\u2019apporter une telle preuve, elle peut d\u00e9cider, \u00e0 son enti\u00e8re discr\u00e9tion, de ne pas ex\u00e9cuter les commandes auxquelles devait servir l\u2019Image soumise. Elle se r\u00e9serve \u00e9galement le droit de ne pas imprimer vos Timbres personnalis\u00e9s lorsqu\u2019elle juge, \u00e0 son enti\u00e8re discr\u00e9tion, que l\u2019Image soumise est inacceptable, ind\u00e9cente, mals\u00e9ante ou offensante, pour quelque motif que ce soit. En pareil cas, elle restitue l\u2019Image soumise et rembourse tout versement effectu\u00e9, conform\u00e9ment \u00e0 la section 9 ci-dessous (\u201cRemboursement\u201d). En application de la section 8 ci-dessous (\u201cR\u00e9siliation\u201d), elle peut, sans pr\u00e9avis, suspendre ou supprimer le compte d\u2019un Utilisateur qui semble enfreindre les droits de propri\u00e9t\u00e9 intellectuelle d\u2019autrui, et peut prendre les mesures suppl\u00e9mentaires qu\u2019elle juge utiles.<\/p>\n<ol start=\"4\">\n<li><strong>Propri\u00e9t\u00e9 intellectuelle<\/strong>. Tous les droits d\u2019auteur et autres droits de propri\u00e9t\u00e9 intellectuelle sur les Timbres personnalis\u00e9s de l\u2019APNU (\u00e0 l\u2019exception de l\u2019Image soumise) appartiennent \u00e0 l\u2019ONU. Vous ne pouvez rien reproduire de ce sur quoi l\u2019Organisation d\u00e9tient la propri\u00e9t\u00e9 intellectuelle, ni en autoriser la reproduction, sans accord pr\u00e9alable \u00e9crit de l\u2019APNU. Toute demande d\u2019autorisation de reproduction ou d\u2019autre utilisation des \u00e9l\u00e9ments qui figurent sur les Timbres personnalis\u00e9s de l\u2019APNU ou qui ont \u00e9t\u00e9 autrement mis \u00e0 votre disposition sur son site Web doit \u00eatre adress\u00e9e \u00e0 unpanyinquiries@un.org.<\/li>\n<\/ol>\n<p>Sans que cela ne d\u00e9roge \u00e0 ce qui pr\u00e9c\u00e8de, n\u2019en limite la validit\u00e9 ou ne l\u2019affecte de quelque autre mani\u00e8re, vous ne pouvez modifier ni supprimer aucune mention ni aucun symbole concernant les droits d\u2019auteur, ni aucune autre identification ou information que ce soit concernant les auteurs des \u00e9l\u00e9ments qui figurent sur les Timbres personnalis\u00e9s de l\u2019APNU ou qui ont \u00e9t\u00e9 autrement mis \u00e0 votre disposition sur son site Web.<\/p>\n<ol start=\"5\">\n<li><strong>Utilisation des Timbres personnalis\u00e9s<\/strong>. Les Timbres personnalis\u00e9s de l\u2019APNU peuvent servir \u00e0 affranchir des articles postaux exp\u00e9di\u00e9s et oblit\u00e9r\u00e9s par les services de l\u2019APNU \u00e0 New York, Gen\u00e8ve ou Vienne (les timbres des Nations Unies ne peuvent \u00eatre oblit\u00e9r\u00e9s par aucune administration postale nationale), ou ils peuvent \u00eatre collectionn\u00e9s.<\/li>\n<\/ol>\n<ol start=\"6\">\n<li><strong>Clause de non-responsabilit\u00e9; limitation de responsabilit\u00e9<\/strong>. VOUS RECONNAISSEZ ET ACCEPTEZ EXPRESS\u00c9MENT QUE L\u2019UTILISATION QUE VOUS FA\u00ceTES DES TIMBRES PERSONNALIS\u00c9S DE L\u2019APNU, QUELLE QU\u2019ELLE SOIT, EST \u00c0 VOS RISQUES ET P\u00c9RILS.<\/li>\n<\/ol>\n<p>VOUS RECONNAISSEZ ET ACCEPTEZ EN OUTRE QUE LA QUALIT\u00c9 DU PRODUIT FINI D\u00c9PEND DE L\u2019IMAGE SOUMISE ET QUE DES VARIATIONS DE COULEUR, DE QUALIT\u00c9 D\u2019IMAGE ET DE CADRAGE PEUVENT SURVENIR. LES TIMBRES PERSONNALIS\u00c9S DE L\u2019APNU SONT FOURNIS \u201cEN L\u2019\u00c9TAT\u201d, SANS AUCUNE SORTE DE GARANTIE NI EXPRESSE NI IMPLICITE, NOTAMMENT, MAIS NON EXCLUSIVEMENT, SANS GARANTIE DE PROPRI\u00c9T\u00c9 NI GARANTIE IMPLICITE DE QUALIT\u00c9 MARCHANDE, D\u2019UTILIT\u00c9 \u00c0 TELLE OU TELLE FIN OU DE NON-VIOLATION DE DROITS.<\/p>\n<p>TOUT SERA FAIT POUR QUE LES TIMBRES PERSONNALIS\u00c9S SOIENT PRODUITS ET EXP\u00c9DI\u00c9S DANS UN D\u00c9LAI DE 10 JOURS \u00c0 COMPTER DE LA R\u00c9CEPTION DE VOTRE COMMANDE AU CENTRE DE TRAITEMENT, MAIS L\u2019ONU, PLUS PARTICULI\u00c8REMENT L\u2019APNU, NE GARANTIT PAS CE D\u00c9LAI, ET DES RETARDS PEUVENT SURVENIR OCCASIONNELLEMENT. SI VOUS SOUHAITEZ UTILISER LES TIMBRES PERSONNALIS\u00c9S \u00c0 UNE OCCASION PARTICULI\u00c8RE, VEILLEZ \u00c0 PASSER VOTRE COMMANDE SUFFISAMMENT \u00c0 L\u2019AVANCE POUR QU\u2019ELLE PUISSE \u00caTRE EX\u00c9CUT\u00c9E EN TEMPS VOULU.<\/p>\n<p>LES MOTIFS DES TIMBRES SONT SUSCEPTIBLES D\u2019\u00caTRE MODIFI\u00c9S SANS AVIS PR\u00c9ALABLE. LES PRIX PEUVENT VARIER \u00c0 TOUT MOMENT \u00c0 L\u2019ENTI\u00c8RE DISCR\u00c9TION DE L\u2019APNU.<\/p>\n<ol start=\"7\">\n<li><strong>Indemnisation<\/strong>. En vous rendant sur le site Web de l\u2019APNU en vue de commander et d\u2019utiliser des Timbres personnalis\u00e9s, vous acceptez de tenir l\u2019ONU \u00e0 couvert de toute poursuite ou demande d\u2019indemnisation, de tout pr\u00e9judice ou dommage, de toute obligation financi\u00e8re ou d\u00e9pense (y compris de frais d\u2019avocat d\u2019un montant raisonnable) qui pourraient en r\u00e9sulter pour elle, y compris, mais non exclusivement, de toute r\u00e9clamation invoquant la violation de droits de propri\u00e9t\u00e9 intellectuelle, l\u2019utilisation non autoris\u00e9e de l\u2019image ou de la photographie d\u2019une personne ou d\u2019un bien quels qu\u2019ils soient, et\/ou de toute r\u00e9clamation invoquant des faits qui, s\u2019ils \u00e9taient av\u00e9r\u00e9s, constitueraient une violation du pr\u00e9sent Accord de votre part.<\/li>\n<li><strong>R\u00e9siliation<\/strong>. L\u2019APNU peut, \u00e0 tout moment, r\u00e9silier le pr\u00e9sent Accord sur les conditions d\u2019utilisation en vous en informant par \u00e9crit raisonnablement \u00e0 l\u2019avance. Sans que cela ne d\u00e9roge \u00e0 ce qui pr\u00e9c\u00e8de ni n\u2019en limite la validit\u00e9 de quelque mani\u00e8re que ce soit, l\u2019APNU peut r\u00e9silier avec effet imm\u00e9diat le pr\u00e9sent Accord et\/ou vos droits d\u2019utiliser son site Web et les Timbres personnalis\u00e9s en cas de violation de l\u2019Accord de votre part.<\/li>\n<\/ol>\n<ol start=\"9\">\n<li><strong>Remboursement<\/strong>. En cas de r\u00e9siliation du pr\u00e9sent Accord par l\u2019ONU pour un motif autre qu\u2019une violation de celui-ci de votre part, l\u2019APNU vous restitue l\u2019Image soumise et rembourse tout versement effectu\u00e9, dans les 90 jours suivant la notification de sa d\u00e9cision de ne pas ex\u00e9cuter votre commande.<\/li>\n<\/ol>\n<p>En cas de plainte concernant les Timbres personnalis\u00e9s qui ont \u00e9t\u00e9 produits, veuillez envoyer un courrier \u00e9lectronique \u00e0 <a href=\"unpanyinquiries@un.org\">unpanyinquiries@un.org<\/a> (pour New York) ou <a href=\"UNPA-Europe@unvienna.org\">UNPA-Europe@unvienna.org<\/a> (pour l\u2019Europe). Le remboursement n\u2019est possible que a) lorsque les timbres pr\u00e9sentent une anomalie ou sont endommag\u00e9s, b) lorsqu\u2019il est prouv\u00e9 que le dommage a \u00e9t\u00e9 caus\u00e9 avant leur livraison,<br \/>\net c) lorsque la demande en est faite dans les 30 jours suivant la date de livraison. Aucune commande ne sera rembours\u00e9e ni remplac\u00e9e si l\u2019image imprim\u00e9e sur les Timbres personnalis\u00e9s est de mauvaise qualit\u00e9.<\/p>\n<ol start=\"10\">\n<li><strong>R\u00e8glement des litiges<\/strong><\/li>\n<\/ol>\n<p><u>R\u00e8glement \u00e0 l\u2019amiable<\/u>: Les parties au pr\u00e9sent Accord sur les conditions d\u2019utilisation feront de leur mieux pour r\u00e9gler \u00e0 l\u2019amiable tout litige, controverse ou r\u00e9clamation n\u00e9 du pr\u00e9sent Accord ou de sa violation, de sa r\u00e9siliation ou de sa nullit\u00e9. Lorsque les parties souhaitent recourir \u00e0 un r\u00e8glement \u00e0 l\u2019amiable par voie de conciliation, celle-ci se d\u00e9roule conform\u00e9ment au R\u00e8glement de conciliation de la Commission des Nations Unies pour le droit commercial international (\u201cCNUDCI\u201d) en vigueur, ou \u00e0 toute autre proc\u00e9dure convenue entre les parties par \u00e9crit.<\/p>\n<p><u>Arbitrage<\/u>: \u00c0 moins qu\u2019un r\u00e8glement \u00e0 l\u2019amiable n\u2019intervienne conform\u00e9ment au paragraphe ci\u2011dessus dans un d\u00e9lai de soixante (60) jours \u00e0 compter du moment o\u00f9 une partie a re\u00e7u de l\u2019autre une demande \u00e9crite \u00e0 cette fin, tout litige, controverse ou r\u00e9clamation n\u00e9 du pr\u00e9sent Accord ou de sa violation, de sa r\u00e9siliation ou de sa nullit\u00e9 est soumis par l\u2019une ou l\u2019autre partie \u00e0 un arbitrage qui se d\u00e9roule conform\u00e9ment au R\u00e8glement d\u2019arbitrage de la CNUDCI en vigueur. Le tribunal arbitral fonde ses d\u00e9cisions sur les principes g\u00e9n\u00e9raux du droit commercial international. Il est habilit\u00e9 \u00e0 ordonner la restitution ou la destruction de la marchandise ou de tout bien, tangible ou intangible, ou toute information confidentielle communiqu\u00e9e conform\u00e9ment au pr\u00e9sent Accord sur les conditions d\u2019utilisation; la r\u00e9siliation de l\u2019Accord; ou toute autre mesure de protection concernant la marchandise, les services ou tout autre bien, tangible ou intangible, ou toute information confidentielle communiqu\u00e9e conform\u00e9ment au pr\u00e9sent Accord, s\u2019il y a lieu, en vertu des pouvoirs qui lui sont conf\u00e9r\u00e9s par les articles 26 (\u201cMesures provisoires\u201d) et 34 (\u201cForme et effet de la sentence\u201d) du R\u00e8glement d\u2019arbitrage de la CNUDCI. Il n\u2019est pas habilit\u00e9 \u00e0 accorder de dommages-int\u00e9r\u00eats punitifs. En outre, sauf indication contraire expresse dans le pr\u00e9sent Accord sur les conditions d\u2019utilisation, le tribunal arbitral n\u2019est pas habilit\u00e9 \u00e0 accorder d\u2019int\u00e9r\u00eats exc\u00e9dant le taux interbancaire offert \u00e0 Londres (\u201cLIBOR\u201d) en vigueur, et il ne peut accorder que des int\u00e9r\u00eats simples. Les parties sont li\u00e9es par toute sentence arbitrale ainsi rendue, qui r\u00e8gle d\u00e9finitivement tout litige, controverse ou r\u00e9clamation.<\/p>\n<ol start=\"11\">\n<li><strong>Pr\u00e9servation des immunit\u00e9s<\/strong>. Aucune disposition figurant dans le pr\u00e9sent Accord sur les conditions d\u2019utilisation ou s\u2019y rapportant ne peut \u00eatre consid\u00e9r\u00e9e comme une renonciation, expresse ou implicite, aux privil\u00e8ges ou immunit\u00e9s de l\u2019ONU ou de ses organes subsidiaires, ces privil\u00e8ges et immunit\u00e9s \u00e9tant express\u00e9ment r\u00e9serv\u00e9s.<\/li>\n<li><strong>Int\u00e9gralit\u00e9 de l\u2019Accord<\/strong>. Le pr\u00e9sent Accord sur les conditions d\u2019utilisation, les Conditions g\u00e9n\u00e9rales d\u2019utilisation des sites Internet de l\u2019Organisation des Nations Unies et toutes les r\u00e8gles de l\u2019ONU, notamment de l\u2019APNU, r\u00e9gissant votre utilisation du site Web de l\u2019APNU, y compris en ce qui concerne les Timbres personnalis\u00e9s, constituent l\u2019int\u00e9gralit\u00e9 de l\u2019accord entre l\u2019ONU et vous en la mati\u00e8re, et remplacent tout pr\u00e9c\u00e9dent accord \u00e9crit ou oral en la mati\u00e8re.<\/li>\n<\/ol>\n<ol start=\"13\">\n<li><strong>Dispositions diverses<\/strong>. Les intitul\u00e9s des sections du pr\u00e9sent Accord sont donn\u00e9s par souci de commodit\u00e9 et sont sans valeur juridique.<\/li>\n<\/ol>\n<p>Les dispositions des sections 4 (\u201cPropri\u00e9t\u00e9 intellectuelle\u201d), 6 (\u201cClause de non-responsabilit\u00e9; limitation de responsabilit\u00e9\u201d), 7 (\u201cIndemnisation\u201d), 10 (\u201cR\u00e8glement des litiges\u201d), 11 (\u201cPr\u00e9servation des immunit\u00e9s\u201d), 12 (\u201cInt\u00e9gralit\u00e9 de l\u2019Accord\u201d) et 13 (\u201cDispositions diverses\u201d) restent valides en cas de r\u00e9siliation du pr\u00e9sent Accord sur les conditions d\u2019utilisation.<\/p>\n","protected":false},"excerpt":{"rendered":"<p>Administration postale des Nations Unies &nbsp; Accord sur les conditions d\u2019utilisation Vous trouverez expos\u00e9es ci-dessous les conditions par lesquelles vous acceptez d\u2019\u00eatre li\u00e9 en tant qu\u2019Utilisateur lorsque vous soumettez des images par voie \u00e9lectronique \u00e0 l\u2019Administration postale des Nations Unies (APNU) en vue de commander des Timbres personnalis\u00e9s. Veuillez les lire attentivement avant de passer [&hellip;]<\/p>\n","protected":false},"featured_media":28326,"comment_status":"closed","ping_status":"closed","template":"","meta":{"ngg_post_thumbnail":0},"product_brand":[],"product_cat":[2953,162],"product_tag":[],"class_list":{"0":"post-194461","1":"product","2":"type-product","3":"status-publish","4":"has-post-thumbnail","6":"product_cat-2025-fr","7":"product_cat-feuilles-personnalisees","9":"first","10":"instock","11":"shipping-taxable","12":"purchasable","13":"product-type-simple"},"yoast_head":"<!-- This site is optimized with the Yoast SEO plugin v27.3 - https:\/\/yoast.com\/product\/yoast-seo-wordpress\/ -->\n<title>Personalized Stamps 2025 - UN Timbres<\/title>\n<meta name=\"robots\" content=\"index, follow, max-snippet:-1, max-image-preview:large, max-video-preview:-1\" \/>\n<link rel=\"canonical\" href=\"https:\/\/unstamps.org\/fr\/produit\/personalized-stamps-2025_fr\/\" \/>\n<meta property=\"og:locale\" content=\"fr_FR\" \/>\n<meta property=\"og:type\" content=\"article\" \/>\n<meta property=\"og:title\" content=\"Personalized Stamps 2025 - UN Timbres\" \/>\n<meta property=\"og:description\" content=\"Administration postale des Nations Unies &nbsp; Accord sur les conditions d\u2019utilisation Vous trouverez expos\u00e9es ci-dessous les conditions par lesquelles vous acceptez d\u2019\u00eatre li\u00e9 en tant qu\u2019Utilisateur lorsque vous soumettez des images par voie \u00e9lectronique \u00e0 l\u2019Administration postale des Nations Unies (APNU) en vue de commander des Timbres personnalis\u00e9s. Veuillez les lire attentivement avant de passer [&hellip;]\" \/>\n<meta property=\"og:url\" content=\"https:\/\/unstamps.org\/fr\/produit\/personalized-stamps-2025_fr\/\" \/>\n<meta property=\"og:site_name\" content=\"UN Timbres\" \/>\n<meta property=\"article:modified_time\" content=\"2026-01-09T16:52:26+00:00\" \/>\n<meta property=\"og:image\" content=\"https:\/\/unstamps.org\/wp-content\/uploads\/2015\/08\/personalized.png\" \/>\n\t<meta property=\"og:image:width\" content=\"566\" \/>\n\t<meta property=\"og:image:height\" content=\"311\" \/>\n\t<meta property=\"og:image:type\" content=\"image\/png\" \/>\n<meta name=\"twitter:card\" content=\"summary_large_image\" \/>\n<meta name=\"twitter:label1\" content=\"Dur\u00e9e de lecture estim\u00e9e\" \/>\n\t<meta name=\"twitter:data1\" content=\"8 minutes\" \/>\n<script type=\"application\/ld+json\" class=\"yoast-schema-graph\">{\"@context\":\"https:\\\/\\\/schema.org\",\"@graph\":[{\"@type\":\"WebPage\",\"@id\":\"https:\\\/\\\/unstamps.org\\\/fr\\\/produit\\\/personalized-stamps-2025_fr\\\/\",\"url\":\"https:\\\/\\\/unstamps.org\\\/fr\\\/produit\\\/personalized-stamps-2025_fr\\\/\",\"name\":\"Personalized Stamps 2025 - UN Timbres\",\"isPartOf\":{\"@id\":\"https:\\\/\\\/unstamps.org\\\/fr\\\/#website\"},\"primaryImageOfPage\":{\"@id\":\"https:\\\/\\\/unstamps.org\\\/fr\\\/produit\\\/personalized-stamps-2025_fr\\\/#primaryimage\"},\"image\":{\"@id\":\"https:\\\/\\\/unstamps.org\\\/fr\\\/produit\\\/personalized-stamps-2025_fr\\\/#primaryimage\"},\"thumbnailUrl\":\"https:\\\/\\\/unstamps.org\\\/wp-content\\\/uploads\\\/2015\\\/08\\\/personalized.png\",\"datePublished\":\"2025-05-22T14:33:20+00:00\",\"dateModified\":\"2026-01-09T16:52:26+00:00\",\"breadcrumb\":{\"@id\":\"https:\\\/\\\/unstamps.org\\\/fr\\\/produit\\\/personalized-stamps-2025_fr\\\/#breadcrumb\"},\"inLanguage\":\"fr-FR\",\"potentialAction\":[{\"@type\":\"ReadAction\",\"target\":[\"https:\\\/\\\/unstamps.org\\\/fr\\\/produit\\\/personalized-stamps-2025_fr\\\/\"]}]},{\"@type\":\"ImageObject\",\"inLanguage\":\"fr-FR\",\"@id\":\"https:\\\/\\\/unstamps.org\\\/fr\\\/produit\\\/personalized-stamps-2025_fr\\\/#primaryimage\",\"url\":\"https:\\\/\\\/unstamps.org\\\/wp-content\\\/uploads\\\/2015\\\/08\\\/personalized.png\",\"contentUrl\":\"https:\\\/\\\/unstamps.org\\\/wp-content\\\/uploads\\\/2015\\\/08\\\/personalized.png\",\"width\":566,\"height\":311},{\"@type\":\"BreadcrumbList\",\"@id\":\"https:\\\/\\\/unstamps.org\\\/fr\\\/produit\\\/personalized-stamps-2025_fr\\\/#breadcrumb\",\"itemListElement\":[{\"@type\":\"ListItem\",\"position\":1,\"name\":\"Home\",\"item\":\"https:\\\/\\\/unstamps.org\\\/fr\\\/\"},{\"@type\":\"ListItem\",\"position\":2,\"name\":\"Les produits\",\"item\":\"https:\\\/\\\/unstamps.org\\\/fr\\\/les-produits\\\/\"},{\"@type\":\"ListItem\",\"position\":3,\"name\":\"Personalized Stamps 2025\"}]},{\"@type\":\"WebSite\",\"@id\":\"https:\\\/\\\/unstamps.org\\\/fr\\\/#website\",\"url\":\"https:\\\/\\\/unstamps.org\\\/fr\\\/\",\"name\":\"UN Stamps\",\"description\":\"United Nations Stamps\",\"publisher\":{\"@id\":\"https:\\\/\\\/unstamps.org\\\/fr\\\/#organization\"},\"potentialAction\":[{\"@type\":\"SearchAction\",\"target\":{\"@type\":\"EntryPoint\",\"urlTemplate\":\"https:\\\/\\\/unstamps.org\\\/fr\\\/?s={search_term_string}\"},\"query-input\":{\"@type\":\"PropertyValueSpecification\",\"valueRequired\":true,\"valueName\":\"search_term_string\"}}],\"inLanguage\":\"fr-FR\"},{\"@type\":\"Organization\",\"@id\":\"https:\\\/\\\/unstamps.org\\\/fr\\\/#organization\",\"name\":\"UN Stamps\",\"url\":\"https:\\\/\\\/unstamps.org\\\/fr\\\/\",\"logo\":{\"@type\":\"ImageObject\",\"inLanguage\":\"fr-FR\",\"@id\":\"https:\\\/\\\/unstamps.org\\\/fr\\\/#\\\/schema\\\/logo\\\/image\\\/\",\"url\":\"https:\\\/\\\/unstamps.org\\\/wp-content\\\/uploads\\\/2014\\\/01\\\/logo4web.jpg\",\"contentUrl\":\"https:\\\/\\\/unstamps.org\\\/wp-content\\\/uploads\\\/2014\\\/01\\\/logo4web.jpg\",\"width\":2500,\"height\":250,\"caption\":\"UN Stamps\"},\"image\":{\"@id\":\"https:\\\/\\\/unstamps.org\\\/fr\\\/#\\\/schema\\\/logo\\\/image\\\/\"}}]}<\/script>\n<!-- \/ Yoast SEO plugin. -->","yoast_head_json":{"title":"Personalized Stamps 2025 - UN Timbres","robots":{"index":"index","follow":"follow","max-snippet":"max-snippet:-1","max-image-preview":"max-image-preview:large","max-video-preview":"max-video-preview:-1"},"canonical":"https:\/\/unstamps.org\/fr\/produit\/personalized-stamps-2025_fr\/","og_locale":"fr_FR","og_type":"article","og_title":"Personalized Stamps 2025 - UN Timbres","og_description":"Administration postale des Nations Unies &nbsp; Accord sur les conditions d\u2019utilisation Vous trouverez expos\u00e9es ci-dessous les conditions par lesquelles vous acceptez d\u2019\u00eatre li\u00e9 en tant qu\u2019Utilisateur lorsque vous soumettez des images par voie \u00e9lectronique \u00e0 l\u2019Administration postale des Nations Unies (APNU) en vue de commander des Timbres personnalis\u00e9s. Veuillez les lire attentivement avant de passer [&hellip;]","og_url":"https:\/\/unstamps.org\/fr\/produit\/personalized-stamps-2025_fr\/","og_site_name":"UN Timbres","article_modified_time":"2026-01-09T16:52:26+00:00","og_image":[{"width":566,"height":311,"url":"https:\/\/unstamps.org\/wp-content\/uploads\/2015\/08\/personalized.png","type":"image\/png"}],"twitter_card":"summary_large_image","twitter_misc":{"Dur\u00e9e de lecture estim\u00e9e":"8 minutes"},"schema":{"@context":"https:\/\/schema.org","@graph":[{"@type":"WebPage","@id":"https:\/\/unstamps.org\/fr\/produit\/personalized-stamps-2025_fr\/","url":"https:\/\/unstamps.org\/fr\/produit\/personalized-stamps-2025_fr\/","name":"Personalized Stamps 2025 - UN Timbres","isPartOf":{"@id":"https:\/\/unstamps.org\/fr\/#website"},"primaryImageOfPage":{"@id":"https:\/\/unstamps.org\/fr\/produit\/personalized-stamps-2025_fr\/#primaryimage"},"image":{"@id":"https:\/\/unstamps.org\/fr\/produit\/personalized-stamps-2025_fr\/#primaryimage"},"thumbnailUrl":"https:\/\/unstamps.org\/wp-content\/uploads\/2015\/08\/personalized.png","datePublished":"2025-05-22T14:33:20+00:00","dateModified":"2026-01-09T16:52:26+00:00","breadcrumb":{"@id":"https:\/\/unstamps.org\/fr\/produit\/personalized-stamps-2025_fr\/#breadcrumb"},"inLanguage":"fr-FR","potentialAction":[{"@type":"ReadAction","target":["https:\/\/unstamps.org\/fr\/produit\/personalized-stamps-2025_fr\/"]}]},{"@type":"ImageObject","inLanguage":"fr-FR","@id":"https:\/\/unstamps.org\/fr\/produit\/personalized-stamps-2025_fr\/#primaryimage","url":"https:\/\/unstamps.org\/wp-content\/uploads\/2015\/08\/personalized.png","contentUrl":"https:\/\/unstamps.org\/wp-content\/uploads\/2015\/08\/personalized.png","width":566,"height":311},{"@type":"BreadcrumbList","@id":"https:\/\/unstamps.org\/fr\/produit\/personalized-stamps-2025_fr\/#breadcrumb","itemListElement":[{"@type":"ListItem","position":1,"name":"Home","item":"https:\/\/unstamps.org\/fr\/"},{"@type":"ListItem","position":2,"name":"Les produits","item":"https:\/\/unstamps.org\/fr\/les-produits\/"},{"@type":"ListItem","position":3,"name":"Personalized Stamps 2025"}]},{"@type":"WebSite","@id":"https:\/\/unstamps.org\/fr\/#website","url":"https:\/\/unstamps.org\/fr\/","name":"UN Stamps","description":"United Nations Stamps","publisher":{"@id":"https:\/\/unstamps.org\/fr\/#organization"},"potentialAction":[{"@type":"SearchAction","target":{"@type":"EntryPoint","urlTemplate":"https:\/\/unstamps.org\/fr\/?s={search_term_string}"},"query-input":{"@type":"PropertyValueSpecification","valueRequired":true,"valueName":"search_term_string"}}],"inLanguage":"fr-FR"},{"@type":"Organization","@id":"https:\/\/unstamps.org\/fr\/#organization","name":"UN Stamps","url":"https:\/\/unstamps.org\/fr\/","logo":{"@type":"ImageObject","inLanguage":"fr-FR","@id":"https:\/\/unstamps.org\/fr\/#\/schema\/logo\/image\/","url":"https:\/\/unstamps.org\/wp-content\/uploads\/2014\/01\/logo4web.jpg","contentUrl":"https:\/\/unstamps.org\/wp-content\/uploads\/2014\/01\/logo4web.jpg","width":2500,"height":250,"caption":"UN Stamps"},"image":{"@id":"https:\/\/unstamps.org\/fr\/#\/schema\/logo\/image\/"}}]}},"jetpack_sharing_enabled":true,"publishpress_future_action":{"enabled":false,"date":"2026-04-14 09:21:27","action":"change-status","newStatus":"private","terms":[],"taxonomy":"product_cat","extraData":[]},"publishpress_future_workflow_manual_trigger":{"enabledWorkflows":[]},"_links":{"self":[{"href":"https:\/\/unstamps.org\/fr\/wp-json\/wp\/v2\/product\/194461","targetHints":{"allow":["GET"]}}],"collection":[{"href":"https:\/\/unstamps.org\/fr\/wp-json\/wp\/v2\/product"}],"about":[{"href":"https:\/\/unstamps.org\/fr\/wp-json\/wp\/v2\/types\/product"}],"replies":[{"embeddable":true,"href":"https:\/\/unstamps.org\/fr\/wp-json\/wp\/v2\/comments?post=194461"}],"wp:featuredmedia":[{"embeddable":true,"href":"https:\/\/unstamps.org\/fr\/wp-json\/wp\/v2\/media\/28326"}],"wp:attachment":[{"href":"https:\/\/unstamps.org\/fr\/wp-json\/wp\/v2\/media?parent=194461"}],"wp:term":[{"taxonomy":"product_brand","embeddable":true,"href":"https:\/\/unstamps.org\/fr\/wp-json\/wp\/v2\/product_brand?post=194461"},{"taxonomy":"product_cat","embeddable":true,"href":"https:\/\/unstamps.org\/fr\/wp-json\/wp\/v2\/product_cat?post=194461"},{"taxonomy":"product_tag","embeddable":true,"href":"https:\/\/unstamps.org\/fr\/wp-json\/wp\/v2\/product_tag?post=194461"}],"curies":[{"name":"wp","href":"https:\/\/api.w.org\/{rel}","templated":true}]}}